{"id":36156,"date":"2021-02-24T13:30:59","date_gmt":"2021-02-24T11:31:55","guid":{"rendered":"https:\/\/cosmetic.lv\/?post_type=product&#038;p=36156"},"modified":"2021-02-24T13:31:55","modified_gmt":"2021-02-24T11:31:55","slug":"augstas-kvalitates-indijas-aromavielas-satya-sai-baba","status":"publish","type":"product","link":"https:\/\/cosmetic.lv\/lv\/product\/augstas-kvalitates-indijas-aromavielas-satya-sai-baba\/","title":{"rendered":"Augstas kvalit\u0101tes indijas aromavielas Satya Sai Baba"},"content":{"rendered":"<p>\u0160o arom\u0101tisko vielu unik\u0101lais arom\u0101ts uzl\u0101d\u0113 ar optimismu un atjauno v\u0113l\u0113\u0161anos baud\u012bt dz\u012bvi. Augstas kvalit\u0101tes indijas aromavielas no s\u0113rijas Satya Sai Baba izgatavotas p\u0113c tradicion\u0101l\u0101m recept\u0113m, roku darbs. Smar\u017evielas ? t\u0101 ir sena m\u0101ksla savienot dabas produktus ? sve\u0137us un augus, ziedputek\u0161\u0146us un gar\u0161vielas, e\u013c\u013cas un ziedus, lapas un mizu, lai rad\u012btu apbr\u012bnojamus arom\u0101tus. Pat\u012bkamu arom\u0101tu ieelpo\u0161ana iedarbojas nomierino\u0161i, pilda ar dz\u012bves alk\u0101m, atbr\u012bvo no stresa, padara cilv\u0113ku ener\u0123isk\u0101ku un kopum\u0101 veicina atvese\u013co\u0161anos. Nag Champa &#8211; visizplat\u012bt\u0101k\u0101s un bie\u017e\u0101k lietot\u0101s s\u0113rijas Satya Sai Baba aromavielas. Unik\u0101lais Nag Champa arom\u0101ts uzl\u0101d\u0113 ar optimismu un atjauno v\u0113l\u0113\u0161anos baud\u012bt dz\u012bvi, nov\u0113r\u0161 depres\u012bvus st\u0101vok\u013cus. Pal\u012bdz atjaunot dabiskos miega un nomoda bioritmus, nov\u0113r\u0161 bezmiegu vai palielin\u0101tu miegain\u012bbu. Noskaidro apzi\u0146u, paver ce\u013cu person\u012bbas pilnveido\u0161anai, pal\u012bdz apzin\u0101ties pie\u013caut\u0101s k\u013c\u016bdas, pal\u012bdz atrast izeju no nepat\u012bkam\u0101m situ\u0101cij\u0101m. Rekomend\u0113 gar\u012bg\u0101m praks\u0113m, medit\u0101cij\u0101m un jogas nodarb\u012bb\u0101m. Lieliski t\u012bra gaisu sl\u0113gt\u0101s telp\u0101s, labs arom\u0101ts auto salon\u0101 (nov\u0113r\u0161 nepat\u012bkamas smakas, palielina vad\u012bt\u0101ja koncentr\u0113\u0161anos un reakcijas \u0101trumu). K\u0101 lietot: Lai baud\u012btu pat\u012bkamo arom\u0101tu, aizdedziniet aroman\u016bji\u0146as galu, \u013caujiet tai iedegties un tad nop\u016btiet liesmu. N\u016bji\u0146u ievietojiet speci\u0101l\u0101 paliktn\u012b, kur t\u0101 kv\u0113los un izplat\u012bs arom\u0101tu. Vienas n\u016bji\u0146as svars apm\u0113ram 1 grams, t\u0101 kv\u0113lo apm\u0113ram 45 min\u016btes. 15g<\/p>\n","protected":false},"excerpt":{"rendered":"<p>\u0160o arom\u0101tisko vielu unik\u0101lais arom\u0101ts uzl\u0101d\u0113 ar optimismu un atjauno v\u0113l\u0113\u0161anos baud\u012bt dz\u012bvi. Augstas kvalit\u0101tes indijas aromavielas no s\u0113rijas Satya<\/p>\n","protected":false},"featured_media":36154,"template":"","meta":[],"product_brand":[],"product_cat":[2288],"product_tag":[],"class_list":{"0":"post-36156","1":"product","2":"type-product","3":"status-publish","4":"has-post-thumbnail","6":"product_cat-ezoterika-kartis-lv","8":"first","9":"instock","10":"sale","11":"taxable","12":"shipping-taxable","13":"purchasable","14":"product-type-simple"},"yoast_head":"<!-- This site is optimized with the Yoast SEO Premium plugin v27.0 (Yoast SEO v27.0) - https:\/\/yoast.com\/product\/yoast-seo-premium-wordpress\/ -->\n<title>Augstas kvalit\u0101tes indijas aromavielas Satya Sai Baba - cosmetic.lv<\/title>\n<meta name=\"robots\" content=\"index, follow, max-snippet:-1, max-image-preview:large, max-video-preview:-1\" \/>\n<link rel=\"canonical\" href=\"https:\/\/cosmetic.lv\/lv\/product\/augstas-kvalitates-indijas-aromavielas-satya-sai-baba\/\" \/>\n<meta property=\"og:locale\" content=\"lv_LV\" \/>\n<meta property=\"og:type\" content=\"article\" \/>\n<meta property=\"og:title\" content=\"Augstas kvalit\u0101tes indijas aromavielas Satya Sai Baba\" \/>\n<meta property=\"og:description\" content=\"\u0160o arom\u0101tisko vielu unik\u0101lais arom\u0101ts uzl\u0101d\u0113 ar optimismu un atjauno v\u0113l\u0113\u0161anos baud\u012bt dz\u012bvi. Augstas kvalit\u0101tes indijas aromavielas no s\u0113rijas Satya\" \/>\n<meta property=\"og:url\" content=\"https:\/\/cosmetic.lv\/lv\/product\/augstas-kvalitates-indijas-aromavielas-satya-sai-baba\/\" \/>\n<meta property=\"og:site_name\" content=\"cosmetic.lv\" \/>\n<meta property=\"article:publisher\" content=\"https:\/\/www.facebook.com\/cosmetic.lv\/\" \/>\n<meta property=\"og:image\" content=\"https:\/\/cosmetic.lv\/wp-content\/uploads\/2021\/02\/nagchampa.jpg\" \/>\n\t<meta property=\"og:image:width\" content=\"328\" \/>\n\t<meta property=\"og:image:height\" content=\"328\" \/>\n\t<meta property=\"og:image:type\" content=\"image\/jpeg\" \/>\n<meta name=\"twitter:card\" content=\"summary_large_image\" \/>\n<script type=\"application\/ld+json\" class=\"yoast-schema-graph\">{\"@context\":\"https:\/\/schema.org\",\"@graph\":[{\"@type\":\"WebPage\",\"@id\":\"https:\/\/cosmetic.lv\/lv\/product\/augstas-kvalitates-indijas-aromavielas-satya-sai-baba\/\",\"url\":\"https:\/\/cosmetic.lv\/lv\/product\/augstas-kvalitates-indijas-aromavielas-satya-sai-baba\/\",\"name\":\"Augstas kvalit\u0101tes indijas aromavielas Satya Sai Baba - cosmetic.lv\",\"isPartOf\":{\"@id\":\"https:\/\/cosmetic.lv\/lv\/#website\"},\"primaryImageOfPage\":{\"@id\":\"https:\/\/cosmetic.lv\/lv\/product\/augstas-kvalitates-indijas-aromavielas-satya-sai-baba\/#primaryimage\"},\"image\":{\"@id\":\"https:\/\/cosmetic.lv\/lv\/product\/augstas-kvalitates-indijas-aromavielas-satya-sai-baba\/#primaryimage\"},\"thumbnailUrl\":\"https:\/\/cosmetic.lv\/wp-content\/uploads\/2021\/02\/nagchampa.jpg\",\"datePublished\":\"2021-02-24T11:31:55+00:00\",\"breadcrumb\":{\"@id\":\"https:\/\/cosmetic.lv\/lv\/product\/augstas-kvalitates-indijas-aromavielas-satya-sai-baba\/#breadcrumb\"},\"inLanguage\":\"lv-LV\",\"potentialAction\":[{\"@type\":\"ReadAction\",\"target\":[\"https:\/\/cosmetic.lv\/lv\/product\/augstas-kvalitates-indijas-aromavielas-satya-sai-baba\/\"]}]},{\"@type\":\"ImageObject\",\"inLanguage\":\"lv-LV\",\"@id\":\"https:\/\/cosmetic.lv\/lv\/product\/augstas-kvalitates-indijas-aromavielas-satya-sai-baba\/#primaryimage\",\"url\":\"https:\/\/cosmetic.lv\/wp-content\/uploads\/2021\/02\/nagchampa.jpg\",\"contentUrl\":\"https:\/\/cosmetic.lv\/wp-content\/uploads\/2021\/02\/nagchampa.jpg\",\"width\":328,\"height\":328},{\"@type\":\"BreadcrumbList\",\"@id\":\"https:\/\/cosmetic.lv\/lv\/product\/augstas-kvalitates-indijas-aromavielas-satya-sai-baba\/#breadcrumb\",\"itemListElement\":[{\"@type\":\"ListItem\",\"position\":1,\"name\":\"Home\",\"item\":\"https:\/\/cosmetic.lv\/lv\/\"},{\"@type\":\"ListItem\",\"position\":2,\"name\":\"Veikals\",\"item\":\"https:\/\/cosmetic.lv\/lv\/veiklas\/\"},{\"@type\":\"ListItem\",\"position\":3,\"name\":\"Augstas kvalit\u0101tes indijas aromavielas Satya Sai Baba\"}]},{\"@type\":\"WebSite\",\"@id\":\"https:\/\/cosmetic.lv\/lv\/#website\",\"url\":\"https:\/\/cosmetic.lv\/lv\/\",\"name\":\"cosmetic.lv\",\"description\":\"Profesion\u0101la kosm\u0113tika - Maria Galland, Keune, Arkadija, GMT, Guam, Magiray\",\"publisher\":{\"@id\":\"https:\/\/cosmetic.lv\/lv\/#organization\"},\"potentialAction\":[{\"@type\":\"SearchAction\",\"target\":{\"@type\":\"EntryPoint\",\"urlTemplate\":\"https:\/\/cosmetic.lv\/lv\/?s={search_term_string}\"},\"query-input\":{\"@type\":\"PropertyValueSpecification\",\"valueRequired\":true,\"valueName\":\"search_term_string\"}}],\"inLanguage\":\"lv-LV\"},{\"@type\":\"Organization\",\"@id\":\"https:\/\/cosmetic.lv\/lv\/#organization\",\"name\":\"COSMETIC.LV\",\"url\":\"https:\/\/cosmetic.lv\/lv\/\",\"logo\":{\"@type\":\"ImageObject\",\"inLanguage\":\"lv-LV\",\"@id\":\"https:\/\/cosmetic.lv\/lv\/#\/schema\/logo\/image\/\",\"url\":\"https:\/\/cosmetic.lv\/wp-content\/uploads\/2021\/02\/cosmetic.lv_logo.jpg\",\"contentUrl\":\"https:\/\/cosmetic.lv\/wp-content\/uploads\/2021\/02\/cosmetic.lv_logo.jpg\",\"width\":596,\"height\":196,\"caption\":\"COSMETIC.LV\"},\"image\":{\"@id\":\"https:\/\/cosmetic.lv\/lv\/#\/schema\/logo\/image\/\"},\"sameAs\":[\"https:\/\/www.facebook.com\/cosmetic.lv\/\"]}]}<\/script>\n<meta property=\"product:price:amount\" content=\"1.70\" \/>\n<meta property=\"product:price:currency\" content=\"EUR\" \/>\n<meta property=\"og:availability\" content=\"instock\" \/>\n<meta property=\"product:availability\" content=\"instock\" \/>\n<meta property=\"product:retailer_item_id\" content=\"sty1\" \/>\n<meta property=\"product:condition\" content=\"new\" \/>\n<!-- \/ Yoast SEO Premium plugin. -->","yoast_head_json":{"title":"Augstas kvalit\u0101tes indijas aromavielas Satya Sai Baba - cosmetic.lv","robots":{"index":"index","follow":"follow","max-snippet":"max-snippet:-1","max-image-preview":"max-image-preview:large","max-video-preview":"max-video-preview:-1"},"canonical":"https:\/\/cosmetic.lv\/lv\/product\/augstas-kvalitates-indijas-aromavielas-satya-sai-baba\/","og_locale":"lv_LV","og_type":"article","og_title":"Augstas kvalit\u0101tes indijas aromavielas Satya Sai Baba","og_description":"\u0160o arom\u0101tisko vielu unik\u0101lais arom\u0101ts uzl\u0101d\u0113 ar optimismu un atjauno v\u0113l\u0113\u0161anos baud\u012bt dz\u012bvi. Augstas kvalit\u0101tes indijas aromavielas no s\u0113rijas Satya","og_url":"https:\/\/cosmetic.lv\/lv\/product\/augstas-kvalitates-indijas-aromavielas-satya-sai-baba\/","og_site_name":"cosmetic.lv","article_publisher":"https:\/\/www.facebook.com\/cosmetic.lv\/","og_image":[{"width":328,"height":328,"url":"https:\/\/cosmetic.lv\/wp-content\/uploads\/2021\/02\/nagchampa.jpg","type":"image\/jpeg"}],"twitter_card":"summary_large_image","schema":{"@context":"https:\/\/schema.org","@graph":[{"@type":"WebPage","@id":"https:\/\/cosmetic.lv\/lv\/product\/augstas-kvalitates-indijas-aromavielas-satya-sai-baba\/","url":"https:\/\/cosmetic.lv\/lv\/product\/augstas-kvalitates-indijas-aromavielas-satya-sai-baba\/","name":"Augstas kvalit\u0101tes indijas aromavielas Satya Sai Baba - cosmetic.lv","isPartOf":{"@id":"https:\/\/cosmetic.lv\/lv\/#website"},"primaryImageOfPage":{"@id":"https:\/\/cosmetic.lv\/lv\/product\/augstas-kvalitates-indijas-aromavielas-satya-sai-baba\/#primaryimage"},"image":{"@id":"https:\/\/cosmetic.lv\/lv\/product\/augstas-kvalitates-indijas-aromavielas-satya-sai-baba\/#primaryimage"},"thumbnailUrl":"https:\/\/cosmetic.lv\/wp-content\/uploads\/2021\/02\/nagchampa.jpg","datePublished":"2021-02-24T11:31:55+00:00","breadcrumb":{"@id":"https:\/\/cosmetic.lv\/lv\/product\/augstas-kvalitates-indijas-aromavielas-satya-sai-baba\/#breadcrumb"},"inLanguage":"lv-LV","potentialAction":[{"@type":"ReadAction","target":["https:\/\/cosmetic.lv\/lv\/product\/augstas-kvalitates-indijas-aromavielas-satya-sai-baba\/"]}]},{"@type":"ImageObject","inLanguage":"lv-LV","@id":"https:\/\/cosmetic.lv\/lv\/product\/augstas-kvalitates-indijas-aromavielas-satya-sai-baba\/#primaryimage","url":"https:\/\/cosmetic.lv\/wp-content\/uploads\/2021\/02\/nagchampa.jpg","contentUrl":"https:\/\/cosmetic.lv\/wp-content\/uploads\/2021\/02\/nagchampa.jpg","width":328,"height":328},{"@type":"BreadcrumbList","@id":"https:\/\/cosmetic.lv\/lv\/product\/augstas-kvalitates-indijas-aromavielas-satya-sai-baba\/#breadcrumb","itemListElement":[{"@type":"ListItem","position":1,"name":"Home","item":"https:\/\/cosmetic.lv\/lv\/"},{"@type":"ListItem","position":2,"name":"Veikals","item":"https:\/\/cosmetic.lv\/lv\/veiklas\/"},{"@type":"ListItem","position":3,"name":"Augstas kvalit\u0101tes indijas aromavielas Satya Sai Baba"}]},{"@type":"WebSite","@id":"https:\/\/cosmetic.lv\/lv\/#website","url":"https:\/\/cosmetic.lv\/lv\/","name":"cosmetic.lv","description":"Profesion\u0101la kosm\u0113tika - Maria Galland, Keune, Arkadija, GMT, Guam, Magiray","publisher":{"@id":"https:\/\/cosmetic.lv\/lv\/#organization"},"potentialAction":[{"@type":"SearchAction","target":{"@type":"EntryPoint","urlTemplate":"https:\/\/cosmetic.lv\/lv\/?s={search_term_string}"},"query-input":{"@type":"PropertyValueSpecification","valueRequired":true,"valueName":"search_term_string"}}],"inLanguage":"lv-LV"},{"@type":"Organization","@id":"https:\/\/cosmetic.lv\/lv\/#organization","name":"COSMETIC.LV","url":"https:\/\/cosmetic.lv\/lv\/","logo":{"@type":"ImageObject","inLanguage":"lv-LV","@id":"https:\/\/cosmetic.lv\/lv\/#\/schema\/logo\/image\/","url":"https:\/\/cosmetic.lv\/wp-content\/uploads\/2021\/02\/cosmetic.lv_logo.jpg","contentUrl":"https:\/\/cosmetic.lv\/wp-content\/uploads\/2021\/02\/cosmetic.lv_logo.jpg","width":596,"height":196,"caption":"COSMETIC.LV"},"image":{"@id":"https:\/\/cosmetic.lv\/lv\/#\/schema\/logo\/image\/"},"sameAs":["https:\/\/www.facebook.com\/cosmetic.lv\/"]}]},"product_price_amount":"1.70","product_price_currency":"EUR","og_availability":"instock","product_availability":"instock","product_retailer_item_id":"sty1","product_condition":"new"},"_links":{"self":[{"href":"https:\/\/cosmetic.lv\/lv\/wp-json\/wp\/v2\/product\/36156","targetHints":{"allow":["GET"]}}],"collection":[{"href":"https:\/\/cosmetic.lv\/lv\/wp-json\/wp\/v2\/product"}],"about":[{"href":"https:\/\/cosmetic.lv\/lv\/wp-json\/wp\/v2\/types\/product"}],"wp:featuredmedia":[{"embeddable":true,"href":"https:\/\/cosmetic.lv\/lv\/wp-json\/wp\/v2\/media\/36154"}],"wp:attachment":[{"href":"https:\/\/cosmetic.lv\/lv\/wp-json\/wp\/v2\/media?parent=36156"}],"wp:term":[{"taxonomy":"product_brand","embeddable":true,"href":"https:\/\/cosmetic.lv\/lv\/wp-json\/wp\/v2\/product_brand?post=36156"},{"taxonomy":"product_cat","embeddable":true,"href":"https:\/\/cosmetic.lv\/lv\/wp-json\/wp\/v2\/product_cat?post=36156"},{"taxonomy":"product_tag","embeddable":true,"href":"https:\/\/cosmetic.lv\/lv\/wp-json\/wp\/v2\/product_tag?post=36156"}],"curies":[{"name":"wp","href":"https:\/\/api.w.org\/{rel}","templated":true}]}}