{"id":36163,"date":"2021-02-24T13:37:19","date_gmt":"2021-02-24T11:40:18","guid":{"rendered":"https:\/\/cosmetic.lv\/?post_type=product&#038;p=36163"},"modified":"2021-02-24T13:57:16","modified_gmt":"2021-02-24T11:57:16","slug":"augstas-kvalitates-indijas-aromavielas-satya-super-hit","status":"publish","type":"product","link":"https:\/\/cosmetic.lv\/lv\/product\/augstas-kvalitates-indijas-aromavielas-satya-super-hit\/","title":{"rendered":"Augstas kvalit\u0101tes indijas aromavielas SATYA SUPER HIT"},"content":{"rendered":"<table class=\"mceItemTable\" border=\"0\" cellspacing=\"0\" cellpadding=\"2\" align=\"right\">\n<tbody>\n<tr>\n<td>alds un viegls, bet ne salkans arom\u0101ts, pat\u012bk vienm\u0113r un visiem. Augstas kvalit\u0101tes indijas aromavielas no s\u0113rijas Satya Sai Baba izgatavotas p\u0113c tradicion\u0101l\u0101m recept\u0113m, roku darbs. Smar\u017evielas ? t\u0101 ir sena m\u0101klsla savienot dabas produktus ? sve\u0137us un augus, ziedputek\u0161\u0146us un gar\u0161vielas, e\u013c\u013cas un ziedus, lapas un mizu, lai rad\u012btu apbr\u012bnojamus arom\u0101tus. Pat\u012bkamu arom\u0101tu ieelpo\u0161ana iedarbojas nomierino\u0161i, pilda ar dz\u012bves alk\u0101m, atbr\u012bvo no stresa, padara cilv\u0113ku ener\u0123isk\u0101ku un kopum\u0101 veicina atvese\u013co\u0161anos. Nosl\u0113pumainais Satya Super Hit arom\u0101ts ir nedaudz sald\u0101ks nek\u0101 ori\u0123in\u0101lais Nag Champa, bet ne salkans. Arom\u0101ts ir viegls un pat\u012bkams. Sald\u0101 zemes smar\u017ea pie\u0161\u0137ir optimismu, saglab\u0101 emocion\u0101lo l\u012bdzsvaru, t\u012bra un harmoniz\u0113 apk\u0101rt\u0113j\u0101s telpas ener\u0123iju, palielina rado\u0161o potenci\u0101lu, veicina apg\u016bstam\u0101s teorijas un prakses b\u016bt\u012bbas izpratni, t\u0101p\u0113c to iesaka gar\u012bgaj\u0101 praks\u0113, medit\u0101cij\u0101s un jogas nodarb\u012bbu laik\u0101. Lieliski t\u012bra gaisu sl\u0113gt\u0101s telp\u0101s, labs arom\u0101ts auto salon\u0101 (nov\u0113r\u0161 nepat\u012bkamas smakas, palielina vad\u012bt\u0101ja koncentr\u0113\u0161anos un reakcijas \u0101trumu). K\u0101 lietot: Lai baud\u012btu pat\u012bkamo arom\u0101tu, aizdedziniet aroman\u016bji\u0146as galu, \u013caujiet tai iedegties un tad nop\u016btiet liesmu. N\u016bji\u0146u ievietojiet speci\u0101l\u0101 paliktn\u012b, kur t\u0101 kv\u0113los un izplat\u012bs arom\u0101tu. Vienas n\u016bji\u0146as svars apm\u0113ram 1 grams, t\u0101 kv\u0113lo apm\u0113ram 45 min\u016btes. Roku darbs. Ra\u017eot\u0101js: Shrinivas Sugandhalaya, Indija Iepakojums: 15g<\/td>\n<\/tr>\n<\/tbody>\n<\/table>\n<p><img loading=\"lazy\" decoding=\"async\" src=\"http:\/\/old.cosmetic.lv\/admin\/images\/pixel_trans.gif\" width=\"1\" height=\"10\" border=\"0\" \/><\/p>\n","protected":false},"excerpt":{"rendered":"<p>alds un viegls, bet ne salkans arom\u0101ts, pat\u012bk vienm\u0113r un visiem. Augstas kvalit\u0101tes indijas aromavielas no s\u0113rijas Satya Sai Baba<\/p>\n","protected":false},"featured_media":36165,"template":"","meta":[],"product_brand":[],"product_cat":[2288],"product_tag":[],"class_list":{"0":"post-36163","1":"product","2":"type-product","3":"status-publish","4":"has-post-thumbnail","6":"product_cat-ezoterika-kartis-lv","8":"first","9":"instock","10":"sale","11":"taxable","12":"shipping-taxable","13":"purchasable","14":"product-type-simple"},"yoast_head":"<!-- This site is optimized with the Yoast SEO Premium plugin v27.0 (Yoast SEO v27.0) - https:\/\/yoast.com\/product\/yoast-seo-premium-wordpress\/ -->\n<title>Augstas kvalit\u0101tes indijas aromavielas SATYA SUPER HIT - cosmetic.lv<\/title>\n<meta name=\"robots\" content=\"index, follow, max-snippet:-1, max-image-preview:large, max-video-preview:-1\" \/>\n<link rel=\"canonical\" href=\"https:\/\/cosmetic.lv\/lv\/product\/augstas-kvalitates-indijas-aromavielas-satya-super-hit\/\" \/>\n<meta property=\"og:locale\" content=\"lv_LV\" \/>\n<meta property=\"og:type\" content=\"article\" \/>\n<meta property=\"og:title\" content=\"Augstas kvalit\u0101tes indijas aromavielas SATYA SUPER HIT\" \/>\n<meta property=\"og:description\" content=\"alds un viegls, bet ne salkans arom\u0101ts, pat\u012bk vienm\u0113r un visiem. Augstas kvalit\u0101tes indijas aromavielas no s\u0113rijas Satya Sai Baba\" \/>\n<meta property=\"og:url\" content=\"https:\/\/cosmetic.lv\/lv\/product\/augstas-kvalitates-indijas-aromavielas-satya-super-hit\/\" \/>\n<meta property=\"og:site_name\" content=\"cosmetic.lv\" \/>\n<meta property=\"article:publisher\" content=\"https:\/\/www.facebook.com\/cosmetic.lv\/\" \/>\n<meta property=\"article:modified_time\" content=\"2021-02-24T11:57:16+00:00\" \/>\n<meta property=\"og:image\" content=\"https:\/\/cosmetic.lv\/wp-content\/uploads\/2021\/02\/satya.jpg\" \/>\n\t<meta property=\"og:image:width\" content=\"293\" \/>\n\t<meta property=\"og:image:height\" content=\"293\" \/>\n\t<meta property=\"og:image:type\" content=\"image\/jpeg\" \/>\n<meta name=\"twitter:card\" content=\"summary_large_image\" \/>\n<script type=\"application\/ld+json\" class=\"yoast-schema-graph\">{\"@context\":\"https:\/\/schema.org\",\"@graph\":[{\"@type\":\"WebPage\",\"@id\":\"https:\/\/cosmetic.lv\/lv\/product\/augstas-kvalitates-indijas-aromavielas-satya-super-hit\/\",\"url\":\"https:\/\/cosmetic.lv\/lv\/product\/augstas-kvalitates-indijas-aromavielas-satya-super-hit\/\",\"name\":\"Augstas kvalit\u0101tes indijas aromavielas SATYA SUPER HIT - cosmetic.lv\",\"isPartOf\":{\"@id\":\"https:\/\/cosmetic.lv\/lv\/#website\"},\"primaryImageOfPage\":{\"@id\":\"https:\/\/cosmetic.lv\/lv\/product\/augstas-kvalitates-indijas-aromavielas-satya-super-hit\/#primaryimage\"},\"image\":{\"@id\":\"https:\/\/cosmetic.lv\/lv\/product\/augstas-kvalitates-indijas-aromavielas-satya-super-hit\/#primaryimage\"},\"thumbnailUrl\":\"https:\/\/cosmetic.lv\/wp-content\/uploads\/2021\/02\/satya.jpg\",\"datePublished\":\"2021-02-24T11:40:18+00:00\",\"dateModified\":\"2021-02-24T11:57:16+00:00\",\"breadcrumb\":{\"@id\":\"https:\/\/cosmetic.lv\/lv\/product\/augstas-kvalitates-indijas-aromavielas-satya-super-hit\/#breadcrumb\"},\"inLanguage\":\"lv-LV\",\"potentialAction\":[{\"@type\":\"ReadAction\",\"target\":[\"https:\/\/cosmetic.lv\/lv\/product\/augstas-kvalitates-indijas-aromavielas-satya-super-hit\/\"]}]},{\"@type\":\"ImageObject\",\"inLanguage\":\"lv-LV\",\"@id\":\"https:\/\/cosmetic.lv\/lv\/product\/augstas-kvalitates-indijas-aromavielas-satya-super-hit\/#primaryimage\",\"url\":\"https:\/\/cosmetic.lv\/wp-content\/uploads\/2021\/02\/satya.jpg\",\"contentUrl\":\"https:\/\/cosmetic.lv\/wp-content\/uploads\/2021\/02\/satya.jpg\",\"width\":293,\"height\":293},{\"@type\":\"BreadcrumbList\",\"@id\":\"https:\/\/cosmetic.lv\/lv\/product\/augstas-kvalitates-indijas-aromavielas-satya-super-hit\/#breadcrumb\",\"itemListElement\":[{\"@type\":\"ListItem\",\"position\":1,\"name\":\"Home\",\"item\":\"https:\/\/cosmetic.lv\/lv\/\"},{\"@type\":\"ListItem\",\"position\":2,\"name\":\"Veikals\",\"item\":\"https:\/\/cosmetic.lv\/lv\/veiklas\/\"},{\"@type\":\"ListItem\",\"position\":3,\"name\":\"Augstas kvalit\u0101tes indijas aromavielas SATYA SUPER HIT\"}]},{\"@type\":\"WebSite\",\"@id\":\"https:\/\/cosmetic.lv\/lv\/#website\",\"url\":\"https:\/\/cosmetic.lv\/lv\/\",\"name\":\"cosmetic.lv\",\"description\":\"Profesion\u0101la kosm\u0113tika - Maria Galland, Keune, Arkadija, GMT, Guam, Magiray\",\"publisher\":{\"@id\":\"https:\/\/cosmetic.lv\/lv\/#organization\"},\"potentialAction\":[{\"@type\":\"SearchAction\",\"target\":{\"@type\":\"EntryPoint\",\"urlTemplate\":\"https:\/\/cosmetic.lv\/lv\/?s={search_term_string}\"},\"query-input\":{\"@type\":\"PropertyValueSpecification\",\"valueRequired\":true,\"valueName\":\"search_term_string\"}}],\"inLanguage\":\"lv-LV\"},{\"@type\":\"Organization\",\"@id\":\"https:\/\/cosmetic.lv\/lv\/#organization\",\"name\":\"COSMETIC.LV\",\"url\":\"https:\/\/cosmetic.lv\/lv\/\",\"logo\":{\"@type\":\"ImageObject\",\"inLanguage\":\"lv-LV\",\"@id\":\"https:\/\/cosmetic.lv\/lv\/#\/schema\/logo\/image\/\",\"url\":\"https:\/\/cosmetic.lv\/wp-content\/uploads\/2021\/02\/cosmetic.lv_logo.jpg\",\"contentUrl\":\"https:\/\/cosmetic.lv\/wp-content\/uploads\/2021\/02\/cosmetic.lv_logo.jpg\",\"width\":596,\"height\":196,\"caption\":\"COSMETIC.LV\"},\"image\":{\"@id\":\"https:\/\/cosmetic.lv\/lv\/#\/schema\/logo\/image\/\"},\"sameAs\":[\"https:\/\/www.facebook.com\/cosmetic.lv\/\"]}]}<\/script>\n<meta property=\"product:price:amount\" content=\"1.70\" \/>\n<meta property=\"product:price:currency\" content=\"EUR\" \/>\n<meta property=\"og:availability\" content=\"instock\" \/>\n<meta property=\"product:availability\" content=\"instock\" \/>\n<meta property=\"product:retailer_item_id\" content=\"suy2\" \/>\n<meta property=\"product:condition\" content=\"new\" \/>\n<!-- \/ Yoast SEO Premium plugin. -->","yoast_head_json":{"title":"Augstas kvalit\u0101tes indijas aromavielas SATYA SUPER HIT - cosmetic.lv","robots":{"index":"index","follow":"follow","max-snippet":"max-snippet:-1","max-image-preview":"max-image-preview:large","max-video-preview":"max-video-preview:-1"},"canonical":"https:\/\/cosmetic.lv\/lv\/product\/augstas-kvalitates-indijas-aromavielas-satya-super-hit\/","og_locale":"lv_LV","og_type":"article","og_title":"Augstas kvalit\u0101tes indijas aromavielas SATYA SUPER HIT","og_description":"alds un viegls, bet ne salkans arom\u0101ts, pat\u012bk vienm\u0113r un visiem. Augstas kvalit\u0101tes indijas aromavielas no s\u0113rijas Satya Sai Baba","og_url":"https:\/\/cosmetic.lv\/lv\/product\/augstas-kvalitates-indijas-aromavielas-satya-super-hit\/","og_site_name":"cosmetic.lv","article_publisher":"https:\/\/www.facebook.com\/cosmetic.lv\/","article_modified_time":"2021-02-24T11:57:16+00:00","og_image":[{"width":293,"height":293,"url":"https:\/\/cosmetic.lv\/wp-content\/uploads\/2021\/02\/satya.jpg","type":"image\/jpeg"}],"twitter_card":"summary_large_image","schema":{"@context":"https:\/\/schema.org","@graph":[{"@type":"WebPage","@id":"https:\/\/cosmetic.lv\/lv\/product\/augstas-kvalitates-indijas-aromavielas-satya-super-hit\/","url":"https:\/\/cosmetic.lv\/lv\/product\/augstas-kvalitates-indijas-aromavielas-satya-super-hit\/","name":"Augstas kvalit\u0101tes indijas aromavielas SATYA SUPER HIT - cosmetic.lv","isPartOf":{"@id":"https:\/\/cosmetic.lv\/lv\/#website"},"primaryImageOfPage":{"@id":"https:\/\/cosmetic.lv\/lv\/product\/augstas-kvalitates-indijas-aromavielas-satya-super-hit\/#primaryimage"},"image":{"@id":"https:\/\/cosmetic.lv\/lv\/product\/augstas-kvalitates-indijas-aromavielas-satya-super-hit\/#primaryimage"},"thumbnailUrl":"https:\/\/cosmetic.lv\/wp-content\/uploads\/2021\/02\/satya.jpg","datePublished":"2021-02-24T11:40:18+00:00","dateModified":"2021-02-24T11:57:16+00:00","breadcrumb":{"@id":"https:\/\/cosmetic.lv\/lv\/product\/augstas-kvalitates-indijas-aromavielas-satya-super-hit\/#breadcrumb"},"inLanguage":"lv-LV","potentialAction":[{"@type":"ReadAction","target":["https:\/\/cosmetic.lv\/lv\/product\/augstas-kvalitates-indijas-aromavielas-satya-super-hit\/"]}]},{"@type":"ImageObject","inLanguage":"lv-LV","@id":"https:\/\/cosmetic.lv\/lv\/product\/augstas-kvalitates-indijas-aromavielas-satya-super-hit\/#primaryimage","url":"https:\/\/cosmetic.lv\/wp-content\/uploads\/2021\/02\/satya.jpg","contentUrl":"https:\/\/cosmetic.lv\/wp-content\/uploads\/2021\/02\/satya.jpg","width":293,"height":293},{"@type":"BreadcrumbList","@id":"https:\/\/cosmetic.lv\/lv\/product\/augstas-kvalitates-indijas-aromavielas-satya-super-hit\/#breadcrumb","itemListElement":[{"@type":"ListItem","position":1,"name":"Home","item":"https:\/\/cosmetic.lv\/lv\/"},{"@type":"ListItem","position":2,"name":"Veikals","item":"https:\/\/cosmetic.lv\/lv\/veiklas\/"},{"@type":"ListItem","position":3,"name":"Augstas kvalit\u0101tes indijas aromavielas SATYA SUPER HIT"}]},{"@type":"WebSite","@id":"https:\/\/cosmetic.lv\/lv\/#website","url":"https:\/\/cosmetic.lv\/lv\/","name":"cosmetic.lv","description":"Profesion\u0101la kosm\u0113tika - Maria Galland, Keune, Arkadija, GMT, Guam, Magiray","publisher":{"@id":"https:\/\/cosmetic.lv\/lv\/#organization"},"potentialAction":[{"@type":"SearchAction","target":{"@type":"EntryPoint","urlTemplate":"https:\/\/cosmetic.lv\/lv\/?s={search_term_string}"},"query-input":{"@type":"PropertyValueSpecification","valueRequired":true,"valueName":"search_term_string"}}],"inLanguage":"lv-LV"},{"@type":"Organization","@id":"https:\/\/cosmetic.lv\/lv\/#organization","name":"COSMETIC.LV","url":"https:\/\/cosmetic.lv\/lv\/","logo":{"@type":"ImageObject","inLanguage":"lv-LV","@id":"https:\/\/cosmetic.lv\/lv\/#\/schema\/logo\/image\/","url":"https:\/\/cosmetic.lv\/wp-content\/uploads\/2021\/02\/cosmetic.lv_logo.jpg","contentUrl":"https:\/\/cosmetic.lv\/wp-content\/uploads\/2021\/02\/cosmetic.lv_logo.jpg","width":596,"height":196,"caption":"COSMETIC.LV"},"image":{"@id":"https:\/\/cosmetic.lv\/lv\/#\/schema\/logo\/image\/"},"sameAs":["https:\/\/www.facebook.com\/cosmetic.lv\/"]}]},"product_price_amount":"1.70","product_price_currency":"EUR","og_availability":"instock","product_availability":"instock","product_retailer_item_id":"suy2","product_condition":"new"},"_links":{"self":[{"href":"https:\/\/cosmetic.lv\/lv\/wp-json\/wp\/v2\/product\/36163","targetHints":{"allow":["GET"]}}],"collection":[{"href":"https:\/\/cosmetic.lv\/lv\/wp-json\/wp\/v2\/product"}],"about":[{"href":"https:\/\/cosmetic.lv\/lv\/wp-json\/wp\/v2\/types\/product"}],"wp:featuredmedia":[{"embeddable":true,"href":"https:\/\/cosmetic.lv\/lv\/wp-json\/wp\/v2\/media\/36165"}],"wp:attachment":[{"href":"https:\/\/cosmetic.lv\/lv\/wp-json\/wp\/v2\/media?parent=36163"}],"wp:term":[{"taxonomy":"product_brand","embeddable":true,"href":"https:\/\/cosmetic.lv\/lv\/wp-json\/wp\/v2\/product_brand?post=36163"},{"taxonomy":"product_cat","embeddable":true,"href":"https:\/\/cosmetic.lv\/lv\/wp-json\/wp\/v2\/product_cat?post=36163"},{"taxonomy":"product_tag","embeddable":true,"href":"https:\/\/cosmetic.lv\/lv\/wp-json\/wp\/v2\/product_tag?post=36163"}],"curies":[{"name":"wp","href":"https:\/\/api.w.org\/{rel}","templated":true}]}}