{"id":36322,"date":"2021-02-27T12:45:45","date_gmt":"2021-02-27T10:46:49","guid":{"rendered":"https:\/\/cosmetic.lv\/?post_type=product&#038;p=36322"},"modified":"2021-02-27T13:24:47","modified_gmt":"2021-02-27T11:24:47","slug":"polarizetas-nakts-redzamibas-brilles-automasinu-vadisanai-uv400-2","status":"publish","type":"product","link":"https:\/\/cosmetic.lv\/lv\/product\/polarizetas-nakts-redzamibas-brilles-automasinu-vadisanai-uv400-2\/","title":{"rendered":"Polariz\u0113tas nakts redzam\u012bbas brilles automa\u0161\u012bnu vad\u012b\u0161anai UV400"},"content":{"rendered":"<p>Polariz\u0113tas nakts redzam\u012bbas brilles automa\u0161\u012bnu vad\u012b\u0161anai<br \/>\nSpogu\u013ca brilles<br \/>\nDzelten\u0101 l\u0113ca pret ap\u017eilbino\u0161as<br \/>\nsaulesbrilles<\/p>\n","protected":false},"excerpt":{"rendered":"<p>Polariz\u0113tas nakts redzam\u012bbas brilles automa\u0161\u012bnu vad\u012b\u0161anai Spogu\u013ca brilles Dzelten\u0101 l\u0113ca pret ap\u017eilbino\u0161as saulesbrilles<\/p>\n","protected":false},"featured_media":36321,"template":"","meta":[],"product_brand":[],"product_cat":[2231,2232],"product_tag":[],"class_list":{"0":"post-36322","1":"product","2":"type-product","3":"status-publish","4":"has-post-thumbnail","6":"product_cat-atveselojosas-preces-lv","7":"product_cat-sejai-galvai-lv","9":"first","10":"instock","11":"sale","12":"taxable","13":"shipping-taxable","14":"purchasable","15":"product-type-simple"},"yoast_head":"<!-- This site is optimized with the Yoast SEO Premium plugin v27.0 (Yoast SEO v27.0) - https:\/\/yoast.com\/product\/yoast-seo-premium-wordpress\/ -->\n<title>Polariz\u0113tas nakts redzam\u012bbas brilles automa\u0161\u012bnu vad\u012b\u0161anai UV400 - cosmetic.lv<\/title>\n<meta name=\"robots\" content=\"index, follow, max-snippet:-1, max-image-preview:large, max-video-preview:-1\" \/>\n<link rel=\"canonical\" href=\"https:\/\/cosmetic.lv\/lv\/product\/polarizetas-nakts-redzamibas-brilles-automasinu-vadisanai-uv400-2\/\" \/>\n<meta property=\"og:locale\" content=\"lv_LV\" \/>\n<meta property=\"og:type\" content=\"article\" \/>\n<meta property=\"og:title\" content=\"Polariz\u0113tas nakts redzam\u012bbas brilles automa\u0161\u012bnu vad\u012b\u0161anai UV400\" \/>\n<meta property=\"og:description\" content=\"Polariz\u0113tas nakts redzam\u012bbas brilles automa\u0161\u012bnu vad\u012b\u0161anai Spogu\u013ca brilles Dzelten\u0101 l\u0113ca pret ap\u017eilbino\u0161as saulesbrilles\" \/>\n<meta property=\"og:url\" content=\"https:\/\/cosmetic.lv\/lv\/product\/polarizetas-nakts-redzamibas-brilles-automasinu-vadisanai-uv400-2\/\" \/>\n<meta property=\"og:site_name\" content=\"cosmetic.lv\" \/>\n<meta property=\"article:publisher\" content=\"https:\/\/www.facebook.com\/cosmetic.lv\/\" \/>\n<meta property=\"article:modified_time\" content=\"2021-02-27T11:24:47+00:00\" \/>\n<meta property=\"og:image\" content=\"https:\/\/cosmetic.lv\/wp-content\/uploads\/2021\/02\/uv400_birelles.jpeg\" \/>\n\t<meta property=\"og:image:width\" content=\"599\" \/>\n\t<meta property=\"og:image:height\" content=\"603\" \/>\n\t<meta property=\"og:image:type\" content=\"image\/jpeg\" \/>\n<meta name=\"twitter:card\" content=\"summary_large_image\" \/>\n<script type=\"application\/ld+json\" class=\"yoast-schema-graph\">{\"@context\":\"https:\/\/schema.org\",\"@graph\":[{\"@type\":\"WebPage\",\"@id\":\"https:\/\/cosmetic.lv\/lv\/product\/polarizetas-nakts-redzamibas-brilles-automasinu-vadisanai-uv400-2\/\",\"url\":\"https:\/\/cosmetic.lv\/lv\/product\/polarizetas-nakts-redzamibas-brilles-automasinu-vadisanai-uv400-2\/\",\"name\":\"Polariz\u0113tas nakts redzam\u012bbas brilles automa\u0161\u012bnu vad\u012b\u0161anai UV400 - cosmetic.lv\",\"isPartOf\":{\"@id\":\"https:\/\/cosmetic.lv\/lv\/#website\"},\"primaryImageOfPage\":{\"@id\":\"https:\/\/cosmetic.lv\/lv\/product\/polarizetas-nakts-redzamibas-brilles-automasinu-vadisanai-uv400-2\/#primaryimage\"},\"image\":{\"@id\":\"https:\/\/cosmetic.lv\/lv\/product\/polarizetas-nakts-redzamibas-brilles-automasinu-vadisanai-uv400-2\/#primaryimage\"},\"thumbnailUrl\":\"https:\/\/cosmetic.lv\/wp-content\/uploads\/2021\/02\/uv400_birelles.jpeg\",\"datePublished\":\"2021-02-27T10:46:49+00:00\",\"dateModified\":\"2021-02-27T11:24:47+00:00\",\"breadcrumb\":{\"@id\":\"https:\/\/cosmetic.lv\/lv\/product\/polarizetas-nakts-redzamibas-brilles-automasinu-vadisanai-uv400-2\/#breadcrumb\"},\"inLanguage\":\"lv-LV\",\"potentialAction\":[{\"@type\":\"ReadAction\",\"target\":[\"https:\/\/cosmetic.lv\/lv\/product\/polarizetas-nakts-redzamibas-brilles-automasinu-vadisanai-uv400-2\/\"]}]},{\"@type\":\"ImageObject\",\"inLanguage\":\"lv-LV\",\"@id\":\"https:\/\/cosmetic.lv\/lv\/product\/polarizetas-nakts-redzamibas-brilles-automasinu-vadisanai-uv400-2\/#primaryimage\",\"url\":\"https:\/\/cosmetic.lv\/wp-content\/uploads\/2021\/02\/uv400_birelles.jpeg\",\"contentUrl\":\"https:\/\/cosmetic.lv\/wp-content\/uploads\/2021\/02\/uv400_birelles.jpeg\",\"width\":599,\"height\":603,\"caption\":\"uv400\"},{\"@type\":\"BreadcrumbList\",\"@id\":\"https:\/\/cosmetic.lv\/lv\/product\/polarizetas-nakts-redzamibas-brilles-automasinu-vadisanai-uv400-2\/#breadcrumb\",\"itemListElement\":[{\"@type\":\"ListItem\",\"position\":1,\"name\":\"Home\",\"item\":\"https:\/\/cosmetic.lv\/lv\/\"},{\"@type\":\"ListItem\",\"position\":2,\"name\":\"Veikals\",\"item\":\"https:\/\/cosmetic.lv\/lv\/veiklas\/\"},{\"@type\":\"ListItem\",\"position\":3,\"name\":\"Polariz\u0113tas nakts redzam\u012bbas brilles automa\u0161\u012bnu vad\u012b\u0161anai UV400\"}]},{\"@type\":\"WebSite\",\"@id\":\"https:\/\/cosmetic.lv\/lv\/#website\",\"url\":\"https:\/\/cosmetic.lv\/lv\/\",\"name\":\"cosmetic.lv\",\"description\":\"Profesion\u0101la kosm\u0113tika - Maria Galland, Keune, Arkadija, GMT, Guam, Magiray\",\"publisher\":{\"@id\":\"https:\/\/cosmetic.lv\/lv\/#organization\"},\"potentialAction\":[{\"@type\":\"SearchAction\",\"target\":{\"@type\":\"EntryPoint\",\"urlTemplate\":\"https:\/\/cosmetic.lv\/lv\/?s={search_term_string}\"},\"query-input\":{\"@type\":\"PropertyValueSpecification\",\"valueRequired\":true,\"valueName\":\"search_term_string\"}}],\"inLanguage\":\"lv-LV\"},{\"@type\":\"Organization\",\"@id\":\"https:\/\/cosmetic.lv\/lv\/#organization\",\"name\":\"COSMETIC.LV\",\"url\":\"https:\/\/cosmetic.lv\/lv\/\",\"logo\":{\"@type\":\"ImageObject\",\"inLanguage\":\"lv-LV\",\"@id\":\"https:\/\/cosmetic.lv\/lv\/#\/schema\/logo\/image\/\",\"url\":\"https:\/\/cosmetic.lv\/wp-content\/uploads\/2021\/02\/cosmetic.lv_logo.jpg\",\"contentUrl\":\"https:\/\/cosmetic.lv\/wp-content\/uploads\/2021\/02\/cosmetic.lv_logo.jpg\",\"width\":596,\"height\":196,\"caption\":\"COSMETIC.LV\"},\"image\":{\"@id\":\"https:\/\/cosmetic.lv\/lv\/#\/schema\/logo\/image\/\"},\"sameAs\":[\"https:\/\/www.facebook.com\/cosmetic.lv\/\"]}]}<\/script>\n<meta property=\"product:price:amount\" content=\"9.50\" \/>\n<meta property=\"product:price:currency\" content=\"EUR\" \/>\n<meta property=\"og:availability\" content=\"instock\" \/>\n<meta property=\"product:availability\" content=\"instock\" \/>\n<meta property=\"product:retailer_item_id\" content=\"polizbrill\" \/>\n<meta property=\"product:condition\" content=\"new\" \/>\n<!-- \/ Yoast SEO Premium plugin. -->","yoast_head_json":{"title":"Polariz\u0113tas nakts redzam\u012bbas brilles automa\u0161\u012bnu vad\u012b\u0161anai UV400 - cosmetic.lv","robots":{"index":"index","follow":"follow","max-snippet":"max-snippet:-1","max-image-preview":"max-image-preview:large","max-video-preview":"max-video-preview:-1"},"canonical":"https:\/\/cosmetic.lv\/lv\/product\/polarizetas-nakts-redzamibas-brilles-automasinu-vadisanai-uv400-2\/","og_locale":"lv_LV","og_type":"article","og_title":"Polariz\u0113tas nakts redzam\u012bbas brilles automa\u0161\u012bnu vad\u012b\u0161anai UV400","og_description":"Polariz\u0113tas nakts redzam\u012bbas brilles automa\u0161\u012bnu vad\u012b\u0161anai Spogu\u013ca brilles Dzelten\u0101 l\u0113ca pret ap\u017eilbino\u0161as saulesbrilles","og_url":"https:\/\/cosmetic.lv\/lv\/product\/polarizetas-nakts-redzamibas-brilles-automasinu-vadisanai-uv400-2\/","og_site_name":"cosmetic.lv","article_publisher":"https:\/\/www.facebook.com\/cosmetic.lv\/","article_modified_time":"2021-02-27T11:24:47+00:00","og_image":[{"width":599,"height":603,"url":"https:\/\/cosmetic.lv\/wp-content\/uploads\/2021\/02\/uv400_birelles.jpeg","type":"image\/jpeg"}],"twitter_card":"summary_large_image","schema":{"@context":"https:\/\/schema.org","@graph":[{"@type":"WebPage","@id":"https:\/\/cosmetic.lv\/lv\/product\/polarizetas-nakts-redzamibas-brilles-automasinu-vadisanai-uv400-2\/","url":"https:\/\/cosmetic.lv\/lv\/product\/polarizetas-nakts-redzamibas-brilles-automasinu-vadisanai-uv400-2\/","name":"Polariz\u0113tas nakts redzam\u012bbas brilles automa\u0161\u012bnu vad\u012b\u0161anai UV400 - cosmetic.lv","isPartOf":{"@id":"https:\/\/cosmetic.lv\/lv\/#website"},"primaryImageOfPage":{"@id":"https:\/\/cosmetic.lv\/lv\/product\/polarizetas-nakts-redzamibas-brilles-automasinu-vadisanai-uv400-2\/#primaryimage"},"image":{"@id":"https:\/\/cosmetic.lv\/lv\/product\/polarizetas-nakts-redzamibas-brilles-automasinu-vadisanai-uv400-2\/#primaryimage"},"thumbnailUrl":"https:\/\/cosmetic.lv\/wp-content\/uploads\/2021\/02\/uv400_birelles.jpeg","datePublished":"2021-02-27T10:46:49+00:00","dateModified":"2021-02-27T11:24:47+00:00","breadcrumb":{"@id":"https:\/\/cosmetic.lv\/lv\/product\/polarizetas-nakts-redzamibas-brilles-automasinu-vadisanai-uv400-2\/#breadcrumb"},"inLanguage":"lv-LV","potentialAction":[{"@type":"ReadAction","target":["https:\/\/cosmetic.lv\/lv\/product\/polarizetas-nakts-redzamibas-brilles-automasinu-vadisanai-uv400-2\/"]}]},{"@type":"ImageObject","inLanguage":"lv-LV","@id":"https:\/\/cosmetic.lv\/lv\/product\/polarizetas-nakts-redzamibas-brilles-automasinu-vadisanai-uv400-2\/#primaryimage","url":"https:\/\/cosmetic.lv\/wp-content\/uploads\/2021\/02\/uv400_birelles.jpeg","contentUrl":"https:\/\/cosmetic.lv\/wp-content\/uploads\/2021\/02\/uv400_birelles.jpeg","width":599,"height":603,"caption":"uv400"},{"@type":"BreadcrumbList","@id":"https:\/\/cosmetic.lv\/lv\/product\/polarizetas-nakts-redzamibas-brilles-automasinu-vadisanai-uv400-2\/#breadcrumb","itemListElement":[{"@type":"ListItem","position":1,"name":"Home","item":"https:\/\/cosmetic.lv\/lv\/"},{"@type":"ListItem","position":2,"name":"Veikals","item":"https:\/\/cosmetic.lv\/lv\/veiklas\/"},{"@type":"ListItem","position":3,"name":"Polariz\u0113tas nakts redzam\u012bbas brilles automa\u0161\u012bnu vad\u012b\u0161anai UV400"}]},{"@type":"WebSite","@id":"https:\/\/cosmetic.lv\/lv\/#website","url":"https:\/\/cosmetic.lv\/lv\/","name":"cosmetic.lv","description":"Profesion\u0101la kosm\u0113tika - Maria Galland, Keune, Arkadija, GMT, Guam, Magiray","publisher":{"@id":"https:\/\/cosmetic.lv\/lv\/#organization"},"potentialAction":[{"@type":"SearchAction","target":{"@type":"EntryPoint","urlTemplate":"https:\/\/cosmetic.lv\/lv\/?s={search_term_string}"},"query-input":{"@type":"PropertyValueSpecification","valueRequired":true,"valueName":"search_term_string"}}],"inLanguage":"lv-LV"},{"@type":"Organization","@id":"https:\/\/cosmetic.lv\/lv\/#organization","name":"COSMETIC.LV","url":"https:\/\/cosmetic.lv\/lv\/","logo":{"@type":"ImageObject","inLanguage":"lv-LV","@id":"https:\/\/cosmetic.lv\/lv\/#\/schema\/logo\/image\/","url":"https:\/\/cosmetic.lv\/wp-content\/uploads\/2021\/02\/cosmetic.lv_logo.jpg","contentUrl":"https:\/\/cosmetic.lv\/wp-content\/uploads\/2021\/02\/cosmetic.lv_logo.jpg","width":596,"height":196,"caption":"COSMETIC.LV"},"image":{"@id":"https:\/\/cosmetic.lv\/lv\/#\/schema\/logo\/image\/"},"sameAs":["https:\/\/www.facebook.com\/cosmetic.lv\/"]}]},"product_price_amount":"9.50","product_price_currency":"EUR","og_availability":"instock","product_availability":"instock","product_retailer_item_id":"polizbrill","product_condition":"new"},"_links":{"self":[{"href":"https:\/\/cosmetic.lv\/lv\/wp-json\/wp\/v2\/product\/36322","targetHints":{"allow":["GET"]}}],"collection":[{"href":"https:\/\/cosmetic.lv\/lv\/wp-json\/wp\/v2\/product"}],"about":[{"href":"https:\/\/cosmetic.lv\/lv\/wp-json\/wp\/v2\/types\/product"}],"wp:featuredmedia":[{"embeddable":true,"href":"https:\/\/cosmetic.lv\/lv\/wp-json\/wp\/v2\/media\/36321"}],"wp:attachment":[{"href":"https:\/\/cosmetic.lv\/lv\/wp-json\/wp\/v2\/media?parent=36322"}],"wp:term":[{"taxonomy":"product_brand","embeddable":true,"href":"https:\/\/cosmetic.lv\/lv\/wp-json\/wp\/v2\/product_brand?post=36322"},{"taxonomy":"product_cat","embeddable":true,"href":"https:\/\/cosmetic.lv\/lv\/wp-json\/wp\/v2\/product_cat?post=36322"},{"taxonomy":"product_tag","embeddable":true,"href":"https:\/\/cosmetic.lv\/lv\/wp-json\/wp\/v2\/product_tag?post=36322"}],"curies":[{"name":"wp","href":"https:\/\/api.w.org\/{rel}","templated":true}]}}