{"id":36436,"date":"2021-03-10T11:43:26","date_gmt":"2021-03-10T09:45:36","guid":{"rendered":"https:\/\/cosmetic.lv\/?post_type=product&#038;p=36436"},"modified":"2021-03-10T11:45:36","modified_gmt":"2021-03-10T09:45:36","slug":"metaforiskas-asociacijas-kartes-iespeju-lade","status":"publish","type":"product","link":"https:\/\/cosmetic.lv\/lv\/product\/metaforiskas-asociacijas-kartes-iespeju-lade\/","title":{"rendered":"Metaforiskas asoci\u0101cijas kartes &#8220;Iesp\u0113ju l\u0101de&#8221;"},"content":{"rendered":"<p>Autors: Julia Durymanova &#8211; skolot\u0101js-psihologs; Viesm\u012bl\u012bgs psihologs; Strat\u0113\u0123ijas sp\u0113les \u201eDebitoru Pit\u201d autors un \u201cLife Transformer\u201d, gr\u0101matas \u201cMe un psiholo\u0123ija\u201d autors, transformatora sp\u0113les \u201eMY WAY\u201d autors, seksu\u0101l\u0101s transform\u0101cijas sp\u0113les autors 21 + \u201cMana m\u012blest\u012bbas ce\u013c\u0161\u201d, VIP tren\u0113\u0161anas sp\u0113les l\u012bdzautors Lady &#8220;Blooming&#8221;, Psiholo\u0123ijas festiv\u0101lu organiz\u0113t\u0101js Perm\u0101; Emocion\u0101l\u0101s redzes terapijas speci\u0101lists, Igropraktik. MAC pak\u0101pe: \u2022 Vad\u012bbas vads &#8211; 1gab. \u2022 MAC &#8220;IESP\u0112JAS&#8221; kl\u0101ja &#8211; 1 gab. (72 kartes, izm\u0113rs 10&#215;10 cm): 1. UZMAN\u012aBU &#8211; 14 gab. 2. TRAP &#8211; 12 gab. 3. FEAR &#8211; 18 gab. 4. HELP &#8211; 12 gab. 5. RESURSU &#8211; 16 gab. \u2022 MAC kaste &#8211; 1 gab. (Rokdarbu koka rotaslietu kaste) MAC &#8220;IESP\u0112JU Kaste&#8221; sast\u0101v no 72 metaforisk\u0101m kart\u0113m, kur\u0101s ir att\u0113li, asoci\u0101cijas v\u0101rdi vai fr\u0101zes. Viss komplekts ir sadal\u012bts piec\u0101s grup\u0101s: UZMAN\u012aBU, TRAP, Bailes, PAL\u012aDZ\u012aBA, RESURS. Tiek ierosin\u0101ts, ka visas kartes tiek uzskat\u012btas par tie\u0161i t\u0101d\u0101m iesp\u0113j\u0101m k\u0101 iesp\u0113jas. \u0160is ir \u0161\u012b kl\u0101ja galvenais m\u0113r\u0137is un ideja. L\u012bdz ar to nosaukums &#8211; \u201ckaste\u201d &#8211; k\u0101 IESP\u0112JU d\u0101rgumu ce\u013c\u0161! Kartes var izmantot k\u0101 atsevi\u0161\u0137u kl\u0101ju ar savu tehniku \u200b\u200bun izk\u0101rtojumu, k\u0101 ar\u012b pal\u012bgier\u012bc\u0113m \/ papildus transform\u0101cijas un \/ vai psiholo\u0123iskaj\u0101m sp\u0113l\u0113m. Un ar\u012b psiholo\u0123isk\u0101s konsult\u0101cijas individu\u0101l\u0101m konsult\u0101cij\u0101m un darbam grup\u0101 (da\u017e\u0101d\u0101s meistarklas\u0113s, semin\u0101ros, apm\u0101c\u012bb\u0101s uc). &#8220;IESP\u0112JU Kaste&#8221; ir attiecin\u0101ma uz IAC resursu kl\u0101jiem, jo \u200b\u200bt\u0101 pat liek dom\u0101t par bail\u0113m un slazdiem, kas uzskat\u0101mi par jaun\u0101m iesp\u0113j\u0101m sev un turpm\u0101kaj\u0101m darb\u012bb\u0101m da\u017e\u0101d\u0101s situ\u0101cij\u0101s. Piem\u0113ram, piem\u0113ram: \u2022 Stresa st\u0101vok\u013ci \u2022 Depresija \u2022 Emocion\u0101l\u0101 izdeg\u0161ana \u2022 Psihosomatika \u2022 Konflikti \u2022 Saist\u012bbu probl\u0113mas \u2022 Izv\u0113les probl\u0113ma \u2022 Kairin\u0101m\u012bba, trauksme \u2022 Emocion\u0101l\u0101 atkar\u012bba un v\u0113l daudz vair\u0101k &#8230; IAC komplekts \u201eIESP\u0112JU Kaste\u201d ir ieteicams psihologiem, psihoterapeitiem, treneriem, skolot\u0101jiem, sociologiem un speci\u0101listiem no cit\u0101m saist\u012bt\u0101m specialit\u0101t\u0113m. Piem\u0113rots ar\u012b izk\u0101rtojumiem m\u0101j\u0101s un person\u012bgai lieto\u0161anai. Speci\u0101l\u0101 (psiholo\u0123isk\u0101) izgl\u012bt\u012bba nav nepiecie\u0161ama. Pie\u0161\u0137ir\u0161anas opcija &#8220;Mana ce\u013ca sl\u0113pt\u0101s iesp\u0113jas&#8221;: 1. \u0160o piel\u012bdzin\u0101\u0161anu var izmantot da\u017e\u0101d\u0101s situ\u0101cij\u0101s. Tas var b\u016bt konflikta risin\u0101jums attiec\u012bb\u0101s, piepras\u012bjums p\u0113c personisk\u0101s izaugsmes un pa\u0161att\u012bst\u012bbas, emocion\u0101ls p\u0101rp\u016ble, depresija un citi. 2. Koncentr\u0113jieties uz savu jaut\u0101jumu. J\u016bs varat rakst\u012bt. 3. Sajauciet visas piecas kar\u0161u iesp\u0113ju kopas: TRAP, UZMAN\u012aBU, FEAR, HELP, RESOURCE kop\u0101. 4. Uzdodiet jaut\u0101jumu: \u201eK\u0101das iesp\u0113jas es neredzu \u0161aj\u0101 jaut\u0101jum\u0101 \/ situ\u0101cij\u0101?\u201d Vai \u201eK\u0101das iesp\u0113jas es varu sagaid\u012bt, risinot \u0161o jaut\u0101jumu?\u201d Vai jebkuru citu jaut\u0101jumu, kas ir piem\u0113rots \u0161ai konkr\u0113tajai situ\u0101cijai. Izvelciet tik daudz kar\u0161u, cik vien v\u0113laties, un atveriet t\u0101s pa vienam. Katra karte ir iesp\u0113ja r\u016bp\u012bgi apsv\u0113rt un interpret\u0113t sevi. Ko tas var b\u016bt jums. Pirmk\u0101rt, piev\u0113rsiet uzman\u012bbu pa\u0161am att\u0113lam, tad v\u0101rdiem vai fr\u0101z\u0113m. Lai korel\u0113tu visu sa\u0146emto inform\u0101ciju ar j\u016bsu jaut\u0101jumu un to, k\u0101 t\u0101 var jums pal\u012bdz\u0113t un k\u0101das ir j\u016bsu iesp\u0113jas. 5. P\u0113c vis\u0101m kart\u0113m un anal\u012bz\u0113m izdariet visp\u0101r\u012bgus secin\u0101jumus. 6. \u0160\u0101 scen\u0101rija rezult\u0101t\u0101 pirms jums par\u0101d\u012bsies jaunas iesp\u0113jas j\u016bsu jaut\u0101juma risin\u0101\u0161an\u0101, kuras j\u016bs, iesp\u0113jams, neesat uzmin\u0113ju\u0161as vai neuzskat\u012bju\u0161as par t\u0101d\u0101m (tas ir, neuzskat\u012bja to par iesp\u0113ju!). J\u016bs atrad\u012bsiet ar\u012b padomus par to, k\u0101 r\u012bkoties t\u0101l\u0101k \u0161aj\u0101 situ\u0101cij\u0101: ko pa\u013cauties, ko izvair\u012bties vai ko piev\u0113rst \u012bpa\u0161u uzman\u012bbu!<\/p>\n","protected":false},"excerpt":{"rendered":"<p>Autors: Julia Durymanova &#8211; skolot\u0101js-psihologs; Viesm\u012bl\u012bgs psihologs; Strat\u0113\u0123ijas sp\u0113les \u201eDebitoru Pit\u201d autors un \u201cLife Transformer\u201d, gr\u0101matas \u201cMe un psiholo\u0123ija\u201d autors,<\/p>\n","protected":false},"featured_media":36434,"template":"","meta":[],"product_brand":[],"product_cat":[2288],"product_tag":[],"class_list":{"0":"post-36436","1":"product","2":"type-product","3":"status-publish","4":"has-post-thumbnail","6":"product_cat-ezoterika-kartis-lv","8":"first","9":"outofstock","10":"taxable","11":"shipping-taxable","12":"purchasable","13":"product-type-simple"},"yoast_head":"<!-- This site is optimized with the Yoast SEO Premium plugin v27.0 (Yoast SEO v27.0) - https:\/\/yoast.com\/product\/yoast-seo-premium-wordpress\/ -->\n<title>Metaforiskas asoci\u0101cijas kartes &quot;Iesp\u0113ju l\u0101de&quot; - cosmetic.lv<\/title>\n<meta name=\"robots\" content=\"index, follow, max-snippet:-1, max-image-preview:large, max-video-preview:-1\" \/>\n<link rel=\"canonical\" href=\"https:\/\/cosmetic.lv\/lv\/product\/metaforiskas-asociacijas-kartes-iespeju-lade\/\" \/>\n<meta property=\"og:locale\" content=\"lv_LV\" \/>\n<meta property=\"og:type\" content=\"article\" \/>\n<meta property=\"og:title\" content=\"Metaforiskas asoci\u0101cijas kartes &quot;Iesp\u0113ju l\u0101de&quot;\" \/>\n<meta property=\"og:description\" content=\"Autors: Julia Durymanova &#8211; skolot\u0101js-psihologs; Viesm\u012bl\u012bgs psihologs; Strat\u0113\u0123ijas sp\u0113les \u201eDebitoru Pit\u201d autors un \u201cLife Transformer\u201d, gr\u0101matas \u201cMe un psiholo\u0123ija\u201d autors,\" \/>\n<meta property=\"og:url\" content=\"https:\/\/cosmetic.lv\/lv\/product\/metaforiskas-asociacijas-kartes-iespeju-lade\/\" \/>\n<meta property=\"og:site_name\" content=\"cosmetic.lv\" \/>\n<meta property=\"article:publisher\" content=\"https:\/\/www.facebook.com\/cosmetic.lv\/\" \/>\n<meta property=\"og:image\" content=\"https:\/\/cosmetic.lv\/wp-content\/uploads\/2021\/03\/shatvozmoz.jpg\" \/>\n\t<meta property=\"og:image:width\" content=\"259\" \/>\n\t<meta property=\"og:image:height\" content=\"194\" \/>\n\t<meta property=\"og:image:type\" content=\"image\/jpeg\" \/>\n<meta name=\"twitter:card\" content=\"summary_large_image\" \/>\n<script type=\"application\/ld+json\" class=\"yoast-schema-graph\">{\"@context\":\"https:\/\/schema.org\",\"@graph\":[{\"@type\":\"WebPage\",\"@id\":\"https:\/\/cosmetic.lv\/lv\/product\/metaforiskas-asociacijas-kartes-iespeju-lade\/\",\"url\":\"https:\/\/cosmetic.lv\/lv\/product\/metaforiskas-asociacijas-kartes-iespeju-lade\/\",\"name\":\"Metaforiskas asoci\u0101cijas kartes \\\"Iesp\u0113ju l\u0101de\\\" - cosmetic.lv\",\"isPartOf\":{\"@id\":\"https:\/\/cosmetic.lv\/lv\/#website\"},\"primaryImageOfPage\":{\"@id\":\"https:\/\/cosmetic.lv\/lv\/product\/metaforiskas-asociacijas-kartes-iespeju-lade\/#primaryimage\"},\"image\":{\"@id\":\"https:\/\/cosmetic.lv\/lv\/product\/metaforiskas-asociacijas-kartes-iespeju-lade\/#primaryimage\"},\"thumbnailUrl\":\"https:\/\/cosmetic.lv\/wp-content\/uploads\/2021\/03\/shatvozmoz.jpg\",\"datePublished\":\"2021-03-10T09:45:36+00:00\",\"breadcrumb\":{\"@id\":\"https:\/\/cosmetic.lv\/lv\/product\/metaforiskas-asociacijas-kartes-iespeju-lade\/#breadcrumb\"},\"inLanguage\":\"lv-LV\",\"potentialAction\":[{\"@type\":\"ReadAction\",\"target\":[\"https:\/\/cosmetic.lv\/lv\/product\/metaforiskas-asociacijas-kartes-iespeju-lade\/\"]}]},{\"@type\":\"ImageObject\",\"inLanguage\":\"lv-LV\",\"@id\":\"https:\/\/cosmetic.lv\/lv\/product\/metaforiskas-asociacijas-kartes-iespeju-lade\/#primaryimage\",\"url\":\"https:\/\/cosmetic.lv\/wp-content\/uploads\/2021\/03\/shatvozmoz.jpg\",\"contentUrl\":\"https:\/\/cosmetic.lv\/wp-content\/uploads\/2021\/03\/shatvozmoz.jpg\",\"width\":259,\"height\":194},{\"@type\":\"BreadcrumbList\",\"@id\":\"https:\/\/cosmetic.lv\/lv\/product\/metaforiskas-asociacijas-kartes-iespeju-lade\/#breadcrumb\",\"itemListElement\":[{\"@type\":\"ListItem\",\"position\":1,\"name\":\"Home\",\"item\":\"https:\/\/cosmetic.lv\/lv\/\"},{\"@type\":\"ListItem\",\"position\":2,\"name\":\"Veikals\",\"item\":\"https:\/\/cosmetic.lv\/lv\/veiklas\/\"},{\"@type\":\"ListItem\",\"position\":3,\"name\":\"Metaforiskas asoci\u0101cijas kartes &#171;Iesp\u0113ju l\u0101de&#187;\"}]},{\"@type\":\"WebSite\",\"@id\":\"https:\/\/cosmetic.lv\/lv\/#website\",\"url\":\"https:\/\/cosmetic.lv\/lv\/\",\"name\":\"cosmetic.lv\",\"description\":\"Profesion\u0101la kosm\u0113tika - Maria Galland, Keune, Arkadija, GMT, Guam, Magiray\",\"publisher\":{\"@id\":\"https:\/\/cosmetic.lv\/lv\/#organization\"},\"potentialAction\":[{\"@type\":\"SearchAction\",\"target\":{\"@type\":\"EntryPoint\",\"urlTemplate\":\"https:\/\/cosmetic.lv\/lv\/?s={search_term_string}\"},\"query-input\":{\"@type\":\"PropertyValueSpecification\",\"valueRequired\":true,\"valueName\":\"search_term_string\"}}],\"inLanguage\":\"lv-LV\"},{\"@type\":\"Organization\",\"@id\":\"https:\/\/cosmetic.lv\/lv\/#organization\",\"name\":\"COSMETIC.LV\",\"url\":\"https:\/\/cosmetic.lv\/lv\/\",\"logo\":{\"@type\":\"ImageObject\",\"inLanguage\":\"lv-LV\",\"@id\":\"https:\/\/cosmetic.lv\/lv\/#\/schema\/logo\/image\/\",\"url\":\"https:\/\/cosmetic.lv\/wp-content\/uploads\/2021\/02\/cosmetic.lv_logo.jpg\",\"contentUrl\":\"https:\/\/cosmetic.lv\/wp-content\/uploads\/2021\/02\/cosmetic.lv_logo.jpg\",\"width\":596,\"height\":196,\"caption\":\"COSMETIC.LV\"},\"image\":{\"@id\":\"https:\/\/cosmetic.lv\/lv\/#\/schema\/logo\/image\/\"},\"sameAs\":[\"https:\/\/www.facebook.com\/cosmetic.lv\/\"]}]}<\/script>\n<meta property=\"product:price:amount\" content=\"40.00\" \/>\n<meta property=\"product:price:currency\" content=\"EUR\" \/>\n<meta property=\"og:availability\" content=\"out of stock\" \/>\n<meta property=\"product:availability\" content=\"out of stock\" \/>\n<meta property=\"product:retailer_item_id\" content=\"sha\" \/>\n<meta property=\"product:condition\" content=\"new\" \/>\n<!-- \/ Yoast SEO Premium plugin. -->","yoast_head_json":{"title":"Metaforiskas asoci\u0101cijas kartes \"Iesp\u0113ju l\u0101de\" - cosmetic.lv","robots":{"index":"index","follow":"follow","max-snippet":"max-snippet:-1","max-image-preview":"max-image-preview:large","max-video-preview":"max-video-preview:-1"},"canonical":"https:\/\/cosmetic.lv\/lv\/product\/metaforiskas-asociacijas-kartes-iespeju-lade\/","og_locale":"lv_LV","og_type":"article","og_title":"Metaforiskas asoci\u0101cijas kartes \"Iesp\u0113ju l\u0101de\"","og_description":"Autors: Julia Durymanova &#8211; skolot\u0101js-psihologs; Viesm\u012bl\u012bgs psihologs; Strat\u0113\u0123ijas sp\u0113les \u201eDebitoru Pit\u201d autors un \u201cLife Transformer\u201d, gr\u0101matas \u201cMe un psiholo\u0123ija\u201d autors,","og_url":"https:\/\/cosmetic.lv\/lv\/product\/metaforiskas-asociacijas-kartes-iespeju-lade\/","og_site_name":"cosmetic.lv","article_publisher":"https:\/\/www.facebook.com\/cosmetic.lv\/","og_image":[{"width":259,"height":194,"url":"https:\/\/cosmetic.lv\/wp-content\/uploads\/2021\/03\/shatvozmoz.jpg","type":"image\/jpeg"}],"twitter_card":"summary_large_image","schema":{"@context":"https:\/\/schema.org","@graph":[{"@type":"WebPage","@id":"https:\/\/cosmetic.lv\/lv\/product\/metaforiskas-asociacijas-kartes-iespeju-lade\/","url":"https:\/\/cosmetic.lv\/lv\/product\/metaforiskas-asociacijas-kartes-iespeju-lade\/","name":"Metaforiskas asoci\u0101cijas kartes \"Iesp\u0113ju l\u0101de\" - cosmetic.lv","isPartOf":{"@id":"https:\/\/cosmetic.lv\/lv\/#website"},"primaryImageOfPage":{"@id":"https:\/\/cosmetic.lv\/lv\/product\/metaforiskas-asociacijas-kartes-iespeju-lade\/#primaryimage"},"image":{"@id":"https:\/\/cosmetic.lv\/lv\/product\/metaforiskas-asociacijas-kartes-iespeju-lade\/#primaryimage"},"thumbnailUrl":"https:\/\/cosmetic.lv\/wp-content\/uploads\/2021\/03\/shatvozmoz.jpg","datePublished":"2021-03-10T09:45:36+00:00","breadcrumb":{"@id":"https:\/\/cosmetic.lv\/lv\/product\/metaforiskas-asociacijas-kartes-iespeju-lade\/#breadcrumb"},"inLanguage":"lv-LV","potentialAction":[{"@type":"ReadAction","target":["https:\/\/cosmetic.lv\/lv\/product\/metaforiskas-asociacijas-kartes-iespeju-lade\/"]}]},{"@type":"ImageObject","inLanguage":"lv-LV","@id":"https:\/\/cosmetic.lv\/lv\/product\/metaforiskas-asociacijas-kartes-iespeju-lade\/#primaryimage","url":"https:\/\/cosmetic.lv\/wp-content\/uploads\/2021\/03\/shatvozmoz.jpg","contentUrl":"https:\/\/cosmetic.lv\/wp-content\/uploads\/2021\/03\/shatvozmoz.jpg","width":259,"height":194},{"@type":"BreadcrumbList","@id":"https:\/\/cosmetic.lv\/lv\/product\/metaforiskas-asociacijas-kartes-iespeju-lade\/#breadcrumb","itemListElement":[{"@type":"ListItem","position":1,"name":"Home","item":"https:\/\/cosmetic.lv\/lv\/"},{"@type":"ListItem","position":2,"name":"Veikals","item":"https:\/\/cosmetic.lv\/lv\/veiklas\/"},{"@type":"ListItem","position":3,"name":"Metaforiskas asoci\u0101cijas kartes &#171;Iesp\u0113ju l\u0101de&#187;"}]},{"@type":"WebSite","@id":"https:\/\/cosmetic.lv\/lv\/#website","url":"https:\/\/cosmetic.lv\/lv\/","name":"cosmetic.lv","description":"Profesion\u0101la kosm\u0113tika - Maria Galland, Keune, Arkadija, GMT, Guam, Magiray","publisher":{"@id":"https:\/\/cosmetic.lv\/lv\/#organization"},"potentialAction":[{"@type":"SearchAction","target":{"@type":"EntryPoint","urlTemplate":"https:\/\/cosmetic.lv\/lv\/?s={search_term_string}"},"query-input":{"@type":"PropertyValueSpecification","valueRequired":true,"valueName":"search_term_string"}}],"inLanguage":"lv-LV"},{"@type":"Organization","@id":"https:\/\/cosmetic.lv\/lv\/#organization","name":"COSMETIC.LV","url":"https:\/\/cosmetic.lv\/lv\/","logo":{"@type":"ImageObject","inLanguage":"lv-LV","@id":"https:\/\/cosmetic.lv\/lv\/#\/schema\/logo\/image\/","url":"https:\/\/cosmetic.lv\/wp-content\/uploads\/2021\/02\/cosmetic.lv_logo.jpg","contentUrl":"https:\/\/cosmetic.lv\/wp-content\/uploads\/2021\/02\/cosmetic.lv_logo.jpg","width":596,"height":196,"caption":"COSMETIC.LV"},"image":{"@id":"https:\/\/cosmetic.lv\/lv\/#\/schema\/logo\/image\/"},"sameAs":["https:\/\/www.facebook.com\/cosmetic.lv\/"]}]},"product_price_amount":"40.00","product_price_currency":"EUR","og_availability":"out of stock","product_availability":"out of stock","product_retailer_item_id":"sha","product_condition":"new"},"_links":{"self":[{"href":"https:\/\/cosmetic.lv\/lv\/wp-json\/wp\/v2\/product\/36436","targetHints":{"allow":["GET"]}}],"collection":[{"href":"https:\/\/cosmetic.lv\/lv\/wp-json\/wp\/v2\/product"}],"about":[{"href":"https:\/\/cosmetic.lv\/lv\/wp-json\/wp\/v2\/types\/product"}],"wp:featuredmedia":[{"embeddable":true,"href":"https:\/\/cosmetic.lv\/lv\/wp-json\/wp\/v2\/media\/36434"}],"wp:attachment":[{"href":"https:\/\/cosmetic.lv\/lv\/wp-json\/wp\/v2\/media?parent=36436"}],"wp:term":[{"taxonomy":"product_brand","embeddable":true,"href":"https:\/\/cosmetic.lv\/lv\/wp-json\/wp\/v2\/product_brand?post=36436"},{"taxonomy":"product_cat","embeddable":true,"href":"https:\/\/cosmetic.lv\/lv\/wp-json\/wp\/v2\/product_cat?post=36436"},{"taxonomy":"product_tag","embeddable":true,"href":"https:\/\/cosmetic.lv\/lv\/wp-json\/wp\/v2\/product_tag?post=36436"}],"curies":[{"name":"wp","href":"https:\/\/api.w.org\/{rel}","templated":true}]}}