{"id":36460,"date":"2021-03-15T23:21:23","date_gmt":"2021-03-15T21:23:08","guid":{"rendered":"https:\/\/cosmetic.lv\/?post_type=product&#038;p=36460"},"modified":"2021-12-09T11:56:47","modified_gmt":"2021-12-09T09:56:47","slug":"terpentina-dzeltena-emulsija-pec-zalmanova-250-ml-2","status":"publish","type":"product","link":"https:\/\/cosmetic.lv\/lv\/product\/terpentina-dzeltena-emulsija-pec-zalmanova-250-ml-2\/","title":{"rendered":"Terpent\u012bna BALTA emulsija p\u0113c Zalmanova 250 ml"},"content":{"rendered":"<p>Sast\u0101vs Smagan terpent\u012bns, salicilsk\u0101be, arom\u0101ts, \u016bdens. Farmakolo\u0123isk\u0101 darb\u012bba L\u012bdzek\u013ci vann\u0101m &#8220;Balt\u0101 emulsija p\u0113c Dr. A.S. Zalmanova &#8220;ir \u0101rstnieciskas \u012bpa\u0161\u012bbas: Nov\u0113r\u0161 strauju biolo\u0123isko noveco\u0161anos; Palielina iztur\u012bbu pret saaukst\u0113\u0161anos un infekcijas slim\u012bb\u0101m; Tam ir toniz\u0113jo\u0161a un regul\u0113jo\u0161a iedarb\u012bba uz centr\u0101lo nervu un sirds un asinsvadu sist\u0113m\u0101m; Palielina efektivit\u0101ti; Stimul\u0113 dzimumdziedzeru darb\u012bbu; Pal\u012bdz normaliz\u0113t tauku metabolismu. L\u012bdzek\u013ci vann\u0101m &#8220;Balt\u0101 emulsija p\u0113c Dr. A.S. Zalmanova &#8220;ir kosm\u0113tiska iedarb\u012bba: Veicina svara zaud\u0113\u0161anu. Att\u012bra \u0101du. Tas padara \u0101du maigu un samtainu. Izl\u012bdzina un izl\u012bdzina \u0101du. Veicina r\u0113tu, saaugumu rezorbciju. Indik\u0101cijas Terpent\u012bna balt\u0101 emulsija saska\u0146\u0101 ar Zalmanovu, lieto\u0161anas indik\u0101cijas Sirds un asinsvadu sist\u0113mas slim\u012bbas (hipertensija, koron\u0101r\u0101 sirds slim\u012bba), asinsvadi (trombofleb\u012bts, ateroskleroze). Skeleta-musku\u013cu sist\u0113mas slim\u012bbas (artr\u012bts, artroze, mugurkaula osteohondroze, spondiloze, plecu-plecu periartr\u012bts, ankiloz\u0113jo\u0161ais spondil\u012bts). Nieru slim\u012bbas (glomerulonefr\u012bts, pielonefr\u012bts), aknas (ciroze, hronisks hepat\u012bts), elpo\u0161anas sist\u0113ma (hronisks bronh\u012bts, hroniska pneimonija). Neiral\u0123ija (neir\u012bts, insultu sekas). Metabolisma slim\u012bbas, endokr\u012bn\u0101 sist\u0113ma (cukura diab\u0113ts, aptauko\u0161an\u0101s). Ginekolo\u0123iskas slim\u012bbas (hronisks andeks\u012bts, neaugl\u012bba, hronisks prostat\u012bts v\u012brie\u0161iem, impotence). Acu slim\u012bbas (abscess, konjunktiv\u012bts, glaukoma, katarakta). Ku\u0146\u0123a-zarnu trakta slim\u012bbas (gastr\u012bts). B\u0113rnu slim\u012bbas (ar\u012b gad\u012bjumos, kad b\u0113rni atpaliek att\u012bst\u012bb\u0101). Infekcijas slim\u012bbu profilakse. Paaugstin\u0101ta imunit\u0101te. Sportistu atvese\u013co\u0161an\u0101s p\u0113c intens\u012bvas apm\u0101c\u012bbas. Kontrindik\u0101cijas Individu\u0101la neieciet\u012bba pret terpent\u012bna vann\u0101m, atkl\u0101ta tuberkulozes forma, sirds mazsp\u0113ja aritmija, \u013caundab\u012bgi jaunveidojumi, Gr\u016btniec\u012bbas 2. un 3. trimestris. Devas un ievad\u012b\u0161ana Atsevi\u0161\u0137\u0101 trauk\u0101 ar karstu \u016bdeni ar 2-4 l tilpumu ielej 10\u201315 ml (1 \u0113damkarote) emulsijas, samaisa un \u0161o \u0161\u0137\u012bdumu ielej pa visu vannas virsmu (150\u2013200 l), kas piepild\u012bta ar \u016bdeni. Katr\u0101 n\u0101kamaj\u0101 vann\u0101 ir iesp\u0113jams palielin\u0101t devu par 5 ml. Vannas vislab\u0101k uz\u0146emt pirms gul\u0113tie\u0161anas un ne agr\u0101k k\u0101 1,5 stundas p\u0113c \u0113\u0161anas. P\u0113c vannas ir nepiecie\u0161ams atp\u016bsties vismaz 45 min\u016btes. Vannas ilgums ir 10-15 min\u016btes (jums j\u0101s\u0101k no 5 min\u016bt\u0113m un pak\u0101peniski &#8211; 1-2 min\u016btes &#8211; palieliniet laiku, atkar\u012bb\u0101 no vannas individu\u0101l\u0101s tolerances), \u016bdens temperat\u016bra ir 37 \u00b0 C, proced\u016bras laik\u0101 pak\u0101peniski palielinoties l\u012bdz 39-42 \u00b0 C. P\u0113c vannas atst\u0101\u0161anas uz mitra \u0137erme\u0146a (neskalojiet un nenoslaukiet sevi), uzvelciet peldm\u0113teli vai aptiniet to palag\u0101, dodieties gul\u0113t, silti p\u0101rkl\u0101jiet sevi. Kurss ir 10-17 vannas katru otro dienu. Pirms lieto\u0161anas sakratiet emulsijas flakonu. Blakuspar\u0101d\u012bbas Aler\u0123iskas reakcijas. \u012apa\u0161as instrukcijas \u0100rst\u0113\u0161anu ar terpent\u012bna emulsij\u0101m izraksta \u0101rsts, un to veic \u0101rsta uzraudz\u012bb\u0101! Sarg\u0101t no b\u0113rniem! Izvairieties no saskares ar \u0101du un g\u013cot\u0101d\u0101m! Iesp\u0113jams apdegums! Pirms s\u0101kat lietot terpent\u012bna vannas, jums j\u0101konsult\u0113jas ar \u0101rstu, lai izv\u0113l\u0113tos pareizo emulsiju atkar\u012bb\u0101 no asinsspiediena l\u012bme\u0146a, \u0137erme\u0146a visp\u0101r\u0113j\u0101 st\u0101vok\u013ca un j\u016bsu diagnozes. Vannu lieto\u0161ana ar norm\u0101lu asinsspiedienu &#8211; 110\/70 &#8211; 140\/80. P\u0101rmai\u0146us dzeltenas un baltas vannas vai ar\u012b jauktas vannas. Vannu lieto\u0161ana ar paaugstin\u0101tu asinsspiedienu &#8211; 140\/80 -160\/90. Jums j\u0101s\u0101k ar dzelten\u0101m vann\u0101m, 5-7 proced\u016br\u0101m; n\u0101kamais &#8211; dzelteno un jaukto vannu mai\u0146a. Palielinoties spiedienam, pirms vannu uz\u0146em\u0161anas tas ir j\u0101samazina ar medikamentiem. Netiek izmantotas t\u012bras, baltas vannas ar paaugstin\u0101tu spiedienu. Vannu lieto\u0161ana ar zemu asinsspiedienu &#8211; 90\/60 un zem\u0101ka. S\u0101ciet ar balt\u0101m vann\u0101m, 3-5 proced\u016br\u0101m; p\u0113c asinsspiediena normaliz\u0113\u0161anas p\u0101rejiet uz balto un jaukto vannu. Jauktas vannas ir divu \u0161\u0137idrumu mais\u012bjums &#8211; 5 ml balta + 5 ml dzeltena vien\u0101 vann\u0101. Galvenais krit\u0113rijs vannu uz\u0146em\u0161an\u0101 ar terpent\u012bna emulsiju ir labsaj\u016bta un tirp\u0161anas saj\u016btas ilgums p\u0113c proced\u016bras. Ja tirp\u0161anas saj\u016bta p\u0113c vannas ilgst vair\u0101k nek\u0101 45 min\u016btes, ir j\u0101samazina emulsijas deva. Ja nav tirp\u0161anas p\u0113c 5-7 proced\u016br\u0101m, nedaudz j\u0101palielina z\u0101\u013cu daudzums. Lieto\u0161anas indik\u0101cijas L\u012bdzek\u013ci vann\u0101m &#8220;Terpent\u012bna balt\u0101 emulsija p\u0113c A. S. Zalmanova&#8221; ieteicams k\u0101 l\u012bdzeklis \u0137erme\u0146a dziedin\u0101\u0161anai un atjauno\u0161anai.<\/p>\n","protected":false},"excerpt":{"rendered":"<p>Sast\u0101vs Smagan terpent\u012bns, salicilsk\u0101be, arom\u0101ts, \u016bdens. Farmakolo\u0123isk\u0101 darb\u012bba L\u012bdzek\u013ci vann\u0101m &#8220;Balt\u0101 emulsija p\u0113c Dr. A.S. Zalmanova &#8220;ir \u0101rstnieciskas \u012bpa\u0161\u012bbas: Nov\u0113r\u0161<\/p>\n","protected":false},"featured_media":36459,"template":"","meta":[],"product_brand":[],"product_cat":[2200,2216],"product_tag":[],"class_list":{"0":"post-36460","1":"product","2":"type-product","3":"status-publish","4":"has-post-thumbnail","6":"product_cat-skaistums-un-veseliba-lv","7":"product_cat-kermena-kopsana-lv","9":"first","10":"outofstock","11":"featured","12":"taxable","13":"shipping-taxable","14":"purchasable","15":"product-type-simple"},"yoast_head":"<!-- This site is optimized with the Yoast SEO Premium plugin v27.0 (Yoast SEO v27.0) - https:\/\/yoast.com\/product\/yoast-seo-premium-wordpress\/ -->\n<title>Terpent\u012bna BALTA emulsija p\u0113c Zalmanova 250 ml - cosmetic.lv<\/title>\n<meta name=\"robots\" content=\"index, follow, max-snippet:-1, max-image-preview:large, max-video-preview:-1\" \/>\n<link rel=\"canonical\" href=\"https:\/\/cosmetic.lv\/lv\/product\/terpentina-dzeltena-emulsija-pec-zalmanova-250-ml-2\/\" \/>\n<meta property=\"og:locale\" content=\"lv_LV\" \/>\n<meta property=\"og:type\" content=\"article\" \/>\n<meta property=\"og:title\" content=\"Terpent\u012bna BALTA emulsija p\u0113c Zalmanova 250 ml\" \/>\n<meta property=\"og:description\" content=\"Sast\u0101vs Smagan terpent\u012bns, salicilsk\u0101be, arom\u0101ts, \u016bdens. Farmakolo\u0123isk\u0101 darb\u012bba L\u012bdzek\u013ci vann\u0101m &#8220;Balt\u0101 emulsija p\u0113c Dr. A.S. Zalmanova &#8220;ir \u0101rstnieciskas \u012bpa\u0161\u012bbas: Nov\u0113r\u0161\" \/>\n<meta property=\"og:url\" content=\"https:\/\/cosmetic.lv\/lv\/product\/terpentina-dzeltena-emulsija-pec-zalmanova-250-ml-2\/\" \/>\n<meta property=\"og:site_name\" content=\"cosmetic.lv\" \/>\n<meta property=\"article:publisher\" content=\"https:\/\/www.facebook.com\/cosmetic.lv\/\" \/>\n<meta property=\"article:modified_time\" content=\"2021-12-09T09:56:47+00:00\" \/>\n<meta property=\"og:image\" content=\"https:\/\/cosmetic.lv\/wp-content\/uploads\/2021\/03\/skipidarnye_vanny_po_zalmanovu_2.jpg\" \/>\n\t<meta property=\"og:image:width\" content=\"860\" \/>\n\t<meta property=\"og:image:height\" content=\"500\" \/>\n\t<meta property=\"og:image:type\" content=\"image\/jpeg\" \/>\n<meta name=\"twitter:card\" content=\"summary_large_image\" \/>\n<script type=\"application\/ld+json\" class=\"yoast-schema-graph\">{\"@context\":\"https:\/\/schema.org\",\"@graph\":[{\"@type\":\"WebPage\",\"@id\":\"https:\/\/cosmetic.lv\/lv\/product\/terpentina-dzeltena-emulsija-pec-zalmanova-250-ml-2\/\",\"url\":\"https:\/\/cosmetic.lv\/lv\/product\/terpentina-dzeltena-emulsija-pec-zalmanova-250-ml-2\/\",\"name\":\"Terpent\u012bna BALTA emulsija p\u0113c Zalmanova 250 ml - cosmetic.lv\",\"isPartOf\":{\"@id\":\"https:\/\/cosmetic.lv\/lv\/#website\"},\"primaryImageOfPage\":{\"@id\":\"https:\/\/cosmetic.lv\/lv\/product\/terpentina-dzeltena-emulsija-pec-zalmanova-250-ml-2\/#primaryimage\"},\"image\":{\"@id\":\"https:\/\/cosmetic.lv\/lv\/product\/terpentina-dzeltena-emulsija-pec-zalmanova-250-ml-2\/#primaryimage\"},\"thumbnailUrl\":\"https:\/\/cosmetic.lv\/wp-content\/uploads\/2021\/03\/skipidarnye_vanny_po_zalmanovu_2.jpg\",\"datePublished\":\"2021-03-15T21:23:08+00:00\",\"dateModified\":\"2021-12-09T09:56:47+00:00\",\"breadcrumb\":{\"@id\":\"https:\/\/cosmetic.lv\/lv\/product\/terpentina-dzeltena-emulsija-pec-zalmanova-250-ml-2\/#breadcrumb\"},\"inLanguage\":\"lv-LV\",\"potentialAction\":[{\"@type\":\"ReadAction\",\"target\":[\"https:\/\/cosmetic.lv\/lv\/product\/terpentina-dzeltena-emulsija-pec-zalmanova-250-ml-2\/\"]}]},{\"@type\":\"ImageObject\",\"inLanguage\":\"lv-LV\",\"@id\":\"https:\/\/cosmetic.lv\/lv\/product\/terpentina-dzeltena-emulsija-pec-zalmanova-250-ml-2\/#primaryimage\",\"url\":\"https:\/\/cosmetic.lv\/wp-content\/uploads\/2021\/03\/skipidarnye_vanny_po_zalmanovu_2.jpg\",\"contentUrl\":\"https:\/\/cosmetic.lv\/wp-content\/uploads\/2021\/03\/skipidarnye_vanny_po_zalmanovu_2.jpg\",\"width\":860,\"height\":500,\"caption\":\"skipidarnye_vanny_po_zalmanovu\"},{\"@type\":\"BreadcrumbList\",\"@id\":\"https:\/\/cosmetic.lv\/lv\/product\/terpentina-dzeltena-emulsija-pec-zalmanova-250-ml-2\/#breadcrumb\",\"itemListElement\":[{\"@type\":\"ListItem\",\"position\":1,\"name\":\"Home\",\"item\":\"https:\/\/cosmetic.lv\/lv\/\"},{\"@type\":\"ListItem\",\"position\":2,\"name\":\"Veikals\",\"item\":\"https:\/\/cosmetic.lv\/lv\/veiklas\/\"},{\"@type\":\"ListItem\",\"position\":3,\"name\":\"Terpent\u012bna BALTA emulsija p\u0113c Zalmanova 250 ml\"}]},{\"@type\":\"WebSite\",\"@id\":\"https:\/\/cosmetic.lv\/lv\/#website\",\"url\":\"https:\/\/cosmetic.lv\/lv\/\",\"name\":\"cosmetic.lv\",\"description\":\"Profesion\u0101la kosm\u0113tika - Maria Galland, Keune, Arkadija, GMT, Guam, Magiray\",\"publisher\":{\"@id\":\"https:\/\/cosmetic.lv\/lv\/#organization\"},\"potentialAction\":[{\"@type\":\"SearchAction\",\"target\":{\"@type\":\"EntryPoint\",\"urlTemplate\":\"https:\/\/cosmetic.lv\/lv\/?s={search_term_string}\"},\"query-input\":{\"@type\":\"PropertyValueSpecification\",\"valueRequired\":true,\"valueName\":\"search_term_string\"}}],\"inLanguage\":\"lv-LV\"},{\"@type\":\"Organization\",\"@id\":\"https:\/\/cosmetic.lv\/lv\/#organization\",\"name\":\"COSMETIC.LV\",\"url\":\"https:\/\/cosmetic.lv\/lv\/\",\"logo\":{\"@type\":\"ImageObject\",\"inLanguage\":\"lv-LV\",\"@id\":\"https:\/\/cosmetic.lv\/lv\/#\/schema\/logo\/image\/\",\"url\":\"https:\/\/cosmetic.lv\/wp-content\/uploads\/2021\/02\/cosmetic.lv_logo.jpg\",\"contentUrl\":\"https:\/\/cosmetic.lv\/wp-content\/uploads\/2021\/02\/cosmetic.lv_logo.jpg\",\"width\":596,\"height\":196,\"caption\":\"COSMETIC.LV\"},\"image\":{\"@id\":\"https:\/\/cosmetic.lv\/lv\/#\/schema\/logo\/image\/\"},\"sameAs\":[\"https:\/\/www.facebook.com\/cosmetic.lv\/\"]}]}<\/script>\n<meta property=\"product:price:amount\" content=\"16.00\" \/>\n<meta property=\"product:price:currency\" content=\"EUR\" \/>\n<meta property=\"og:availability\" content=\"out of stock\" \/>\n<meta property=\"product:availability\" content=\"out of stock\" \/>\n<meta property=\"product:retailer_item_id\" content=\"zal250z\" \/>\n<meta property=\"product:condition\" content=\"new\" \/>\n<!-- \/ Yoast SEO Premium plugin. -->","yoast_head_json":{"title":"Terpent\u012bna BALTA emulsija p\u0113c Zalmanova 250 ml - cosmetic.lv","robots":{"index":"index","follow":"follow","max-snippet":"max-snippet:-1","max-image-preview":"max-image-preview:large","max-video-preview":"max-video-preview:-1"},"canonical":"https:\/\/cosmetic.lv\/lv\/product\/terpentina-dzeltena-emulsija-pec-zalmanova-250-ml-2\/","og_locale":"lv_LV","og_type":"article","og_title":"Terpent\u012bna BALTA emulsija p\u0113c Zalmanova 250 ml","og_description":"Sast\u0101vs Smagan terpent\u012bns, salicilsk\u0101be, arom\u0101ts, \u016bdens. Farmakolo\u0123isk\u0101 darb\u012bba L\u012bdzek\u013ci vann\u0101m &#8220;Balt\u0101 emulsija p\u0113c Dr. A.S. Zalmanova &#8220;ir \u0101rstnieciskas \u012bpa\u0161\u012bbas: Nov\u0113r\u0161","og_url":"https:\/\/cosmetic.lv\/lv\/product\/terpentina-dzeltena-emulsija-pec-zalmanova-250-ml-2\/","og_site_name":"cosmetic.lv","article_publisher":"https:\/\/www.facebook.com\/cosmetic.lv\/","article_modified_time":"2021-12-09T09:56:47+00:00","og_image":[{"width":860,"height":500,"url":"https:\/\/cosmetic.lv\/wp-content\/uploads\/2021\/03\/skipidarnye_vanny_po_zalmanovu_2.jpg","type":"image\/jpeg"}],"twitter_card":"summary_large_image","schema":{"@context":"https:\/\/schema.org","@graph":[{"@type":"WebPage","@id":"https:\/\/cosmetic.lv\/lv\/product\/terpentina-dzeltena-emulsija-pec-zalmanova-250-ml-2\/","url":"https:\/\/cosmetic.lv\/lv\/product\/terpentina-dzeltena-emulsija-pec-zalmanova-250-ml-2\/","name":"Terpent\u012bna BALTA emulsija p\u0113c Zalmanova 250 ml - cosmetic.lv","isPartOf":{"@id":"https:\/\/cosmetic.lv\/lv\/#website"},"primaryImageOfPage":{"@id":"https:\/\/cosmetic.lv\/lv\/product\/terpentina-dzeltena-emulsija-pec-zalmanova-250-ml-2\/#primaryimage"},"image":{"@id":"https:\/\/cosmetic.lv\/lv\/product\/terpentina-dzeltena-emulsija-pec-zalmanova-250-ml-2\/#primaryimage"},"thumbnailUrl":"https:\/\/cosmetic.lv\/wp-content\/uploads\/2021\/03\/skipidarnye_vanny_po_zalmanovu_2.jpg","datePublished":"2021-03-15T21:23:08+00:00","dateModified":"2021-12-09T09:56:47+00:00","breadcrumb":{"@id":"https:\/\/cosmetic.lv\/lv\/product\/terpentina-dzeltena-emulsija-pec-zalmanova-250-ml-2\/#breadcrumb"},"inLanguage":"lv-LV","potentialAction":[{"@type":"ReadAction","target":["https:\/\/cosmetic.lv\/lv\/product\/terpentina-dzeltena-emulsija-pec-zalmanova-250-ml-2\/"]}]},{"@type":"ImageObject","inLanguage":"lv-LV","@id":"https:\/\/cosmetic.lv\/lv\/product\/terpentina-dzeltena-emulsija-pec-zalmanova-250-ml-2\/#primaryimage","url":"https:\/\/cosmetic.lv\/wp-content\/uploads\/2021\/03\/skipidarnye_vanny_po_zalmanovu_2.jpg","contentUrl":"https:\/\/cosmetic.lv\/wp-content\/uploads\/2021\/03\/skipidarnye_vanny_po_zalmanovu_2.jpg","width":860,"height":500,"caption":"skipidarnye_vanny_po_zalmanovu"},{"@type":"BreadcrumbList","@id":"https:\/\/cosmetic.lv\/lv\/product\/terpentina-dzeltena-emulsija-pec-zalmanova-250-ml-2\/#breadcrumb","itemListElement":[{"@type":"ListItem","position":1,"name":"Home","item":"https:\/\/cosmetic.lv\/lv\/"},{"@type":"ListItem","position":2,"name":"Veikals","item":"https:\/\/cosmetic.lv\/lv\/veiklas\/"},{"@type":"ListItem","position":3,"name":"Terpent\u012bna BALTA emulsija p\u0113c Zalmanova 250 ml"}]},{"@type":"WebSite","@id":"https:\/\/cosmetic.lv\/lv\/#website","url":"https:\/\/cosmetic.lv\/lv\/","name":"cosmetic.lv","description":"Profesion\u0101la kosm\u0113tika - Maria Galland, Keune, Arkadija, GMT, Guam, Magiray","publisher":{"@id":"https:\/\/cosmetic.lv\/lv\/#organization"},"potentialAction":[{"@type":"SearchAction","target":{"@type":"EntryPoint","urlTemplate":"https:\/\/cosmetic.lv\/lv\/?s={search_term_string}"},"query-input":{"@type":"PropertyValueSpecification","valueRequired":true,"valueName":"search_term_string"}}],"inLanguage":"lv-LV"},{"@type":"Organization","@id":"https:\/\/cosmetic.lv\/lv\/#organization","name":"COSMETIC.LV","url":"https:\/\/cosmetic.lv\/lv\/","logo":{"@type":"ImageObject","inLanguage":"lv-LV","@id":"https:\/\/cosmetic.lv\/lv\/#\/schema\/logo\/image\/","url":"https:\/\/cosmetic.lv\/wp-content\/uploads\/2021\/02\/cosmetic.lv_logo.jpg","contentUrl":"https:\/\/cosmetic.lv\/wp-content\/uploads\/2021\/02\/cosmetic.lv_logo.jpg","width":596,"height":196,"caption":"COSMETIC.LV"},"image":{"@id":"https:\/\/cosmetic.lv\/lv\/#\/schema\/logo\/image\/"},"sameAs":["https:\/\/www.facebook.com\/cosmetic.lv\/"]}]},"product_price_amount":"16.00","product_price_currency":"EUR","og_availability":"out of stock","product_availability":"out of stock","product_retailer_item_id":"zal250z","product_condition":"new"},"_links":{"self":[{"href":"https:\/\/cosmetic.lv\/lv\/wp-json\/wp\/v2\/product\/36460","targetHints":{"allow":["GET"]}}],"collection":[{"href":"https:\/\/cosmetic.lv\/lv\/wp-json\/wp\/v2\/product"}],"about":[{"href":"https:\/\/cosmetic.lv\/lv\/wp-json\/wp\/v2\/types\/product"}],"wp:featuredmedia":[{"embeddable":true,"href":"https:\/\/cosmetic.lv\/lv\/wp-json\/wp\/v2\/media\/36459"}],"wp:attachment":[{"href":"https:\/\/cosmetic.lv\/lv\/wp-json\/wp\/v2\/media?parent=36460"}],"wp:term":[{"taxonomy":"product_brand","embeddable":true,"href":"https:\/\/cosmetic.lv\/lv\/wp-json\/wp\/v2\/product_brand?post=36460"},{"taxonomy":"product_cat","embeddable":true,"href":"https:\/\/cosmetic.lv\/lv\/wp-json\/wp\/v2\/product_cat?post=36460"},{"taxonomy":"product_tag","embeddable":true,"href":"https:\/\/cosmetic.lv\/lv\/wp-json\/wp\/v2\/product_tag?post=36460"}],"curies":[{"name":"wp","href":"https:\/\/api.w.org\/{rel}","templated":true}]}}