{"id":36573,"date":"2021-04-12T21:48:22","date_gmt":"2021-04-12T18:49:19","guid":{"rendered":"https:\/\/cosmetic.lv\/?post_type=product&#038;p=36573"},"modified":"2021-04-12T21:54:25","modified_gmt":"2021-04-12T18:54:25","slug":"koucunga-resusra-spele-parasts-brinums-autors-julija-durimanova","status":"publish","type":"product","link":"https:\/\/cosmetic.lv\/lv\/product\/koucunga-resusra-spele-parasts-brinums-autors-julija-durimanova\/","title":{"rendered":"Kou\u010dunga resursa transform\u0101cijas sp\u0113le &#8211;  Parasts br\u012bnums autors J\u016blija Durimanova"},"content":{"rendered":"<pre dir=\"ltr\">Autore: J\u016blija Durimanova - skolot\u0101ja-psiholo\u0123e, transformat\u012bvo sp\u0113\u013cu autore, emocion\u0101li figur\u0101l\u0101s terapijas speci\u0101liste, sp\u0113\u013cu praktiz\u0113t\u0101ja\r\n\r\nSp\u0113\u013cu pakete:\r\n\r\n    Sp\u0113les laukums ar rot\u0113jo\u0161u bulti\u0146u centr\u0101 - 1 gabals (Materi\u0101ls - audums, izm\u0113rs 700 mm x 700 mm). Pilnkr\u0101su augstas kvalit\u0101tes druka.\r\n    Sp\u0113les vad\u012bt\u0101js - 1 gab\r\n    Blanks - 6 gab. (Veidlapa ir divpus\u0113ja, A4 form\u0101ta, saloc\u012bta A5 bukleta form\u0101). Tiek nodro\u0161in\u0101ts ar\u012b elektroniski v\u0113l\u0101kai druk\u0101\u0161anai.\r\n    Apa\u013cas mikrosh\u0113mas-att\u0113li sp\u0113lei - 30 gab. (Materi\u0101ls - biezs lamin\u0113ts kartons.<\/pre>\n<div id=\"tw-target-text-container\">\n<pre id=\"tw-target-text\" dir=\"ltr\">\u010cipsi 3 ego st\u0101vok\u013cu form\u0101 B\u0113rns, Pieaugu\u0161ais un Vec\u0101ks - pa 10 gabali\u0146iem ar atbilsto\u0161iem att\u0113liem aizmugur\u0113. Dal\u012bbnieki izv\u0113l\u0113j\u0101s sp\u0113les s\u0101kum\u0101, nejau\u0161i un sl\u0113gti). \u0112rt\u012bbas un dro\u0161\u012bbas labad visas mikrosh\u0113mas ir iepakotas plastmasas aploksn\u0113 ar pogu.\r\n    Kr\u0101sainie z\u012bmu\u013ci - 1 komplekts\r\n    Caursp\u012bd\u012bgs plastmasas futr\u0101lis ar sp\u0113les logotipu uz div\u0101m sl\u0113dzen\u0113m sp\u0113les iesai\u0146o\u0161anai un n\u0113s\u0101\u0161anai - 1 gab. (Dimensija A 4)\r\n    Video apm\u0101c\u012bba (p\u0113c sp\u0113les ieg\u0101des nos\u016bt\u012bta katram klientam uz nor\u0101d\u012bto e-pasta adresi)\r\n\r\nKou\u010dinga sp\u0113le \"Parasts br\u012bnums\" ir piem\u0113rots grupas un individu\u0101lajam form\u0101tam, k\u0101 ar\u012b neatkar\u012bg\u0101m person\u012bg\u0101m m\u0101c\u012bb\u0101m.<\/pre>\n<\/div>\n<div id=\"tw-target-rmn-container\">\n<pre id=\"tw-target-rmn\" dir=\"ltr\"><\/pre>\n<\/div>\n","protected":false},"excerpt":{"rendered":"<p>Autore: J\u016blija Durimanova &#8211; skolot\u0101ja-psiholo\u0123e, transformat\u012bvo sp\u0113\u013cu autore, emocion\u0101li figur\u0101l\u0101s terapijas speci\u0101liste, sp\u0113\u013cu praktiz\u0113t\u0101ja Sp\u0113\u013cu pakete: Sp\u0113les laukums ar rot\u0113jo\u0161u<\/p>\n","protected":false},"featured_media":36579,"template":"","meta":[],"product_brand":[],"product_cat":[2288],"product_tag":[],"class_list":{"0":"post-36573","1":"product","2":"type-product","3":"status-publish","4":"has-post-thumbnail","6":"product_cat-ezoterika-kartis-lv","8":"first","9":"instock","10":"taxable","11":"shipping-taxable","12":"purchasable","13":"product-type-simple"},"yoast_head":"<!-- This site is optimized with the Yoast SEO Premium plugin v27.0 (Yoast SEO v27.0) - https:\/\/yoast.com\/product\/yoast-seo-premium-wordpress\/ -->\n<title>Kou\u010dunga resursa transform\u0101cijas sp\u0113le - Parasts br\u012bnums autors J\u016blija Durimanova - cosmetic.lv<\/title>\n<meta name=\"robots\" content=\"index, follow, max-snippet:-1, max-image-preview:large, max-video-preview:-1\" \/>\n<link rel=\"canonical\" href=\"https:\/\/cosmetic.lv\/lv\/product\/koucunga-resusra-spele-parasts-brinums-autors-julija-durimanova\/\" \/>\n<meta property=\"og:locale\" content=\"lv_LV\" \/>\n<meta property=\"og:type\" content=\"article\" \/>\n<meta property=\"og:title\" content=\"Kou\u010dunga resursa transform\u0101cijas sp\u0113le - Parasts br\u012bnums autors J\u016blija Durimanova\" \/>\n<meta property=\"og:description\" content=\"Autore: J\u016blija Durimanova - skolot\u0101ja-psiholo\u0123e, transformat\u012bvo sp\u0113\u013cu autore, emocion\u0101li figur\u0101l\u0101s terapijas speci\u0101liste, sp\u0113\u013cu praktiz\u0113t\u0101ja Sp\u0113\u013cu pakete: Sp\u0113les laukums ar rot\u0113jo\u0161u\" \/>\n<meta property=\"og:url\" content=\"https:\/\/cosmetic.lv\/lv\/product\/koucunga-resusra-spele-parasts-brinums-autors-julija-durimanova\/\" \/>\n<meta property=\"og:site_name\" content=\"cosmetic.lv\" \/>\n<meta property=\"article:publisher\" content=\"https:\/\/www.facebook.com\/cosmetic.lv\/\" \/>\n<meta property=\"article:modified_time\" content=\"2021-04-12T18:54:25+00:00\" \/>\n<meta property=\"og:image\" content=\"https:\/\/cosmetic.lv\/wp-content\/uploads\/2021\/04\/8-2.png\" \/>\n\t<meta property=\"og:image:width\" content=\"1000\" \/>\n\t<meta property=\"og:image:height\" content=\"1000\" \/>\n\t<meta property=\"og:image:type\" content=\"image\/png\" \/>\n<meta name=\"twitter:card\" content=\"summary_large_image\" \/>\n<script type=\"application\/ld+json\" class=\"yoast-schema-graph\">{\"@context\":\"https:\/\/schema.org\",\"@graph\":[{\"@type\":\"WebPage\",\"@id\":\"https:\/\/cosmetic.lv\/lv\/product\/koucunga-resusra-spele-parasts-brinums-autors-julija-durimanova\/\",\"url\":\"https:\/\/cosmetic.lv\/lv\/product\/koucunga-resusra-spele-parasts-brinums-autors-julija-durimanova\/\",\"name\":\"Kou\u010dunga resursa transform\u0101cijas sp\u0113le - Parasts br\u012bnums autors J\u016blija Durimanova - cosmetic.lv\",\"isPartOf\":{\"@id\":\"https:\/\/cosmetic.lv\/lv\/#website\"},\"primaryImageOfPage\":{\"@id\":\"https:\/\/cosmetic.lv\/lv\/product\/koucunga-resusra-spele-parasts-brinums-autors-julija-durimanova\/#primaryimage\"},\"image\":{\"@id\":\"https:\/\/cosmetic.lv\/lv\/product\/koucunga-resusra-spele-parasts-brinums-autors-julija-durimanova\/#primaryimage\"},\"thumbnailUrl\":\"https:\/\/cosmetic.lv\/wp-content\/uploads\/2021\/04\/8-2.png\",\"datePublished\":\"2021-04-12T18:49:19+00:00\",\"dateModified\":\"2021-04-12T18:54:25+00:00\",\"breadcrumb\":{\"@id\":\"https:\/\/cosmetic.lv\/lv\/product\/koucunga-resusra-spele-parasts-brinums-autors-julija-durimanova\/#breadcrumb\"},\"inLanguage\":\"lv-LV\",\"potentialAction\":[{\"@type\":\"ReadAction\",\"target\":[\"https:\/\/cosmetic.lv\/lv\/product\/koucunga-resusra-spele-parasts-brinums-autors-julija-durimanova\/\"]}]},{\"@type\":\"ImageObject\",\"inLanguage\":\"lv-LV\",\"@id\":\"https:\/\/cosmetic.lv\/lv\/product\/koucunga-resusra-spele-parasts-brinums-autors-julija-durimanova\/#primaryimage\",\"url\":\"https:\/\/cosmetic.lv\/wp-content\/uploads\/2021\/04\/8-2.png\",\"contentUrl\":\"https:\/\/cosmetic.lv\/wp-content\/uploads\/2021\/04\/8-2.png\",\"width\":1000,\"height\":1000},{\"@type\":\"BreadcrumbList\",\"@id\":\"https:\/\/cosmetic.lv\/lv\/product\/koucunga-resusra-spele-parasts-brinums-autors-julija-durimanova\/#breadcrumb\",\"itemListElement\":[{\"@type\":\"ListItem\",\"position\":1,\"name\":\"Home\",\"item\":\"https:\/\/cosmetic.lv\/lv\/\"},{\"@type\":\"ListItem\",\"position\":2,\"name\":\"Veikals\",\"item\":\"https:\/\/cosmetic.lv\/lv\/veiklas\/\"},{\"@type\":\"ListItem\",\"position\":3,\"name\":\"Kou\u010dunga resursa transform\u0101cijas sp\u0113le &#8211; Parasts br\u012bnums autors J\u016blija Durimanova\"}]},{\"@type\":\"WebSite\",\"@id\":\"https:\/\/cosmetic.lv\/lv\/#website\",\"url\":\"https:\/\/cosmetic.lv\/lv\/\",\"name\":\"cosmetic.lv\",\"description\":\"Profesion\u0101la kosm\u0113tika - Maria Galland, Keune, Arkadija, GMT, Guam, Magiray\",\"publisher\":{\"@id\":\"https:\/\/cosmetic.lv\/lv\/#organization\"},\"potentialAction\":[{\"@type\":\"SearchAction\",\"target\":{\"@type\":\"EntryPoint\",\"urlTemplate\":\"https:\/\/cosmetic.lv\/lv\/?s={search_term_string}\"},\"query-input\":{\"@type\":\"PropertyValueSpecification\",\"valueRequired\":true,\"valueName\":\"search_term_string\"}}],\"inLanguage\":\"lv-LV\"},{\"@type\":\"Organization\",\"@id\":\"https:\/\/cosmetic.lv\/lv\/#organization\",\"name\":\"COSMETIC.LV\",\"url\":\"https:\/\/cosmetic.lv\/lv\/\",\"logo\":{\"@type\":\"ImageObject\",\"inLanguage\":\"lv-LV\",\"@id\":\"https:\/\/cosmetic.lv\/lv\/#\/schema\/logo\/image\/\",\"url\":\"https:\/\/cosmetic.lv\/wp-content\/uploads\/2021\/02\/cosmetic.lv_logo.jpg\",\"contentUrl\":\"https:\/\/cosmetic.lv\/wp-content\/uploads\/2021\/02\/cosmetic.lv_logo.jpg\",\"width\":596,\"height\":196,\"caption\":\"COSMETIC.LV\"},\"image\":{\"@id\":\"https:\/\/cosmetic.lv\/lv\/#\/schema\/logo\/image\/\"},\"sameAs\":[\"https:\/\/www.facebook.com\/cosmetic.lv\/\"]}]}<\/script>\n<meta property=\"product:price:amount\" content=\"98.00\" \/>\n<meta property=\"product:price:currency\" content=\"EUR\" \/>\n<meta property=\"og:availability\" content=\"instock\" \/>\n<meta property=\"product:availability\" content=\"instock\" \/>\n<meta property=\"product:retailer_item_id\" content=\"obik\" \/>\n<meta property=\"product:condition\" content=\"new\" \/>\n<!-- \/ Yoast SEO Premium plugin. -->","yoast_head_json":{"title":"Kou\u010dunga resursa transform\u0101cijas sp\u0113le - Parasts br\u012bnums autors J\u016blija Durimanova - cosmetic.lv","robots":{"index":"index","follow":"follow","max-snippet":"max-snippet:-1","max-image-preview":"max-image-preview:large","max-video-preview":"max-video-preview:-1"},"canonical":"https:\/\/cosmetic.lv\/lv\/product\/koucunga-resusra-spele-parasts-brinums-autors-julija-durimanova\/","og_locale":"lv_LV","og_type":"article","og_title":"Kou\u010dunga resursa transform\u0101cijas sp\u0113le - Parasts br\u012bnums autors J\u016blija Durimanova","og_description":"Autore: J\u016blija Durimanova - skolot\u0101ja-psiholo\u0123e, transformat\u012bvo sp\u0113\u013cu autore, emocion\u0101li figur\u0101l\u0101s terapijas speci\u0101liste, sp\u0113\u013cu praktiz\u0113t\u0101ja Sp\u0113\u013cu pakete: Sp\u0113les laukums ar rot\u0113jo\u0161u","og_url":"https:\/\/cosmetic.lv\/lv\/product\/koucunga-resusra-spele-parasts-brinums-autors-julija-durimanova\/","og_site_name":"cosmetic.lv","article_publisher":"https:\/\/www.facebook.com\/cosmetic.lv\/","article_modified_time":"2021-04-12T18:54:25+00:00","og_image":[{"width":1000,"height":1000,"url":"https:\/\/cosmetic.lv\/wp-content\/uploads\/2021\/04\/8-2.png","type":"image\/png"}],"twitter_card":"summary_large_image","schema":{"@context":"https:\/\/schema.org","@graph":[{"@type":"WebPage","@id":"https:\/\/cosmetic.lv\/lv\/product\/koucunga-resusra-spele-parasts-brinums-autors-julija-durimanova\/","url":"https:\/\/cosmetic.lv\/lv\/product\/koucunga-resusra-spele-parasts-brinums-autors-julija-durimanova\/","name":"Kou\u010dunga resursa transform\u0101cijas sp\u0113le - Parasts br\u012bnums autors J\u016blija Durimanova - cosmetic.lv","isPartOf":{"@id":"https:\/\/cosmetic.lv\/lv\/#website"},"primaryImageOfPage":{"@id":"https:\/\/cosmetic.lv\/lv\/product\/koucunga-resusra-spele-parasts-brinums-autors-julija-durimanova\/#primaryimage"},"image":{"@id":"https:\/\/cosmetic.lv\/lv\/product\/koucunga-resusra-spele-parasts-brinums-autors-julija-durimanova\/#primaryimage"},"thumbnailUrl":"https:\/\/cosmetic.lv\/wp-content\/uploads\/2021\/04\/8-2.png","datePublished":"2021-04-12T18:49:19+00:00","dateModified":"2021-04-12T18:54:25+00:00","breadcrumb":{"@id":"https:\/\/cosmetic.lv\/lv\/product\/koucunga-resusra-spele-parasts-brinums-autors-julija-durimanova\/#breadcrumb"},"inLanguage":"lv-LV","potentialAction":[{"@type":"ReadAction","target":["https:\/\/cosmetic.lv\/lv\/product\/koucunga-resusra-spele-parasts-brinums-autors-julija-durimanova\/"]}]},{"@type":"ImageObject","inLanguage":"lv-LV","@id":"https:\/\/cosmetic.lv\/lv\/product\/koucunga-resusra-spele-parasts-brinums-autors-julija-durimanova\/#primaryimage","url":"https:\/\/cosmetic.lv\/wp-content\/uploads\/2021\/04\/8-2.png","contentUrl":"https:\/\/cosmetic.lv\/wp-content\/uploads\/2021\/04\/8-2.png","width":1000,"height":1000},{"@type":"BreadcrumbList","@id":"https:\/\/cosmetic.lv\/lv\/product\/koucunga-resusra-spele-parasts-brinums-autors-julija-durimanova\/#breadcrumb","itemListElement":[{"@type":"ListItem","position":1,"name":"Home","item":"https:\/\/cosmetic.lv\/lv\/"},{"@type":"ListItem","position":2,"name":"Veikals","item":"https:\/\/cosmetic.lv\/lv\/veiklas\/"},{"@type":"ListItem","position":3,"name":"Kou\u010dunga resursa transform\u0101cijas sp\u0113le &#8211; Parasts br\u012bnums autors J\u016blija Durimanova"}]},{"@type":"WebSite","@id":"https:\/\/cosmetic.lv\/lv\/#website","url":"https:\/\/cosmetic.lv\/lv\/","name":"cosmetic.lv","description":"Profesion\u0101la kosm\u0113tika - Maria Galland, Keune, Arkadija, GMT, Guam, Magiray","publisher":{"@id":"https:\/\/cosmetic.lv\/lv\/#organization"},"potentialAction":[{"@type":"SearchAction","target":{"@type":"EntryPoint","urlTemplate":"https:\/\/cosmetic.lv\/lv\/?s={search_term_string}"},"query-input":{"@type":"PropertyValueSpecification","valueRequired":true,"valueName":"search_term_string"}}],"inLanguage":"lv-LV"},{"@type":"Organization","@id":"https:\/\/cosmetic.lv\/lv\/#organization","name":"COSMETIC.LV","url":"https:\/\/cosmetic.lv\/lv\/","logo":{"@type":"ImageObject","inLanguage":"lv-LV","@id":"https:\/\/cosmetic.lv\/lv\/#\/schema\/logo\/image\/","url":"https:\/\/cosmetic.lv\/wp-content\/uploads\/2021\/02\/cosmetic.lv_logo.jpg","contentUrl":"https:\/\/cosmetic.lv\/wp-content\/uploads\/2021\/02\/cosmetic.lv_logo.jpg","width":596,"height":196,"caption":"COSMETIC.LV"},"image":{"@id":"https:\/\/cosmetic.lv\/lv\/#\/schema\/logo\/image\/"},"sameAs":["https:\/\/www.facebook.com\/cosmetic.lv\/"]}]},"product_price_amount":"98.00","product_price_currency":"EUR","og_availability":"instock","product_availability":"instock","product_retailer_item_id":"obik","product_condition":"new"},"_links":{"self":[{"href":"https:\/\/cosmetic.lv\/lv\/wp-json\/wp\/v2\/product\/36573","targetHints":{"allow":["GET"]}}],"collection":[{"href":"https:\/\/cosmetic.lv\/lv\/wp-json\/wp\/v2\/product"}],"about":[{"href":"https:\/\/cosmetic.lv\/lv\/wp-json\/wp\/v2\/types\/product"}],"wp:featuredmedia":[{"embeddable":true,"href":"https:\/\/cosmetic.lv\/lv\/wp-json\/wp\/v2\/media\/36579"}],"wp:attachment":[{"href":"https:\/\/cosmetic.lv\/lv\/wp-json\/wp\/v2\/media?parent=36573"}],"wp:term":[{"taxonomy":"product_brand","embeddable":true,"href":"https:\/\/cosmetic.lv\/lv\/wp-json\/wp\/v2\/product_brand?post=36573"},{"taxonomy":"product_cat","embeddable":true,"href":"https:\/\/cosmetic.lv\/lv\/wp-json\/wp\/v2\/product_cat?post=36573"},{"taxonomy":"product_tag","embeddable":true,"href":"https:\/\/cosmetic.lv\/lv\/wp-json\/wp\/v2\/product_tag?post=36573"}],"curies":[{"name":"wp","href":"https:\/\/api.w.org\/{rel}","templated":true}]}}