{"id":36610,"date":"2021-04-21T12:51:12","date_gmt":"2021-04-21T09:52:52","guid":{"rendered":"https:\/\/cosmetic.lv\/?post_type=product&#038;p=36610"},"modified":"2021-04-21T12:52:52","modified_gmt":"2021-04-21T09:52:52","slug":"antiselverins-lidzeklie-pret-sirmiem-matiem","status":"publish","type":"product","link":"https:\/\/cosmetic.lv\/lv\/product\/antiselverins-lidzeklie-pret-sirmiem-matiem\/","title":{"rendered":"Antiselver\u012bns l\u012bdzeklie pret sirmiem matiem"},"content":{"rendered":"<div id=\"tw-target-text-container\">\n<pre id=\"tw-target-text\" dir=\"ltr\">Atgrie\u017e dabisko matu kr\u0101su\r\nUnik\u0101la zin\u0101tnieku att\u012bst\u012bba no Altaja uz\u0146\u0113muma \"Two Lines\" atjauno dabisko matu kr\u0101su 2-4 ned\u0113\u013cu laik\u0101, padarot sirmos matus maz\u0101k redzamus un dabisko pigmentu atgrie\u017eot nov\u0101jin\u0101tiem matiem.\r\n\r\n\"Antisilverin\" mijiedarbojas ar matu kerat\u012bna galveno olbaltumvielu, veidojot kr\u0101sojo\u0161u pigmentu, kura proporcija palielin\u0101s p\u0113c katras produkta lieto\u0161anas.<\/pre>\n<\/div>\n<div id=\"tw-target-rmn-container\">\n<pre id=\"tw-target-text\" dir=\"ltr\">sast\u0101vs\r\n\r\nDestil\u0113ts \u016bdens, glicer\u012bns, s\u0113rs, amonija hlor\u012bds, bismuta citr\u0101ts, etilspirts (1,25% tilp.), Benzilspirts, smar\u017eu sast\u0101vs, koloid\u0101lais sudraba koncentr\u0101ts.<\/pre>\n<\/div>\n<div>150ml<\/div>\n<div id=\"tw-target-rmn-container\">\n<pre id=\"tw-target-rmn\" dir=\"ltr\"><\/pre>\n<\/div>\n","protected":false},"excerpt":{"rendered":"<p>Atgrie\u017e dabisko matu kr\u0101su Unik\u0101la zin\u0101tnieku att\u012bst\u012bba no Altaja uz\u0146\u0113muma &#8220;Two Lines&#8221; atjauno dabisko matu kr\u0101su 2-4 ned\u0113\u013cu laik\u0101, padarot<\/p>\n","protected":false},"featured_media":36608,"template":"","meta":[],"product_brand":[],"product_cat":[2200,2208],"product_tag":[],"class_list":{"0":"post-36610","1":"product","2":"type-product","3":"status-publish","4":"has-post-thumbnail","6":"product_cat-skaistums-un-veseliba-lv","7":"product_cat-matu-kopsana-lv","9":"first","10":"outofstock","11":"taxable","12":"shipping-taxable","13":"purchasable","14":"product-type-simple"},"yoast_head":"<!-- This site is optimized with the Yoast SEO Premium plugin v27.0 (Yoast SEO v27.0) - https:\/\/yoast.com\/product\/yoast-seo-premium-wordpress\/ -->\n<title>Antiselver\u012bns l\u012bdzeklie pret sirmiem matiem - cosmetic.lv<\/title>\n<meta name=\"robots\" content=\"index, follow, max-snippet:-1, max-image-preview:large, max-video-preview:-1\" \/>\n<link rel=\"canonical\" href=\"https:\/\/cosmetic.lv\/lv\/product\/antiselverins-lidzeklie-pret-sirmiem-matiem\/\" \/>\n<meta property=\"og:locale\" content=\"lv_LV\" \/>\n<meta property=\"og:type\" content=\"article\" \/>\n<meta property=\"og:title\" content=\"Antiselver\u012bns l\u012bdzeklie pret sirmiem matiem\" \/>\n<meta property=\"og:description\" content=\"Atgrie\u017e dabisko matu kr\u0101su Unik\u0101la zin\u0101tnieku att\u012bst\u012bba no Altaja uz\u0146\u0113muma &quot;Two Lines&quot; atjauno dabisko matu kr\u0101su 2-4 ned\u0113\u013cu laik\u0101, padarot\" \/>\n<meta property=\"og:url\" content=\"https:\/\/cosmetic.lv\/lv\/product\/antiselverins-lidzeklie-pret-sirmiem-matiem\/\" \/>\n<meta property=\"og:site_name\" content=\"cosmetic.lv\" \/>\n<meta property=\"article:publisher\" content=\"https:\/\/www.facebook.com\/cosmetic.lv\/\" \/>\n<meta property=\"og:image\" content=\"https:\/\/cosmetic.lv\/wp-content\/uploads\/2021\/04\/779.970antisel.jpg\" \/>\n\t<meta property=\"og:image:width\" content=\"970\" \/>\n\t<meta property=\"og:image:height\" content=\"728\" \/>\n\t<meta property=\"og:image:type\" content=\"image\/jpeg\" \/>\n<meta name=\"twitter:card\" content=\"summary_large_image\" \/>\n<script type=\"application\/ld+json\" class=\"yoast-schema-graph\">{\"@context\":\"https:\/\/schema.org\",\"@graph\":[{\"@type\":\"WebPage\",\"@id\":\"https:\/\/cosmetic.lv\/lv\/product\/antiselverins-lidzeklie-pret-sirmiem-matiem\/\",\"url\":\"https:\/\/cosmetic.lv\/lv\/product\/antiselverins-lidzeklie-pret-sirmiem-matiem\/\",\"name\":\"Antiselver\u012bns l\u012bdzeklie pret sirmiem matiem - cosmetic.lv\",\"isPartOf\":{\"@id\":\"https:\/\/cosmetic.lv\/lv\/#website\"},\"primaryImageOfPage\":{\"@id\":\"https:\/\/cosmetic.lv\/lv\/product\/antiselverins-lidzeklie-pret-sirmiem-matiem\/#primaryimage\"},\"image\":{\"@id\":\"https:\/\/cosmetic.lv\/lv\/product\/antiselverins-lidzeklie-pret-sirmiem-matiem\/#primaryimage\"},\"thumbnailUrl\":\"https:\/\/cosmetic.lv\/wp-content\/uploads\/2021\/04\/779.970antisel.jpg\",\"datePublished\":\"2021-04-21T09:52:52+00:00\",\"breadcrumb\":{\"@id\":\"https:\/\/cosmetic.lv\/lv\/product\/antiselverins-lidzeklie-pret-sirmiem-matiem\/#breadcrumb\"},\"inLanguage\":\"lv-LV\",\"potentialAction\":[{\"@type\":\"ReadAction\",\"target\":[\"https:\/\/cosmetic.lv\/lv\/product\/antiselverins-lidzeklie-pret-sirmiem-matiem\/\"]}]},{\"@type\":\"ImageObject\",\"inLanguage\":\"lv-LV\",\"@id\":\"https:\/\/cosmetic.lv\/lv\/product\/antiselverins-lidzeklie-pret-sirmiem-matiem\/#primaryimage\",\"url\":\"https:\/\/cosmetic.lv\/wp-content\/uploads\/2021\/04\/779.970antisel.jpg\",\"contentUrl\":\"https:\/\/cosmetic.lv\/wp-content\/uploads\/2021\/04\/779.970antisel.jpg\",\"width\":970,\"height\":728},{\"@type\":\"BreadcrumbList\",\"@id\":\"https:\/\/cosmetic.lv\/lv\/product\/antiselverins-lidzeklie-pret-sirmiem-matiem\/#breadcrumb\",\"itemListElement\":[{\"@type\":\"ListItem\",\"position\":1,\"name\":\"Home\",\"item\":\"https:\/\/cosmetic.lv\/lv\/\"},{\"@type\":\"ListItem\",\"position\":2,\"name\":\"Veikals\",\"item\":\"https:\/\/cosmetic.lv\/lv\/veiklas\/\"},{\"@type\":\"ListItem\",\"position\":3,\"name\":\"Antiselver\u012bns l\u012bdzeklie pret sirmiem matiem\"}]},{\"@type\":\"WebSite\",\"@id\":\"https:\/\/cosmetic.lv\/lv\/#website\",\"url\":\"https:\/\/cosmetic.lv\/lv\/\",\"name\":\"cosmetic.lv\",\"description\":\"Profesion\u0101la kosm\u0113tika - Maria Galland, Keune, Arkadija, GMT, Guam, Magiray\",\"publisher\":{\"@id\":\"https:\/\/cosmetic.lv\/lv\/#organization\"},\"potentialAction\":[{\"@type\":\"SearchAction\",\"target\":{\"@type\":\"EntryPoint\",\"urlTemplate\":\"https:\/\/cosmetic.lv\/lv\/?s={search_term_string}\"},\"query-input\":{\"@type\":\"PropertyValueSpecification\",\"valueRequired\":true,\"valueName\":\"search_term_string\"}}],\"inLanguage\":\"lv-LV\"},{\"@type\":\"Organization\",\"@id\":\"https:\/\/cosmetic.lv\/lv\/#organization\",\"name\":\"COSMETIC.LV\",\"url\":\"https:\/\/cosmetic.lv\/lv\/\",\"logo\":{\"@type\":\"ImageObject\",\"inLanguage\":\"lv-LV\",\"@id\":\"https:\/\/cosmetic.lv\/lv\/#\/schema\/logo\/image\/\",\"url\":\"https:\/\/cosmetic.lv\/wp-content\/uploads\/2021\/02\/cosmetic.lv_logo.jpg\",\"contentUrl\":\"https:\/\/cosmetic.lv\/wp-content\/uploads\/2021\/02\/cosmetic.lv_logo.jpg\",\"width\":596,\"height\":196,\"caption\":\"COSMETIC.LV\"},\"image\":{\"@id\":\"https:\/\/cosmetic.lv\/lv\/#\/schema\/logo\/image\/\"},\"sameAs\":[\"https:\/\/www.facebook.com\/cosmetic.lv\/\"]}]}<\/script>\n<meta property=\"product:price:amount\" content=\"18.00\" \/>\n<meta property=\"product:price:currency\" content=\"EUR\" \/>\n<meta property=\"og:availability\" content=\"out of stock\" \/>\n<meta property=\"product:availability\" content=\"out of stock\" \/>\n<meta property=\"product:retailer_item_id\" content=\"antis\" \/>\n<meta property=\"product:condition\" content=\"new\" \/>\n<!-- \/ Yoast SEO Premium plugin. -->","yoast_head_json":{"title":"Antiselver\u012bns l\u012bdzeklie pret sirmiem matiem - cosmetic.lv","robots":{"index":"index","follow":"follow","max-snippet":"max-snippet:-1","max-image-preview":"max-image-preview:large","max-video-preview":"max-video-preview:-1"},"canonical":"https:\/\/cosmetic.lv\/lv\/product\/antiselverins-lidzeklie-pret-sirmiem-matiem\/","og_locale":"lv_LV","og_type":"article","og_title":"Antiselver\u012bns l\u012bdzeklie pret sirmiem matiem","og_description":"Atgrie\u017e dabisko matu kr\u0101su Unik\u0101la zin\u0101tnieku att\u012bst\u012bba no Altaja uz\u0146\u0113muma \"Two Lines\" atjauno dabisko matu kr\u0101su 2-4 ned\u0113\u013cu laik\u0101, padarot","og_url":"https:\/\/cosmetic.lv\/lv\/product\/antiselverins-lidzeklie-pret-sirmiem-matiem\/","og_site_name":"cosmetic.lv","article_publisher":"https:\/\/www.facebook.com\/cosmetic.lv\/","og_image":[{"width":970,"height":728,"url":"https:\/\/cosmetic.lv\/wp-content\/uploads\/2021\/04\/779.970antisel.jpg","type":"image\/jpeg"}],"twitter_card":"summary_large_image","schema":{"@context":"https:\/\/schema.org","@graph":[{"@type":"WebPage","@id":"https:\/\/cosmetic.lv\/lv\/product\/antiselverins-lidzeklie-pret-sirmiem-matiem\/","url":"https:\/\/cosmetic.lv\/lv\/product\/antiselverins-lidzeklie-pret-sirmiem-matiem\/","name":"Antiselver\u012bns l\u012bdzeklie pret sirmiem matiem - cosmetic.lv","isPartOf":{"@id":"https:\/\/cosmetic.lv\/lv\/#website"},"primaryImageOfPage":{"@id":"https:\/\/cosmetic.lv\/lv\/product\/antiselverins-lidzeklie-pret-sirmiem-matiem\/#primaryimage"},"image":{"@id":"https:\/\/cosmetic.lv\/lv\/product\/antiselverins-lidzeklie-pret-sirmiem-matiem\/#primaryimage"},"thumbnailUrl":"https:\/\/cosmetic.lv\/wp-content\/uploads\/2021\/04\/779.970antisel.jpg","datePublished":"2021-04-21T09:52:52+00:00","breadcrumb":{"@id":"https:\/\/cosmetic.lv\/lv\/product\/antiselverins-lidzeklie-pret-sirmiem-matiem\/#breadcrumb"},"inLanguage":"lv-LV","potentialAction":[{"@type":"ReadAction","target":["https:\/\/cosmetic.lv\/lv\/product\/antiselverins-lidzeklie-pret-sirmiem-matiem\/"]}]},{"@type":"ImageObject","inLanguage":"lv-LV","@id":"https:\/\/cosmetic.lv\/lv\/product\/antiselverins-lidzeklie-pret-sirmiem-matiem\/#primaryimage","url":"https:\/\/cosmetic.lv\/wp-content\/uploads\/2021\/04\/779.970antisel.jpg","contentUrl":"https:\/\/cosmetic.lv\/wp-content\/uploads\/2021\/04\/779.970antisel.jpg","width":970,"height":728},{"@type":"BreadcrumbList","@id":"https:\/\/cosmetic.lv\/lv\/product\/antiselverins-lidzeklie-pret-sirmiem-matiem\/#breadcrumb","itemListElement":[{"@type":"ListItem","position":1,"name":"Home","item":"https:\/\/cosmetic.lv\/lv\/"},{"@type":"ListItem","position":2,"name":"Veikals","item":"https:\/\/cosmetic.lv\/lv\/veiklas\/"},{"@type":"ListItem","position":3,"name":"Antiselver\u012bns l\u012bdzeklie pret sirmiem matiem"}]},{"@type":"WebSite","@id":"https:\/\/cosmetic.lv\/lv\/#website","url":"https:\/\/cosmetic.lv\/lv\/","name":"cosmetic.lv","description":"Profesion\u0101la kosm\u0113tika - Maria Galland, Keune, Arkadija, GMT, Guam, Magiray","publisher":{"@id":"https:\/\/cosmetic.lv\/lv\/#organization"},"potentialAction":[{"@type":"SearchAction","target":{"@type":"EntryPoint","urlTemplate":"https:\/\/cosmetic.lv\/lv\/?s={search_term_string}"},"query-input":{"@type":"PropertyValueSpecification","valueRequired":true,"valueName":"search_term_string"}}],"inLanguage":"lv-LV"},{"@type":"Organization","@id":"https:\/\/cosmetic.lv\/lv\/#organization","name":"COSMETIC.LV","url":"https:\/\/cosmetic.lv\/lv\/","logo":{"@type":"ImageObject","inLanguage":"lv-LV","@id":"https:\/\/cosmetic.lv\/lv\/#\/schema\/logo\/image\/","url":"https:\/\/cosmetic.lv\/wp-content\/uploads\/2021\/02\/cosmetic.lv_logo.jpg","contentUrl":"https:\/\/cosmetic.lv\/wp-content\/uploads\/2021\/02\/cosmetic.lv_logo.jpg","width":596,"height":196,"caption":"COSMETIC.LV"},"image":{"@id":"https:\/\/cosmetic.lv\/lv\/#\/schema\/logo\/image\/"},"sameAs":["https:\/\/www.facebook.com\/cosmetic.lv\/"]}]},"product_price_amount":"18.00","product_price_currency":"EUR","og_availability":"out of stock","product_availability":"out of stock","product_retailer_item_id":"antis","product_condition":"new"},"_links":{"self":[{"href":"https:\/\/cosmetic.lv\/lv\/wp-json\/wp\/v2\/product\/36610","targetHints":{"allow":["GET"]}}],"collection":[{"href":"https:\/\/cosmetic.lv\/lv\/wp-json\/wp\/v2\/product"}],"about":[{"href":"https:\/\/cosmetic.lv\/lv\/wp-json\/wp\/v2\/types\/product"}],"wp:featuredmedia":[{"embeddable":true,"href":"https:\/\/cosmetic.lv\/lv\/wp-json\/wp\/v2\/media\/36608"}],"wp:attachment":[{"href":"https:\/\/cosmetic.lv\/lv\/wp-json\/wp\/v2\/media?parent=36610"}],"wp:term":[{"taxonomy":"product_brand","embeddable":true,"href":"https:\/\/cosmetic.lv\/lv\/wp-json\/wp\/v2\/product_brand?post=36610"},{"taxonomy":"product_cat","embeddable":true,"href":"https:\/\/cosmetic.lv\/lv\/wp-json\/wp\/v2\/product_cat?post=36610"},{"taxonomy":"product_tag","embeddable":true,"href":"https:\/\/cosmetic.lv\/lv\/wp-json\/wp\/v2\/product_tag?post=36610"}],"curies":[{"name":"wp","href":"https:\/\/api.w.org\/{rel}","templated":true}]}}