{"id":36739,"date":"2021-05-03T21:59:21","date_gmt":"2021-05-03T18:58:44","guid":{"rendered":"https:\/\/cosmetic.lv\/?post_type=product&#038;p=36739"},"modified":"2021-05-03T22:05:10","modified_gmt":"2021-05-03T19:05:10","slug":"8-mm-rokasspradze-dabiskie-akmeni-halcedons-akmens-dava-prieku-skaistums","status":"publish","type":"product","link":"https:\/\/cosmetic.lv\/lv\/product\/8-mm-rokasspradze-dabiskie-akmeni-halcedons-akmens-dava-prieku-skaistums\/","title":{"rendered":"8 mm Rokasspr\u0101dze dabiskie akme\u0146i halcedons &#8211; akmens d\u0101v\u0101 prieku &#8211; skaistums"},"content":{"rendered":"<table border=\"0\" cellspacing=\"0\" cellpadding=\"2\" align=\"right\">\n<tbody>\n<tr>\n<td class=\"smallText\"><\/td>\n<\/tr>\n<\/tbody>\n<\/table>\n<table border=\"0\" cellspacing=\"0\" cellpadding=\"2\" align=\"right\">\n<tbody>\n<tr>\n<td>Praks\u0113 gaismas caurlaid\u012bgos, vienkr\u0101sainos akme\u0146us p\u0101rdod k\u0101 halcedonu, p\u0101r\u0113jiem \u0161\u012bs grupas kvarciem ir dots cits nosaukums vai tos tirgo k\u0101 ah\u0101tus (dendr\u012btah\u0101ts, s\u016bnu ah\u0101ts), ja\u0161mas, karneolu, oniksu, asinsakmeni (heliotropu), avantur\u012bnu u.c. Sv\u0113tais akmens (harmonijas akmens). Simboliz\u0113 labv\u0113l\u012bbu un labpr\u0101t\u012bbu. Atspogu\u013co pr\u0101ta elast\u012bgumu un v\u0101rdu izveic\u012bbu. Zilajam halcedonam ir maiga, pl\u016bsto\u0161a ener\u0123ija. Tas rada balansu starp pr\u0101tu, \u0137ermeni un garu. Tas palielina augstsird\u012bbu, atsauc\u012bbu un uztveres sp\u0113ju. Veicina mieru, mazina dusmas un aizkaitin\u0101jumu. Izl\u012bdzina un rada gar\u012bgu un emocion\u0101lu stabilit\u0101ti. Zilais halcedons ir izcils gai\u0161redz\u012bbai, intu\u012bcijai, telep\u0101tijai un ener\u0123\u0113tiskai dziedin\u0101\u0161anai. Ir \u012bpa\u0161a saikne ar e\u0146\u0123e\u013cu sf\u0113ru. Aizsarg\u0101 no \u013caunuma (\u2018\u2019\u013caunas acs\u2019\u2019, meln\u0101s ma\u0123ijas). Absorb\u0113 un izklied\u0113 negat\u012bvo ener\u0123iju. Novietots zem spilvena uzlabo miegu. Att\u012bsta komunik\u0101cijas sp\u0113jas, labv\u0113l\u012bgi ietekm\u0113 balsi. Remd\u0113 uzbudin\u0101m\u012bbu, depresiju un melanholiju, no\u0146em nervu spriedzi, uzlabo atmi\u0146u, stiprina im\u016bnsist\u0113mu. Pielieto pie acu, asins, kaulu, liesas un \u017eultsp\u016b\u0161\u013ca kait\u0113m, k\u0101 ar\u012b pie va\u013c\u0113j\u0101m br\u016bc\u0113m. Pretiekaisuma efekts, pazemina temperat\u016bru un asinsspiedienu, normaliz\u0113 sirdsdarb\u012bbu. Pal\u012bdz dzied\u0113t plau\u0161as, att\u012br\u012bt elpo\u0161anas sist\u0113mu un atjaunot g\u013cot\u0101du membr\u0101nas. Veicina \u0161\u0137idruma (\u012bpa\u0161i limfas) atteci. Halcedonijs \u2013 v\u0113l viens akmens no kvarcu grupas. Tas ir sastopams da\u017e\u0101d\u0101s kr\u0101s\u0101s. \u013boti pateic\u012bgs materi\u0101ls rotu gatavo\u0161anai, jo, to sl\u012bp\u0113jot, ir iesp\u0113jams ieg\u016bt visda\u017e\u0101d\u0101k\u0101s formas. T\u0101 nosaukums (eng. Chalcedony) ir radies no senas grie\u0137u pils\u0113tas nosaukuma Chalkedon. Senajos laikos \u0161o akmeni izmantoja ar\u012b iero\u010du, darbar\u012bku un da\u017e\u0101du ikdienas lietu izgatavo\u0161an\u0101. Ar\u012b m\u016bsdien\u0101s no \u0161\u012b akmens gatavo gan rotas, gan da\u017e\u0101dus dekorat\u012bvus priek\u0161metus \u2013 k\u0101rbi\u0146as, l\u0101d\u012btes utt. Tiek uzskat\u012bts, ka halcedonijs pal\u012bdz sev\u012b rast emocion\u0101lo l\u012bdzsvaru, iztur\u012bbu, laipn\u012bbu, d\u0101snumu, atsauc\u012bgumu un draudz\u012bgumu. \u0100rstnieciskos nol\u016bkos halcedoniju izmanto drud\u017ea, leik\u0113mijas un acu probl\u0113mu \u0101rst\u0113\u0161ana<\/td>\n<\/tr>\n<\/tbody>\n<\/table>\n","protected":false},"excerpt":{"rendered":"<p>Praks\u0113 gaismas caurlaid\u012bgos, vienkr\u0101sainos akme\u0146us p\u0101rdod k\u0101 halcedonu, p\u0101r\u0113jiem \u0161\u012bs grupas kvarciem ir dots cits nosaukums vai tos tirgo k\u0101<\/p>\n","protected":false},"featured_media":36738,"template":"","meta":[],"product_brand":[],"product_cat":[2293,2294],"product_tag":[],"class_list":{"0":"post-36739","1":"product","2":"type-product","3":"status-publish","4":"has-post-thumbnail","6":"product_cat-dabiskie-akmeni-rokasspradzess-auskari-gredzeni-lv","7":"product_cat-rokasspradzes-lv-lv-2","9":"first","10":"outofstock","11":"sale","12":"taxable","13":"shipping-taxable","14":"purchasable","15":"product-type-simple"},"yoast_head":"<!-- This site is optimized with the Yoast SEO Premium plugin v27.0 (Yoast SEO v27.0) - https:\/\/yoast.com\/product\/yoast-seo-premium-wordpress\/ -->\n<title>8 mm Rokasspr\u0101dze dabiskie akme\u0146i halcedons - akmens d\u0101v\u0101 prieku - skaistums - cosmetic.lv<\/title>\n<meta name=\"robots\" content=\"index, follow, max-snippet:-1, max-image-preview:large, max-video-preview:-1\" \/>\n<link rel=\"canonical\" href=\"https:\/\/cosmetic.lv\/lv\/product\/8-mm-rokasspradze-dabiskie-akmeni-halcedons-akmens-dava-prieku-skaistums\/\" \/>\n<meta property=\"og:locale\" content=\"lv_LV\" \/>\n<meta property=\"og:type\" content=\"article\" \/>\n<meta property=\"og:title\" content=\"8 mm Rokasspr\u0101dze dabiskie akme\u0146i halcedons - akmens d\u0101v\u0101 prieku - skaistums\" \/>\n<meta property=\"og:description\" content=\"Praks\u0113 gaismas caurlaid\u012bgos, vienkr\u0101sainos akme\u0146us p\u0101rdod k\u0101 halcedonu, p\u0101r\u0113jiem \u0161\u012bs grupas kvarciem ir dots cits nosaukums vai tos tirgo k\u0101\" \/>\n<meta property=\"og:url\" content=\"https:\/\/cosmetic.lv\/lv\/product\/8-mm-rokasspradze-dabiskie-akmeni-halcedons-akmens-dava-prieku-skaistums\/\" \/>\n<meta property=\"og:site_name\" content=\"cosmetic.lv\" \/>\n<meta property=\"article:publisher\" content=\"https:\/\/www.facebook.com\/cosmetic.lv\/\" \/>\n<meta property=\"article:modified_time\" content=\"2021-05-03T19:05:10+00:00\" \/>\n<meta property=\"og:image\" content=\"https:\/\/cosmetic.lv\/wp-content\/uploads\/2021\/05\/20210226_1534391.jpg\" \/>\n\t<meta property=\"og:image:width\" content=\"800\" \/>\n\t<meta property=\"og:image:height\" content=\"450\" \/>\n\t<meta property=\"og:image:type\" content=\"image\/jpeg\" \/>\n<meta name=\"twitter:card\" content=\"summary_large_image\" \/>\n<script type=\"application\/ld+json\" class=\"yoast-schema-graph\">{\"@context\":\"https:\/\/schema.org\",\"@graph\":[{\"@type\":\"WebPage\",\"@id\":\"https:\/\/cosmetic.lv\/lv\/product\/8-mm-rokasspradze-dabiskie-akmeni-halcedons-akmens-dava-prieku-skaistums\/\",\"url\":\"https:\/\/cosmetic.lv\/lv\/product\/8-mm-rokasspradze-dabiskie-akmeni-halcedons-akmens-dava-prieku-skaistums\/\",\"name\":\"8 mm Rokasspr\u0101dze dabiskie akme\u0146i halcedons - akmens d\u0101v\u0101 prieku - skaistums - cosmetic.lv\",\"isPartOf\":{\"@id\":\"https:\/\/cosmetic.lv\/lv\/#website\"},\"primaryImageOfPage\":{\"@id\":\"https:\/\/cosmetic.lv\/lv\/product\/8-mm-rokasspradze-dabiskie-akmeni-halcedons-akmens-dava-prieku-skaistums\/#primaryimage\"},\"image\":{\"@id\":\"https:\/\/cosmetic.lv\/lv\/product\/8-mm-rokasspradze-dabiskie-akmeni-halcedons-akmens-dava-prieku-skaistums\/#primaryimage\"},\"thumbnailUrl\":\"https:\/\/cosmetic.lv\/wp-content\/uploads\/2021\/05\/20210226_1534391.jpg\",\"datePublished\":\"2021-05-03T18:58:44+00:00\",\"dateModified\":\"2021-05-03T19:05:10+00:00\",\"breadcrumb\":{\"@id\":\"https:\/\/cosmetic.lv\/lv\/product\/8-mm-rokasspradze-dabiskie-akmeni-halcedons-akmens-dava-prieku-skaistums\/#breadcrumb\"},\"inLanguage\":\"lv-LV\",\"potentialAction\":[{\"@type\":\"ReadAction\",\"target\":[\"https:\/\/cosmetic.lv\/lv\/product\/8-mm-rokasspradze-dabiskie-akmeni-halcedons-akmens-dava-prieku-skaistums\/\"]}]},{\"@type\":\"ImageObject\",\"inLanguage\":\"lv-LV\",\"@id\":\"https:\/\/cosmetic.lv\/lv\/product\/8-mm-rokasspradze-dabiskie-akmeni-halcedons-akmens-dava-prieku-skaistums\/#primaryimage\",\"url\":\"https:\/\/cosmetic.lv\/wp-content\/uploads\/2021\/05\/20210226_1534391.jpg\",\"contentUrl\":\"https:\/\/cosmetic.lv\/wp-content\/uploads\/2021\/05\/20210226_1534391.jpg\",\"width\":800,\"height\":450},{\"@type\":\"BreadcrumbList\",\"@id\":\"https:\/\/cosmetic.lv\/lv\/product\/8-mm-rokasspradze-dabiskie-akmeni-halcedons-akmens-dava-prieku-skaistums\/#breadcrumb\",\"itemListElement\":[{\"@type\":\"ListItem\",\"position\":1,\"name\":\"Home\",\"item\":\"https:\/\/cosmetic.lv\/lv\/\"},{\"@type\":\"ListItem\",\"position\":2,\"name\":\"Veikals\",\"item\":\"https:\/\/cosmetic.lv\/lv\/veiklas\/\"},{\"@type\":\"ListItem\",\"position\":3,\"name\":\"8 mm Rokasspr\u0101dze dabiskie akme\u0146i halcedons &#8212; akmens d\u0101v\u0101 prieku &#8212; skaistums\"}]},{\"@type\":\"WebSite\",\"@id\":\"https:\/\/cosmetic.lv\/lv\/#website\",\"url\":\"https:\/\/cosmetic.lv\/lv\/\",\"name\":\"cosmetic.lv\",\"description\":\"Profesion\u0101la kosm\u0113tika - Maria Galland, Keune, Arkadija, GMT, Guam, Magiray\",\"publisher\":{\"@id\":\"https:\/\/cosmetic.lv\/lv\/#organization\"},\"potentialAction\":[{\"@type\":\"SearchAction\",\"target\":{\"@type\":\"EntryPoint\",\"urlTemplate\":\"https:\/\/cosmetic.lv\/lv\/?s={search_term_string}\"},\"query-input\":{\"@type\":\"PropertyValueSpecification\",\"valueRequired\":true,\"valueName\":\"search_term_string\"}}],\"inLanguage\":\"lv-LV\"},{\"@type\":\"Organization\",\"@id\":\"https:\/\/cosmetic.lv\/lv\/#organization\",\"name\":\"COSMETIC.LV\",\"url\":\"https:\/\/cosmetic.lv\/lv\/\",\"logo\":{\"@type\":\"ImageObject\",\"inLanguage\":\"lv-LV\",\"@id\":\"https:\/\/cosmetic.lv\/lv\/#\/schema\/logo\/image\/\",\"url\":\"https:\/\/cosmetic.lv\/wp-content\/uploads\/2021\/02\/cosmetic.lv_logo.jpg\",\"contentUrl\":\"https:\/\/cosmetic.lv\/wp-content\/uploads\/2021\/02\/cosmetic.lv_logo.jpg\",\"width\":596,\"height\":196,\"caption\":\"COSMETIC.LV\"},\"image\":{\"@id\":\"https:\/\/cosmetic.lv\/lv\/#\/schema\/logo\/image\/\"},\"sameAs\":[\"https:\/\/www.facebook.com\/cosmetic.lv\/\"]}]}<\/script>\n<meta property=\"product:price:amount\" content=\"14.50\" \/>\n<meta property=\"product:price:currency\" content=\"EUR\" \/>\n<meta property=\"og:availability\" content=\"out of stock\" \/>\n<meta property=\"product:availability\" content=\"out of stock\" \/>\n<meta property=\"product:retailer_item_id\" content=\"halcko\" \/>\n<meta property=\"product:condition\" content=\"new\" \/>\n<!-- \/ Yoast SEO Premium plugin. -->","yoast_head_json":{"title":"8 mm Rokasspr\u0101dze dabiskie akme\u0146i halcedons - akmens d\u0101v\u0101 prieku - skaistums - cosmetic.lv","robots":{"index":"index","follow":"follow","max-snippet":"max-snippet:-1","max-image-preview":"max-image-preview:large","max-video-preview":"max-video-preview:-1"},"canonical":"https:\/\/cosmetic.lv\/lv\/product\/8-mm-rokasspradze-dabiskie-akmeni-halcedons-akmens-dava-prieku-skaistums\/","og_locale":"lv_LV","og_type":"article","og_title":"8 mm Rokasspr\u0101dze dabiskie akme\u0146i halcedons - akmens d\u0101v\u0101 prieku - skaistums","og_description":"Praks\u0113 gaismas caurlaid\u012bgos, vienkr\u0101sainos akme\u0146us p\u0101rdod k\u0101 halcedonu, p\u0101r\u0113jiem \u0161\u012bs grupas kvarciem ir dots cits nosaukums vai tos tirgo k\u0101","og_url":"https:\/\/cosmetic.lv\/lv\/product\/8-mm-rokasspradze-dabiskie-akmeni-halcedons-akmens-dava-prieku-skaistums\/","og_site_name":"cosmetic.lv","article_publisher":"https:\/\/www.facebook.com\/cosmetic.lv\/","article_modified_time":"2021-05-03T19:05:10+00:00","og_image":[{"width":800,"height":450,"url":"https:\/\/cosmetic.lv\/wp-content\/uploads\/2021\/05\/20210226_1534391.jpg","type":"image\/jpeg"}],"twitter_card":"summary_large_image","schema":{"@context":"https:\/\/schema.org","@graph":[{"@type":"WebPage","@id":"https:\/\/cosmetic.lv\/lv\/product\/8-mm-rokasspradze-dabiskie-akmeni-halcedons-akmens-dava-prieku-skaistums\/","url":"https:\/\/cosmetic.lv\/lv\/product\/8-mm-rokasspradze-dabiskie-akmeni-halcedons-akmens-dava-prieku-skaistums\/","name":"8 mm Rokasspr\u0101dze dabiskie akme\u0146i halcedons - akmens d\u0101v\u0101 prieku - skaistums - cosmetic.lv","isPartOf":{"@id":"https:\/\/cosmetic.lv\/lv\/#website"},"primaryImageOfPage":{"@id":"https:\/\/cosmetic.lv\/lv\/product\/8-mm-rokasspradze-dabiskie-akmeni-halcedons-akmens-dava-prieku-skaistums\/#primaryimage"},"image":{"@id":"https:\/\/cosmetic.lv\/lv\/product\/8-mm-rokasspradze-dabiskie-akmeni-halcedons-akmens-dava-prieku-skaistums\/#primaryimage"},"thumbnailUrl":"https:\/\/cosmetic.lv\/wp-content\/uploads\/2021\/05\/20210226_1534391.jpg","datePublished":"2021-05-03T18:58:44+00:00","dateModified":"2021-05-03T19:05:10+00:00","breadcrumb":{"@id":"https:\/\/cosmetic.lv\/lv\/product\/8-mm-rokasspradze-dabiskie-akmeni-halcedons-akmens-dava-prieku-skaistums\/#breadcrumb"},"inLanguage":"lv-LV","potentialAction":[{"@type":"ReadAction","target":["https:\/\/cosmetic.lv\/lv\/product\/8-mm-rokasspradze-dabiskie-akmeni-halcedons-akmens-dava-prieku-skaistums\/"]}]},{"@type":"ImageObject","inLanguage":"lv-LV","@id":"https:\/\/cosmetic.lv\/lv\/product\/8-mm-rokasspradze-dabiskie-akmeni-halcedons-akmens-dava-prieku-skaistums\/#primaryimage","url":"https:\/\/cosmetic.lv\/wp-content\/uploads\/2021\/05\/20210226_1534391.jpg","contentUrl":"https:\/\/cosmetic.lv\/wp-content\/uploads\/2021\/05\/20210226_1534391.jpg","width":800,"height":450},{"@type":"BreadcrumbList","@id":"https:\/\/cosmetic.lv\/lv\/product\/8-mm-rokasspradze-dabiskie-akmeni-halcedons-akmens-dava-prieku-skaistums\/#breadcrumb","itemListElement":[{"@type":"ListItem","position":1,"name":"Home","item":"https:\/\/cosmetic.lv\/lv\/"},{"@type":"ListItem","position":2,"name":"Veikals","item":"https:\/\/cosmetic.lv\/lv\/veiklas\/"},{"@type":"ListItem","position":3,"name":"8 mm Rokasspr\u0101dze dabiskie akme\u0146i halcedons &#8212; akmens d\u0101v\u0101 prieku &#8212; skaistums"}]},{"@type":"WebSite","@id":"https:\/\/cosmetic.lv\/lv\/#website","url":"https:\/\/cosmetic.lv\/lv\/","name":"cosmetic.lv","description":"Profesion\u0101la kosm\u0113tika - Maria Galland, Keune, Arkadija, GMT, Guam, Magiray","publisher":{"@id":"https:\/\/cosmetic.lv\/lv\/#organization"},"potentialAction":[{"@type":"SearchAction","target":{"@type":"EntryPoint","urlTemplate":"https:\/\/cosmetic.lv\/lv\/?s={search_term_string}"},"query-input":{"@type":"PropertyValueSpecification","valueRequired":true,"valueName":"search_term_string"}}],"inLanguage":"lv-LV"},{"@type":"Organization","@id":"https:\/\/cosmetic.lv\/lv\/#organization","name":"COSMETIC.LV","url":"https:\/\/cosmetic.lv\/lv\/","logo":{"@type":"ImageObject","inLanguage":"lv-LV","@id":"https:\/\/cosmetic.lv\/lv\/#\/schema\/logo\/image\/","url":"https:\/\/cosmetic.lv\/wp-content\/uploads\/2021\/02\/cosmetic.lv_logo.jpg","contentUrl":"https:\/\/cosmetic.lv\/wp-content\/uploads\/2021\/02\/cosmetic.lv_logo.jpg","width":596,"height":196,"caption":"COSMETIC.LV"},"image":{"@id":"https:\/\/cosmetic.lv\/lv\/#\/schema\/logo\/image\/"},"sameAs":["https:\/\/www.facebook.com\/cosmetic.lv\/"]}]},"product_price_amount":"14.50","product_price_currency":"EUR","og_availability":"out of stock","product_availability":"out of stock","product_retailer_item_id":"halcko","product_condition":"new"},"_links":{"self":[{"href":"https:\/\/cosmetic.lv\/lv\/wp-json\/wp\/v2\/product\/36739","targetHints":{"allow":["GET"]}}],"collection":[{"href":"https:\/\/cosmetic.lv\/lv\/wp-json\/wp\/v2\/product"}],"about":[{"href":"https:\/\/cosmetic.lv\/lv\/wp-json\/wp\/v2\/types\/product"}],"wp:featuredmedia":[{"embeddable":true,"href":"https:\/\/cosmetic.lv\/lv\/wp-json\/wp\/v2\/media\/36738"}],"wp:attachment":[{"href":"https:\/\/cosmetic.lv\/lv\/wp-json\/wp\/v2\/media?parent=36739"}],"wp:term":[{"taxonomy":"product_brand","embeddable":true,"href":"https:\/\/cosmetic.lv\/lv\/wp-json\/wp\/v2\/product_brand?post=36739"},{"taxonomy":"product_cat","embeddable":true,"href":"https:\/\/cosmetic.lv\/lv\/wp-json\/wp\/v2\/product_cat?post=36739"},{"taxonomy":"product_tag","embeddable":true,"href":"https:\/\/cosmetic.lv\/lv\/wp-json\/wp\/v2\/product_tag?post=36739"}],"curies":[{"name":"wp","href":"https:\/\/api.w.org\/{rel}","templated":true}]}}