{"id":36849,"date":"2021-05-09T08:40:29","date_gmt":"2021-05-09T05:42:05","guid":{"rendered":"https:\/\/cosmetic.lv\/?post_type=product&#038;p=36849"},"modified":"2021-05-09T08:42:05","modified_gmt":"2021-05-09T05:42:05","slug":"transformacijas-spele-speles-atmoda","status":"publish","type":"product","link":"https:\/\/cosmetic.lv\/lv\/product\/transformacijas-spele-speles-atmoda\/","title":{"rendered":"Transform\u0101cijas sp\u0113le  sp\u0113les &#8220;Atmoda&#8221;"},"content":{"rendered":"<div id=\"tw-target-text-container\">\n<pre id=\"tw-target-text\" dir=\"ltr\">Sp\u0113les autore: Marija Gorina - metodi\u0137e, galda sp\u0113\u013cu autore un att\u012bst\u012bt\u0101ja, sp\u0113\u013cu trenere, sp\u0113\u013cu in\u017eenieris, biznesa trenere.\r\n\r\nApr\u012bkojums:\r\n\r\n    Detaliz\u0113ti sp\u0113les noteikumi - 1 gabals\r\n    Ori\u0123in\u0101l\u0101s sp\u0113les lotosa mikrosh\u0113mas - 4 gab\r\n    Apa\u013cas mikrosh\u0113mas lotosa kr\u0101s\u0101 - 12 gab\r\n    8-pus\u012bgie kauli\u0146i - 1 gab\r\n    Dice \"J\u0101, n\u0113, varb\u016bt\" - 1 gabals\r\n    Sp\u0113\u013cu laukums no auduma 42x42 cm - 1 gabals (audums ir viegli mazg\u0101jams ve\u013cas ma\u0161\u012bn\u0101, neizbal\u0113 un nesadrupina)\r\n    Pilns sp\u0113\u013cu k\u0101r\u0161u komplekts - 155 gab\r\n    Elast\u012bg\u0101s lentes kar\u0161u glab\u0101\u0161anai - 4 gab\r\n    P\u0101rsteiguma kartes - 3 gab\r\n\r\nSp\u0113les tap\u0161anas gads - 2019. gads\r\n\r\nSp\u0113li-medit\u0101ciju \"Atmoda\" var sp\u0113l\u0113t gan vienatn\u0113, gan draugu un radinieku pavad\u012bb\u0101.\r\n\r\nMaksim\u0101lais dal\u012bbnieku skaits ir 4 cilv\u0113ki.<\/pre>\n<\/div>\n<div id=\"tw-target-rmn-container\">\n<pre id=\"tw-target-rmn\" dir=\"ltr\"><\/pre>\n<\/div>\n","protected":false},"excerpt":{"rendered":"<p>Sp\u0113les autore: Marija Gorina &#8211; metodi\u0137e, galda sp\u0113\u013cu autore un att\u012bst\u012bt\u0101ja, sp\u0113\u013cu trenere, sp\u0113\u013cu in\u017eenieris, biznesa trenere. Apr\u012bkojums: Detaliz\u0113ti sp\u0113les<\/p>\n","protected":false},"featured_media":36843,"template":"","meta":[],"product_brand":[],"product_cat":[2288],"product_tag":[],"class_list":{"0":"post-36849","1":"product","2":"type-product","3":"status-publish","4":"has-post-thumbnail","6":"product_cat-ezoterika-kartis-lv","8":"first","9":"outofstock","10":"sale","11":"taxable","12":"shipping-taxable","13":"purchasable","14":"product-type-simple"},"yoast_head":"<!-- This site is optimized with the Yoast SEO Premium plugin v27.0 (Yoast SEO v27.0) - https:\/\/yoast.com\/product\/yoast-seo-premium-wordpress\/ -->\n<title>Transform\u0101cijas sp\u0113le sp\u0113les &quot;Atmoda&quot; - cosmetic.lv<\/title>\n<meta name=\"robots\" content=\"index, follow, max-snippet:-1, max-image-preview:large, max-video-preview:-1\" \/>\n<link rel=\"canonical\" href=\"https:\/\/cosmetic.lv\/lv\/product\/transformacijas-spele-speles-atmoda\/\" \/>\n<meta property=\"og:locale\" content=\"lv_LV\" \/>\n<meta property=\"og:type\" content=\"article\" \/>\n<meta property=\"og:title\" content=\"Transform\u0101cijas sp\u0113le sp\u0113les &quot;Atmoda&quot;\" \/>\n<meta property=\"og:description\" content=\"Sp\u0113les autore: Marija Gorina - metodi\u0137e, galda sp\u0113\u013cu autore un att\u012bst\u012bt\u0101ja, sp\u0113\u013cu trenere, sp\u0113\u013cu in\u017eenieris, biznesa trenere. Apr\u012bkojums: Detaliz\u0113ti sp\u0113les\" \/>\n<meta property=\"og:url\" content=\"https:\/\/cosmetic.lv\/lv\/product\/transformacijas-spele-speles-atmoda\/\" \/>\n<meta property=\"og:site_name\" content=\"cosmetic.lv\" \/>\n<meta property=\"article:publisher\" content=\"https:\/\/www.facebook.com\/cosmetic.lv\/\" \/>\n<meta property=\"og:image\" content=\"https:\/\/cosmetic.lv\/wp-content\/uploads\/2021\/05\/image2-scaled-1.jpeg\" \/>\n\t<meta property=\"og:image:width\" content=\"2560\" \/>\n\t<meta property=\"og:image:height\" content=\"2560\" \/>\n\t<meta property=\"og:image:type\" content=\"image\/jpeg\" \/>\n<meta name=\"twitter:card\" content=\"summary_large_image\" \/>\n<script type=\"application\/ld+json\" class=\"yoast-schema-graph\">{\"@context\":\"https:\/\/schema.org\",\"@graph\":[{\"@type\":\"WebPage\",\"@id\":\"https:\/\/cosmetic.lv\/lv\/product\/transformacijas-spele-speles-atmoda\/\",\"url\":\"https:\/\/cosmetic.lv\/lv\/product\/transformacijas-spele-speles-atmoda\/\",\"name\":\"Transform\u0101cijas sp\u0113le sp\u0113les \\\"Atmoda\\\" - cosmetic.lv\",\"isPartOf\":{\"@id\":\"https:\/\/cosmetic.lv\/lv\/#website\"},\"primaryImageOfPage\":{\"@id\":\"https:\/\/cosmetic.lv\/lv\/product\/transformacijas-spele-speles-atmoda\/#primaryimage\"},\"image\":{\"@id\":\"https:\/\/cosmetic.lv\/lv\/product\/transformacijas-spele-speles-atmoda\/#primaryimage\"},\"thumbnailUrl\":\"https:\/\/cosmetic.lv\/wp-content\/uploads\/2021\/05\/image2-scaled-1.jpeg\",\"datePublished\":\"2021-05-09T05:42:05+00:00\",\"breadcrumb\":{\"@id\":\"https:\/\/cosmetic.lv\/lv\/product\/transformacijas-spele-speles-atmoda\/#breadcrumb\"},\"inLanguage\":\"lv-LV\",\"potentialAction\":[{\"@type\":\"ReadAction\",\"target\":[\"https:\/\/cosmetic.lv\/lv\/product\/transformacijas-spele-speles-atmoda\/\"]}]},{\"@type\":\"ImageObject\",\"inLanguage\":\"lv-LV\",\"@id\":\"https:\/\/cosmetic.lv\/lv\/product\/transformacijas-spele-speles-atmoda\/#primaryimage\",\"url\":\"https:\/\/cosmetic.lv\/wp-content\/uploads\/2021\/05\/image2-scaled-1.jpeg\",\"contentUrl\":\"https:\/\/cosmetic.lv\/wp-content\/uploads\/2021\/05\/image2-scaled-1.jpeg\",\"width\":2560,\"height\":2560},{\"@type\":\"BreadcrumbList\",\"@id\":\"https:\/\/cosmetic.lv\/lv\/product\/transformacijas-spele-speles-atmoda\/#breadcrumb\",\"itemListElement\":[{\"@type\":\"ListItem\",\"position\":1,\"name\":\"Home\",\"item\":\"https:\/\/cosmetic.lv\/lv\/\"},{\"@type\":\"ListItem\",\"position\":2,\"name\":\"Veikals\",\"item\":\"https:\/\/cosmetic.lv\/lv\/veiklas\/\"},{\"@type\":\"ListItem\",\"position\":3,\"name\":\"Transform\u0101cijas sp\u0113le sp\u0113les &#171;Atmoda&#187;\"}]},{\"@type\":\"WebSite\",\"@id\":\"https:\/\/cosmetic.lv\/lv\/#website\",\"url\":\"https:\/\/cosmetic.lv\/lv\/\",\"name\":\"cosmetic.lv\",\"description\":\"Profesion\u0101la kosm\u0113tika - Maria Galland, Keune, Arkadija, GMT, Guam, Magiray\",\"publisher\":{\"@id\":\"https:\/\/cosmetic.lv\/lv\/#organization\"},\"potentialAction\":[{\"@type\":\"SearchAction\",\"target\":{\"@type\":\"EntryPoint\",\"urlTemplate\":\"https:\/\/cosmetic.lv\/lv\/?s={search_term_string}\"},\"query-input\":{\"@type\":\"PropertyValueSpecification\",\"valueRequired\":true,\"valueName\":\"search_term_string\"}}],\"inLanguage\":\"lv-LV\"},{\"@type\":\"Organization\",\"@id\":\"https:\/\/cosmetic.lv\/lv\/#organization\",\"name\":\"COSMETIC.LV\",\"url\":\"https:\/\/cosmetic.lv\/lv\/\",\"logo\":{\"@type\":\"ImageObject\",\"inLanguage\":\"lv-LV\",\"@id\":\"https:\/\/cosmetic.lv\/lv\/#\/schema\/logo\/image\/\",\"url\":\"https:\/\/cosmetic.lv\/wp-content\/uploads\/2021\/02\/cosmetic.lv_logo.jpg\",\"contentUrl\":\"https:\/\/cosmetic.lv\/wp-content\/uploads\/2021\/02\/cosmetic.lv_logo.jpg\",\"width\":596,\"height\":196,\"caption\":\"COSMETIC.LV\"},\"image\":{\"@id\":\"https:\/\/cosmetic.lv\/lv\/#\/schema\/logo\/image\/\"},\"sameAs\":[\"https:\/\/www.facebook.com\/cosmetic.lv\/\"]}]}<\/script>\n<meta property=\"product:price:amount\" content=\"92.50\" \/>\n<meta property=\"product:price:currency\" content=\"EUR\" \/>\n<meta property=\"og:availability\" content=\"out of stock\" \/>\n<meta property=\"product:availability\" content=\"out of stock\" \/>\n<meta property=\"product:retailer_item_id\" content=\"probuzdenie\" \/>\n<meta property=\"product:condition\" content=\"new\" \/>\n<!-- \/ Yoast SEO Premium plugin. -->","yoast_head_json":{"title":"Transform\u0101cijas sp\u0113le sp\u0113les \"Atmoda\" - cosmetic.lv","robots":{"index":"index","follow":"follow","max-snippet":"max-snippet:-1","max-image-preview":"max-image-preview:large","max-video-preview":"max-video-preview:-1"},"canonical":"https:\/\/cosmetic.lv\/lv\/product\/transformacijas-spele-speles-atmoda\/","og_locale":"lv_LV","og_type":"article","og_title":"Transform\u0101cijas sp\u0113le sp\u0113les \"Atmoda\"","og_description":"Sp\u0113les autore: Marija Gorina - metodi\u0137e, galda sp\u0113\u013cu autore un att\u012bst\u012bt\u0101ja, sp\u0113\u013cu trenere, sp\u0113\u013cu in\u017eenieris, biznesa trenere. Apr\u012bkojums: Detaliz\u0113ti sp\u0113les","og_url":"https:\/\/cosmetic.lv\/lv\/product\/transformacijas-spele-speles-atmoda\/","og_site_name":"cosmetic.lv","article_publisher":"https:\/\/www.facebook.com\/cosmetic.lv\/","og_image":[{"width":2560,"height":2560,"url":"https:\/\/cosmetic.lv\/wp-content\/uploads\/2021\/05\/image2-scaled-1.jpeg","type":"image\/jpeg"}],"twitter_card":"summary_large_image","schema":{"@context":"https:\/\/schema.org","@graph":[{"@type":"WebPage","@id":"https:\/\/cosmetic.lv\/lv\/product\/transformacijas-spele-speles-atmoda\/","url":"https:\/\/cosmetic.lv\/lv\/product\/transformacijas-spele-speles-atmoda\/","name":"Transform\u0101cijas sp\u0113le sp\u0113les \"Atmoda\" - cosmetic.lv","isPartOf":{"@id":"https:\/\/cosmetic.lv\/lv\/#website"},"primaryImageOfPage":{"@id":"https:\/\/cosmetic.lv\/lv\/product\/transformacijas-spele-speles-atmoda\/#primaryimage"},"image":{"@id":"https:\/\/cosmetic.lv\/lv\/product\/transformacijas-spele-speles-atmoda\/#primaryimage"},"thumbnailUrl":"https:\/\/cosmetic.lv\/wp-content\/uploads\/2021\/05\/image2-scaled-1.jpeg","datePublished":"2021-05-09T05:42:05+00:00","breadcrumb":{"@id":"https:\/\/cosmetic.lv\/lv\/product\/transformacijas-spele-speles-atmoda\/#breadcrumb"},"inLanguage":"lv-LV","potentialAction":[{"@type":"ReadAction","target":["https:\/\/cosmetic.lv\/lv\/product\/transformacijas-spele-speles-atmoda\/"]}]},{"@type":"ImageObject","inLanguage":"lv-LV","@id":"https:\/\/cosmetic.lv\/lv\/product\/transformacijas-spele-speles-atmoda\/#primaryimage","url":"https:\/\/cosmetic.lv\/wp-content\/uploads\/2021\/05\/image2-scaled-1.jpeg","contentUrl":"https:\/\/cosmetic.lv\/wp-content\/uploads\/2021\/05\/image2-scaled-1.jpeg","width":2560,"height":2560},{"@type":"BreadcrumbList","@id":"https:\/\/cosmetic.lv\/lv\/product\/transformacijas-spele-speles-atmoda\/#breadcrumb","itemListElement":[{"@type":"ListItem","position":1,"name":"Home","item":"https:\/\/cosmetic.lv\/lv\/"},{"@type":"ListItem","position":2,"name":"Veikals","item":"https:\/\/cosmetic.lv\/lv\/veiklas\/"},{"@type":"ListItem","position":3,"name":"Transform\u0101cijas sp\u0113le sp\u0113les &#171;Atmoda&#187;"}]},{"@type":"WebSite","@id":"https:\/\/cosmetic.lv\/lv\/#website","url":"https:\/\/cosmetic.lv\/lv\/","name":"cosmetic.lv","description":"Profesion\u0101la kosm\u0113tika - Maria Galland, Keune, Arkadija, GMT, Guam, Magiray","publisher":{"@id":"https:\/\/cosmetic.lv\/lv\/#organization"},"potentialAction":[{"@type":"SearchAction","target":{"@type":"EntryPoint","urlTemplate":"https:\/\/cosmetic.lv\/lv\/?s={search_term_string}"},"query-input":{"@type":"PropertyValueSpecification","valueRequired":true,"valueName":"search_term_string"}}],"inLanguage":"lv-LV"},{"@type":"Organization","@id":"https:\/\/cosmetic.lv\/lv\/#organization","name":"COSMETIC.LV","url":"https:\/\/cosmetic.lv\/lv\/","logo":{"@type":"ImageObject","inLanguage":"lv-LV","@id":"https:\/\/cosmetic.lv\/lv\/#\/schema\/logo\/image\/","url":"https:\/\/cosmetic.lv\/wp-content\/uploads\/2021\/02\/cosmetic.lv_logo.jpg","contentUrl":"https:\/\/cosmetic.lv\/wp-content\/uploads\/2021\/02\/cosmetic.lv_logo.jpg","width":596,"height":196,"caption":"COSMETIC.LV"},"image":{"@id":"https:\/\/cosmetic.lv\/lv\/#\/schema\/logo\/image\/"},"sameAs":["https:\/\/www.facebook.com\/cosmetic.lv\/"]}]},"product_price_amount":"92.50","product_price_currency":"EUR","og_availability":"out of stock","product_availability":"out of stock","product_retailer_item_id":"probuzdenie","product_condition":"new"},"_links":{"self":[{"href":"https:\/\/cosmetic.lv\/lv\/wp-json\/wp\/v2\/product\/36849","targetHints":{"allow":["GET"]}}],"collection":[{"href":"https:\/\/cosmetic.lv\/lv\/wp-json\/wp\/v2\/product"}],"about":[{"href":"https:\/\/cosmetic.lv\/lv\/wp-json\/wp\/v2\/types\/product"}],"wp:featuredmedia":[{"embeddable":true,"href":"https:\/\/cosmetic.lv\/lv\/wp-json\/wp\/v2\/media\/36843"}],"wp:attachment":[{"href":"https:\/\/cosmetic.lv\/lv\/wp-json\/wp\/v2\/media?parent=36849"}],"wp:term":[{"taxonomy":"product_brand","embeddable":true,"href":"https:\/\/cosmetic.lv\/lv\/wp-json\/wp\/v2\/product_brand?post=36849"},{"taxonomy":"product_cat","embeddable":true,"href":"https:\/\/cosmetic.lv\/lv\/wp-json\/wp\/v2\/product_cat?post=36849"},{"taxonomy":"product_tag","embeddable":true,"href":"https:\/\/cosmetic.lv\/lv\/wp-json\/wp\/v2\/product_tag?post=36849"}],"curies":[{"name":"wp","href":"https:\/\/api.w.org\/{rel}","templated":true}]}}