{"id":36860,"date":"2021-05-09T09:07:31","date_gmt":"2021-05-09T06:33:43","guid":{"rendered":"https:\/\/cosmetic.lv\/?post_type=product&#038;p=36860"},"modified":"2021-05-09T09:33:44","modified_gmt":"2021-05-09T06:33:44","slug":"transformacijas-spele-satori","status":"publish","type":"product","link":"https:\/\/cosmetic.lv\/lv\/product\/transformacijas-spele-satori\/","title":{"rendered":"Transform\u0101cijas sp\u0113le Satori"},"content":{"rendered":"<pre dir=\"ltr\">Radik\u0101las piedo\u0161anas sp\u0113le \"SATORI\".\r\n\r\nSatori sp\u0113le nav tikai terapeitiskas p\u0101rveido\u0161anas sp\u0113le. \u0160\u012b ir treni\u0146u sp\u0113le, pateicoties kurai rota\u013c\u012bg\u0101, maig\u0101 form\u0101 t\u0101 pal\u012bdz \u0137erties pie darba ar negat\u012bv\u0101m emocij\u0101m un stresa situ\u0101cij\u0101m un ir paredz\u0113ta, lai pal\u012bdz\u0113tu cilv\u0113kam atjaunot zaud\u0113to iek\u0161\u0113jo harmoniju, atjaunot mier\u012bgumu un p\u0101rliec\u012bbu par sevi.\r\n\r\nSp\u0113\u013cu pakete:\r\n<\/pre>\n<div id=\"tw-target-text-container\">\n<pre id=\"tw-target-text\" dir=\"ltr\">Sp\u0113\u013cu pakete:\r\n\r\n    sp\u0113les laukums 45,5 x45,5 cm;\r\n    bultas ritenis;\r\n    kubs 1 gab;\r\n    gr\u0101mata, aicin\u0101jums sp\u0113l\u0113t\u0101jiem;\r\n    sp\u0113les ce\u013cvedis 5 gab.\r\n    person\u012bg\u0101 sp\u0113les karte 5 gab.\r\n    Karte \u201cAps\u016bdz\u012bbas sp\u0113le\u201d 1 gab.\r\n    kart\u012btes \u201cUpuru valsts-v\u0101rti-Satori\u201d 5 gab .;\r\n    mikrosh\u0113mas 5 gab;\r\n    \"P\u0101rliecin\u0101\u0161anas\" kartes 48 gab.\r\n    kart\u012btes \u201cKas notika\u201d 24 gab.\r\n    karti\u0146as \"Jaun\u0101 v\u0113sture\" 36 gab;\r\n    kartes \"Pas\u0101kums\" 24 gab;\r\n    \"Konteksta\" kartes 24 gab.\r\n    Karma kartes 24 gab.\r\n    kartes \"Ener\u0123ijas bloks\" 49 gab .: 7 kr\u0101sas, 7 katras kr\u0101sas kart\u012btes.\r\n\r\nSp\u0113le ir iesai\u0146ota kartona kast\u0113.<\/pre>\n<\/div>\n<div id=\"tw-target-rmn-container\">\n<pre id=\"tw-target-text\" dir=\"ltr\">Sp\u0113l\u0113\u0161ana Satori \u013cauj koncentr\u0113ties uz piedo\u0161anu vienam cilv\u0113kam, kur\u0161, p\u0113c j\u016bsu dom\u0101m, visvair\u0101k saboj\u0101 j\u016bsu dz\u012bvi.\r\n\r\nVis\u0101 m\u016bsu dz\u012bv\u0113 m\u0113s piedz\u012bvojam daudz negat\u012bvu emociju - dusmas, dusmas, skumjas, vainas apzi\u0146u ...\r\n\r\nBet dz\u012bves \u0101trums un pieredzes tr\u016bkums bie\u017ei trauc\u0113 mums tos piedz\u012bvot, m\u0101c\u012bties no vi\u0146iem un \u013cauties.\r\n\r\nM\u0113s vi\u0146us sl\u0113pjam nosl\u0113gt\u0101 dv\u0113seles st\u016br\u012b, izliekoties, ka vi\u0146u vienk\u0101r\u0161i nav, un tom\u0113r tie nekur nepaz\u016bd, turpinot saind\u0113t m\u016bsu b\u016btni.\r\n\r\nSp\u0113le \"Satori\" ir v\u0113rsta uz piedo\u0161anu, apzin\u0101\u0161anos un jebk\u0101da veida aizvainojuma no\u0146em\u0161anu, kas gadu gait\u0101 ir uzkr\u0101jies attiec\u012bb\u0101 pret vi\u0146u.<\/pre>\n<\/div>\n","protected":false},"excerpt":{"rendered":"<p>Radik\u0101las piedo\u0161anas sp\u0113le &#8220;SATORI&#8221;. Satori sp\u0113le nav tikai terapeitiskas p\u0101rveido\u0161anas sp\u0113le. \u0160\u012b ir treni\u0146u sp\u0113le, pateicoties kurai rota\u013c\u012bg\u0101, maig\u0101 form\u0101<\/p>\n","protected":false},"featured_media":36857,"template":"","meta":[],"product_brand":[],"product_cat":[2288],"product_tag":[],"class_list":{"0":"post-36860","1":"product","2":"type-product","3":"status-publish","4":"has-post-thumbnail","6":"product_cat-ezoterika-kartis-lv","8":"first","9":"outofstock","10":"taxable","11":"shipping-taxable","12":"purchasable","13":"product-type-simple"},"yoast_head":"<!-- This site is optimized with the Yoast SEO Premium plugin v27.0 (Yoast SEO v27.0) - https:\/\/yoast.com\/product\/yoast-seo-premium-wordpress\/ -->\n<title>Transform\u0101cijas sp\u0113le Satori - cosmetic.lv<\/title>\n<meta name=\"robots\" content=\"index, follow, max-snippet:-1, max-image-preview:large, max-video-preview:-1\" \/>\n<link rel=\"canonical\" href=\"https:\/\/cosmetic.lv\/lv\/product\/transformacijas-spele-satori\/\" \/>\n<meta property=\"og:locale\" content=\"lv_LV\" \/>\n<meta property=\"og:type\" content=\"article\" \/>\n<meta property=\"og:title\" content=\"Transform\u0101cijas sp\u0113le Satori\" \/>\n<meta property=\"og:description\" content=\"Radik\u0101las piedo\u0161anas sp\u0113le &quot;SATORI&quot;. Satori sp\u0113le nav tikai terapeitiskas p\u0101rveido\u0161anas sp\u0113le. \u0160\u012b ir treni\u0146u sp\u0113le, pateicoties kurai rota\u013c\u012bg\u0101, maig\u0101 form\u0101\" \/>\n<meta property=\"og:url\" content=\"https:\/\/cosmetic.lv\/lv\/product\/transformacijas-spele-satori\/\" \/>\n<meta property=\"og:site_name\" content=\"cosmetic.lv\" \/>\n<meta property=\"article:publisher\" content=\"https:\/\/www.facebook.com\/cosmetic.lv\/\" \/>\n<meta property=\"article:modified_time\" content=\"2021-05-09T06:33:44+00:00\" \/>\n<meta property=\"og:image\" content=\"https:\/\/cosmetic.lv\/wp-content\/uploads\/2021\/05\/satori-2.png\" \/>\n\t<meta property=\"og:image:width\" content=\"500\" \/>\n\t<meta property=\"og:image:height\" content=\"500\" \/>\n\t<meta property=\"og:image:type\" content=\"image\/png\" \/>\n<meta name=\"twitter:card\" content=\"summary_large_image\" \/>\n<script type=\"application\/ld+json\" class=\"yoast-schema-graph\">{\"@context\":\"https:\/\/schema.org\",\"@graph\":[{\"@type\":\"WebPage\",\"@id\":\"https:\/\/cosmetic.lv\/lv\/product\/transformacijas-spele-satori\/\",\"url\":\"https:\/\/cosmetic.lv\/lv\/product\/transformacijas-spele-satori\/\",\"name\":\"Transform\u0101cijas sp\u0113le Satori - cosmetic.lv\",\"isPartOf\":{\"@id\":\"https:\/\/cosmetic.lv\/lv\/#website\"},\"primaryImageOfPage\":{\"@id\":\"https:\/\/cosmetic.lv\/lv\/product\/transformacijas-spele-satori\/#primaryimage\"},\"image\":{\"@id\":\"https:\/\/cosmetic.lv\/lv\/product\/transformacijas-spele-satori\/#primaryimage\"},\"thumbnailUrl\":\"https:\/\/cosmetic.lv\/wp-content\/uploads\/2021\/05\/satori-2.png\",\"datePublished\":\"2021-05-09T06:33:43+00:00\",\"dateModified\":\"2021-05-09T06:33:44+00:00\",\"breadcrumb\":{\"@id\":\"https:\/\/cosmetic.lv\/lv\/product\/transformacijas-spele-satori\/#breadcrumb\"},\"inLanguage\":\"lv-LV\",\"potentialAction\":[{\"@type\":\"ReadAction\",\"target\":[\"https:\/\/cosmetic.lv\/lv\/product\/transformacijas-spele-satori\/\"]}]},{\"@type\":\"ImageObject\",\"inLanguage\":\"lv-LV\",\"@id\":\"https:\/\/cosmetic.lv\/lv\/product\/transformacijas-spele-satori\/#primaryimage\",\"url\":\"https:\/\/cosmetic.lv\/wp-content\/uploads\/2021\/05\/satori-2.png\",\"contentUrl\":\"https:\/\/cosmetic.lv\/wp-content\/uploads\/2021\/05\/satori-2.png\",\"width\":500,\"height\":500},{\"@type\":\"BreadcrumbList\",\"@id\":\"https:\/\/cosmetic.lv\/lv\/product\/transformacijas-spele-satori\/#breadcrumb\",\"itemListElement\":[{\"@type\":\"ListItem\",\"position\":1,\"name\":\"Home\",\"item\":\"https:\/\/cosmetic.lv\/lv\/\"},{\"@type\":\"ListItem\",\"position\":2,\"name\":\"Veikals\",\"item\":\"https:\/\/cosmetic.lv\/lv\/veiklas\/\"},{\"@type\":\"ListItem\",\"position\":3,\"name\":\"Transform\u0101cijas sp\u0113le Satori\"}]},{\"@type\":\"WebSite\",\"@id\":\"https:\/\/cosmetic.lv\/lv\/#website\",\"url\":\"https:\/\/cosmetic.lv\/lv\/\",\"name\":\"cosmetic.lv\",\"description\":\"Profesion\u0101la kosm\u0113tika - Maria Galland, Keune, Arkadija, GMT, Guam, Magiray\",\"publisher\":{\"@id\":\"https:\/\/cosmetic.lv\/lv\/#organization\"},\"potentialAction\":[{\"@type\":\"SearchAction\",\"target\":{\"@type\":\"EntryPoint\",\"urlTemplate\":\"https:\/\/cosmetic.lv\/lv\/?s={search_term_string}\"},\"query-input\":{\"@type\":\"PropertyValueSpecification\",\"valueRequired\":true,\"valueName\":\"search_term_string\"}}],\"inLanguage\":\"lv-LV\"},{\"@type\":\"Organization\",\"@id\":\"https:\/\/cosmetic.lv\/lv\/#organization\",\"name\":\"COSMETIC.LV\",\"url\":\"https:\/\/cosmetic.lv\/lv\/\",\"logo\":{\"@type\":\"ImageObject\",\"inLanguage\":\"lv-LV\",\"@id\":\"https:\/\/cosmetic.lv\/lv\/#\/schema\/logo\/image\/\",\"url\":\"https:\/\/cosmetic.lv\/wp-content\/uploads\/2021\/02\/cosmetic.lv_logo.jpg\",\"contentUrl\":\"https:\/\/cosmetic.lv\/wp-content\/uploads\/2021\/02\/cosmetic.lv_logo.jpg\",\"width\":596,\"height\":196,\"caption\":\"COSMETIC.LV\"},\"image\":{\"@id\":\"https:\/\/cosmetic.lv\/lv\/#\/schema\/logo\/image\/\"},\"sameAs\":[\"https:\/\/www.facebook.com\/cosmetic.lv\/\"]}]}<\/script>\n<meta property=\"product:price:amount\" content=\"92.00\" \/>\n<meta property=\"product:price:currency\" content=\"EUR\" \/>\n<meta property=\"og:availability\" content=\"out of stock\" \/>\n<meta property=\"product:availability\" content=\"out of stock\" \/>\n<meta property=\"product:retailer_item_id\" content=\"SATORI\" \/>\n<meta property=\"product:condition\" content=\"new\" \/>\n<!-- \/ Yoast SEO Premium plugin. -->","yoast_head_json":{"title":"Transform\u0101cijas sp\u0113le Satori - cosmetic.lv","robots":{"index":"index","follow":"follow","max-snippet":"max-snippet:-1","max-image-preview":"max-image-preview:large","max-video-preview":"max-video-preview:-1"},"canonical":"https:\/\/cosmetic.lv\/lv\/product\/transformacijas-spele-satori\/","og_locale":"lv_LV","og_type":"article","og_title":"Transform\u0101cijas sp\u0113le Satori","og_description":"Radik\u0101las piedo\u0161anas sp\u0113le \"SATORI\". Satori sp\u0113le nav tikai terapeitiskas p\u0101rveido\u0161anas sp\u0113le. \u0160\u012b ir treni\u0146u sp\u0113le, pateicoties kurai rota\u013c\u012bg\u0101, maig\u0101 form\u0101","og_url":"https:\/\/cosmetic.lv\/lv\/product\/transformacijas-spele-satori\/","og_site_name":"cosmetic.lv","article_publisher":"https:\/\/www.facebook.com\/cosmetic.lv\/","article_modified_time":"2021-05-09T06:33:44+00:00","og_image":[{"width":500,"height":500,"url":"https:\/\/cosmetic.lv\/wp-content\/uploads\/2021\/05\/satori-2.png","type":"image\/png"}],"twitter_card":"summary_large_image","schema":{"@context":"https:\/\/schema.org","@graph":[{"@type":"WebPage","@id":"https:\/\/cosmetic.lv\/lv\/product\/transformacijas-spele-satori\/","url":"https:\/\/cosmetic.lv\/lv\/product\/transformacijas-spele-satori\/","name":"Transform\u0101cijas sp\u0113le Satori - cosmetic.lv","isPartOf":{"@id":"https:\/\/cosmetic.lv\/lv\/#website"},"primaryImageOfPage":{"@id":"https:\/\/cosmetic.lv\/lv\/product\/transformacijas-spele-satori\/#primaryimage"},"image":{"@id":"https:\/\/cosmetic.lv\/lv\/product\/transformacijas-spele-satori\/#primaryimage"},"thumbnailUrl":"https:\/\/cosmetic.lv\/wp-content\/uploads\/2021\/05\/satori-2.png","datePublished":"2021-05-09T06:33:43+00:00","dateModified":"2021-05-09T06:33:44+00:00","breadcrumb":{"@id":"https:\/\/cosmetic.lv\/lv\/product\/transformacijas-spele-satori\/#breadcrumb"},"inLanguage":"lv-LV","potentialAction":[{"@type":"ReadAction","target":["https:\/\/cosmetic.lv\/lv\/product\/transformacijas-spele-satori\/"]}]},{"@type":"ImageObject","inLanguage":"lv-LV","@id":"https:\/\/cosmetic.lv\/lv\/product\/transformacijas-spele-satori\/#primaryimage","url":"https:\/\/cosmetic.lv\/wp-content\/uploads\/2021\/05\/satori-2.png","contentUrl":"https:\/\/cosmetic.lv\/wp-content\/uploads\/2021\/05\/satori-2.png","width":500,"height":500},{"@type":"BreadcrumbList","@id":"https:\/\/cosmetic.lv\/lv\/product\/transformacijas-spele-satori\/#breadcrumb","itemListElement":[{"@type":"ListItem","position":1,"name":"Home","item":"https:\/\/cosmetic.lv\/lv\/"},{"@type":"ListItem","position":2,"name":"Veikals","item":"https:\/\/cosmetic.lv\/lv\/veiklas\/"},{"@type":"ListItem","position":3,"name":"Transform\u0101cijas sp\u0113le Satori"}]},{"@type":"WebSite","@id":"https:\/\/cosmetic.lv\/lv\/#website","url":"https:\/\/cosmetic.lv\/lv\/","name":"cosmetic.lv","description":"Profesion\u0101la kosm\u0113tika - Maria Galland, Keune, Arkadija, GMT, Guam, Magiray","publisher":{"@id":"https:\/\/cosmetic.lv\/lv\/#organization"},"potentialAction":[{"@type":"SearchAction","target":{"@type":"EntryPoint","urlTemplate":"https:\/\/cosmetic.lv\/lv\/?s={search_term_string}"},"query-input":{"@type":"PropertyValueSpecification","valueRequired":true,"valueName":"search_term_string"}}],"inLanguage":"lv-LV"},{"@type":"Organization","@id":"https:\/\/cosmetic.lv\/lv\/#organization","name":"COSMETIC.LV","url":"https:\/\/cosmetic.lv\/lv\/","logo":{"@type":"ImageObject","inLanguage":"lv-LV","@id":"https:\/\/cosmetic.lv\/lv\/#\/schema\/logo\/image\/","url":"https:\/\/cosmetic.lv\/wp-content\/uploads\/2021\/02\/cosmetic.lv_logo.jpg","contentUrl":"https:\/\/cosmetic.lv\/wp-content\/uploads\/2021\/02\/cosmetic.lv_logo.jpg","width":596,"height":196,"caption":"COSMETIC.LV"},"image":{"@id":"https:\/\/cosmetic.lv\/lv\/#\/schema\/logo\/image\/"},"sameAs":["https:\/\/www.facebook.com\/cosmetic.lv\/"]}]},"product_price_amount":"92.00","product_price_currency":"EUR","og_availability":"out of stock","product_availability":"out of stock","product_retailer_item_id":"SATORI","product_condition":"new"},"_links":{"self":[{"href":"https:\/\/cosmetic.lv\/lv\/wp-json\/wp\/v2\/product\/36860","targetHints":{"allow":["GET"]}}],"collection":[{"href":"https:\/\/cosmetic.lv\/lv\/wp-json\/wp\/v2\/product"}],"about":[{"href":"https:\/\/cosmetic.lv\/lv\/wp-json\/wp\/v2\/types\/product"}],"wp:featuredmedia":[{"embeddable":true,"href":"https:\/\/cosmetic.lv\/lv\/wp-json\/wp\/v2\/media\/36857"}],"wp:attachment":[{"href":"https:\/\/cosmetic.lv\/lv\/wp-json\/wp\/v2\/media?parent=36860"}],"wp:term":[{"taxonomy":"product_brand","embeddable":true,"href":"https:\/\/cosmetic.lv\/lv\/wp-json\/wp\/v2\/product_brand?post=36860"},{"taxonomy":"product_cat","embeddable":true,"href":"https:\/\/cosmetic.lv\/lv\/wp-json\/wp\/v2\/product_cat?post=36860"},{"taxonomy":"product_tag","embeddable":true,"href":"https:\/\/cosmetic.lv\/lv\/wp-json\/wp\/v2\/product_tag?post=36860"}],"curies":[{"name":"wp","href":"https:\/\/api.w.org\/{rel}","templated":true}]}}