{"id":37001,"date":"2021-06-29T19:53:42","date_gmt":"2021-06-29T16:54:41","guid":{"rendered":"https:\/\/cosmetic.lv\/?post_type=product&#038;p=37001"},"modified":"2021-06-29T19:54:41","modified_gmt":"2021-06-29T16:54:41","slug":"spirulina-powder-herbals-diet-150g","status":"publish","type":"product","link":"https:\/\/cosmetic.lv\/lv\/product\/spirulina-powder-herbals-diet-150g\/","title":{"rendered":"SPIRULINA POWDER Herbals Diet 150g"},"content":{"rendered":"<pre id=\"tw-target-text\" dir=\"ltr\">Spirulina ir zila\u013c\u0123es, kas ieg\u016btas no sald\u016bdens ezeriem. Spirulina pulveri lieto iek\u0161\u0137\u012bgi, un to var izmantot ar\u012b kosm\u0113tikas masku izgatavo\u0161anai. Produkts nesatur piedevas, kr\u0101svielas, konservantus, smar\u017evielas vai citas vesel\u012bbai kait\u012bgas vielas.\r\n\r\nOlbaltumvielu procentu\u0101lais daudzums sasniedz 60 procentus no a\u013c\u0123u kop\u0113j\u0101 svara. Papildus olbaltumviel\u0101m spirul\u012bn\u0101 ir apm\u0113ram 2000 da\u017e\u0101du bar\u012bbas vielu organismam, t\u0101p\u0113c produktu var dro\u0161i saukt par labas vesel\u012bbas un ilgm\u016b\u017e\u012bbas eliks\u012bru.\r\nSpirulina satur funkcion\u0101las vielas, fikocian\u012bnu\r\n150g<\/pre>\n","protected":false},"excerpt":{"rendered":"<p>Spirulina ir zila\u013c\u0123es, kas ieg\u016btas no sald\u016bdens ezeriem. Spirulina pulveri lieto iek\u0161\u0137\u012bgi, un to var izmantot ar\u012b kosm\u0113tikas masku izgatavo\u0161anai.<\/p>\n","protected":false},"featured_media":37000,"template":"","meta":[],"product_brand":[],"product_cat":[2243],"product_tag":[],"class_list":{"0":"post-37001","1":"product","2":"type-product","3":"status-publish","4":"has-post-thumbnail","6":"product_cat-asinsspiedien-un-holesterins-lv","8":"first","9":"instock","10":"taxable","11":"shipping-taxable","12":"purchasable","13":"product-type-simple"},"yoast_head":"<!-- This site is optimized with the Yoast SEO Premium plugin v27.0 (Yoast SEO v27.0) - https:\/\/yoast.com\/product\/yoast-seo-premium-wordpress\/ -->\n<title>SPIRULINA POWDER Herbals Diet 150g - cosmetic.lv<\/title>\n<meta name=\"robots\" content=\"index, follow, max-snippet:-1, max-image-preview:large, max-video-preview:-1\" \/>\n<link rel=\"canonical\" href=\"https:\/\/cosmetic.lv\/lv\/product\/spirulina-powder-herbals-diet-150g\/\" \/>\n<meta property=\"og:locale\" content=\"lv_LV\" \/>\n<meta property=\"og:type\" content=\"article\" \/>\n<meta property=\"og:title\" content=\"SPIRULINA POWDER Herbals Diet 150g\" \/>\n<meta property=\"og:description\" content=\"Spirulina ir zila\u013c\u0123es, kas ieg\u016btas no sald\u016bdens ezeriem. Spirulina pulveri lieto iek\u0161\u0137\u012bgi, un to var izmantot ar\u012b kosm\u0113tikas masku izgatavo\u0161anai.\" \/>\n<meta property=\"og:url\" content=\"https:\/\/cosmetic.lv\/lv\/product\/spirulina-powder-herbals-diet-150g\/\" \/>\n<meta property=\"og:site_name\" content=\"cosmetic.lv\" \/>\n<meta property=\"article:publisher\" content=\"https:\/\/www.facebook.com\/cosmetic.lv\/\" \/>\n<meta property=\"og:image\" content=\"https:\/\/cosmetic.lv\/wp-content\/uploads\/2021\/06\/20210419_1205231.jpg\" \/>\n\t<meta property=\"og:image:width\" content=\"567\" \/>\n\t<meta property=\"og:image:height\" content=\"800\" \/>\n\t<meta property=\"og:image:type\" content=\"image\/jpeg\" \/>\n<meta name=\"twitter:card\" content=\"summary_large_image\" \/>\n<script type=\"application\/ld+json\" class=\"yoast-schema-graph\">{\"@context\":\"https:\/\/schema.org\",\"@graph\":[{\"@type\":\"WebPage\",\"@id\":\"https:\/\/cosmetic.lv\/lv\/product\/spirulina-powder-herbals-diet-150g\/\",\"url\":\"https:\/\/cosmetic.lv\/lv\/product\/spirulina-powder-herbals-diet-150g\/\",\"name\":\"SPIRULINA POWDER Herbals Diet 150g - cosmetic.lv\",\"isPartOf\":{\"@id\":\"https:\/\/cosmetic.lv\/lv\/#website\"},\"primaryImageOfPage\":{\"@id\":\"https:\/\/cosmetic.lv\/lv\/product\/spirulina-powder-herbals-diet-150g\/#primaryimage\"},\"image\":{\"@id\":\"https:\/\/cosmetic.lv\/lv\/product\/spirulina-powder-herbals-diet-150g\/#primaryimage\"},\"thumbnailUrl\":\"https:\/\/cosmetic.lv\/wp-content\/uploads\/2021\/06\/20210419_1205231.jpg\",\"datePublished\":\"2021-06-29T16:54:41+00:00\",\"breadcrumb\":{\"@id\":\"https:\/\/cosmetic.lv\/lv\/product\/spirulina-powder-herbals-diet-150g\/#breadcrumb\"},\"inLanguage\":\"lv-LV\",\"potentialAction\":[{\"@type\":\"ReadAction\",\"target\":[\"https:\/\/cosmetic.lv\/lv\/product\/spirulina-powder-herbals-diet-150g\/\"]}]},{\"@type\":\"ImageObject\",\"inLanguage\":\"lv-LV\",\"@id\":\"https:\/\/cosmetic.lv\/lv\/product\/spirulina-powder-herbals-diet-150g\/#primaryimage\",\"url\":\"https:\/\/cosmetic.lv\/wp-content\/uploads\/2021\/06\/20210419_1205231.jpg\",\"contentUrl\":\"https:\/\/cosmetic.lv\/wp-content\/uploads\/2021\/06\/20210419_1205231.jpg\",\"width\":567,\"height\":800},{\"@type\":\"BreadcrumbList\",\"@id\":\"https:\/\/cosmetic.lv\/lv\/product\/spirulina-powder-herbals-diet-150g\/#breadcrumb\",\"itemListElement\":[{\"@type\":\"ListItem\",\"position\":1,\"name\":\"Home\",\"item\":\"https:\/\/cosmetic.lv\/lv\/\"},{\"@type\":\"ListItem\",\"position\":2,\"name\":\"Veikals\",\"item\":\"https:\/\/cosmetic.lv\/lv\/veiklas\/\"},{\"@type\":\"ListItem\",\"position\":3,\"name\":\"SPIRULINA POWDER Herbals Diet 150g\"}]},{\"@type\":\"WebSite\",\"@id\":\"https:\/\/cosmetic.lv\/lv\/#website\",\"url\":\"https:\/\/cosmetic.lv\/lv\/\",\"name\":\"cosmetic.lv\",\"description\":\"Profesion\u0101la kosm\u0113tika - Maria Galland, Keune, Arkadija, GMT, Guam, Magiray\",\"publisher\":{\"@id\":\"https:\/\/cosmetic.lv\/lv\/#organization\"},\"potentialAction\":[{\"@type\":\"SearchAction\",\"target\":{\"@type\":\"EntryPoint\",\"urlTemplate\":\"https:\/\/cosmetic.lv\/lv\/?s={search_term_string}\"},\"query-input\":{\"@type\":\"PropertyValueSpecification\",\"valueRequired\":true,\"valueName\":\"search_term_string\"}}],\"inLanguage\":\"lv-LV\"},{\"@type\":\"Organization\",\"@id\":\"https:\/\/cosmetic.lv\/lv\/#organization\",\"name\":\"COSMETIC.LV\",\"url\":\"https:\/\/cosmetic.lv\/lv\/\",\"logo\":{\"@type\":\"ImageObject\",\"inLanguage\":\"lv-LV\",\"@id\":\"https:\/\/cosmetic.lv\/lv\/#\/schema\/logo\/image\/\",\"url\":\"https:\/\/cosmetic.lv\/wp-content\/uploads\/2021\/02\/cosmetic.lv_logo.jpg\",\"contentUrl\":\"https:\/\/cosmetic.lv\/wp-content\/uploads\/2021\/02\/cosmetic.lv_logo.jpg\",\"width\":596,\"height\":196,\"caption\":\"COSMETIC.LV\"},\"image\":{\"@id\":\"https:\/\/cosmetic.lv\/lv\/#\/schema\/logo\/image\/\"},\"sameAs\":[\"https:\/\/www.facebook.com\/cosmetic.lv\/\"]}]}<\/script>\n<meta property=\"product:price:amount\" content=\"7.00\" \/>\n<meta property=\"product:price:currency\" content=\"EUR\" \/>\n<meta property=\"og:availability\" content=\"instock\" \/>\n<meta property=\"product:availability\" content=\"instock\" \/>\n<meta property=\"product:condition\" content=\"new\" \/>\n<!-- \/ Yoast SEO Premium plugin. -->","yoast_head_json":{"title":"SPIRULINA POWDER Herbals Diet 150g - cosmetic.lv","robots":{"index":"index","follow":"follow","max-snippet":"max-snippet:-1","max-image-preview":"max-image-preview:large","max-video-preview":"max-video-preview:-1"},"canonical":"https:\/\/cosmetic.lv\/lv\/product\/spirulina-powder-herbals-diet-150g\/","og_locale":"lv_LV","og_type":"article","og_title":"SPIRULINA POWDER Herbals Diet 150g","og_description":"Spirulina ir zila\u013c\u0123es, kas ieg\u016btas no sald\u016bdens ezeriem. Spirulina pulveri lieto iek\u0161\u0137\u012bgi, un to var izmantot ar\u012b kosm\u0113tikas masku izgatavo\u0161anai.","og_url":"https:\/\/cosmetic.lv\/lv\/product\/spirulina-powder-herbals-diet-150g\/","og_site_name":"cosmetic.lv","article_publisher":"https:\/\/www.facebook.com\/cosmetic.lv\/","og_image":[{"width":567,"height":800,"url":"https:\/\/cosmetic.lv\/wp-content\/uploads\/2021\/06\/20210419_1205231.jpg","type":"image\/jpeg"}],"twitter_card":"summary_large_image","schema":{"@context":"https:\/\/schema.org","@graph":[{"@type":"WebPage","@id":"https:\/\/cosmetic.lv\/lv\/product\/spirulina-powder-herbals-diet-150g\/","url":"https:\/\/cosmetic.lv\/lv\/product\/spirulina-powder-herbals-diet-150g\/","name":"SPIRULINA POWDER Herbals Diet 150g - cosmetic.lv","isPartOf":{"@id":"https:\/\/cosmetic.lv\/lv\/#website"},"primaryImageOfPage":{"@id":"https:\/\/cosmetic.lv\/lv\/product\/spirulina-powder-herbals-diet-150g\/#primaryimage"},"image":{"@id":"https:\/\/cosmetic.lv\/lv\/product\/spirulina-powder-herbals-diet-150g\/#primaryimage"},"thumbnailUrl":"https:\/\/cosmetic.lv\/wp-content\/uploads\/2021\/06\/20210419_1205231.jpg","datePublished":"2021-06-29T16:54:41+00:00","breadcrumb":{"@id":"https:\/\/cosmetic.lv\/lv\/product\/spirulina-powder-herbals-diet-150g\/#breadcrumb"},"inLanguage":"lv-LV","potentialAction":[{"@type":"ReadAction","target":["https:\/\/cosmetic.lv\/lv\/product\/spirulina-powder-herbals-diet-150g\/"]}]},{"@type":"ImageObject","inLanguage":"lv-LV","@id":"https:\/\/cosmetic.lv\/lv\/product\/spirulina-powder-herbals-diet-150g\/#primaryimage","url":"https:\/\/cosmetic.lv\/wp-content\/uploads\/2021\/06\/20210419_1205231.jpg","contentUrl":"https:\/\/cosmetic.lv\/wp-content\/uploads\/2021\/06\/20210419_1205231.jpg","width":567,"height":800},{"@type":"BreadcrumbList","@id":"https:\/\/cosmetic.lv\/lv\/product\/spirulina-powder-herbals-diet-150g\/#breadcrumb","itemListElement":[{"@type":"ListItem","position":1,"name":"Home","item":"https:\/\/cosmetic.lv\/lv\/"},{"@type":"ListItem","position":2,"name":"Veikals","item":"https:\/\/cosmetic.lv\/lv\/veiklas\/"},{"@type":"ListItem","position":3,"name":"SPIRULINA POWDER Herbals Diet 150g"}]},{"@type":"WebSite","@id":"https:\/\/cosmetic.lv\/lv\/#website","url":"https:\/\/cosmetic.lv\/lv\/","name":"cosmetic.lv","description":"Profesion\u0101la kosm\u0113tika - Maria Galland, Keune, Arkadija, GMT, Guam, Magiray","publisher":{"@id":"https:\/\/cosmetic.lv\/lv\/#organization"},"potentialAction":[{"@type":"SearchAction","target":{"@type":"EntryPoint","urlTemplate":"https:\/\/cosmetic.lv\/lv\/?s={search_term_string}"},"query-input":{"@type":"PropertyValueSpecification","valueRequired":true,"valueName":"search_term_string"}}],"inLanguage":"lv-LV"},{"@type":"Organization","@id":"https:\/\/cosmetic.lv\/lv\/#organization","name":"COSMETIC.LV","url":"https:\/\/cosmetic.lv\/lv\/","logo":{"@type":"ImageObject","inLanguage":"lv-LV","@id":"https:\/\/cosmetic.lv\/lv\/#\/schema\/logo\/image\/","url":"https:\/\/cosmetic.lv\/wp-content\/uploads\/2021\/02\/cosmetic.lv_logo.jpg","contentUrl":"https:\/\/cosmetic.lv\/wp-content\/uploads\/2021\/02\/cosmetic.lv_logo.jpg","width":596,"height":196,"caption":"COSMETIC.LV"},"image":{"@id":"https:\/\/cosmetic.lv\/lv\/#\/schema\/logo\/image\/"},"sameAs":["https:\/\/www.facebook.com\/cosmetic.lv\/"]}]},"product_price_amount":"7.00","product_price_currency":"EUR","og_availability":"instock","product_availability":"instock","product_condition":"new"},"_links":{"self":[{"href":"https:\/\/cosmetic.lv\/lv\/wp-json\/wp\/v2\/product\/37001","targetHints":{"allow":["GET"]}}],"collection":[{"href":"https:\/\/cosmetic.lv\/lv\/wp-json\/wp\/v2\/product"}],"about":[{"href":"https:\/\/cosmetic.lv\/lv\/wp-json\/wp\/v2\/types\/product"}],"wp:featuredmedia":[{"embeddable":true,"href":"https:\/\/cosmetic.lv\/lv\/wp-json\/wp\/v2\/media\/37000"}],"wp:attachment":[{"href":"https:\/\/cosmetic.lv\/lv\/wp-json\/wp\/v2\/media?parent=37001"}],"wp:term":[{"taxonomy":"product_brand","embeddable":true,"href":"https:\/\/cosmetic.lv\/lv\/wp-json\/wp\/v2\/product_brand?post=37001"},{"taxonomy":"product_cat","embeddable":true,"href":"https:\/\/cosmetic.lv\/lv\/wp-json\/wp\/v2\/product_cat?post=37001"},{"taxonomy":"product_tag","embeddable":true,"href":"https:\/\/cosmetic.lv\/lv\/wp-json\/wp\/v2\/product_tag?post=37001"}],"curies":[{"name":"wp","href":"https:\/\/api.w.org\/{rel}","templated":true}]}}