{"id":37174,"date":"2021-09-11T00:34:21","date_gmt":"2021-09-10T21:34:21","guid":{"rendered":"https:\/\/cosmetic.lv\/?post_type=product&#038;p=37174"},"modified":"2021-09-12T01:53:38","modified_gmt":"2021-09-11T22:53:38","slug":"vivasan-indijas-viraka","status":"publish","type":"product","link":"https:\/\/cosmetic.lv\/lv\/product\/vivasan-indijas-viraka\/","title":{"rendered":"Vivasan Indijas v\u012braka"},"content":{"rendered":"<div id=\"tw-target-text-container\">\n<pre id=\"tw-target-text\" dir=\"ltr\">Sast\u0101vda\u013cas: t\u012bra bezpiedevu 100% Indijas v\u012braka \u0113terisk\u0101 e\u013c\u013ca. Nav \u0137\u012bmisku \u0161\u0137\u012bdin\u0101t\u0101ju.\r\n\r\nKop\u0161 seniem laikiem v\u012braks tika izmantots k\u0101 v\u012braks telpu aromatiz\u0113\u0161anai un dezinfekcijai. V\u012braka smar\u017eas relaks\u0113jo\u0161ais efekts ir padar\u012bjis to par b\u016btisku sast\u0101vda\u013cu temp\u013cu fumig\u0101cijai dievkalpojumu laik\u0101 da\u017e\u0101s reli\u0123iskaj\u0101s kult\u016br\u0101s.\r\nPiem\u0113ram, \u0113\u0123iptie\u0161i v\u012braku bie\u017ei sajauca ar kan\u0113\u013ca e\u013c\u013cu un berz\u0113ja \u0161aj\u0101 mais\u012bjum\u0101, lai mazin\u0101tu s\u0101pes ekstremit\u0101t\u0113s, k\u0101 ar\u012b v\u012braks iek\u013c\u0101va anti-noveco\u0161an\u0101s mask\u0101s, un \u0137\u012bnie\u0161i uzskat\u012bja, ka tas ir efekt\u012bvs l\u012bdzeklis pret skrofulozi un spit\u0101l\u012bbu. V\u012braks tagad tiek izmantots smar\u017eu ra\u017eo\u0161an\u0101 k\u0101 fiks\u0113jo\u0161s l\u012bdzeklis.<\/pre>\n<\/div>\n<div id=\"tw-target-rmn-container\">\n<pre id=\"tw-target-rmn\" dir=\"ltr\"><\/pre>\n<\/div>\n<div id=\"tw-target-rmn-container\"><\/div>\n<div>10ml<\/div>\n","protected":false},"excerpt":{"rendered":"<p>Sast\u0101vda\u013cas: t\u012bra bezpiedevu 100% Indijas v\u012braka \u0113terisk\u0101 e\u013c\u013ca. Nav \u0137\u012bmisku \u0161\u0137\u012bdin\u0101t\u0101ju. Kop\u0161 seniem laikiem v\u012braks tika izmantots k\u0101 v\u012braks telpu<\/p>\n","protected":false},"featured_media":37206,"template":"","meta":[],"product_brand":[],"product_cat":[2317],"product_tag":[],"class_list":{"0":"post-37174","1":"product","2":"type-product","3":"status-publish","4":"has-post-thumbnail","6":"product_cat-dabiska-kosmetika-vivasan-sveice-lv","8":"first","9":"instock","10":"taxable","11":"shipping-taxable","12":"purchasable","13":"product-type-simple"},"yoast_head":"<!-- This site is optimized with the Yoast SEO Premium plugin v27.0 (Yoast SEO v27.0) - https:\/\/yoast.com\/product\/yoast-seo-premium-wordpress\/ -->\n<title>Vivasan Indijas v\u012braka - cosmetic.lv<\/title>\n<meta name=\"robots\" content=\"index, follow, max-snippet:-1, max-image-preview:large, max-video-preview:-1\" \/>\n<link rel=\"canonical\" href=\"https:\/\/cosmetic.lv\/lv\/product\/vivasan-indijas-viraka\/\" \/>\n<meta property=\"og:locale\" content=\"lv_LV\" \/>\n<meta property=\"og:type\" content=\"article\" \/>\n<meta property=\"og:title\" content=\"Vivasan Indijas v\u012braka\" \/>\n<meta property=\"og:description\" content=\"Sast\u0101vda\u013cas: t\u012bra bezpiedevu 100% Indijas v\u012braka \u0113terisk\u0101 e\u013c\u013ca. Nav \u0137\u012bmisku \u0161\u0137\u012bdin\u0101t\u0101ju. Kop\u0161 seniem laikiem v\u012braks tika izmantots k\u0101 v\u012braks telpu\" \/>\n<meta property=\"og:url\" content=\"https:\/\/cosmetic.lv\/lv\/product\/vivasan-indijas-viraka\/\" \/>\n<meta property=\"og:site_name\" content=\"cosmetic.lv\" \/>\n<meta property=\"article:publisher\" content=\"https:\/\/www.facebook.com\/cosmetic.lv\/\" \/>\n<meta property=\"article:modified_time\" content=\"2021-09-11T22:53:38+00:00\" \/>\n<meta property=\"og:image\" content=\"https:\/\/cosmetic.lv\/wp-content\/uploads\/2021\/09\/ladan_indijskij_naturalnoe-efirnoe-maslo-1.jpg\" \/>\n\t<meta property=\"og:image:width\" content=\"1075\" \/>\n\t<meta property=\"og:image:height\" content=\"983\" \/>\n\t<meta property=\"og:image:type\" content=\"image\/jpeg\" \/>\n<meta name=\"twitter:card\" content=\"summary_large_image\" \/>\n<script type=\"application\/ld+json\" class=\"yoast-schema-graph\">{\"@context\":\"https:\/\/schema.org\",\"@graph\":[{\"@type\":\"WebPage\",\"@id\":\"https:\/\/cosmetic.lv\/lv\/product\/vivasan-indijas-viraka\/\",\"url\":\"https:\/\/cosmetic.lv\/lv\/product\/vivasan-indijas-viraka\/\",\"name\":\"Vivasan Indijas v\u012braka - cosmetic.lv\",\"isPartOf\":{\"@id\":\"https:\/\/cosmetic.lv\/lv\/#website\"},\"primaryImageOfPage\":{\"@id\":\"https:\/\/cosmetic.lv\/lv\/product\/vivasan-indijas-viraka\/#primaryimage\"},\"image\":{\"@id\":\"https:\/\/cosmetic.lv\/lv\/product\/vivasan-indijas-viraka\/#primaryimage\"},\"thumbnailUrl\":\"https:\/\/cosmetic.lv\/wp-content\/uploads\/2021\/09\/ladan_indijskij_naturalnoe-efirnoe-maslo-1.jpg\",\"datePublished\":\"2021-09-10T21:34:21+00:00\",\"dateModified\":\"2021-09-11T22:53:38+00:00\",\"breadcrumb\":{\"@id\":\"https:\/\/cosmetic.lv\/lv\/product\/vivasan-indijas-viraka\/#breadcrumb\"},\"inLanguage\":\"lv-LV\",\"potentialAction\":[{\"@type\":\"ReadAction\",\"target\":[\"https:\/\/cosmetic.lv\/lv\/product\/vivasan-indijas-viraka\/\"]}]},{\"@type\":\"ImageObject\",\"inLanguage\":\"lv-LV\",\"@id\":\"https:\/\/cosmetic.lv\/lv\/product\/vivasan-indijas-viraka\/#primaryimage\",\"url\":\"https:\/\/cosmetic.lv\/wp-content\/uploads\/2021\/09\/ladan_indijskij_naturalnoe-efirnoe-maslo-1.jpg\",\"contentUrl\":\"https:\/\/cosmetic.lv\/wp-content\/uploads\/2021\/09\/ladan_indijskij_naturalnoe-efirnoe-maslo-1.jpg\",\"width\":1075,\"height\":983},{\"@type\":\"BreadcrumbList\",\"@id\":\"https:\/\/cosmetic.lv\/lv\/product\/vivasan-indijas-viraka\/#breadcrumb\",\"itemListElement\":[{\"@type\":\"ListItem\",\"position\":1,\"name\":\"Home\",\"item\":\"https:\/\/cosmetic.lv\/lv\/\"},{\"@type\":\"ListItem\",\"position\":2,\"name\":\"Veikals\",\"item\":\"https:\/\/cosmetic.lv\/lv\/veiklas\/\"},{\"@type\":\"ListItem\",\"position\":3,\"name\":\"Vivasan Indijas v\u012braka\"}]},{\"@type\":\"WebSite\",\"@id\":\"https:\/\/cosmetic.lv\/lv\/#website\",\"url\":\"https:\/\/cosmetic.lv\/lv\/\",\"name\":\"cosmetic.lv\",\"description\":\"Profesion\u0101la kosm\u0113tika - Maria Galland, Keune, Arkadija, GMT, Guam, Magiray\",\"publisher\":{\"@id\":\"https:\/\/cosmetic.lv\/lv\/#organization\"},\"potentialAction\":[{\"@type\":\"SearchAction\",\"target\":{\"@type\":\"EntryPoint\",\"urlTemplate\":\"https:\/\/cosmetic.lv\/lv\/?s={search_term_string}\"},\"query-input\":{\"@type\":\"PropertyValueSpecification\",\"valueRequired\":true,\"valueName\":\"search_term_string\"}}],\"inLanguage\":\"lv-LV\"},{\"@type\":\"Organization\",\"@id\":\"https:\/\/cosmetic.lv\/lv\/#organization\",\"name\":\"COSMETIC.LV\",\"url\":\"https:\/\/cosmetic.lv\/lv\/\",\"logo\":{\"@type\":\"ImageObject\",\"inLanguage\":\"lv-LV\",\"@id\":\"https:\/\/cosmetic.lv\/lv\/#\/schema\/logo\/image\/\",\"url\":\"https:\/\/cosmetic.lv\/wp-content\/uploads\/2021\/02\/cosmetic.lv_logo.jpg\",\"contentUrl\":\"https:\/\/cosmetic.lv\/wp-content\/uploads\/2021\/02\/cosmetic.lv_logo.jpg\",\"width\":596,\"height\":196,\"caption\":\"COSMETIC.LV\"},\"image\":{\"@id\":\"https:\/\/cosmetic.lv\/lv\/#\/schema\/logo\/image\/\"},\"sameAs\":[\"https:\/\/www.facebook.com\/cosmetic.lv\/\"]}]}<\/script>\n<meta property=\"product:price:amount\" content=\"29.00\" \/>\n<meta property=\"product:price:currency\" content=\"EUR\" \/>\n<meta property=\"og:availability\" content=\"instock\" \/>\n<meta property=\"product:availability\" content=\"instock\" \/>\n<meta property=\"product:retailer_item_id\" content=\"lad\" \/>\n<meta property=\"product:condition\" content=\"new\" \/>\n<!-- \/ Yoast SEO Premium plugin. -->","yoast_head_json":{"title":"Vivasan Indijas v\u012braka - cosmetic.lv","robots":{"index":"index","follow":"follow","max-snippet":"max-snippet:-1","max-image-preview":"max-image-preview:large","max-video-preview":"max-video-preview:-1"},"canonical":"https:\/\/cosmetic.lv\/lv\/product\/vivasan-indijas-viraka\/","og_locale":"lv_LV","og_type":"article","og_title":"Vivasan Indijas v\u012braka","og_description":"Sast\u0101vda\u013cas: t\u012bra bezpiedevu 100% Indijas v\u012braka \u0113terisk\u0101 e\u013c\u013ca. Nav \u0137\u012bmisku \u0161\u0137\u012bdin\u0101t\u0101ju. Kop\u0161 seniem laikiem v\u012braks tika izmantots k\u0101 v\u012braks telpu","og_url":"https:\/\/cosmetic.lv\/lv\/product\/vivasan-indijas-viraka\/","og_site_name":"cosmetic.lv","article_publisher":"https:\/\/www.facebook.com\/cosmetic.lv\/","article_modified_time":"2021-09-11T22:53:38+00:00","og_image":[{"width":1075,"height":983,"url":"https:\/\/cosmetic.lv\/wp-content\/uploads\/2021\/09\/ladan_indijskij_naturalnoe-efirnoe-maslo-1.jpg","type":"image\/jpeg"}],"twitter_card":"summary_large_image","schema":{"@context":"https:\/\/schema.org","@graph":[{"@type":"WebPage","@id":"https:\/\/cosmetic.lv\/lv\/product\/vivasan-indijas-viraka\/","url":"https:\/\/cosmetic.lv\/lv\/product\/vivasan-indijas-viraka\/","name":"Vivasan Indijas v\u012braka - cosmetic.lv","isPartOf":{"@id":"https:\/\/cosmetic.lv\/lv\/#website"},"primaryImageOfPage":{"@id":"https:\/\/cosmetic.lv\/lv\/product\/vivasan-indijas-viraka\/#primaryimage"},"image":{"@id":"https:\/\/cosmetic.lv\/lv\/product\/vivasan-indijas-viraka\/#primaryimage"},"thumbnailUrl":"https:\/\/cosmetic.lv\/wp-content\/uploads\/2021\/09\/ladan_indijskij_naturalnoe-efirnoe-maslo-1.jpg","datePublished":"2021-09-10T21:34:21+00:00","dateModified":"2021-09-11T22:53:38+00:00","breadcrumb":{"@id":"https:\/\/cosmetic.lv\/lv\/product\/vivasan-indijas-viraka\/#breadcrumb"},"inLanguage":"lv-LV","potentialAction":[{"@type":"ReadAction","target":["https:\/\/cosmetic.lv\/lv\/product\/vivasan-indijas-viraka\/"]}]},{"@type":"ImageObject","inLanguage":"lv-LV","@id":"https:\/\/cosmetic.lv\/lv\/product\/vivasan-indijas-viraka\/#primaryimage","url":"https:\/\/cosmetic.lv\/wp-content\/uploads\/2021\/09\/ladan_indijskij_naturalnoe-efirnoe-maslo-1.jpg","contentUrl":"https:\/\/cosmetic.lv\/wp-content\/uploads\/2021\/09\/ladan_indijskij_naturalnoe-efirnoe-maslo-1.jpg","width":1075,"height":983},{"@type":"BreadcrumbList","@id":"https:\/\/cosmetic.lv\/lv\/product\/vivasan-indijas-viraka\/#breadcrumb","itemListElement":[{"@type":"ListItem","position":1,"name":"Home","item":"https:\/\/cosmetic.lv\/lv\/"},{"@type":"ListItem","position":2,"name":"Veikals","item":"https:\/\/cosmetic.lv\/lv\/veiklas\/"},{"@type":"ListItem","position":3,"name":"Vivasan Indijas v\u012braka"}]},{"@type":"WebSite","@id":"https:\/\/cosmetic.lv\/lv\/#website","url":"https:\/\/cosmetic.lv\/lv\/","name":"cosmetic.lv","description":"Profesion\u0101la kosm\u0113tika - Maria Galland, Keune, Arkadija, GMT, Guam, Magiray","publisher":{"@id":"https:\/\/cosmetic.lv\/lv\/#organization"},"potentialAction":[{"@type":"SearchAction","target":{"@type":"EntryPoint","urlTemplate":"https:\/\/cosmetic.lv\/lv\/?s={search_term_string}"},"query-input":{"@type":"PropertyValueSpecification","valueRequired":true,"valueName":"search_term_string"}}],"inLanguage":"lv-LV"},{"@type":"Organization","@id":"https:\/\/cosmetic.lv\/lv\/#organization","name":"COSMETIC.LV","url":"https:\/\/cosmetic.lv\/lv\/","logo":{"@type":"ImageObject","inLanguage":"lv-LV","@id":"https:\/\/cosmetic.lv\/lv\/#\/schema\/logo\/image\/","url":"https:\/\/cosmetic.lv\/wp-content\/uploads\/2021\/02\/cosmetic.lv_logo.jpg","contentUrl":"https:\/\/cosmetic.lv\/wp-content\/uploads\/2021\/02\/cosmetic.lv_logo.jpg","width":596,"height":196,"caption":"COSMETIC.LV"},"image":{"@id":"https:\/\/cosmetic.lv\/lv\/#\/schema\/logo\/image\/"},"sameAs":["https:\/\/www.facebook.com\/cosmetic.lv\/"]}]},"product_price_amount":"29.00","product_price_currency":"EUR","og_availability":"instock","product_availability":"instock","product_retailer_item_id":"lad","product_condition":"new"},"_links":{"self":[{"href":"https:\/\/cosmetic.lv\/lv\/wp-json\/wp\/v2\/product\/37174","targetHints":{"allow":["GET"]}}],"collection":[{"href":"https:\/\/cosmetic.lv\/lv\/wp-json\/wp\/v2\/product"}],"about":[{"href":"https:\/\/cosmetic.lv\/lv\/wp-json\/wp\/v2\/types\/product"}],"wp:featuredmedia":[{"embeddable":true,"href":"https:\/\/cosmetic.lv\/lv\/wp-json\/wp\/v2\/media\/37206"}],"wp:attachment":[{"href":"https:\/\/cosmetic.lv\/lv\/wp-json\/wp\/v2\/media?parent=37174"}],"wp:term":[{"taxonomy":"product_brand","embeddable":true,"href":"https:\/\/cosmetic.lv\/lv\/wp-json\/wp\/v2\/product_brand?post=37174"},{"taxonomy":"product_cat","embeddable":true,"href":"https:\/\/cosmetic.lv\/lv\/wp-json\/wp\/v2\/product_cat?post=37174"},{"taxonomy":"product_tag","embeddable":true,"href":"https:\/\/cosmetic.lv\/lv\/wp-json\/wp\/v2\/product_tag?post=37174"}],"curies":[{"name":"wp","href":"https:\/\/api.w.org\/{rel}","templated":true}]}}