{"id":37260,"date":"2021-10-06T19:28:32","date_gmt":"2021-10-06T16:29:32","guid":{"rendered":"https:\/\/cosmetic.lv\/?post_type=product&#038;p=37260"},"modified":"2021-10-06T19:29:33","modified_gmt":"2021-10-06T16:29:33","slug":"sungits-udesn-aktivizacijai-500g","status":"publish","type":"product","link":"https:\/\/cosmetic.lv\/lv\/product\/sungits-udesn-aktivizacijai-500g\/","title":{"rendered":"\u0160ung\u012bts \u016bdesn aktiviz\u0101cijai 500g"},"content":{"rendered":"<p>\u0160ung\u012bts.<br \/>\nVec\u0101kais plan\u0113tas miner\u0101ls. To ieg\u016bst vien\u012bgaj\u0101 lauk\u0101 Kar\u0113lij\u0101.<br \/>\nRun\u0101jot par t\u0101 iedarb\u012bbu, tam nav analogu. \u0160ung\u012bta unikalit\u0101te ir \u012bpa\u0161u oglek\u013ca molekulu &#8211; fuller\u0113nu &#8211; kl\u0101tb\u016btn\u0113. Par fuller\u0113nu atkl\u0101\u0161anu tika pie\u0161\u0137irta 1998. gada Nobela pr\u0113mija.<br \/>\nMijiedarbojoties ar \u016bdeni, globular ogleklis maina \u016bdens strukt\u016bru, pie\u0161\u0137irot tam \u0101rstnieciskas \u012bpa\u0161\u012bbas.<br \/>\n\u0160ung\u012bta \u016bdenim ir bakteric\u012bds, prets\u0101pju, pretnoveco\u0161an\u0101s efekts.<br \/>\n\u0160ung\u012bts att\u012bra \u016bdeni no bakt\u0113rij\u0101m, v\u012brusiem, radionukl\u012bdiem, hlora, nitr\u0101tiem, fenoliem, dioks\u012bniem, helmintiem. Pa\u0123iru p\u0101rtrauk\u0161ana.<br \/>\n\u0160ung\u012bts ir sp\u0113c\u012bgs aizsardz\u012bbas l\u012bdzeklis pret radi\u0101ciju \u0123eopatog\u0113n\u0101s zon\u0101s.<br \/>\n\u0160ung\u012btu \u016bdens ir \u012bsts vesel\u012bga dz\u012bvesveida pamats.<\/p>\n","protected":false},"excerpt":{"rendered":"<p>\u0160ung\u012bts. Vec\u0101kais plan\u0113tas miner\u0101ls. To ieg\u016bst vien\u012bgaj\u0101 lauk\u0101 Kar\u0113lij\u0101. Run\u0101jot par t\u0101 iedarb\u012bbu, tam nav analogu. \u0160ung\u012bta unikalit\u0101te ir \u012bpa\u0161u<\/p>\n","protected":false},"featured_media":37259,"template":"","meta":[],"product_brand":[],"product_cat":[2231,2237],"product_tag":[],"class_list":{"0":"post-37260","1":"product","2":"type-product","3":"status-publish","4":"has-post-thumbnail","6":"product_cat-atveselojosas-preces-lv","7":"product_cat-citi-lv","9":"first","10":"instock","11":"taxable","12":"shipping-taxable","13":"purchasable","14":"product-type-simple"},"yoast_head":"<!-- This site is optimized with the Yoast SEO Premium plugin v27.0 (Yoast SEO v27.0) - https:\/\/yoast.com\/product\/yoast-seo-premium-wordpress\/ -->\n<title>\u0160ung\u012bts \u016bdesn aktiviz\u0101cijai 500g - cosmetic.lv<\/title>\n<meta name=\"robots\" content=\"index, follow, max-snippet:-1, max-image-preview:large, max-video-preview:-1\" \/>\n<link rel=\"canonical\" href=\"https:\/\/cosmetic.lv\/lv\/product\/sungits-udesn-aktivizacijai-500g\/\" \/>\n<meta property=\"og:locale\" content=\"lv_LV\" \/>\n<meta property=\"og:type\" content=\"article\" \/>\n<meta property=\"og:title\" content=\"\u0160ung\u012bts \u016bdesn aktiviz\u0101cijai 500g\" \/>\n<meta property=\"og:description\" content=\"\u0160ung\u012bts. Vec\u0101kais plan\u0113tas miner\u0101ls. To ieg\u016bst vien\u012bgaj\u0101 lauk\u0101 Kar\u0113lij\u0101. Run\u0101jot par t\u0101 iedarb\u012bbu, tam nav analogu. \u0160ung\u012bta unikalit\u0101te ir \u012bpa\u0161u\" \/>\n<meta property=\"og:url\" content=\"https:\/\/cosmetic.lv\/lv\/product\/sungits-udesn-aktivizacijai-500g\/\" \/>\n<meta property=\"og:site_name\" content=\"cosmetic.lv\" \/>\n<meta property=\"article:publisher\" content=\"https:\/\/www.facebook.com\/cosmetic.lv\/\" \/>\n<meta property=\"article:modified_time\" content=\"2021-10-06T16:29:33+00:00\" \/>\n<meta property=\"og:image\" content=\"https:\/\/cosmetic.lv\/wp-content\/uploads\/2021\/10\/shungit-500-gr-4.jpg\" \/>\n\t<meta property=\"og:image:width\" content=\"600\" \/>\n\t<meta property=\"og:image:height\" content=\"600\" \/>\n\t<meta property=\"og:image:type\" content=\"image\/jpeg\" \/>\n<meta name=\"twitter:card\" content=\"summary_large_image\" \/>\n<script type=\"application\/ld+json\" class=\"yoast-schema-graph\">{\"@context\":\"https:\/\/schema.org\",\"@graph\":[{\"@type\":\"WebPage\",\"@id\":\"https:\/\/cosmetic.lv\/lv\/product\/sungits-udesn-aktivizacijai-500g\/\",\"url\":\"https:\/\/cosmetic.lv\/lv\/product\/sungits-udesn-aktivizacijai-500g\/\",\"name\":\"\u0160ung\u012bts \u016bdesn aktiviz\u0101cijai 500g - cosmetic.lv\",\"isPartOf\":{\"@id\":\"https:\/\/cosmetic.lv\/lv\/#website\"},\"primaryImageOfPage\":{\"@id\":\"https:\/\/cosmetic.lv\/lv\/product\/sungits-udesn-aktivizacijai-500g\/#primaryimage\"},\"image\":{\"@id\":\"https:\/\/cosmetic.lv\/lv\/product\/sungits-udesn-aktivizacijai-500g\/#primaryimage\"},\"thumbnailUrl\":\"https:\/\/cosmetic.lv\/wp-content\/uploads\/2021\/10\/shungit-500-gr-4.jpg\",\"datePublished\":\"2021-10-06T16:29:32+00:00\",\"dateModified\":\"2021-10-06T16:29:33+00:00\",\"breadcrumb\":{\"@id\":\"https:\/\/cosmetic.lv\/lv\/product\/sungits-udesn-aktivizacijai-500g\/#breadcrumb\"},\"inLanguage\":\"lv-LV\",\"potentialAction\":[{\"@type\":\"ReadAction\",\"target\":[\"https:\/\/cosmetic.lv\/lv\/product\/sungits-udesn-aktivizacijai-500g\/\"]}]},{\"@type\":\"ImageObject\",\"inLanguage\":\"lv-LV\",\"@id\":\"https:\/\/cosmetic.lv\/lv\/product\/sungits-udesn-aktivizacijai-500g\/#primaryimage\",\"url\":\"https:\/\/cosmetic.lv\/wp-content\/uploads\/2021\/10\/shungit-500-gr-4.jpg\",\"contentUrl\":\"https:\/\/cosmetic.lv\/wp-content\/uploads\/2021\/10\/shungit-500-gr-4.jpg\",\"width\":600,\"height\":600},{\"@type\":\"BreadcrumbList\",\"@id\":\"https:\/\/cosmetic.lv\/lv\/product\/sungits-udesn-aktivizacijai-500g\/#breadcrumb\",\"itemListElement\":[{\"@type\":\"ListItem\",\"position\":1,\"name\":\"Home\",\"item\":\"https:\/\/cosmetic.lv\/lv\/\"},{\"@type\":\"ListItem\",\"position\":2,\"name\":\"Veikals\",\"item\":\"https:\/\/cosmetic.lv\/lv\/veiklas\/\"},{\"@type\":\"ListItem\",\"position\":3,\"name\":\"\u0160ung\u012bts \u016bdesn aktiviz\u0101cijai 500g\"}]},{\"@type\":\"WebSite\",\"@id\":\"https:\/\/cosmetic.lv\/lv\/#website\",\"url\":\"https:\/\/cosmetic.lv\/lv\/\",\"name\":\"cosmetic.lv\",\"description\":\"Profesion\u0101la kosm\u0113tika - Maria Galland, Keune, Arkadija, GMT, Guam, Magiray\",\"publisher\":{\"@id\":\"https:\/\/cosmetic.lv\/lv\/#organization\"},\"potentialAction\":[{\"@type\":\"SearchAction\",\"target\":{\"@type\":\"EntryPoint\",\"urlTemplate\":\"https:\/\/cosmetic.lv\/lv\/?s={search_term_string}\"},\"query-input\":{\"@type\":\"PropertyValueSpecification\",\"valueRequired\":true,\"valueName\":\"search_term_string\"}}],\"inLanguage\":\"lv-LV\"},{\"@type\":\"Organization\",\"@id\":\"https:\/\/cosmetic.lv\/lv\/#organization\",\"name\":\"COSMETIC.LV\",\"url\":\"https:\/\/cosmetic.lv\/lv\/\",\"logo\":{\"@type\":\"ImageObject\",\"inLanguage\":\"lv-LV\",\"@id\":\"https:\/\/cosmetic.lv\/lv\/#\/schema\/logo\/image\/\",\"url\":\"https:\/\/cosmetic.lv\/wp-content\/uploads\/2021\/02\/cosmetic.lv_logo.jpg\",\"contentUrl\":\"https:\/\/cosmetic.lv\/wp-content\/uploads\/2021\/02\/cosmetic.lv_logo.jpg\",\"width\":596,\"height\":196,\"caption\":\"COSMETIC.LV\"},\"image\":{\"@id\":\"https:\/\/cosmetic.lv\/lv\/#\/schema\/logo\/image\/\"},\"sameAs\":[\"https:\/\/www.facebook.com\/cosmetic.lv\/\"]}]}<\/script>\n<meta property=\"product:price:amount\" content=\"9.90\" \/>\n<meta property=\"product:price:currency\" content=\"EUR\" \/>\n<meta property=\"og:availability\" content=\"instock\" \/>\n<meta property=\"product:availability\" content=\"instock\" \/>\n<meta property=\"product:retailer_item_id\" content=\"sung500\" \/>\n<meta property=\"product:condition\" content=\"new\" \/>\n<!-- \/ Yoast SEO Premium plugin. -->","yoast_head_json":{"title":"\u0160ung\u012bts \u016bdesn aktiviz\u0101cijai 500g - cosmetic.lv","robots":{"index":"index","follow":"follow","max-snippet":"max-snippet:-1","max-image-preview":"max-image-preview:large","max-video-preview":"max-video-preview:-1"},"canonical":"https:\/\/cosmetic.lv\/lv\/product\/sungits-udesn-aktivizacijai-500g\/","og_locale":"lv_LV","og_type":"article","og_title":"\u0160ung\u012bts \u016bdesn aktiviz\u0101cijai 500g","og_description":"\u0160ung\u012bts. Vec\u0101kais plan\u0113tas miner\u0101ls. To ieg\u016bst vien\u012bgaj\u0101 lauk\u0101 Kar\u0113lij\u0101. Run\u0101jot par t\u0101 iedarb\u012bbu, tam nav analogu. \u0160ung\u012bta unikalit\u0101te ir \u012bpa\u0161u","og_url":"https:\/\/cosmetic.lv\/lv\/product\/sungits-udesn-aktivizacijai-500g\/","og_site_name":"cosmetic.lv","article_publisher":"https:\/\/www.facebook.com\/cosmetic.lv\/","article_modified_time":"2021-10-06T16:29:33+00:00","og_image":[{"width":600,"height":600,"url":"https:\/\/cosmetic.lv\/wp-content\/uploads\/2021\/10\/shungit-500-gr-4.jpg","type":"image\/jpeg"}],"twitter_card":"summary_large_image","schema":{"@context":"https:\/\/schema.org","@graph":[{"@type":"WebPage","@id":"https:\/\/cosmetic.lv\/lv\/product\/sungits-udesn-aktivizacijai-500g\/","url":"https:\/\/cosmetic.lv\/lv\/product\/sungits-udesn-aktivizacijai-500g\/","name":"\u0160ung\u012bts \u016bdesn aktiviz\u0101cijai 500g - cosmetic.lv","isPartOf":{"@id":"https:\/\/cosmetic.lv\/lv\/#website"},"primaryImageOfPage":{"@id":"https:\/\/cosmetic.lv\/lv\/product\/sungits-udesn-aktivizacijai-500g\/#primaryimage"},"image":{"@id":"https:\/\/cosmetic.lv\/lv\/product\/sungits-udesn-aktivizacijai-500g\/#primaryimage"},"thumbnailUrl":"https:\/\/cosmetic.lv\/wp-content\/uploads\/2021\/10\/shungit-500-gr-4.jpg","datePublished":"2021-10-06T16:29:32+00:00","dateModified":"2021-10-06T16:29:33+00:00","breadcrumb":{"@id":"https:\/\/cosmetic.lv\/lv\/product\/sungits-udesn-aktivizacijai-500g\/#breadcrumb"},"inLanguage":"lv-LV","potentialAction":[{"@type":"ReadAction","target":["https:\/\/cosmetic.lv\/lv\/product\/sungits-udesn-aktivizacijai-500g\/"]}]},{"@type":"ImageObject","inLanguage":"lv-LV","@id":"https:\/\/cosmetic.lv\/lv\/product\/sungits-udesn-aktivizacijai-500g\/#primaryimage","url":"https:\/\/cosmetic.lv\/wp-content\/uploads\/2021\/10\/shungit-500-gr-4.jpg","contentUrl":"https:\/\/cosmetic.lv\/wp-content\/uploads\/2021\/10\/shungit-500-gr-4.jpg","width":600,"height":600},{"@type":"BreadcrumbList","@id":"https:\/\/cosmetic.lv\/lv\/product\/sungits-udesn-aktivizacijai-500g\/#breadcrumb","itemListElement":[{"@type":"ListItem","position":1,"name":"Home","item":"https:\/\/cosmetic.lv\/lv\/"},{"@type":"ListItem","position":2,"name":"Veikals","item":"https:\/\/cosmetic.lv\/lv\/veiklas\/"},{"@type":"ListItem","position":3,"name":"\u0160ung\u012bts \u016bdesn aktiviz\u0101cijai 500g"}]},{"@type":"WebSite","@id":"https:\/\/cosmetic.lv\/lv\/#website","url":"https:\/\/cosmetic.lv\/lv\/","name":"cosmetic.lv","description":"Profesion\u0101la kosm\u0113tika - Maria Galland, Keune, Arkadija, GMT, Guam, Magiray","publisher":{"@id":"https:\/\/cosmetic.lv\/lv\/#organization"},"potentialAction":[{"@type":"SearchAction","target":{"@type":"EntryPoint","urlTemplate":"https:\/\/cosmetic.lv\/lv\/?s={search_term_string}"},"query-input":{"@type":"PropertyValueSpecification","valueRequired":true,"valueName":"search_term_string"}}],"inLanguage":"lv-LV"},{"@type":"Organization","@id":"https:\/\/cosmetic.lv\/lv\/#organization","name":"COSMETIC.LV","url":"https:\/\/cosmetic.lv\/lv\/","logo":{"@type":"ImageObject","inLanguage":"lv-LV","@id":"https:\/\/cosmetic.lv\/lv\/#\/schema\/logo\/image\/","url":"https:\/\/cosmetic.lv\/wp-content\/uploads\/2021\/02\/cosmetic.lv_logo.jpg","contentUrl":"https:\/\/cosmetic.lv\/wp-content\/uploads\/2021\/02\/cosmetic.lv_logo.jpg","width":596,"height":196,"caption":"COSMETIC.LV"},"image":{"@id":"https:\/\/cosmetic.lv\/lv\/#\/schema\/logo\/image\/"},"sameAs":["https:\/\/www.facebook.com\/cosmetic.lv\/"]}]},"product_price_amount":"9.90","product_price_currency":"EUR","og_availability":"instock","product_availability":"instock","product_retailer_item_id":"sung500","product_condition":"new"},"_links":{"self":[{"href":"https:\/\/cosmetic.lv\/lv\/wp-json\/wp\/v2\/product\/37260","targetHints":{"allow":["GET"]}}],"collection":[{"href":"https:\/\/cosmetic.lv\/lv\/wp-json\/wp\/v2\/product"}],"about":[{"href":"https:\/\/cosmetic.lv\/lv\/wp-json\/wp\/v2\/types\/product"}],"wp:featuredmedia":[{"embeddable":true,"href":"https:\/\/cosmetic.lv\/lv\/wp-json\/wp\/v2\/media\/37259"}],"wp:attachment":[{"href":"https:\/\/cosmetic.lv\/lv\/wp-json\/wp\/v2\/media?parent=37260"}],"wp:term":[{"taxonomy":"product_brand","embeddable":true,"href":"https:\/\/cosmetic.lv\/lv\/wp-json\/wp\/v2\/product_brand?post=37260"},{"taxonomy":"product_cat","embeddable":true,"href":"https:\/\/cosmetic.lv\/lv\/wp-json\/wp\/v2\/product_cat?post=37260"},{"taxonomy":"product_tag","embeddable":true,"href":"https:\/\/cosmetic.lv\/lv\/wp-json\/wp\/v2\/product_tag?post=37260"}],"curies":[{"name":"wp","href":"https:\/\/api.w.org\/{rel}","templated":true}]}}