{"id":37319,"date":"2021-10-24T21:57:21","date_gmt":"2021-10-24T19:00:08","guid":{"rendered":"https:\/\/cosmetic.lv\/?post_type=product&#038;p=37319"},"modified":"2025-08-22T16:30:42","modified_gmt":"2025-08-22T13:30:42","slug":"vivasan-mixture-of-100-essential-oils-blue-relief-muskuliem-50-ml-2","status":"publish","type":"product","link":"https:\/\/cosmetic.lv\/lv\/product\/vivasan-mixture-of-100-essential-oils-blue-relief-muskuliem-50-ml-2\/","title":{"rendered":"VIVASAN Mixture essential oils Blue Relief musku\u013ciem 50 ml"},"content":{"rendered":"<p>Re\u0123ener\u0113jo\u0161a e\u013c\u013ca Blue Relief. Satur: osmanthus ziedu e\u013c\u013cu (Osmanthus fragrans), zil\u0101s bi\u0161kr\u0113sli\u0146u e\u013c\u013cu (Tanacetum annuum), pela\u0161\u0137u e\u013c\u013cu (Achillea millefolium), piparm\u0113tru e\u013c\u013cu (Mentha piperita), immortelle (Helichrysum italicum), ziemza\u013co (Gaultheria procumbum), kampara mizu barkpon). Pal\u012bdz loc\u012btavu slim\u012bbu un traumu gad\u012bjumos. Tas nomierina, atvieglo loc\u012btavu iekaisumu, tai piem\u012bt pretkrampju iedarb\u012bba, to lieto reimatisma, podagras, artrozes un loc\u012btavu s\u0101pju gad\u012bjum\u0101. Ide\u0101li sastiepumiem un s\u0101p\u012bgam piet\u016bkumam.<\/p>\n<p>Pamatojoties uz 100% \u0113teriskaj\u0101m e\u013c\u013c\u0101m<br \/>\nProdukts nav test\u0113ts ar dz\u012bvniekiem<br \/>\nDermatolo\u0123iski p\u0101rbaud\u012bts<br \/>\nNesatur kr\u0101svielas un sint\u0113tiskus piemais\u012bjumus<br \/>\nHalal sertific\u0113ts<br \/>\nGMP sertific\u0113ts<\/p>\n<p>Br\u012bdin\u0101jumi<\/p>\n<p>Tikai \u0101r\u012bgai lieto\u0161anai. Nelietojiet \u0113terisk\u0101s e\u013c\u013cas, iepriek\u0161 konsult\u0113joties ar kvalific\u0113tu speci\u0101listu. Izvairieties no saskares ar ac\u012bm un g\u013cot\u0101d\u0101m. Nelietojiet uz \u0101das neat\u0161\u0137aid\u012btas \u0113terisk\u0101s e\u013c\u013cas. Lietojiet \u0113terisk\u0101s e\u013c\u013cas tikai pien\u0101c\u012bg\u0101 kvalific\u0113ta vesel\u012bbas apr\u016bpes speci\u0101lista vad\u012bb\u0101, ja esat gr\u016btniece vai jums ir citas medic\u012bniskas probl\u0113mas. Sarg\u0101t no b\u0113rniem. Pirms \u0113terisko e\u013c\u013cu lieto\u0161anas b\u0113rniem, l\u016bdzu, konsult\u0113jieties ar kvalific\u0113tu vesel\u012bbas apr\u016bpes speci\u0101listu. Pirms lietojat \u0113terisko e\u013c\u013cu, kuru v\u0113l nekad neesat lietojis, j\u0101veic \u0101das reakcijas tests.<\/p>\n<p>&nbsp;<\/p>\n","protected":false},"excerpt":{"rendered":"<p>Re\u0123ener\u0113jo\u0161a e\u013c\u013ca Blue Relief. Satur: osmanthus ziedu e\u013c\u013cu (Osmanthus fragrans), zil\u0101s bi\u0161kr\u0113sli\u0146u e\u013c\u013cu (Tanacetum annuum), pela\u0161\u0137u e\u013c\u013cu (Achillea millefolium), piparm\u0113tru<\/p>\n","protected":false},"featured_media":37318,"template":"","meta":[],"product_brand":[],"product_cat":[2317,2185],"product_tag":[],"class_list":{"0":"post-37319","1":"product","2":"type-product","3":"status-publish","4":"has-post-thumbnail","6":"product_cat-dabiska-kosmetika-vivasan-sveice-lv","7":"product_cat-naturalas-eteriskas-ellas","9":"first","10":"instock","11":"taxable","12":"shipping-taxable","13":"purchasable","14":"product-type-simple"},"yoast_head":"<!-- This site is optimized with the Yoast SEO Premium plugin v27.0 (Yoast SEO v27.0) - https:\/\/yoast.com\/product\/yoast-seo-premium-wordpress\/ -->\n<title>VIVASAN Mixture essential oils Blue Relief musku\u013ciem 50 ml - cosmetic.lv<\/title>\n<meta name=\"robots\" content=\"index, follow, max-snippet:-1, max-image-preview:large, max-video-preview:-1\" \/>\n<link rel=\"canonical\" href=\"https:\/\/cosmetic.lv\/lv\/product\/vivasan-mixture-of-100-essential-oils-blue-relief-muskuliem-50-ml-2\/\" \/>\n<meta property=\"og:locale\" content=\"lv_LV\" \/>\n<meta property=\"og:type\" content=\"article\" \/>\n<meta property=\"og:title\" content=\"VIVASAN Mixture essential oils Blue Relief musku\u013ciem 50 ml\" \/>\n<meta property=\"og:description\" content=\"Re\u0123ener\u0113jo\u0161a e\u013c\u013ca Blue Relief. Satur: osmanthus ziedu e\u013c\u013cu (Osmanthus fragrans), zil\u0101s bi\u0161kr\u0113sli\u0146u e\u013c\u013cu (Tanacetum annuum), pela\u0161\u0137u e\u013c\u013cu (Achillea millefolium), piparm\u0113tru\" \/>\n<meta property=\"og:url\" content=\"https:\/\/cosmetic.lv\/lv\/product\/vivasan-mixture-of-100-essential-oils-blue-relief-muskuliem-50-ml-2\/\" \/>\n<meta property=\"og:site_name\" content=\"cosmetic.lv\" \/>\n<meta property=\"article:publisher\" content=\"https:\/\/www.facebook.com\/cosmetic.lv\/\" \/>\n<meta property=\"article:modified_time\" content=\"2025-08-22T13:30:42+00:00\" \/>\n<meta property=\"og:image\" content=\"https:\/\/cosmetic.lv\/wp-content\/uploads\/2021\/10\/vivasan.club-20200514-1317-34482600.png\" \/>\n\t<meta property=\"og:image:width\" content=\"1024\" \/>\n\t<meta property=\"og:image:height\" content=\"1024\" \/>\n\t<meta property=\"og:image:type\" content=\"image\/png\" \/>\n<meta name=\"twitter:card\" content=\"summary_large_image\" \/>\n<script type=\"application\/ld+json\" class=\"yoast-schema-graph\">{\"@context\":\"https:\/\/schema.org\",\"@graph\":[{\"@type\":\"WebPage\",\"@id\":\"https:\/\/cosmetic.lv\/lv\/product\/vivasan-mixture-of-100-essential-oils-blue-relief-muskuliem-50-ml-2\/\",\"url\":\"https:\/\/cosmetic.lv\/lv\/product\/vivasan-mixture-of-100-essential-oils-blue-relief-muskuliem-50-ml-2\/\",\"name\":\"VIVASAN Mixture essential oils Blue Relief musku\u013ciem 50 ml - cosmetic.lv\",\"isPartOf\":{\"@id\":\"https:\/\/cosmetic.lv\/lv\/#website\"},\"primaryImageOfPage\":{\"@id\":\"https:\/\/cosmetic.lv\/lv\/product\/vivasan-mixture-of-100-essential-oils-blue-relief-muskuliem-50-ml-2\/#primaryimage\"},\"image\":{\"@id\":\"https:\/\/cosmetic.lv\/lv\/product\/vivasan-mixture-of-100-essential-oils-blue-relief-muskuliem-50-ml-2\/#primaryimage\"},\"thumbnailUrl\":\"https:\/\/cosmetic.lv\/wp-content\/uploads\/2021\/10\/vivasan.club-20200514-1317-34482600.png\",\"datePublished\":\"2021-10-24T19:00:08+00:00\",\"dateModified\":\"2025-08-22T13:30:42+00:00\",\"breadcrumb\":{\"@id\":\"https:\/\/cosmetic.lv\/lv\/product\/vivasan-mixture-of-100-essential-oils-blue-relief-muskuliem-50-ml-2\/#breadcrumb\"},\"inLanguage\":\"lv-LV\",\"potentialAction\":[{\"@type\":\"ReadAction\",\"target\":[\"https:\/\/cosmetic.lv\/lv\/product\/vivasan-mixture-of-100-essential-oils-blue-relief-muskuliem-50-ml-2\/\"]}]},{\"@type\":\"ImageObject\",\"inLanguage\":\"lv-LV\",\"@id\":\"https:\/\/cosmetic.lv\/lv\/product\/vivasan-mixture-of-100-essential-oils-blue-relief-muskuliem-50-ml-2\/#primaryimage\",\"url\":\"https:\/\/cosmetic.lv\/wp-content\/uploads\/2021\/10\/vivasan.club-20200514-1317-34482600.png\",\"contentUrl\":\"https:\/\/cosmetic.lv\/wp-content\/uploads\/2021\/10\/vivasan.club-20200514-1317-34482600.png\",\"width\":1024,\"height\":1024},{\"@type\":\"BreadcrumbList\",\"@id\":\"https:\/\/cosmetic.lv\/lv\/product\/vivasan-mixture-of-100-essential-oils-blue-relief-muskuliem-50-ml-2\/#breadcrumb\",\"itemListElement\":[{\"@type\":\"ListItem\",\"position\":1,\"name\":\"Home\",\"item\":\"https:\/\/cosmetic.lv\/lv\/\"},{\"@type\":\"ListItem\",\"position\":2,\"name\":\"Veikals\",\"item\":\"https:\/\/cosmetic.lv\/lv\/veiklas\/\"},{\"@type\":\"ListItem\",\"position\":3,\"name\":\"VIVASAN Mixture essential oils Blue Relief musku\u013ciem 50 ml\"}]},{\"@type\":\"WebSite\",\"@id\":\"https:\/\/cosmetic.lv\/lv\/#website\",\"url\":\"https:\/\/cosmetic.lv\/lv\/\",\"name\":\"cosmetic.lv\",\"description\":\"Profesion\u0101la kosm\u0113tika - Maria Galland, Keune, Arkadija, GMT, Guam, Magiray\",\"publisher\":{\"@id\":\"https:\/\/cosmetic.lv\/lv\/#organization\"},\"potentialAction\":[{\"@type\":\"SearchAction\",\"target\":{\"@type\":\"EntryPoint\",\"urlTemplate\":\"https:\/\/cosmetic.lv\/lv\/?s={search_term_string}\"},\"query-input\":{\"@type\":\"PropertyValueSpecification\",\"valueRequired\":true,\"valueName\":\"search_term_string\"}}],\"inLanguage\":\"lv-LV\"},{\"@type\":\"Organization\",\"@id\":\"https:\/\/cosmetic.lv\/lv\/#organization\",\"name\":\"COSMETIC.LV\",\"url\":\"https:\/\/cosmetic.lv\/lv\/\",\"logo\":{\"@type\":\"ImageObject\",\"inLanguage\":\"lv-LV\",\"@id\":\"https:\/\/cosmetic.lv\/lv\/#\/schema\/logo\/image\/\",\"url\":\"https:\/\/cosmetic.lv\/wp-content\/uploads\/2021\/02\/cosmetic.lv_logo.jpg\",\"contentUrl\":\"https:\/\/cosmetic.lv\/wp-content\/uploads\/2021\/02\/cosmetic.lv_logo.jpg\",\"width\":596,\"height\":196,\"caption\":\"COSMETIC.LV\"},\"image\":{\"@id\":\"https:\/\/cosmetic.lv\/lv\/#\/schema\/logo\/image\/\"},\"sameAs\":[\"https:\/\/www.facebook.com\/cosmetic.lv\/\"]}]}<\/script>\n<meta property=\"product:price:amount\" content=\"32.00\" \/>\n<meta property=\"product:price:currency\" content=\"EUR\" \/>\n<meta property=\"og:availability\" content=\"instock\" \/>\n<meta property=\"product:availability\" content=\"instock\" \/>\n<meta property=\"product:retailer_item_id\" content=\"Blue-Relief\" \/>\n<meta property=\"product:condition\" content=\"new\" \/>\n<!-- \/ Yoast SEO Premium plugin. -->","yoast_head_json":{"title":"VIVASAN Mixture essential oils Blue Relief musku\u013ciem 50 ml - cosmetic.lv","robots":{"index":"index","follow":"follow","max-snippet":"max-snippet:-1","max-image-preview":"max-image-preview:large","max-video-preview":"max-video-preview:-1"},"canonical":"https:\/\/cosmetic.lv\/lv\/product\/vivasan-mixture-of-100-essential-oils-blue-relief-muskuliem-50-ml-2\/","og_locale":"lv_LV","og_type":"article","og_title":"VIVASAN Mixture essential oils Blue Relief musku\u013ciem 50 ml","og_description":"Re\u0123ener\u0113jo\u0161a e\u013c\u013ca Blue Relief. Satur: osmanthus ziedu e\u013c\u013cu (Osmanthus fragrans), zil\u0101s bi\u0161kr\u0113sli\u0146u e\u013c\u013cu (Tanacetum annuum), pela\u0161\u0137u e\u013c\u013cu (Achillea millefolium), piparm\u0113tru","og_url":"https:\/\/cosmetic.lv\/lv\/product\/vivasan-mixture-of-100-essential-oils-blue-relief-muskuliem-50-ml-2\/","og_site_name":"cosmetic.lv","article_publisher":"https:\/\/www.facebook.com\/cosmetic.lv\/","article_modified_time":"2025-08-22T13:30:42+00:00","og_image":[{"width":1024,"height":1024,"url":"https:\/\/cosmetic.lv\/wp-content\/uploads\/2021\/10\/vivasan.club-20200514-1317-34482600.png","type":"image\/png"}],"twitter_card":"summary_large_image","schema":{"@context":"https:\/\/schema.org","@graph":[{"@type":"WebPage","@id":"https:\/\/cosmetic.lv\/lv\/product\/vivasan-mixture-of-100-essential-oils-blue-relief-muskuliem-50-ml-2\/","url":"https:\/\/cosmetic.lv\/lv\/product\/vivasan-mixture-of-100-essential-oils-blue-relief-muskuliem-50-ml-2\/","name":"VIVASAN Mixture essential oils Blue Relief musku\u013ciem 50 ml - cosmetic.lv","isPartOf":{"@id":"https:\/\/cosmetic.lv\/lv\/#website"},"primaryImageOfPage":{"@id":"https:\/\/cosmetic.lv\/lv\/product\/vivasan-mixture-of-100-essential-oils-blue-relief-muskuliem-50-ml-2\/#primaryimage"},"image":{"@id":"https:\/\/cosmetic.lv\/lv\/product\/vivasan-mixture-of-100-essential-oils-blue-relief-muskuliem-50-ml-2\/#primaryimage"},"thumbnailUrl":"https:\/\/cosmetic.lv\/wp-content\/uploads\/2021\/10\/vivasan.club-20200514-1317-34482600.png","datePublished":"2021-10-24T19:00:08+00:00","dateModified":"2025-08-22T13:30:42+00:00","breadcrumb":{"@id":"https:\/\/cosmetic.lv\/lv\/product\/vivasan-mixture-of-100-essential-oils-blue-relief-muskuliem-50-ml-2\/#breadcrumb"},"inLanguage":"lv-LV","potentialAction":[{"@type":"ReadAction","target":["https:\/\/cosmetic.lv\/lv\/product\/vivasan-mixture-of-100-essential-oils-blue-relief-muskuliem-50-ml-2\/"]}]},{"@type":"ImageObject","inLanguage":"lv-LV","@id":"https:\/\/cosmetic.lv\/lv\/product\/vivasan-mixture-of-100-essential-oils-blue-relief-muskuliem-50-ml-2\/#primaryimage","url":"https:\/\/cosmetic.lv\/wp-content\/uploads\/2021\/10\/vivasan.club-20200514-1317-34482600.png","contentUrl":"https:\/\/cosmetic.lv\/wp-content\/uploads\/2021\/10\/vivasan.club-20200514-1317-34482600.png","width":1024,"height":1024},{"@type":"BreadcrumbList","@id":"https:\/\/cosmetic.lv\/lv\/product\/vivasan-mixture-of-100-essential-oils-blue-relief-muskuliem-50-ml-2\/#breadcrumb","itemListElement":[{"@type":"ListItem","position":1,"name":"Home","item":"https:\/\/cosmetic.lv\/lv\/"},{"@type":"ListItem","position":2,"name":"Veikals","item":"https:\/\/cosmetic.lv\/lv\/veiklas\/"},{"@type":"ListItem","position":3,"name":"VIVASAN Mixture essential oils Blue Relief musku\u013ciem 50 ml"}]},{"@type":"WebSite","@id":"https:\/\/cosmetic.lv\/lv\/#website","url":"https:\/\/cosmetic.lv\/lv\/","name":"cosmetic.lv","description":"Profesion\u0101la kosm\u0113tika - Maria Galland, Keune, Arkadija, GMT, Guam, Magiray","publisher":{"@id":"https:\/\/cosmetic.lv\/lv\/#organization"},"potentialAction":[{"@type":"SearchAction","target":{"@type":"EntryPoint","urlTemplate":"https:\/\/cosmetic.lv\/lv\/?s={search_term_string}"},"query-input":{"@type":"PropertyValueSpecification","valueRequired":true,"valueName":"search_term_string"}}],"inLanguage":"lv-LV"},{"@type":"Organization","@id":"https:\/\/cosmetic.lv\/lv\/#organization","name":"COSMETIC.LV","url":"https:\/\/cosmetic.lv\/lv\/","logo":{"@type":"ImageObject","inLanguage":"lv-LV","@id":"https:\/\/cosmetic.lv\/lv\/#\/schema\/logo\/image\/","url":"https:\/\/cosmetic.lv\/wp-content\/uploads\/2021\/02\/cosmetic.lv_logo.jpg","contentUrl":"https:\/\/cosmetic.lv\/wp-content\/uploads\/2021\/02\/cosmetic.lv_logo.jpg","width":596,"height":196,"caption":"COSMETIC.LV"},"image":{"@id":"https:\/\/cosmetic.lv\/lv\/#\/schema\/logo\/image\/"},"sameAs":["https:\/\/www.facebook.com\/cosmetic.lv\/"]}]},"product_price_amount":"32.00","product_price_currency":"EUR","og_availability":"instock","product_availability":"instock","product_retailer_item_id":"Blue-Relief","product_condition":"new"},"_links":{"self":[{"href":"https:\/\/cosmetic.lv\/lv\/wp-json\/wp\/v2\/product\/37319","targetHints":{"allow":["GET"]}}],"collection":[{"href":"https:\/\/cosmetic.lv\/lv\/wp-json\/wp\/v2\/product"}],"about":[{"href":"https:\/\/cosmetic.lv\/lv\/wp-json\/wp\/v2\/types\/product"}],"wp:featuredmedia":[{"embeddable":true,"href":"https:\/\/cosmetic.lv\/lv\/wp-json\/wp\/v2\/media\/37318"}],"wp:attachment":[{"href":"https:\/\/cosmetic.lv\/lv\/wp-json\/wp\/v2\/media?parent=37319"}],"wp:term":[{"taxonomy":"product_brand","embeddable":true,"href":"https:\/\/cosmetic.lv\/lv\/wp-json\/wp\/v2\/product_brand?post=37319"},{"taxonomy":"product_cat","embeddable":true,"href":"https:\/\/cosmetic.lv\/lv\/wp-json\/wp\/v2\/product_cat?post=37319"},{"taxonomy":"product_tag","embeddable":true,"href":"https:\/\/cosmetic.lv\/lv\/wp-json\/wp\/v2\/product_tag?post=37319"}],"curies":[{"name":"wp","href":"https:\/\/api.w.org\/{rel}","templated":true}]}}