{"id":37327,"date":"2021-10-24T22:05:06","date_gmt":"2021-10-24T19:06:08","guid":{"rendered":"https:\/\/cosmetic.lv\/?post_type=product&#038;p=37327"},"modified":"2021-10-24T22:06:51","modified_gmt":"2021-10-24T19:06:51","slug":"vivasan-mixture-of-100-essential-oils-get-up-5-ml-2","status":"publish","type":"product","link":"https:\/\/cosmetic.lv\/lv\/product\/vivasan-mixture-of-100-essential-oils-get-up-5-ml-2\/","title":{"rendered":"VIVASAN Mixture of 100% essential oils Get up 5 ml"},"content":{"rendered":"<p>&#8220;Cheer Up&#8221; ir 100% t\u012bru \u0113terisko e\u013c\u013cu sast\u0101vs, kas veicina koncentr\u0113\u0161anos un sparu. To lieto, lai apkarotu nogurumu un letar\u0123iju, dod pozit\u012bvu ener\u0123ijas l\u0101di\u0146u, piepilda ar pozit\u012bvu un labu garast\u0101vokli. Efekt\u012bvi izmantojiet uzmundrin\u0101\u0161anas mais\u012bjumu pirms eks\u0101meniem vai intervij\u0101m, lai palielin\u0101tu pa\u0161apzi\u0146u. Ieteicams lietot cilv\u0113kiem, kuriem ir sistem\u0101tisks gar\u012bgais stress.<\/p>\n<p>100% \u0113terisk\u0101s e\u013c\u013cas: piparm\u0113tru e\u013c\u013ca, saldo apels\u012bnu e\u013c\u013ca, mirtes e\u013c\u013ca, eikalipta e\u013c\u013ca, lavandas e\u013c\u013ca, ro\u017ekoka e\u013c\u013ca<br \/>\nProdukts nav test\u0113ts ar dz\u012bvniekiem<br \/>\nDermatolo\u0123iski p\u0101rbaud\u012bts<br \/>\nNesatur kr\u0101svielas un sint\u0113tiskus piemais\u012bjumus<br \/>\nParab\u0113nu nesatur<br \/>\nHalal sertifik\u0101ts<br \/>\nGMP kvalit\u0101tes sertifik\u0101ts<\/p>\n<p>Pieteikums<\/p>\n<p>Apkaisiet 3-5 pilienus \u0113terisk\u0101s e\u013c\u013cas uz filca ielikt\u0146a un novietojiet uz smar\u017eas pane\u013ca. P\u0113c tam turiet nospiestu ventil\u0101cijas vad\u012bbu un izbaudiet smar\u017eu. Aizpildiet difuzoru ar \u016bdeni l\u012bdz iez\u012bm\u0113tajai vietai un pievienojiet 3-5 pilienus Long Life Essential Oil Composition vai skatiet Vivasan Smar\u017eas e\u013c\u013cas ce\u013cvedi.<\/p>\n","protected":false},"excerpt":{"rendered":"<p>&#8220;Cheer Up&#8221; ir 100% t\u012bru \u0113terisko e\u013c\u013cu sast\u0101vs, kas veicina koncentr\u0113\u0161anos un sparu. To lieto, lai apkarotu nogurumu un letar\u0123iju,<\/p>\n","protected":false},"featured_media":37326,"template":"","meta":[],"product_brand":[],"product_cat":[2317,2185],"product_tag":[],"class_list":{"0":"post-37327","1":"product","2":"type-product","3":"status-publish","4":"has-post-thumbnail","6":"product_cat-dabiska-kosmetika-vivasan-sveice-lv","7":"product_cat-naturalas-eteriskas-ellas","9":"first","10":"instock","11":"taxable","12":"shipping-taxable","13":"purchasable","14":"product-type-simple"},"yoast_head":"<!-- This site is optimized with the Yoast SEO Premium plugin v27.0 (Yoast SEO v27.0) - https:\/\/yoast.com\/product\/yoast-seo-premium-wordpress\/ -->\n<title>VIVASAN Mixture of 100% essential oils Get up 5 ml - cosmetic.lv<\/title>\n<meta name=\"robots\" content=\"index, follow, max-snippet:-1, max-image-preview:large, max-video-preview:-1\" \/>\n<link rel=\"canonical\" href=\"https:\/\/cosmetic.lv\/lv\/product\/vivasan-mixture-of-100-essential-oils-get-up-5-ml-2\/\" \/>\n<meta property=\"og:locale\" content=\"lv_LV\" \/>\n<meta property=\"og:type\" content=\"article\" \/>\n<meta property=\"og:title\" content=\"VIVASAN Mixture of 100% essential oils Get up 5 ml\" \/>\n<meta property=\"og:description\" content=\"&#8220;Cheer Up&#8221; ir 100% t\u012bru \u0113terisko e\u013c\u013cu sast\u0101vs, kas veicina koncentr\u0113\u0161anos un sparu. To lieto, lai apkarotu nogurumu un letar\u0123iju,\" \/>\n<meta property=\"og:url\" content=\"https:\/\/cosmetic.lv\/lv\/product\/vivasan-mixture-of-100-essential-oils-get-up-5-ml-2\/\" \/>\n<meta property=\"og:site_name\" content=\"cosmetic.lv\" \/>\n<meta property=\"article:publisher\" content=\"https:\/\/www.facebook.com\/cosmetic.lv\/\" \/>\n<meta property=\"article:modified_time\" content=\"2021-10-24T19:06:51+00:00\" \/>\n<meta property=\"og:image\" content=\"https:\/\/cosmetic.lv\/wp-content\/uploads\/2021\/10\/ixyv6pwt9a0wko0sgs8gc0kwcww8c011.png\" \/>\n\t<meta property=\"og:image:width\" content=\"768\" \/>\n\t<meta property=\"og:image:height\" content=\"768\" \/>\n\t<meta property=\"og:image:type\" content=\"image\/png\" \/>\n<meta name=\"twitter:card\" content=\"summary_large_image\" \/>\n<script type=\"application\/ld+json\" class=\"yoast-schema-graph\">{\"@context\":\"https:\/\/schema.org\",\"@graph\":[{\"@type\":\"WebPage\",\"@id\":\"https:\/\/cosmetic.lv\/lv\/product\/vivasan-mixture-of-100-essential-oils-get-up-5-ml-2\/\",\"url\":\"https:\/\/cosmetic.lv\/lv\/product\/vivasan-mixture-of-100-essential-oils-get-up-5-ml-2\/\",\"name\":\"VIVASAN Mixture of 100% essential oils Get up 5 ml - cosmetic.lv\",\"isPartOf\":{\"@id\":\"https:\/\/cosmetic.lv\/lv\/#website\"},\"primaryImageOfPage\":{\"@id\":\"https:\/\/cosmetic.lv\/lv\/product\/vivasan-mixture-of-100-essential-oils-get-up-5-ml-2\/#primaryimage\"},\"image\":{\"@id\":\"https:\/\/cosmetic.lv\/lv\/product\/vivasan-mixture-of-100-essential-oils-get-up-5-ml-2\/#primaryimage\"},\"thumbnailUrl\":\"https:\/\/cosmetic.lv\/wp-content\/uploads\/2021\/10\/ixyv6pwt9a0wko0sgs8gc0kwcww8c011.png\",\"datePublished\":\"2021-10-24T19:06:08+00:00\",\"dateModified\":\"2021-10-24T19:06:51+00:00\",\"breadcrumb\":{\"@id\":\"https:\/\/cosmetic.lv\/lv\/product\/vivasan-mixture-of-100-essential-oils-get-up-5-ml-2\/#breadcrumb\"},\"inLanguage\":\"lv-LV\",\"potentialAction\":[{\"@type\":\"ReadAction\",\"target\":[\"https:\/\/cosmetic.lv\/lv\/product\/vivasan-mixture-of-100-essential-oils-get-up-5-ml-2\/\"]}]},{\"@type\":\"ImageObject\",\"inLanguage\":\"lv-LV\",\"@id\":\"https:\/\/cosmetic.lv\/lv\/product\/vivasan-mixture-of-100-essential-oils-get-up-5-ml-2\/#primaryimage\",\"url\":\"https:\/\/cosmetic.lv\/wp-content\/uploads\/2021\/10\/ixyv6pwt9a0wko0sgs8gc0kwcww8c011.png\",\"contentUrl\":\"https:\/\/cosmetic.lv\/wp-content\/uploads\/2021\/10\/ixyv6pwt9a0wko0sgs8gc0kwcww8c011.png\",\"width\":768,\"height\":768},{\"@type\":\"BreadcrumbList\",\"@id\":\"https:\/\/cosmetic.lv\/lv\/product\/vivasan-mixture-of-100-essential-oils-get-up-5-ml-2\/#breadcrumb\",\"itemListElement\":[{\"@type\":\"ListItem\",\"position\":1,\"name\":\"Home\",\"item\":\"https:\/\/cosmetic.lv\/lv\/\"},{\"@type\":\"ListItem\",\"position\":2,\"name\":\"Veikals\",\"item\":\"https:\/\/cosmetic.lv\/lv\/veiklas\/\"},{\"@type\":\"ListItem\",\"position\":3,\"name\":\"VIVASAN Mixture of 100% essential oils Get up 5 ml\"}]},{\"@type\":\"WebSite\",\"@id\":\"https:\/\/cosmetic.lv\/lv\/#website\",\"url\":\"https:\/\/cosmetic.lv\/lv\/\",\"name\":\"cosmetic.lv\",\"description\":\"Profesion\u0101la kosm\u0113tika - Maria Galland, Keune, Arkadija, GMT, Guam, Magiray\",\"publisher\":{\"@id\":\"https:\/\/cosmetic.lv\/lv\/#organization\"},\"potentialAction\":[{\"@type\":\"SearchAction\",\"target\":{\"@type\":\"EntryPoint\",\"urlTemplate\":\"https:\/\/cosmetic.lv\/lv\/?s={search_term_string}\"},\"query-input\":{\"@type\":\"PropertyValueSpecification\",\"valueRequired\":true,\"valueName\":\"search_term_string\"}}],\"inLanguage\":\"lv-LV\"},{\"@type\":\"Organization\",\"@id\":\"https:\/\/cosmetic.lv\/lv\/#organization\",\"name\":\"COSMETIC.LV\",\"url\":\"https:\/\/cosmetic.lv\/lv\/\",\"logo\":{\"@type\":\"ImageObject\",\"inLanguage\":\"lv-LV\",\"@id\":\"https:\/\/cosmetic.lv\/lv\/#\/schema\/logo\/image\/\",\"url\":\"https:\/\/cosmetic.lv\/wp-content\/uploads\/2021\/02\/cosmetic.lv_logo.jpg\",\"contentUrl\":\"https:\/\/cosmetic.lv\/wp-content\/uploads\/2021\/02\/cosmetic.lv_logo.jpg\",\"width\":596,\"height\":196,\"caption\":\"COSMETIC.LV\"},\"image\":{\"@id\":\"https:\/\/cosmetic.lv\/lv\/#\/schema\/logo\/image\/\"},\"sameAs\":[\"https:\/\/www.facebook.com\/cosmetic.lv\/\"]}]}<\/script>\n<meta property=\"product:price:amount\" content=\"14.75\" \/>\n<meta property=\"product:price:currency\" content=\"EUR\" \/>\n<meta property=\"og:availability\" content=\"instock\" \/>\n<meta property=\"product:availability\" content=\"instock\" \/>\n<meta property=\"product:retailer_item_id\" content=\"P-131-2\" \/>\n<meta property=\"product:condition\" content=\"new\" \/>\n<!-- \/ Yoast SEO Premium plugin. -->","yoast_head_json":{"title":"VIVASAN Mixture of 100% essential oils Get up 5 ml - cosmetic.lv","robots":{"index":"index","follow":"follow","max-snippet":"max-snippet:-1","max-image-preview":"max-image-preview:large","max-video-preview":"max-video-preview:-1"},"canonical":"https:\/\/cosmetic.lv\/lv\/product\/vivasan-mixture-of-100-essential-oils-get-up-5-ml-2\/","og_locale":"lv_LV","og_type":"article","og_title":"VIVASAN Mixture of 100% essential oils Get up 5 ml","og_description":"&#8220;Cheer Up&#8221; ir 100% t\u012bru \u0113terisko e\u013c\u013cu sast\u0101vs, kas veicina koncentr\u0113\u0161anos un sparu. To lieto, lai apkarotu nogurumu un letar\u0123iju,","og_url":"https:\/\/cosmetic.lv\/lv\/product\/vivasan-mixture-of-100-essential-oils-get-up-5-ml-2\/","og_site_name":"cosmetic.lv","article_publisher":"https:\/\/www.facebook.com\/cosmetic.lv\/","article_modified_time":"2021-10-24T19:06:51+00:00","og_image":[{"width":768,"height":768,"url":"https:\/\/cosmetic.lv\/wp-content\/uploads\/2021\/10\/ixyv6pwt9a0wko0sgs8gc0kwcww8c011.png","type":"image\/png"}],"twitter_card":"summary_large_image","schema":{"@context":"https:\/\/schema.org","@graph":[{"@type":"WebPage","@id":"https:\/\/cosmetic.lv\/lv\/product\/vivasan-mixture-of-100-essential-oils-get-up-5-ml-2\/","url":"https:\/\/cosmetic.lv\/lv\/product\/vivasan-mixture-of-100-essential-oils-get-up-5-ml-2\/","name":"VIVASAN Mixture of 100% essential oils Get up 5 ml - cosmetic.lv","isPartOf":{"@id":"https:\/\/cosmetic.lv\/lv\/#website"},"primaryImageOfPage":{"@id":"https:\/\/cosmetic.lv\/lv\/product\/vivasan-mixture-of-100-essential-oils-get-up-5-ml-2\/#primaryimage"},"image":{"@id":"https:\/\/cosmetic.lv\/lv\/product\/vivasan-mixture-of-100-essential-oils-get-up-5-ml-2\/#primaryimage"},"thumbnailUrl":"https:\/\/cosmetic.lv\/wp-content\/uploads\/2021\/10\/ixyv6pwt9a0wko0sgs8gc0kwcww8c011.png","datePublished":"2021-10-24T19:06:08+00:00","dateModified":"2021-10-24T19:06:51+00:00","breadcrumb":{"@id":"https:\/\/cosmetic.lv\/lv\/product\/vivasan-mixture-of-100-essential-oils-get-up-5-ml-2\/#breadcrumb"},"inLanguage":"lv-LV","potentialAction":[{"@type":"ReadAction","target":["https:\/\/cosmetic.lv\/lv\/product\/vivasan-mixture-of-100-essential-oils-get-up-5-ml-2\/"]}]},{"@type":"ImageObject","inLanguage":"lv-LV","@id":"https:\/\/cosmetic.lv\/lv\/product\/vivasan-mixture-of-100-essential-oils-get-up-5-ml-2\/#primaryimage","url":"https:\/\/cosmetic.lv\/wp-content\/uploads\/2021\/10\/ixyv6pwt9a0wko0sgs8gc0kwcww8c011.png","contentUrl":"https:\/\/cosmetic.lv\/wp-content\/uploads\/2021\/10\/ixyv6pwt9a0wko0sgs8gc0kwcww8c011.png","width":768,"height":768},{"@type":"BreadcrumbList","@id":"https:\/\/cosmetic.lv\/lv\/product\/vivasan-mixture-of-100-essential-oils-get-up-5-ml-2\/#breadcrumb","itemListElement":[{"@type":"ListItem","position":1,"name":"Home","item":"https:\/\/cosmetic.lv\/lv\/"},{"@type":"ListItem","position":2,"name":"Veikals","item":"https:\/\/cosmetic.lv\/lv\/veiklas\/"},{"@type":"ListItem","position":3,"name":"VIVASAN Mixture of 100% essential oils Get up 5 ml"}]},{"@type":"WebSite","@id":"https:\/\/cosmetic.lv\/lv\/#website","url":"https:\/\/cosmetic.lv\/lv\/","name":"cosmetic.lv","description":"Profesion\u0101la kosm\u0113tika - Maria Galland, Keune, Arkadija, GMT, Guam, Magiray","publisher":{"@id":"https:\/\/cosmetic.lv\/lv\/#organization"},"potentialAction":[{"@type":"SearchAction","target":{"@type":"EntryPoint","urlTemplate":"https:\/\/cosmetic.lv\/lv\/?s={search_term_string}"},"query-input":{"@type":"PropertyValueSpecification","valueRequired":true,"valueName":"search_term_string"}}],"inLanguage":"lv-LV"},{"@type":"Organization","@id":"https:\/\/cosmetic.lv\/lv\/#organization","name":"COSMETIC.LV","url":"https:\/\/cosmetic.lv\/lv\/","logo":{"@type":"ImageObject","inLanguage":"lv-LV","@id":"https:\/\/cosmetic.lv\/lv\/#\/schema\/logo\/image\/","url":"https:\/\/cosmetic.lv\/wp-content\/uploads\/2021\/02\/cosmetic.lv_logo.jpg","contentUrl":"https:\/\/cosmetic.lv\/wp-content\/uploads\/2021\/02\/cosmetic.lv_logo.jpg","width":596,"height":196,"caption":"COSMETIC.LV"},"image":{"@id":"https:\/\/cosmetic.lv\/lv\/#\/schema\/logo\/image\/"},"sameAs":["https:\/\/www.facebook.com\/cosmetic.lv\/"]}]},"product_price_amount":"14.75","product_price_currency":"EUR","og_availability":"instock","product_availability":"instock","product_retailer_item_id":"P-131-2","product_condition":"new"},"_links":{"self":[{"href":"https:\/\/cosmetic.lv\/lv\/wp-json\/wp\/v2\/product\/37327","targetHints":{"allow":["GET"]}}],"collection":[{"href":"https:\/\/cosmetic.lv\/lv\/wp-json\/wp\/v2\/product"}],"about":[{"href":"https:\/\/cosmetic.lv\/lv\/wp-json\/wp\/v2\/types\/product"}],"wp:featuredmedia":[{"embeddable":true,"href":"https:\/\/cosmetic.lv\/lv\/wp-json\/wp\/v2\/media\/37326"}],"wp:attachment":[{"href":"https:\/\/cosmetic.lv\/lv\/wp-json\/wp\/v2\/media?parent=37327"}],"wp:term":[{"taxonomy":"product_brand","embeddable":true,"href":"https:\/\/cosmetic.lv\/lv\/wp-json\/wp\/v2\/product_brand?post=37327"},{"taxonomy":"product_cat","embeddable":true,"href":"https:\/\/cosmetic.lv\/lv\/wp-json\/wp\/v2\/product_cat?post=37327"},{"taxonomy":"product_tag","embeddable":true,"href":"https:\/\/cosmetic.lv\/lv\/wp-json\/wp\/v2\/product_tag?post=37327"}],"curies":[{"name":"wp","href":"https:\/\/api.w.org\/{rel}","templated":true}]}}