{"id":37343,"date":"2021-10-28T19:31:00","date_gmt":"2021-10-28T16:31:47","guid":{"rendered":"https:\/\/cosmetic.lv\/?post_type=product&#038;p=37343"},"modified":"2021-10-28T19:32:36","modified_gmt":"2021-10-28T16:32:36","slug":"vivasan-composition-of-essential-oils-seduction-roll-on-kardinajums-5-ml-2","status":"publish","type":"product","link":"https:\/\/cosmetic.lv\/lv\/product\/vivasan-composition-of-essential-oils-seduction-roll-on-kardinajums-5-ml-2\/","title":{"rendered":"VIVASAN Composition of essential oils Seduction Roll On K\u0101rdin\u0101jums 5 ml"},"content":{"rendered":"<p>Seduction Roll On \u0113terisko e\u013c\u013cu sast\u0101vs ir vilino\u0161s un pievilc\u012bgs, apbur un pamodina ma\u0146as. Satur augstas kvalit\u0101tes avokado, ilang-ilanga, sandalkoka, v\u012braka un jasm\u012bna \u0113terisk\u0101s e\u013c\u013cas, tas ap\u0146em ar pat\u012bkamu un smalku arom\u0101tu, kas stimul\u0113 tuv\u012bbu un pievilc\u012bbu. Uzkl\u0101jiet uz punktiem &#8211; aiz aus\u012bm, uz plaukstas loc\u012btav\u0101m, elko\u0146u saliekuma, kakla, galvas pamatnes, zem ce\u013cgaliem. Smar\u017ea ir ilgsto\u0161a un var ilgt pat vair\u0101kas stundas.<\/p>\n<p>100% \u0113terisk\u0101s e\u013c\u013cas<br \/>\nProdukts nav test\u0113ts ar dz\u012bvniekiem<br \/>\nDermatolo\u0123iski p\u0101rbaud\u012bts<br \/>\nNesatur kr\u0101svielas un sint\u0113tiskus piemais\u012bjumus<br \/>\nParab\u0113nu nesatur<br \/>\nHalal sertifik\u0101ts<br \/>\nGMP kvalit\u0101tes sertifik\u0101ts<\/p>\n<p>Br\u012bdin\u0101jumi<\/p>\n<p>Tikai \u0101r\u012bgai lieto\u0161anai. Nelietojiet \u0113terisk\u0101s e\u013c\u013cas, iepriek\u0161 konsult\u0113joties ar kvalific\u0113tu aromterapijas speci\u0101listu. Izvairieties no saskares ar ac\u012bm un g\u013cot\u0101d\u0101m. Nelietojiet uz \u0101das neat\u0161\u0137aid\u012btas organisk\u0101s \u0113terisk\u0101s e\u013c\u013cas, absol\u016bt\u0101s vielas vai citas koncentr\u0113tas esences. Lietojiet \u0113terisk\u0101s e\u013c\u013cas tikai pien\u0101c\u012bg\u0101 kvalific\u0113ta vesel\u012bbas apr\u016bpes speci\u0101lista vad\u012bb\u0101, ja esat gr\u016btniece vai jums ir citas medic\u012bniskas probl\u0113mas. Sarg\u0101t no b\u0113rniem. Pirms \u0113terisko e\u013c\u013cu lieto\u0161anas b\u0113rniem, l\u016bdzu, konsult\u0113jieties ar kvalific\u0113tu vesel\u012bbas apr\u016bpes speci\u0101listu. Pirms lietojat \u0113terisko e\u013c\u013cu, kuru v\u0113l nekad neesat lietojis, j\u0101veic \u0101das reakcijas tests. Kontrindik\u0101cijas: epilepsija, gr\u016btniec\u012bba, b\u0113rni l\u012bdz 14 gadu vecumam.<\/p>\n<p>Sast\u0101vs: e\u013c\u013cas: avokado, ilang-ilangs, sandalkoks, v\u012braks, jasm\u012bns, linalols.<\/p>\n","protected":false},"excerpt":{"rendered":"<p>Seduction Roll On \u0113terisko e\u013c\u013cu sast\u0101vs ir vilino\u0161s un pievilc\u012bgs, apbur un pamodina ma\u0146as. Satur augstas kvalit\u0101tes avokado, ilang-ilanga, sandalkoka,<\/p>\n","protected":false},"featured_media":37346,"template":"","meta":[],"product_brand":[],"product_cat":[2317,2185],"product_tag":[],"class_list":{"0":"post-37343","1":"product","2":"type-product","3":"status-publish","4":"has-post-thumbnail","6":"product_cat-dabiska-kosmetika-vivasan-sveice-lv","7":"product_cat-naturalas-eteriskas-ellas","9":"first","10":"instock","11":"taxable","12":"shipping-taxable","13":"purchasable","14":"product-type-simple"},"yoast_head":"<!-- This site is optimized with the Yoast SEO Premium plugin v27.0 (Yoast SEO v27.0) - https:\/\/yoast.com\/product\/yoast-seo-premium-wordpress\/ -->\n<title>VIVASAN Composition of essential oils Seduction Roll On K\u0101rdin\u0101jums 5 ml - cosmetic.lv<\/title>\n<meta name=\"robots\" content=\"index, follow, max-snippet:-1, max-image-preview:large, max-video-preview:-1\" \/>\n<link rel=\"canonical\" href=\"https:\/\/cosmetic.lv\/lv\/product\/vivasan-composition-of-essential-oils-seduction-roll-on-kardinajums-5-ml-2\/\" \/>\n<meta property=\"og:locale\" content=\"lv_LV\" \/>\n<meta property=\"og:type\" content=\"article\" \/>\n<meta property=\"og:title\" content=\"VIVASAN Composition of essential oils Seduction Roll On K\u0101rdin\u0101jums 5 ml\" \/>\n<meta property=\"og:description\" content=\"Seduction Roll On \u0113terisko e\u013c\u013cu sast\u0101vs ir vilino\u0161s un pievilc\u012bgs, apbur un pamodina ma\u0146as. Satur augstas kvalit\u0101tes avokado, ilang-ilanga, sandalkoka,\" \/>\n<meta property=\"og:url\" content=\"https:\/\/cosmetic.lv\/lv\/product\/vivasan-composition-of-essential-oils-seduction-roll-on-kardinajums-5-ml-2\/\" \/>\n<meta property=\"og:site_name\" content=\"cosmetic.lv\" \/>\n<meta property=\"article:publisher\" content=\"https:\/\/www.facebook.com\/cosmetic.lv\/\" \/>\n<meta property=\"article:modified_time\" content=\"2021-10-28T16:32:36+00:00\" \/>\n<meta property=\"og:image\" content=\"https:\/\/cosmetic.lv\/wp-content\/uploads\/2021\/10\/vivasan.club-20200112-1225-010810268555555555.png\" \/>\n\t<meta property=\"og:image:width\" content=\"1024\" \/>\n\t<meta property=\"og:image:height\" content=\"1024\" \/>\n\t<meta property=\"og:image:type\" content=\"image\/png\" \/>\n<meta name=\"twitter:card\" content=\"summary_large_image\" \/>\n<script type=\"application\/ld+json\" class=\"yoast-schema-graph\">{\"@context\":\"https:\/\/schema.org\",\"@graph\":[{\"@type\":\"WebPage\",\"@id\":\"https:\/\/cosmetic.lv\/lv\/product\/vivasan-composition-of-essential-oils-seduction-roll-on-kardinajums-5-ml-2\/\",\"url\":\"https:\/\/cosmetic.lv\/lv\/product\/vivasan-composition-of-essential-oils-seduction-roll-on-kardinajums-5-ml-2\/\",\"name\":\"VIVASAN Composition of essential oils Seduction Roll On K\u0101rdin\u0101jums 5 ml - cosmetic.lv\",\"isPartOf\":{\"@id\":\"https:\/\/cosmetic.lv\/lv\/#website\"},\"primaryImageOfPage\":{\"@id\":\"https:\/\/cosmetic.lv\/lv\/product\/vivasan-composition-of-essential-oils-seduction-roll-on-kardinajums-5-ml-2\/#primaryimage\"},\"image\":{\"@id\":\"https:\/\/cosmetic.lv\/lv\/product\/vivasan-composition-of-essential-oils-seduction-roll-on-kardinajums-5-ml-2\/#primaryimage\"},\"thumbnailUrl\":\"https:\/\/cosmetic.lv\/wp-content\/uploads\/2021\/10\/vivasan.club-20200112-1225-010810268555555555.png\",\"datePublished\":\"2021-10-28T16:31:47+00:00\",\"dateModified\":\"2021-10-28T16:32:36+00:00\",\"breadcrumb\":{\"@id\":\"https:\/\/cosmetic.lv\/lv\/product\/vivasan-composition-of-essential-oils-seduction-roll-on-kardinajums-5-ml-2\/#breadcrumb\"},\"inLanguage\":\"lv-LV\",\"potentialAction\":[{\"@type\":\"ReadAction\",\"target\":[\"https:\/\/cosmetic.lv\/lv\/product\/vivasan-composition-of-essential-oils-seduction-roll-on-kardinajums-5-ml-2\/\"]}]},{\"@type\":\"ImageObject\",\"inLanguage\":\"lv-LV\",\"@id\":\"https:\/\/cosmetic.lv\/lv\/product\/vivasan-composition-of-essential-oils-seduction-roll-on-kardinajums-5-ml-2\/#primaryimage\",\"url\":\"https:\/\/cosmetic.lv\/wp-content\/uploads\/2021\/10\/vivasan.club-20200112-1225-010810268555555555.png\",\"contentUrl\":\"https:\/\/cosmetic.lv\/wp-content\/uploads\/2021\/10\/vivasan.club-20200112-1225-010810268555555555.png\",\"width\":1024,\"height\":1024},{\"@type\":\"BreadcrumbList\",\"@id\":\"https:\/\/cosmetic.lv\/lv\/product\/vivasan-composition-of-essential-oils-seduction-roll-on-kardinajums-5-ml-2\/#breadcrumb\",\"itemListElement\":[{\"@type\":\"ListItem\",\"position\":1,\"name\":\"Home\",\"item\":\"https:\/\/cosmetic.lv\/lv\/\"},{\"@type\":\"ListItem\",\"position\":2,\"name\":\"Veikals\",\"item\":\"https:\/\/cosmetic.lv\/lv\/veiklas\/\"},{\"@type\":\"ListItem\",\"position\":3,\"name\":\"VIVASAN Composition of essential oils Seduction Roll On K\u0101rdin\u0101jums 5 ml\"}]},{\"@type\":\"WebSite\",\"@id\":\"https:\/\/cosmetic.lv\/lv\/#website\",\"url\":\"https:\/\/cosmetic.lv\/lv\/\",\"name\":\"cosmetic.lv\",\"description\":\"Profesion\u0101la kosm\u0113tika - Maria Galland, Keune, Arkadija, GMT, Guam, Magiray\",\"publisher\":{\"@id\":\"https:\/\/cosmetic.lv\/lv\/#organization\"},\"potentialAction\":[{\"@type\":\"SearchAction\",\"target\":{\"@type\":\"EntryPoint\",\"urlTemplate\":\"https:\/\/cosmetic.lv\/lv\/?s={search_term_string}\"},\"query-input\":{\"@type\":\"PropertyValueSpecification\",\"valueRequired\":true,\"valueName\":\"search_term_string\"}}],\"inLanguage\":\"lv-LV\"},{\"@type\":\"Organization\",\"@id\":\"https:\/\/cosmetic.lv\/lv\/#organization\",\"name\":\"COSMETIC.LV\",\"url\":\"https:\/\/cosmetic.lv\/lv\/\",\"logo\":{\"@type\":\"ImageObject\",\"inLanguage\":\"lv-LV\",\"@id\":\"https:\/\/cosmetic.lv\/lv\/#\/schema\/logo\/image\/\",\"url\":\"https:\/\/cosmetic.lv\/wp-content\/uploads\/2021\/02\/cosmetic.lv_logo.jpg\",\"contentUrl\":\"https:\/\/cosmetic.lv\/wp-content\/uploads\/2021\/02\/cosmetic.lv_logo.jpg\",\"width\":596,\"height\":196,\"caption\":\"COSMETIC.LV\"},\"image\":{\"@id\":\"https:\/\/cosmetic.lv\/lv\/#\/schema\/logo\/image\/\"},\"sameAs\":[\"https:\/\/www.facebook.com\/cosmetic.lv\/\"]}]}<\/script>\n<meta property=\"product:price:amount\" content=\"17.40\" \/>\n<meta property=\"product:price:currency\" content=\"EUR\" \/>\n<meta property=\"og:availability\" content=\"instock\" \/>\n<meta property=\"product:availability\" content=\"instock\" \/>\n<meta property=\"product:condition\" content=\"new\" \/>\n<!-- \/ Yoast SEO Premium plugin. -->","yoast_head_json":{"title":"VIVASAN Composition of essential oils Seduction Roll On K\u0101rdin\u0101jums 5 ml - cosmetic.lv","robots":{"index":"index","follow":"follow","max-snippet":"max-snippet:-1","max-image-preview":"max-image-preview:large","max-video-preview":"max-video-preview:-1"},"canonical":"https:\/\/cosmetic.lv\/lv\/product\/vivasan-composition-of-essential-oils-seduction-roll-on-kardinajums-5-ml-2\/","og_locale":"lv_LV","og_type":"article","og_title":"VIVASAN Composition of essential oils Seduction Roll On K\u0101rdin\u0101jums 5 ml","og_description":"Seduction Roll On \u0113terisko e\u013c\u013cu sast\u0101vs ir vilino\u0161s un pievilc\u012bgs, apbur un pamodina ma\u0146as. Satur augstas kvalit\u0101tes avokado, ilang-ilanga, sandalkoka,","og_url":"https:\/\/cosmetic.lv\/lv\/product\/vivasan-composition-of-essential-oils-seduction-roll-on-kardinajums-5-ml-2\/","og_site_name":"cosmetic.lv","article_publisher":"https:\/\/www.facebook.com\/cosmetic.lv\/","article_modified_time":"2021-10-28T16:32:36+00:00","og_image":[{"width":1024,"height":1024,"url":"https:\/\/cosmetic.lv\/wp-content\/uploads\/2021\/10\/vivasan.club-20200112-1225-010810268555555555.png","type":"image\/png"}],"twitter_card":"summary_large_image","schema":{"@context":"https:\/\/schema.org","@graph":[{"@type":"WebPage","@id":"https:\/\/cosmetic.lv\/lv\/product\/vivasan-composition-of-essential-oils-seduction-roll-on-kardinajums-5-ml-2\/","url":"https:\/\/cosmetic.lv\/lv\/product\/vivasan-composition-of-essential-oils-seduction-roll-on-kardinajums-5-ml-2\/","name":"VIVASAN Composition of essential oils Seduction Roll On K\u0101rdin\u0101jums 5 ml - cosmetic.lv","isPartOf":{"@id":"https:\/\/cosmetic.lv\/lv\/#website"},"primaryImageOfPage":{"@id":"https:\/\/cosmetic.lv\/lv\/product\/vivasan-composition-of-essential-oils-seduction-roll-on-kardinajums-5-ml-2\/#primaryimage"},"image":{"@id":"https:\/\/cosmetic.lv\/lv\/product\/vivasan-composition-of-essential-oils-seduction-roll-on-kardinajums-5-ml-2\/#primaryimage"},"thumbnailUrl":"https:\/\/cosmetic.lv\/wp-content\/uploads\/2021\/10\/vivasan.club-20200112-1225-010810268555555555.png","datePublished":"2021-10-28T16:31:47+00:00","dateModified":"2021-10-28T16:32:36+00:00","breadcrumb":{"@id":"https:\/\/cosmetic.lv\/lv\/product\/vivasan-composition-of-essential-oils-seduction-roll-on-kardinajums-5-ml-2\/#breadcrumb"},"inLanguage":"lv-LV","potentialAction":[{"@type":"ReadAction","target":["https:\/\/cosmetic.lv\/lv\/product\/vivasan-composition-of-essential-oils-seduction-roll-on-kardinajums-5-ml-2\/"]}]},{"@type":"ImageObject","inLanguage":"lv-LV","@id":"https:\/\/cosmetic.lv\/lv\/product\/vivasan-composition-of-essential-oils-seduction-roll-on-kardinajums-5-ml-2\/#primaryimage","url":"https:\/\/cosmetic.lv\/wp-content\/uploads\/2021\/10\/vivasan.club-20200112-1225-010810268555555555.png","contentUrl":"https:\/\/cosmetic.lv\/wp-content\/uploads\/2021\/10\/vivasan.club-20200112-1225-010810268555555555.png","width":1024,"height":1024},{"@type":"BreadcrumbList","@id":"https:\/\/cosmetic.lv\/lv\/product\/vivasan-composition-of-essential-oils-seduction-roll-on-kardinajums-5-ml-2\/#breadcrumb","itemListElement":[{"@type":"ListItem","position":1,"name":"Home","item":"https:\/\/cosmetic.lv\/lv\/"},{"@type":"ListItem","position":2,"name":"Veikals","item":"https:\/\/cosmetic.lv\/lv\/veiklas\/"},{"@type":"ListItem","position":3,"name":"VIVASAN Composition of essential oils Seduction Roll On K\u0101rdin\u0101jums 5 ml"}]},{"@type":"WebSite","@id":"https:\/\/cosmetic.lv\/lv\/#website","url":"https:\/\/cosmetic.lv\/lv\/","name":"cosmetic.lv","description":"Profesion\u0101la kosm\u0113tika - Maria Galland, Keune, Arkadija, GMT, Guam, Magiray","publisher":{"@id":"https:\/\/cosmetic.lv\/lv\/#organization"},"potentialAction":[{"@type":"SearchAction","target":{"@type":"EntryPoint","urlTemplate":"https:\/\/cosmetic.lv\/lv\/?s={search_term_string}"},"query-input":{"@type":"PropertyValueSpecification","valueRequired":true,"valueName":"search_term_string"}}],"inLanguage":"lv-LV"},{"@type":"Organization","@id":"https:\/\/cosmetic.lv\/lv\/#organization","name":"COSMETIC.LV","url":"https:\/\/cosmetic.lv\/lv\/","logo":{"@type":"ImageObject","inLanguage":"lv-LV","@id":"https:\/\/cosmetic.lv\/lv\/#\/schema\/logo\/image\/","url":"https:\/\/cosmetic.lv\/wp-content\/uploads\/2021\/02\/cosmetic.lv_logo.jpg","contentUrl":"https:\/\/cosmetic.lv\/wp-content\/uploads\/2021\/02\/cosmetic.lv_logo.jpg","width":596,"height":196,"caption":"COSMETIC.LV"},"image":{"@id":"https:\/\/cosmetic.lv\/lv\/#\/schema\/logo\/image\/"},"sameAs":["https:\/\/www.facebook.com\/cosmetic.lv\/"]}]},"product_price_amount":"17.40","product_price_currency":"EUR","og_availability":"instock","product_availability":"instock","product_condition":"new"},"_links":{"self":[{"href":"https:\/\/cosmetic.lv\/lv\/wp-json\/wp\/v2\/product\/37343","targetHints":{"allow":["GET"]}}],"collection":[{"href":"https:\/\/cosmetic.lv\/lv\/wp-json\/wp\/v2\/product"}],"about":[{"href":"https:\/\/cosmetic.lv\/lv\/wp-json\/wp\/v2\/types\/product"}],"wp:featuredmedia":[{"embeddable":true,"href":"https:\/\/cosmetic.lv\/lv\/wp-json\/wp\/v2\/media\/37346"}],"wp:attachment":[{"href":"https:\/\/cosmetic.lv\/lv\/wp-json\/wp\/v2\/media?parent=37343"}],"wp:term":[{"taxonomy":"product_brand","embeddable":true,"href":"https:\/\/cosmetic.lv\/lv\/wp-json\/wp\/v2\/product_brand?post=37343"},{"taxonomy":"product_cat","embeddable":true,"href":"https:\/\/cosmetic.lv\/lv\/wp-json\/wp\/v2\/product_cat?post=37343"},{"taxonomy":"product_tag","embeddable":true,"href":"https:\/\/cosmetic.lv\/lv\/wp-json\/wp\/v2\/product_tag?post=37343"}],"curies":[{"name":"wp","href":"https:\/\/api.w.org\/{rel}","templated":true}]}}