{"id":37366,"date":"2021-10-28T20:01:52","date_gmt":"2021-10-28T17:02:45","guid":{"rendered":"https:\/\/cosmetic.lv\/?post_type=product&#038;p=37366"},"modified":"2021-10-28T20:02:46","modified_gmt":"2021-10-28T17:02:46","slug":"vivasan-mixture-of-essential-oils-sleep-well-miegs-5-ml-2","status":"publish","type":"product","link":"https:\/\/cosmetic.lv\/lv\/product\/vivasan-mixture-of-essential-oils-sleep-well-miegs-5-ml-2\/","title":{"rendered":"VIVASAN Mixture of essential oils Sleep well miegs 5 ml"},"content":{"rendered":"<p>Labi gul\u0113t Labs miegs ir 100% t\u012bru \u0113terisko e\u013c\u013cu sast\u0101vs, kam ir nomierino\u0161a iedarb\u012bba uz \u0137ermeni un pr\u0101tu. Formul\u0113tie lavandas, baldri\u0101na un kampara ekstrakti veicina relaks\u0101ciju un mieru, pal\u012bdzot aizmigt &#8211; vesel\u012bgam, mier\u012bgam un dzi\u013cam miegam. Neroli e\u013c\u013ca pie\u0161\u0137ir e\u013c\u013cu sast\u0101vam pat\u012bkamu arom\u0101tu. Ide\u0101li lieto\u0161anai ar Nuvolo ultraska\u0146as difuzoru.<\/p>\n<p>100% \u0113terisk\u0101s e\u013c\u013cas: kan\u0113\u013ca kampara e\u013c\u013ca, lavandas e\u013c\u013ca, baldri\u0101na e\u013c\u013ca, Neroli e\u013c\u013ca<br \/>\nProdukts nav test\u0113ts ar dz\u012bvniekiem<br \/>\nDermatolo\u0123iski p\u0101rbaud\u012bts<br \/>\nNesatur kr\u0101svielas un sint\u0113tiskus piemais\u012bjumus<br \/>\nParab\u0113nu nesatur<br \/>\nHalal sertifik\u0101ts<br \/>\nGMP kvalit\u0101tes sertifik\u0101ts<\/p>\n<p>Pieteikums<\/p>\n<p>Piepildiet difuzoru ar \u016bdeni l\u012bdz iez\u012bm\u0113tajai vietai un pievienojiet 3-5 pilienus \u201cLabs miegs\u201d vai skatiet Vivasan \u0113terisko e\u013c\u013cu ce\u013cvedi.<\/p>\n","protected":false},"excerpt":{"rendered":"<p>Labi gul\u0113t Labs miegs ir 100% t\u012bru \u0113terisko e\u013c\u013cu sast\u0101vs, kam ir nomierino\u0161a iedarb\u012bba uz \u0137ermeni un pr\u0101tu. Formul\u0113tie lavandas,<\/p>\n","protected":false},"featured_media":37365,"template":"","meta":[],"product_brand":[],"product_cat":[2317,2185],"product_tag":[],"class_list":{"0":"post-37366","1":"product","2":"type-product","3":"status-publish","4":"has-post-thumbnail","6":"product_cat-dabiska-kosmetika-vivasan-sveice-lv","7":"product_cat-naturalas-eteriskas-ellas","9":"first","10":"instock","11":"taxable","12":"shipping-taxable","13":"purchasable","14":"product-type-simple"},"yoast_head":"<!-- This site is optimized with the Yoast SEO Premium plugin v27.0 (Yoast SEO v27.0) - https:\/\/yoast.com\/product\/yoast-seo-premium-wordpress\/ -->\n<title>VIVASAN Mixture of essential oils Sleep well miegs 5 ml - cosmetic.lv<\/title>\n<meta name=\"robots\" content=\"index, follow, max-snippet:-1, max-image-preview:large, max-video-preview:-1\" \/>\n<link rel=\"canonical\" href=\"https:\/\/cosmetic.lv\/lv\/product\/vivasan-mixture-of-essential-oils-sleep-well-miegs-5-ml-2\/\" \/>\n<meta property=\"og:locale\" content=\"lv_LV\" \/>\n<meta property=\"og:type\" content=\"article\" \/>\n<meta property=\"og:title\" content=\"VIVASAN Mixture of essential oils Sleep well miegs 5 ml\" \/>\n<meta property=\"og:description\" content=\"Labi gul\u0113t Labs miegs ir 100% t\u012bru \u0113terisko e\u013c\u013cu sast\u0101vs, kam ir nomierino\u0161a iedarb\u012bba uz \u0137ermeni un pr\u0101tu. Formul\u0113tie lavandas,\" \/>\n<meta property=\"og:url\" content=\"https:\/\/cosmetic.lv\/lv\/product\/vivasan-mixture-of-essential-oils-sleep-well-miegs-5-ml-2\/\" \/>\n<meta property=\"og:site_name\" content=\"cosmetic.lv\" \/>\n<meta property=\"article:publisher\" content=\"https:\/\/www.facebook.com\/cosmetic.lv\/\" \/>\n<meta property=\"article:modified_time\" content=\"2021-10-28T17:02:46+00:00\" \/>\n<meta property=\"og:image\" content=\"https:\/\/cosmetic.lv\/wp-content\/uploads\/2021\/10\/e_130_e_130.png\" \/>\n\t<meta property=\"og:image:width\" content=\"1024\" \/>\n\t<meta property=\"og:image:height\" content=\"1024\" \/>\n\t<meta property=\"og:image:type\" content=\"image\/png\" \/>\n<meta name=\"twitter:card\" content=\"summary_large_image\" \/>\n<script type=\"application\/ld+json\" class=\"yoast-schema-graph\">{\"@context\":\"https:\/\/schema.org\",\"@graph\":[{\"@type\":\"WebPage\",\"@id\":\"https:\/\/cosmetic.lv\/lv\/product\/vivasan-mixture-of-essential-oils-sleep-well-miegs-5-ml-2\/\",\"url\":\"https:\/\/cosmetic.lv\/lv\/product\/vivasan-mixture-of-essential-oils-sleep-well-miegs-5-ml-2\/\",\"name\":\"VIVASAN Mixture of essential oils Sleep well miegs 5 ml - cosmetic.lv\",\"isPartOf\":{\"@id\":\"https:\/\/cosmetic.lv\/lv\/#website\"},\"primaryImageOfPage\":{\"@id\":\"https:\/\/cosmetic.lv\/lv\/product\/vivasan-mixture-of-essential-oils-sleep-well-miegs-5-ml-2\/#primaryimage\"},\"image\":{\"@id\":\"https:\/\/cosmetic.lv\/lv\/product\/vivasan-mixture-of-essential-oils-sleep-well-miegs-5-ml-2\/#primaryimage\"},\"thumbnailUrl\":\"https:\/\/cosmetic.lv\/wp-content\/uploads\/2021\/10\/e_130_e_130.png\",\"datePublished\":\"2021-10-28T17:02:45+00:00\",\"dateModified\":\"2021-10-28T17:02:46+00:00\",\"breadcrumb\":{\"@id\":\"https:\/\/cosmetic.lv\/lv\/product\/vivasan-mixture-of-essential-oils-sleep-well-miegs-5-ml-2\/#breadcrumb\"},\"inLanguage\":\"lv-LV\",\"potentialAction\":[{\"@type\":\"ReadAction\",\"target\":[\"https:\/\/cosmetic.lv\/lv\/product\/vivasan-mixture-of-essential-oils-sleep-well-miegs-5-ml-2\/\"]}]},{\"@type\":\"ImageObject\",\"inLanguage\":\"lv-LV\",\"@id\":\"https:\/\/cosmetic.lv\/lv\/product\/vivasan-mixture-of-essential-oils-sleep-well-miegs-5-ml-2\/#primaryimage\",\"url\":\"https:\/\/cosmetic.lv\/wp-content\/uploads\/2021\/10\/e_130_e_130.png\",\"contentUrl\":\"https:\/\/cosmetic.lv\/wp-content\/uploads\/2021\/10\/e_130_e_130.png\",\"width\":1024,\"height\":1024},{\"@type\":\"BreadcrumbList\",\"@id\":\"https:\/\/cosmetic.lv\/lv\/product\/vivasan-mixture-of-essential-oils-sleep-well-miegs-5-ml-2\/#breadcrumb\",\"itemListElement\":[{\"@type\":\"ListItem\",\"position\":1,\"name\":\"Home\",\"item\":\"https:\/\/cosmetic.lv\/lv\/\"},{\"@type\":\"ListItem\",\"position\":2,\"name\":\"Veikals\",\"item\":\"https:\/\/cosmetic.lv\/lv\/veiklas\/\"},{\"@type\":\"ListItem\",\"position\":3,\"name\":\"VIVASAN Mixture of essential oils Sleep well miegs 5 ml\"}]},{\"@type\":\"WebSite\",\"@id\":\"https:\/\/cosmetic.lv\/lv\/#website\",\"url\":\"https:\/\/cosmetic.lv\/lv\/\",\"name\":\"cosmetic.lv\",\"description\":\"Profesion\u0101la kosm\u0113tika - Maria Galland, Keune, Arkadija, GMT, Guam, Magiray\",\"publisher\":{\"@id\":\"https:\/\/cosmetic.lv\/lv\/#organization\"},\"potentialAction\":[{\"@type\":\"SearchAction\",\"target\":{\"@type\":\"EntryPoint\",\"urlTemplate\":\"https:\/\/cosmetic.lv\/lv\/?s={search_term_string}\"},\"query-input\":{\"@type\":\"PropertyValueSpecification\",\"valueRequired\":true,\"valueName\":\"search_term_string\"}}],\"inLanguage\":\"lv-LV\"},{\"@type\":\"Organization\",\"@id\":\"https:\/\/cosmetic.lv\/lv\/#organization\",\"name\":\"COSMETIC.LV\",\"url\":\"https:\/\/cosmetic.lv\/lv\/\",\"logo\":{\"@type\":\"ImageObject\",\"inLanguage\":\"lv-LV\",\"@id\":\"https:\/\/cosmetic.lv\/lv\/#\/schema\/logo\/image\/\",\"url\":\"https:\/\/cosmetic.lv\/wp-content\/uploads\/2021\/02\/cosmetic.lv_logo.jpg\",\"contentUrl\":\"https:\/\/cosmetic.lv\/wp-content\/uploads\/2021\/02\/cosmetic.lv_logo.jpg\",\"width\":596,\"height\":196,\"caption\":\"COSMETIC.LV\"},\"image\":{\"@id\":\"https:\/\/cosmetic.lv\/lv\/#\/schema\/logo\/image\/\"},\"sameAs\":[\"https:\/\/www.facebook.com\/cosmetic.lv\/\"]}]}<\/script>\n<meta property=\"product:price:amount\" content=\"15.45\" \/>\n<meta property=\"product:price:currency\" content=\"EUR\" \/>\n<meta property=\"og:availability\" content=\"instock\" \/>\n<meta property=\"product:availability\" content=\"instock\" \/>\n<meta property=\"product:condition\" content=\"new\" \/>\n<!-- \/ Yoast SEO Premium plugin. -->","yoast_head_json":{"title":"VIVASAN Mixture of essential oils Sleep well miegs 5 ml - cosmetic.lv","robots":{"index":"index","follow":"follow","max-snippet":"max-snippet:-1","max-image-preview":"max-image-preview:large","max-video-preview":"max-video-preview:-1"},"canonical":"https:\/\/cosmetic.lv\/lv\/product\/vivasan-mixture-of-essential-oils-sleep-well-miegs-5-ml-2\/","og_locale":"lv_LV","og_type":"article","og_title":"VIVASAN Mixture of essential oils Sleep well miegs 5 ml","og_description":"Labi gul\u0113t Labs miegs ir 100% t\u012bru \u0113terisko e\u013c\u013cu sast\u0101vs, kam ir nomierino\u0161a iedarb\u012bba uz \u0137ermeni un pr\u0101tu. Formul\u0113tie lavandas,","og_url":"https:\/\/cosmetic.lv\/lv\/product\/vivasan-mixture-of-essential-oils-sleep-well-miegs-5-ml-2\/","og_site_name":"cosmetic.lv","article_publisher":"https:\/\/www.facebook.com\/cosmetic.lv\/","article_modified_time":"2021-10-28T17:02:46+00:00","og_image":[{"width":1024,"height":1024,"url":"https:\/\/cosmetic.lv\/wp-content\/uploads\/2021\/10\/e_130_e_130.png","type":"image\/png"}],"twitter_card":"summary_large_image","schema":{"@context":"https:\/\/schema.org","@graph":[{"@type":"WebPage","@id":"https:\/\/cosmetic.lv\/lv\/product\/vivasan-mixture-of-essential-oils-sleep-well-miegs-5-ml-2\/","url":"https:\/\/cosmetic.lv\/lv\/product\/vivasan-mixture-of-essential-oils-sleep-well-miegs-5-ml-2\/","name":"VIVASAN Mixture of essential oils Sleep well miegs 5 ml - cosmetic.lv","isPartOf":{"@id":"https:\/\/cosmetic.lv\/lv\/#website"},"primaryImageOfPage":{"@id":"https:\/\/cosmetic.lv\/lv\/product\/vivasan-mixture-of-essential-oils-sleep-well-miegs-5-ml-2\/#primaryimage"},"image":{"@id":"https:\/\/cosmetic.lv\/lv\/product\/vivasan-mixture-of-essential-oils-sleep-well-miegs-5-ml-2\/#primaryimage"},"thumbnailUrl":"https:\/\/cosmetic.lv\/wp-content\/uploads\/2021\/10\/e_130_e_130.png","datePublished":"2021-10-28T17:02:45+00:00","dateModified":"2021-10-28T17:02:46+00:00","breadcrumb":{"@id":"https:\/\/cosmetic.lv\/lv\/product\/vivasan-mixture-of-essential-oils-sleep-well-miegs-5-ml-2\/#breadcrumb"},"inLanguage":"lv-LV","potentialAction":[{"@type":"ReadAction","target":["https:\/\/cosmetic.lv\/lv\/product\/vivasan-mixture-of-essential-oils-sleep-well-miegs-5-ml-2\/"]}]},{"@type":"ImageObject","inLanguage":"lv-LV","@id":"https:\/\/cosmetic.lv\/lv\/product\/vivasan-mixture-of-essential-oils-sleep-well-miegs-5-ml-2\/#primaryimage","url":"https:\/\/cosmetic.lv\/wp-content\/uploads\/2021\/10\/e_130_e_130.png","contentUrl":"https:\/\/cosmetic.lv\/wp-content\/uploads\/2021\/10\/e_130_e_130.png","width":1024,"height":1024},{"@type":"BreadcrumbList","@id":"https:\/\/cosmetic.lv\/lv\/product\/vivasan-mixture-of-essential-oils-sleep-well-miegs-5-ml-2\/#breadcrumb","itemListElement":[{"@type":"ListItem","position":1,"name":"Home","item":"https:\/\/cosmetic.lv\/lv\/"},{"@type":"ListItem","position":2,"name":"Veikals","item":"https:\/\/cosmetic.lv\/lv\/veiklas\/"},{"@type":"ListItem","position":3,"name":"VIVASAN Mixture of essential oils Sleep well miegs 5 ml"}]},{"@type":"WebSite","@id":"https:\/\/cosmetic.lv\/lv\/#website","url":"https:\/\/cosmetic.lv\/lv\/","name":"cosmetic.lv","description":"Profesion\u0101la kosm\u0113tika - Maria Galland, Keune, Arkadija, GMT, Guam, Magiray","publisher":{"@id":"https:\/\/cosmetic.lv\/lv\/#organization"},"potentialAction":[{"@type":"SearchAction","target":{"@type":"EntryPoint","urlTemplate":"https:\/\/cosmetic.lv\/lv\/?s={search_term_string}"},"query-input":{"@type":"PropertyValueSpecification","valueRequired":true,"valueName":"search_term_string"}}],"inLanguage":"lv-LV"},{"@type":"Organization","@id":"https:\/\/cosmetic.lv\/lv\/#organization","name":"COSMETIC.LV","url":"https:\/\/cosmetic.lv\/lv\/","logo":{"@type":"ImageObject","inLanguage":"lv-LV","@id":"https:\/\/cosmetic.lv\/lv\/#\/schema\/logo\/image\/","url":"https:\/\/cosmetic.lv\/wp-content\/uploads\/2021\/02\/cosmetic.lv_logo.jpg","contentUrl":"https:\/\/cosmetic.lv\/wp-content\/uploads\/2021\/02\/cosmetic.lv_logo.jpg","width":596,"height":196,"caption":"COSMETIC.LV"},"image":{"@id":"https:\/\/cosmetic.lv\/lv\/#\/schema\/logo\/image\/"},"sameAs":["https:\/\/www.facebook.com\/cosmetic.lv\/"]}]},"product_price_amount":"15.45","product_price_currency":"EUR","og_availability":"instock","product_availability":"instock","product_condition":"new"},"_links":{"self":[{"href":"https:\/\/cosmetic.lv\/lv\/wp-json\/wp\/v2\/product\/37366","targetHints":{"allow":["GET"]}}],"collection":[{"href":"https:\/\/cosmetic.lv\/lv\/wp-json\/wp\/v2\/product"}],"about":[{"href":"https:\/\/cosmetic.lv\/lv\/wp-json\/wp\/v2\/types\/product"}],"wp:featuredmedia":[{"embeddable":true,"href":"https:\/\/cosmetic.lv\/lv\/wp-json\/wp\/v2\/media\/37365"}],"wp:attachment":[{"href":"https:\/\/cosmetic.lv\/lv\/wp-json\/wp\/v2\/media?parent=37366"}],"wp:term":[{"taxonomy":"product_brand","embeddable":true,"href":"https:\/\/cosmetic.lv\/lv\/wp-json\/wp\/v2\/product_brand?post=37366"},{"taxonomy":"product_cat","embeddable":true,"href":"https:\/\/cosmetic.lv\/lv\/wp-json\/wp\/v2\/product_cat?post=37366"},{"taxonomy":"product_tag","embeddable":true,"href":"https:\/\/cosmetic.lv\/lv\/wp-json\/wp\/v2\/product_tag?post=37366"}],"curies":[{"name":"wp","href":"https:\/\/api.w.org\/{rel}","templated":true}]}}