{"id":37401,"date":"2021-10-30T16:34:13","date_gmt":"2021-10-30T13:35:53","guid":{"rendered":"https:\/\/cosmetic.lv\/?post_type=product&#038;p=37401"},"modified":"2021-10-30T16:35:53","modified_gmt":"2021-10-30T13:35:53","slug":"septisol-pretiekaisuma-lidzeklis-50-ml","status":"publish","type":"product","link":"https:\/\/cosmetic.lv\/lv\/product\/septisol-pretiekaisuma-lidzeklis-50-ml\/","title":{"rendered":"Septisol pretiekaisuma l\u012bdzeklis, 50 ml."},"content":{"rendered":"<p>Pretiekaisuma l\u012bdzeklis Septisol<br \/>\nNom\u0101c infekcijas att\u012bst\u012bbu,<br \/>\nir kait\u012bga ietekme uz Staphylococcus aureus (zelta, hemol\u012btiska, za\u013ca),<br \/>\nvisu veidu streptokoku infekcija,<br \/>\nE. coli, dizent\u0113rijas, v\u0113dert\u012bfa, gripas, herpes, adenov\u012brusu infekcijas u.c.<br \/>\nir prets\u0113n\u012b\u0161u iedarb\u012bba,<br \/>\nsamazina iekaisumu un s\u0101pes<br \/>\nmazina piet\u016bkumu un s\u0101pes,<br \/>\nveicina \u0101tru audu dz\u012b\u0161anu.<br \/>\nnep\u0101rk\u0101pj \u0101das un g\u013cot\u0101du dabisko mikrofloru.<br \/>\nmazina niezi p\u0113c kukai\u0146u kodumiem,<br \/>\npal\u012bdz tikt gal\u0101 ar pinn\u0113m.<br \/>\nLieto\u0161anas indik\u0101cijas:<br \/>\n\u0101das boj\u0101jumi (br\u016bces, apdegumi, griezumi, skr\u0101p\u0113jumi, nobr\u0101zumi utt.),<br \/>\n\u0101das slim\u012bbas (herpes, dermat\u012bts, piodermija, stafilodermija, streptodermija, jauktas \u0123en\u0113zes ekz\u0113ma utt.),<br \/>\ninfekcijas komplik\u0101ciju nov\u0113r\u0161ana p\u0113c oper\u0101cijas,<br \/>\ntraumatiskas traumas (l\u016bzumi, sasitumi, sastiepumi utt.),<br \/>\nLOR org\u0101nu slim\u012bbas (tonsil\u012bts, ak\u016bts faring\u012bts, hronisks tonsil\u012bts, rinosinus\u012bts, adenoid\u012bts, vidusauss iekaisums utt.),<br \/>\nmutes dobuma iekaisuma slim\u012bbas (gingiv\u012bts, stomat\u012bts, periodont\u012bts, s\u0101pes p\u0113c zoba ekstrakcijas utt.),<br \/>\nginekolo\u0123iskas un urolo\u0123isk\u0101s slim\u012bbas (kolp\u012bts, vestibul\u012bts, vulvovagin\u012bts, endocervic\u012bts, bakteri\u0101l\u0101 vaginoze, dzemdes kakla erozija, uro\u0123enit\u0101l\u0101 trichomoni\u0101ze, ureaplazmoze, kandidoze, hlam\u012bdijas utt.),<br \/>\nmast\u012bts, sprauslas sprauslas z\u012bd\u012b\u0161anas laik\u0101,<br \/>\npirmsdzemd\u012bbu vagin\u0101l\u0101 sanit\u0101rija,<br \/>\nnervu sist\u0113mas slim\u012bbas (neiral\u0123ija, tai skait\u0101 tr\u012bszaru nerva neiral\u0123ija, neir\u012bts, musku\u013cu s\u0101pes),<br \/>\npiet\u016bkums un nieze p\u0113c kukai\u0146u kodumiem,<br \/>\npinnes.<br \/>\nSast\u0101vs<br \/>\n\u017divica, m\u016bmija, akmens e\u013c\u013ca, gumija, lakt\u0101ts, vara jonu kompleksi, propoliss, medus, Sib\u012brijas-Altaja re\u0123iona \u0101rstniec\u012bbas augu ekstrakti (kumel\u012bte, salvija, lakrica, dadzis, ce\u013cmallapa uc), dab\u012bgs avota \u016bdens ar augsts sudraba jonu saturs (100% dab\u012bgs sast\u0101vs)<\/p>\n","protected":false},"excerpt":{"rendered":"<p>Pretiekaisuma l\u012bdzeklis Septisol Nom\u0101c infekcijas att\u012bst\u012bbu, ir kait\u012bga ietekme uz Staphylococcus aureus (zelta, hemol\u012btiska, za\u013ca), visu veidu streptokoku infekcija, E.<\/p>\n","protected":false},"featured_media":37400,"template":"","meta":[],"product_brand":[],"product_cat":[2304,2207,2250],"product_tag":[],"class_list":{"0":"post-37401","1":"product","2":"type-product","3":"status-publish","4":"has-post-thumbnail","6":"product_cat-veseliba-lv","7":"product_cat-veselibai-lv","8":"product_cat-visparnostiprinosi-lidzekli-lv","10":"first","11":"outofstock","12":"sale","13":"taxable","14":"shipping-taxable","15":"purchasable","16":"product-type-simple"},"yoast_head":"<!-- This site is optimized with the Yoast SEO Premium plugin v27.0 (Yoast SEO v27.0) - https:\/\/yoast.com\/product\/yoast-seo-premium-wordpress\/ -->\n<title>Septisol pretiekaisuma l\u012bdzeklis, 50 ml. - cosmetic.lv<\/title>\n<meta name=\"robots\" content=\"index, follow, max-snippet:-1, max-image-preview:large, max-video-preview:-1\" \/>\n<link rel=\"canonical\" href=\"https:\/\/cosmetic.lv\/lv\/product\/septisol-pretiekaisuma-lidzeklis-50-ml\/\" \/>\n<meta property=\"og:locale\" content=\"lv_LV\" \/>\n<meta property=\"og:type\" content=\"article\" \/>\n<meta property=\"og:title\" content=\"Septisol pretiekaisuma l\u012bdzeklis, 50 ml.\" \/>\n<meta property=\"og:description\" content=\"Pretiekaisuma l\u012bdzeklis Septisol Nom\u0101c infekcijas att\u012bst\u012bbu, ir kait\u012bga ietekme uz Staphylococcus aureus (zelta, hemol\u012btiska, za\u013ca), visu veidu streptokoku infekcija, E.\" \/>\n<meta property=\"og:url\" content=\"https:\/\/cosmetic.lv\/lv\/product\/septisol-pretiekaisuma-lidzeklis-50-ml\/\" \/>\n<meta property=\"og:site_name\" content=\"cosmetic.lv\" \/>\n<meta property=\"article:publisher\" content=\"https:\/\/www.facebook.com\/cosmetic.lv\/\" \/>\n<meta property=\"og:image\" content=\"https:\/\/cosmetic.lv\/wp-content\/uploads\/2021\/10\/2-117d458047f8430b5b735b46cb770dbf.png\" \/>\n\t<meta property=\"og:image:width\" content=\"933\" \/>\n\t<meta property=\"og:image:height\" content=\"933\" \/>\n\t<meta property=\"og:image:type\" content=\"image\/png\" \/>\n<meta name=\"twitter:card\" content=\"summary_large_image\" \/>\n<script type=\"application\/ld+json\" class=\"yoast-schema-graph\">{\"@context\":\"https:\/\/schema.org\",\"@graph\":[{\"@type\":\"WebPage\",\"@id\":\"https:\/\/cosmetic.lv\/lv\/product\/septisol-pretiekaisuma-lidzeklis-50-ml\/\",\"url\":\"https:\/\/cosmetic.lv\/lv\/product\/septisol-pretiekaisuma-lidzeklis-50-ml\/\",\"name\":\"Septisol pretiekaisuma l\u012bdzeklis, 50 ml. - cosmetic.lv\",\"isPartOf\":{\"@id\":\"https:\/\/cosmetic.lv\/lv\/#website\"},\"primaryImageOfPage\":{\"@id\":\"https:\/\/cosmetic.lv\/lv\/product\/septisol-pretiekaisuma-lidzeklis-50-ml\/#primaryimage\"},\"image\":{\"@id\":\"https:\/\/cosmetic.lv\/lv\/product\/septisol-pretiekaisuma-lidzeklis-50-ml\/#primaryimage\"},\"thumbnailUrl\":\"https:\/\/cosmetic.lv\/wp-content\/uploads\/2021\/10\/2-117d458047f8430b5b735b46cb770dbf.png\",\"datePublished\":\"2021-10-30T13:35:53+00:00\",\"breadcrumb\":{\"@id\":\"https:\/\/cosmetic.lv\/lv\/product\/septisol-pretiekaisuma-lidzeklis-50-ml\/#breadcrumb\"},\"inLanguage\":\"lv-LV\",\"potentialAction\":[{\"@type\":\"ReadAction\",\"target\":[\"https:\/\/cosmetic.lv\/lv\/product\/septisol-pretiekaisuma-lidzeklis-50-ml\/\"]}]},{\"@type\":\"ImageObject\",\"inLanguage\":\"lv-LV\",\"@id\":\"https:\/\/cosmetic.lv\/lv\/product\/septisol-pretiekaisuma-lidzeklis-50-ml\/#primaryimage\",\"url\":\"https:\/\/cosmetic.lv\/wp-content\/uploads\/2021\/10\/2-117d458047f8430b5b735b46cb770dbf.png\",\"contentUrl\":\"https:\/\/cosmetic.lv\/wp-content\/uploads\/2021\/10\/2-117d458047f8430b5b735b46cb770dbf.png\",\"width\":933,\"height\":933},{\"@type\":\"BreadcrumbList\",\"@id\":\"https:\/\/cosmetic.lv\/lv\/product\/septisol-pretiekaisuma-lidzeklis-50-ml\/#breadcrumb\",\"itemListElement\":[{\"@type\":\"ListItem\",\"position\":1,\"name\":\"Home\",\"item\":\"https:\/\/cosmetic.lv\/lv\/\"},{\"@type\":\"ListItem\",\"position\":2,\"name\":\"Veikals\",\"item\":\"https:\/\/cosmetic.lv\/lv\/veiklas\/\"},{\"@type\":\"ListItem\",\"position\":3,\"name\":\"Septisol pretiekaisuma l\u012bdzeklis, 50 ml.\"}]},{\"@type\":\"WebSite\",\"@id\":\"https:\/\/cosmetic.lv\/lv\/#website\",\"url\":\"https:\/\/cosmetic.lv\/lv\/\",\"name\":\"cosmetic.lv\",\"description\":\"Profesion\u0101la kosm\u0113tika - Maria Galland, Keune, Arkadija, GMT, Guam, Magiray\",\"publisher\":{\"@id\":\"https:\/\/cosmetic.lv\/lv\/#organization\"},\"potentialAction\":[{\"@type\":\"SearchAction\",\"target\":{\"@type\":\"EntryPoint\",\"urlTemplate\":\"https:\/\/cosmetic.lv\/lv\/?s={search_term_string}\"},\"query-input\":{\"@type\":\"PropertyValueSpecification\",\"valueRequired\":true,\"valueName\":\"search_term_string\"}}],\"inLanguage\":\"lv-LV\"},{\"@type\":\"Organization\",\"@id\":\"https:\/\/cosmetic.lv\/lv\/#organization\",\"name\":\"COSMETIC.LV\",\"url\":\"https:\/\/cosmetic.lv\/lv\/\",\"logo\":{\"@type\":\"ImageObject\",\"inLanguage\":\"lv-LV\",\"@id\":\"https:\/\/cosmetic.lv\/lv\/#\/schema\/logo\/image\/\",\"url\":\"https:\/\/cosmetic.lv\/wp-content\/uploads\/2021\/02\/cosmetic.lv_logo.jpg\",\"contentUrl\":\"https:\/\/cosmetic.lv\/wp-content\/uploads\/2021\/02\/cosmetic.lv_logo.jpg\",\"width\":596,\"height\":196,\"caption\":\"COSMETIC.LV\"},\"image\":{\"@id\":\"https:\/\/cosmetic.lv\/lv\/#\/schema\/logo\/image\/\"},\"sameAs\":[\"https:\/\/www.facebook.com\/cosmetic.lv\/\"]}]}<\/script>\n<meta property=\"product:price:amount\" content=\"5.50\" \/>\n<meta property=\"product:price:currency\" content=\"EUR\" \/>\n<meta property=\"og:availability\" content=\"out of stock\" \/>\n<meta property=\"product:availability\" content=\"out of stock\" \/>\n<meta property=\"product:condition\" content=\"new\" \/>\n<!-- \/ Yoast SEO Premium plugin. -->","yoast_head_json":{"title":"Septisol pretiekaisuma l\u012bdzeklis, 50 ml. - cosmetic.lv","robots":{"index":"index","follow":"follow","max-snippet":"max-snippet:-1","max-image-preview":"max-image-preview:large","max-video-preview":"max-video-preview:-1"},"canonical":"https:\/\/cosmetic.lv\/lv\/product\/septisol-pretiekaisuma-lidzeklis-50-ml\/","og_locale":"lv_LV","og_type":"article","og_title":"Septisol pretiekaisuma l\u012bdzeklis, 50 ml.","og_description":"Pretiekaisuma l\u012bdzeklis Septisol Nom\u0101c infekcijas att\u012bst\u012bbu, ir kait\u012bga ietekme uz Staphylococcus aureus (zelta, hemol\u012btiska, za\u013ca), visu veidu streptokoku infekcija, E.","og_url":"https:\/\/cosmetic.lv\/lv\/product\/septisol-pretiekaisuma-lidzeklis-50-ml\/","og_site_name":"cosmetic.lv","article_publisher":"https:\/\/www.facebook.com\/cosmetic.lv\/","og_image":[{"width":933,"height":933,"url":"https:\/\/cosmetic.lv\/wp-content\/uploads\/2021\/10\/2-117d458047f8430b5b735b46cb770dbf.png","type":"image\/png"}],"twitter_card":"summary_large_image","schema":{"@context":"https:\/\/schema.org","@graph":[{"@type":"WebPage","@id":"https:\/\/cosmetic.lv\/lv\/product\/septisol-pretiekaisuma-lidzeklis-50-ml\/","url":"https:\/\/cosmetic.lv\/lv\/product\/septisol-pretiekaisuma-lidzeklis-50-ml\/","name":"Septisol pretiekaisuma l\u012bdzeklis, 50 ml. - cosmetic.lv","isPartOf":{"@id":"https:\/\/cosmetic.lv\/lv\/#website"},"primaryImageOfPage":{"@id":"https:\/\/cosmetic.lv\/lv\/product\/septisol-pretiekaisuma-lidzeklis-50-ml\/#primaryimage"},"image":{"@id":"https:\/\/cosmetic.lv\/lv\/product\/septisol-pretiekaisuma-lidzeklis-50-ml\/#primaryimage"},"thumbnailUrl":"https:\/\/cosmetic.lv\/wp-content\/uploads\/2021\/10\/2-117d458047f8430b5b735b46cb770dbf.png","datePublished":"2021-10-30T13:35:53+00:00","breadcrumb":{"@id":"https:\/\/cosmetic.lv\/lv\/product\/septisol-pretiekaisuma-lidzeklis-50-ml\/#breadcrumb"},"inLanguage":"lv-LV","potentialAction":[{"@type":"ReadAction","target":["https:\/\/cosmetic.lv\/lv\/product\/septisol-pretiekaisuma-lidzeklis-50-ml\/"]}]},{"@type":"ImageObject","inLanguage":"lv-LV","@id":"https:\/\/cosmetic.lv\/lv\/product\/septisol-pretiekaisuma-lidzeklis-50-ml\/#primaryimage","url":"https:\/\/cosmetic.lv\/wp-content\/uploads\/2021\/10\/2-117d458047f8430b5b735b46cb770dbf.png","contentUrl":"https:\/\/cosmetic.lv\/wp-content\/uploads\/2021\/10\/2-117d458047f8430b5b735b46cb770dbf.png","width":933,"height":933},{"@type":"BreadcrumbList","@id":"https:\/\/cosmetic.lv\/lv\/product\/septisol-pretiekaisuma-lidzeklis-50-ml\/#breadcrumb","itemListElement":[{"@type":"ListItem","position":1,"name":"Home","item":"https:\/\/cosmetic.lv\/lv\/"},{"@type":"ListItem","position":2,"name":"Veikals","item":"https:\/\/cosmetic.lv\/lv\/veiklas\/"},{"@type":"ListItem","position":3,"name":"Septisol pretiekaisuma l\u012bdzeklis, 50 ml."}]},{"@type":"WebSite","@id":"https:\/\/cosmetic.lv\/lv\/#website","url":"https:\/\/cosmetic.lv\/lv\/","name":"cosmetic.lv","description":"Profesion\u0101la kosm\u0113tika - Maria Galland, Keune, Arkadija, GMT, Guam, Magiray","publisher":{"@id":"https:\/\/cosmetic.lv\/lv\/#organization"},"potentialAction":[{"@type":"SearchAction","target":{"@type":"EntryPoint","urlTemplate":"https:\/\/cosmetic.lv\/lv\/?s={search_term_string}"},"query-input":{"@type":"PropertyValueSpecification","valueRequired":true,"valueName":"search_term_string"}}],"inLanguage":"lv-LV"},{"@type":"Organization","@id":"https:\/\/cosmetic.lv\/lv\/#organization","name":"COSMETIC.LV","url":"https:\/\/cosmetic.lv\/lv\/","logo":{"@type":"ImageObject","inLanguage":"lv-LV","@id":"https:\/\/cosmetic.lv\/lv\/#\/schema\/logo\/image\/","url":"https:\/\/cosmetic.lv\/wp-content\/uploads\/2021\/02\/cosmetic.lv_logo.jpg","contentUrl":"https:\/\/cosmetic.lv\/wp-content\/uploads\/2021\/02\/cosmetic.lv_logo.jpg","width":596,"height":196,"caption":"COSMETIC.LV"},"image":{"@id":"https:\/\/cosmetic.lv\/lv\/#\/schema\/logo\/image\/"},"sameAs":["https:\/\/www.facebook.com\/cosmetic.lv\/"]}]},"product_price_amount":"5.50","product_price_currency":"EUR","og_availability":"out of stock","product_availability":"out of stock","product_condition":"new"},"_links":{"self":[{"href":"https:\/\/cosmetic.lv\/lv\/wp-json\/wp\/v2\/product\/37401","targetHints":{"allow":["GET"]}}],"collection":[{"href":"https:\/\/cosmetic.lv\/lv\/wp-json\/wp\/v2\/product"}],"about":[{"href":"https:\/\/cosmetic.lv\/lv\/wp-json\/wp\/v2\/types\/product"}],"wp:featuredmedia":[{"embeddable":true,"href":"https:\/\/cosmetic.lv\/lv\/wp-json\/wp\/v2\/media\/37400"}],"wp:attachment":[{"href":"https:\/\/cosmetic.lv\/lv\/wp-json\/wp\/v2\/media?parent=37401"}],"wp:term":[{"taxonomy":"product_brand","embeddable":true,"href":"https:\/\/cosmetic.lv\/lv\/wp-json\/wp\/v2\/product_brand?post=37401"},{"taxonomy":"product_cat","embeddable":true,"href":"https:\/\/cosmetic.lv\/lv\/wp-json\/wp\/v2\/product_cat?post=37401"},{"taxonomy":"product_tag","embeddable":true,"href":"https:\/\/cosmetic.lv\/lv\/wp-json\/wp\/v2\/product_tag?post=37401"}],"curies":[{"name":"wp","href":"https:\/\/api.w.org\/{rel}","templated":true}]}}