{"id":37444,"date":"2021-11-06T15:17:59","date_gmt":"2021-11-06T13:17:59","guid":{"rendered":"https:\/\/cosmetic.lv\/?post_type=product&#038;p=37444"},"modified":"2021-11-06T15:17:59","modified_gmt":"2021-11-06T13:17:59","slug":"vivasan-baltas-egles-eteriska-ella-10ml","status":"publish","type":"product","link":"https:\/\/cosmetic.lv\/lv\/product\/vivasan-baltas-egles-eteriska-ella-10ml\/","title":{"rendered":"Vivasan Balt\u0101s egles \u0113terisk\u0101 e\u013c\u013ca 10ml"},"content":{"rendered":"<div id=\"tw-target-text-container\">\n<pre id=\"tw-target-text\" dir=\"ltr\">Satur: t\u012bru bezpiedevu 100% balt\u0101s Alpu egles \u0113terisko e\u013c\u013cu. Nav \u0137\u012bmisku \u0161\u0137\u012bdin\u0101t\u0101ju.\r\n\r\n\u013boti akt\u012bva e\u013c\u013ca ar bakteric\u012bdu, dezinfic\u0113jo\u0161u un pretiekaisuma iedarb\u012bbu. Lieliska sezon\u0101lu v\u012brusu infekciju un gripas profilakse.\r\nEiropas egle aug vis\u0101 Eiropas kalnainaj\u0101 da\u013c\u0101, \u012bpa\u0161i \u0160veic\u0113, Dienvidsl\u0101vij\u0101, V\u0101cij\u0101.\r\nIzmantot\u0101 da\u013ca: koks - prie\u017eu skujas, e\u013c\u013cu ieg\u016bst, destil\u0113jot tvaiku.\r\nLat\u012b\u0146u nosaukums: Abies alba Mill\r\nNo vis\u0101m pried\u0113m, egl\u0113m un egl\u0113m balt\u0101 eg\u013cu e\u013c\u013cai ir vispat\u012bkam\u0101k\u0101 smar\u017ea.\r\nArom\u0101ts: t\u012brs, balzamiko, atsvaidzino\u0161s.\r\n\r\nR\u012bkojoties ar pr\u0101tu, e\u013c\u013cai ir pr\u0101tojo\u0161s efekts.<\/pre>\n<\/div>\n<div id=\"tw-target-rmn-container\">\n<pre id=\"tw-target-rmn\" dir=\"ltr\"><\/pre>\n<\/div>\n<div>10ml<\/div>\n","protected":false},"excerpt":{"rendered":"<p>Satur: t\u012bru bezpiedevu 100% balt\u0101s Alpu egles \u0113terisko e\u013c\u013cu. Nav \u0137\u012bmisku \u0161\u0137\u012bdin\u0101t\u0101ju. \u013boti akt\u012bva e\u013c\u013ca ar bakteric\u012bdu, dezinfic\u0113jo\u0161u un pretiekaisuma<\/p>\n","protected":false},"featured_media":37448,"template":"","meta":[],"product_brand":[],"product_cat":[2317,2185],"product_tag":[],"class_list":{"0":"post-37444","1":"product","2":"type-product","3":"status-publish","4":"has-post-thumbnail","6":"product_cat-dabiska-kosmetika-vivasan-sveice-lv","7":"product_cat-naturalas-eteriskas-ellas","9":"first","10":"instock","11":"taxable","12":"shipping-taxable","13":"purchasable","14":"product-type-simple"},"yoast_head":"<!-- This site is optimized with the Yoast SEO Premium plugin v27.0 (Yoast SEO v27.0) - https:\/\/yoast.com\/product\/yoast-seo-premium-wordpress\/ -->\n<title>Vivasan Balt\u0101s egles \u0113terisk\u0101 e\u013c\u013ca 10ml - cosmetic.lv<\/title>\n<meta name=\"robots\" content=\"index, follow, max-snippet:-1, max-image-preview:large, max-video-preview:-1\" \/>\n<link rel=\"canonical\" href=\"https:\/\/cosmetic.lv\/lv\/product\/vivasan-baltas-egles-eteriska-ella-10ml\/\" \/>\n<meta property=\"og:locale\" content=\"lv_LV\" \/>\n<meta property=\"og:type\" content=\"article\" \/>\n<meta property=\"og:title\" content=\"Vivasan Balt\u0101s egles \u0113terisk\u0101 e\u013c\u013ca 10ml\" \/>\n<meta property=\"og:description\" content=\"Satur: t\u012bru bezpiedevu 100% balt\u0101s Alpu egles \u0113terisko e\u013c\u013cu. Nav \u0137\u012bmisku \u0161\u0137\u012bdin\u0101t\u0101ju. \u013boti akt\u012bva e\u013c\u013ca ar bakteric\u012bdu, dezinfic\u0113jo\u0161u un pretiekaisuma\" \/>\n<meta property=\"og:url\" content=\"https:\/\/cosmetic.lv\/lv\/product\/vivasan-baltas-egles-eteriska-ella-10ml\/\" \/>\n<meta property=\"og:site_name\" content=\"cosmetic.lv\" \/>\n<meta property=\"article:publisher\" content=\"https:\/\/www.facebook.com\/cosmetic.lv\/\" \/>\n<meta property=\"og:image\" content=\"https:\/\/cosmetic.lv\/wp-content\/uploads\/2021\/11\/pihtaviv-1.jpg\" \/>\n\t<meta property=\"og:image:width\" content=\"240\" \/>\n\t<meta property=\"og:image:height\" content=\"432\" \/>\n\t<meta property=\"og:image:type\" content=\"image\/jpeg\" \/>\n<meta name=\"twitter:card\" content=\"summary_large_image\" \/>\n<script type=\"application\/ld+json\" class=\"yoast-schema-graph\">{\"@context\":\"https:\/\/schema.org\",\"@graph\":[{\"@type\":\"WebPage\",\"@id\":\"https:\/\/cosmetic.lv\/lv\/product\/vivasan-baltas-egles-eteriska-ella-10ml\/\",\"url\":\"https:\/\/cosmetic.lv\/lv\/product\/vivasan-baltas-egles-eteriska-ella-10ml\/\",\"name\":\"Vivasan Balt\u0101s egles \u0113terisk\u0101 e\u013c\u013ca 10ml - cosmetic.lv\",\"isPartOf\":{\"@id\":\"https:\/\/cosmetic.lv\/lv\/#website\"},\"primaryImageOfPage\":{\"@id\":\"https:\/\/cosmetic.lv\/lv\/product\/vivasan-baltas-egles-eteriska-ella-10ml\/#primaryimage\"},\"image\":{\"@id\":\"https:\/\/cosmetic.lv\/lv\/product\/vivasan-baltas-egles-eteriska-ella-10ml\/#primaryimage\"},\"thumbnailUrl\":\"https:\/\/cosmetic.lv\/wp-content\/uploads\/2021\/11\/pihtaviv-1.jpg\",\"datePublished\":\"2021-11-06T13:17:59+00:00\",\"breadcrumb\":{\"@id\":\"https:\/\/cosmetic.lv\/lv\/product\/vivasan-baltas-egles-eteriska-ella-10ml\/#breadcrumb\"},\"inLanguage\":\"lv-LV\",\"potentialAction\":[{\"@type\":\"ReadAction\",\"target\":[\"https:\/\/cosmetic.lv\/lv\/product\/vivasan-baltas-egles-eteriska-ella-10ml\/\"]}]},{\"@type\":\"ImageObject\",\"inLanguage\":\"lv-LV\",\"@id\":\"https:\/\/cosmetic.lv\/lv\/product\/vivasan-baltas-egles-eteriska-ella-10ml\/#primaryimage\",\"url\":\"https:\/\/cosmetic.lv\/wp-content\/uploads\/2021\/11\/pihtaviv-1.jpg\",\"contentUrl\":\"https:\/\/cosmetic.lv\/wp-content\/uploads\/2021\/11\/pihtaviv-1.jpg\",\"width\":240,\"height\":432},{\"@type\":\"BreadcrumbList\",\"@id\":\"https:\/\/cosmetic.lv\/lv\/product\/vivasan-baltas-egles-eteriska-ella-10ml\/#breadcrumb\",\"itemListElement\":[{\"@type\":\"ListItem\",\"position\":1,\"name\":\"Home\",\"item\":\"https:\/\/cosmetic.lv\/lv\/\"},{\"@type\":\"ListItem\",\"position\":2,\"name\":\"Veikals\",\"item\":\"https:\/\/cosmetic.lv\/lv\/veiklas\/\"},{\"@type\":\"ListItem\",\"position\":3,\"name\":\"Vivasan Balt\u0101s egles \u0113terisk\u0101 e\u013c\u013ca 10ml\"}]},{\"@type\":\"WebSite\",\"@id\":\"https:\/\/cosmetic.lv\/lv\/#website\",\"url\":\"https:\/\/cosmetic.lv\/lv\/\",\"name\":\"cosmetic.lv\",\"description\":\"Profesion\u0101la kosm\u0113tika - Maria Galland, Keune, Arkadija, GMT, Guam, Magiray\",\"publisher\":{\"@id\":\"https:\/\/cosmetic.lv\/lv\/#organization\"},\"potentialAction\":[{\"@type\":\"SearchAction\",\"target\":{\"@type\":\"EntryPoint\",\"urlTemplate\":\"https:\/\/cosmetic.lv\/lv\/?s={search_term_string}\"},\"query-input\":{\"@type\":\"PropertyValueSpecification\",\"valueRequired\":true,\"valueName\":\"search_term_string\"}}],\"inLanguage\":\"lv-LV\"},{\"@type\":\"Organization\",\"@id\":\"https:\/\/cosmetic.lv\/lv\/#organization\",\"name\":\"COSMETIC.LV\",\"url\":\"https:\/\/cosmetic.lv\/lv\/\",\"logo\":{\"@type\":\"ImageObject\",\"inLanguage\":\"lv-LV\",\"@id\":\"https:\/\/cosmetic.lv\/lv\/#\/schema\/logo\/image\/\",\"url\":\"https:\/\/cosmetic.lv\/wp-content\/uploads\/2021\/02\/cosmetic.lv_logo.jpg\",\"contentUrl\":\"https:\/\/cosmetic.lv\/wp-content\/uploads\/2021\/02\/cosmetic.lv_logo.jpg\",\"width\":596,\"height\":196,\"caption\":\"COSMETIC.LV\"},\"image\":{\"@id\":\"https:\/\/cosmetic.lv\/lv\/#\/schema\/logo\/image\/\"},\"sameAs\":[\"https:\/\/www.facebook.com\/cosmetic.lv\/\"]}]}<\/script>\n<meta property=\"product:price:amount\" content=\"14.40\" \/>\n<meta property=\"product:price:currency\" content=\"EUR\" \/>\n<meta property=\"og:availability\" content=\"instock\" \/>\n<meta property=\"product:availability\" content=\"instock\" \/>\n<meta property=\"product:condition\" content=\"new\" \/>\n<!-- \/ Yoast SEO Premium plugin. -->","yoast_head_json":{"title":"Vivasan Balt\u0101s egles \u0113terisk\u0101 e\u013c\u013ca 10ml - cosmetic.lv","robots":{"index":"index","follow":"follow","max-snippet":"max-snippet:-1","max-image-preview":"max-image-preview:large","max-video-preview":"max-video-preview:-1"},"canonical":"https:\/\/cosmetic.lv\/lv\/product\/vivasan-baltas-egles-eteriska-ella-10ml\/","og_locale":"lv_LV","og_type":"article","og_title":"Vivasan Balt\u0101s egles \u0113terisk\u0101 e\u013c\u013ca 10ml","og_description":"Satur: t\u012bru bezpiedevu 100% balt\u0101s Alpu egles \u0113terisko e\u013c\u013cu. Nav \u0137\u012bmisku \u0161\u0137\u012bdin\u0101t\u0101ju. \u013boti akt\u012bva e\u013c\u013ca ar bakteric\u012bdu, dezinfic\u0113jo\u0161u un pretiekaisuma","og_url":"https:\/\/cosmetic.lv\/lv\/product\/vivasan-baltas-egles-eteriska-ella-10ml\/","og_site_name":"cosmetic.lv","article_publisher":"https:\/\/www.facebook.com\/cosmetic.lv\/","og_image":[{"width":240,"height":432,"url":"https:\/\/cosmetic.lv\/wp-content\/uploads\/2021\/11\/pihtaviv-1.jpg","type":"image\/jpeg"}],"twitter_card":"summary_large_image","schema":{"@context":"https:\/\/schema.org","@graph":[{"@type":"WebPage","@id":"https:\/\/cosmetic.lv\/lv\/product\/vivasan-baltas-egles-eteriska-ella-10ml\/","url":"https:\/\/cosmetic.lv\/lv\/product\/vivasan-baltas-egles-eteriska-ella-10ml\/","name":"Vivasan Balt\u0101s egles \u0113terisk\u0101 e\u013c\u013ca 10ml - cosmetic.lv","isPartOf":{"@id":"https:\/\/cosmetic.lv\/lv\/#website"},"primaryImageOfPage":{"@id":"https:\/\/cosmetic.lv\/lv\/product\/vivasan-baltas-egles-eteriska-ella-10ml\/#primaryimage"},"image":{"@id":"https:\/\/cosmetic.lv\/lv\/product\/vivasan-baltas-egles-eteriska-ella-10ml\/#primaryimage"},"thumbnailUrl":"https:\/\/cosmetic.lv\/wp-content\/uploads\/2021\/11\/pihtaviv-1.jpg","datePublished":"2021-11-06T13:17:59+00:00","breadcrumb":{"@id":"https:\/\/cosmetic.lv\/lv\/product\/vivasan-baltas-egles-eteriska-ella-10ml\/#breadcrumb"},"inLanguage":"lv-LV","potentialAction":[{"@type":"ReadAction","target":["https:\/\/cosmetic.lv\/lv\/product\/vivasan-baltas-egles-eteriska-ella-10ml\/"]}]},{"@type":"ImageObject","inLanguage":"lv-LV","@id":"https:\/\/cosmetic.lv\/lv\/product\/vivasan-baltas-egles-eteriska-ella-10ml\/#primaryimage","url":"https:\/\/cosmetic.lv\/wp-content\/uploads\/2021\/11\/pihtaviv-1.jpg","contentUrl":"https:\/\/cosmetic.lv\/wp-content\/uploads\/2021\/11\/pihtaviv-1.jpg","width":240,"height":432},{"@type":"BreadcrumbList","@id":"https:\/\/cosmetic.lv\/lv\/product\/vivasan-baltas-egles-eteriska-ella-10ml\/#breadcrumb","itemListElement":[{"@type":"ListItem","position":1,"name":"Home","item":"https:\/\/cosmetic.lv\/lv\/"},{"@type":"ListItem","position":2,"name":"Veikals","item":"https:\/\/cosmetic.lv\/lv\/veiklas\/"},{"@type":"ListItem","position":3,"name":"Vivasan Balt\u0101s egles \u0113terisk\u0101 e\u013c\u013ca 10ml"}]},{"@type":"WebSite","@id":"https:\/\/cosmetic.lv\/lv\/#website","url":"https:\/\/cosmetic.lv\/lv\/","name":"cosmetic.lv","description":"Profesion\u0101la kosm\u0113tika - Maria Galland, Keune, Arkadija, GMT, Guam, Magiray","publisher":{"@id":"https:\/\/cosmetic.lv\/lv\/#organization"},"potentialAction":[{"@type":"SearchAction","target":{"@type":"EntryPoint","urlTemplate":"https:\/\/cosmetic.lv\/lv\/?s={search_term_string}"},"query-input":{"@type":"PropertyValueSpecification","valueRequired":true,"valueName":"search_term_string"}}],"inLanguage":"lv-LV"},{"@type":"Organization","@id":"https:\/\/cosmetic.lv\/lv\/#organization","name":"COSMETIC.LV","url":"https:\/\/cosmetic.lv\/lv\/","logo":{"@type":"ImageObject","inLanguage":"lv-LV","@id":"https:\/\/cosmetic.lv\/lv\/#\/schema\/logo\/image\/","url":"https:\/\/cosmetic.lv\/wp-content\/uploads\/2021\/02\/cosmetic.lv_logo.jpg","contentUrl":"https:\/\/cosmetic.lv\/wp-content\/uploads\/2021\/02\/cosmetic.lv_logo.jpg","width":596,"height":196,"caption":"COSMETIC.LV"},"image":{"@id":"https:\/\/cosmetic.lv\/lv\/#\/schema\/logo\/image\/"},"sameAs":["https:\/\/www.facebook.com\/cosmetic.lv\/"]}]},"product_price_amount":"14.40","product_price_currency":"EUR","og_availability":"instock","product_availability":"instock","product_condition":"new"},"_links":{"self":[{"href":"https:\/\/cosmetic.lv\/lv\/wp-json\/wp\/v2\/product\/37444","targetHints":{"allow":["GET"]}}],"collection":[{"href":"https:\/\/cosmetic.lv\/lv\/wp-json\/wp\/v2\/product"}],"about":[{"href":"https:\/\/cosmetic.lv\/lv\/wp-json\/wp\/v2\/types\/product"}],"wp:featuredmedia":[{"embeddable":true,"href":"https:\/\/cosmetic.lv\/lv\/wp-json\/wp\/v2\/media\/37448"}],"wp:attachment":[{"href":"https:\/\/cosmetic.lv\/lv\/wp-json\/wp\/v2\/media?parent=37444"}],"wp:term":[{"taxonomy":"product_brand","embeddable":true,"href":"https:\/\/cosmetic.lv\/lv\/wp-json\/wp\/v2\/product_brand?post=37444"},{"taxonomy":"product_cat","embeddable":true,"href":"https:\/\/cosmetic.lv\/lv\/wp-json\/wp\/v2\/product_cat?post=37444"},{"taxonomy":"product_tag","embeddable":true,"href":"https:\/\/cosmetic.lv\/lv\/wp-json\/wp\/v2\/product_tag?post=37444"}],"curies":[{"name":"wp","href":"https:\/\/api.w.org\/{rel}","templated":true}]}}