{"id":37458,"date":"2021-11-06T15:22:07","date_gmt":"2021-11-06T13:23:02","guid":{"rendered":"https:\/\/cosmetic.lv\/?post_type=product&#038;p=37458"},"modified":"2021-11-06T15:23:03","modified_gmt":"2021-11-06T13:23:03","slug":"vivasan-neroli-eteriska-ella-7-jojobas-ella-10ml","status":"publish","type":"product","link":"https:\/\/cosmetic.lv\/lv\/product\/vivasan-neroli-eteriska-ella-7-jojobas-ella-10ml\/","title":{"rendered":"Vivasan Neroli \u0113terisk\u0101 e\u013c\u013ca 7% jojobas e\u013c\u013c\u0101 10ml"},"content":{"rendered":"<div id=\"tw-target-text-container\">\n<pre id=\"tw-target-text\" dir=\"ltr\">Neroli e\u013c\u013cu ieg\u016bst no r\u016bgto apels\u012bnu ziediem. Tas ir nosaukts p\u0113c It\u0101lijas princeses, kura to izmantoja k\u0101 savas iecien\u012bt\u0101k\u0101s smar\u017eas.\r\n\r\nNeroli smar\u017eu var\u0113ja izbaud\u012bt tikai \u013coti bag\u0101ti cilv\u0113ki. Neroli e\u013c\u013ca l\u012bdz \u0161ai dienai tiek uzskat\u012bta par vienu no d\u0101rg\u0101kaj\u0101m, jo, lai ieg\u016btu 800 g t\u012bras \u0113terisk\u0101s e\u013c\u013cas, jums j\u0101apstr\u0101d\u0101 1 tonna smalku ziedlapi\u0146u.\r\nLat\u012b\u0146u nosaukums: Citrus aurantium var. Amara\r\nIr br\u012bni\u0161\u0137\u012bga ziedu smar\u017ea.<\/pre>\n<\/div>\n<div id=\"tw-target-rmn-container\">\n<pre id=\"tw-target-rmn\" dir=\"ltr\"><\/pre>\n<\/div>\n<div>10ml<\/div>\n","protected":false},"excerpt":{"rendered":"<p>Neroli e\u013c\u013cu ieg\u016bst no r\u016bgto apels\u012bnu ziediem. Tas ir nosaukts p\u0113c It\u0101lijas princeses, kura to izmantoja k\u0101 savas iecien\u012bt\u0101k\u0101s smar\u017eas.<\/p>\n","protected":false},"featured_media":37457,"template":"","meta":[],"product_brand":[],"product_cat":[2317,2185],"product_tag":[],"class_list":{"0":"post-37458","1":"product","2":"type-product","3":"status-publish","4":"has-post-thumbnail","6":"product_cat-dabiska-kosmetika-vivasan-sveice-lv","7":"product_cat-naturalas-eteriskas-ellas","9":"first","10":"instock","11":"taxable","12":"shipping-taxable","13":"purchasable","14":"product-type-simple"},"yoast_head":"<!-- This site is optimized with the Yoast SEO Premium plugin v27.0 (Yoast SEO v27.0) - https:\/\/yoast.com\/product\/yoast-seo-premium-wordpress\/ -->\n<title>Vivasan Neroli \u0113terisk\u0101 e\u013c\u013ca 7% jojobas e\u013c\u013c\u0101 10ml - cosmetic.lv<\/title>\n<meta name=\"robots\" content=\"index, follow, max-snippet:-1, max-image-preview:large, max-video-preview:-1\" \/>\n<link rel=\"canonical\" href=\"https:\/\/cosmetic.lv\/lv\/product\/vivasan-neroli-eteriska-ella-7-jojobas-ella-10ml\/\" \/>\n<meta property=\"og:locale\" content=\"lv_LV\" \/>\n<meta property=\"og:type\" content=\"article\" \/>\n<meta property=\"og:title\" content=\"Vivasan Neroli \u0113terisk\u0101 e\u013c\u013ca 7% jojobas e\u013c\u013c\u0101 10ml\" \/>\n<meta property=\"og:description\" content=\"Neroli e\u013c\u013cu ieg\u016bst no r\u016bgto apels\u012bnu ziediem. Tas ir nosaukts p\u0113c It\u0101lijas princeses, kura to izmantoja k\u0101 savas iecien\u012bt\u0101k\u0101s smar\u017eas.\" \/>\n<meta property=\"og:url\" content=\"https:\/\/cosmetic.lv\/lv\/product\/vivasan-neroli-eteriska-ella-7-jojobas-ella-10ml\/\" \/>\n<meta property=\"og:site_name\" content=\"cosmetic.lv\" \/>\n<meta property=\"article:publisher\" content=\"https:\/\/www.facebook.com\/cosmetic.lv\/\" \/>\n<meta property=\"article:modified_time\" content=\"2021-11-06T13:23:03+00:00\" \/>\n<meta property=\"og:image\" content=\"https:\/\/cosmetic.lv\/wp-content\/uploads\/2021\/11\/neroliviv-1.jpg\" \/>\n\t<meta property=\"og:image:width\" content=\"250\" \/>\n\t<meta property=\"og:image:height\" content=\"358\" \/>\n\t<meta property=\"og:image:type\" content=\"image\/jpeg\" \/>\n<meta name=\"twitter:card\" content=\"summary_large_image\" \/>\n<script type=\"application\/ld+json\" class=\"yoast-schema-graph\">{\"@context\":\"https:\/\/schema.org\",\"@graph\":[{\"@type\":\"WebPage\",\"@id\":\"https:\/\/cosmetic.lv\/lv\/product\/vivasan-neroli-eteriska-ella-7-jojobas-ella-10ml\/\",\"url\":\"https:\/\/cosmetic.lv\/lv\/product\/vivasan-neroli-eteriska-ella-7-jojobas-ella-10ml\/\",\"name\":\"Vivasan Neroli \u0113terisk\u0101 e\u013c\u013ca 7% jojobas e\u013c\u013c\u0101 10ml - cosmetic.lv\",\"isPartOf\":{\"@id\":\"https:\/\/cosmetic.lv\/lv\/#website\"},\"primaryImageOfPage\":{\"@id\":\"https:\/\/cosmetic.lv\/lv\/product\/vivasan-neroli-eteriska-ella-7-jojobas-ella-10ml\/#primaryimage\"},\"image\":{\"@id\":\"https:\/\/cosmetic.lv\/lv\/product\/vivasan-neroli-eteriska-ella-7-jojobas-ella-10ml\/#primaryimage\"},\"thumbnailUrl\":\"https:\/\/cosmetic.lv\/wp-content\/uploads\/2021\/11\/neroliviv-1.jpg\",\"datePublished\":\"2021-11-06T13:23:02+00:00\",\"dateModified\":\"2021-11-06T13:23:03+00:00\",\"breadcrumb\":{\"@id\":\"https:\/\/cosmetic.lv\/lv\/product\/vivasan-neroli-eteriska-ella-7-jojobas-ella-10ml\/#breadcrumb\"},\"inLanguage\":\"lv-LV\",\"potentialAction\":[{\"@type\":\"ReadAction\",\"target\":[\"https:\/\/cosmetic.lv\/lv\/product\/vivasan-neroli-eteriska-ella-7-jojobas-ella-10ml\/\"]}]},{\"@type\":\"ImageObject\",\"inLanguage\":\"lv-LV\",\"@id\":\"https:\/\/cosmetic.lv\/lv\/product\/vivasan-neroli-eteriska-ella-7-jojobas-ella-10ml\/#primaryimage\",\"url\":\"https:\/\/cosmetic.lv\/wp-content\/uploads\/2021\/11\/neroliviv-1.jpg\",\"contentUrl\":\"https:\/\/cosmetic.lv\/wp-content\/uploads\/2021\/11\/neroliviv-1.jpg\",\"width\":250,\"height\":358},{\"@type\":\"BreadcrumbList\",\"@id\":\"https:\/\/cosmetic.lv\/lv\/product\/vivasan-neroli-eteriska-ella-7-jojobas-ella-10ml\/#breadcrumb\",\"itemListElement\":[{\"@type\":\"ListItem\",\"position\":1,\"name\":\"Home\",\"item\":\"https:\/\/cosmetic.lv\/lv\/\"},{\"@type\":\"ListItem\",\"position\":2,\"name\":\"Veikals\",\"item\":\"https:\/\/cosmetic.lv\/lv\/veiklas\/\"},{\"@type\":\"ListItem\",\"position\":3,\"name\":\"Vivasan Neroli \u0113terisk\u0101 e\u013c\u013ca 7% jojobas e\u013c\u013c\u0101 10ml\"}]},{\"@type\":\"WebSite\",\"@id\":\"https:\/\/cosmetic.lv\/lv\/#website\",\"url\":\"https:\/\/cosmetic.lv\/lv\/\",\"name\":\"cosmetic.lv\",\"description\":\"Profesion\u0101la kosm\u0113tika - Maria Galland, Keune, Arkadija, GMT, Guam, Magiray\",\"publisher\":{\"@id\":\"https:\/\/cosmetic.lv\/lv\/#organization\"},\"potentialAction\":[{\"@type\":\"SearchAction\",\"target\":{\"@type\":\"EntryPoint\",\"urlTemplate\":\"https:\/\/cosmetic.lv\/lv\/?s={search_term_string}\"},\"query-input\":{\"@type\":\"PropertyValueSpecification\",\"valueRequired\":true,\"valueName\":\"search_term_string\"}}],\"inLanguage\":\"lv-LV\"},{\"@type\":\"Organization\",\"@id\":\"https:\/\/cosmetic.lv\/lv\/#organization\",\"name\":\"COSMETIC.LV\",\"url\":\"https:\/\/cosmetic.lv\/lv\/\",\"logo\":{\"@type\":\"ImageObject\",\"inLanguage\":\"lv-LV\",\"@id\":\"https:\/\/cosmetic.lv\/lv\/#\/schema\/logo\/image\/\",\"url\":\"https:\/\/cosmetic.lv\/wp-content\/uploads\/2021\/02\/cosmetic.lv_logo.jpg\",\"contentUrl\":\"https:\/\/cosmetic.lv\/wp-content\/uploads\/2021\/02\/cosmetic.lv_logo.jpg\",\"width\":596,\"height\":196,\"caption\":\"COSMETIC.LV\"},\"image\":{\"@id\":\"https:\/\/cosmetic.lv\/lv\/#\/schema\/logo\/image\/\"},\"sameAs\":[\"https:\/\/www.facebook.com\/cosmetic.lv\/\"]}]}<\/script>\n<meta property=\"product:price:amount\" content=\"45.60\" \/>\n<meta property=\"product:price:currency\" content=\"EUR\" \/>\n<meta property=\"og:availability\" content=\"instock\" \/>\n<meta property=\"product:availability\" content=\"instock\" \/>\n<meta property=\"product:condition\" content=\"new\" \/>\n<!-- \/ Yoast SEO Premium plugin. -->","yoast_head_json":{"title":"Vivasan Neroli \u0113terisk\u0101 e\u013c\u013ca 7% jojobas e\u013c\u013c\u0101 10ml - cosmetic.lv","robots":{"index":"index","follow":"follow","max-snippet":"max-snippet:-1","max-image-preview":"max-image-preview:large","max-video-preview":"max-video-preview:-1"},"canonical":"https:\/\/cosmetic.lv\/lv\/product\/vivasan-neroli-eteriska-ella-7-jojobas-ella-10ml\/","og_locale":"lv_LV","og_type":"article","og_title":"Vivasan Neroli \u0113terisk\u0101 e\u013c\u013ca 7% jojobas e\u013c\u013c\u0101 10ml","og_description":"Neroli e\u013c\u013cu ieg\u016bst no r\u016bgto apels\u012bnu ziediem. Tas ir nosaukts p\u0113c It\u0101lijas princeses, kura to izmantoja k\u0101 savas iecien\u012bt\u0101k\u0101s smar\u017eas.","og_url":"https:\/\/cosmetic.lv\/lv\/product\/vivasan-neroli-eteriska-ella-7-jojobas-ella-10ml\/","og_site_name":"cosmetic.lv","article_publisher":"https:\/\/www.facebook.com\/cosmetic.lv\/","article_modified_time":"2021-11-06T13:23:03+00:00","og_image":[{"width":250,"height":358,"url":"https:\/\/cosmetic.lv\/wp-content\/uploads\/2021\/11\/neroliviv-1.jpg","type":"image\/jpeg"}],"twitter_card":"summary_large_image","schema":{"@context":"https:\/\/schema.org","@graph":[{"@type":"WebPage","@id":"https:\/\/cosmetic.lv\/lv\/product\/vivasan-neroli-eteriska-ella-7-jojobas-ella-10ml\/","url":"https:\/\/cosmetic.lv\/lv\/product\/vivasan-neroli-eteriska-ella-7-jojobas-ella-10ml\/","name":"Vivasan Neroli \u0113terisk\u0101 e\u013c\u013ca 7% jojobas e\u013c\u013c\u0101 10ml - cosmetic.lv","isPartOf":{"@id":"https:\/\/cosmetic.lv\/lv\/#website"},"primaryImageOfPage":{"@id":"https:\/\/cosmetic.lv\/lv\/product\/vivasan-neroli-eteriska-ella-7-jojobas-ella-10ml\/#primaryimage"},"image":{"@id":"https:\/\/cosmetic.lv\/lv\/product\/vivasan-neroli-eteriska-ella-7-jojobas-ella-10ml\/#primaryimage"},"thumbnailUrl":"https:\/\/cosmetic.lv\/wp-content\/uploads\/2021\/11\/neroliviv-1.jpg","datePublished":"2021-11-06T13:23:02+00:00","dateModified":"2021-11-06T13:23:03+00:00","breadcrumb":{"@id":"https:\/\/cosmetic.lv\/lv\/product\/vivasan-neroli-eteriska-ella-7-jojobas-ella-10ml\/#breadcrumb"},"inLanguage":"lv-LV","potentialAction":[{"@type":"ReadAction","target":["https:\/\/cosmetic.lv\/lv\/product\/vivasan-neroli-eteriska-ella-7-jojobas-ella-10ml\/"]}]},{"@type":"ImageObject","inLanguage":"lv-LV","@id":"https:\/\/cosmetic.lv\/lv\/product\/vivasan-neroli-eteriska-ella-7-jojobas-ella-10ml\/#primaryimage","url":"https:\/\/cosmetic.lv\/wp-content\/uploads\/2021\/11\/neroliviv-1.jpg","contentUrl":"https:\/\/cosmetic.lv\/wp-content\/uploads\/2021\/11\/neroliviv-1.jpg","width":250,"height":358},{"@type":"BreadcrumbList","@id":"https:\/\/cosmetic.lv\/lv\/product\/vivasan-neroli-eteriska-ella-7-jojobas-ella-10ml\/#breadcrumb","itemListElement":[{"@type":"ListItem","position":1,"name":"Home","item":"https:\/\/cosmetic.lv\/lv\/"},{"@type":"ListItem","position":2,"name":"Veikals","item":"https:\/\/cosmetic.lv\/lv\/veiklas\/"},{"@type":"ListItem","position":3,"name":"Vivasan Neroli \u0113terisk\u0101 e\u013c\u013ca 7% jojobas e\u013c\u013c\u0101 10ml"}]},{"@type":"WebSite","@id":"https:\/\/cosmetic.lv\/lv\/#website","url":"https:\/\/cosmetic.lv\/lv\/","name":"cosmetic.lv","description":"Profesion\u0101la kosm\u0113tika - Maria Galland, Keune, Arkadija, GMT, Guam, Magiray","publisher":{"@id":"https:\/\/cosmetic.lv\/lv\/#organization"},"potentialAction":[{"@type":"SearchAction","target":{"@type":"EntryPoint","urlTemplate":"https:\/\/cosmetic.lv\/lv\/?s={search_term_string}"},"query-input":{"@type":"PropertyValueSpecification","valueRequired":true,"valueName":"search_term_string"}}],"inLanguage":"lv-LV"},{"@type":"Organization","@id":"https:\/\/cosmetic.lv\/lv\/#organization","name":"COSMETIC.LV","url":"https:\/\/cosmetic.lv\/lv\/","logo":{"@type":"ImageObject","inLanguage":"lv-LV","@id":"https:\/\/cosmetic.lv\/lv\/#\/schema\/logo\/image\/","url":"https:\/\/cosmetic.lv\/wp-content\/uploads\/2021\/02\/cosmetic.lv_logo.jpg","contentUrl":"https:\/\/cosmetic.lv\/wp-content\/uploads\/2021\/02\/cosmetic.lv_logo.jpg","width":596,"height":196,"caption":"COSMETIC.LV"},"image":{"@id":"https:\/\/cosmetic.lv\/lv\/#\/schema\/logo\/image\/"},"sameAs":["https:\/\/www.facebook.com\/cosmetic.lv\/"]}]},"product_price_amount":"45.60","product_price_currency":"EUR","og_availability":"instock","product_availability":"instock","product_condition":"new"},"_links":{"self":[{"href":"https:\/\/cosmetic.lv\/lv\/wp-json\/wp\/v2\/product\/37458","targetHints":{"allow":["GET"]}}],"collection":[{"href":"https:\/\/cosmetic.lv\/lv\/wp-json\/wp\/v2\/product"}],"about":[{"href":"https:\/\/cosmetic.lv\/lv\/wp-json\/wp\/v2\/types\/product"}],"wp:featuredmedia":[{"embeddable":true,"href":"https:\/\/cosmetic.lv\/lv\/wp-json\/wp\/v2\/media\/37457"}],"wp:attachment":[{"href":"https:\/\/cosmetic.lv\/lv\/wp-json\/wp\/v2\/media?parent=37458"}],"wp:term":[{"taxonomy":"product_brand","embeddable":true,"href":"https:\/\/cosmetic.lv\/lv\/wp-json\/wp\/v2\/product_brand?post=37458"},{"taxonomy":"product_cat","embeddable":true,"href":"https:\/\/cosmetic.lv\/lv\/wp-json\/wp\/v2\/product_cat?post=37458"},{"taxonomy":"product_tag","embeddable":true,"href":"https:\/\/cosmetic.lv\/lv\/wp-json\/wp\/v2\/product_tag?post=37458"}],"curies":[{"name":"wp","href":"https:\/\/api.w.org\/{rel}","templated":true}]}}