{"id":37466,"date":"2021-11-06T15:27:08","date_gmt":"2021-11-06T13:27:59","guid":{"rendered":"https:\/\/cosmetic.lv\/?post_type=product&#038;p=37466"},"modified":"2021-11-06T15:27:59","modified_gmt":"2021-11-06T13:27:59","slug":"vivasan-vivasan-essential-oil-rose-maroka-marokas-roze-10ml","status":"publish","type":"product","link":"https:\/\/cosmetic.lv\/lv\/product\/vivasan-vivasan-essential-oil-rose-maroka-marokas-roze-10ml\/","title":{"rendered":"Vivasan Vivasan Essential Oil Rose Maroka marokas roze 10ml"},"content":{"rendered":"<pre id=\"tw-target-text\" dir=\"ltr\">Sast\u0101vda\u013cas: Marokas galvaspils\u0113tas t\u012bra bezpiedevu \u0113terisk\u0101 e\u013c\u013ca pieauga par 5% + 95% dabisk\u0101 jojobas e\u013c\u013ca. Nav \u0137\u012bmisku \u0161\u0137\u012bdin\u0101t\u0101ju.\r\n\r\nRozes smar\u017ea jau sen tiek uzskat\u012bta par grezn\u012bbas un boh\u0113mijas patrona smar\u017eu un vienlaikus par nenov\u0113rt\u0113jamu z\u0101\u013cu avotu.\r\nRafin\u0113ta e\u013c\u013ca ar daudzpus\u012bgu pielietojumu. To ieg\u016bst no lauru dzimtas m\u016b\u017eza\u013co koku stumbriem.\r\nLat\u012b\u0146u nosaukums: Rossa centifolia\r\nArom\u0101ts: dzi\u013ca, salda, ziedu.\r\n\r\nIetekm\u0113jot apzi\u0146u, tas nomierina, it \u012bpa\u0161i depresijas, dusmu, skumju st\u0101vokl\u012b ar greizsird\u012bbas l\u0113km\u0113m. Klied\u0113 trauksmi, mazina nervu spriedzi un stresu.\r\n10ml<\/pre>\n","protected":false},"excerpt":{"rendered":"<p>Sast\u0101vda\u013cas: Marokas galvaspils\u0113tas t\u012bra bezpiedevu \u0113terisk\u0101 e\u013c\u013ca pieauga par 5% + 95% dabisk\u0101 jojobas e\u013c\u013ca. Nav \u0137\u012bmisku \u0161\u0137\u012bdin\u0101t\u0101ju. Rozes smar\u017ea<\/p>\n","protected":false},"featured_media":37465,"template":"","meta":[],"product_brand":[],"product_cat":[2317,2185],"product_tag":[],"class_list":{"0":"post-37466","1":"product","2":"type-product","3":"status-publish","4":"has-post-thumbnail","6":"product_cat-dabiska-kosmetika-vivasan-sveice-lv","7":"product_cat-naturalas-eteriskas-ellas","9":"first","10":"instock","11":"taxable","12":"shipping-taxable","13":"purchasable","14":"product-type-simple"},"yoast_head":"<!-- This site is optimized with the Yoast SEO Premium plugin v27.0 (Yoast SEO v27.0) - https:\/\/yoast.com\/product\/yoast-seo-premium-wordpress\/ -->\n<title>Vivasan Vivasan Essential Oil Rose Maroka marokas roze 10ml - cosmetic.lv<\/title>\n<meta name=\"robots\" content=\"index, follow, max-snippet:-1, max-image-preview:large, max-video-preview:-1\" \/>\n<link rel=\"canonical\" href=\"https:\/\/cosmetic.lv\/lv\/product\/vivasan-vivasan-essential-oil-rose-maroka-marokas-roze-10ml\/\" \/>\n<meta property=\"og:locale\" content=\"lv_LV\" \/>\n<meta property=\"og:type\" content=\"article\" \/>\n<meta property=\"og:title\" content=\"Vivasan Vivasan Essential Oil Rose Maroka marokas roze 10ml\" \/>\n<meta property=\"og:description\" content=\"Sast\u0101vda\u013cas: Marokas galvaspils\u0113tas t\u012bra bezpiedevu \u0113terisk\u0101 e\u013c\u013ca pieauga par 5% + 95% dabisk\u0101 jojobas e\u013c\u013ca. Nav \u0137\u012bmisku \u0161\u0137\u012bdin\u0101t\u0101ju. Rozes smar\u017ea\" \/>\n<meta property=\"og:url\" content=\"https:\/\/cosmetic.lv\/lv\/product\/vivasan-vivasan-essential-oil-rose-maroka-marokas-roze-10ml\/\" \/>\n<meta property=\"og:site_name\" content=\"cosmetic.lv\" \/>\n<meta property=\"article:publisher\" content=\"https:\/\/www.facebook.com\/cosmetic.lv\/\" \/>\n<meta property=\"og:image\" content=\"https:\/\/cosmetic.lv\/wp-content\/uploads\/2021\/11\/rose-morocco.jpg\" \/>\n\t<meta property=\"og:image:width\" content=\"240\" \/>\n\t<meta property=\"og:image:height\" content=\"359\" \/>\n\t<meta property=\"og:image:type\" content=\"image\/jpeg\" \/>\n<meta name=\"twitter:card\" content=\"summary_large_image\" \/>\n<script type=\"application\/ld+json\" class=\"yoast-schema-graph\">{\"@context\":\"https:\/\/schema.org\",\"@graph\":[{\"@type\":\"WebPage\",\"@id\":\"https:\/\/cosmetic.lv\/lv\/product\/vivasan-vivasan-essential-oil-rose-maroka-marokas-roze-10ml\/\",\"url\":\"https:\/\/cosmetic.lv\/lv\/product\/vivasan-vivasan-essential-oil-rose-maroka-marokas-roze-10ml\/\",\"name\":\"Vivasan Vivasan Essential Oil Rose Maroka marokas roze 10ml - cosmetic.lv\",\"isPartOf\":{\"@id\":\"https:\/\/cosmetic.lv\/lv\/#website\"},\"primaryImageOfPage\":{\"@id\":\"https:\/\/cosmetic.lv\/lv\/product\/vivasan-vivasan-essential-oil-rose-maroka-marokas-roze-10ml\/#primaryimage\"},\"image\":{\"@id\":\"https:\/\/cosmetic.lv\/lv\/product\/vivasan-vivasan-essential-oil-rose-maroka-marokas-roze-10ml\/#primaryimage\"},\"thumbnailUrl\":\"https:\/\/cosmetic.lv\/wp-content\/uploads\/2021\/11\/rose-morocco.jpg\",\"datePublished\":\"2021-11-06T13:27:59+00:00\",\"breadcrumb\":{\"@id\":\"https:\/\/cosmetic.lv\/lv\/product\/vivasan-vivasan-essential-oil-rose-maroka-marokas-roze-10ml\/#breadcrumb\"},\"inLanguage\":\"lv-LV\",\"potentialAction\":[{\"@type\":\"ReadAction\",\"target\":[\"https:\/\/cosmetic.lv\/lv\/product\/vivasan-vivasan-essential-oil-rose-maroka-marokas-roze-10ml\/\"]}]},{\"@type\":\"ImageObject\",\"inLanguage\":\"lv-LV\",\"@id\":\"https:\/\/cosmetic.lv\/lv\/product\/vivasan-vivasan-essential-oil-rose-maroka-marokas-roze-10ml\/#primaryimage\",\"url\":\"https:\/\/cosmetic.lv\/wp-content\/uploads\/2021\/11\/rose-morocco.jpg\",\"contentUrl\":\"https:\/\/cosmetic.lv\/wp-content\/uploads\/2021\/11\/rose-morocco.jpg\",\"width\":240,\"height\":359},{\"@type\":\"BreadcrumbList\",\"@id\":\"https:\/\/cosmetic.lv\/lv\/product\/vivasan-vivasan-essential-oil-rose-maroka-marokas-roze-10ml\/#breadcrumb\",\"itemListElement\":[{\"@type\":\"ListItem\",\"position\":1,\"name\":\"Home\",\"item\":\"https:\/\/cosmetic.lv\/lv\/\"},{\"@type\":\"ListItem\",\"position\":2,\"name\":\"Veikals\",\"item\":\"https:\/\/cosmetic.lv\/lv\/veiklas\/\"},{\"@type\":\"ListItem\",\"position\":3,\"name\":\"Vivasan Vivasan Essential Oil Rose Maroka marokas roze 10ml\"}]},{\"@type\":\"WebSite\",\"@id\":\"https:\/\/cosmetic.lv\/lv\/#website\",\"url\":\"https:\/\/cosmetic.lv\/lv\/\",\"name\":\"cosmetic.lv\",\"description\":\"Profesion\u0101la kosm\u0113tika - Maria Galland, Keune, Arkadija, GMT, Guam, Magiray\",\"publisher\":{\"@id\":\"https:\/\/cosmetic.lv\/lv\/#organization\"},\"potentialAction\":[{\"@type\":\"SearchAction\",\"target\":{\"@type\":\"EntryPoint\",\"urlTemplate\":\"https:\/\/cosmetic.lv\/lv\/?s={search_term_string}\"},\"query-input\":{\"@type\":\"PropertyValueSpecification\",\"valueRequired\":true,\"valueName\":\"search_term_string\"}}],\"inLanguage\":\"lv-LV\"},{\"@type\":\"Organization\",\"@id\":\"https:\/\/cosmetic.lv\/lv\/#organization\",\"name\":\"COSMETIC.LV\",\"url\":\"https:\/\/cosmetic.lv\/lv\/\",\"logo\":{\"@type\":\"ImageObject\",\"inLanguage\":\"lv-LV\",\"@id\":\"https:\/\/cosmetic.lv\/lv\/#\/schema\/logo\/image\/\",\"url\":\"https:\/\/cosmetic.lv\/wp-content\/uploads\/2021\/02\/cosmetic.lv_logo.jpg\",\"contentUrl\":\"https:\/\/cosmetic.lv\/wp-content\/uploads\/2021\/02\/cosmetic.lv_logo.jpg\",\"width\":596,\"height\":196,\"caption\":\"COSMETIC.LV\"},\"image\":{\"@id\":\"https:\/\/cosmetic.lv\/lv\/#\/schema\/logo\/image\/\"},\"sameAs\":[\"https:\/\/www.facebook.com\/cosmetic.lv\/\"]}]}<\/script>\n<meta property=\"product:price:amount\" content=\"45.45\" \/>\n<meta property=\"product:price:currency\" content=\"EUR\" \/>\n<meta property=\"og:availability\" content=\"instock\" \/>\n<meta property=\"product:availability\" content=\"instock\" \/>\n<meta property=\"product:condition\" content=\"new\" \/>\n<!-- \/ Yoast SEO Premium plugin. -->","yoast_head_json":{"title":"Vivasan Vivasan Essential Oil Rose Maroka marokas roze 10ml - cosmetic.lv","robots":{"index":"index","follow":"follow","max-snippet":"max-snippet:-1","max-image-preview":"max-image-preview:large","max-video-preview":"max-video-preview:-1"},"canonical":"https:\/\/cosmetic.lv\/lv\/product\/vivasan-vivasan-essential-oil-rose-maroka-marokas-roze-10ml\/","og_locale":"lv_LV","og_type":"article","og_title":"Vivasan Vivasan Essential Oil Rose Maroka marokas roze 10ml","og_description":"Sast\u0101vda\u013cas: Marokas galvaspils\u0113tas t\u012bra bezpiedevu \u0113terisk\u0101 e\u013c\u013ca pieauga par 5% + 95% dabisk\u0101 jojobas e\u013c\u013ca. Nav \u0137\u012bmisku \u0161\u0137\u012bdin\u0101t\u0101ju. Rozes smar\u017ea","og_url":"https:\/\/cosmetic.lv\/lv\/product\/vivasan-vivasan-essential-oil-rose-maroka-marokas-roze-10ml\/","og_site_name":"cosmetic.lv","article_publisher":"https:\/\/www.facebook.com\/cosmetic.lv\/","og_image":[{"width":240,"height":359,"url":"https:\/\/cosmetic.lv\/wp-content\/uploads\/2021\/11\/rose-morocco.jpg","type":"image\/jpeg"}],"twitter_card":"summary_large_image","schema":{"@context":"https:\/\/schema.org","@graph":[{"@type":"WebPage","@id":"https:\/\/cosmetic.lv\/lv\/product\/vivasan-vivasan-essential-oil-rose-maroka-marokas-roze-10ml\/","url":"https:\/\/cosmetic.lv\/lv\/product\/vivasan-vivasan-essential-oil-rose-maroka-marokas-roze-10ml\/","name":"Vivasan Vivasan Essential Oil Rose Maroka marokas roze 10ml - cosmetic.lv","isPartOf":{"@id":"https:\/\/cosmetic.lv\/lv\/#website"},"primaryImageOfPage":{"@id":"https:\/\/cosmetic.lv\/lv\/product\/vivasan-vivasan-essential-oil-rose-maroka-marokas-roze-10ml\/#primaryimage"},"image":{"@id":"https:\/\/cosmetic.lv\/lv\/product\/vivasan-vivasan-essential-oil-rose-maroka-marokas-roze-10ml\/#primaryimage"},"thumbnailUrl":"https:\/\/cosmetic.lv\/wp-content\/uploads\/2021\/11\/rose-morocco.jpg","datePublished":"2021-11-06T13:27:59+00:00","breadcrumb":{"@id":"https:\/\/cosmetic.lv\/lv\/product\/vivasan-vivasan-essential-oil-rose-maroka-marokas-roze-10ml\/#breadcrumb"},"inLanguage":"lv-LV","potentialAction":[{"@type":"ReadAction","target":["https:\/\/cosmetic.lv\/lv\/product\/vivasan-vivasan-essential-oil-rose-maroka-marokas-roze-10ml\/"]}]},{"@type":"ImageObject","inLanguage":"lv-LV","@id":"https:\/\/cosmetic.lv\/lv\/product\/vivasan-vivasan-essential-oil-rose-maroka-marokas-roze-10ml\/#primaryimage","url":"https:\/\/cosmetic.lv\/wp-content\/uploads\/2021\/11\/rose-morocco.jpg","contentUrl":"https:\/\/cosmetic.lv\/wp-content\/uploads\/2021\/11\/rose-morocco.jpg","width":240,"height":359},{"@type":"BreadcrumbList","@id":"https:\/\/cosmetic.lv\/lv\/product\/vivasan-vivasan-essential-oil-rose-maroka-marokas-roze-10ml\/#breadcrumb","itemListElement":[{"@type":"ListItem","position":1,"name":"Home","item":"https:\/\/cosmetic.lv\/lv\/"},{"@type":"ListItem","position":2,"name":"Veikals","item":"https:\/\/cosmetic.lv\/lv\/veiklas\/"},{"@type":"ListItem","position":3,"name":"Vivasan Vivasan Essential Oil Rose Maroka marokas roze 10ml"}]},{"@type":"WebSite","@id":"https:\/\/cosmetic.lv\/lv\/#website","url":"https:\/\/cosmetic.lv\/lv\/","name":"cosmetic.lv","description":"Profesion\u0101la kosm\u0113tika - Maria Galland, Keune, Arkadija, GMT, Guam, Magiray","publisher":{"@id":"https:\/\/cosmetic.lv\/lv\/#organization"},"potentialAction":[{"@type":"SearchAction","target":{"@type":"EntryPoint","urlTemplate":"https:\/\/cosmetic.lv\/lv\/?s={search_term_string}"},"query-input":{"@type":"PropertyValueSpecification","valueRequired":true,"valueName":"search_term_string"}}],"inLanguage":"lv-LV"},{"@type":"Organization","@id":"https:\/\/cosmetic.lv\/lv\/#organization","name":"COSMETIC.LV","url":"https:\/\/cosmetic.lv\/lv\/","logo":{"@type":"ImageObject","inLanguage":"lv-LV","@id":"https:\/\/cosmetic.lv\/lv\/#\/schema\/logo\/image\/","url":"https:\/\/cosmetic.lv\/wp-content\/uploads\/2021\/02\/cosmetic.lv_logo.jpg","contentUrl":"https:\/\/cosmetic.lv\/wp-content\/uploads\/2021\/02\/cosmetic.lv_logo.jpg","width":596,"height":196,"caption":"COSMETIC.LV"},"image":{"@id":"https:\/\/cosmetic.lv\/lv\/#\/schema\/logo\/image\/"},"sameAs":["https:\/\/www.facebook.com\/cosmetic.lv\/"]}]},"product_price_amount":"45.45","product_price_currency":"EUR","og_availability":"instock","product_availability":"instock","product_condition":"new"},"_links":{"self":[{"href":"https:\/\/cosmetic.lv\/lv\/wp-json\/wp\/v2\/product\/37466","targetHints":{"allow":["GET"]}}],"collection":[{"href":"https:\/\/cosmetic.lv\/lv\/wp-json\/wp\/v2\/product"}],"about":[{"href":"https:\/\/cosmetic.lv\/lv\/wp-json\/wp\/v2\/types\/product"}],"wp:featuredmedia":[{"embeddable":true,"href":"https:\/\/cosmetic.lv\/lv\/wp-json\/wp\/v2\/media\/37465"}],"wp:attachment":[{"href":"https:\/\/cosmetic.lv\/lv\/wp-json\/wp\/v2\/media?parent=37466"}],"wp:term":[{"taxonomy":"product_brand","embeddable":true,"href":"https:\/\/cosmetic.lv\/lv\/wp-json\/wp\/v2\/product_brand?post=37466"},{"taxonomy":"product_cat","embeddable":true,"href":"https:\/\/cosmetic.lv\/lv\/wp-json\/wp\/v2\/product_cat?post=37466"},{"taxonomy":"product_tag","embeddable":true,"href":"https:\/\/cosmetic.lv\/lv\/wp-json\/wp\/v2\/product_tag?post=37466"}],"curies":[{"name":"wp","href":"https:\/\/api.w.org\/{rel}","templated":true}]}}