{"id":37479,"date":"2021-11-06T15:40:33","date_gmt":"2021-11-06T13:41:35","guid":{"rendered":"https:\/\/cosmetic.lv\/?post_type=product&#038;p=37479"},"modified":"2021-11-06T15:41:35","modified_gmt":"2021-11-06T13:41:35","slug":"vivasan-apelsinu-eteriska-ella-atsvaidzina-nomierina-depresijas-galvas-sapju-un-noguruma-gad10ml","status":"publish","type":"product","link":"https:\/\/cosmetic.lv\/lv\/product\/vivasan-apelsinu-eteriska-ella-atsvaidzina-nomierina-depresijas-galvas-sapju-un-noguruma-gad10ml\/","title":{"rendered":"VIVASAN Apels\u012bnu \u0113terisk\u0101 e\u013c\u013ca Atsvaidzina, nomierina depresijas, galvas s\u0101pju un noguruma gad10ml"},"content":{"rendered":"<p>Apels\u012bna e\u013c\u013ca tiek ieg\u016bta no apels\u012bna miz\u0101m aukst\u0101s spie\u0161anas proces\u0101.<br \/>\nAtsvaidzina, nomierina depresijas, galvas s\u0101pju un noguruma gad\u012bjumos. Lielisks antisepti\u0137is ar sp\u0113c\u012bgu nomierino\u0161u efektu. Pal\u012bdz bezmiega, depresijas un stresu gad\u012bjum\u0101. Pazemina asinsspiedienu. Att\u012bra asinis, normaliz\u0113 zarnu trakta darb\u012bbu, og\u013chidr\u0101tu- taukmai\u0146u, nov\u0113r\u0161 \u017eultsakme\u0146u ra\u0161anos, veicina celul\u012bta likvid\u0113\u0161anu. Uzlabo sejas \u0101das kr\u0101su, efekt\u012bvi iedarbojas uz sausu \u0101du kurai ir vitam\u012bnu tr\u016bkums. Paaugstina organisma sp\u0113ju pretoties infekcij\u0101m. Nelietot pirms uztur\u0113\u0161an\u0101 saul\u0113 un pirms UV lampas lieto\u0161anas.<\/p>\n<p>\u0112terisk\u0101s e\u013c\u013cas lieto:<br \/>\n1. Aroma lamp\u0101s: 1 ? 5 pilienus \u0113terisk\u0101s e\u013c\u013cas vai \u0113terisko e\u013c\u013cu mais\u012bjuma iz\u0161\u0137\u012bdiniet \u016bden\u012b, kas ieliets aroma lamp\u0101.<br \/>\n2. Telpu aromatiz\u0113\u0161anai: pulverizator\u0101 ar \u016bdeni iz\u0161\u0137\u012bdina 5 ? 10 pilienus \u0113terisk\u0101s e\u013c\u013cas vai \u0113terisko e\u013c\u013cu mais\u012bjuma. Izsmidzina uz pakl\u0101jiem, aizkariem, m\u0113bel\u0113m.<br \/>\n3. Vann\u0101m: 5 ? 10 pilienus \u0113terisk\u0101s e\u013c\u013cas vai \u0113terisko e\u013c\u013cu mais\u012bjuma pievieno vannas \u016bdenim.<br \/>\n4. Mas\u0101\u017e\u0101m: \u0112terisko e\u013c\u013cu vai e\u013c\u013cu mais\u012bjumu mas\u0101\u017e\u0101m izmanto tikai at\u0161\u0137aid\u012bt\u0101 veid\u0101.<br \/>\nIz\u0161\u0137\u012bdiniet 1- 5 pilienus \u0113terisk\u0101s e\u013c\u013cas vai e\u013c\u013cu mais\u012bjuma 20 ml augu e\u013c\u013cas (v\u012bnogu kauli\u0146u e\u013c\u013ca vai sojas e\u013c\u013ca).<br \/>\nPirms mas\u0101\u017eas oblig\u0101ti test\u0113t mais\u012bjumu! Uzkl\u0101jiet uz neliela \u0101das laukumi\u0146a.<\/p>\n<p>Nor\u0101d\u012bjumi, ja J\u016bs lietojat \u0113terisk\u0101s e\u013c\u013cas:<br \/>\n1. \u0112terisk\u0101s e\u013c\u013cas uzglab\u0101jiet v\u0113s\u0101, tum\u0161\u0101 viet\u0101 un p\u0113c lieto\u0161anas aizskr\u016bv\u0113t r\u016bp\u012bgi pudel\u012bti.<br \/>\n2. \u0112terisk\u0101s e\u013c\u013cas uzglab\u0101t b\u0113rniem nepieejam\u0101 viet\u0101.<br \/>\n3. Lietot tikai at\u0161\u0137aid\u012bt\u0101 veid\u0101 uz \u0101das vai g\u013cot\u0101das.<br \/>\n4. Nelietot gr\u016btniec\u012bbas pirmajos m\u0113ne\u0161os un laik\u0101, kad b\u0113rnu baro ar kr\u016bti.<br \/>\n5. Nelietot iek\u0161\u0137\u012bgi, iz\u0146emot gad\u012bjumu kad to iesaka \u0101rsts.<br \/>\n6. Nelietot kop\u0101 ar homeop\u0101tiskajiem l\u012bdzek\u013ciem.<\/p>\n<p>&nbsp;<\/p>\n<p>Svars\/Tilpums: 10ml<\/p>\n","protected":false},"excerpt":{"rendered":"<p>Apels\u012bna e\u013c\u013ca tiek ieg\u016bta no apels\u012bna miz\u0101m aukst\u0101s spie\u0161anas proces\u0101. Atsvaidzina, nomierina depresijas, galvas s\u0101pju un noguruma gad\u012bjumos. Lielisks antisepti\u0137is<\/p>\n","protected":false},"featured_media":37478,"template":"","meta":[],"product_brand":[],"product_cat":[2317,2185],"product_tag":[],"class_list":{"0":"post-37479","1":"product","2":"type-product","3":"status-publish","4":"has-post-thumbnail","6":"product_cat-dabiska-kosmetika-vivasan-sveice-lv","7":"product_cat-naturalas-eteriskas-ellas","9":"first","10":"instock","11":"taxable","12":"shipping-taxable","13":"purchasable","14":"product-type-simple"},"yoast_head":"<!-- This site is optimized with the Yoast SEO Premium plugin v27.0 (Yoast SEO v27.0) - https:\/\/yoast.com\/product\/yoast-seo-premium-wordpress\/ -->\n<title>VIVASAN Apels\u012bnu \u0113terisk\u0101 e\u013c\u013ca Atsvaidzina, nomierina depresijas, galvas s\u0101pju un noguruma gad10ml - cosmetic.lv<\/title>\n<meta name=\"robots\" content=\"index, follow, max-snippet:-1, max-image-preview:large, max-video-preview:-1\" \/>\n<link rel=\"canonical\" href=\"https:\/\/cosmetic.lv\/lv\/product\/vivasan-apelsinu-eteriska-ella-atsvaidzina-nomierina-depresijas-galvas-sapju-un-noguruma-gad10ml\/\" \/>\n<meta property=\"og:locale\" content=\"lv_LV\" \/>\n<meta property=\"og:type\" content=\"article\" \/>\n<meta property=\"og:title\" content=\"VIVASAN Apels\u012bnu \u0113terisk\u0101 e\u013c\u013ca Atsvaidzina, nomierina depresijas, galvas s\u0101pju un noguruma gad10ml\" \/>\n<meta property=\"og:description\" content=\"Apels\u012bna e\u013c\u013ca tiek ieg\u016bta no apels\u012bna miz\u0101m aukst\u0101s spie\u0161anas proces\u0101. Atsvaidzina, nomierina depresijas, galvas s\u0101pju un noguruma gad\u012bjumos. Lielisks antisepti\u0137is\" \/>\n<meta property=\"og:url\" content=\"https:\/\/cosmetic.lv\/lv\/product\/vivasan-apelsinu-eteriska-ella-atsvaidzina-nomierina-depresijas-galvas-sapju-un-noguruma-gad10ml\/\" \/>\n<meta property=\"og:site_name\" content=\"cosmetic.lv\" \/>\n<meta property=\"article:publisher\" content=\"https:\/\/www.facebook.com\/cosmetic.lv\/\" \/>\n<meta property=\"og:image\" content=\"https:\/\/cosmetic.lv\/wp-content\/uploads\/2021\/11\/efirnoe-maslo-apelsin-sladkii-1023-bviv.jpg\" \/>\n\t<meta property=\"og:image:width\" content=\"600\" \/>\n\t<meta property=\"og:image:height\" content=\"600\" \/>\n\t<meta property=\"og:image:type\" content=\"image\/jpeg\" \/>\n<meta name=\"twitter:card\" content=\"summary_large_image\" \/>\n<script type=\"application\/ld+json\" class=\"yoast-schema-graph\">{\"@context\":\"https:\/\/schema.org\",\"@graph\":[{\"@type\":\"WebPage\",\"@id\":\"https:\/\/cosmetic.lv\/lv\/product\/vivasan-apelsinu-eteriska-ella-atsvaidzina-nomierina-depresijas-galvas-sapju-un-noguruma-gad10ml\/\",\"url\":\"https:\/\/cosmetic.lv\/lv\/product\/vivasan-apelsinu-eteriska-ella-atsvaidzina-nomierina-depresijas-galvas-sapju-un-noguruma-gad10ml\/\",\"name\":\"VIVASAN Apels\u012bnu \u0113terisk\u0101 e\u013c\u013ca Atsvaidzina, nomierina depresijas, galvas s\u0101pju un noguruma gad10ml - cosmetic.lv\",\"isPartOf\":{\"@id\":\"https:\/\/cosmetic.lv\/lv\/#website\"},\"primaryImageOfPage\":{\"@id\":\"https:\/\/cosmetic.lv\/lv\/product\/vivasan-apelsinu-eteriska-ella-atsvaidzina-nomierina-depresijas-galvas-sapju-un-noguruma-gad10ml\/#primaryimage\"},\"image\":{\"@id\":\"https:\/\/cosmetic.lv\/lv\/product\/vivasan-apelsinu-eteriska-ella-atsvaidzina-nomierina-depresijas-galvas-sapju-un-noguruma-gad10ml\/#primaryimage\"},\"thumbnailUrl\":\"https:\/\/cosmetic.lv\/wp-content\/uploads\/2021\/11\/efirnoe-maslo-apelsin-sladkii-1023-bviv.jpg\",\"datePublished\":\"2021-11-06T13:41:35+00:00\",\"breadcrumb\":{\"@id\":\"https:\/\/cosmetic.lv\/lv\/product\/vivasan-apelsinu-eteriska-ella-atsvaidzina-nomierina-depresijas-galvas-sapju-un-noguruma-gad10ml\/#breadcrumb\"},\"inLanguage\":\"lv-LV\",\"potentialAction\":[{\"@type\":\"ReadAction\",\"target\":[\"https:\/\/cosmetic.lv\/lv\/product\/vivasan-apelsinu-eteriska-ella-atsvaidzina-nomierina-depresijas-galvas-sapju-un-noguruma-gad10ml\/\"]}]},{\"@type\":\"ImageObject\",\"inLanguage\":\"lv-LV\",\"@id\":\"https:\/\/cosmetic.lv\/lv\/product\/vivasan-apelsinu-eteriska-ella-atsvaidzina-nomierina-depresijas-galvas-sapju-un-noguruma-gad10ml\/#primaryimage\",\"url\":\"https:\/\/cosmetic.lv\/wp-content\/uploads\/2021\/11\/efirnoe-maslo-apelsin-sladkii-1023-bviv.jpg\",\"contentUrl\":\"https:\/\/cosmetic.lv\/wp-content\/uploads\/2021\/11\/efirnoe-maslo-apelsin-sladkii-1023-bviv.jpg\",\"width\":600,\"height\":600},{\"@type\":\"BreadcrumbList\",\"@id\":\"https:\/\/cosmetic.lv\/lv\/product\/vivasan-apelsinu-eteriska-ella-atsvaidzina-nomierina-depresijas-galvas-sapju-un-noguruma-gad10ml\/#breadcrumb\",\"itemListElement\":[{\"@type\":\"ListItem\",\"position\":1,\"name\":\"Home\",\"item\":\"https:\/\/cosmetic.lv\/lv\/\"},{\"@type\":\"ListItem\",\"position\":2,\"name\":\"Veikals\",\"item\":\"https:\/\/cosmetic.lv\/lv\/veiklas\/\"},{\"@type\":\"ListItem\",\"position\":3,\"name\":\"VIVASAN Apels\u012bnu \u0113terisk\u0101 e\u013c\u013ca Atsvaidzina, nomierina depresijas, galvas s\u0101pju un noguruma gad10ml\"}]},{\"@type\":\"WebSite\",\"@id\":\"https:\/\/cosmetic.lv\/lv\/#website\",\"url\":\"https:\/\/cosmetic.lv\/lv\/\",\"name\":\"cosmetic.lv\",\"description\":\"Profesion\u0101la kosm\u0113tika - Maria Galland, Keune, Arkadija, GMT, Guam, Magiray\",\"publisher\":{\"@id\":\"https:\/\/cosmetic.lv\/lv\/#organization\"},\"potentialAction\":[{\"@type\":\"SearchAction\",\"target\":{\"@type\":\"EntryPoint\",\"urlTemplate\":\"https:\/\/cosmetic.lv\/lv\/?s={search_term_string}\"},\"query-input\":{\"@type\":\"PropertyValueSpecification\",\"valueRequired\":true,\"valueName\":\"search_term_string\"}}],\"inLanguage\":\"lv-LV\"},{\"@type\":\"Organization\",\"@id\":\"https:\/\/cosmetic.lv\/lv\/#organization\",\"name\":\"COSMETIC.LV\",\"url\":\"https:\/\/cosmetic.lv\/lv\/\",\"logo\":{\"@type\":\"ImageObject\",\"inLanguage\":\"lv-LV\",\"@id\":\"https:\/\/cosmetic.lv\/lv\/#\/schema\/logo\/image\/\",\"url\":\"https:\/\/cosmetic.lv\/wp-content\/uploads\/2021\/02\/cosmetic.lv_logo.jpg\",\"contentUrl\":\"https:\/\/cosmetic.lv\/wp-content\/uploads\/2021\/02\/cosmetic.lv_logo.jpg\",\"width\":596,\"height\":196,\"caption\":\"COSMETIC.LV\"},\"image\":{\"@id\":\"https:\/\/cosmetic.lv\/lv\/#\/schema\/logo\/image\/\"},\"sameAs\":[\"https:\/\/www.facebook.com\/cosmetic.lv\/\"]}]}<\/script>\n<meta property=\"product:price:amount\" content=\"9.50\" \/>\n<meta property=\"product:price:currency\" content=\"EUR\" \/>\n<meta property=\"og:availability\" content=\"instock\" \/>\n<meta property=\"product:availability\" content=\"instock\" \/>\n<meta property=\"product:condition\" content=\"new\" \/>\n<!-- \/ Yoast SEO Premium plugin. -->","yoast_head_json":{"title":"VIVASAN Apels\u012bnu \u0113terisk\u0101 e\u013c\u013ca Atsvaidzina, nomierina depresijas, galvas s\u0101pju un noguruma gad10ml - cosmetic.lv","robots":{"index":"index","follow":"follow","max-snippet":"max-snippet:-1","max-image-preview":"max-image-preview:large","max-video-preview":"max-video-preview:-1"},"canonical":"https:\/\/cosmetic.lv\/lv\/product\/vivasan-apelsinu-eteriska-ella-atsvaidzina-nomierina-depresijas-galvas-sapju-un-noguruma-gad10ml\/","og_locale":"lv_LV","og_type":"article","og_title":"VIVASAN Apels\u012bnu \u0113terisk\u0101 e\u013c\u013ca Atsvaidzina, nomierina depresijas, galvas s\u0101pju un noguruma gad10ml","og_description":"Apels\u012bna e\u013c\u013ca tiek ieg\u016bta no apels\u012bna miz\u0101m aukst\u0101s spie\u0161anas proces\u0101. Atsvaidzina, nomierina depresijas, galvas s\u0101pju un noguruma gad\u012bjumos. Lielisks antisepti\u0137is","og_url":"https:\/\/cosmetic.lv\/lv\/product\/vivasan-apelsinu-eteriska-ella-atsvaidzina-nomierina-depresijas-galvas-sapju-un-noguruma-gad10ml\/","og_site_name":"cosmetic.lv","article_publisher":"https:\/\/www.facebook.com\/cosmetic.lv\/","og_image":[{"width":600,"height":600,"url":"https:\/\/cosmetic.lv\/wp-content\/uploads\/2021\/11\/efirnoe-maslo-apelsin-sladkii-1023-bviv.jpg","type":"image\/jpeg"}],"twitter_card":"summary_large_image","schema":{"@context":"https:\/\/schema.org","@graph":[{"@type":"WebPage","@id":"https:\/\/cosmetic.lv\/lv\/product\/vivasan-apelsinu-eteriska-ella-atsvaidzina-nomierina-depresijas-galvas-sapju-un-noguruma-gad10ml\/","url":"https:\/\/cosmetic.lv\/lv\/product\/vivasan-apelsinu-eteriska-ella-atsvaidzina-nomierina-depresijas-galvas-sapju-un-noguruma-gad10ml\/","name":"VIVASAN Apels\u012bnu \u0113terisk\u0101 e\u013c\u013ca Atsvaidzina, nomierina depresijas, galvas s\u0101pju un noguruma gad10ml - cosmetic.lv","isPartOf":{"@id":"https:\/\/cosmetic.lv\/lv\/#website"},"primaryImageOfPage":{"@id":"https:\/\/cosmetic.lv\/lv\/product\/vivasan-apelsinu-eteriska-ella-atsvaidzina-nomierina-depresijas-galvas-sapju-un-noguruma-gad10ml\/#primaryimage"},"image":{"@id":"https:\/\/cosmetic.lv\/lv\/product\/vivasan-apelsinu-eteriska-ella-atsvaidzina-nomierina-depresijas-galvas-sapju-un-noguruma-gad10ml\/#primaryimage"},"thumbnailUrl":"https:\/\/cosmetic.lv\/wp-content\/uploads\/2021\/11\/efirnoe-maslo-apelsin-sladkii-1023-bviv.jpg","datePublished":"2021-11-06T13:41:35+00:00","breadcrumb":{"@id":"https:\/\/cosmetic.lv\/lv\/product\/vivasan-apelsinu-eteriska-ella-atsvaidzina-nomierina-depresijas-galvas-sapju-un-noguruma-gad10ml\/#breadcrumb"},"inLanguage":"lv-LV","potentialAction":[{"@type":"ReadAction","target":["https:\/\/cosmetic.lv\/lv\/product\/vivasan-apelsinu-eteriska-ella-atsvaidzina-nomierina-depresijas-galvas-sapju-un-noguruma-gad10ml\/"]}]},{"@type":"ImageObject","inLanguage":"lv-LV","@id":"https:\/\/cosmetic.lv\/lv\/product\/vivasan-apelsinu-eteriska-ella-atsvaidzina-nomierina-depresijas-galvas-sapju-un-noguruma-gad10ml\/#primaryimage","url":"https:\/\/cosmetic.lv\/wp-content\/uploads\/2021\/11\/efirnoe-maslo-apelsin-sladkii-1023-bviv.jpg","contentUrl":"https:\/\/cosmetic.lv\/wp-content\/uploads\/2021\/11\/efirnoe-maslo-apelsin-sladkii-1023-bviv.jpg","width":600,"height":600},{"@type":"BreadcrumbList","@id":"https:\/\/cosmetic.lv\/lv\/product\/vivasan-apelsinu-eteriska-ella-atsvaidzina-nomierina-depresijas-galvas-sapju-un-noguruma-gad10ml\/#breadcrumb","itemListElement":[{"@type":"ListItem","position":1,"name":"Home","item":"https:\/\/cosmetic.lv\/lv\/"},{"@type":"ListItem","position":2,"name":"Veikals","item":"https:\/\/cosmetic.lv\/lv\/veiklas\/"},{"@type":"ListItem","position":3,"name":"VIVASAN Apels\u012bnu \u0113terisk\u0101 e\u013c\u013ca Atsvaidzina, nomierina depresijas, galvas s\u0101pju un noguruma gad10ml"}]},{"@type":"WebSite","@id":"https:\/\/cosmetic.lv\/lv\/#website","url":"https:\/\/cosmetic.lv\/lv\/","name":"cosmetic.lv","description":"Profesion\u0101la kosm\u0113tika - Maria Galland, Keune, Arkadija, GMT, Guam, Magiray","publisher":{"@id":"https:\/\/cosmetic.lv\/lv\/#organization"},"potentialAction":[{"@type":"SearchAction","target":{"@type":"EntryPoint","urlTemplate":"https:\/\/cosmetic.lv\/lv\/?s={search_term_string}"},"query-input":{"@type":"PropertyValueSpecification","valueRequired":true,"valueName":"search_term_string"}}],"inLanguage":"lv-LV"},{"@type":"Organization","@id":"https:\/\/cosmetic.lv\/lv\/#organization","name":"COSMETIC.LV","url":"https:\/\/cosmetic.lv\/lv\/","logo":{"@type":"ImageObject","inLanguage":"lv-LV","@id":"https:\/\/cosmetic.lv\/lv\/#\/schema\/logo\/image\/","url":"https:\/\/cosmetic.lv\/wp-content\/uploads\/2021\/02\/cosmetic.lv_logo.jpg","contentUrl":"https:\/\/cosmetic.lv\/wp-content\/uploads\/2021\/02\/cosmetic.lv_logo.jpg","width":596,"height":196,"caption":"COSMETIC.LV"},"image":{"@id":"https:\/\/cosmetic.lv\/lv\/#\/schema\/logo\/image\/"},"sameAs":["https:\/\/www.facebook.com\/cosmetic.lv\/"]}]},"product_price_amount":"9.50","product_price_currency":"EUR","og_availability":"instock","product_availability":"instock","product_condition":"new"},"_links":{"self":[{"href":"https:\/\/cosmetic.lv\/lv\/wp-json\/wp\/v2\/product\/37479","targetHints":{"allow":["GET"]}}],"collection":[{"href":"https:\/\/cosmetic.lv\/lv\/wp-json\/wp\/v2\/product"}],"about":[{"href":"https:\/\/cosmetic.lv\/lv\/wp-json\/wp\/v2\/types\/product"}],"wp:featuredmedia":[{"embeddable":true,"href":"https:\/\/cosmetic.lv\/lv\/wp-json\/wp\/v2\/media\/37478"}],"wp:attachment":[{"href":"https:\/\/cosmetic.lv\/lv\/wp-json\/wp\/v2\/media?parent=37479"}],"wp:term":[{"taxonomy":"product_brand","embeddable":true,"href":"https:\/\/cosmetic.lv\/lv\/wp-json\/wp\/v2\/product_brand?post=37479"},{"taxonomy":"product_cat","embeddable":true,"href":"https:\/\/cosmetic.lv\/lv\/wp-json\/wp\/v2\/product_cat?post=37479"},{"taxonomy":"product_tag","embeddable":true,"href":"https:\/\/cosmetic.lv\/lv\/wp-json\/wp\/v2\/product_tag?post=37479"}],"curies":[{"name":"wp","href":"https:\/\/api.w.org\/{rel}","templated":true}]}}