{"id":37487,"date":"2021-11-06T15:44:35","date_gmt":"2021-11-06T13:47:44","guid":{"rendered":"https:\/\/cosmetic.lv\/?post_type=product&#038;p=37487"},"modified":"2021-11-06T15:47:45","modified_gmt":"2021-11-06T13:47:45","slug":"vivasan-bazilika-eteriska-ella-pacel-garastavokli-10ml","status":"publish","type":"product","link":"https:\/\/cosmetic.lv\/lv\/product\/vivasan-bazilika-eteriska-ella-pacel-garastavokli-10ml\/","title":{"rendered":"VIVASAN Bazilika \u0113terisk\u0101 e\u013c\u013ca pace\u013c garast\u0101vokli 10ml"},"content":{"rendered":"<p>Uzlabo asinsriti.<\/p>\n<p>Lieto\u0161ana<br \/>\nAromalampa &#8211; 1 piliens<br \/>\nvanna &#8211; 1-2 pilieni<br \/>\nmas\u0101\u017ea (piedeva pamate\u013c\u013cai) &#8211; 2-3 pilieni<br \/>\nkosm\u0113tisko l\u012bdzek\u013cu aromatiz\u0113\u0161ana &#8211; 1-4 pilieni<\/p>\n<p>P\u0101rbaud\u012bt uz individu\u0101lo j\u016bt\u012bgumu. Izvair\u012bties no nok\u013c\u016b\u0161anas ac\u012bs.<br \/>\nGr\u016btniec\u012bbas laik\u0101 lietot ar \u012bpa\u0161u piesardz\u012bbu.<\/p>\n<p>10 ml<\/p>\n","protected":false},"excerpt":{"rendered":"<p>Uzlabo asinsriti. Lieto\u0161ana Aromalampa &#8211; 1 piliens vanna &#8211; 1-2 pilieni mas\u0101\u017ea (piedeva pamate\u013c\u013cai) &#8211; 2-3 pilieni kosm\u0113tisko l\u012bdzek\u013cu aromatiz\u0113\u0161ana<\/p>\n","protected":false},"featured_media":37486,"template":"","meta":[],"product_brand":[],"product_cat":[2317,2185],"product_tag":[],"class_list":{"0":"post-37487","1":"product","2":"type-product","3":"status-publish","4":"has-post-thumbnail","6":"product_cat-dabiska-kosmetika-vivasan-sveice-lv","7":"product_cat-naturalas-eteriskas-ellas","9":"first","10":"instock","11":"taxable","12":"shipping-taxable","13":"purchasable","14":"product-type-simple"},"yoast_head":"<!-- This site is optimized with the Yoast SEO Premium plugin v27.0 (Yoast SEO v27.0) - https:\/\/yoast.com\/product\/yoast-seo-premium-wordpress\/ -->\n<title>VIVASAN Bazilika \u0113terisk\u0101 e\u013c\u013ca pace\u013c garast\u0101vokli 10ml - cosmetic.lv<\/title>\n<meta name=\"robots\" content=\"index, follow, max-snippet:-1, max-image-preview:large, max-video-preview:-1\" \/>\n<link rel=\"canonical\" href=\"https:\/\/cosmetic.lv\/lv\/product\/vivasan-bazilika-eteriska-ella-pacel-garastavokli-10ml\/\" \/>\n<meta property=\"og:locale\" content=\"lv_LV\" \/>\n<meta property=\"og:type\" content=\"article\" \/>\n<meta property=\"og:title\" content=\"VIVASAN Bazilika \u0113terisk\u0101 e\u013c\u013ca pace\u013c garast\u0101vokli 10ml\" \/>\n<meta property=\"og:description\" content=\"Uzlabo asinsriti. Lieto\u0161ana Aromalampa &#8211; 1 piliens vanna &#8211; 1-2 pilieni mas\u0101\u017ea (piedeva pamate\u013c\u013cai) &#8211; 2-3 pilieni kosm\u0113tisko l\u012bdzek\u013cu aromatiz\u0113\u0161ana\" \/>\n<meta property=\"og:url\" content=\"https:\/\/cosmetic.lv\/lv\/product\/vivasan-bazilika-eteriska-ella-pacel-garastavokli-10ml\/\" \/>\n<meta property=\"og:site_name\" content=\"cosmetic.lv\" \/>\n<meta property=\"article:publisher\" content=\"https:\/\/www.facebook.com\/cosmetic.lv\/\" \/>\n<meta property=\"article:modified_time\" content=\"2021-11-06T13:47:45+00:00\" \/>\n<meta property=\"og:image\" content=\"https:\/\/cosmetic.lv\/wp-content\/uploads\/2021\/11\/efirnoe-maslo-bazilik-1012-bviv.jpg\" \/>\n\t<meta property=\"og:image:width\" content=\"500\" \/>\n\t<meta property=\"og:image:height\" content=\"500\" \/>\n\t<meta property=\"og:image:type\" content=\"image\/jpeg\" \/>\n<meta name=\"twitter:card\" content=\"summary_large_image\" \/>\n<script type=\"application\/ld+json\" class=\"yoast-schema-graph\">{\"@context\":\"https:\/\/schema.org\",\"@graph\":[{\"@type\":\"WebPage\",\"@id\":\"https:\/\/cosmetic.lv\/lv\/product\/vivasan-bazilika-eteriska-ella-pacel-garastavokli-10ml\/\",\"url\":\"https:\/\/cosmetic.lv\/lv\/product\/vivasan-bazilika-eteriska-ella-pacel-garastavokli-10ml\/\",\"name\":\"VIVASAN Bazilika \u0113terisk\u0101 e\u013c\u013ca pace\u013c garast\u0101vokli 10ml - cosmetic.lv\",\"isPartOf\":{\"@id\":\"https:\/\/cosmetic.lv\/lv\/#website\"},\"primaryImageOfPage\":{\"@id\":\"https:\/\/cosmetic.lv\/lv\/product\/vivasan-bazilika-eteriska-ella-pacel-garastavokli-10ml\/#primaryimage\"},\"image\":{\"@id\":\"https:\/\/cosmetic.lv\/lv\/product\/vivasan-bazilika-eteriska-ella-pacel-garastavokli-10ml\/#primaryimage\"},\"thumbnailUrl\":\"https:\/\/cosmetic.lv\/wp-content\/uploads\/2021\/11\/efirnoe-maslo-bazilik-1012-bviv.jpg\",\"datePublished\":\"2021-11-06T13:47:44+00:00\",\"dateModified\":\"2021-11-06T13:47:45+00:00\",\"breadcrumb\":{\"@id\":\"https:\/\/cosmetic.lv\/lv\/product\/vivasan-bazilika-eteriska-ella-pacel-garastavokli-10ml\/#breadcrumb\"},\"inLanguage\":\"lv-LV\",\"potentialAction\":[{\"@type\":\"ReadAction\",\"target\":[\"https:\/\/cosmetic.lv\/lv\/product\/vivasan-bazilika-eteriska-ella-pacel-garastavokli-10ml\/\"]}]},{\"@type\":\"ImageObject\",\"inLanguage\":\"lv-LV\",\"@id\":\"https:\/\/cosmetic.lv\/lv\/product\/vivasan-bazilika-eteriska-ella-pacel-garastavokli-10ml\/#primaryimage\",\"url\":\"https:\/\/cosmetic.lv\/wp-content\/uploads\/2021\/11\/efirnoe-maslo-bazilik-1012-bviv.jpg\",\"contentUrl\":\"https:\/\/cosmetic.lv\/wp-content\/uploads\/2021\/11\/efirnoe-maslo-bazilik-1012-bviv.jpg\",\"width\":500,\"height\":500},{\"@type\":\"BreadcrumbList\",\"@id\":\"https:\/\/cosmetic.lv\/lv\/product\/vivasan-bazilika-eteriska-ella-pacel-garastavokli-10ml\/#breadcrumb\",\"itemListElement\":[{\"@type\":\"ListItem\",\"position\":1,\"name\":\"Home\",\"item\":\"https:\/\/cosmetic.lv\/lv\/\"},{\"@type\":\"ListItem\",\"position\":2,\"name\":\"Veikals\",\"item\":\"https:\/\/cosmetic.lv\/lv\/veiklas\/\"},{\"@type\":\"ListItem\",\"position\":3,\"name\":\"VIVASAN Bazilika \u0113terisk\u0101 e\u013c\u013ca pace\u013c garast\u0101vokli 10ml\"}]},{\"@type\":\"WebSite\",\"@id\":\"https:\/\/cosmetic.lv\/lv\/#website\",\"url\":\"https:\/\/cosmetic.lv\/lv\/\",\"name\":\"cosmetic.lv\",\"description\":\"Profesion\u0101la kosm\u0113tika - Maria Galland, Keune, Arkadija, GMT, Guam, Magiray\",\"publisher\":{\"@id\":\"https:\/\/cosmetic.lv\/lv\/#organization\"},\"potentialAction\":[{\"@type\":\"SearchAction\",\"target\":{\"@type\":\"EntryPoint\",\"urlTemplate\":\"https:\/\/cosmetic.lv\/lv\/?s={search_term_string}\"},\"query-input\":{\"@type\":\"PropertyValueSpecification\",\"valueRequired\":true,\"valueName\":\"search_term_string\"}}],\"inLanguage\":\"lv-LV\"},{\"@type\":\"Organization\",\"@id\":\"https:\/\/cosmetic.lv\/lv\/#organization\",\"name\":\"COSMETIC.LV\",\"url\":\"https:\/\/cosmetic.lv\/lv\/\",\"logo\":{\"@type\":\"ImageObject\",\"inLanguage\":\"lv-LV\",\"@id\":\"https:\/\/cosmetic.lv\/lv\/#\/schema\/logo\/image\/\",\"url\":\"https:\/\/cosmetic.lv\/wp-content\/uploads\/2021\/02\/cosmetic.lv_logo.jpg\",\"contentUrl\":\"https:\/\/cosmetic.lv\/wp-content\/uploads\/2021\/02\/cosmetic.lv_logo.jpg\",\"width\":596,\"height\":196,\"caption\":\"COSMETIC.LV\"},\"image\":{\"@id\":\"https:\/\/cosmetic.lv\/lv\/#\/schema\/logo\/image\/\"},\"sameAs\":[\"https:\/\/www.facebook.com\/cosmetic.lv\/\"]}]}<\/script>\n<meta property=\"product:price:amount\" content=\"11.50\" \/>\n<meta property=\"product:price:currency\" content=\"EUR\" \/>\n<meta property=\"og:availability\" content=\"instock\" \/>\n<meta property=\"product:availability\" content=\"instock\" \/>\n<meta property=\"product:condition\" content=\"new\" \/>\n<!-- \/ Yoast SEO Premium plugin. -->","yoast_head_json":{"title":"VIVASAN Bazilika \u0113terisk\u0101 e\u013c\u013ca pace\u013c garast\u0101vokli 10ml - cosmetic.lv","robots":{"index":"index","follow":"follow","max-snippet":"max-snippet:-1","max-image-preview":"max-image-preview:large","max-video-preview":"max-video-preview:-1"},"canonical":"https:\/\/cosmetic.lv\/lv\/product\/vivasan-bazilika-eteriska-ella-pacel-garastavokli-10ml\/","og_locale":"lv_LV","og_type":"article","og_title":"VIVASAN Bazilika \u0113terisk\u0101 e\u013c\u013ca pace\u013c garast\u0101vokli 10ml","og_description":"Uzlabo asinsriti. Lieto\u0161ana Aromalampa &#8211; 1 piliens vanna &#8211; 1-2 pilieni mas\u0101\u017ea (piedeva pamate\u013c\u013cai) &#8211; 2-3 pilieni kosm\u0113tisko l\u012bdzek\u013cu aromatiz\u0113\u0161ana","og_url":"https:\/\/cosmetic.lv\/lv\/product\/vivasan-bazilika-eteriska-ella-pacel-garastavokli-10ml\/","og_site_name":"cosmetic.lv","article_publisher":"https:\/\/www.facebook.com\/cosmetic.lv\/","article_modified_time":"2021-11-06T13:47:45+00:00","og_image":[{"width":500,"height":500,"url":"https:\/\/cosmetic.lv\/wp-content\/uploads\/2021\/11\/efirnoe-maslo-bazilik-1012-bviv.jpg","type":"image\/jpeg"}],"twitter_card":"summary_large_image","schema":{"@context":"https:\/\/schema.org","@graph":[{"@type":"WebPage","@id":"https:\/\/cosmetic.lv\/lv\/product\/vivasan-bazilika-eteriska-ella-pacel-garastavokli-10ml\/","url":"https:\/\/cosmetic.lv\/lv\/product\/vivasan-bazilika-eteriska-ella-pacel-garastavokli-10ml\/","name":"VIVASAN Bazilika \u0113terisk\u0101 e\u013c\u013ca pace\u013c garast\u0101vokli 10ml - cosmetic.lv","isPartOf":{"@id":"https:\/\/cosmetic.lv\/lv\/#website"},"primaryImageOfPage":{"@id":"https:\/\/cosmetic.lv\/lv\/product\/vivasan-bazilika-eteriska-ella-pacel-garastavokli-10ml\/#primaryimage"},"image":{"@id":"https:\/\/cosmetic.lv\/lv\/product\/vivasan-bazilika-eteriska-ella-pacel-garastavokli-10ml\/#primaryimage"},"thumbnailUrl":"https:\/\/cosmetic.lv\/wp-content\/uploads\/2021\/11\/efirnoe-maslo-bazilik-1012-bviv.jpg","datePublished":"2021-11-06T13:47:44+00:00","dateModified":"2021-11-06T13:47:45+00:00","breadcrumb":{"@id":"https:\/\/cosmetic.lv\/lv\/product\/vivasan-bazilika-eteriska-ella-pacel-garastavokli-10ml\/#breadcrumb"},"inLanguage":"lv-LV","potentialAction":[{"@type":"ReadAction","target":["https:\/\/cosmetic.lv\/lv\/product\/vivasan-bazilika-eteriska-ella-pacel-garastavokli-10ml\/"]}]},{"@type":"ImageObject","inLanguage":"lv-LV","@id":"https:\/\/cosmetic.lv\/lv\/product\/vivasan-bazilika-eteriska-ella-pacel-garastavokli-10ml\/#primaryimage","url":"https:\/\/cosmetic.lv\/wp-content\/uploads\/2021\/11\/efirnoe-maslo-bazilik-1012-bviv.jpg","contentUrl":"https:\/\/cosmetic.lv\/wp-content\/uploads\/2021\/11\/efirnoe-maslo-bazilik-1012-bviv.jpg","width":500,"height":500},{"@type":"BreadcrumbList","@id":"https:\/\/cosmetic.lv\/lv\/product\/vivasan-bazilika-eteriska-ella-pacel-garastavokli-10ml\/#breadcrumb","itemListElement":[{"@type":"ListItem","position":1,"name":"Home","item":"https:\/\/cosmetic.lv\/lv\/"},{"@type":"ListItem","position":2,"name":"Veikals","item":"https:\/\/cosmetic.lv\/lv\/veiklas\/"},{"@type":"ListItem","position":3,"name":"VIVASAN Bazilika \u0113terisk\u0101 e\u013c\u013ca pace\u013c garast\u0101vokli 10ml"}]},{"@type":"WebSite","@id":"https:\/\/cosmetic.lv\/lv\/#website","url":"https:\/\/cosmetic.lv\/lv\/","name":"cosmetic.lv","description":"Profesion\u0101la kosm\u0113tika - Maria Galland, Keune, Arkadija, GMT, Guam, Magiray","publisher":{"@id":"https:\/\/cosmetic.lv\/lv\/#organization"},"potentialAction":[{"@type":"SearchAction","target":{"@type":"EntryPoint","urlTemplate":"https:\/\/cosmetic.lv\/lv\/?s={search_term_string}"},"query-input":{"@type":"PropertyValueSpecification","valueRequired":true,"valueName":"search_term_string"}}],"inLanguage":"lv-LV"},{"@type":"Organization","@id":"https:\/\/cosmetic.lv\/lv\/#organization","name":"COSMETIC.LV","url":"https:\/\/cosmetic.lv\/lv\/","logo":{"@type":"ImageObject","inLanguage":"lv-LV","@id":"https:\/\/cosmetic.lv\/lv\/#\/schema\/logo\/image\/","url":"https:\/\/cosmetic.lv\/wp-content\/uploads\/2021\/02\/cosmetic.lv_logo.jpg","contentUrl":"https:\/\/cosmetic.lv\/wp-content\/uploads\/2021\/02\/cosmetic.lv_logo.jpg","width":596,"height":196,"caption":"COSMETIC.LV"},"image":{"@id":"https:\/\/cosmetic.lv\/lv\/#\/schema\/logo\/image\/"},"sameAs":["https:\/\/www.facebook.com\/cosmetic.lv\/"]}]},"product_price_amount":"11.50","product_price_currency":"EUR","og_availability":"instock","product_availability":"instock","product_condition":"new"},"_links":{"self":[{"href":"https:\/\/cosmetic.lv\/lv\/wp-json\/wp\/v2\/product\/37487","targetHints":{"allow":["GET"]}}],"collection":[{"href":"https:\/\/cosmetic.lv\/lv\/wp-json\/wp\/v2\/product"}],"about":[{"href":"https:\/\/cosmetic.lv\/lv\/wp-json\/wp\/v2\/types\/product"}],"wp:featuredmedia":[{"embeddable":true,"href":"https:\/\/cosmetic.lv\/lv\/wp-json\/wp\/v2\/media\/37486"}],"wp:attachment":[{"href":"https:\/\/cosmetic.lv\/lv\/wp-json\/wp\/v2\/media?parent=37487"}],"wp:term":[{"taxonomy":"product_brand","embeddable":true,"href":"https:\/\/cosmetic.lv\/lv\/wp-json\/wp\/v2\/product_brand?post=37487"},{"taxonomy":"product_cat","embeddable":true,"href":"https:\/\/cosmetic.lv\/lv\/wp-json\/wp\/v2\/product_cat?post=37487"},{"taxonomy":"product_tag","embeddable":true,"href":"https:\/\/cosmetic.lv\/lv\/wp-json\/wp\/v2\/product_tag?post=37487"}],"curies":[{"name":"wp","href":"https:\/\/api.w.org\/{rel}","templated":true}]}}