{"id":37495,"date":"2021-11-06T15:51:37","date_gmt":"2021-11-06T13:52:48","guid":{"rendered":"https:\/\/cosmetic.lv\/?post_type=product&#038;p=37495"},"modified":"2021-11-06T15:52:49","modified_gmt":"2021-11-06T13:52:49","slug":"vivasan-krustnaglinu-eteriska-ella-10ml","status":"publish","type":"product","link":"https:\/\/cosmetic.lv\/lv\/product\/vivasan-krustnaglinu-eteriska-ella-10ml\/","title":{"rendered":"Vivasan Krustnagli\u0146u \u0113terisk\u0101 e\u013c\u013ca 10ml"},"content":{"rendered":"<pre id=\"tw-target-text\" dir=\"ltr\">Sast\u0101vda\u013cas: T\u012bra nebalzin\u0101ta 100% Indon\u0113zijas krustnagli\u0146u \u0113terisk\u0101 e\u013c\u013ca. Nav \u0137\u012bmisku \u0161\u0137\u012bdin\u0101t\u0101ju.\r\n\r\nApak\u0161\u0113j\u0101 piez\u012bme e\u013c\u013ca. Ieg\u016bst tvaika destil\u0101cij\u0101 no krustnagli\u0146u koka Eugenia caryophyllus pumpuriem. Krustnagli\u0146u e\u013c\u013ca (citi nosaukumi Krustnagli\u0146u e\u013c\u013ca, Krustnagli\u0146u e\u013c\u013ca) ir aprakst\u012btas Indijas un \u0136\u012bnas literat\u016br\u0101 un tiek nov\u0113rt\u0113tas kop\u0161 seniem laikiem. Krustnagli\u0146as k\u0101dreiz tika v\u0113rt\u0113tas p\u0113c to svara zelta un bija \"gar\u0161vielu karu\" c\u0113lonis. Krustnagli\u0146u koks tika uzskat\u012bts par \u0101rstniec\u012bbas augu, pateicoties t\u0101 bakteric\u012bdaj\u0101m, prets\u0101pju un gremo\u0161anas \u012bpa\u0161\u012bb\u0101m.\r\n10ml<\/pre>\n","protected":false},"excerpt":{"rendered":"<p>Sast\u0101vda\u013cas: T\u012bra nebalzin\u0101ta 100% Indon\u0113zijas krustnagli\u0146u \u0113terisk\u0101 e\u013c\u013ca. Nav \u0137\u012bmisku \u0161\u0137\u012bdin\u0101t\u0101ju. Apak\u0161\u0113j\u0101 piez\u012bme e\u013c\u013ca. Ieg\u016bst tvaika destil\u0101cij\u0101 no krustnagli\u0146u koka<\/p>\n","protected":false},"featured_media":37494,"template":"","meta":[],"product_brand":[],"product_cat":[2317,2185],"product_tag":[],"class_list":{"0":"post-37495","1":"product","2":"type-product","3":"status-publish","4":"has-post-thumbnail","6":"product_cat-dabiska-kosmetika-vivasan-sveice-lv","7":"product_cat-naturalas-eteriskas-ellas","9":"first","10":"instock","11":"taxable","12":"shipping-taxable","13":"purchasable","14":"product-type-simple"},"yoast_head":"<!-- This site is optimized with the Yoast SEO Premium plugin v27.0 (Yoast SEO v27.0) - https:\/\/yoast.com\/product\/yoast-seo-premium-wordpress\/ -->\n<title>Vivasan Krustnagli\u0146u \u0113terisk\u0101 e\u013c\u013ca 10ml - cosmetic.lv<\/title>\n<meta name=\"robots\" content=\"index, follow, max-snippet:-1, max-image-preview:large, max-video-preview:-1\" \/>\n<link rel=\"canonical\" href=\"https:\/\/cosmetic.lv\/lv\/product\/vivasan-krustnaglinu-eteriska-ella-10ml\/\" \/>\n<meta property=\"og:locale\" content=\"lv_LV\" \/>\n<meta property=\"og:type\" content=\"article\" \/>\n<meta property=\"og:title\" content=\"Vivasan Krustnagli\u0146u \u0113terisk\u0101 e\u013c\u013ca 10ml\" \/>\n<meta property=\"og:description\" content=\"Sast\u0101vda\u013cas: T\u012bra nebalzin\u0101ta 100% Indon\u0113zijas krustnagli\u0146u \u0113terisk\u0101 e\u013c\u013ca. Nav \u0137\u012bmisku \u0161\u0137\u012bdin\u0101t\u0101ju. Apak\u0161\u0113j\u0101 piez\u012bme e\u013c\u013ca. Ieg\u016bst tvaika destil\u0101cij\u0101 no krustnagli\u0146u koka\" \/>\n<meta property=\"og:url\" content=\"https:\/\/cosmetic.lv\/lv\/product\/vivasan-krustnaglinu-eteriska-ella-10ml\/\" \/>\n<meta property=\"og:site_name\" content=\"cosmetic.lv\" \/>\n<meta property=\"article:publisher\" content=\"https:\/\/www.facebook.com\/cosmetic.lv\/\" \/>\n<meta property=\"article:modified_time\" content=\"2021-11-06T13:52:49+00:00\" \/>\n<meta property=\"og:image\" content=\"https:\/\/cosmetic.lv\/wp-content\/uploads\/2021\/11\/15708774346873-98fcf245becc8530b15416b83ad5791a.jpg\" \/>\n\t<meta property=\"og:image:width\" content=\"1200\" \/>\n\t<meta property=\"og:image:height\" content=\"1200\" \/>\n\t<meta property=\"og:image:type\" content=\"image\/jpeg\" \/>\n<meta name=\"twitter:card\" content=\"summary_large_image\" \/>\n<script type=\"application\/ld+json\" class=\"yoast-schema-graph\">{\"@context\":\"https:\/\/schema.org\",\"@graph\":[{\"@type\":\"WebPage\",\"@id\":\"https:\/\/cosmetic.lv\/lv\/product\/vivasan-krustnaglinu-eteriska-ella-10ml\/\",\"url\":\"https:\/\/cosmetic.lv\/lv\/product\/vivasan-krustnaglinu-eteriska-ella-10ml\/\",\"name\":\"Vivasan Krustnagli\u0146u \u0113terisk\u0101 e\u013c\u013ca 10ml - cosmetic.lv\",\"isPartOf\":{\"@id\":\"https:\/\/cosmetic.lv\/lv\/#website\"},\"primaryImageOfPage\":{\"@id\":\"https:\/\/cosmetic.lv\/lv\/product\/vivasan-krustnaglinu-eteriska-ella-10ml\/#primaryimage\"},\"image\":{\"@id\":\"https:\/\/cosmetic.lv\/lv\/product\/vivasan-krustnaglinu-eteriska-ella-10ml\/#primaryimage\"},\"thumbnailUrl\":\"https:\/\/cosmetic.lv\/wp-content\/uploads\/2021\/11\/15708774346873-98fcf245becc8530b15416b83ad5791a.jpg\",\"datePublished\":\"2021-11-06T13:52:48+00:00\",\"dateModified\":\"2021-11-06T13:52:49+00:00\",\"breadcrumb\":{\"@id\":\"https:\/\/cosmetic.lv\/lv\/product\/vivasan-krustnaglinu-eteriska-ella-10ml\/#breadcrumb\"},\"inLanguage\":\"lv-LV\",\"potentialAction\":[{\"@type\":\"ReadAction\",\"target\":[\"https:\/\/cosmetic.lv\/lv\/product\/vivasan-krustnaglinu-eteriska-ella-10ml\/\"]}]},{\"@type\":\"ImageObject\",\"inLanguage\":\"lv-LV\",\"@id\":\"https:\/\/cosmetic.lv\/lv\/product\/vivasan-krustnaglinu-eteriska-ella-10ml\/#primaryimage\",\"url\":\"https:\/\/cosmetic.lv\/wp-content\/uploads\/2021\/11\/15708774346873-98fcf245becc8530b15416b83ad5791a.jpg\",\"contentUrl\":\"https:\/\/cosmetic.lv\/wp-content\/uploads\/2021\/11\/15708774346873-98fcf245becc8530b15416b83ad5791a.jpg\",\"width\":1200,\"height\":1200},{\"@type\":\"BreadcrumbList\",\"@id\":\"https:\/\/cosmetic.lv\/lv\/product\/vivasan-krustnaglinu-eteriska-ella-10ml\/#breadcrumb\",\"itemListElement\":[{\"@type\":\"ListItem\",\"position\":1,\"name\":\"Home\",\"item\":\"https:\/\/cosmetic.lv\/lv\/\"},{\"@type\":\"ListItem\",\"position\":2,\"name\":\"Veikals\",\"item\":\"https:\/\/cosmetic.lv\/lv\/veiklas\/\"},{\"@type\":\"ListItem\",\"position\":3,\"name\":\"Vivasan Krustnagli\u0146u \u0113terisk\u0101 e\u013c\u013ca 10ml\"}]},{\"@type\":\"WebSite\",\"@id\":\"https:\/\/cosmetic.lv\/lv\/#website\",\"url\":\"https:\/\/cosmetic.lv\/lv\/\",\"name\":\"cosmetic.lv\",\"description\":\"Profesion\u0101la kosm\u0113tika - Maria Galland, Keune, Arkadija, GMT, Guam, Magiray\",\"publisher\":{\"@id\":\"https:\/\/cosmetic.lv\/lv\/#organization\"},\"potentialAction\":[{\"@type\":\"SearchAction\",\"target\":{\"@type\":\"EntryPoint\",\"urlTemplate\":\"https:\/\/cosmetic.lv\/lv\/?s={search_term_string}\"},\"query-input\":{\"@type\":\"PropertyValueSpecification\",\"valueRequired\":true,\"valueName\":\"search_term_string\"}}],\"inLanguage\":\"lv-LV\"},{\"@type\":\"Organization\",\"@id\":\"https:\/\/cosmetic.lv\/lv\/#organization\",\"name\":\"COSMETIC.LV\",\"url\":\"https:\/\/cosmetic.lv\/lv\/\",\"logo\":{\"@type\":\"ImageObject\",\"inLanguage\":\"lv-LV\",\"@id\":\"https:\/\/cosmetic.lv\/lv\/#\/schema\/logo\/image\/\",\"url\":\"https:\/\/cosmetic.lv\/wp-content\/uploads\/2021\/02\/cosmetic.lv_logo.jpg\",\"contentUrl\":\"https:\/\/cosmetic.lv\/wp-content\/uploads\/2021\/02\/cosmetic.lv_logo.jpg\",\"width\":596,\"height\":196,\"caption\":\"COSMETIC.LV\"},\"image\":{\"@id\":\"https:\/\/cosmetic.lv\/lv\/#\/schema\/logo\/image\/\"},\"sameAs\":[\"https:\/\/www.facebook.com\/cosmetic.lv\/\"]}]}<\/script>\n<meta property=\"product:price:amount\" content=\"16.50\" \/>\n<meta property=\"product:price:currency\" content=\"EUR\" \/>\n<meta property=\"og:availability\" content=\"instock\" \/>\n<meta property=\"product:availability\" content=\"instock\" \/>\n<meta property=\"product:condition\" content=\"new\" \/>\n<!-- \/ Yoast SEO Premium plugin. -->","yoast_head_json":{"title":"Vivasan Krustnagli\u0146u \u0113terisk\u0101 e\u013c\u013ca 10ml - cosmetic.lv","robots":{"index":"index","follow":"follow","max-snippet":"max-snippet:-1","max-image-preview":"max-image-preview:large","max-video-preview":"max-video-preview:-1"},"canonical":"https:\/\/cosmetic.lv\/lv\/product\/vivasan-krustnaglinu-eteriska-ella-10ml\/","og_locale":"lv_LV","og_type":"article","og_title":"Vivasan Krustnagli\u0146u \u0113terisk\u0101 e\u013c\u013ca 10ml","og_description":"Sast\u0101vda\u013cas: T\u012bra nebalzin\u0101ta 100% Indon\u0113zijas krustnagli\u0146u \u0113terisk\u0101 e\u013c\u013ca. Nav \u0137\u012bmisku \u0161\u0137\u012bdin\u0101t\u0101ju. Apak\u0161\u0113j\u0101 piez\u012bme e\u013c\u013ca. Ieg\u016bst tvaika destil\u0101cij\u0101 no krustnagli\u0146u koka","og_url":"https:\/\/cosmetic.lv\/lv\/product\/vivasan-krustnaglinu-eteriska-ella-10ml\/","og_site_name":"cosmetic.lv","article_publisher":"https:\/\/www.facebook.com\/cosmetic.lv\/","article_modified_time":"2021-11-06T13:52:49+00:00","og_image":[{"width":1200,"height":1200,"url":"https:\/\/cosmetic.lv\/wp-content\/uploads\/2021\/11\/15708774346873-98fcf245becc8530b15416b83ad5791a.jpg","type":"image\/jpeg"}],"twitter_card":"summary_large_image","schema":{"@context":"https:\/\/schema.org","@graph":[{"@type":"WebPage","@id":"https:\/\/cosmetic.lv\/lv\/product\/vivasan-krustnaglinu-eteriska-ella-10ml\/","url":"https:\/\/cosmetic.lv\/lv\/product\/vivasan-krustnaglinu-eteriska-ella-10ml\/","name":"Vivasan Krustnagli\u0146u \u0113terisk\u0101 e\u013c\u013ca 10ml - cosmetic.lv","isPartOf":{"@id":"https:\/\/cosmetic.lv\/lv\/#website"},"primaryImageOfPage":{"@id":"https:\/\/cosmetic.lv\/lv\/product\/vivasan-krustnaglinu-eteriska-ella-10ml\/#primaryimage"},"image":{"@id":"https:\/\/cosmetic.lv\/lv\/product\/vivasan-krustnaglinu-eteriska-ella-10ml\/#primaryimage"},"thumbnailUrl":"https:\/\/cosmetic.lv\/wp-content\/uploads\/2021\/11\/15708774346873-98fcf245becc8530b15416b83ad5791a.jpg","datePublished":"2021-11-06T13:52:48+00:00","dateModified":"2021-11-06T13:52:49+00:00","breadcrumb":{"@id":"https:\/\/cosmetic.lv\/lv\/product\/vivasan-krustnaglinu-eteriska-ella-10ml\/#breadcrumb"},"inLanguage":"lv-LV","potentialAction":[{"@type":"ReadAction","target":["https:\/\/cosmetic.lv\/lv\/product\/vivasan-krustnaglinu-eteriska-ella-10ml\/"]}]},{"@type":"ImageObject","inLanguage":"lv-LV","@id":"https:\/\/cosmetic.lv\/lv\/product\/vivasan-krustnaglinu-eteriska-ella-10ml\/#primaryimage","url":"https:\/\/cosmetic.lv\/wp-content\/uploads\/2021\/11\/15708774346873-98fcf245becc8530b15416b83ad5791a.jpg","contentUrl":"https:\/\/cosmetic.lv\/wp-content\/uploads\/2021\/11\/15708774346873-98fcf245becc8530b15416b83ad5791a.jpg","width":1200,"height":1200},{"@type":"BreadcrumbList","@id":"https:\/\/cosmetic.lv\/lv\/product\/vivasan-krustnaglinu-eteriska-ella-10ml\/#breadcrumb","itemListElement":[{"@type":"ListItem","position":1,"name":"Home","item":"https:\/\/cosmetic.lv\/lv\/"},{"@type":"ListItem","position":2,"name":"Veikals","item":"https:\/\/cosmetic.lv\/lv\/veiklas\/"},{"@type":"ListItem","position":3,"name":"Vivasan Krustnagli\u0146u \u0113terisk\u0101 e\u013c\u013ca 10ml"}]},{"@type":"WebSite","@id":"https:\/\/cosmetic.lv\/lv\/#website","url":"https:\/\/cosmetic.lv\/lv\/","name":"cosmetic.lv","description":"Profesion\u0101la kosm\u0113tika - Maria Galland, Keune, Arkadija, GMT, Guam, Magiray","publisher":{"@id":"https:\/\/cosmetic.lv\/lv\/#organization"},"potentialAction":[{"@type":"SearchAction","target":{"@type":"EntryPoint","urlTemplate":"https:\/\/cosmetic.lv\/lv\/?s={search_term_string}"},"query-input":{"@type":"PropertyValueSpecification","valueRequired":true,"valueName":"search_term_string"}}],"inLanguage":"lv-LV"},{"@type":"Organization","@id":"https:\/\/cosmetic.lv\/lv\/#organization","name":"COSMETIC.LV","url":"https:\/\/cosmetic.lv\/lv\/","logo":{"@type":"ImageObject","inLanguage":"lv-LV","@id":"https:\/\/cosmetic.lv\/lv\/#\/schema\/logo\/image\/","url":"https:\/\/cosmetic.lv\/wp-content\/uploads\/2021\/02\/cosmetic.lv_logo.jpg","contentUrl":"https:\/\/cosmetic.lv\/wp-content\/uploads\/2021\/02\/cosmetic.lv_logo.jpg","width":596,"height":196,"caption":"COSMETIC.LV"},"image":{"@id":"https:\/\/cosmetic.lv\/lv\/#\/schema\/logo\/image\/"},"sameAs":["https:\/\/www.facebook.com\/cosmetic.lv\/"]}]},"product_price_amount":"16.50","product_price_currency":"EUR","og_availability":"instock","product_availability":"instock","product_condition":"new"},"_links":{"self":[{"href":"https:\/\/cosmetic.lv\/lv\/wp-json\/wp\/v2\/product\/37495","targetHints":{"allow":["GET"]}}],"collection":[{"href":"https:\/\/cosmetic.lv\/lv\/wp-json\/wp\/v2\/product"}],"about":[{"href":"https:\/\/cosmetic.lv\/lv\/wp-json\/wp\/v2\/types\/product"}],"wp:featuredmedia":[{"embeddable":true,"href":"https:\/\/cosmetic.lv\/lv\/wp-json\/wp\/v2\/media\/37494"}],"wp:attachment":[{"href":"https:\/\/cosmetic.lv\/lv\/wp-json\/wp\/v2\/media?parent=37495"}],"wp:term":[{"taxonomy":"product_brand","embeddable":true,"href":"https:\/\/cosmetic.lv\/lv\/wp-json\/wp\/v2\/product_brand?post=37495"},{"taxonomy":"product_cat","embeddable":true,"href":"https:\/\/cosmetic.lv\/lv\/wp-json\/wp\/v2\/product_cat?post=37495"},{"taxonomy":"product_tag","embeddable":true,"href":"https:\/\/cosmetic.lv\/lv\/wp-json\/wp\/v2\/product_tag?post=37495"}],"curies":[{"name":"wp","href":"https:\/\/api.w.org\/{rel}","templated":true}]}}