{"id":37537,"date":"2021-11-12T19:53:23","date_gmt":"2021-11-12T17:56:31","guid":{"rendered":"https:\/\/cosmetic.lv\/?post_type=product&#038;p=37537"},"modified":"2021-11-12T19:56:31","modified_gmt":"2021-11-12T17:56:31","slug":"vivasan-lavandas-eteriska-ella-pretsapju-lidzeklis-migrenas-galvas-smadzenu-asinsvadu-s","status":"publish","type":"product","link":"https:\/\/cosmetic.lv\/lv\/product\/vivasan-lavandas-eteriska-ella-pretsapju-lidzeklis-migrenas-galvas-smadzenu-asinsvadu-s\/","title":{"rendered":"VIVASAN Lavandas \u0113terisk\u0101 e\u013c\u013ca Prets\u0101pju l\u012bdzeklis migr\u0113nas, galvas smadze\u0146u asinsvadu s"},"content":{"rendered":"<p>Lavandas el\u013cu ieg\u016bst no lavandas ziediem kas nogriezti kop\u0101 ar da\u013cu k\u0101ta, ar \u016bdens tvaika destil\u0101cijas metodi. Viens no lab\u0101kajiem antiseptiskiem l\u012bdzek\u013ciem. Nervu, s\u0101pes nomierino\u0161s, antidepres\u012bvs l\u012bdzeklis. Pret celul\u012bta efekts. Toniz\u0113 gar\u012bg\u0101 noguruma gad\u012bjumos. Lavandas \u0113terisko e\u013c\u013cu ieteicams izmantot profilaksei pret saaukst\u0113\u0161anos. Samazina arteri\u0101lo spiedienu. Prets\u0101pju l\u012bdzeklis migr\u0113nas, galvas smadze\u0146u asinsvadu spazmu, galvas s\u0101ju gad\u012bjumos.Kosm\u0113tik\u0101 lieto \u0101das iekaisumu, aps\u0101rtumu, lob\u012b\u0161an\u0101s gad\u012bjumos. Likvid\u0113 blaugznas un matu l\u016b\u0161anu. Atvaira kukai\u0146us.<\/p>\n<p>\u0112terisk\u0101s e\u013c\u013cas lieto:<br \/>\n1. Aroma lamp\u0101s: 1 ? 5 pilienus \u0113terisk\u0101s e\u013c\u013cas vai \u0113terisko e\u013c\u013cu mais\u012bjuma iz\u0161\u0137\u012bdiniet \u016bden\u012b, kas ieliets aroma lamp\u0101.<br \/>\n2. Telpu aromatiz\u0113\u0161anai: pulverizator\u0101 ar \u016bdeni iz\u0161\u0137\u012bdina 5 ? 10 pilienus \u0113terisk\u0101s e\u013c\u013cas vai \u0113terisko e\u013c\u013cu mais\u012bjuma. Izsmidzina uz pakl\u0101jiem, aizkariem, m\u0113bel\u0113m.<br \/>\n3. Vann\u0101m: 5 ? 10 pilienus \u0113terisk\u0101s e\u013c\u013cas vai \u0113terisko e\u013c\u013cu mais\u012bjuma pievieno vannas \u016bdenim.<br \/>\n4. Mas\u0101\u017e\u0101m: \u0112terisko e\u013c\u013cu vai e\u013c\u013cu mais\u012bjumu mas\u0101\u017e\u0101m izmanto tikai at\u0161\u0137aid\u012bt\u0101 veid\u0101.<br \/>\nIz\u0161\u0137\u012bdiniet 1- 5 pilienus \u0113terisk\u0101s e\u013c\u013cas vai e\u013c\u013cu mais\u012bjuma 20 ml augu e\u013c\u013cas (v\u012bnogu kauli\u0146u e\u013c\u013ca vai sojas e\u013c\u013ca).<br \/>\nPirms mas\u0101\u017eas oblig\u0101ti test\u0113t mais\u012bjumu! Uzkl\u0101jiet uz neliela \u0101das laukumi\u0146a.<\/p>\n<p>Nor\u0101d\u012bjumi, ja J\u016bs lietojat \u0113terisk\u0101s e\u013c\u013cas:<br \/>\n1. \u0112terisk\u0101s e\u013c\u013cas uzglab\u0101jiet v\u0113s\u0101, tum\u0161\u0101 viet\u0101 un p\u0113c lieto\u0161anas aizskr\u016bv\u0113t r\u016bp\u012bgi pudel\u012bti.<br \/>\n2. \u0112terisk\u0101s e\u013c\u013cas uzglab\u0101t b\u0113rniem nepieejam\u0101 viet\u0101.<br \/>\n3. Lietot tikai at\u0161\u0137aid\u012bt\u0101 veid\u0101 uz \u0101das vai g\u013cot\u0101das.<br \/>\n4. Nelietot gr\u016btniec\u012bbas pirmajos m\u0113ne\u0161os un laik\u0101, kad b\u0113rnu baro ar kr\u016bti.<br \/>\n5. Nelietot iek\u0161\u0137\u012bgi, iz\u0146emot gad\u012bjumu kad to iesaka \u0101rsts.<br \/>\n6. Nelietot kop\u0101 ar homeop\u0101tiskajiem l\u012bdzek\u013ciem.<\/p>\n<p>&nbsp;<\/p>\n<p>Svars\/Tilpums: 10ml<\/p>\n","protected":false},"excerpt":{"rendered":"<p>Lavandas el\u013cu ieg\u016bst no lavandas ziediem kas nogriezti kop\u0101 ar da\u013cu k\u0101ta, ar \u016bdens tvaika destil\u0101cijas metodi. Viens no lab\u0101kajiem<\/p>\n","protected":false},"featured_media":37536,"template":"","meta":[],"product_brand":[],"product_cat":[2317,2185],"product_tag":[],"class_list":{"0":"post-37537","1":"product","2":"type-product","3":"status-publish","4":"has-post-thumbnail","6":"product_cat-dabiska-kosmetika-vivasan-sveice-lv","7":"product_cat-naturalas-eteriskas-ellas","9":"first","10":"instock","11":"taxable","12":"shipping-taxable","13":"purchasable","14":"product-type-simple"},"yoast_head":"<!-- This site is optimized with the Yoast SEO Premium plugin v27.0 (Yoast SEO v27.0) - https:\/\/yoast.com\/product\/yoast-seo-premium-wordpress\/ -->\n<title>VIVASAN Lavandas \u0113terisk\u0101 e\u013c\u013ca Prets\u0101pju l\u012bdzeklis migr\u0113nas, galvas smadze\u0146u asinsvadu s - cosmetic.lv<\/title>\n<meta name=\"robots\" content=\"index, follow, max-snippet:-1, max-image-preview:large, max-video-preview:-1\" \/>\n<link rel=\"canonical\" href=\"https:\/\/cosmetic.lv\/lv\/product\/vivasan-lavandas-eteriska-ella-pretsapju-lidzeklis-migrenas-galvas-smadzenu-asinsvadu-s\/\" \/>\n<meta property=\"og:locale\" content=\"lv_LV\" \/>\n<meta property=\"og:type\" content=\"article\" \/>\n<meta property=\"og:title\" content=\"VIVASAN Lavandas \u0113terisk\u0101 e\u013c\u013ca Prets\u0101pju l\u012bdzeklis migr\u0113nas, galvas smadze\u0146u asinsvadu s\" \/>\n<meta property=\"og:description\" content=\"Lavandas el\u013cu ieg\u016bst no lavandas ziediem kas nogriezti kop\u0101 ar da\u013cu k\u0101ta, ar \u016bdens tvaika destil\u0101cijas metodi. Viens no lab\u0101kajiem\" \/>\n<meta property=\"og:url\" content=\"https:\/\/cosmetic.lv\/lv\/product\/vivasan-lavandas-eteriska-ella-pretsapju-lidzeklis-migrenas-galvas-smadzenu-asinsvadu-s\/\" \/>\n<meta property=\"og:site_name\" content=\"cosmetic.lv\" \/>\n<meta property=\"article:publisher\" content=\"https:\/\/www.facebook.com\/cosmetic.lv\/\" \/>\n<meta property=\"og:image\" content=\"https:\/\/cosmetic.lv\/wp-content\/uploads\/2021\/11\/efirnoe-maslo-lavanda-1022-bviv.jpg\" \/>\n\t<meta property=\"og:image:width\" content=\"600\" \/>\n\t<meta property=\"og:image:height\" content=\"600\" \/>\n\t<meta property=\"og:image:type\" content=\"image\/jpeg\" \/>\n<meta name=\"twitter:card\" content=\"summary_large_image\" \/>\n<script type=\"application\/ld+json\" class=\"yoast-schema-graph\">{\"@context\":\"https:\/\/schema.org\",\"@graph\":[{\"@type\":\"WebPage\",\"@id\":\"https:\/\/cosmetic.lv\/lv\/product\/vivasan-lavandas-eteriska-ella-pretsapju-lidzeklis-migrenas-galvas-smadzenu-asinsvadu-s\/\",\"url\":\"https:\/\/cosmetic.lv\/lv\/product\/vivasan-lavandas-eteriska-ella-pretsapju-lidzeklis-migrenas-galvas-smadzenu-asinsvadu-s\/\",\"name\":\"VIVASAN Lavandas \u0113terisk\u0101 e\u013c\u013ca Prets\u0101pju l\u012bdzeklis migr\u0113nas, galvas smadze\u0146u asinsvadu s - cosmetic.lv\",\"isPartOf\":{\"@id\":\"https:\/\/cosmetic.lv\/lv\/#website\"},\"primaryImageOfPage\":{\"@id\":\"https:\/\/cosmetic.lv\/lv\/product\/vivasan-lavandas-eteriska-ella-pretsapju-lidzeklis-migrenas-galvas-smadzenu-asinsvadu-s\/#primaryimage\"},\"image\":{\"@id\":\"https:\/\/cosmetic.lv\/lv\/product\/vivasan-lavandas-eteriska-ella-pretsapju-lidzeklis-migrenas-galvas-smadzenu-asinsvadu-s\/#primaryimage\"},\"thumbnailUrl\":\"https:\/\/cosmetic.lv\/wp-content\/uploads\/2021\/11\/efirnoe-maslo-lavanda-1022-bviv.jpg\",\"datePublished\":\"2021-11-12T17:56:31+00:00\",\"breadcrumb\":{\"@id\":\"https:\/\/cosmetic.lv\/lv\/product\/vivasan-lavandas-eteriska-ella-pretsapju-lidzeklis-migrenas-galvas-smadzenu-asinsvadu-s\/#breadcrumb\"},\"inLanguage\":\"lv-LV\",\"potentialAction\":[{\"@type\":\"ReadAction\",\"target\":[\"https:\/\/cosmetic.lv\/lv\/product\/vivasan-lavandas-eteriska-ella-pretsapju-lidzeklis-migrenas-galvas-smadzenu-asinsvadu-s\/\"]}]},{\"@type\":\"ImageObject\",\"inLanguage\":\"lv-LV\",\"@id\":\"https:\/\/cosmetic.lv\/lv\/product\/vivasan-lavandas-eteriska-ella-pretsapju-lidzeklis-migrenas-galvas-smadzenu-asinsvadu-s\/#primaryimage\",\"url\":\"https:\/\/cosmetic.lv\/wp-content\/uploads\/2021\/11\/efirnoe-maslo-lavanda-1022-bviv.jpg\",\"contentUrl\":\"https:\/\/cosmetic.lv\/wp-content\/uploads\/2021\/11\/efirnoe-maslo-lavanda-1022-bviv.jpg\",\"width\":600,\"height\":600},{\"@type\":\"BreadcrumbList\",\"@id\":\"https:\/\/cosmetic.lv\/lv\/product\/vivasan-lavandas-eteriska-ella-pretsapju-lidzeklis-migrenas-galvas-smadzenu-asinsvadu-s\/#breadcrumb\",\"itemListElement\":[{\"@type\":\"ListItem\",\"position\":1,\"name\":\"Home\",\"item\":\"https:\/\/cosmetic.lv\/lv\/\"},{\"@type\":\"ListItem\",\"position\":2,\"name\":\"Veikals\",\"item\":\"https:\/\/cosmetic.lv\/lv\/veiklas\/\"},{\"@type\":\"ListItem\",\"position\":3,\"name\":\"VIVASAN Lavandas \u0113terisk\u0101 e\u013c\u013ca Prets\u0101pju l\u012bdzeklis migr\u0113nas, galvas smadze\u0146u asinsvadu s\"}]},{\"@type\":\"WebSite\",\"@id\":\"https:\/\/cosmetic.lv\/lv\/#website\",\"url\":\"https:\/\/cosmetic.lv\/lv\/\",\"name\":\"cosmetic.lv\",\"description\":\"Profesion\u0101la kosm\u0113tika - Maria Galland, Keune, Arkadija, GMT, Guam, Magiray\",\"publisher\":{\"@id\":\"https:\/\/cosmetic.lv\/lv\/#organization\"},\"potentialAction\":[{\"@type\":\"SearchAction\",\"target\":{\"@type\":\"EntryPoint\",\"urlTemplate\":\"https:\/\/cosmetic.lv\/lv\/?s={search_term_string}\"},\"query-input\":{\"@type\":\"PropertyValueSpecification\",\"valueRequired\":true,\"valueName\":\"search_term_string\"}}],\"inLanguage\":\"lv-LV\"},{\"@type\":\"Organization\",\"@id\":\"https:\/\/cosmetic.lv\/lv\/#organization\",\"name\":\"COSMETIC.LV\",\"url\":\"https:\/\/cosmetic.lv\/lv\/\",\"logo\":{\"@type\":\"ImageObject\",\"inLanguage\":\"lv-LV\",\"@id\":\"https:\/\/cosmetic.lv\/lv\/#\/schema\/logo\/image\/\",\"url\":\"https:\/\/cosmetic.lv\/wp-content\/uploads\/2021\/02\/cosmetic.lv_logo.jpg\",\"contentUrl\":\"https:\/\/cosmetic.lv\/wp-content\/uploads\/2021\/02\/cosmetic.lv_logo.jpg\",\"width\":596,\"height\":196,\"caption\":\"COSMETIC.LV\"},\"image\":{\"@id\":\"https:\/\/cosmetic.lv\/lv\/#\/schema\/logo\/image\/\"},\"sameAs\":[\"https:\/\/www.facebook.com\/cosmetic.lv\/\"]}]}<\/script>\n<meta property=\"product:price:amount\" content=\"15.00\" \/>\n<meta property=\"product:price:currency\" content=\"EUR\" \/>\n<meta property=\"og:availability\" content=\"instock\" \/>\n<meta property=\"product:availability\" content=\"instock\" \/>\n<meta property=\"product:condition\" content=\"new\" \/>\n<!-- \/ Yoast SEO Premium plugin. -->","yoast_head_json":{"title":"VIVASAN Lavandas \u0113terisk\u0101 e\u013c\u013ca Prets\u0101pju l\u012bdzeklis migr\u0113nas, galvas smadze\u0146u asinsvadu s - cosmetic.lv","robots":{"index":"index","follow":"follow","max-snippet":"max-snippet:-1","max-image-preview":"max-image-preview:large","max-video-preview":"max-video-preview:-1"},"canonical":"https:\/\/cosmetic.lv\/lv\/product\/vivasan-lavandas-eteriska-ella-pretsapju-lidzeklis-migrenas-galvas-smadzenu-asinsvadu-s\/","og_locale":"lv_LV","og_type":"article","og_title":"VIVASAN Lavandas \u0113terisk\u0101 e\u013c\u013ca Prets\u0101pju l\u012bdzeklis migr\u0113nas, galvas smadze\u0146u asinsvadu s","og_description":"Lavandas el\u013cu ieg\u016bst no lavandas ziediem kas nogriezti kop\u0101 ar da\u013cu k\u0101ta, ar \u016bdens tvaika destil\u0101cijas metodi. Viens no lab\u0101kajiem","og_url":"https:\/\/cosmetic.lv\/lv\/product\/vivasan-lavandas-eteriska-ella-pretsapju-lidzeklis-migrenas-galvas-smadzenu-asinsvadu-s\/","og_site_name":"cosmetic.lv","article_publisher":"https:\/\/www.facebook.com\/cosmetic.lv\/","og_image":[{"width":600,"height":600,"url":"https:\/\/cosmetic.lv\/wp-content\/uploads\/2021\/11\/efirnoe-maslo-lavanda-1022-bviv.jpg","type":"image\/jpeg"}],"twitter_card":"summary_large_image","schema":{"@context":"https:\/\/schema.org","@graph":[{"@type":"WebPage","@id":"https:\/\/cosmetic.lv\/lv\/product\/vivasan-lavandas-eteriska-ella-pretsapju-lidzeklis-migrenas-galvas-smadzenu-asinsvadu-s\/","url":"https:\/\/cosmetic.lv\/lv\/product\/vivasan-lavandas-eteriska-ella-pretsapju-lidzeklis-migrenas-galvas-smadzenu-asinsvadu-s\/","name":"VIVASAN Lavandas \u0113terisk\u0101 e\u013c\u013ca Prets\u0101pju l\u012bdzeklis migr\u0113nas, galvas smadze\u0146u asinsvadu s - cosmetic.lv","isPartOf":{"@id":"https:\/\/cosmetic.lv\/lv\/#website"},"primaryImageOfPage":{"@id":"https:\/\/cosmetic.lv\/lv\/product\/vivasan-lavandas-eteriska-ella-pretsapju-lidzeklis-migrenas-galvas-smadzenu-asinsvadu-s\/#primaryimage"},"image":{"@id":"https:\/\/cosmetic.lv\/lv\/product\/vivasan-lavandas-eteriska-ella-pretsapju-lidzeklis-migrenas-galvas-smadzenu-asinsvadu-s\/#primaryimage"},"thumbnailUrl":"https:\/\/cosmetic.lv\/wp-content\/uploads\/2021\/11\/efirnoe-maslo-lavanda-1022-bviv.jpg","datePublished":"2021-11-12T17:56:31+00:00","breadcrumb":{"@id":"https:\/\/cosmetic.lv\/lv\/product\/vivasan-lavandas-eteriska-ella-pretsapju-lidzeklis-migrenas-galvas-smadzenu-asinsvadu-s\/#breadcrumb"},"inLanguage":"lv-LV","potentialAction":[{"@type":"ReadAction","target":["https:\/\/cosmetic.lv\/lv\/product\/vivasan-lavandas-eteriska-ella-pretsapju-lidzeklis-migrenas-galvas-smadzenu-asinsvadu-s\/"]}]},{"@type":"ImageObject","inLanguage":"lv-LV","@id":"https:\/\/cosmetic.lv\/lv\/product\/vivasan-lavandas-eteriska-ella-pretsapju-lidzeklis-migrenas-galvas-smadzenu-asinsvadu-s\/#primaryimage","url":"https:\/\/cosmetic.lv\/wp-content\/uploads\/2021\/11\/efirnoe-maslo-lavanda-1022-bviv.jpg","contentUrl":"https:\/\/cosmetic.lv\/wp-content\/uploads\/2021\/11\/efirnoe-maslo-lavanda-1022-bviv.jpg","width":600,"height":600},{"@type":"BreadcrumbList","@id":"https:\/\/cosmetic.lv\/lv\/product\/vivasan-lavandas-eteriska-ella-pretsapju-lidzeklis-migrenas-galvas-smadzenu-asinsvadu-s\/#breadcrumb","itemListElement":[{"@type":"ListItem","position":1,"name":"Home","item":"https:\/\/cosmetic.lv\/lv\/"},{"@type":"ListItem","position":2,"name":"Veikals","item":"https:\/\/cosmetic.lv\/lv\/veiklas\/"},{"@type":"ListItem","position":3,"name":"VIVASAN Lavandas \u0113terisk\u0101 e\u013c\u013ca Prets\u0101pju l\u012bdzeklis migr\u0113nas, galvas smadze\u0146u asinsvadu s"}]},{"@type":"WebSite","@id":"https:\/\/cosmetic.lv\/lv\/#website","url":"https:\/\/cosmetic.lv\/lv\/","name":"cosmetic.lv","description":"Profesion\u0101la kosm\u0113tika - Maria Galland, Keune, Arkadija, GMT, Guam, Magiray","publisher":{"@id":"https:\/\/cosmetic.lv\/lv\/#organization"},"potentialAction":[{"@type":"SearchAction","target":{"@type":"EntryPoint","urlTemplate":"https:\/\/cosmetic.lv\/lv\/?s={search_term_string}"},"query-input":{"@type":"PropertyValueSpecification","valueRequired":true,"valueName":"search_term_string"}}],"inLanguage":"lv-LV"},{"@type":"Organization","@id":"https:\/\/cosmetic.lv\/lv\/#organization","name":"COSMETIC.LV","url":"https:\/\/cosmetic.lv\/lv\/","logo":{"@type":"ImageObject","inLanguage":"lv-LV","@id":"https:\/\/cosmetic.lv\/lv\/#\/schema\/logo\/image\/","url":"https:\/\/cosmetic.lv\/wp-content\/uploads\/2021\/02\/cosmetic.lv_logo.jpg","contentUrl":"https:\/\/cosmetic.lv\/wp-content\/uploads\/2021\/02\/cosmetic.lv_logo.jpg","width":596,"height":196,"caption":"COSMETIC.LV"},"image":{"@id":"https:\/\/cosmetic.lv\/lv\/#\/schema\/logo\/image\/"},"sameAs":["https:\/\/www.facebook.com\/cosmetic.lv\/"]}]},"product_price_amount":"15.00","product_price_currency":"EUR","og_availability":"instock","product_availability":"instock","product_condition":"new"},"_links":{"self":[{"href":"https:\/\/cosmetic.lv\/lv\/wp-json\/wp\/v2\/product\/37537","targetHints":{"allow":["GET"]}}],"collection":[{"href":"https:\/\/cosmetic.lv\/lv\/wp-json\/wp\/v2\/product"}],"about":[{"href":"https:\/\/cosmetic.lv\/lv\/wp-json\/wp\/v2\/types\/product"}],"wp:featuredmedia":[{"embeddable":true,"href":"https:\/\/cosmetic.lv\/lv\/wp-json\/wp\/v2\/media\/37536"}],"wp:attachment":[{"href":"https:\/\/cosmetic.lv\/lv\/wp-json\/wp\/v2\/media?parent=37537"}],"wp:term":[{"taxonomy":"product_brand","embeddable":true,"href":"https:\/\/cosmetic.lv\/lv\/wp-json\/wp\/v2\/product_brand?post=37537"},{"taxonomy":"product_cat","embeddable":true,"href":"https:\/\/cosmetic.lv\/lv\/wp-json\/wp\/v2\/product_cat?post=37537"},{"taxonomy":"product_tag","embeddable":true,"href":"https:\/\/cosmetic.lv\/lv\/wp-json\/wp\/v2\/product_tag?post=37537"}],"curies":[{"name":"wp","href":"https:\/\/api.w.org\/{rel}","templated":true}]}}