{"id":37566,"date":"2021-11-14T20:40:03","date_gmt":"2021-11-14T18:41:31","guid":{"rendered":"https:\/\/cosmetic.lv\/?post_type=product&#038;p=37566"},"modified":"2021-11-14T20:41:31","modified_gmt":"2021-11-14T18:41:31","slug":"organic-brahmi-powder-organic-brahmi-powder-organic-brahmi-powder-palidz-nomierinat-pratu-100g","status":"publish","type":"product","link":"https:\/\/cosmetic.lv\/lv\/product\/organic-brahmi-powder-organic-brahmi-powder-organic-brahmi-powder-palidz-nomierinat-pratu-100g\/","title":{"rendered":"Organic Brahmi Powder Organic Brahmi Powder Organic Brahmi Powder pal\u012bdz nomierin\u0101t pr\u0101tu 100g"},"content":{"rendered":"<p>Brahmi pal\u012bdz nomierin\u0101t pr\u0101tu, atbalsta ment\u0101l\u0101s funkcijas Sanskrita nosaukums: Brahmi Lat\u012b\u0146u valod\u0101: Bacopa monnieri Ang\u013cu nosaukums: Bacopa Bakopa ir ietverta aj\u016brv\u0113disko augu \u201eBrami\u201d kategorij\u0101, kuri veicina norm\u0101lu pr\u0101ta, intelekta, apzi\u0146as darb\u012bbu un labu garast\u0101vokli. Bakopa pal\u012bdz saglab\u0101t skaidru pr\u0101tu, atbalsta ment\u0101l\u0101s funkcijas, uzlabo koncentr\u0113\u0161an\u0101s sp\u0113ju un atmi\u0146u, pal\u012bdz samazin\u0101t stresu, trauksmes saj\u016btu un atsl\u0101bin\u0101t nervu sist\u0113mu. Pal\u012bdz ilgtermi\u0146\u0101 uzlabot smadze\u0146u darb\u012bbu. *Iev\u0113r\u012bbai! Jebkura nor\u0101de uz \u012bpa\u0161\u012bb\u0101m, kas piem\u012bt \u0161aj\u0101 produkt\u0101 eso\u0161aj\u0101m akt\u012bvaj\u0101m viel\u0101m, ir balst\u012bta uz autoritat\u012bvu avotu ieg\u016bto inform\u0101ciju, ta\u010du t\u0101s nesekm\u0113 galaprodukta iedarb\u012bbu un t\u0101 nav produkta rekl\u0101ma.100g<\/p>\n","protected":false},"excerpt":{"rendered":"<p>Brahmi pal\u012bdz nomierin\u0101t pr\u0101tu, atbalsta ment\u0101l\u0101s funkcijas Sanskrita nosaukums: Brahmi Lat\u012b\u0146u valod\u0101: Bacopa monnieri Ang\u013cu nosaukums: Bacopa Bakopa ir ietverta<\/p>\n","protected":false},"featured_media":37565,"template":"","meta":[],"product_brand":[],"product_cat":[2239,2240],"product_tag":[],"class_list":{"0":"post-37566","1":"product","2":"type-product","3":"status-publish","4":"has-post-thumbnail","6":"product_cat-uztura-bagatinataji-lv","7":"product_cat-ajurveda-veselibai-lv","9":"first","10":"outofstock","11":"taxable","12":"shipping-taxable","13":"purchasable","14":"product-type-simple"},"yoast_head":"<!-- This site is optimized with the Yoast SEO Premium plugin v27.0 (Yoast SEO v27.0) - https:\/\/yoast.com\/product\/yoast-seo-premium-wordpress\/ -->\n<title>Organic Brahmi Powder Organic Brahmi Powder Organic Brahmi Powder pal\u012bdz nomierin\u0101t pr\u0101tu 100g - cosmetic.lv<\/title>\n<meta name=\"robots\" content=\"index, follow, max-snippet:-1, max-image-preview:large, max-video-preview:-1\" \/>\n<link rel=\"canonical\" href=\"https:\/\/cosmetic.lv\/lv\/product\/organic-brahmi-powder-organic-brahmi-powder-organic-brahmi-powder-palidz-nomierinat-pratu-100g\/\" \/>\n<meta property=\"og:locale\" content=\"lv_LV\" \/>\n<meta property=\"og:type\" content=\"article\" \/>\n<meta property=\"og:title\" content=\"Organic Brahmi Powder Organic Brahmi Powder Organic Brahmi Powder pal\u012bdz nomierin\u0101t pr\u0101tu 100g\" \/>\n<meta property=\"og:description\" content=\"Brahmi pal\u012bdz nomierin\u0101t pr\u0101tu, atbalsta ment\u0101l\u0101s funkcijas Sanskrita nosaukums: Brahmi Lat\u012b\u0146u valod\u0101: Bacopa monnieri Ang\u013cu nosaukums: Bacopa Bakopa ir ietverta\" \/>\n<meta property=\"og:url\" content=\"https:\/\/cosmetic.lv\/lv\/product\/organic-brahmi-powder-organic-brahmi-powder-organic-brahmi-powder-palidz-nomierinat-pratu-100g\/\" \/>\n<meta property=\"og:site_name\" content=\"cosmetic.lv\" \/>\n<meta property=\"article:publisher\" content=\"https:\/\/www.facebook.com\/cosmetic.lv\/\" \/>\n<meta property=\"og:image\" content=\"https:\/\/cosmetic.lv\/wp-content\/uploads\/2021\/11\/20211112_113650s-1.jpg\" \/>\n\t<meta property=\"og:image:width\" content=\"194\" \/>\n\t<meta property=\"og:image:height\" content=\"400\" \/>\n\t<meta property=\"og:image:type\" content=\"image\/jpeg\" \/>\n<meta name=\"twitter:card\" content=\"summary_large_image\" \/>\n<script type=\"application\/ld+json\" class=\"yoast-schema-graph\">{\"@context\":\"https:\/\/schema.org\",\"@graph\":[{\"@type\":\"WebPage\",\"@id\":\"https:\/\/cosmetic.lv\/lv\/product\/organic-brahmi-powder-organic-brahmi-powder-organic-brahmi-powder-palidz-nomierinat-pratu-100g\/\",\"url\":\"https:\/\/cosmetic.lv\/lv\/product\/organic-brahmi-powder-organic-brahmi-powder-organic-brahmi-powder-palidz-nomierinat-pratu-100g\/\",\"name\":\"Organic Brahmi Powder Organic Brahmi Powder Organic Brahmi Powder pal\u012bdz nomierin\u0101t pr\u0101tu 100g - cosmetic.lv\",\"isPartOf\":{\"@id\":\"https:\/\/cosmetic.lv\/lv\/#website\"},\"primaryImageOfPage\":{\"@id\":\"https:\/\/cosmetic.lv\/lv\/product\/organic-brahmi-powder-organic-brahmi-powder-organic-brahmi-powder-palidz-nomierinat-pratu-100g\/#primaryimage\"},\"image\":{\"@id\":\"https:\/\/cosmetic.lv\/lv\/product\/organic-brahmi-powder-organic-brahmi-powder-organic-brahmi-powder-palidz-nomierinat-pratu-100g\/#primaryimage\"},\"thumbnailUrl\":\"https:\/\/cosmetic.lv\/wp-content\/uploads\/2021\/11\/20211112_113650s-1.jpg\",\"datePublished\":\"2021-11-14T18:41:31+00:00\",\"breadcrumb\":{\"@id\":\"https:\/\/cosmetic.lv\/lv\/product\/organic-brahmi-powder-organic-brahmi-powder-organic-brahmi-powder-palidz-nomierinat-pratu-100g\/#breadcrumb\"},\"inLanguage\":\"lv-LV\",\"potentialAction\":[{\"@type\":\"ReadAction\",\"target\":[\"https:\/\/cosmetic.lv\/lv\/product\/organic-brahmi-powder-organic-brahmi-powder-organic-brahmi-powder-palidz-nomierinat-pratu-100g\/\"]}]},{\"@type\":\"ImageObject\",\"inLanguage\":\"lv-LV\",\"@id\":\"https:\/\/cosmetic.lv\/lv\/product\/organic-brahmi-powder-organic-brahmi-powder-organic-brahmi-powder-palidz-nomierinat-pratu-100g\/#primaryimage\",\"url\":\"https:\/\/cosmetic.lv\/wp-content\/uploads\/2021\/11\/20211112_113650s-1.jpg\",\"contentUrl\":\"https:\/\/cosmetic.lv\/wp-content\/uploads\/2021\/11\/20211112_113650s-1.jpg\",\"width\":194,\"height\":400},{\"@type\":\"BreadcrumbList\",\"@id\":\"https:\/\/cosmetic.lv\/lv\/product\/organic-brahmi-powder-organic-brahmi-powder-organic-brahmi-powder-palidz-nomierinat-pratu-100g\/#breadcrumb\",\"itemListElement\":[{\"@type\":\"ListItem\",\"position\":1,\"name\":\"Home\",\"item\":\"https:\/\/cosmetic.lv\/lv\/\"},{\"@type\":\"ListItem\",\"position\":2,\"name\":\"Veikals\",\"item\":\"https:\/\/cosmetic.lv\/lv\/veiklas\/\"},{\"@type\":\"ListItem\",\"position\":3,\"name\":\"Organic Brahmi Powder Organic Brahmi Powder Organic Brahmi Powder pal\u012bdz nomierin\u0101t pr\u0101tu 100g\"}]},{\"@type\":\"WebSite\",\"@id\":\"https:\/\/cosmetic.lv\/lv\/#website\",\"url\":\"https:\/\/cosmetic.lv\/lv\/\",\"name\":\"cosmetic.lv\",\"description\":\"Profesion\u0101la kosm\u0113tika - Maria Galland, Keune, Arkadija, GMT, Guam, Magiray\",\"publisher\":{\"@id\":\"https:\/\/cosmetic.lv\/lv\/#organization\"},\"potentialAction\":[{\"@type\":\"SearchAction\",\"target\":{\"@type\":\"EntryPoint\",\"urlTemplate\":\"https:\/\/cosmetic.lv\/lv\/?s={search_term_string}\"},\"query-input\":{\"@type\":\"PropertyValueSpecification\",\"valueRequired\":true,\"valueName\":\"search_term_string\"}}],\"inLanguage\":\"lv-LV\"},{\"@type\":\"Organization\",\"@id\":\"https:\/\/cosmetic.lv\/lv\/#organization\",\"name\":\"COSMETIC.LV\",\"url\":\"https:\/\/cosmetic.lv\/lv\/\",\"logo\":{\"@type\":\"ImageObject\",\"inLanguage\":\"lv-LV\",\"@id\":\"https:\/\/cosmetic.lv\/lv\/#\/schema\/logo\/image\/\",\"url\":\"https:\/\/cosmetic.lv\/wp-content\/uploads\/2021\/02\/cosmetic.lv_logo.jpg\",\"contentUrl\":\"https:\/\/cosmetic.lv\/wp-content\/uploads\/2021\/02\/cosmetic.lv_logo.jpg\",\"width\":596,\"height\":196,\"caption\":\"COSMETIC.LV\"},\"image\":{\"@id\":\"https:\/\/cosmetic.lv\/lv\/#\/schema\/logo\/image\/\"},\"sameAs\":[\"https:\/\/www.facebook.com\/cosmetic.lv\/\"]}]}<\/script>\n<meta property=\"product:price:amount\" content=\"5.90\" \/>\n<meta property=\"product:price:currency\" content=\"EUR\" \/>\n<meta property=\"og:availability\" content=\"out of stock\" \/>\n<meta property=\"product:availability\" content=\"out of stock\" \/>\n<meta property=\"product:retailer_item_id\" content=\"brahmi1\" \/>\n<meta property=\"product:condition\" content=\"new\" \/>\n<!-- \/ Yoast SEO Premium plugin. -->","yoast_head_json":{"title":"Organic Brahmi Powder Organic Brahmi Powder Organic Brahmi Powder pal\u012bdz nomierin\u0101t pr\u0101tu 100g - cosmetic.lv","robots":{"index":"index","follow":"follow","max-snippet":"max-snippet:-1","max-image-preview":"max-image-preview:large","max-video-preview":"max-video-preview:-1"},"canonical":"https:\/\/cosmetic.lv\/lv\/product\/organic-brahmi-powder-organic-brahmi-powder-organic-brahmi-powder-palidz-nomierinat-pratu-100g\/","og_locale":"lv_LV","og_type":"article","og_title":"Organic Brahmi Powder Organic Brahmi Powder Organic Brahmi Powder pal\u012bdz nomierin\u0101t pr\u0101tu 100g","og_description":"Brahmi pal\u012bdz nomierin\u0101t pr\u0101tu, atbalsta ment\u0101l\u0101s funkcijas Sanskrita nosaukums: Brahmi Lat\u012b\u0146u valod\u0101: Bacopa monnieri Ang\u013cu nosaukums: Bacopa Bakopa ir ietverta","og_url":"https:\/\/cosmetic.lv\/lv\/product\/organic-brahmi-powder-organic-brahmi-powder-organic-brahmi-powder-palidz-nomierinat-pratu-100g\/","og_site_name":"cosmetic.lv","article_publisher":"https:\/\/www.facebook.com\/cosmetic.lv\/","og_image":[{"width":194,"height":400,"url":"https:\/\/cosmetic.lv\/wp-content\/uploads\/2021\/11\/20211112_113650s-1.jpg","type":"image\/jpeg"}],"twitter_card":"summary_large_image","schema":{"@context":"https:\/\/schema.org","@graph":[{"@type":"WebPage","@id":"https:\/\/cosmetic.lv\/lv\/product\/organic-brahmi-powder-organic-brahmi-powder-organic-brahmi-powder-palidz-nomierinat-pratu-100g\/","url":"https:\/\/cosmetic.lv\/lv\/product\/organic-brahmi-powder-organic-brahmi-powder-organic-brahmi-powder-palidz-nomierinat-pratu-100g\/","name":"Organic Brahmi Powder Organic Brahmi Powder Organic Brahmi Powder pal\u012bdz nomierin\u0101t pr\u0101tu 100g - cosmetic.lv","isPartOf":{"@id":"https:\/\/cosmetic.lv\/lv\/#website"},"primaryImageOfPage":{"@id":"https:\/\/cosmetic.lv\/lv\/product\/organic-brahmi-powder-organic-brahmi-powder-organic-brahmi-powder-palidz-nomierinat-pratu-100g\/#primaryimage"},"image":{"@id":"https:\/\/cosmetic.lv\/lv\/product\/organic-brahmi-powder-organic-brahmi-powder-organic-brahmi-powder-palidz-nomierinat-pratu-100g\/#primaryimage"},"thumbnailUrl":"https:\/\/cosmetic.lv\/wp-content\/uploads\/2021\/11\/20211112_113650s-1.jpg","datePublished":"2021-11-14T18:41:31+00:00","breadcrumb":{"@id":"https:\/\/cosmetic.lv\/lv\/product\/organic-brahmi-powder-organic-brahmi-powder-organic-brahmi-powder-palidz-nomierinat-pratu-100g\/#breadcrumb"},"inLanguage":"lv-LV","potentialAction":[{"@type":"ReadAction","target":["https:\/\/cosmetic.lv\/lv\/product\/organic-brahmi-powder-organic-brahmi-powder-organic-brahmi-powder-palidz-nomierinat-pratu-100g\/"]}]},{"@type":"ImageObject","inLanguage":"lv-LV","@id":"https:\/\/cosmetic.lv\/lv\/product\/organic-brahmi-powder-organic-brahmi-powder-organic-brahmi-powder-palidz-nomierinat-pratu-100g\/#primaryimage","url":"https:\/\/cosmetic.lv\/wp-content\/uploads\/2021\/11\/20211112_113650s-1.jpg","contentUrl":"https:\/\/cosmetic.lv\/wp-content\/uploads\/2021\/11\/20211112_113650s-1.jpg","width":194,"height":400},{"@type":"BreadcrumbList","@id":"https:\/\/cosmetic.lv\/lv\/product\/organic-brahmi-powder-organic-brahmi-powder-organic-brahmi-powder-palidz-nomierinat-pratu-100g\/#breadcrumb","itemListElement":[{"@type":"ListItem","position":1,"name":"Home","item":"https:\/\/cosmetic.lv\/lv\/"},{"@type":"ListItem","position":2,"name":"Veikals","item":"https:\/\/cosmetic.lv\/lv\/veiklas\/"},{"@type":"ListItem","position":3,"name":"Organic Brahmi Powder Organic Brahmi Powder Organic Brahmi Powder pal\u012bdz nomierin\u0101t pr\u0101tu 100g"}]},{"@type":"WebSite","@id":"https:\/\/cosmetic.lv\/lv\/#website","url":"https:\/\/cosmetic.lv\/lv\/","name":"cosmetic.lv","description":"Profesion\u0101la kosm\u0113tika - Maria Galland, Keune, Arkadija, GMT, Guam, Magiray","publisher":{"@id":"https:\/\/cosmetic.lv\/lv\/#organization"},"potentialAction":[{"@type":"SearchAction","target":{"@type":"EntryPoint","urlTemplate":"https:\/\/cosmetic.lv\/lv\/?s={search_term_string}"},"query-input":{"@type":"PropertyValueSpecification","valueRequired":true,"valueName":"search_term_string"}}],"inLanguage":"lv-LV"},{"@type":"Organization","@id":"https:\/\/cosmetic.lv\/lv\/#organization","name":"COSMETIC.LV","url":"https:\/\/cosmetic.lv\/lv\/","logo":{"@type":"ImageObject","inLanguage":"lv-LV","@id":"https:\/\/cosmetic.lv\/lv\/#\/schema\/logo\/image\/","url":"https:\/\/cosmetic.lv\/wp-content\/uploads\/2021\/02\/cosmetic.lv_logo.jpg","contentUrl":"https:\/\/cosmetic.lv\/wp-content\/uploads\/2021\/02\/cosmetic.lv_logo.jpg","width":596,"height":196,"caption":"COSMETIC.LV"},"image":{"@id":"https:\/\/cosmetic.lv\/lv\/#\/schema\/logo\/image\/"},"sameAs":["https:\/\/www.facebook.com\/cosmetic.lv\/"]}]},"product_price_amount":"5.90","product_price_currency":"EUR","og_availability":"out of stock","product_availability":"out of stock","product_retailer_item_id":"brahmi1","product_condition":"new"},"_links":{"self":[{"href":"https:\/\/cosmetic.lv\/lv\/wp-json\/wp\/v2\/product\/37566","targetHints":{"allow":["GET"]}}],"collection":[{"href":"https:\/\/cosmetic.lv\/lv\/wp-json\/wp\/v2\/product"}],"about":[{"href":"https:\/\/cosmetic.lv\/lv\/wp-json\/wp\/v2\/types\/product"}],"wp:featuredmedia":[{"embeddable":true,"href":"https:\/\/cosmetic.lv\/lv\/wp-json\/wp\/v2\/media\/37565"}],"wp:attachment":[{"href":"https:\/\/cosmetic.lv\/lv\/wp-json\/wp\/v2\/media?parent=37566"}],"wp:term":[{"taxonomy":"product_brand","embeddable":true,"href":"https:\/\/cosmetic.lv\/lv\/wp-json\/wp\/v2\/product_brand?post=37566"},{"taxonomy":"product_cat","embeddable":true,"href":"https:\/\/cosmetic.lv\/lv\/wp-json\/wp\/v2\/product_cat?post=37566"},{"taxonomy":"product_tag","embeddable":true,"href":"https:\/\/cosmetic.lv\/lv\/wp-json\/wp\/v2\/product_tag?post=37566"}],"curies":[{"name":"wp","href":"https:\/\/api.w.org\/{rel}","templated":true}]}}