{"id":37604,"date":"2021-11-26T16:14:33","date_gmt":"2021-11-26T14:15:33","guid":{"rendered":"https:\/\/cosmetic.lv\/?post_type=product&#038;p=37604"},"modified":"2021-11-26T16:15:33","modified_gmt":"2021-11-26T14:15:33","slug":"platforma-kermena-vibracija-vingrosana-iesildisanas-trenins-veselibai-limfai-energijai","status":"publish","type":"product","link":"https:\/\/cosmetic.lv\/lv\/product\/platforma-kermena-vibracija-vingrosana-iesildisanas-trenins-veselibai-limfai-energijai\/","title":{"rendered":"Platforma &#8211; \u0137erme\u0146a vibr\u0101cija &#8211; vingro\u0161ana, iesild\u012b\u0161an\u0101s, treni\u0146\u0161 &#8211; vesel\u012bbai, limfai, ener\u0123ijai"},"content":{"rendered":"<div id=\"tw-target-text-container\">\n<pre id=\"tw-target-text\" dir=\"ltr\">Tauku dedzin\u0101\u0161ana\r\n    Uzlabo cirkul\u0101ciju\r\n    Palielina musku\u013cu sp\u0113ku\r\n    Toniz\u0113 musku\u013cus\r\n    Uzlabo st\u0101vokli\r\n    Pal\u012bdz\u0113t svara zaud\u0113\u0161anai\r\n    Uzlabo elast\u012bbu\r\n    Palielina kaulu miner\u0101lo bl\u012bvumu\r\n    Palielin\u0101s l\u012bdzsvars un koordin\u0101cija\r\n    Atvieglo muguras s\u0101pes, saspie\u017eot mugurkaulu\r\n\r\nvibr\u0101cijas mas\u0101\u017eas funkcijas\r\n* Aktiviz\u0113 visu \u0137ermeni, \u0101tri atbr\u012bvo no noguruma.\r\n* Lielisks \u0137erme\u0146a formas veidot\u0101js, kaus\u0113 masu taukus.\r\n* Efekt\u012bvi nomierina bezmiegu, pal\u012bdz atsl\u0101bin\u0101ties.\r\n* Stimul\u0113 alvine, uzlabo gremo\u0161anu.\r\n* Palieliniet asins pl\u016bsmu, lai saglab\u0101tu vesel\u012bbu.\r\n* Aktiviz\u0113jiet savienojumus, remd\u0113jiet artrozes s\u0101pes<\/pre>\n<\/div>\n<div id=\"tw-target-rmn-container\">\n<pre id=\"tw-target-rmn\" dir=\"ltr\">izm\u0113rs 47x33x13cm\r\n150kg<\/pre>\n<\/div>\n","protected":false},"excerpt":{"rendered":"<p>Tauku dedzin\u0101\u0161ana Uzlabo cirkul\u0101ciju Palielina musku\u013cu sp\u0113ku Toniz\u0113 musku\u013cus Uzlabo st\u0101vokli Pal\u012bdz\u0113t svara zaud\u0113\u0161anai Uzlabo elast\u012bbu Palielina kaulu miner\u0101lo bl\u012bvumu<\/p>\n","protected":false},"featured_media":37680,"template":"","meta":[],"product_brand":[],"product_cat":[2231,2235],"product_tag":[],"class_list":{"0":"post-37604","1":"product","2":"type-product","3":"status-publish","4":"has-post-thumbnail","6":"product_cat-atveselojosas-preces-lv","7":"product_cat-kermenim-lv","9":"first","10":"outofstock","11":"featured","12":"taxable","13":"shipping-taxable","14":"purchasable","15":"product-type-simple"},"yoast_head":"<!-- This site is optimized with the Yoast SEO Premium plugin v27.0 (Yoast SEO v27.0) - https:\/\/yoast.com\/product\/yoast-seo-premium-wordpress\/ -->\n<title>Platforma - \u0137erme\u0146a vibr\u0101cija - vingro\u0161ana, iesild\u012b\u0161an\u0101s, treni\u0146\u0161 - vesel\u012bbai, limfai, ener\u0123ijai - cosmetic.lv<\/title>\n<meta name=\"robots\" content=\"index, follow, max-snippet:-1, max-image-preview:large, max-video-preview:-1\" \/>\n<link rel=\"canonical\" href=\"https:\/\/cosmetic.lv\/lv\/product\/platforma-kermena-vibracija-vingrosana-iesildisanas-trenins-veselibai-limfai-energijai\/\" \/>\n<meta property=\"og:locale\" content=\"lv_LV\" \/>\n<meta property=\"og:type\" content=\"article\" \/>\n<meta property=\"og:title\" content=\"Platforma - \u0137erme\u0146a vibr\u0101cija - vingro\u0161ana, iesild\u012b\u0161an\u0101s, treni\u0146\u0161 - vesel\u012bbai, limfai, ener\u0123ijai\" \/>\n<meta property=\"og:description\" content=\"Tauku dedzin\u0101\u0161ana Uzlabo cirkul\u0101ciju Palielina musku\u013cu sp\u0113ku Toniz\u0113 musku\u013cus Uzlabo st\u0101vokli Pal\u012bdz\u0113t svara zaud\u0113\u0161anai Uzlabo elast\u012bbu Palielina kaulu miner\u0101lo bl\u012bvumu\" \/>\n<meta property=\"og:url\" content=\"https:\/\/cosmetic.lv\/lv\/product\/platforma-kermena-vibracija-vingrosana-iesildisanas-trenins-veselibai-limfai-energijai\/\" \/>\n<meta property=\"og:site_name\" content=\"cosmetic.lv\" \/>\n<meta property=\"article:publisher\" content=\"https:\/\/www.facebook.com\/cosmetic.lv\/\" \/>\n<meta property=\"og:image\" content=\"https:\/\/cosmetic.lv\/wp-content\/uploads\/2021\/11\/h337edb97ba524fd78b4da846398cf1dcs-2.jpg\" \/>\n\t<meta property=\"og:image:width\" content=\"1200\" \/>\n\t<meta property=\"og:image:height\" content=\"1200\" \/>\n\t<meta property=\"og:image:type\" content=\"image\/jpeg\" \/>\n<meta name=\"twitter:card\" content=\"summary_large_image\" \/>\n<script type=\"application\/ld+json\" class=\"yoast-schema-graph\">{\"@context\":\"https:\/\/schema.org\",\"@graph\":[{\"@type\":\"WebPage\",\"@id\":\"https:\/\/cosmetic.lv\/lv\/product\/platforma-kermena-vibracija-vingrosana-iesildisanas-trenins-veselibai-limfai-energijai\/\",\"url\":\"https:\/\/cosmetic.lv\/lv\/product\/platforma-kermena-vibracija-vingrosana-iesildisanas-trenins-veselibai-limfai-energijai\/\",\"name\":\"Platforma - \u0137erme\u0146a vibr\u0101cija - vingro\u0161ana, iesild\u012b\u0161an\u0101s, treni\u0146\u0161 - vesel\u012bbai, limfai, ener\u0123ijai - cosmetic.lv\",\"isPartOf\":{\"@id\":\"https:\/\/cosmetic.lv\/lv\/#website\"},\"primaryImageOfPage\":{\"@id\":\"https:\/\/cosmetic.lv\/lv\/product\/platforma-kermena-vibracija-vingrosana-iesildisanas-trenins-veselibai-limfai-energijai\/#primaryimage\"},\"image\":{\"@id\":\"https:\/\/cosmetic.lv\/lv\/product\/platforma-kermena-vibracija-vingrosana-iesildisanas-trenins-veselibai-limfai-energijai\/#primaryimage\"},\"thumbnailUrl\":\"https:\/\/cosmetic.lv\/wp-content\/uploads\/2021\/11\/h337edb97ba524fd78b4da846398cf1dcs-2.jpg\",\"datePublished\":\"2021-11-26T14:15:33+00:00\",\"breadcrumb\":{\"@id\":\"https:\/\/cosmetic.lv\/lv\/product\/platforma-kermena-vibracija-vingrosana-iesildisanas-trenins-veselibai-limfai-energijai\/#breadcrumb\"},\"inLanguage\":\"lv-LV\",\"potentialAction\":[{\"@type\":\"ReadAction\",\"target\":[\"https:\/\/cosmetic.lv\/lv\/product\/platforma-kermena-vibracija-vingrosana-iesildisanas-trenins-veselibai-limfai-energijai\/\"]}]},{\"@type\":\"ImageObject\",\"inLanguage\":\"lv-LV\",\"@id\":\"https:\/\/cosmetic.lv\/lv\/product\/platforma-kermena-vibracija-vingrosana-iesildisanas-trenins-veselibai-limfai-energijai\/#primaryimage\",\"url\":\"https:\/\/cosmetic.lv\/wp-content\/uploads\/2021\/11\/h337edb97ba524fd78b4da846398cf1dcs-2.jpg\",\"contentUrl\":\"https:\/\/cosmetic.lv\/wp-content\/uploads\/2021\/11\/h337edb97ba524fd78b4da846398cf1dcs-2.jpg\",\"width\":1200,\"height\":1200},{\"@type\":\"BreadcrumbList\",\"@id\":\"https:\/\/cosmetic.lv\/lv\/product\/platforma-kermena-vibracija-vingrosana-iesildisanas-trenins-veselibai-limfai-energijai\/#breadcrumb\",\"itemListElement\":[{\"@type\":\"ListItem\",\"position\":1,\"name\":\"Home\",\"item\":\"https:\/\/cosmetic.lv\/lv\/\"},{\"@type\":\"ListItem\",\"position\":2,\"name\":\"Veikals\",\"item\":\"https:\/\/cosmetic.lv\/lv\/veiklas\/\"},{\"@type\":\"ListItem\",\"position\":3,\"name\":\"Platforma &#8212; \u0137erme\u0146a vibr\u0101cija &#8212; vingro\u0161ana, iesild\u012b\u0161an\u0101s, treni\u0146\u0161 &#8212; vesel\u012bbai, limfai, ener\u0123ijai\"}]},{\"@type\":\"WebSite\",\"@id\":\"https:\/\/cosmetic.lv\/lv\/#website\",\"url\":\"https:\/\/cosmetic.lv\/lv\/\",\"name\":\"cosmetic.lv\",\"description\":\"Profesion\u0101la kosm\u0113tika - Maria Galland, Keune, Arkadija, GMT, Guam, Magiray\",\"publisher\":{\"@id\":\"https:\/\/cosmetic.lv\/lv\/#organization\"},\"potentialAction\":[{\"@type\":\"SearchAction\",\"target\":{\"@type\":\"EntryPoint\",\"urlTemplate\":\"https:\/\/cosmetic.lv\/lv\/?s={search_term_string}\"},\"query-input\":{\"@type\":\"PropertyValueSpecification\",\"valueRequired\":true,\"valueName\":\"search_term_string\"}}],\"inLanguage\":\"lv-LV\"},{\"@type\":\"Organization\",\"@id\":\"https:\/\/cosmetic.lv\/lv\/#organization\",\"name\":\"COSMETIC.LV\",\"url\":\"https:\/\/cosmetic.lv\/lv\/\",\"logo\":{\"@type\":\"ImageObject\",\"inLanguage\":\"lv-LV\",\"@id\":\"https:\/\/cosmetic.lv\/lv\/#\/schema\/logo\/image\/\",\"url\":\"https:\/\/cosmetic.lv\/wp-content\/uploads\/2021\/02\/cosmetic.lv_logo.jpg\",\"contentUrl\":\"https:\/\/cosmetic.lv\/wp-content\/uploads\/2021\/02\/cosmetic.lv_logo.jpg\",\"width\":596,\"height\":196,\"caption\":\"COSMETIC.LV\"},\"image\":{\"@id\":\"https:\/\/cosmetic.lv\/lv\/#\/schema\/logo\/image\/\"},\"sameAs\":[\"https:\/\/www.facebook.com\/cosmetic.lv\/\"]}]}<\/script>\n<meta property=\"product:price:amount\" content=\"120.00\" \/>\n<meta property=\"product:price:currency\" content=\"EUR\" \/>\n<meta property=\"og:availability\" content=\"out of stock\" \/>\n<meta property=\"product:availability\" content=\"out of stock\" \/>\n<meta property=\"product:retailer_item_id\" content=\"pli1\" \/>\n<meta property=\"product:condition\" content=\"new\" \/>\n<!-- \/ Yoast SEO Premium plugin. -->","yoast_head_json":{"title":"Platforma - \u0137erme\u0146a vibr\u0101cija - vingro\u0161ana, iesild\u012b\u0161an\u0101s, treni\u0146\u0161 - vesel\u012bbai, limfai, ener\u0123ijai - cosmetic.lv","robots":{"index":"index","follow":"follow","max-snippet":"max-snippet:-1","max-image-preview":"max-image-preview:large","max-video-preview":"max-video-preview:-1"},"canonical":"https:\/\/cosmetic.lv\/lv\/product\/platforma-kermena-vibracija-vingrosana-iesildisanas-trenins-veselibai-limfai-energijai\/","og_locale":"lv_LV","og_type":"article","og_title":"Platforma - \u0137erme\u0146a vibr\u0101cija - vingro\u0161ana, iesild\u012b\u0161an\u0101s, treni\u0146\u0161 - vesel\u012bbai, limfai, ener\u0123ijai","og_description":"Tauku dedzin\u0101\u0161ana Uzlabo cirkul\u0101ciju Palielina musku\u013cu sp\u0113ku Toniz\u0113 musku\u013cus Uzlabo st\u0101vokli Pal\u012bdz\u0113t svara zaud\u0113\u0161anai Uzlabo elast\u012bbu Palielina kaulu miner\u0101lo bl\u012bvumu","og_url":"https:\/\/cosmetic.lv\/lv\/product\/platforma-kermena-vibracija-vingrosana-iesildisanas-trenins-veselibai-limfai-energijai\/","og_site_name":"cosmetic.lv","article_publisher":"https:\/\/www.facebook.com\/cosmetic.lv\/","og_image":[{"width":1200,"height":1200,"url":"https:\/\/cosmetic.lv\/wp-content\/uploads\/2021\/11\/h337edb97ba524fd78b4da846398cf1dcs-2.jpg","type":"image\/jpeg"}],"twitter_card":"summary_large_image","schema":{"@context":"https:\/\/schema.org","@graph":[{"@type":"WebPage","@id":"https:\/\/cosmetic.lv\/lv\/product\/platforma-kermena-vibracija-vingrosana-iesildisanas-trenins-veselibai-limfai-energijai\/","url":"https:\/\/cosmetic.lv\/lv\/product\/platforma-kermena-vibracija-vingrosana-iesildisanas-trenins-veselibai-limfai-energijai\/","name":"Platforma - \u0137erme\u0146a vibr\u0101cija - vingro\u0161ana, iesild\u012b\u0161an\u0101s, treni\u0146\u0161 - vesel\u012bbai, limfai, ener\u0123ijai - cosmetic.lv","isPartOf":{"@id":"https:\/\/cosmetic.lv\/lv\/#website"},"primaryImageOfPage":{"@id":"https:\/\/cosmetic.lv\/lv\/product\/platforma-kermena-vibracija-vingrosana-iesildisanas-trenins-veselibai-limfai-energijai\/#primaryimage"},"image":{"@id":"https:\/\/cosmetic.lv\/lv\/product\/platforma-kermena-vibracija-vingrosana-iesildisanas-trenins-veselibai-limfai-energijai\/#primaryimage"},"thumbnailUrl":"https:\/\/cosmetic.lv\/wp-content\/uploads\/2021\/11\/h337edb97ba524fd78b4da846398cf1dcs-2.jpg","datePublished":"2021-11-26T14:15:33+00:00","breadcrumb":{"@id":"https:\/\/cosmetic.lv\/lv\/product\/platforma-kermena-vibracija-vingrosana-iesildisanas-trenins-veselibai-limfai-energijai\/#breadcrumb"},"inLanguage":"lv-LV","potentialAction":[{"@type":"ReadAction","target":["https:\/\/cosmetic.lv\/lv\/product\/platforma-kermena-vibracija-vingrosana-iesildisanas-trenins-veselibai-limfai-energijai\/"]}]},{"@type":"ImageObject","inLanguage":"lv-LV","@id":"https:\/\/cosmetic.lv\/lv\/product\/platforma-kermena-vibracija-vingrosana-iesildisanas-trenins-veselibai-limfai-energijai\/#primaryimage","url":"https:\/\/cosmetic.lv\/wp-content\/uploads\/2021\/11\/h337edb97ba524fd78b4da846398cf1dcs-2.jpg","contentUrl":"https:\/\/cosmetic.lv\/wp-content\/uploads\/2021\/11\/h337edb97ba524fd78b4da846398cf1dcs-2.jpg","width":1200,"height":1200},{"@type":"BreadcrumbList","@id":"https:\/\/cosmetic.lv\/lv\/product\/platforma-kermena-vibracija-vingrosana-iesildisanas-trenins-veselibai-limfai-energijai\/#breadcrumb","itemListElement":[{"@type":"ListItem","position":1,"name":"Home","item":"https:\/\/cosmetic.lv\/lv\/"},{"@type":"ListItem","position":2,"name":"Veikals","item":"https:\/\/cosmetic.lv\/lv\/veiklas\/"},{"@type":"ListItem","position":3,"name":"Platforma &#8212; \u0137erme\u0146a vibr\u0101cija &#8212; vingro\u0161ana, iesild\u012b\u0161an\u0101s, treni\u0146\u0161 &#8212; vesel\u012bbai, limfai, ener\u0123ijai"}]},{"@type":"WebSite","@id":"https:\/\/cosmetic.lv\/lv\/#website","url":"https:\/\/cosmetic.lv\/lv\/","name":"cosmetic.lv","description":"Profesion\u0101la kosm\u0113tika - Maria Galland, Keune, Arkadija, GMT, Guam, Magiray","publisher":{"@id":"https:\/\/cosmetic.lv\/lv\/#organization"},"potentialAction":[{"@type":"SearchAction","target":{"@type":"EntryPoint","urlTemplate":"https:\/\/cosmetic.lv\/lv\/?s={search_term_string}"},"query-input":{"@type":"PropertyValueSpecification","valueRequired":true,"valueName":"search_term_string"}}],"inLanguage":"lv-LV"},{"@type":"Organization","@id":"https:\/\/cosmetic.lv\/lv\/#organization","name":"COSMETIC.LV","url":"https:\/\/cosmetic.lv\/lv\/","logo":{"@type":"ImageObject","inLanguage":"lv-LV","@id":"https:\/\/cosmetic.lv\/lv\/#\/schema\/logo\/image\/","url":"https:\/\/cosmetic.lv\/wp-content\/uploads\/2021\/02\/cosmetic.lv_logo.jpg","contentUrl":"https:\/\/cosmetic.lv\/wp-content\/uploads\/2021\/02\/cosmetic.lv_logo.jpg","width":596,"height":196,"caption":"COSMETIC.LV"},"image":{"@id":"https:\/\/cosmetic.lv\/lv\/#\/schema\/logo\/image\/"},"sameAs":["https:\/\/www.facebook.com\/cosmetic.lv\/"]}]},"product_price_amount":"120.00","product_price_currency":"EUR","og_availability":"out of stock","product_availability":"out of stock","product_retailer_item_id":"pli1","product_condition":"new"},"_links":{"self":[{"href":"https:\/\/cosmetic.lv\/lv\/wp-json\/wp\/v2\/product\/37604","targetHints":{"allow":["GET"]}}],"collection":[{"href":"https:\/\/cosmetic.lv\/lv\/wp-json\/wp\/v2\/product"}],"about":[{"href":"https:\/\/cosmetic.lv\/lv\/wp-json\/wp\/v2\/types\/product"}],"wp:featuredmedia":[{"embeddable":true,"href":"https:\/\/cosmetic.lv\/lv\/wp-json\/wp\/v2\/media\/37680"}],"wp:attachment":[{"href":"https:\/\/cosmetic.lv\/lv\/wp-json\/wp\/v2\/media?parent=37604"}],"wp:term":[{"taxonomy":"product_brand","embeddable":true,"href":"https:\/\/cosmetic.lv\/lv\/wp-json\/wp\/v2\/product_brand?post=37604"},{"taxonomy":"product_cat","embeddable":true,"href":"https:\/\/cosmetic.lv\/lv\/wp-json\/wp\/v2\/product_cat?post=37604"},{"taxonomy":"product_tag","embeddable":true,"href":"https:\/\/cosmetic.lv\/lv\/wp-json\/wp\/v2\/product_tag?post=37604"}],"curies":[{"name":"wp","href":"https:\/\/api.w.org\/{rel}","templated":true}]}}