{"id":37699,"date":"2021-05-05T18:21:58","date_gmt":"2021-12-08T20:23:34","guid":{"rendered":"https:\/\/cosmetic.lv\/?post_type=product&#038;p=37699"},"modified":"2021-12-08T22:23:35","modified_gmt":"2021-12-08T20:23:35","slug":"psihologiskas-diagnostikas-spele-dzimtas-energija-pamatkomplekts-2","status":"publish","type":"product","link":"https:\/\/cosmetic.lv\/lv\/product\/psihologiskas-diagnostikas-spele-dzimtas-energija-pamatkomplekts-2\/","title":{"rendered":"Psiholo\u0123isk\u0101s diagnostikas sp\u0113le &#8220;Dzimtas ener\u0123ija&#8221; (pamatkomplekts)"},"content":{"rendered":"<pre id=\"tw-target-text\" dir=\"ltr\">Autore: Oksana Gordin\r\nPraktiz\u0113jo\u0161s psihologs, sertific\u0113ts speci\u0101lists darb\u0101 ar IAC, Starptautisk\u0101s Psihologu-sp\u0113\u013cu prakses profesion\u0101l\u0101s \u0123ildes loceklis, vado\u0161ais treneris, profesion\u0101ls konsultants par visp\u0101r\u0113j\u0101m programm\u0101m un \u0123imenes attiec\u012bb\u0101m, person\u012bbas att\u012bst\u012bbas jaut\u0101jumiem, treneris, astrologs.\r\n\r\nSp\u0113\u013cu komplekt\u0101 ietilpst:\r\n1. Sp\u0113les laukums - 1 gab.\r\n2. Metaforisko asociat\u012bvo kar\u0161u \"Cilv\u0113ku pasaule\" kl\u0101js.\r\n3. Metaforisk\u0101s kartes \"Resursu Visums\"\r\n4. Sp\u0113les metodisk\u0101 rokasgr\u0101mata - 1 gab.\r\n5. Attiec\u012bbu hologrammas veidne -1 gab.\r\n6. Sertifik\u0101ts - 1 gab.\r\n7. Iepakojums - 1 gab.\r\n8. Sp\u0113les saimnieka iek\u013cau\u0161ana sl\u0113gt\u0101 grup\u0101 ar turpm\u0101ku atbalstu.\r\n9. Video instrukcija (grup\u0101)<\/pre>\n","protected":false},"excerpt":{"rendered":"<p>Autore: Oksana Gordin Praktiz\u0113jo\u0161s psihologs, sertific\u0113ts speci\u0101lists darb\u0101 ar IAC, Starptautisk\u0101s Psihologu-sp\u0113\u013cu prakses profesion\u0101l\u0101s \u0123ildes loceklis, vado\u0161ais treneris, profesion\u0101ls konsultants<\/p>\n","protected":false},"featured_media":36823,"template":"","meta":[],"product_brand":[],"product_cat":[2288],"product_tag":[],"class_list":{"0":"post-37699","1":"product","2":"type-product","3":"status-publish","4":"has-post-thumbnail","6":"product_cat-ezoterika-kartis-lv","8":"first","9":"outofstock","10":"sale","11":"taxable","12":"shipping-taxable","13":"purchasable","14":"product-type-simple"},"yoast_head":"<!-- This site is optimized with the Yoast SEO Premium plugin v27.0 (Yoast SEO v27.0) - https:\/\/yoast.com\/product\/yoast-seo-premium-wordpress\/ -->\n<title>Psiholo\u0123isk\u0101s diagnostikas sp\u0113le &quot;Dzimtas ener\u0123ija&quot; (pamatkomplekts) - cosmetic.lv<\/title>\n<meta name=\"robots\" content=\"index, follow, max-snippet:-1, max-image-preview:large, max-video-preview:-1\" \/>\n<link rel=\"canonical\" href=\"https:\/\/cosmetic.lv\/lv\/product\/psihologiskas-diagnostikas-spele-dzimtas-energija-pamatkomplekts-2\/\" \/>\n<meta property=\"og:locale\" content=\"lv_LV\" \/>\n<meta property=\"og:type\" content=\"article\" \/>\n<meta property=\"og:title\" content=\"Psiholo\u0123isk\u0101s diagnostikas sp\u0113le &quot;Dzimtas ener\u0123ija&quot; (pamatkomplekts)\" \/>\n<meta property=\"og:description\" content=\"Autore: Oksana Gordin Praktiz\u0113jo\u0161s psihologs, sertific\u0113ts speci\u0101lists darb\u0101 ar IAC, Starptautisk\u0101s Psihologu-sp\u0113\u013cu prakses profesion\u0101l\u0101s \u0123ildes loceklis, vado\u0161ais treneris, profesion\u0101ls konsultants\" \/>\n<meta property=\"og:url\" content=\"https:\/\/cosmetic.lv\/lv\/product\/psihologiskas-diagnostikas-spele-dzimtas-energija-pamatkomplekts-2\/\" \/>\n<meta property=\"og:site_name\" content=\"cosmetic.lv\" \/>\n<meta property=\"article:publisher\" content=\"https:\/\/www.facebook.com\/cosmetic.lv\/\" \/>\n<meta property=\"article:modified_time\" content=\"2021-12-08T20:23:35+00:00\" \/>\n<meta property=\"og:image\" content=\"https:\/\/cosmetic.lv\/wp-content\/uploads\/2021\/05\/img_0142-06-02-19-11-58-600x600-1.jpg\" \/>\n\t<meta property=\"og:image:width\" content=\"600\" \/>\n\t<meta property=\"og:image:height\" content=\"600\" \/>\n\t<meta property=\"og:image:type\" content=\"image\/jpeg\" \/>\n<meta name=\"twitter:card\" content=\"summary_large_image\" \/>\n<script type=\"application\/ld+json\" class=\"yoast-schema-graph\">{\"@context\":\"https:\/\/schema.org\",\"@graph\":[{\"@type\":\"WebPage\",\"@id\":\"https:\/\/cosmetic.lv\/lv\/product\/psihologiskas-diagnostikas-spele-dzimtas-energija-pamatkomplekts-2\/\",\"url\":\"https:\/\/cosmetic.lv\/lv\/product\/psihologiskas-diagnostikas-spele-dzimtas-energija-pamatkomplekts-2\/\",\"name\":\"Psiholo\u0123isk\u0101s diagnostikas sp\u0113le \\\"Dzimtas ener\u0123ija\\\" (pamatkomplekts) - cosmetic.lv\",\"isPartOf\":{\"@id\":\"https:\/\/cosmetic.lv\/lv\/#website\"},\"primaryImageOfPage\":{\"@id\":\"https:\/\/cosmetic.lv\/lv\/product\/psihologiskas-diagnostikas-spele-dzimtas-energija-pamatkomplekts-2\/#primaryimage\"},\"image\":{\"@id\":\"https:\/\/cosmetic.lv\/lv\/product\/psihologiskas-diagnostikas-spele-dzimtas-energija-pamatkomplekts-2\/#primaryimage\"},\"thumbnailUrl\":\"https:\/\/cosmetic.lv\/wp-content\/uploads\/2021\/05\/img_0142-06-02-19-11-58-600x600-1.jpg\",\"datePublished\":\"2021-12-08T20:23:34+00:00\",\"dateModified\":\"2021-12-08T20:23:35+00:00\",\"breadcrumb\":{\"@id\":\"https:\/\/cosmetic.lv\/lv\/product\/psihologiskas-diagnostikas-spele-dzimtas-energija-pamatkomplekts-2\/#breadcrumb\"},\"inLanguage\":\"lv-LV\",\"potentialAction\":[{\"@type\":\"ReadAction\",\"target\":[\"https:\/\/cosmetic.lv\/lv\/product\/psihologiskas-diagnostikas-spele-dzimtas-energija-pamatkomplekts-2\/\"]}]},{\"@type\":\"ImageObject\",\"inLanguage\":\"lv-LV\",\"@id\":\"https:\/\/cosmetic.lv\/lv\/product\/psihologiskas-diagnostikas-spele-dzimtas-energija-pamatkomplekts-2\/#primaryimage\",\"url\":\"https:\/\/cosmetic.lv\/wp-content\/uploads\/2021\/05\/img_0142-06-02-19-11-58-600x600-1.jpg\",\"contentUrl\":\"https:\/\/cosmetic.lv\/wp-content\/uploads\/2021\/05\/img_0142-06-02-19-11-58-600x600-1.jpg\",\"width\":600,\"height\":600},{\"@type\":\"BreadcrumbList\",\"@id\":\"https:\/\/cosmetic.lv\/lv\/product\/psihologiskas-diagnostikas-spele-dzimtas-energija-pamatkomplekts-2\/#breadcrumb\",\"itemListElement\":[{\"@type\":\"ListItem\",\"position\":1,\"name\":\"Home\",\"item\":\"https:\/\/cosmetic.lv\/lv\/\"},{\"@type\":\"ListItem\",\"position\":2,\"name\":\"Veikals\",\"item\":\"https:\/\/cosmetic.lv\/lv\/veiklas\/\"},{\"@type\":\"ListItem\",\"position\":3,\"name\":\"Psiholo\u0123isk\u0101s diagnostikas sp\u0113le &#171;Dzimtas ener\u0123ija&#187; (pamatkomplekts)\"}]},{\"@type\":\"WebSite\",\"@id\":\"https:\/\/cosmetic.lv\/lv\/#website\",\"url\":\"https:\/\/cosmetic.lv\/lv\/\",\"name\":\"cosmetic.lv\",\"description\":\"Profesion\u0101la kosm\u0113tika - Maria Galland, Keune, Arkadija, GMT, Guam, Magiray\",\"publisher\":{\"@id\":\"https:\/\/cosmetic.lv\/lv\/#organization\"},\"potentialAction\":[{\"@type\":\"SearchAction\",\"target\":{\"@type\":\"EntryPoint\",\"urlTemplate\":\"https:\/\/cosmetic.lv\/lv\/?s={search_term_string}\"},\"query-input\":{\"@type\":\"PropertyValueSpecification\",\"valueRequired\":true,\"valueName\":\"search_term_string\"}}],\"inLanguage\":\"lv-LV\"},{\"@type\":\"Organization\",\"@id\":\"https:\/\/cosmetic.lv\/lv\/#organization\",\"name\":\"COSMETIC.LV\",\"url\":\"https:\/\/cosmetic.lv\/lv\/\",\"logo\":{\"@type\":\"ImageObject\",\"inLanguage\":\"lv-LV\",\"@id\":\"https:\/\/cosmetic.lv\/lv\/#\/schema\/logo\/image\/\",\"url\":\"https:\/\/cosmetic.lv\/wp-content\/uploads\/2021\/02\/cosmetic.lv_logo.jpg\",\"contentUrl\":\"https:\/\/cosmetic.lv\/wp-content\/uploads\/2021\/02\/cosmetic.lv_logo.jpg\",\"width\":596,\"height\":196,\"caption\":\"COSMETIC.LV\"},\"image\":{\"@id\":\"https:\/\/cosmetic.lv\/lv\/#\/schema\/logo\/image\/\"},\"sameAs\":[\"https:\/\/www.facebook.com\/cosmetic.lv\/\"]}]}<\/script>\n<meta property=\"product:price:amount\" content=\"138.00\" \/>\n<meta property=\"product:price:currency\" content=\"EUR\" \/>\n<meta property=\"og:availability\" content=\"out of stock\" \/>\n<meta property=\"product:availability\" content=\"out of stock\" \/>\n<meta property=\"product:retailer_item_id\" content=\"rod\" \/>\n<meta property=\"product:condition\" content=\"new\" \/>\n<!-- \/ Yoast SEO Premium plugin. -->","yoast_head_json":{"title":"Psiholo\u0123isk\u0101s diagnostikas sp\u0113le \"Dzimtas ener\u0123ija\" (pamatkomplekts) - cosmetic.lv","robots":{"index":"index","follow":"follow","max-snippet":"max-snippet:-1","max-image-preview":"max-image-preview:large","max-video-preview":"max-video-preview:-1"},"canonical":"https:\/\/cosmetic.lv\/lv\/product\/psihologiskas-diagnostikas-spele-dzimtas-energija-pamatkomplekts-2\/","og_locale":"lv_LV","og_type":"article","og_title":"Psiholo\u0123isk\u0101s diagnostikas sp\u0113le \"Dzimtas ener\u0123ija\" (pamatkomplekts)","og_description":"Autore: Oksana Gordin Praktiz\u0113jo\u0161s psihologs, sertific\u0113ts speci\u0101lists darb\u0101 ar IAC, Starptautisk\u0101s Psihologu-sp\u0113\u013cu prakses profesion\u0101l\u0101s \u0123ildes loceklis, vado\u0161ais treneris, profesion\u0101ls konsultants","og_url":"https:\/\/cosmetic.lv\/lv\/product\/psihologiskas-diagnostikas-spele-dzimtas-energija-pamatkomplekts-2\/","og_site_name":"cosmetic.lv","article_publisher":"https:\/\/www.facebook.com\/cosmetic.lv\/","article_modified_time":"2021-12-08T20:23:35+00:00","og_image":[{"width":600,"height":600,"url":"https:\/\/cosmetic.lv\/wp-content\/uploads\/2021\/05\/img_0142-06-02-19-11-58-600x600-1.jpg","type":"image\/jpeg"}],"twitter_card":"summary_large_image","schema":{"@context":"https:\/\/schema.org","@graph":[{"@type":"WebPage","@id":"https:\/\/cosmetic.lv\/lv\/product\/psihologiskas-diagnostikas-spele-dzimtas-energija-pamatkomplekts-2\/","url":"https:\/\/cosmetic.lv\/lv\/product\/psihologiskas-diagnostikas-spele-dzimtas-energija-pamatkomplekts-2\/","name":"Psiholo\u0123isk\u0101s diagnostikas sp\u0113le \"Dzimtas ener\u0123ija\" (pamatkomplekts) - cosmetic.lv","isPartOf":{"@id":"https:\/\/cosmetic.lv\/lv\/#website"},"primaryImageOfPage":{"@id":"https:\/\/cosmetic.lv\/lv\/product\/psihologiskas-diagnostikas-spele-dzimtas-energija-pamatkomplekts-2\/#primaryimage"},"image":{"@id":"https:\/\/cosmetic.lv\/lv\/product\/psihologiskas-diagnostikas-spele-dzimtas-energija-pamatkomplekts-2\/#primaryimage"},"thumbnailUrl":"https:\/\/cosmetic.lv\/wp-content\/uploads\/2021\/05\/img_0142-06-02-19-11-58-600x600-1.jpg","datePublished":"2021-12-08T20:23:34+00:00","dateModified":"2021-12-08T20:23:35+00:00","breadcrumb":{"@id":"https:\/\/cosmetic.lv\/lv\/product\/psihologiskas-diagnostikas-spele-dzimtas-energija-pamatkomplekts-2\/#breadcrumb"},"inLanguage":"lv-LV","potentialAction":[{"@type":"ReadAction","target":["https:\/\/cosmetic.lv\/lv\/product\/psihologiskas-diagnostikas-spele-dzimtas-energija-pamatkomplekts-2\/"]}]},{"@type":"ImageObject","inLanguage":"lv-LV","@id":"https:\/\/cosmetic.lv\/lv\/product\/psihologiskas-diagnostikas-spele-dzimtas-energija-pamatkomplekts-2\/#primaryimage","url":"https:\/\/cosmetic.lv\/wp-content\/uploads\/2021\/05\/img_0142-06-02-19-11-58-600x600-1.jpg","contentUrl":"https:\/\/cosmetic.lv\/wp-content\/uploads\/2021\/05\/img_0142-06-02-19-11-58-600x600-1.jpg","width":600,"height":600},{"@type":"BreadcrumbList","@id":"https:\/\/cosmetic.lv\/lv\/product\/psihologiskas-diagnostikas-spele-dzimtas-energija-pamatkomplekts-2\/#breadcrumb","itemListElement":[{"@type":"ListItem","position":1,"name":"Home","item":"https:\/\/cosmetic.lv\/lv\/"},{"@type":"ListItem","position":2,"name":"Veikals","item":"https:\/\/cosmetic.lv\/lv\/veiklas\/"},{"@type":"ListItem","position":3,"name":"Psiholo\u0123isk\u0101s diagnostikas sp\u0113le &#171;Dzimtas ener\u0123ija&#187; (pamatkomplekts)"}]},{"@type":"WebSite","@id":"https:\/\/cosmetic.lv\/lv\/#website","url":"https:\/\/cosmetic.lv\/lv\/","name":"cosmetic.lv","description":"Profesion\u0101la kosm\u0113tika - Maria Galland, Keune, Arkadija, GMT, Guam, Magiray","publisher":{"@id":"https:\/\/cosmetic.lv\/lv\/#organization"},"potentialAction":[{"@type":"SearchAction","target":{"@type":"EntryPoint","urlTemplate":"https:\/\/cosmetic.lv\/lv\/?s={search_term_string}"},"query-input":{"@type":"PropertyValueSpecification","valueRequired":true,"valueName":"search_term_string"}}],"inLanguage":"lv-LV"},{"@type":"Organization","@id":"https:\/\/cosmetic.lv\/lv\/#organization","name":"COSMETIC.LV","url":"https:\/\/cosmetic.lv\/lv\/","logo":{"@type":"ImageObject","inLanguage":"lv-LV","@id":"https:\/\/cosmetic.lv\/lv\/#\/schema\/logo\/image\/","url":"https:\/\/cosmetic.lv\/wp-content\/uploads\/2021\/02\/cosmetic.lv_logo.jpg","contentUrl":"https:\/\/cosmetic.lv\/wp-content\/uploads\/2021\/02\/cosmetic.lv_logo.jpg","width":596,"height":196,"caption":"COSMETIC.LV"},"image":{"@id":"https:\/\/cosmetic.lv\/lv\/#\/schema\/logo\/image\/"},"sameAs":["https:\/\/www.facebook.com\/cosmetic.lv\/"]}]},"product_price_amount":"138.00","product_price_currency":"EUR","og_availability":"out of stock","product_availability":"out of stock","product_retailer_item_id":"rod","product_condition":"new"},"_links":{"self":[{"href":"https:\/\/cosmetic.lv\/lv\/wp-json\/wp\/v2\/product\/37699","targetHints":{"allow":["GET"]}}],"collection":[{"href":"https:\/\/cosmetic.lv\/lv\/wp-json\/wp\/v2\/product"}],"about":[{"href":"https:\/\/cosmetic.lv\/lv\/wp-json\/wp\/v2\/types\/product"}],"wp:featuredmedia":[{"embeddable":true,"href":"https:\/\/cosmetic.lv\/lv\/wp-json\/wp\/v2\/media\/36823"}],"wp:attachment":[{"href":"https:\/\/cosmetic.lv\/lv\/wp-json\/wp\/v2\/media?parent=37699"}],"wp:term":[{"taxonomy":"product_brand","embeddable":true,"href":"https:\/\/cosmetic.lv\/lv\/wp-json\/wp\/v2\/product_brand?post=37699"},{"taxonomy":"product_cat","embeddable":true,"href":"https:\/\/cosmetic.lv\/lv\/wp-json\/wp\/v2\/product_cat?post=37699"},{"taxonomy":"product_tag","embeddable":true,"href":"https:\/\/cosmetic.lv\/lv\/wp-json\/wp\/v2\/product_tag?post=37699"}],"curies":[{"name":"wp","href":"https:\/\/api.w.org\/{rel}","templated":true}]}}