{"id":37700,"date":"2021-02-05T22:45:19","date_gmt":"2021-12-08T20:28:05","guid":{"rendered":"https:\/\/cosmetic.lv\/?post_type=product&#038;p=37700"},"modified":"2021-12-08T22:28:26","modified_gmt":"2021-12-08T20:28:26","slug":"maria-galland-eye-make-up-remover-lotion-65a-125ml-2","status":"publish","type":"product","link":"https:\/\/cosmetic.lv\/lv\/product\/maria-galland-eye-make-up-remover-lotion-65a-125ml-2\/","title":{"rendered":"MARIA GALLAND EYE MAKE-UP REMOVER LOTION 65A 125ml"},"content":{"rendered":"<p>Divf\u0101\u017eu t\u012br\u012b\u0161anas l\u012bdzeklis bez parab\u0113niem, bez smar\u017eviel\u0101m, kas maigi un efekt\u012bvi no\u0146em acu kosm\u0113tiku. Lieliski no\u0146em \u016bdensiztur\u012bgu kosm\u0113tiku. Piem\u0113rots pat jut\u012bgai \u0101dai \u0161aj\u0101 zon\u0101. Stiprina skropstas.<\/p>\n<p>Akt\u012bvie komponenti:<\/p>\n<p>Alanto\u012bns aizsarg\u0101 jut\u012bgu \u0101du. Tam ir pretiekaisuma \u012bpa\u0161\u012bbas.<br \/>\nPanthenols mazina kairin\u0101jumu.<br \/>\nRaganu lazdu ekstraktam ir nomierino\u0161a, pret kairino\u0161u iedarb\u012bbu.<br \/>\nJojobas e\u013c\u013ca uzlabo \u0101das elast\u012bbu. Nodro\u0161ina skropstu sp\u012bdumu un tvirtumu.<\/p>\n<p>Lieto\u0161ana: Pirms lieto\u0161anas r\u016bp\u012bgi sakratiet losjonu. Pies\u0101tiniet kokvilnas spilventi\u0146u ar losjonu un viegli not\u012briet kosm\u0113tiku no aug\u0161\u0113j\u0101 plaksti\u0146a virzien\u0101 no deguna tilta l\u012bdz templim, no apak\u0161\u0113j\u0101 plaksti\u0146a pret\u0113j\u0101 virzien\u0101.<\/p>\n<p>Iepakojums: pudele 125 ml.<\/p>\n<p>&nbsp;<\/p>\n","protected":false},"excerpt":{"rendered":"<p>Divf\u0101\u017eu t\u012br\u012b\u0161anas l\u012bdzeklis bez parab\u0113niem, bez smar\u017eviel\u0101m, kas maigi un efekt\u012bvi no\u0146em acu kosm\u0113tiku. Lieliski no\u0146em \u016bdensiztur\u012bgu kosm\u0113tiku. Piem\u0113rots pat<\/p>\n","protected":false},"featured_media":11168,"template":"","meta":[],"product_brand":[],"product_cat":[2273,2277],"product_tag":[],"class_list":{"0":"post-37700","1":"product","2":"type-product","3":"status-publish","4":"has-post-thumbnail","6":"product_cat-profesionala-kosmetika-sejai-un-kermenim-lv","7":"product_cat-maria-galland-francija-lv","9":"first","10":"instock","11":"sale","12":"featured","13":"taxable","14":"shipping-taxable","15":"purchasable","16":"product-type-simple"},"yoast_head":"<!-- This site is optimized with the Yoast SEO Premium plugin v27.0 (Yoast SEO v27.0) - https:\/\/yoast.com\/product\/yoast-seo-premium-wordpress\/ -->\n<title>MARIA GALLAND EYE MAKE-UP REMOVER LOTION 65A 125ml - cosmetic.lv<\/title>\n<meta name=\"robots\" content=\"index, follow, max-snippet:-1, max-image-preview:large, max-video-preview:-1\" \/>\n<link rel=\"canonical\" href=\"https:\/\/cosmetic.lv\/lv\/product\/maria-galland-eye-make-up-remover-lotion-65a-125ml-2\/\" \/>\n<meta property=\"og:locale\" content=\"lv_LV\" \/>\n<meta property=\"og:type\" content=\"article\" \/>\n<meta property=\"og:title\" content=\"MARIA GALLAND EYE MAKE-UP REMOVER LOTION 65A 125ml\" \/>\n<meta property=\"og:description\" content=\"Divf\u0101\u017eu t\u012br\u012b\u0161anas l\u012bdzeklis bez parab\u0113niem, bez smar\u017eviel\u0101m, kas maigi un efekt\u012bvi no\u0146em acu kosm\u0113tiku. Lieliski no\u0146em \u016bdensiztur\u012bgu kosm\u0113tiku. Piem\u0113rots pat\" \/>\n<meta property=\"og:url\" content=\"https:\/\/cosmetic.lv\/lv\/product\/maria-galland-eye-make-up-remover-lotion-65a-125ml-2\/\" \/>\n<meta property=\"og:site_name\" content=\"cosmetic.lv\" \/>\n<meta property=\"article:publisher\" content=\"https:\/\/www.facebook.com\/cosmetic.lv\/\" \/>\n<meta property=\"article:modified_time\" content=\"2021-12-08T20:28:26+00:00\" \/>\n<meta property=\"og:image\" content=\"https:\/\/cosmetic.lv\/wp-content\/uploads\/2021\/02\/51oosfyyszl._sy355_.jpg\" \/>\n\t<meta property=\"og:image:width\" content=\"355\" \/>\n\t<meta property=\"og:image:height\" content=\"355\" \/>\n\t<meta property=\"og:image:type\" content=\"image\/jpeg\" \/>\n<meta name=\"twitter:card\" content=\"summary_large_image\" \/>\n<script type=\"application\/ld+json\" class=\"yoast-schema-graph\">{\"@context\":\"https:\/\/schema.org\",\"@graph\":[{\"@type\":\"WebPage\",\"@id\":\"https:\/\/cosmetic.lv\/lv\/product\/maria-galland-eye-make-up-remover-lotion-65a-125ml-2\/\",\"url\":\"https:\/\/cosmetic.lv\/lv\/product\/maria-galland-eye-make-up-remover-lotion-65a-125ml-2\/\",\"name\":\"MARIA GALLAND EYE MAKE-UP REMOVER LOTION 65A 125ml - cosmetic.lv\",\"isPartOf\":{\"@id\":\"https:\/\/cosmetic.lv\/lv\/#website\"},\"primaryImageOfPage\":{\"@id\":\"https:\/\/cosmetic.lv\/lv\/product\/maria-galland-eye-make-up-remover-lotion-65a-125ml-2\/#primaryimage\"},\"image\":{\"@id\":\"https:\/\/cosmetic.lv\/lv\/product\/maria-galland-eye-make-up-remover-lotion-65a-125ml-2\/#primaryimage\"},\"thumbnailUrl\":\"https:\/\/cosmetic.lv\/wp-content\/uploads\/2021\/02\/51oosfyyszl._sy355_.jpg\",\"datePublished\":\"2021-12-08T20:28:05+00:00\",\"dateModified\":\"2021-12-08T20:28:26+00:00\",\"breadcrumb\":{\"@id\":\"https:\/\/cosmetic.lv\/lv\/product\/maria-galland-eye-make-up-remover-lotion-65a-125ml-2\/#breadcrumb\"},\"inLanguage\":\"lv-LV\",\"potentialAction\":[{\"@type\":\"ReadAction\",\"target\":[\"https:\/\/cosmetic.lv\/lv\/product\/maria-galland-eye-make-up-remover-lotion-65a-125ml-2\/\"]}]},{\"@type\":\"ImageObject\",\"inLanguage\":\"lv-LV\",\"@id\":\"https:\/\/cosmetic.lv\/lv\/product\/maria-galland-eye-make-up-remover-lotion-65a-125ml-2\/#primaryimage\",\"url\":\"https:\/\/cosmetic.lv\/wp-content\/uploads\/2021\/02\/51oosfyyszl._sy355_.jpg\",\"contentUrl\":\"https:\/\/cosmetic.lv\/wp-content\/uploads\/2021\/02\/51oosfyyszl._sy355_.jpg\",\"width\":355,\"height\":355,\"caption\":\"51ooSFYYSzL._SY355_.jpg\"},{\"@type\":\"BreadcrumbList\",\"@id\":\"https:\/\/cosmetic.lv\/lv\/product\/maria-galland-eye-make-up-remover-lotion-65a-125ml-2\/#breadcrumb\",\"itemListElement\":[{\"@type\":\"ListItem\",\"position\":1,\"name\":\"Home\",\"item\":\"https:\/\/cosmetic.lv\/lv\/\"},{\"@type\":\"ListItem\",\"position\":2,\"name\":\"Veikals\",\"item\":\"https:\/\/cosmetic.lv\/lv\/veiklas\/\"},{\"@type\":\"ListItem\",\"position\":3,\"name\":\"MARIA GALLAND EYE MAKE-UP REMOVER LOTION 65A 125ml\"}]},{\"@type\":\"WebSite\",\"@id\":\"https:\/\/cosmetic.lv\/lv\/#website\",\"url\":\"https:\/\/cosmetic.lv\/lv\/\",\"name\":\"cosmetic.lv\",\"description\":\"Profesion\u0101la kosm\u0113tika - Maria Galland, Keune, Arkadija, GMT, Guam, Magiray\",\"publisher\":{\"@id\":\"https:\/\/cosmetic.lv\/lv\/#organization\"},\"potentialAction\":[{\"@type\":\"SearchAction\",\"target\":{\"@type\":\"EntryPoint\",\"urlTemplate\":\"https:\/\/cosmetic.lv\/lv\/?s={search_term_string}\"},\"query-input\":{\"@type\":\"PropertyValueSpecification\",\"valueRequired\":true,\"valueName\":\"search_term_string\"}}],\"inLanguage\":\"lv-LV\"},{\"@type\":\"Organization\",\"@id\":\"https:\/\/cosmetic.lv\/lv\/#organization\",\"name\":\"COSMETIC.LV\",\"url\":\"https:\/\/cosmetic.lv\/lv\/\",\"logo\":{\"@type\":\"ImageObject\",\"inLanguage\":\"lv-LV\",\"@id\":\"https:\/\/cosmetic.lv\/lv\/#\/schema\/logo\/image\/\",\"url\":\"https:\/\/cosmetic.lv\/wp-content\/uploads\/2021\/02\/cosmetic.lv_logo.jpg\",\"contentUrl\":\"https:\/\/cosmetic.lv\/wp-content\/uploads\/2021\/02\/cosmetic.lv_logo.jpg\",\"width\":596,\"height\":196,\"caption\":\"COSMETIC.LV\"},\"image\":{\"@id\":\"https:\/\/cosmetic.lv\/lv\/#\/schema\/logo\/image\/\"},\"sameAs\":[\"https:\/\/www.facebook.com\/cosmetic.lv\/\"]}]}<\/script>\n<meta property=\"product:price:amount\" content=\"33.00\" \/>\n<meta property=\"product:price:currency\" content=\"EUR\" \/>\n<meta property=\"og:availability\" content=\"instock\" \/>\n<meta property=\"product:availability\" content=\"instock\" \/>\n<meta property=\"product:retailer_item_id\" content=\"65A\" \/>\n<meta property=\"product:condition\" content=\"new\" \/>\n<!-- \/ Yoast SEO Premium plugin. -->","yoast_head_json":{"title":"MARIA GALLAND EYE MAKE-UP REMOVER LOTION 65A 125ml - cosmetic.lv","robots":{"index":"index","follow":"follow","max-snippet":"max-snippet:-1","max-image-preview":"max-image-preview:large","max-video-preview":"max-video-preview:-1"},"canonical":"https:\/\/cosmetic.lv\/lv\/product\/maria-galland-eye-make-up-remover-lotion-65a-125ml-2\/","og_locale":"lv_LV","og_type":"article","og_title":"MARIA GALLAND EYE MAKE-UP REMOVER LOTION 65A 125ml","og_description":"Divf\u0101\u017eu t\u012br\u012b\u0161anas l\u012bdzeklis bez parab\u0113niem, bez smar\u017eviel\u0101m, kas maigi un efekt\u012bvi no\u0146em acu kosm\u0113tiku. Lieliski no\u0146em \u016bdensiztur\u012bgu kosm\u0113tiku. Piem\u0113rots pat","og_url":"https:\/\/cosmetic.lv\/lv\/product\/maria-galland-eye-make-up-remover-lotion-65a-125ml-2\/","og_site_name":"cosmetic.lv","article_publisher":"https:\/\/www.facebook.com\/cosmetic.lv\/","article_modified_time":"2021-12-08T20:28:26+00:00","og_image":[{"width":355,"height":355,"url":"https:\/\/cosmetic.lv\/wp-content\/uploads\/2021\/02\/51oosfyyszl._sy355_.jpg","type":"image\/jpeg"}],"twitter_card":"summary_large_image","schema":{"@context":"https:\/\/schema.org","@graph":[{"@type":"WebPage","@id":"https:\/\/cosmetic.lv\/lv\/product\/maria-galland-eye-make-up-remover-lotion-65a-125ml-2\/","url":"https:\/\/cosmetic.lv\/lv\/product\/maria-galland-eye-make-up-remover-lotion-65a-125ml-2\/","name":"MARIA GALLAND EYE MAKE-UP REMOVER LOTION 65A 125ml - cosmetic.lv","isPartOf":{"@id":"https:\/\/cosmetic.lv\/lv\/#website"},"primaryImageOfPage":{"@id":"https:\/\/cosmetic.lv\/lv\/product\/maria-galland-eye-make-up-remover-lotion-65a-125ml-2\/#primaryimage"},"image":{"@id":"https:\/\/cosmetic.lv\/lv\/product\/maria-galland-eye-make-up-remover-lotion-65a-125ml-2\/#primaryimage"},"thumbnailUrl":"https:\/\/cosmetic.lv\/wp-content\/uploads\/2021\/02\/51oosfyyszl._sy355_.jpg","datePublished":"2021-12-08T20:28:05+00:00","dateModified":"2021-12-08T20:28:26+00:00","breadcrumb":{"@id":"https:\/\/cosmetic.lv\/lv\/product\/maria-galland-eye-make-up-remover-lotion-65a-125ml-2\/#breadcrumb"},"inLanguage":"lv-LV","potentialAction":[{"@type":"ReadAction","target":["https:\/\/cosmetic.lv\/lv\/product\/maria-galland-eye-make-up-remover-lotion-65a-125ml-2\/"]}]},{"@type":"ImageObject","inLanguage":"lv-LV","@id":"https:\/\/cosmetic.lv\/lv\/product\/maria-galland-eye-make-up-remover-lotion-65a-125ml-2\/#primaryimage","url":"https:\/\/cosmetic.lv\/wp-content\/uploads\/2021\/02\/51oosfyyszl._sy355_.jpg","contentUrl":"https:\/\/cosmetic.lv\/wp-content\/uploads\/2021\/02\/51oosfyyszl._sy355_.jpg","width":355,"height":355,"caption":"51ooSFYYSzL._SY355_.jpg"},{"@type":"BreadcrumbList","@id":"https:\/\/cosmetic.lv\/lv\/product\/maria-galland-eye-make-up-remover-lotion-65a-125ml-2\/#breadcrumb","itemListElement":[{"@type":"ListItem","position":1,"name":"Home","item":"https:\/\/cosmetic.lv\/lv\/"},{"@type":"ListItem","position":2,"name":"Veikals","item":"https:\/\/cosmetic.lv\/lv\/veiklas\/"},{"@type":"ListItem","position":3,"name":"MARIA GALLAND EYE MAKE-UP REMOVER LOTION 65A 125ml"}]},{"@type":"WebSite","@id":"https:\/\/cosmetic.lv\/lv\/#website","url":"https:\/\/cosmetic.lv\/lv\/","name":"cosmetic.lv","description":"Profesion\u0101la kosm\u0113tika - Maria Galland, Keune, Arkadija, GMT, Guam, Magiray","publisher":{"@id":"https:\/\/cosmetic.lv\/lv\/#organization"},"potentialAction":[{"@type":"SearchAction","target":{"@type":"EntryPoint","urlTemplate":"https:\/\/cosmetic.lv\/lv\/?s={search_term_string}"},"query-input":{"@type":"PropertyValueSpecification","valueRequired":true,"valueName":"search_term_string"}}],"inLanguage":"lv-LV"},{"@type":"Organization","@id":"https:\/\/cosmetic.lv\/lv\/#organization","name":"COSMETIC.LV","url":"https:\/\/cosmetic.lv\/lv\/","logo":{"@type":"ImageObject","inLanguage":"lv-LV","@id":"https:\/\/cosmetic.lv\/lv\/#\/schema\/logo\/image\/","url":"https:\/\/cosmetic.lv\/wp-content\/uploads\/2021\/02\/cosmetic.lv_logo.jpg","contentUrl":"https:\/\/cosmetic.lv\/wp-content\/uploads\/2021\/02\/cosmetic.lv_logo.jpg","width":596,"height":196,"caption":"COSMETIC.LV"},"image":{"@id":"https:\/\/cosmetic.lv\/lv\/#\/schema\/logo\/image\/"},"sameAs":["https:\/\/www.facebook.com\/cosmetic.lv\/"]}]},"product_price_amount":"33.00","product_price_currency":"EUR","og_availability":"instock","product_availability":"instock","product_retailer_item_id":"65A","product_condition":"new"},"_links":{"self":[{"href":"https:\/\/cosmetic.lv\/lv\/wp-json\/wp\/v2\/product\/37700","targetHints":{"allow":["GET"]}}],"collection":[{"href":"https:\/\/cosmetic.lv\/lv\/wp-json\/wp\/v2\/product"}],"about":[{"href":"https:\/\/cosmetic.lv\/lv\/wp-json\/wp\/v2\/types\/product"}],"wp:featuredmedia":[{"embeddable":true,"href":"https:\/\/cosmetic.lv\/lv\/wp-json\/wp\/v2\/media\/11168"}],"wp:attachment":[{"href":"https:\/\/cosmetic.lv\/lv\/wp-json\/wp\/v2\/media?parent=37700"}],"wp:term":[{"taxonomy":"product_brand","embeddable":true,"href":"https:\/\/cosmetic.lv\/lv\/wp-json\/wp\/v2\/product_brand?post=37700"},{"taxonomy":"product_cat","embeddable":true,"href":"https:\/\/cosmetic.lv\/lv\/wp-json\/wp\/v2\/product_cat?post=37700"},{"taxonomy":"product_tag","embeddable":true,"href":"https:\/\/cosmetic.lv\/lv\/wp-json\/wp\/v2\/product_tag?post=37700"}],"curies":[{"name":"wp","href":"https:\/\/api.w.org\/{rel}","templated":true}]}}