{"id":37710,"date":"2021-12-08T22:50:06","date_gmt":"2021-12-08T20:50:49","guid":{"rendered":"https:\/\/cosmetic.lv\/?post_type=product&#038;p=37710"},"modified":"2021-12-08T22:50:49","modified_gmt":"2021-12-08T20:50:49","slug":"maria-galland-361-mirdzuma-krems-lumineclat-insta-glow-cream-50ml-2","status":"publish","type":"product","link":"https:\/\/cosmetic.lv\/lv\/product\/maria-galland-361-mirdzuma-krems-lumineclat-insta-glow-cream-50ml-2\/","title":{"rendered":"Maria Galland 361 mirdzuma kr\u0113ms Lumin\u2019Eclat Insta-Glow Cream 50ml"},"content":{"rendered":"<p>Dienas kr\u0113ms ar vieglu mirdzo\u0161u tekst\u016bru acumirkl\u012b pie\u0161\u0137irs sejai vesel\u012bgu mirdzumu. Efekt\u012bvas anti-noveco\u0161an\u0101s un mitrino\u0161as sast\u0101vda\u013cas kombin\u0101cij\u0101 ar antioksidantiem saglab\u0101 \u0101du jaunekl\u012bgu un lieliski nodro\u0161ina to ar mitrumu un ener\u0123iju. J\u016bsu \u0101da k\u013c\u016bs glud\u0101ka un izsmalcin\u0101t\u0101ka, ar perlamutra mirdzumu.<\/p>\n<p>Akt\u012bvie komponenti:<\/p>\n<p>\u2022 Spilgtuma korekcijas komplekss (gaismas izklied\u0113jo\u0161\u0101s mikrolod\u012btes, p\u0113r\u013cu pigmenti, keram\u012bdi un sojas pupu ekstrakts): izl\u012bdzina \u0101das toni un pie\u0161\u0137ir perlamutra mirdzumu dabiskam skaistumam<\/p>\n<p>\u2022 4 ziedu komplekss (primrozes, vijol\u012btes, uzacu, z\u012bda koku ziedu ekstrakts): nomierina \u0101du, izl\u012bdzina tekst\u016bru un padara sejas kr\u0101su vienm\u0113r\u012bgu, lai ieg\u016btu vislab\u0101ko gaismas atstarojumu<\/p>\n<p>\u2022 Liposomu komplekss no sojas un \u016bdenskreses: izl\u012bdzina \u0101das reljefu un sejas \u0101du<\/p>\n<p>\u2022 Opuntia ekstrakts: intens\u012bvi mitrina, nomierina un nostiprina \u0101du. Atbr\u012bvo \u0101das kairin\u0101jumu un mazina aps\u0101rtumu<\/p>\n<p>\u2022 V\u012bnogu kauli\u0146u ekstrakta un E vitam\u012bna komplekss: mazina kairin\u0101jumu, pasarg\u0101 no fotonoveco\u0161anas un stresa, ko izraisa vides pies\u0101r\u0146ojums<\/p>\n<p>\u2022 Inovat\u012bvs fito sast\u0101vda\u013cu kokteilis: uzlabo \u0101das aizsargfunkcijas, uzlabo elast\u012bbu un sejas \u0101du<\/p>\n<p>\u2022 Za\u013co a\u013c\u0123u, alvejas un hialuronsk\u0101bes komplekss: intens\u012bvi mitrina un nomierina \u0101du, izl\u012bdzina reljefu, aizsarg\u0101 pret TEPV<\/p>\n<p>\u2022 \u0160\u012b sviesta, makad\u0101mijas un apriko\u017eu kauli\u0146u e\u013c\u013ca: atjauno, baro un m\u012bkstina \u0101du<\/p>\n<p>Lieto\u0161anas nor\u0101d\u012bjumi: Uzkl\u0101jiet no r\u012bta uz att\u012br\u012btas sejas, kakla un dekolt\u0113 p\u0113c 340 LUMIN&#8217;\u00c9CLAT SERUM<\/p>\n<p>Iepakojums: m\u0113\u0123ene 50 ml<\/p>\n","protected":false},"excerpt":{"rendered":"<p>Dienas kr\u0113ms ar vieglu mirdzo\u0161u tekst\u016bru acumirkl\u012b pie\u0161\u0137irs sejai vesel\u012bgu mirdzumu. Efekt\u012bvas anti-noveco\u0161an\u0101s un mitrino\u0161as sast\u0101vda\u013cas kombin\u0101cij\u0101 ar antioksidantiem saglab\u0101<\/p>\n","protected":false},"featured_media":37709,"template":"","meta":[],"product_brand":[],"product_cat":[2273,2277],"product_tag":[],"class_list":{"0":"post-37710","1":"product","2":"type-product","3":"status-publish","4":"has-post-thumbnail","6":"product_cat-profesionala-kosmetika-sejai-un-kermenim-lv","7":"product_cat-maria-galland-francija-lv","9":"first","10":"outofstock","11":"sale","12":"taxable","13":"shipping-taxable","14":"purchasable","15":"product-type-simple"},"yoast_head":"<!-- This site is optimized with the Yoast SEO Premium plugin v27.0 (Yoast SEO v27.0) - https:\/\/yoast.com\/product\/yoast-seo-premium-wordpress\/ -->\n<title>Maria Galland 361 mirdzuma kr\u0113ms Lumin\u2019Eclat Insta-Glow Cream 50ml - cosmetic.lv<\/title>\n<meta name=\"robots\" content=\"index, follow, max-snippet:-1, max-image-preview:large, max-video-preview:-1\" \/>\n<link rel=\"canonical\" href=\"https:\/\/cosmetic.lv\/lv\/product\/maria-galland-361-mirdzuma-krems-lumineclat-insta-glow-cream-50ml-2\/\" \/>\n<meta property=\"og:locale\" content=\"lv_LV\" \/>\n<meta property=\"og:type\" content=\"article\" \/>\n<meta property=\"og:title\" content=\"Maria Galland 361 mirdzuma kr\u0113ms Lumin\u2019Eclat Insta-Glow Cream 50ml\" \/>\n<meta property=\"og:description\" content=\"Dienas kr\u0113ms ar vieglu mirdzo\u0161u tekst\u016bru acumirkl\u012b pie\u0161\u0137irs sejai vesel\u012bgu mirdzumu. Efekt\u012bvas anti-noveco\u0161an\u0101s un mitrino\u0161as sast\u0101vda\u013cas kombin\u0101cij\u0101 ar antioksidantiem saglab\u0101\" \/>\n<meta property=\"og:url\" content=\"https:\/\/cosmetic.lv\/lv\/product\/maria-galland-361-mirdzuma-krems-lumineclat-insta-glow-cream-50ml-2\/\" \/>\n<meta property=\"og:site_name\" content=\"cosmetic.lv\" \/>\n<meta property=\"article:publisher\" content=\"https:\/\/www.facebook.com\/cosmetic.lv\/\" \/>\n<meta property=\"og:image\" content=\"https:\/\/cosmetic.lv\/wp-content\/uploads\/2021\/12\/maria_galland_361_lumineclat_insta_glow_face_cream_50ml.jpg\" \/>\n\t<meta property=\"og:image:width\" content=\"1000\" \/>\n\t<meta property=\"og:image:height\" content=\"1000\" \/>\n\t<meta property=\"og:image:type\" content=\"image\/jpeg\" \/>\n<meta name=\"twitter:card\" content=\"summary_large_image\" \/>\n<script type=\"application\/ld+json\" class=\"yoast-schema-graph\">{\"@context\":\"https:\/\/schema.org\",\"@graph\":[{\"@type\":\"WebPage\",\"@id\":\"https:\/\/cosmetic.lv\/lv\/product\/maria-galland-361-mirdzuma-krems-lumineclat-insta-glow-cream-50ml-2\/\",\"url\":\"https:\/\/cosmetic.lv\/lv\/product\/maria-galland-361-mirdzuma-krems-lumineclat-insta-glow-cream-50ml-2\/\",\"name\":\"Maria Galland 361 mirdzuma kr\u0113ms Lumin\u2019Eclat Insta-Glow Cream 50ml - cosmetic.lv\",\"isPartOf\":{\"@id\":\"https:\/\/cosmetic.lv\/lv\/#website\"},\"primaryImageOfPage\":{\"@id\":\"https:\/\/cosmetic.lv\/lv\/product\/maria-galland-361-mirdzuma-krems-lumineclat-insta-glow-cream-50ml-2\/#primaryimage\"},\"image\":{\"@id\":\"https:\/\/cosmetic.lv\/lv\/product\/maria-galland-361-mirdzuma-krems-lumineclat-insta-glow-cream-50ml-2\/#primaryimage\"},\"thumbnailUrl\":\"https:\/\/cosmetic.lv\/wp-content\/uploads\/2021\/12\/maria_galland_361_lumineclat_insta_glow_face_cream_50ml.jpg\",\"datePublished\":\"2021-12-08T20:50:49+00:00\",\"breadcrumb\":{\"@id\":\"https:\/\/cosmetic.lv\/lv\/product\/maria-galland-361-mirdzuma-krems-lumineclat-insta-glow-cream-50ml-2\/#breadcrumb\"},\"inLanguage\":\"lv-LV\",\"potentialAction\":[{\"@type\":\"ReadAction\",\"target\":[\"https:\/\/cosmetic.lv\/lv\/product\/maria-galland-361-mirdzuma-krems-lumineclat-insta-glow-cream-50ml-2\/\"]}]},{\"@type\":\"ImageObject\",\"inLanguage\":\"lv-LV\",\"@id\":\"https:\/\/cosmetic.lv\/lv\/product\/maria-galland-361-mirdzuma-krems-lumineclat-insta-glow-cream-50ml-2\/#primaryimage\",\"url\":\"https:\/\/cosmetic.lv\/wp-content\/uploads\/2021\/12\/maria_galland_361_lumineclat_insta_glow_face_cream_50ml.jpg\",\"contentUrl\":\"https:\/\/cosmetic.lv\/wp-content\/uploads\/2021\/12\/maria_galland_361_lumineclat_insta_glow_face_cream_50ml.jpg\",\"width\":1000,\"height\":1000},{\"@type\":\"BreadcrumbList\",\"@id\":\"https:\/\/cosmetic.lv\/lv\/product\/maria-galland-361-mirdzuma-krems-lumineclat-insta-glow-cream-50ml-2\/#breadcrumb\",\"itemListElement\":[{\"@type\":\"ListItem\",\"position\":1,\"name\":\"Home\",\"item\":\"https:\/\/cosmetic.lv\/lv\/\"},{\"@type\":\"ListItem\",\"position\":2,\"name\":\"Veikals\",\"item\":\"https:\/\/cosmetic.lv\/lv\/veiklas\/\"},{\"@type\":\"ListItem\",\"position\":3,\"name\":\"Maria Galland 361 mirdzuma kr\u0113ms Lumin\u2019Eclat Insta-Glow Cream 50ml\"}]},{\"@type\":\"WebSite\",\"@id\":\"https:\/\/cosmetic.lv\/lv\/#website\",\"url\":\"https:\/\/cosmetic.lv\/lv\/\",\"name\":\"cosmetic.lv\",\"description\":\"Profesion\u0101la kosm\u0113tika - Maria Galland, Keune, Arkadija, GMT, Guam, Magiray\",\"publisher\":{\"@id\":\"https:\/\/cosmetic.lv\/lv\/#organization\"},\"potentialAction\":[{\"@type\":\"SearchAction\",\"target\":{\"@type\":\"EntryPoint\",\"urlTemplate\":\"https:\/\/cosmetic.lv\/lv\/?s={search_term_string}\"},\"query-input\":{\"@type\":\"PropertyValueSpecification\",\"valueRequired\":true,\"valueName\":\"search_term_string\"}}],\"inLanguage\":\"lv-LV\"},{\"@type\":\"Organization\",\"@id\":\"https:\/\/cosmetic.lv\/lv\/#organization\",\"name\":\"COSMETIC.LV\",\"url\":\"https:\/\/cosmetic.lv\/lv\/\",\"logo\":{\"@type\":\"ImageObject\",\"inLanguage\":\"lv-LV\",\"@id\":\"https:\/\/cosmetic.lv\/lv\/#\/schema\/logo\/image\/\",\"url\":\"https:\/\/cosmetic.lv\/wp-content\/uploads\/2021\/02\/cosmetic.lv_logo.jpg\",\"contentUrl\":\"https:\/\/cosmetic.lv\/wp-content\/uploads\/2021\/02\/cosmetic.lv_logo.jpg\",\"width\":596,\"height\":196,\"caption\":\"COSMETIC.LV\"},\"image\":{\"@id\":\"https:\/\/cosmetic.lv\/lv\/#\/schema\/logo\/image\/\"},\"sameAs\":[\"https:\/\/www.facebook.com\/cosmetic.lv\/\"]}]}<\/script>\n<meta property=\"product:price:amount\" content=\"79.95\" \/>\n<meta property=\"product:price:currency\" content=\"EUR\" \/>\n<meta property=\"og:availability\" content=\"out of stock\" \/>\n<meta property=\"product:availability\" content=\"out of stock\" \/>\n<meta property=\"product:retailer_item_id\" content=\"mg-361\" \/>\n<meta property=\"product:condition\" content=\"new\" \/>\n<!-- \/ Yoast SEO Premium plugin. -->","yoast_head_json":{"title":"Maria Galland 361 mirdzuma kr\u0113ms Lumin\u2019Eclat Insta-Glow Cream 50ml - cosmetic.lv","robots":{"index":"index","follow":"follow","max-snippet":"max-snippet:-1","max-image-preview":"max-image-preview:large","max-video-preview":"max-video-preview:-1"},"canonical":"https:\/\/cosmetic.lv\/lv\/product\/maria-galland-361-mirdzuma-krems-lumineclat-insta-glow-cream-50ml-2\/","og_locale":"lv_LV","og_type":"article","og_title":"Maria Galland 361 mirdzuma kr\u0113ms Lumin\u2019Eclat Insta-Glow Cream 50ml","og_description":"Dienas kr\u0113ms ar vieglu mirdzo\u0161u tekst\u016bru acumirkl\u012b pie\u0161\u0137irs sejai vesel\u012bgu mirdzumu. Efekt\u012bvas anti-noveco\u0161an\u0101s un mitrino\u0161as sast\u0101vda\u013cas kombin\u0101cij\u0101 ar antioksidantiem saglab\u0101","og_url":"https:\/\/cosmetic.lv\/lv\/product\/maria-galland-361-mirdzuma-krems-lumineclat-insta-glow-cream-50ml-2\/","og_site_name":"cosmetic.lv","article_publisher":"https:\/\/www.facebook.com\/cosmetic.lv\/","og_image":[{"width":1000,"height":1000,"url":"https:\/\/cosmetic.lv\/wp-content\/uploads\/2021\/12\/maria_galland_361_lumineclat_insta_glow_face_cream_50ml.jpg","type":"image\/jpeg"}],"twitter_card":"summary_large_image","schema":{"@context":"https:\/\/schema.org","@graph":[{"@type":"WebPage","@id":"https:\/\/cosmetic.lv\/lv\/product\/maria-galland-361-mirdzuma-krems-lumineclat-insta-glow-cream-50ml-2\/","url":"https:\/\/cosmetic.lv\/lv\/product\/maria-galland-361-mirdzuma-krems-lumineclat-insta-glow-cream-50ml-2\/","name":"Maria Galland 361 mirdzuma kr\u0113ms Lumin\u2019Eclat Insta-Glow Cream 50ml - cosmetic.lv","isPartOf":{"@id":"https:\/\/cosmetic.lv\/lv\/#website"},"primaryImageOfPage":{"@id":"https:\/\/cosmetic.lv\/lv\/product\/maria-galland-361-mirdzuma-krems-lumineclat-insta-glow-cream-50ml-2\/#primaryimage"},"image":{"@id":"https:\/\/cosmetic.lv\/lv\/product\/maria-galland-361-mirdzuma-krems-lumineclat-insta-glow-cream-50ml-2\/#primaryimage"},"thumbnailUrl":"https:\/\/cosmetic.lv\/wp-content\/uploads\/2021\/12\/maria_galland_361_lumineclat_insta_glow_face_cream_50ml.jpg","datePublished":"2021-12-08T20:50:49+00:00","breadcrumb":{"@id":"https:\/\/cosmetic.lv\/lv\/product\/maria-galland-361-mirdzuma-krems-lumineclat-insta-glow-cream-50ml-2\/#breadcrumb"},"inLanguage":"lv-LV","potentialAction":[{"@type":"ReadAction","target":["https:\/\/cosmetic.lv\/lv\/product\/maria-galland-361-mirdzuma-krems-lumineclat-insta-glow-cream-50ml-2\/"]}]},{"@type":"ImageObject","inLanguage":"lv-LV","@id":"https:\/\/cosmetic.lv\/lv\/product\/maria-galland-361-mirdzuma-krems-lumineclat-insta-glow-cream-50ml-2\/#primaryimage","url":"https:\/\/cosmetic.lv\/wp-content\/uploads\/2021\/12\/maria_galland_361_lumineclat_insta_glow_face_cream_50ml.jpg","contentUrl":"https:\/\/cosmetic.lv\/wp-content\/uploads\/2021\/12\/maria_galland_361_lumineclat_insta_glow_face_cream_50ml.jpg","width":1000,"height":1000},{"@type":"BreadcrumbList","@id":"https:\/\/cosmetic.lv\/lv\/product\/maria-galland-361-mirdzuma-krems-lumineclat-insta-glow-cream-50ml-2\/#breadcrumb","itemListElement":[{"@type":"ListItem","position":1,"name":"Home","item":"https:\/\/cosmetic.lv\/lv\/"},{"@type":"ListItem","position":2,"name":"Veikals","item":"https:\/\/cosmetic.lv\/lv\/veiklas\/"},{"@type":"ListItem","position":3,"name":"Maria Galland 361 mirdzuma kr\u0113ms Lumin\u2019Eclat Insta-Glow Cream 50ml"}]},{"@type":"WebSite","@id":"https:\/\/cosmetic.lv\/lv\/#website","url":"https:\/\/cosmetic.lv\/lv\/","name":"cosmetic.lv","description":"Profesion\u0101la kosm\u0113tika - Maria Galland, Keune, Arkadija, GMT, Guam, Magiray","publisher":{"@id":"https:\/\/cosmetic.lv\/lv\/#organization"},"potentialAction":[{"@type":"SearchAction","target":{"@type":"EntryPoint","urlTemplate":"https:\/\/cosmetic.lv\/lv\/?s={search_term_string}"},"query-input":{"@type":"PropertyValueSpecification","valueRequired":true,"valueName":"search_term_string"}}],"inLanguage":"lv-LV"},{"@type":"Organization","@id":"https:\/\/cosmetic.lv\/lv\/#organization","name":"COSMETIC.LV","url":"https:\/\/cosmetic.lv\/lv\/","logo":{"@type":"ImageObject","inLanguage":"lv-LV","@id":"https:\/\/cosmetic.lv\/lv\/#\/schema\/logo\/image\/","url":"https:\/\/cosmetic.lv\/wp-content\/uploads\/2021\/02\/cosmetic.lv_logo.jpg","contentUrl":"https:\/\/cosmetic.lv\/wp-content\/uploads\/2021\/02\/cosmetic.lv_logo.jpg","width":596,"height":196,"caption":"COSMETIC.LV"},"image":{"@id":"https:\/\/cosmetic.lv\/lv\/#\/schema\/logo\/image\/"},"sameAs":["https:\/\/www.facebook.com\/cosmetic.lv\/"]}]},"product_price_amount":"79.95","product_price_currency":"EUR","og_availability":"out of stock","product_availability":"out of stock","product_retailer_item_id":"mg-361","product_condition":"new"},"_links":{"self":[{"href":"https:\/\/cosmetic.lv\/lv\/wp-json\/wp\/v2\/product\/37710","targetHints":{"allow":["GET"]}}],"collection":[{"href":"https:\/\/cosmetic.lv\/lv\/wp-json\/wp\/v2\/product"}],"about":[{"href":"https:\/\/cosmetic.lv\/lv\/wp-json\/wp\/v2\/types\/product"}],"wp:featuredmedia":[{"embeddable":true,"href":"https:\/\/cosmetic.lv\/lv\/wp-json\/wp\/v2\/media\/37709"}],"wp:attachment":[{"href":"https:\/\/cosmetic.lv\/lv\/wp-json\/wp\/v2\/media?parent=37710"}],"wp:term":[{"taxonomy":"product_brand","embeddable":true,"href":"https:\/\/cosmetic.lv\/lv\/wp-json\/wp\/v2\/product_brand?post=37710"},{"taxonomy":"product_cat","embeddable":true,"href":"https:\/\/cosmetic.lv\/lv\/wp-json\/wp\/v2\/product_cat?post=37710"},{"taxonomy":"product_tag","embeddable":true,"href":"https:\/\/cosmetic.lv\/lv\/wp-json\/wp\/v2\/product_tag?post=37710"}],"curies":[{"name":"wp","href":"https:\/\/api.w.org\/{rel}","templated":true}]}}