{"id":37744,"date":"2021-12-11T18:46:32","date_gmt":"2021-12-11T16:48:02","guid":{"rendered":"https:\/\/cosmetic.lv\/?post_type=product&#038;p=37744"},"modified":"2021-12-11T18:48:02","modified_gmt":"2021-12-11T16:48:02","slug":"nomierinoss-lidzeklis-jutigai-galvas-adai-150ml","status":"publish","type":"product","link":"https:\/\/cosmetic.lv\/lv\/product\/nomierinoss-lidzeklis-jutigai-galvas-adai-150ml\/","title":{"rendered":"NOMIERINO\u0160S L\u012aDZEKLIS J\u016aT\u012aGAI GALVAS \u0100DAI 150ml"},"content":{"rendered":"<p>\u012apa\u0161a l\u012bdzek\u013ca formula, pie\u0161\u0137ir galvas \u0101dai svaiguma saj\u016btu, pal\u012bdz mazin\u0101t nepat\u012bkamo niezi, aps\u0101rtumu un savilkuma saj\u016btu.<\/p>\n<p><strong>Melle\u0146u ekstrakts<\/strong>\u00a0\u2013 piem\u012bt antioksidanta iedarb\u012bba, nomierina aps\u0101rtu\u0161o galvas \u0101du<br \/>\n<strong>Lavandas e\u013c\u013ca<\/strong>\u00a0\u2013 nomierina \u0101du, veicina atsl\u0101bin\u0101\u0161anas<br \/>\n<strong>Bisabolol<\/strong>\u00a0\u2013 nomierina sakairin\u0101tu un aps\u0101rtu\u0161o galvas \u0101du<br \/>\n<strong>Aloe vera<\/strong>\u00a0\u2013 mitrina un nomierina \u0101du<\/p>\n","protected":false},"excerpt":{"rendered":"<p>\u012apa\u0161a l\u012bdzek\u013ca formula, pie\u0161\u0137ir galvas \u0101dai svaiguma saj\u016btu, pal\u012bdz mazin\u0101t nepat\u012bkamo niezi, aps\u0101rtumu un savilkuma saj\u016btu. Melle\u0146u ekstrakts\u00a0\u2013 piem\u012bt antioksidanta<\/p>\n","protected":false},"featured_media":37743,"template":"","meta":[],"product_brand":[],"product_cat":[2258,2259],"product_tag":[],"class_list":{"0":"post-37744","1":"product","2":"type-product","3":"status-publish","4":"has-post-thumbnail","6":"product_cat-profesionala-kosmetika-matiem-lv","7":"product_cat-alter-ego-professional-italy-lv","9":"first","10":"instock","11":"taxable","12":"shipping-taxable","13":"purchasable","14":"product-type-simple"},"yoast_head":"<!-- This site is optimized with the Yoast SEO Premium plugin v27.0 (Yoast SEO v27.0) - https:\/\/yoast.com\/product\/yoast-seo-premium-wordpress\/ -->\n<title>NOMIERINO\u0160S L\u012aDZEKLIS J\u016aT\u012aGAI GALVAS \u0100DAI 150ml - cosmetic.lv<\/title>\n<meta name=\"robots\" content=\"index, follow, max-snippet:-1, max-image-preview:large, max-video-preview:-1\" \/>\n<link rel=\"canonical\" href=\"https:\/\/cosmetic.lv\/lv\/product\/nomierinoss-lidzeklis-jutigai-galvas-adai-150ml\/\" \/>\n<meta property=\"og:locale\" content=\"lv_LV\" \/>\n<meta property=\"og:type\" content=\"article\" \/>\n<meta property=\"og:title\" content=\"NOMIERINO\u0160S L\u012aDZEKLIS J\u016aT\u012aGAI GALVAS \u0100DAI 150ml\" \/>\n<meta property=\"og:description\" content=\"\u012apa\u0161a l\u012bdzek\u013ca formula, pie\u0161\u0137ir galvas \u0101dai svaiguma saj\u016btu, pal\u012bdz mazin\u0101t nepat\u012bkamo niezi, aps\u0101rtumu un savilkuma saj\u016btu. Melle\u0146u ekstrakts\u00a0\u2013 piem\u012bt antioksidanta\" \/>\n<meta property=\"og:url\" content=\"https:\/\/cosmetic.lv\/lv\/product\/nomierinoss-lidzeklis-jutigai-galvas-adai-150ml\/\" \/>\n<meta property=\"og:site_name\" content=\"cosmetic.lv\" \/>\n<meta property=\"article:publisher\" content=\"https:\/\/www.facebook.com\/cosmetic.lv\/\" \/>\n<meta property=\"og:image\" content=\"https:\/\/cosmetic.lv\/wp-content\/uploads\/2021\/12\/9187-600x600-1.jpg\" \/>\n\t<meta property=\"og:image:width\" content=\"600\" \/>\n\t<meta property=\"og:image:height\" content=\"600\" \/>\n\t<meta property=\"og:image:type\" content=\"image\/jpeg\" \/>\n<meta name=\"twitter:card\" content=\"summary_large_image\" \/>\n<script type=\"application\/ld+json\" class=\"yoast-schema-graph\">{\"@context\":\"https:\/\/schema.org\",\"@graph\":[{\"@type\":\"WebPage\",\"@id\":\"https:\/\/cosmetic.lv\/lv\/product\/nomierinoss-lidzeklis-jutigai-galvas-adai-150ml\/\",\"url\":\"https:\/\/cosmetic.lv\/lv\/product\/nomierinoss-lidzeklis-jutigai-galvas-adai-150ml\/\",\"name\":\"NOMIERINO\u0160S L\u012aDZEKLIS J\u016aT\u012aGAI GALVAS \u0100DAI 150ml - cosmetic.lv\",\"isPartOf\":{\"@id\":\"https:\/\/cosmetic.lv\/lv\/#website\"},\"primaryImageOfPage\":{\"@id\":\"https:\/\/cosmetic.lv\/lv\/product\/nomierinoss-lidzeklis-jutigai-galvas-adai-150ml\/#primaryimage\"},\"image\":{\"@id\":\"https:\/\/cosmetic.lv\/lv\/product\/nomierinoss-lidzeklis-jutigai-galvas-adai-150ml\/#primaryimage\"},\"thumbnailUrl\":\"https:\/\/cosmetic.lv\/wp-content\/uploads\/2021\/12\/9187-600x600-1.jpg\",\"datePublished\":\"2021-12-11T16:48:02+00:00\",\"breadcrumb\":{\"@id\":\"https:\/\/cosmetic.lv\/lv\/product\/nomierinoss-lidzeklis-jutigai-galvas-adai-150ml\/#breadcrumb\"},\"inLanguage\":\"lv-LV\",\"potentialAction\":[{\"@type\":\"ReadAction\",\"target\":[\"https:\/\/cosmetic.lv\/lv\/product\/nomierinoss-lidzeklis-jutigai-galvas-adai-150ml\/\"]}]},{\"@type\":\"ImageObject\",\"inLanguage\":\"lv-LV\",\"@id\":\"https:\/\/cosmetic.lv\/lv\/product\/nomierinoss-lidzeklis-jutigai-galvas-adai-150ml\/#primaryimage\",\"url\":\"https:\/\/cosmetic.lv\/wp-content\/uploads\/2021\/12\/9187-600x600-1.jpg\",\"contentUrl\":\"https:\/\/cosmetic.lv\/wp-content\/uploads\/2021\/12\/9187-600x600-1.jpg\",\"width\":600,\"height\":600},{\"@type\":\"BreadcrumbList\",\"@id\":\"https:\/\/cosmetic.lv\/lv\/product\/nomierinoss-lidzeklis-jutigai-galvas-adai-150ml\/#breadcrumb\",\"itemListElement\":[{\"@type\":\"ListItem\",\"position\":1,\"name\":\"Home\",\"item\":\"https:\/\/cosmetic.lv\/lv\/\"},{\"@type\":\"ListItem\",\"position\":2,\"name\":\"Veikals\",\"item\":\"https:\/\/cosmetic.lv\/lv\/veiklas\/\"},{\"@type\":\"ListItem\",\"position\":3,\"name\":\"NOMIERINO\u0160S L\u012aDZEKLIS J\u016aT\u012aGAI GALVAS \u0100DAI 150ml\"}]},{\"@type\":\"WebSite\",\"@id\":\"https:\/\/cosmetic.lv\/lv\/#website\",\"url\":\"https:\/\/cosmetic.lv\/lv\/\",\"name\":\"cosmetic.lv\",\"description\":\"Profesion\u0101la kosm\u0113tika - Maria Galland, Keune, Arkadija, GMT, Guam, Magiray\",\"publisher\":{\"@id\":\"https:\/\/cosmetic.lv\/lv\/#organization\"},\"potentialAction\":[{\"@type\":\"SearchAction\",\"target\":{\"@type\":\"EntryPoint\",\"urlTemplate\":\"https:\/\/cosmetic.lv\/lv\/?s={search_term_string}\"},\"query-input\":{\"@type\":\"PropertyValueSpecification\",\"valueRequired\":true,\"valueName\":\"search_term_string\"}}],\"inLanguage\":\"lv-LV\"},{\"@type\":\"Organization\",\"@id\":\"https:\/\/cosmetic.lv\/lv\/#organization\",\"name\":\"COSMETIC.LV\",\"url\":\"https:\/\/cosmetic.lv\/lv\/\",\"logo\":{\"@type\":\"ImageObject\",\"inLanguage\":\"lv-LV\",\"@id\":\"https:\/\/cosmetic.lv\/lv\/#\/schema\/logo\/image\/\",\"url\":\"https:\/\/cosmetic.lv\/wp-content\/uploads\/2021\/02\/cosmetic.lv_logo.jpg\",\"contentUrl\":\"https:\/\/cosmetic.lv\/wp-content\/uploads\/2021\/02\/cosmetic.lv_logo.jpg\",\"width\":596,\"height\":196,\"caption\":\"COSMETIC.LV\"},\"image\":{\"@id\":\"https:\/\/cosmetic.lv\/lv\/#\/schema\/logo\/image\/\"},\"sameAs\":[\"https:\/\/www.facebook.com\/cosmetic.lv\/\"]}]}<\/script>\n<meta property=\"product:price:amount\" content=\"15.60\" \/>\n<meta property=\"product:price:currency\" content=\"EUR\" \/>\n<meta property=\"og:availability\" content=\"instock\" \/>\n<meta property=\"product:availability\" content=\"instock\" \/>\n<meta property=\"product:retailer_item_id\" content=\"9187\" \/>\n<meta property=\"product:condition\" content=\"new\" \/>\n<!-- \/ Yoast SEO Premium plugin. -->","yoast_head_json":{"title":"NOMIERINO\u0160S L\u012aDZEKLIS J\u016aT\u012aGAI GALVAS \u0100DAI 150ml - cosmetic.lv","robots":{"index":"index","follow":"follow","max-snippet":"max-snippet:-1","max-image-preview":"max-image-preview:large","max-video-preview":"max-video-preview:-1"},"canonical":"https:\/\/cosmetic.lv\/lv\/product\/nomierinoss-lidzeklis-jutigai-galvas-adai-150ml\/","og_locale":"lv_LV","og_type":"article","og_title":"NOMIERINO\u0160S L\u012aDZEKLIS J\u016aT\u012aGAI GALVAS \u0100DAI 150ml","og_description":"\u012apa\u0161a l\u012bdzek\u013ca formula, pie\u0161\u0137ir galvas \u0101dai svaiguma saj\u016btu, pal\u012bdz mazin\u0101t nepat\u012bkamo niezi, aps\u0101rtumu un savilkuma saj\u016btu. Melle\u0146u ekstrakts\u00a0\u2013 piem\u012bt antioksidanta","og_url":"https:\/\/cosmetic.lv\/lv\/product\/nomierinoss-lidzeklis-jutigai-galvas-adai-150ml\/","og_site_name":"cosmetic.lv","article_publisher":"https:\/\/www.facebook.com\/cosmetic.lv\/","og_image":[{"width":600,"height":600,"url":"https:\/\/cosmetic.lv\/wp-content\/uploads\/2021\/12\/9187-600x600-1.jpg","type":"image\/jpeg"}],"twitter_card":"summary_large_image","schema":{"@context":"https:\/\/schema.org","@graph":[{"@type":"WebPage","@id":"https:\/\/cosmetic.lv\/lv\/product\/nomierinoss-lidzeklis-jutigai-galvas-adai-150ml\/","url":"https:\/\/cosmetic.lv\/lv\/product\/nomierinoss-lidzeklis-jutigai-galvas-adai-150ml\/","name":"NOMIERINO\u0160S L\u012aDZEKLIS J\u016aT\u012aGAI GALVAS \u0100DAI 150ml - cosmetic.lv","isPartOf":{"@id":"https:\/\/cosmetic.lv\/lv\/#website"},"primaryImageOfPage":{"@id":"https:\/\/cosmetic.lv\/lv\/product\/nomierinoss-lidzeklis-jutigai-galvas-adai-150ml\/#primaryimage"},"image":{"@id":"https:\/\/cosmetic.lv\/lv\/product\/nomierinoss-lidzeklis-jutigai-galvas-adai-150ml\/#primaryimage"},"thumbnailUrl":"https:\/\/cosmetic.lv\/wp-content\/uploads\/2021\/12\/9187-600x600-1.jpg","datePublished":"2021-12-11T16:48:02+00:00","breadcrumb":{"@id":"https:\/\/cosmetic.lv\/lv\/product\/nomierinoss-lidzeklis-jutigai-galvas-adai-150ml\/#breadcrumb"},"inLanguage":"lv-LV","potentialAction":[{"@type":"ReadAction","target":["https:\/\/cosmetic.lv\/lv\/product\/nomierinoss-lidzeklis-jutigai-galvas-adai-150ml\/"]}]},{"@type":"ImageObject","inLanguage":"lv-LV","@id":"https:\/\/cosmetic.lv\/lv\/product\/nomierinoss-lidzeklis-jutigai-galvas-adai-150ml\/#primaryimage","url":"https:\/\/cosmetic.lv\/wp-content\/uploads\/2021\/12\/9187-600x600-1.jpg","contentUrl":"https:\/\/cosmetic.lv\/wp-content\/uploads\/2021\/12\/9187-600x600-1.jpg","width":600,"height":600},{"@type":"BreadcrumbList","@id":"https:\/\/cosmetic.lv\/lv\/product\/nomierinoss-lidzeklis-jutigai-galvas-adai-150ml\/#breadcrumb","itemListElement":[{"@type":"ListItem","position":1,"name":"Home","item":"https:\/\/cosmetic.lv\/lv\/"},{"@type":"ListItem","position":2,"name":"Veikals","item":"https:\/\/cosmetic.lv\/lv\/veiklas\/"},{"@type":"ListItem","position":3,"name":"NOMIERINO\u0160S L\u012aDZEKLIS J\u016aT\u012aGAI GALVAS \u0100DAI 150ml"}]},{"@type":"WebSite","@id":"https:\/\/cosmetic.lv\/lv\/#website","url":"https:\/\/cosmetic.lv\/lv\/","name":"cosmetic.lv","description":"Profesion\u0101la kosm\u0113tika - Maria Galland, Keune, Arkadija, GMT, Guam, Magiray","publisher":{"@id":"https:\/\/cosmetic.lv\/lv\/#organization"},"potentialAction":[{"@type":"SearchAction","target":{"@type":"EntryPoint","urlTemplate":"https:\/\/cosmetic.lv\/lv\/?s={search_term_string}"},"query-input":{"@type":"PropertyValueSpecification","valueRequired":true,"valueName":"search_term_string"}}],"inLanguage":"lv-LV"},{"@type":"Organization","@id":"https:\/\/cosmetic.lv\/lv\/#organization","name":"COSMETIC.LV","url":"https:\/\/cosmetic.lv\/lv\/","logo":{"@type":"ImageObject","inLanguage":"lv-LV","@id":"https:\/\/cosmetic.lv\/lv\/#\/schema\/logo\/image\/","url":"https:\/\/cosmetic.lv\/wp-content\/uploads\/2021\/02\/cosmetic.lv_logo.jpg","contentUrl":"https:\/\/cosmetic.lv\/wp-content\/uploads\/2021\/02\/cosmetic.lv_logo.jpg","width":596,"height":196,"caption":"COSMETIC.LV"},"image":{"@id":"https:\/\/cosmetic.lv\/lv\/#\/schema\/logo\/image\/"},"sameAs":["https:\/\/www.facebook.com\/cosmetic.lv\/"]}]},"product_price_amount":"15.60","product_price_currency":"EUR","og_availability":"instock","product_availability":"instock","product_retailer_item_id":"9187","product_condition":"new"},"_links":{"self":[{"href":"https:\/\/cosmetic.lv\/lv\/wp-json\/wp\/v2\/product\/37744","targetHints":{"allow":["GET"]}}],"collection":[{"href":"https:\/\/cosmetic.lv\/lv\/wp-json\/wp\/v2\/product"}],"about":[{"href":"https:\/\/cosmetic.lv\/lv\/wp-json\/wp\/v2\/types\/product"}],"wp:featuredmedia":[{"embeddable":true,"href":"https:\/\/cosmetic.lv\/lv\/wp-json\/wp\/v2\/media\/37743"}],"wp:attachment":[{"href":"https:\/\/cosmetic.lv\/lv\/wp-json\/wp\/v2\/media?parent=37744"}],"wp:term":[{"taxonomy":"product_brand","embeddable":true,"href":"https:\/\/cosmetic.lv\/lv\/wp-json\/wp\/v2\/product_brand?post=37744"},{"taxonomy":"product_cat","embeddable":true,"href":"https:\/\/cosmetic.lv\/lv\/wp-json\/wp\/v2\/product_cat?post=37744"},{"taxonomy":"product_tag","embeddable":true,"href":"https:\/\/cosmetic.lv\/lv\/wp-json\/wp\/v2\/product_tag?post=37744"}],"curies":[{"name":"wp","href":"https:\/\/api.w.org\/{rel}","templated":true}]}}