{"id":37753,"date":"2021-12-11T20:14:50","date_gmt":"2021-12-11T18:15:50","guid":{"rendered":"https:\/\/cosmetic.lv\/?post_type=product&#038;p=37753"},"modified":"2021-12-11T20:15:51","modified_gmt":"2021-12-11T18:15:51","slug":"davanu-komplekts-karbon9-mini-100-100ml","status":"publish","type":"product","link":"https:\/\/cosmetic.lv\/lv\/product\/davanu-komplekts-karbon9-mini-100-100ml\/","title":{"rendered":"D\u0100VANU KOMPLEKTS KARBON9 MINI 100+100ml"},"content":{"rendered":"<p><b>KARBON 9<\/b>\u00a0\u2013 l\u012bnija uz bambusa ogles b\u0101zes, bag\u0101tin\u0101ta ar 9 augu ekstraktiem, att\u012bra, aizsarg\u0101 galvas \u0101du un matus no \u0101r\u0113jiem pies\u0101r\u0146ojumiem, izved toks\u012bnus. Uz 98% sast\u0101v no natur\u0101liem komponentiem.\u00a0SAST\u0100V\u0100: 100% dab\u012bga bamb\u016bsa ogle ar jaud\u012bgo detox iedarb\u012bbu, absorb\u0113 kait\u012bgus piemais\u012bjumus, aizsarg\u0101jot matus<\/p>\n<p>\u2022\u00a0<a href=\"https:\/\/moderna.lv\/lv\/shop\/karbon9-oglu-sampuns\/\"><em><strong>KARBON 9 og\u013cu \u0161amp\u016bns, 100 ml<\/strong><\/em><\/a><br \/>\n\u2022\u00a0<a href=\"https:\/\/moderna.lv\/lv\/shop\/karbon-9-oglu-maska\/\"><em><strong>KARBON 9 og\u013cu maska, 100 ml<\/strong><\/em><\/a><br \/>\n\u2022\u00a0<strong><em>D\u0101vanu maisi\u0146\u0161<\/em><\/strong><\/p>\n","protected":false},"excerpt":{"rendered":"<p>KARBON 9\u00a0\u2013 l\u012bnija uz bambusa ogles b\u0101zes, bag\u0101tin\u0101ta ar 9 augu ekstraktiem, att\u012bra, aizsarg\u0101 galvas \u0101du un matus no \u0101r\u0113jiem<\/p>\n","protected":false},"featured_media":37752,"template":"","meta":[],"product_brand":[],"product_cat":[2258,2259],"product_tag":[],"class_list":{"0":"post-37753","1":"product","2":"type-product","3":"status-publish","4":"has-post-thumbnail","6":"product_cat-profesionala-kosmetika-matiem-lv","7":"product_cat-alter-ego-professional-italy-lv","9":"first","10":"instock","11":"taxable","12":"shipping-taxable","13":"purchasable","14":"product-type-simple"},"yoast_head":"<!-- This site is optimized with the Yoast SEO Premium plugin v27.0 (Yoast SEO v27.0) - https:\/\/yoast.com\/product\/yoast-seo-premium-wordpress\/ -->\n<title>D\u0100VANU KOMPLEKTS KARBON9 MINI 100+100ml - cosmetic.lv<\/title>\n<meta name=\"robots\" content=\"index, follow, max-snippet:-1, max-image-preview:large, max-video-preview:-1\" \/>\n<link rel=\"canonical\" href=\"https:\/\/cosmetic.lv\/lv\/product\/davanu-komplekts-karbon9-mini-100-100ml\/\" \/>\n<meta property=\"og:locale\" content=\"lv_LV\" \/>\n<meta property=\"og:type\" content=\"article\" \/>\n<meta property=\"og:title\" content=\"D\u0100VANU KOMPLEKTS KARBON9 MINI 100+100ml\" \/>\n<meta property=\"og:description\" content=\"KARBON 9\u00a0\u2013 l\u012bnija uz bambusa ogles b\u0101zes, bag\u0101tin\u0101ta ar 9 augu ekstraktiem, att\u012bra, aizsarg\u0101 galvas \u0101du un matus no \u0101r\u0113jiem\" \/>\n<meta property=\"og:url\" content=\"https:\/\/cosmetic.lv\/lv\/product\/davanu-komplekts-karbon9-mini-100-100ml\/\" \/>\n<meta property=\"og:site_name\" content=\"cosmetic.lv\" \/>\n<meta property=\"article:publisher\" content=\"https:\/\/www.facebook.com\/cosmetic.lv\/\" \/>\n<meta property=\"article:modified_time\" content=\"2021-12-11T18:15:51+00:00\" \/>\n<meta property=\"og:image\" content=\"https:\/\/cosmetic.lv\/wp-content\/uploads\/2021\/12\/gift39-600x600-1.jpg\" \/>\n\t<meta property=\"og:image:width\" content=\"600\" \/>\n\t<meta property=\"og:image:height\" content=\"600\" \/>\n\t<meta property=\"og:image:type\" content=\"image\/jpeg\" \/>\n<meta name=\"twitter:card\" content=\"summary_large_image\" \/>\n<script type=\"application\/ld+json\" class=\"yoast-schema-graph\">{\"@context\":\"https:\/\/schema.org\",\"@graph\":[{\"@type\":\"WebPage\",\"@id\":\"https:\/\/cosmetic.lv\/lv\/product\/davanu-komplekts-karbon9-mini-100-100ml\/\",\"url\":\"https:\/\/cosmetic.lv\/lv\/product\/davanu-komplekts-karbon9-mini-100-100ml\/\",\"name\":\"D\u0100VANU KOMPLEKTS KARBON9 MINI 100+100ml - cosmetic.lv\",\"isPartOf\":{\"@id\":\"https:\/\/cosmetic.lv\/lv\/#website\"},\"primaryImageOfPage\":{\"@id\":\"https:\/\/cosmetic.lv\/lv\/product\/davanu-komplekts-karbon9-mini-100-100ml\/#primaryimage\"},\"image\":{\"@id\":\"https:\/\/cosmetic.lv\/lv\/product\/davanu-komplekts-karbon9-mini-100-100ml\/#primaryimage\"},\"thumbnailUrl\":\"https:\/\/cosmetic.lv\/wp-content\/uploads\/2021\/12\/gift39-600x600-1.jpg\",\"datePublished\":\"2021-12-11T18:15:50+00:00\",\"dateModified\":\"2021-12-11T18:15:51+00:00\",\"breadcrumb\":{\"@id\":\"https:\/\/cosmetic.lv\/lv\/product\/davanu-komplekts-karbon9-mini-100-100ml\/#breadcrumb\"},\"inLanguage\":\"lv-LV\",\"potentialAction\":[{\"@type\":\"ReadAction\",\"target\":[\"https:\/\/cosmetic.lv\/lv\/product\/davanu-komplekts-karbon9-mini-100-100ml\/\"]}]},{\"@type\":\"ImageObject\",\"inLanguage\":\"lv-LV\",\"@id\":\"https:\/\/cosmetic.lv\/lv\/product\/davanu-komplekts-karbon9-mini-100-100ml\/#primaryimage\",\"url\":\"https:\/\/cosmetic.lv\/wp-content\/uploads\/2021\/12\/gift39-600x600-1.jpg\",\"contentUrl\":\"https:\/\/cosmetic.lv\/wp-content\/uploads\/2021\/12\/gift39-600x600-1.jpg\",\"width\":600,\"height\":600},{\"@type\":\"BreadcrumbList\",\"@id\":\"https:\/\/cosmetic.lv\/lv\/product\/davanu-komplekts-karbon9-mini-100-100ml\/#breadcrumb\",\"itemListElement\":[{\"@type\":\"ListItem\",\"position\":1,\"name\":\"Home\",\"item\":\"https:\/\/cosmetic.lv\/lv\/\"},{\"@type\":\"ListItem\",\"position\":2,\"name\":\"Veikals\",\"item\":\"https:\/\/cosmetic.lv\/lv\/veiklas\/\"},{\"@type\":\"ListItem\",\"position\":3,\"name\":\"D\u0100VANU KOMPLEKTS KARBON9 MINI 100+100ml\"}]},{\"@type\":\"WebSite\",\"@id\":\"https:\/\/cosmetic.lv\/lv\/#website\",\"url\":\"https:\/\/cosmetic.lv\/lv\/\",\"name\":\"cosmetic.lv\",\"description\":\"Profesion\u0101la kosm\u0113tika - Maria Galland, Keune, Arkadija, GMT, Guam, Magiray\",\"publisher\":{\"@id\":\"https:\/\/cosmetic.lv\/lv\/#organization\"},\"potentialAction\":[{\"@type\":\"SearchAction\",\"target\":{\"@type\":\"EntryPoint\",\"urlTemplate\":\"https:\/\/cosmetic.lv\/lv\/?s={search_term_string}\"},\"query-input\":{\"@type\":\"PropertyValueSpecification\",\"valueRequired\":true,\"valueName\":\"search_term_string\"}}],\"inLanguage\":\"lv-LV\"},{\"@type\":\"Organization\",\"@id\":\"https:\/\/cosmetic.lv\/lv\/#organization\",\"name\":\"COSMETIC.LV\",\"url\":\"https:\/\/cosmetic.lv\/lv\/\",\"logo\":{\"@type\":\"ImageObject\",\"inLanguage\":\"lv-LV\",\"@id\":\"https:\/\/cosmetic.lv\/lv\/#\/schema\/logo\/image\/\",\"url\":\"https:\/\/cosmetic.lv\/wp-content\/uploads\/2021\/02\/cosmetic.lv_logo.jpg\",\"contentUrl\":\"https:\/\/cosmetic.lv\/wp-content\/uploads\/2021\/02\/cosmetic.lv_logo.jpg\",\"width\":596,\"height\":196,\"caption\":\"COSMETIC.LV\"},\"image\":{\"@id\":\"https:\/\/cosmetic.lv\/lv\/#\/schema\/logo\/image\/\"},\"sameAs\":[\"https:\/\/www.facebook.com\/cosmetic.lv\/\"]}]}<\/script>\n<meta property=\"product:price:amount\" content=\"7.60\" \/>\n<meta property=\"product:price:currency\" content=\"EUR\" \/>\n<meta property=\"og:availability\" content=\"instock\" \/>\n<meta property=\"product:availability\" content=\"instock\" \/>\n<meta property=\"product:retailer_item_id\" content=\"39\" \/>\n<meta property=\"product:condition\" content=\"new\" \/>\n<!-- \/ Yoast SEO Premium plugin. -->","yoast_head_json":{"title":"D\u0100VANU KOMPLEKTS KARBON9 MINI 100+100ml - cosmetic.lv","robots":{"index":"index","follow":"follow","max-snippet":"max-snippet:-1","max-image-preview":"max-image-preview:large","max-video-preview":"max-video-preview:-1"},"canonical":"https:\/\/cosmetic.lv\/lv\/product\/davanu-komplekts-karbon9-mini-100-100ml\/","og_locale":"lv_LV","og_type":"article","og_title":"D\u0100VANU KOMPLEKTS KARBON9 MINI 100+100ml","og_description":"KARBON 9\u00a0\u2013 l\u012bnija uz bambusa ogles b\u0101zes, bag\u0101tin\u0101ta ar 9 augu ekstraktiem, att\u012bra, aizsarg\u0101 galvas \u0101du un matus no \u0101r\u0113jiem","og_url":"https:\/\/cosmetic.lv\/lv\/product\/davanu-komplekts-karbon9-mini-100-100ml\/","og_site_name":"cosmetic.lv","article_publisher":"https:\/\/www.facebook.com\/cosmetic.lv\/","article_modified_time":"2021-12-11T18:15:51+00:00","og_image":[{"width":600,"height":600,"url":"https:\/\/cosmetic.lv\/wp-content\/uploads\/2021\/12\/gift39-600x600-1.jpg","type":"image\/jpeg"}],"twitter_card":"summary_large_image","schema":{"@context":"https:\/\/schema.org","@graph":[{"@type":"WebPage","@id":"https:\/\/cosmetic.lv\/lv\/product\/davanu-komplekts-karbon9-mini-100-100ml\/","url":"https:\/\/cosmetic.lv\/lv\/product\/davanu-komplekts-karbon9-mini-100-100ml\/","name":"D\u0100VANU KOMPLEKTS KARBON9 MINI 100+100ml - cosmetic.lv","isPartOf":{"@id":"https:\/\/cosmetic.lv\/lv\/#website"},"primaryImageOfPage":{"@id":"https:\/\/cosmetic.lv\/lv\/product\/davanu-komplekts-karbon9-mini-100-100ml\/#primaryimage"},"image":{"@id":"https:\/\/cosmetic.lv\/lv\/product\/davanu-komplekts-karbon9-mini-100-100ml\/#primaryimage"},"thumbnailUrl":"https:\/\/cosmetic.lv\/wp-content\/uploads\/2021\/12\/gift39-600x600-1.jpg","datePublished":"2021-12-11T18:15:50+00:00","dateModified":"2021-12-11T18:15:51+00:00","breadcrumb":{"@id":"https:\/\/cosmetic.lv\/lv\/product\/davanu-komplekts-karbon9-mini-100-100ml\/#breadcrumb"},"inLanguage":"lv-LV","potentialAction":[{"@type":"ReadAction","target":["https:\/\/cosmetic.lv\/lv\/product\/davanu-komplekts-karbon9-mini-100-100ml\/"]}]},{"@type":"ImageObject","inLanguage":"lv-LV","@id":"https:\/\/cosmetic.lv\/lv\/product\/davanu-komplekts-karbon9-mini-100-100ml\/#primaryimage","url":"https:\/\/cosmetic.lv\/wp-content\/uploads\/2021\/12\/gift39-600x600-1.jpg","contentUrl":"https:\/\/cosmetic.lv\/wp-content\/uploads\/2021\/12\/gift39-600x600-1.jpg","width":600,"height":600},{"@type":"BreadcrumbList","@id":"https:\/\/cosmetic.lv\/lv\/product\/davanu-komplekts-karbon9-mini-100-100ml\/#breadcrumb","itemListElement":[{"@type":"ListItem","position":1,"name":"Home","item":"https:\/\/cosmetic.lv\/lv\/"},{"@type":"ListItem","position":2,"name":"Veikals","item":"https:\/\/cosmetic.lv\/lv\/veiklas\/"},{"@type":"ListItem","position":3,"name":"D\u0100VANU KOMPLEKTS KARBON9 MINI 100+100ml"}]},{"@type":"WebSite","@id":"https:\/\/cosmetic.lv\/lv\/#website","url":"https:\/\/cosmetic.lv\/lv\/","name":"cosmetic.lv","description":"Profesion\u0101la kosm\u0113tika - Maria Galland, Keune, Arkadija, GMT, Guam, Magiray","publisher":{"@id":"https:\/\/cosmetic.lv\/lv\/#organization"},"potentialAction":[{"@type":"SearchAction","target":{"@type":"EntryPoint","urlTemplate":"https:\/\/cosmetic.lv\/lv\/?s={search_term_string}"},"query-input":{"@type":"PropertyValueSpecification","valueRequired":true,"valueName":"search_term_string"}}],"inLanguage":"lv-LV"},{"@type":"Organization","@id":"https:\/\/cosmetic.lv\/lv\/#organization","name":"COSMETIC.LV","url":"https:\/\/cosmetic.lv\/lv\/","logo":{"@type":"ImageObject","inLanguage":"lv-LV","@id":"https:\/\/cosmetic.lv\/lv\/#\/schema\/logo\/image\/","url":"https:\/\/cosmetic.lv\/wp-content\/uploads\/2021\/02\/cosmetic.lv_logo.jpg","contentUrl":"https:\/\/cosmetic.lv\/wp-content\/uploads\/2021\/02\/cosmetic.lv_logo.jpg","width":596,"height":196,"caption":"COSMETIC.LV"},"image":{"@id":"https:\/\/cosmetic.lv\/lv\/#\/schema\/logo\/image\/"},"sameAs":["https:\/\/www.facebook.com\/cosmetic.lv\/"]}]},"product_price_amount":"7.60","product_price_currency":"EUR","og_availability":"instock","product_availability":"instock","product_retailer_item_id":"39","product_condition":"new"},"_links":{"self":[{"href":"https:\/\/cosmetic.lv\/lv\/wp-json\/wp\/v2\/product\/37753","targetHints":{"allow":["GET"]}}],"collection":[{"href":"https:\/\/cosmetic.lv\/lv\/wp-json\/wp\/v2\/product"}],"about":[{"href":"https:\/\/cosmetic.lv\/lv\/wp-json\/wp\/v2\/types\/product"}],"wp:featuredmedia":[{"embeddable":true,"href":"https:\/\/cosmetic.lv\/lv\/wp-json\/wp\/v2\/media\/37752"}],"wp:attachment":[{"href":"https:\/\/cosmetic.lv\/lv\/wp-json\/wp\/v2\/media?parent=37753"}],"wp:term":[{"taxonomy":"product_brand","embeddable":true,"href":"https:\/\/cosmetic.lv\/lv\/wp-json\/wp\/v2\/product_brand?post=37753"},{"taxonomy":"product_cat","embeddable":true,"href":"https:\/\/cosmetic.lv\/lv\/wp-json\/wp\/v2\/product_cat?post=37753"},{"taxonomy":"product_tag","embeddable":true,"href":"https:\/\/cosmetic.lv\/lv\/wp-json\/wp\/v2\/product_tag?post=37753"}],"curies":[{"name":"wp","href":"https:\/\/api.w.org\/{rel}","templated":true}]}}