{"id":37822,"date":"2021-12-24T19:10:46","date_gmt":"2021-12-24T17:11:35","guid":{"rendered":"https:\/\/cosmetic.lv\/?post_type=product&#038;p=37822"},"modified":"2021-12-24T19:11:35","modified_gmt":"2021-12-24T17:11:35","slug":"karbon-9-divfazu-oglu-kondicionieris-200ml","status":"publish","type":"product","link":"https:\/\/cosmetic.lv\/lv\/product\/karbon-9-divfazu-oglu-kondicionieris-200ml\/","title":{"rendered":"KARBON 9 DIVF\u0100\u017dU OG\u013bU KONDICIONIERIS 200ml"},"content":{"rendered":"<p><strong>Ide\u0101li<\/strong>\u00a0piem\u0113rots pl\u0101niem matiem. Kondicion\u0113 un at\u0161\u0137etina, nepadarot tos smagus. Atst\u0101j matus vieglus un kust\u012bgus.<\/p>\n<p>LIETO\u0160ANA: sakrat\u012bt pirms lieto\u0161anas. P\u0113c mazg\u0101\u0161anas, izsmidzin\u0101t uz nosusin\u0101tiem matiem visa garum\u0101 un gali\u0146os. Iz\u0137emm\u0113t un veidot, k\u0101 parasti. Neskalojiet. NESATUR: sulf\u0101tus, parab\u0113nus. pH 2.3 \u2013 2.7<\/p>\n","protected":false},"excerpt":{"rendered":"<p>Ide\u0101li\u00a0piem\u0113rots pl\u0101niem matiem. Kondicion\u0113 un at\u0161\u0137etina, nepadarot tos smagus. Atst\u0101j matus vieglus un kust\u012bgus. LIETO\u0160ANA: sakrat\u012bt pirms lieto\u0161anas. P\u0113c mazg\u0101\u0161anas,<\/p>\n","protected":false},"featured_media":37821,"template":"","meta":[],"product_brand":[],"product_cat":[2258,2261,2266],"product_tag":[],"class_list":{"0":"post-37822","1":"product","2":"type-product","3":"status-publish","4":"has-post-thumbnail","6":"product_cat-profesionala-kosmetika-matiem-lv","7":"product_cat-kondicionieris-matiem-lv","8":"product_cat-echosline-professional-italy-lv","10":"first","11":"outofstock","12":"taxable","13":"shipping-taxable","14":"purchasable","15":"product-type-simple"},"yoast_head":"<!-- This site is optimized with the Yoast SEO Premium plugin v27.0 (Yoast SEO v27.0) - https:\/\/yoast.com\/product\/yoast-seo-premium-wordpress\/ -->\n<title>KARBON 9 DIVF\u0100\u017dU OG\u013bU KONDICIONIERIS 200ml - cosmetic.lv<\/title>\n<meta name=\"robots\" content=\"index, follow, max-snippet:-1, max-image-preview:large, max-video-preview:-1\" \/>\n<link rel=\"canonical\" href=\"https:\/\/cosmetic.lv\/lv\/product\/karbon-9-divfazu-oglu-kondicionieris-200ml\/\" \/>\n<meta property=\"og:locale\" content=\"lv_LV\" \/>\n<meta property=\"og:type\" content=\"article\" \/>\n<meta property=\"og:title\" content=\"KARBON 9 DIVF\u0100\u017dU OG\u013bU KONDICIONIERIS 200ml\" \/>\n<meta property=\"og:description\" content=\"Ide\u0101li\u00a0piem\u0113rots pl\u0101niem matiem. Kondicion\u0113 un at\u0161\u0137etina, nepadarot tos smagus. Atst\u0101j matus vieglus un kust\u012bgus. LIETO\u0160ANA: sakrat\u012bt pirms lieto\u0161anas. P\u0113c mazg\u0101\u0161anas,\" \/>\n<meta property=\"og:url\" content=\"https:\/\/cosmetic.lv\/lv\/product\/karbon-9-divfazu-oglu-kondicionieris-200ml\/\" \/>\n<meta property=\"og:site_name\" content=\"cosmetic.lv\" \/>\n<meta property=\"article:publisher\" content=\"https:\/\/www.facebook.com\/cosmetic.lv\/\" \/>\n<meta property=\"og:image\" content=\"https:\/\/cosmetic.lv\/wp-content\/uploads\/2021\/12\/23833-2.jpg\" \/>\n\t<meta property=\"og:image:width\" content=\"600\" \/>\n\t<meta property=\"og:image:height\" content=\"600\" \/>\n\t<meta property=\"og:image:type\" content=\"image\/jpeg\" \/>\n<meta name=\"twitter:card\" content=\"summary_large_image\" \/>\n<script type=\"application\/ld+json\" class=\"yoast-schema-graph\">{\"@context\":\"https:\/\/schema.org\",\"@graph\":[{\"@type\":\"WebPage\",\"@id\":\"https:\/\/cosmetic.lv\/lv\/product\/karbon-9-divfazu-oglu-kondicionieris-200ml\/\",\"url\":\"https:\/\/cosmetic.lv\/lv\/product\/karbon-9-divfazu-oglu-kondicionieris-200ml\/\",\"name\":\"KARBON 9 DIVF\u0100\u017dU OG\u013bU KONDICIONIERIS 200ml - cosmetic.lv\",\"isPartOf\":{\"@id\":\"https:\/\/cosmetic.lv\/lv\/#website\"},\"primaryImageOfPage\":{\"@id\":\"https:\/\/cosmetic.lv\/lv\/product\/karbon-9-divfazu-oglu-kondicionieris-200ml\/#primaryimage\"},\"image\":{\"@id\":\"https:\/\/cosmetic.lv\/lv\/product\/karbon-9-divfazu-oglu-kondicionieris-200ml\/#primaryimage\"},\"thumbnailUrl\":\"https:\/\/cosmetic.lv\/wp-content\/uploads\/2021\/12\/23833-2.jpg\",\"datePublished\":\"2021-12-24T17:11:35+00:00\",\"breadcrumb\":{\"@id\":\"https:\/\/cosmetic.lv\/lv\/product\/karbon-9-divfazu-oglu-kondicionieris-200ml\/#breadcrumb\"},\"inLanguage\":\"lv-LV\",\"potentialAction\":[{\"@type\":\"ReadAction\",\"target\":[\"https:\/\/cosmetic.lv\/lv\/product\/karbon-9-divfazu-oglu-kondicionieris-200ml\/\"]}]},{\"@type\":\"ImageObject\",\"inLanguage\":\"lv-LV\",\"@id\":\"https:\/\/cosmetic.lv\/lv\/product\/karbon-9-divfazu-oglu-kondicionieris-200ml\/#primaryimage\",\"url\":\"https:\/\/cosmetic.lv\/wp-content\/uploads\/2021\/12\/23833-2.jpg\",\"contentUrl\":\"https:\/\/cosmetic.lv\/wp-content\/uploads\/2021\/12\/23833-2.jpg\",\"width\":600,\"height\":600},{\"@type\":\"BreadcrumbList\",\"@id\":\"https:\/\/cosmetic.lv\/lv\/product\/karbon-9-divfazu-oglu-kondicionieris-200ml\/#breadcrumb\",\"itemListElement\":[{\"@type\":\"ListItem\",\"position\":1,\"name\":\"Home\",\"item\":\"https:\/\/cosmetic.lv\/lv\/\"},{\"@type\":\"ListItem\",\"position\":2,\"name\":\"Veikals\",\"item\":\"https:\/\/cosmetic.lv\/lv\/veiklas\/\"},{\"@type\":\"ListItem\",\"position\":3,\"name\":\"KARBON 9 DIVF\u0100\u017dU OG\u013bU KONDICIONIERIS 200ml\"}]},{\"@type\":\"WebSite\",\"@id\":\"https:\/\/cosmetic.lv\/lv\/#website\",\"url\":\"https:\/\/cosmetic.lv\/lv\/\",\"name\":\"cosmetic.lv\",\"description\":\"Profesion\u0101la kosm\u0113tika - Maria Galland, Keune, Arkadija, GMT, Guam, Magiray\",\"publisher\":{\"@id\":\"https:\/\/cosmetic.lv\/lv\/#organization\"},\"potentialAction\":[{\"@type\":\"SearchAction\",\"target\":{\"@type\":\"EntryPoint\",\"urlTemplate\":\"https:\/\/cosmetic.lv\/lv\/?s={search_term_string}\"},\"query-input\":{\"@type\":\"PropertyValueSpecification\",\"valueRequired\":true,\"valueName\":\"search_term_string\"}}],\"inLanguage\":\"lv-LV\"},{\"@type\":\"Organization\",\"@id\":\"https:\/\/cosmetic.lv\/lv\/#organization\",\"name\":\"COSMETIC.LV\",\"url\":\"https:\/\/cosmetic.lv\/lv\/\",\"logo\":{\"@type\":\"ImageObject\",\"inLanguage\":\"lv-LV\",\"@id\":\"https:\/\/cosmetic.lv\/lv\/#\/schema\/logo\/image\/\",\"url\":\"https:\/\/cosmetic.lv\/wp-content\/uploads\/2021\/02\/cosmetic.lv_logo.jpg\",\"contentUrl\":\"https:\/\/cosmetic.lv\/wp-content\/uploads\/2021\/02\/cosmetic.lv_logo.jpg\",\"width\":596,\"height\":196,\"caption\":\"COSMETIC.LV\"},\"image\":{\"@id\":\"https:\/\/cosmetic.lv\/lv\/#\/schema\/logo\/image\/\"},\"sameAs\":[\"https:\/\/www.facebook.com\/cosmetic.lv\/\"]}]}<\/script>\n<meta property=\"product:price:amount\" content=\"10.40\" \/>\n<meta property=\"product:price:currency\" content=\"EUR\" \/>\n<meta property=\"og:availability\" content=\"out of stock\" \/>\n<meta property=\"product:availability\" content=\"out of stock\" \/>\n<meta property=\"product:retailer_item_id\" content=\"23833-2\" \/>\n<meta property=\"product:condition\" content=\"new\" \/>\n<!-- \/ Yoast SEO Premium plugin. -->","yoast_head_json":{"title":"KARBON 9 DIVF\u0100\u017dU OG\u013bU KONDICIONIERIS 200ml - cosmetic.lv","robots":{"index":"index","follow":"follow","max-snippet":"max-snippet:-1","max-image-preview":"max-image-preview:large","max-video-preview":"max-video-preview:-1"},"canonical":"https:\/\/cosmetic.lv\/lv\/product\/karbon-9-divfazu-oglu-kondicionieris-200ml\/","og_locale":"lv_LV","og_type":"article","og_title":"KARBON 9 DIVF\u0100\u017dU OG\u013bU KONDICIONIERIS 200ml","og_description":"Ide\u0101li\u00a0piem\u0113rots pl\u0101niem matiem. Kondicion\u0113 un at\u0161\u0137etina, nepadarot tos smagus. Atst\u0101j matus vieglus un kust\u012bgus. LIETO\u0160ANA: sakrat\u012bt pirms lieto\u0161anas. P\u0113c mazg\u0101\u0161anas,","og_url":"https:\/\/cosmetic.lv\/lv\/product\/karbon-9-divfazu-oglu-kondicionieris-200ml\/","og_site_name":"cosmetic.lv","article_publisher":"https:\/\/www.facebook.com\/cosmetic.lv\/","og_image":[{"width":600,"height":600,"url":"https:\/\/cosmetic.lv\/wp-content\/uploads\/2021\/12\/23833-2.jpg","type":"image\/jpeg"}],"twitter_card":"summary_large_image","schema":{"@context":"https:\/\/schema.org","@graph":[{"@type":"WebPage","@id":"https:\/\/cosmetic.lv\/lv\/product\/karbon-9-divfazu-oglu-kondicionieris-200ml\/","url":"https:\/\/cosmetic.lv\/lv\/product\/karbon-9-divfazu-oglu-kondicionieris-200ml\/","name":"KARBON 9 DIVF\u0100\u017dU OG\u013bU KONDICIONIERIS 200ml - cosmetic.lv","isPartOf":{"@id":"https:\/\/cosmetic.lv\/lv\/#website"},"primaryImageOfPage":{"@id":"https:\/\/cosmetic.lv\/lv\/product\/karbon-9-divfazu-oglu-kondicionieris-200ml\/#primaryimage"},"image":{"@id":"https:\/\/cosmetic.lv\/lv\/product\/karbon-9-divfazu-oglu-kondicionieris-200ml\/#primaryimage"},"thumbnailUrl":"https:\/\/cosmetic.lv\/wp-content\/uploads\/2021\/12\/23833-2.jpg","datePublished":"2021-12-24T17:11:35+00:00","breadcrumb":{"@id":"https:\/\/cosmetic.lv\/lv\/product\/karbon-9-divfazu-oglu-kondicionieris-200ml\/#breadcrumb"},"inLanguage":"lv-LV","potentialAction":[{"@type":"ReadAction","target":["https:\/\/cosmetic.lv\/lv\/product\/karbon-9-divfazu-oglu-kondicionieris-200ml\/"]}]},{"@type":"ImageObject","inLanguage":"lv-LV","@id":"https:\/\/cosmetic.lv\/lv\/product\/karbon-9-divfazu-oglu-kondicionieris-200ml\/#primaryimage","url":"https:\/\/cosmetic.lv\/wp-content\/uploads\/2021\/12\/23833-2.jpg","contentUrl":"https:\/\/cosmetic.lv\/wp-content\/uploads\/2021\/12\/23833-2.jpg","width":600,"height":600},{"@type":"BreadcrumbList","@id":"https:\/\/cosmetic.lv\/lv\/product\/karbon-9-divfazu-oglu-kondicionieris-200ml\/#breadcrumb","itemListElement":[{"@type":"ListItem","position":1,"name":"Home","item":"https:\/\/cosmetic.lv\/lv\/"},{"@type":"ListItem","position":2,"name":"Veikals","item":"https:\/\/cosmetic.lv\/lv\/veiklas\/"},{"@type":"ListItem","position":3,"name":"KARBON 9 DIVF\u0100\u017dU OG\u013bU KONDICIONIERIS 200ml"}]},{"@type":"WebSite","@id":"https:\/\/cosmetic.lv\/lv\/#website","url":"https:\/\/cosmetic.lv\/lv\/","name":"cosmetic.lv","description":"Profesion\u0101la kosm\u0113tika - Maria Galland, Keune, Arkadija, GMT, Guam, Magiray","publisher":{"@id":"https:\/\/cosmetic.lv\/lv\/#organization"},"potentialAction":[{"@type":"SearchAction","target":{"@type":"EntryPoint","urlTemplate":"https:\/\/cosmetic.lv\/lv\/?s={search_term_string}"},"query-input":{"@type":"PropertyValueSpecification","valueRequired":true,"valueName":"search_term_string"}}],"inLanguage":"lv-LV"},{"@type":"Organization","@id":"https:\/\/cosmetic.lv\/lv\/#organization","name":"COSMETIC.LV","url":"https:\/\/cosmetic.lv\/lv\/","logo":{"@type":"ImageObject","inLanguage":"lv-LV","@id":"https:\/\/cosmetic.lv\/lv\/#\/schema\/logo\/image\/","url":"https:\/\/cosmetic.lv\/wp-content\/uploads\/2021\/02\/cosmetic.lv_logo.jpg","contentUrl":"https:\/\/cosmetic.lv\/wp-content\/uploads\/2021\/02\/cosmetic.lv_logo.jpg","width":596,"height":196,"caption":"COSMETIC.LV"},"image":{"@id":"https:\/\/cosmetic.lv\/lv\/#\/schema\/logo\/image\/"},"sameAs":["https:\/\/www.facebook.com\/cosmetic.lv\/"]}]},"product_price_amount":"10.40","product_price_currency":"EUR","og_availability":"out of stock","product_availability":"out of stock","product_retailer_item_id":"23833-2","product_condition":"new"},"_links":{"self":[{"href":"https:\/\/cosmetic.lv\/lv\/wp-json\/wp\/v2\/product\/37822","targetHints":{"allow":["GET"]}}],"collection":[{"href":"https:\/\/cosmetic.lv\/lv\/wp-json\/wp\/v2\/product"}],"about":[{"href":"https:\/\/cosmetic.lv\/lv\/wp-json\/wp\/v2\/types\/product"}],"wp:featuredmedia":[{"embeddable":true,"href":"https:\/\/cosmetic.lv\/lv\/wp-json\/wp\/v2\/media\/37821"}],"wp:attachment":[{"href":"https:\/\/cosmetic.lv\/lv\/wp-json\/wp\/v2\/media?parent=37822"}],"wp:term":[{"taxonomy":"product_brand","embeddable":true,"href":"https:\/\/cosmetic.lv\/lv\/wp-json\/wp\/v2\/product_brand?post=37822"},{"taxonomy":"product_cat","embeddable":true,"href":"https:\/\/cosmetic.lv\/lv\/wp-json\/wp\/v2\/product_cat?post=37822"},{"taxonomy":"product_tag","embeddable":true,"href":"https:\/\/cosmetic.lv\/lv\/wp-json\/wp\/v2\/product_tag?post=37822"}],"curies":[{"name":"wp","href":"https:\/\/api.w.org\/{rel}","templated":true}]}}