{"id":37830,"date":"2021-12-24T19:17:45","date_gmt":"2021-12-24T17:18:33","guid":{"rendered":"https:\/\/cosmetic.lv\/?post_type=product&#038;p=37830"},"modified":"2021-12-24T19:18:33","modified_gmt":"2021-12-24T17:18:33","slug":"karbon-9-oglu-sampuns-350ml","status":"publish","type":"product","link":"https:\/\/cosmetic.lv\/lv\/product\/karbon-9-oglu-sampuns-350ml\/","title":{"rendered":"KARBON 9 OG\u013bU \u0160AMP\u016aNS 350ml"},"content":{"rendered":"<p><strong>\u0160amp\u016bns<\/strong>\u00a0ide\u0101li piem\u0113rots \u0137\u012bmiski apstr\u0101d\u0101tiem un stresa pak\u013cautiem matiem. Bagatin\u0101ts ar 9 augu ekstraktiem un ar aktiv\u0113tu augu ogli. Att\u012bra matus, likvid\u0113 piemais\u012bjumus, kas ir sastopami pils\u0113tas vid\u0113. Mati k\u013c\u016bst m\u012bksti un mirdzo\u0161i, ieg\u016bstot vesel\u012bgu izskatu.<\/p>\n<p><strong>LIETO\u0160ANA<\/strong>: iekl\u0101t mitros matos, viegli iemas\u0113t, p\u0113c tam izskalot.<br \/>\nNESATUR: sulf\u0101tus, silikonus, parab\u0113nus.<\/p>\n","protected":false},"excerpt":{"rendered":"<p>\u0160amp\u016bns\u00a0ide\u0101li piem\u0113rots \u0137\u012bmiski apstr\u0101d\u0101tiem un stresa pak\u013cautiem matiem. Bagatin\u0101ts ar 9 augu ekstraktiem un ar aktiv\u0113tu augu ogli. Att\u012bra matus,<\/p>\n","protected":false},"featured_media":37829,"template":"","meta":[],"product_brand":[],"product_cat":[2258,2265,2266],"product_tag":[],"class_list":{"0":"post-37830","1":"product","2":"type-product","3":"status-publish","4":"has-post-thumbnail","6":"product_cat-profesionala-kosmetika-matiem-lv","7":"product_cat-matu-sampuni-lv","8":"product_cat-echosline-professional-italy-lv","10":"first","11":"instock","12":"taxable","13":"shipping-taxable","14":"purchasable","15":"product-type-simple"},"yoast_head":"<!-- This site is optimized with the Yoast SEO Premium plugin v27.0 (Yoast SEO v27.0) - https:\/\/yoast.com\/product\/yoast-seo-premium-wordpress\/ -->\n<title>KARBON 9 OG\u013bU \u0160AMP\u016aNS 350ml - cosmetic.lv<\/title>\n<meta name=\"robots\" content=\"index, follow, max-snippet:-1, max-image-preview:large, max-video-preview:-1\" \/>\n<link rel=\"canonical\" href=\"https:\/\/cosmetic.lv\/lv\/product\/karbon-9-oglu-sampuns-350ml\/\" \/>\n<meta property=\"og:locale\" content=\"lv_LV\" \/>\n<meta property=\"og:type\" content=\"article\" \/>\n<meta property=\"og:title\" content=\"KARBON 9 OG\u013bU \u0160AMP\u016aNS 350ml\" \/>\n<meta property=\"og:description\" content=\"\u0160amp\u016bns\u00a0ide\u0101li piem\u0113rots \u0137\u012bmiski apstr\u0101d\u0101tiem un stresa pak\u013cautiem matiem. Bagatin\u0101ts ar 9 augu ekstraktiem un ar aktiv\u0113tu augu ogli. Att\u012bra matus,\" \/>\n<meta property=\"og:url\" content=\"https:\/\/cosmetic.lv\/lv\/product\/karbon-9-oglu-sampuns-350ml\/\" \/>\n<meta property=\"og:site_name\" content=\"cosmetic.lv\" \/>\n<meta property=\"article:publisher\" content=\"https:\/\/www.facebook.com\/cosmetic.lv\/\" \/>\n<meta property=\"og:image\" content=\"https:\/\/cosmetic.lv\/wp-content\/uploads\/2021\/12\/23497.png\" \/>\n\t<meta property=\"og:image:width\" content=\"523\" \/>\n\t<meta property=\"og:image:height\" content=\"523\" \/>\n\t<meta property=\"og:image:type\" content=\"image\/png\" \/>\n<meta name=\"twitter:card\" content=\"summary_large_image\" \/>\n<script type=\"application\/ld+json\" class=\"yoast-schema-graph\">{\"@context\":\"https:\/\/schema.org\",\"@graph\":[{\"@type\":\"WebPage\",\"@id\":\"https:\/\/cosmetic.lv\/lv\/product\/karbon-9-oglu-sampuns-350ml\/\",\"url\":\"https:\/\/cosmetic.lv\/lv\/product\/karbon-9-oglu-sampuns-350ml\/\",\"name\":\"KARBON 9 OG\u013bU \u0160AMP\u016aNS 350ml - cosmetic.lv\",\"isPartOf\":{\"@id\":\"https:\/\/cosmetic.lv\/lv\/#website\"},\"primaryImageOfPage\":{\"@id\":\"https:\/\/cosmetic.lv\/lv\/product\/karbon-9-oglu-sampuns-350ml\/#primaryimage\"},\"image\":{\"@id\":\"https:\/\/cosmetic.lv\/lv\/product\/karbon-9-oglu-sampuns-350ml\/#primaryimage\"},\"thumbnailUrl\":\"https:\/\/cosmetic.lv\/wp-content\/uploads\/2021\/12\/23497.png\",\"datePublished\":\"2021-12-24T17:18:33+00:00\",\"breadcrumb\":{\"@id\":\"https:\/\/cosmetic.lv\/lv\/product\/karbon-9-oglu-sampuns-350ml\/#breadcrumb\"},\"inLanguage\":\"lv-LV\",\"potentialAction\":[{\"@type\":\"ReadAction\",\"target\":[\"https:\/\/cosmetic.lv\/lv\/product\/karbon-9-oglu-sampuns-350ml\/\"]}]},{\"@type\":\"ImageObject\",\"inLanguage\":\"lv-LV\",\"@id\":\"https:\/\/cosmetic.lv\/lv\/product\/karbon-9-oglu-sampuns-350ml\/#primaryimage\",\"url\":\"https:\/\/cosmetic.lv\/wp-content\/uploads\/2021\/12\/23497.png\",\"contentUrl\":\"https:\/\/cosmetic.lv\/wp-content\/uploads\/2021\/12\/23497.png\",\"width\":523,\"height\":523},{\"@type\":\"BreadcrumbList\",\"@id\":\"https:\/\/cosmetic.lv\/lv\/product\/karbon-9-oglu-sampuns-350ml\/#breadcrumb\",\"itemListElement\":[{\"@type\":\"ListItem\",\"position\":1,\"name\":\"Home\",\"item\":\"https:\/\/cosmetic.lv\/lv\/\"},{\"@type\":\"ListItem\",\"position\":2,\"name\":\"Veikals\",\"item\":\"https:\/\/cosmetic.lv\/lv\/veiklas\/\"},{\"@type\":\"ListItem\",\"position\":3,\"name\":\"KARBON 9 OG\u013bU \u0160AMP\u016aNS 350ml\"}]},{\"@type\":\"WebSite\",\"@id\":\"https:\/\/cosmetic.lv\/lv\/#website\",\"url\":\"https:\/\/cosmetic.lv\/lv\/\",\"name\":\"cosmetic.lv\",\"description\":\"Profesion\u0101la kosm\u0113tika - Maria Galland, Keune, Arkadija, GMT, Guam, Magiray\",\"publisher\":{\"@id\":\"https:\/\/cosmetic.lv\/lv\/#organization\"},\"potentialAction\":[{\"@type\":\"SearchAction\",\"target\":{\"@type\":\"EntryPoint\",\"urlTemplate\":\"https:\/\/cosmetic.lv\/lv\/?s={search_term_string}\"},\"query-input\":{\"@type\":\"PropertyValueSpecification\",\"valueRequired\":true,\"valueName\":\"search_term_string\"}}],\"inLanguage\":\"lv-LV\"},{\"@type\":\"Organization\",\"@id\":\"https:\/\/cosmetic.lv\/lv\/#organization\",\"name\":\"COSMETIC.LV\",\"url\":\"https:\/\/cosmetic.lv\/lv\/\",\"logo\":{\"@type\":\"ImageObject\",\"inLanguage\":\"lv-LV\",\"@id\":\"https:\/\/cosmetic.lv\/lv\/#\/schema\/logo\/image\/\",\"url\":\"https:\/\/cosmetic.lv\/wp-content\/uploads\/2021\/02\/cosmetic.lv_logo.jpg\",\"contentUrl\":\"https:\/\/cosmetic.lv\/wp-content\/uploads\/2021\/02\/cosmetic.lv_logo.jpg\",\"width\":596,\"height\":196,\"caption\":\"COSMETIC.LV\"},\"image\":{\"@id\":\"https:\/\/cosmetic.lv\/lv\/#\/schema\/logo\/image\/\"},\"sameAs\":[\"https:\/\/www.facebook.com\/cosmetic.lv\/\"]}]}<\/script>\n<meta property=\"product:price:amount\" content=\"8.50\" \/>\n<meta property=\"product:price:currency\" content=\"EUR\" \/>\n<meta property=\"og:availability\" content=\"instock\" \/>\n<meta property=\"product:availability\" content=\"instock\" \/>\n<meta property=\"product:retailer_item_id\" content=\"23497\" \/>\n<meta property=\"product:condition\" content=\"new\" \/>\n<!-- \/ Yoast SEO Premium plugin. -->","yoast_head_json":{"title":"KARBON 9 OG\u013bU \u0160AMP\u016aNS 350ml - cosmetic.lv","robots":{"index":"index","follow":"follow","max-snippet":"max-snippet:-1","max-image-preview":"max-image-preview:large","max-video-preview":"max-video-preview:-1"},"canonical":"https:\/\/cosmetic.lv\/lv\/product\/karbon-9-oglu-sampuns-350ml\/","og_locale":"lv_LV","og_type":"article","og_title":"KARBON 9 OG\u013bU \u0160AMP\u016aNS 350ml","og_description":"\u0160amp\u016bns\u00a0ide\u0101li piem\u0113rots \u0137\u012bmiski apstr\u0101d\u0101tiem un stresa pak\u013cautiem matiem. Bagatin\u0101ts ar 9 augu ekstraktiem un ar aktiv\u0113tu augu ogli. Att\u012bra matus,","og_url":"https:\/\/cosmetic.lv\/lv\/product\/karbon-9-oglu-sampuns-350ml\/","og_site_name":"cosmetic.lv","article_publisher":"https:\/\/www.facebook.com\/cosmetic.lv\/","og_image":[{"width":523,"height":523,"url":"https:\/\/cosmetic.lv\/wp-content\/uploads\/2021\/12\/23497.png","type":"image\/png"}],"twitter_card":"summary_large_image","schema":{"@context":"https:\/\/schema.org","@graph":[{"@type":"WebPage","@id":"https:\/\/cosmetic.lv\/lv\/product\/karbon-9-oglu-sampuns-350ml\/","url":"https:\/\/cosmetic.lv\/lv\/product\/karbon-9-oglu-sampuns-350ml\/","name":"KARBON 9 OG\u013bU \u0160AMP\u016aNS 350ml - cosmetic.lv","isPartOf":{"@id":"https:\/\/cosmetic.lv\/lv\/#website"},"primaryImageOfPage":{"@id":"https:\/\/cosmetic.lv\/lv\/product\/karbon-9-oglu-sampuns-350ml\/#primaryimage"},"image":{"@id":"https:\/\/cosmetic.lv\/lv\/product\/karbon-9-oglu-sampuns-350ml\/#primaryimage"},"thumbnailUrl":"https:\/\/cosmetic.lv\/wp-content\/uploads\/2021\/12\/23497.png","datePublished":"2021-12-24T17:18:33+00:00","breadcrumb":{"@id":"https:\/\/cosmetic.lv\/lv\/product\/karbon-9-oglu-sampuns-350ml\/#breadcrumb"},"inLanguage":"lv-LV","potentialAction":[{"@type":"ReadAction","target":["https:\/\/cosmetic.lv\/lv\/product\/karbon-9-oglu-sampuns-350ml\/"]}]},{"@type":"ImageObject","inLanguage":"lv-LV","@id":"https:\/\/cosmetic.lv\/lv\/product\/karbon-9-oglu-sampuns-350ml\/#primaryimage","url":"https:\/\/cosmetic.lv\/wp-content\/uploads\/2021\/12\/23497.png","contentUrl":"https:\/\/cosmetic.lv\/wp-content\/uploads\/2021\/12\/23497.png","width":523,"height":523},{"@type":"BreadcrumbList","@id":"https:\/\/cosmetic.lv\/lv\/product\/karbon-9-oglu-sampuns-350ml\/#breadcrumb","itemListElement":[{"@type":"ListItem","position":1,"name":"Home","item":"https:\/\/cosmetic.lv\/lv\/"},{"@type":"ListItem","position":2,"name":"Veikals","item":"https:\/\/cosmetic.lv\/lv\/veiklas\/"},{"@type":"ListItem","position":3,"name":"KARBON 9 OG\u013bU \u0160AMP\u016aNS 350ml"}]},{"@type":"WebSite","@id":"https:\/\/cosmetic.lv\/lv\/#website","url":"https:\/\/cosmetic.lv\/lv\/","name":"cosmetic.lv","description":"Profesion\u0101la kosm\u0113tika - Maria Galland, Keune, Arkadija, GMT, Guam, Magiray","publisher":{"@id":"https:\/\/cosmetic.lv\/lv\/#organization"},"potentialAction":[{"@type":"SearchAction","target":{"@type":"EntryPoint","urlTemplate":"https:\/\/cosmetic.lv\/lv\/?s={search_term_string}"},"query-input":{"@type":"PropertyValueSpecification","valueRequired":true,"valueName":"search_term_string"}}],"inLanguage":"lv-LV"},{"@type":"Organization","@id":"https:\/\/cosmetic.lv\/lv\/#organization","name":"COSMETIC.LV","url":"https:\/\/cosmetic.lv\/lv\/","logo":{"@type":"ImageObject","inLanguage":"lv-LV","@id":"https:\/\/cosmetic.lv\/lv\/#\/schema\/logo\/image\/","url":"https:\/\/cosmetic.lv\/wp-content\/uploads\/2021\/02\/cosmetic.lv_logo.jpg","contentUrl":"https:\/\/cosmetic.lv\/wp-content\/uploads\/2021\/02\/cosmetic.lv_logo.jpg","width":596,"height":196,"caption":"COSMETIC.LV"},"image":{"@id":"https:\/\/cosmetic.lv\/lv\/#\/schema\/logo\/image\/"},"sameAs":["https:\/\/www.facebook.com\/cosmetic.lv\/"]}]},"product_price_amount":"8.50","product_price_currency":"EUR","og_availability":"instock","product_availability":"instock","product_retailer_item_id":"23497","product_condition":"new"},"_links":{"self":[{"href":"https:\/\/cosmetic.lv\/lv\/wp-json\/wp\/v2\/product\/37830","targetHints":{"allow":["GET"]}}],"collection":[{"href":"https:\/\/cosmetic.lv\/lv\/wp-json\/wp\/v2\/product"}],"about":[{"href":"https:\/\/cosmetic.lv\/lv\/wp-json\/wp\/v2\/types\/product"}],"wp:featuredmedia":[{"embeddable":true,"href":"https:\/\/cosmetic.lv\/lv\/wp-json\/wp\/v2\/media\/37829"}],"wp:attachment":[{"href":"https:\/\/cosmetic.lv\/lv\/wp-json\/wp\/v2\/media?parent=37830"}],"wp:term":[{"taxonomy":"product_brand","embeddable":true,"href":"https:\/\/cosmetic.lv\/lv\/wp-json\/wp\/v2\/product_brand?post=37830"},{"taxonomy":"product_cat","embeddable":true,"href":"https:\/\/cosmetic.lv\/lv\/wp-json\/wp\/v2\/product_cat?post=37830"},{"taxonomy":"product_tag","embeddable":true,"href":"https:\/\/cosmetic.lv\/lv\/wp-json\/wp\/v2\/product_tag?post=37830"}],"curies":[{"name":"wp","href":"https:\/\/api.w.org\/{rel}","templated":true}]}}