{"id":37862,"date":"2021-12-31T13:19:29","date_gmt":"2021-12-31T11:20:53","guid":{"rendered":"https:\/\/cosmetic.lv\/?post_type=product&#038;p=37862"},"modified":"2021-12-31T13:22:07","modified_gmt":"2021-12-31T11:22:07","slug":"maqui-3-divfazu-ella-100ml","status":"publish","type":"product","link":"https:\/\/cosmetic.lv\/lv\/product\/maqui-3-divfazu-ella-100ml\/","title":{"rendered":"MAQUI 3 DIVF\u0100\u017dU E\u013b\u013bA 100ml"},"content":{"rendered":"<p>E\u013c\u013ca sausu un boj\u0101tu matu sp\u012bdumam. Mitrina, nov\u0113r\u0161 p\u016bkain\u012bbu, mati k\u013c\u016bst z\u012bdaini un maigi vis\u0101 to garum\u0101 bez smaguma saj\u016btas. Tiek izmantota pirms matu veido\u0161anai, \u0101r\u0113j\u0101 matu izskata un strukt\u016bras uzlabojumam.<\/p>\n<ul>\n<li>100% veg\u0101nisks produkts<\/li>\n<li>94% natur\u0101lie komponenti<\/li>\n<li>74% biolo\u0123iski no\u0101rd\u0101ma formula<\/li>\n<li>nesatur sulf\u0101tus, silikonus, parab\u0113nus<\/li>\n<\/ul>\n<p><strong>Lieto\u0161ana:<\/strong>\u00a0: izsmidziniet vienu vai divas reizes uz nosusin\u0101tiem ar dvieli matiem. Neskalojiet un veidojiet matus ar f\u0113nu vai taisnot\u0101ju. Pirms lieto\u0161anas sakrat\u012bt.<\/p>\n","protected":false},"excerpt":{"rendered":"<p>E\u013c\u013ca sausu un boj\u0101tu matu sp\u012bdumam. Mitrina, nov\u0113r\u0161 p\u016bkain\u012bbu, mati k\u013c\u016bst z\u012bdaini un maigi vis\u0101 to garum\u0101 bez smaguma saj\u016btas.<\/p>\n","protected":false},"featured_media":37861,"template":"","meta":[],"product_brand":[],"product_cat":[2258,2266],"product_tag":[],"class_list":{"0":"post-37862","1":"product","2":"type-product","3":"status-publish","4":"has-post-thumbnail","6":"product_cat-profesionala-kosmetika-matiem-lv","7":"product_cat-echosline-professional-italy-lv","9":"first","10":"instock","11":"taxable","12":"shipping-taxable","13":"purchasable","14":"product-type-simple"},"yoast_head":"<!-- This site is optimized with the Yoast SEO Premium plugin v27.0 (Yoast SEO v27.0) - https:\/\/yoast.com\/product\/yoast-seo-premium-wordpress\/ -->\n<title>MAQUI 3 DIVF\u0100\u017dU E\u013b\u013bA 100ml - cosmetic.lv<\/title>\n<meta name=\"robots\" content=\"index, follow, max-snippet:-1, max-image-preview:large, max-video-preview:-1\" \/>\n<link rel=\"canonical\" href=\"https:\/\/cosmetic.lv\/lv\/product\/maqui-3-divfazu-ella-100ml\/\" \/>\n<meta property=\"og:locale\" content=\"lv_LV\" \/>\n<meta property=\"og:type\" content=\"article\" \/>\n<meta property=\"og:title\" content=\"MAQUI 3 DIVF\u0100\u017dU E\u013b\u013bA 100ml\" \/>\n<meta property=\"og:description\" content=\"E\u013c\u013ca sausu un boj\u0101tu matu sp\u012bdumam. Mitrina, nov\u0113r\u0161 p\u016bkain\u012bbu, mati k\u013c\u016bst z\u012bdaini un maigi vis\u0101 to garum\u0101 bez smaguma saj\u016btas.\" \/>\n<meta property=\"og:url\" content=\"https:\/\/cosmetic.lv\/lv\/product\/maqui-3-divfazu-ella-100ml\/\" \/>\n<meta property=\"og:site_name\" content=\"cosmetic.lv\" \/>\n<meta property=\"article:publisher\" content=\"https:\/\/www.facebook.com\/cosmetic.lv\/\" \/>\n<meta property=\"article:modified_time\" content=\"2021-12-31T11:22:07+00:00\" \/>\n<meta property=\"og:image\" content=\"https:\/\/cosmetic.lv\/wp-content\/uploads\/2021\/12\/23875-2-600x400-1.png\" \/>\n\t<meta property=\"og:image:width\" content=\"600\" \/>\n\t<meta property=\"og:image:height\" content=\"400\" \/>\n\t<meta property=\"og:image:type\" content=\"image\/png\" \/>\n<meta name=\"twitter:card\" content=\"summary_large_image\" \/>\n<script type=\"application\/ld+json\" class=\"yoast-schema-graph\">{\"@context\":\"https:\/\/schema.org\",\"@graph\":[{\"@type\":\"WebPage\",\"@id\":\"https:\/\/cosmetic.lv\/lv\/product\/maqui-3-divfazu-ella-100ml\/\",\"url\":\"https:\/\/cosmetic.lv\/lv\/product\/maqui-3-divfazu-ella-100ml\/\",\"name\":\"MAQUI 3 DIVF\u0100\u017dU E\u013b\u013bA 100ml - cosmetic.lv\",\"isPartOf\":{\"@id\":\"https:\/\/cosmetic.lv\/lv\/#website\"},\"primaryImageOfPage\":{\"@id\":\"https:\/\/cosmetic.lv\/lv\/product\/maqui-3-divfazu-ella-100ml\/#primaryimage\"},\"image\":{\"@id\":\"https:\/\/cosmetic.lv\/lv\/product\/maqui-3-divfazu-ella-100ml\/#primaryimage\"},\"thumbnailUrl\":\"https:\/\/cosmetic.lv\/wp-content\/uploads\/2021\/12\/23875-2-600x400-1.png\",\"datePublished\":\"2021-12-31T11:20:53+00:00\",\"dateModified\":\"2021-12-31T11:22:07+00:00\",\"breadcrumb\":{\"@id\":\"https:\/\/cosmetic.lv\/lv\/product\/maqui-3-divfazu-ella-100ml\/#breadcrumb\"},\"inLanguage\":\"lv-LV\",\"potentialAction\":[{\"@type\":\"ReadAction\",\"target\":[\"https:\/\/cosmetic.lv\/lv\/product\/maqui-3-divfazu-ella-100ml\/\"]}]},{\"@type\":\"ImageObject\",\"inLanguage\":\"lv-LV\",\"@id\":\"https:\/\/cosmetic.lv\/lv\/product\/maqui-3-divfazu-ella-100ml\/#primaryimage\",\"url\":\"https:\/\/cosmetic.lv\/wp-content\/uploads\/2021\/12\/23875-2-600x400-1.png\",\"contentUrl\":\"https:\/\/cosmetic.lv\/wp-content\/uploads\/2021\/12\/23875-2-600x400-1.png\",\"width\":600,\"height\":400},{\"@type\":\"BreadcrumbList\",\"@id\":\"https:\/\/cosmetic.lv\/lv\/product\/maqui-3-divfazu-ella-100ml\/#breadcrumb\",\"itemListElement\":[{\"@type\":\"ListItem\",\"position\":1,\"name\":\"Home\",\"item\":\"https:\/\/cosmetic.lv\/lv\/\"},{\"@type\":\"ListItem\",\"position\":2,\"name\":\"Veikals\",\"item\":\"https:\/\/cosmetic.lv\/lv\/veiklas\/\"},{\"@type\":\"ListItem\",\"position\":3,\"name\":\"MAQUI 3 DIVF\u0100\u017dU E\u013b\u013bA 100ml\"}]},{\"@type\":\"WebSite\",\"@id\":\"https:\/\/cosmetic.lv\/lv\/#website\",\"url\":\"https:\/\/cosmetic.lv\/lv\/\",\"name\":\"cosmetic.lv\",\"description\":\"Profesion\u0101la kosm\u0113tika - Maria Galland, Keune, Arkadija, GMT, Guam, Magiray\",\"publisher\":{\"@id\":\"https:\/\/cosmetic.lv\/lv\/#organization\"},\"potentialAction\":[{\"@type\":\"SearchAction\",\"target\":{\"@type\":\"EntryPoint\",\"urlTemplate\":\"https:\/\/cosmetic.lv\/lv\/?s={search_term_string}\"},\"query-input\":{\"@type\":\"PropertyValueSpecification\",\"valueRequired\":true,\"valueName\":\"search_term_string\"}}],\"inLanguage\":\"lv-LV\"},{\"@type\":\"Organization\",\"@id\":\"https:\/\/cosmetic.lv\/lv\/#organization\",\"name\":\"COSMETIC.LV\",\"url\":\"https:\/\/cosmetic.lv\/lv\/\",\"logo\":{\"@type\":\"ImageObject\",\"inLanguage\":\"lv-LV\",\"@id\":\"https:\/\/cosmetic.lv\/lv\/#\/schema\/logo\/image\/\",\"url\":\"https:\/\/cosmetic.lv\/wp-content\/uploads\/2021\/02\/cosmetic.lv_logo.jpg\",\"contentUrl\":\"https:\/\/cosmetic.lv\/wp-content\/uploads\/2021\/02\/cosmetic.lv_logo.jpg\",\"width\":596,\"height\":196,\"caption\":\"COSMETIC.LV\"},\"image\":{\"@id\":\"https:\/\/cosmetic.lv\/lv\/#\/schema\/logo\/image\/\"},\"sameAs\":[\"https:\/\/www.facebook.com\/cosmetic.lv\/\"]}]}<\/script>\n<meta property=\"product:price:amount\" content=\"22.10\" \/>\n<meta property=\"product:price:currency\" content=\"EUR\" \/>\n<meta property=\"og:availability\" content=\"instock\" \/>\n<meta property=\"product:availability\" content=\"instock\" \/>\n<meta property=\"product:retailer_item_id\" content=\"23875-2\" \/>\n<meta property=\"product:condition\" content=\"new\" \/>\n<!-- \/ Yoast SEO Premium plugin. -->","yoast_head_json":{"title":"MAQUI 3 DIVF\u0100\u017dU E\u013b\u013bA 100ml - cosmetic.lv","robots":{"index":"index","follow":"follow","max-snippet":"max-snippet:-1","max-image-preview":"max-image-preview:large","max-video-preview":"max-video-preview:-1"},"canonical":"https:\/\/cosmetic.lv\/lv\/product\/maqui-3-divfazu-ella-100ml\/","og_locale":"lv_LV","og_type":"article","og_title":"MAQUI 3 DIVF\u0100\u017dU E\u013b\u013bA 100ml","og_description":"E\u013c\u013ca sausu un boj\u0101tu matu sp\u012bdumam. Mitrina, nov\u0113r\u0161 p\u016bkain\u012bbu, mati k\u013c\u016bst z\u012bdaini un maigi vis\u0101 to garum\u0101 bez smaguma saj\u016btas.","og_url":"https:\/\/cosmetic.lv\/lv\/product\/maqui-3-divfazu-ella-100ml\/","og_site_name":"cosmetic.lv","article_publisher":"https:\/\/www.facebook.com\/cosmetic.lv\/","article_modified_time":"2021-12-31T11:22:07+00:00","og_image":[{"width":600,"height":400,"url":"https:\/\/cosmetic.lv\/wp-content\/uploads\/2021\/12\/23875-2-600x400-1.png","type":"image\/png"}],"twitter_card":"summary_large_image","schema":{"@context":"https:\/\/schema.org","@graph":[{"@type":"WebPage","@id":"https:\/\/cosmetic.lv\/lv\/product\/maqui-3-divfazu-ella-100ml\/","url":"https:\/\/cosmetic.lv\/lv\/product\/maqui-3-divfazu-ella-100ml\/","name":"MAQUI 3 DIVF\u0100\u017dU E\u013b\u013bA 100ml - cosmetic.lv","isPartOf":{"@id":"https:\/\/cosmetic.lv\/lv\/#website"},"primaryImageOfPage":{"@id":"https:\/\/cosmetic.lv\/lv\/product\/maqui-3-divfazu-ella-100ml\/#primaryimage"},"image":{"@id":"https:\/\/cosmetic.lv\/lv\/product\/maqui-3-divfazu-ella-100ml\/#primaryimage"},"thumbnailUrl":"https:\/\/cosmetic.lv\/wp-content\/uploads\/2021\/12\/23875-2-600x400-1.png","datePublished":"2021-12-31T11:20:53+00:00","dateModified":"2021-12-31T11:22:07+00:00","breadcrumb":{"@id":"https:\/\/cosmetic.lv\/lv\/product\/maqui-3-divfazu-ella-100ml\/#breadcrumb"},"inLanguage":"lv-LV","potentialAction":[{"@type":"ReadAction","target":["https:\/\/cosmetic.lv\/lv\/product\/maqui-3-divfazu-ella-100ml\/"]}]},{"@type":"ImageObject","inLanguage":"lv-LV","@id":"https:\/\/cosmetic.lv\/lv\/product\/maqui-3-divfazu-ella-100ml\/#primaryimage","url":"https:\/\/cosmetic.lv\/wp-content\/uploads\/2021\/12\/23875-2-600x400-1.png","contentUrl":"https:\/\/cosmetic.lv\/wp-content\/uploads\/2021\/12\/23875-2-600x400-1.png","width":600,"height":400},{"@type":"BreadcrumbList","@id":"https:\/\/cosmetic.lv\/lv\/product\/maqui-3-divfazu-ella-100ml\/#breadcrumb","itemListElement":[{"@type":"ListItem","position":1,"name":"Home","item":"https:\/\/cosmetic.lv\/lv\/"},{"@type":"ListItem","position":2,"name":"Veikals","item":"https:\/\/cosmetic.lv\/lv\/veiklas\/"},{"@type":"ListItem","position":3,"name":"MAQUI 3 DIVF\u0100\u017dU E\u013b\u013bA 100ml"}]},{"@type":"WebSite","@id":"https:\/\/cosmetic.lv\/lv\/#website","url":"https:\/\/cosmetic.lv\/lv\/","name":"cosmetic.lv","description":"Profesion\u0101la kosm\u0113tika - Maria Galland, Keune, Arkadija, GMT, Guam, Magiray","publisher":{"@id":"https:\/\/cosmetic.lv\/lv\/#organization"},"potentialAction":[{"@type":"SearchAction","target":{"@type":"EntryPoint","urlTemplate":"https:\/\/cosmetic.lv\/lv\/?s={search_term_string}"},"query-input":{"@type":"PropertyValueSpecification","valueRequired":true,"valueName":"search_term_string"}}],"inLanguage":"lv-LV"},{"@type":"Organization","@id":"https:\/\/cosmetic.lv\/lv\/#organization","name":"COSMETIC.LV","url":"https:\/\/cosmetic.lv\/lv\/","logo":{"@type":"ImageObject","inLanguage":"lv-LV","@id":"https:\/\/cosmetic.lv\/lv\/#\/schema\/logo\/image\/","url":"https:\/\/cosmetic.lv\/wp-content\/uploads\/2021\/02\/cosmetic.lv_logo.jpg","contentUrl":"https:\/\/cosmetic.lv\/wp-content\/uploads\/2021\/02\/cosmetic.lv_logo.jpg","width":596,"height":196,"caption":"COSMETIC.LV"},"image":{"@id":"https:\/\/cosmetic.lv\/lv\/#\/schema\/logo\/image\/"},"sameAs":["https:\/\/www.facebook.com\/cosmetic.lv\/"]}]},"product_price_amount":"22.10","product_price_currency":"EUR","og_availability":"instock","product_availability":"instock","product_retailer_item_id":"23875-2","product_condition":"new"},"_links":{"self":[{"href":"https:\/\/cosmetic.lv\/lv\/wp-json\/wp\/v2\/product\/37862","targetHints":{"allow":["GET"]}}],"collection":[{"href":"https:\/\/cosmetic.lv\/lv\/wp-json\/wp\/v2\/product"}],"about":[{"href":"https:\/\/cosmetic.lv\/lv\/wp-json\/wp\/v2\/types\/product"}],"wp:featuredmedia":[{"embeddable":true,"href":"https:\/\/cosmetic.lv\/lv\/wp-json\/wp\/v2\/media\/37861"}],"wp:attachment":[{"href":"https:\/\/cosmetic.lv\/lv\/wp-json\/wp\/v2\/media?parent=37862"}],"wp:term":[{"taxonomy":"product_brand","embeddable":true,"href":"https:\/\/cosmetic.lv\/lv\/wp-json\/wp\/v2\/product_brand?post=37862"},{"taxonomy":"product_cat","embeddable":true,"href":"https:\/\/cosmetic.lv\/lv\/wp-json\/wp\/v2\/product_cat?post=37862"},{"taxonomy":"product_tag","embeddable":true,"href":"https:\/\/cosmetic.lv\/lv\/wp-json\/wp\/v2\/product_tag?post=37862"}],"curies":[{"name":"wp","href":"https:\/\/api.w.org\/{rel}","templated":true}]}}