{"id":37875,"date":"2021-12-31T13:34:50","date_gmt":"2021-12-31T11:38:25","guid":{"rendered":"https:\/\/cosmetic.lv\/?post_type=product&#038;p=37875"},"modified":"2021-12-31T13:38:25","modified_gmt":"2021-12-31T11:38:25","slug":"maqui-3-mitrinoss-sampuns-975ml","status":"publish","type":"product","link":"https:\/\/cosmetic.lv\/lv\/product\/maqui-3-mitrinoss-sampuns-975ml\/","title":{"rendered":"MAQUI 3 MITRINO\u0160S \u0160AMP\u016aNS 975ml"},"content":{"rendered":"<p><strong>ALL-IN SHAMPOO<\/strong><\/p>\n<p>MAIGS MITRINO\u0160S VEG\u0100NU \u0160AMP\u016aNS<\/p>\n<p>Sausiem un boj\u0101tiem matiem<\/p>\n<p>100% veg\u0101ns produkts<\/p>\n<p>98% dab\u012bgas sast\u0101vda\u013cas<\/p>\n<p>87% biolo\u0123iski sadal\u0101ma formula<\/p>\n<p>Bez sulf\u0101tiem-silikoniem-parab\u0113niem-SLES<\/p>\n<p>Dabisk\u0101 formula ar Maqui ekstraktu, bagatin\u0101ts ar antioksidantiem, maigi att\u012bra un mitrina matus, atst\u0101jot tos vieglus un barotus, napie\u0161\u0137irot matiem smagumu un neradot statiku. . Ide\u0101li piem\u0113rots visiem matu veidiem.<\/p>\n<p><strong>Lieto\u0161ana:<\/strong>\u00a0uzkl\u0101t uz mitriem matiem, iemas\u0113t un izskalot.<\/p>\n","protected":false},"excerpt":{"rendered":"<p>ALL-IN SHAMPOO MAIGS MITRINO\u0160S VEG\u0100NU \u0160AMP\u016aNS Sausiem un boj\u0101tiem matiem 100% veg\u0101ns produkts 98% dab\u012bgas sast\u0101vda\u013cas 87% biolo\u0123iski sadal\u0101ma formula<\/p>\n","protected":false},"featured_media":37874,"template":"","meta":[],"product_brand":[],"product_cat":[2258,2266],"product_tag":[],"class_list":{"0":"post-37875","1":"product","2":"type-product","3":"status-publish","4":"has-post-thumbnail","6":"product_cat-profesionala-kosmetika-matiem-lv","7":"product_cat-echosline-professional-italy-lv","9":"first","10":"instock","11":"taxable","12":"shipping-taxable","13":"purchasable","14":"product-type-simple"},"yoast_head":"<!-- This site is optimized with the Yoast SEO Premium plugin v27.0 (Yoast SEO v27.0) - https:\/\/yoast.com\/product\/yoast-seo-premium-wordpress\/ -->\n<title>MAQUI 3 MITRINO\u0160S \u0160AMP\u016aNS 975ml - cosmetic.lv<\/title>\n<meta name=\"robots\" content=\"index, follow, max-snippet:-1, max-image-preview:large, max-video-preview:-1\" \/>\n<link rel=\"canonical\" href=\"https:\/\/cosmetic.lv\/lv\/product\/maqui-3-mitrinoss-sampuns-975ml\/\" \/>\n<meta property=\"og:locale\" content=\"lv_LV\" \/>\n<meta property=\"og:type\" content=\"article\" \/>\n<meta property=\"og:title\" content=\"MAQUI 3 MITRINO\u0160S \u0160AMP\u016aNS 975ml\" \/>\n<meta property=\"og:description\" content=\"ALL-IN SHAMPOO MAIGS MITRINO\u0160S VEG\u0100NU \u0160AMP\u016aNS Sausiem un boj\u0101tiem matiem 100% veg\u0101ns produkts 98% dab\u012bgas sast\u0101vda\u013cas 87% biolo\u0123iski sadal\u0101ma formula\" \/>\n<meta property=\"og:url\" content=\"https:\/\/cosmetic.lv\/lv\/product\/maqui-3-mitrinoss-sampuns-975ml\/\" \/>\n<meta property=\"og:site_name\" content=\"cosmetic.lv\" \/>\n<meta property=\"article:publisher\" content=\"https:\/\/www.facebook.com\/cosmetic.lv\/\" \/>\n<meta property=\"og:image\" content=\"https:\/\/cosmetic.lv\/wp-content\/uploads\/2021\/12\/23869-600x400-1.jpg\" \/>\n\t<meta property=\"og:image:width\" content=\"600\" \/>\n\t<meta property=\"og:image:height\" content=\"400\" \/>\n\t<meta property=\"og:image:type\" content=\"image\/jpeg\" \/>\n<meta name=\"twitter:card\" content=\"summary_large_image\" \/>\n<script type=\"application\/ld+json\" class=\"yoast-schema-graph\">{\"@context\":\"https:\/\/schema.org\",\"@graph\":[{\"@type\":\"WebPage\",\"@id\":\"https:\/\/cosmetic.lv\/lv\/product\/maqui-3-mitrinoss-sampuns-975ml\/\",\"url\":\"https:\/\/cosmetic.lv\/lv\/product\/maqui-3-mitrinoss-sampuns-975ml\/\",\"name\":\"MAQUI 3 MITRINO\u0160S \u0160AMP\u016aNS 975ml - cosmetic.lv\",\"isPartOf\":{\"@id\":\"https:\/\/cosmetic.lv\/lv\/#website\"},\"primaryImageOfPage\":{\"@id\":\"https:\/\/cosmetic.lv\/lv\/product\/maqui-3-mitrinoss-sampuns-975ml\/#primaryimage\"},\"image\":{\"@id\":\"https:\/\/cosmetic.lv\/lv\/product\/maqui-3-mitrinoss-sampuns-975ml\/#primaryimage\"},\"thumbnailUrl\":\"https:\/\/cosmetic.lv\/wp-content\/uploads\/2021\/12\/23869-600x400-1.jpg\",\"datePublished\":\"2021-12-31T11:38:25+00:00\",\"breadcrumb\":{\"@id\":\"https:\/\/cosmetic.lv\/lv\/product\/maqui-3-mitrinoss-sampuns-975ml\/#breadcrumb\"},\"inLanguage\":\"lv-LV\",\"potentialAction\":[{\"@type\":\"ReadAction\",\"target\":[\"https:\/\/cosmetic.lv\/lv\/product\/maqui-3-mitrinoss-sampuns-975ml\/\"]}]},{\"@type\":\"ImageObject\",\"inLanguage\":\"lv-LV\",\"@id\":\"https:\/\/cosmetic.lv\/lv\/product\/maqui-3-mitrinoss-sampuns-975ml\/#primaryimage\",\"url\":\"https:\/\/cosmetic.lv\/wp-content\/uploads\/2021\/12\/23869-600x400-1.jpg\",\"contentUrl\":\"https:\/\/cosmetic.lv\/wp-content\/uploads\/2021\/12\/23869-600x400-1.jpg\",\"width\":600,\"height\":400},{\"@type\":\"BreadcrumbList\",\"@id\":\"https:\/\/cosmetic.lv\/lv\/product\/maqui-3-mitrinoss-sampuns-975ml\/#breadcrumb\",\"itemListElement\":[{\"@type\":\"ListItem\",\"position\":1,\"name\":\"Home\",\"item\":\"https:\/\/cosmetic.lv\/lv\/\"},{\"@type\":\"ListItem\",\"position\":2,\"name\":\"Veikals\",\"item\":\"https:\/\/cosmetic.lv\/lv\/veiklas\/\"},{\"@type\":\"ListItem\",\"position\":3,\"name\":\"MAQUI 3 MITRINO\u0160S \u0160AMP\u016aNS 975ml\"}]},{\"@type\":\"WebSite\",\"@id\":\"https:\/\/cosmetic.lv\/lv\/#website\",\"url\":\"https:\/\/cosmetic.lv\/lv\/\",\"name\":\"cosmetic.lv\",\"description\":\"Profesion\u0101la kosm\u0113tika - Maria Galland, Keune, Arkadija, GMT, Guam, Magiray\",\"publisher\":{\"@id\":\"https:\/\/cosmetic.lv\/lv\/#organization\"},\"potentialAction\":[{\"@type\":\"SearchAction\",\"target\":{\"@type\":\"EntryPoint\",\"urlTemplate\":\"https:\/\/cosmetic.lv\/lv\/?s={search_term_string}\"},\"query-input\":{\"@type\":\"PropertyValueSpecification\",\"valueRequired\":true,\"valueName\":\"search_term_string\"}}],\"inLanguage\":\"lv-LV\"},{\"@type\":\"Organization\",\"@id\":\"https:\/\/cosmetic.lv\/lv\/#organization\",\"name\":\"COSMETIC.LV\",\"url\":\"https:\/\/cosmetic.lv\/lv\/\",\"logo\":{\"@type\":\"ImageObject\",\"inLanguage\":\"lv-LV\",\"@id\":\"https:\/\/cosmetic.lv\/lv\/#\/schema\/logo\/image\/\",\"url\":\"https:\/\/cosmetic.lv\/wp-content\/uploads\/2021\/02\/cosmetic.lv_logo.jpg\",\"contentUrl\":\"https:\/\/cosmetic.lv\/wp-content\/uploads\/2021\/02\/cosmetic.lv_logo.jpg\",\"width\":596,\"height\":196,\"caption\":\"COSMETIC.LV\"},\"image\":{\"@id\":\"https:\/\/cosmetic.lv\/lv\/#\/schema\/logo\/image\/\"},\"sameAs\":[\"https:\/\/www.facebook.com\/cosmetic.lv\/\"]}]}<\/script>\n<meta property=\"product:price:amount\" content=\"18.20\" \/>\n<meta property=\"product:price:currency\" content=\"EUR\" \/>\n<meta property=\"og:availability\" content=\"instock\" \/>\n<meta property=\"product:availability\" content=\"instock\" \/>\n<meta property=\"product:retailer_item_id\" content=\"23869\" \/>\n<meta property=\"product:condition\" content=\"new\" \/>\n<!-- \/ Yoast SEO Premium plugin. -->","yoast_head_json":{"title":"MAQUI 3 MITRINO\u0160S \u0160AMP\u016aNS 975ml - cosmetic.lv","robots":{"index":"index","follow":"follow","max-snippet":"max-snippet:-1","max-image-preview":"max-image-preview:large","max-video-preview":"max-video-preview:-1"},"canonical":"https:\/\/cosmetic.lv\/lv\/product\/maqui-3-mitrinoss-sampuns-975ml\/","og_locale":"lv_LV","og_type":"article","og_title":"MAQUI 3 MITRINO\u0160S \u0160AMP\u016aNS 975ml","og_description":"ALL-IN SHAMPOO MAIGS MITRINO\u0160S VEG\u0100NU \u0160AMP\u016aNS Sausiem un boj\u0101tiem matiem 100% veg\u0101ns produkts 98% dab\u012bgas sast\u0101vda\u013cas 87% biolo\u0123iski sadal\u0101ma formula","og_url":"https:\/\/cosmetic.lv\/lv\/product\/maqui-3-mitrinoss-sampuns-975ml\/","og_site_name":"cosmetic.lv","article_publisher":"https:\/\/www.facebook.com\/cosmetic.lv\/","og_image":[{"width":600,"height":400,"url":"https:\/\/cosmetic.lv\/wp-content\/uploads\/2021\/12\/23869-600x400-1.jpg","type":"image\/jpeg"}],"twitter_card":"summary_large_image","schema":{"@context":"https:\/\/schema.org","@graph":[{"@type":"WebPage","@id":"https:\/\/cosmetic.lv\/lv\/product\/maqui-3-mitrinoss-sampuns-975ml\/","url":"https:\/\/cosmetic.lv\/lv\/product\/maqui-3-mitrinoss-sampuns-975ml\/","name":"MAQUI 3 MITRINO\u0160S \u0160AMP\u016aNS 975ml - cosmetic.lv","isPartOf":{"@id":"https:\/\/cosmetic.lv\/lv\/#website"},"primaryImageOfPage":{"@id":"https:\/\/cosmetic.lv\/lv\/product\/maqui-3-mitrinoss-sampuns-975ml\/#primaryimage"},"image":{"@id":"https:\/\/cosmetic.lv\/lv\/product\/maqui-3-mitrinoss-sampuns-975ml\/#primaryimage"},"thumbnailUrl":"https:\/\/cosmetic.lv\/wp-content\/uploads\/2021\/12\/23869-600x400-1.jpg","datePublished":"2021-12-31T11:38:25+00:00","breadcrumb":{"@id":"https:\/\/cosmetic.lv\/lv\/product\/maqui-3-mitrinoss-sampuns-975ml\/#breadcrumb"},"inLanguage":"lv-LV","potentialAction":[{"@type":"ReadAction","target":["https:\/\/cosmetic.lv\/lv\/product\/maqui-3-mitrinoss-sampuns-975ml\/"]}]},{"@type":"ImageObject","inLanguage":"lv-LV","@id":"https:\/\/cosmetic.lv\/lv\/product\/maqui-3-mitrinoss-sampuns-975ml\/#primaryimage","url":"https:\/\/cosmetic.lv\/wp-content\/uploads\/2021\/12\/23869-600x400-1.jpg","contentUrl":"https:\/\/cosmetic.lv\/wp-content\/uploads\/2021\/12\/23869-600x400-1.jpg","width":600,"height":400},{"@type":"BreadcrumbList","@id":"https:\/\/cosmetic.lv\/lv\/product\/maqui-3-mitrinoss-sampuns-975ml\/#breadcrumb","itemListElement":[{"@type":"ListItem","position":1,"name":"Home","item":"https:\/\/cosmetic.lv\/lv\/"},{"@type":"ListItem","position":2,"name":"Veikals","item":"https:\/\/cosmetic.lv\/lv\/veiklas\/"},{"@type":"ListItem","position":3,"name":"MAQUI 3 MITRINO\u0160S \u0160AMP\u016aNS 975ml"}]},{"@type":"WebSite","@id":"https:\/\/cosmetic.lv\/lv\/#website","url":"https:\/\/cosmetic.lv\/lv\/","name":"cosmetic.lv","description":"Profesion\u0101la kosm\u0113tika - Maria Galland, Keune, Arkadija, GMT, Guam, Magiray","publisher":{"@id":"https:\/\/cosmetic.lv\/lv\/#organization"},"potentialAction":[{"@type":"SearchAction","target":{"@type":"EntryPoint","urlTemplate":"https:\/\/cosmetic.lv\/lv\/?s={search_term_string}"},"query-input":{"@type":"PropertyValueSpecification","valueRequired":true,"valueName":"search_term_string"}}],"inLanguage":"lv-LV"},{"@type":"Organization","@id":"https:\/\/cosmetic.lv\/lv\/#organization","name":"COSMETIC.LV","url":"https:\/\/cosmetic.lv\/lv\/","logo":{"@type":"ImageObject","inLanguage":"lv-LV","@id":"https:\/\/cosmetic.lv\/lv\/#\/schema\/logo\/image\/","url":"https:\/\/cosmetic.lv\/wp-content\/uploads\/2021\/02\/cosmetic.lv_logo.jpg","contentUrl":"https:\/\/cosmetic.lv\/wp-content\/uploads\/2021\/02\/cosmetic.lv_logo.jpg","width":596,"height":196,"caption":"COSMETIC.LV"},"image":{"@id":"https:\/\/cosmetic.lv\/lv\/#\/schema\/logo\/image\/"},"sameAs":["https:\/\/www.facebook.com\/cosmetic.lv\/"]}]},"product_price_amount":"18.20","product_price_currency":"EUR","og_availability":"instock","product_availability":"instock","product_retailer_item_id":"23869","product_condition":"new"},"_links":{"self":[{"href":"https:\/\/cosmetic.lv\/lv\/wp-json\/wp\/v2\/product\/37875","targetHints":{"allow":["GET"]}}],"collection":[{"href":"https:\/\/cosmetic.lv\/lv\/wp-json\/wp\/v2\/product"}],"about":[{"href":"https:\/\/cosmetic.lv\/lv\/wp-json\/wp\/v2\/types\/product"}],"wp:featuredmedia":[{"embeddable":true,"href":"https:\/\/cosmetic.lv\/lv\/wp-json\/wp\/v2\/media\/37874"}],"wp:attachment":[{"href":"https:\/\/cosmetic.lv\/lv\/wp-json\/wp\/v2\/media?parent=37875"}],"wp:term":[{"taxonomy":"product_brand","embeddable":true,"href":"https:\/\/cosmetic.lv\/lv\/wp-json\/wp\/v2\/product_brand?post=37875"},{"taxonomy":"product_cat","embeddable":true,"href":"https:\/\/cosmetic.lv\/lv\/wp-json\/wp\/v2\/product_cat?post=37875"},{"taxonomy":"product_tag","embeddable":true,"href":"https:\/\/cosmetic.lv\/lv\/wp-json\/wp\/v2\/product_tag?post=37875"}],"curies":[{"name":"wp","href":"https:\/\/api.w.org\/{rel}","templated":true}]}}