{"id":37929,"date":"2022-01-16T17:25:15","date_gmt":"2022-01-16T15:28:27","guid":{"rendered":"https:\/\/cosmetic.lv\/?post_type=product&#038;p=37929"},"modified":"2022-01-16T17:28:28","modified_gmt":"2022-01-16T15:28:28","slug":"kermana-masieris-favorits","status":"publish","type":"product","link":"https:\/\/cosmetic.lv\/lv\/product\/kermana-masieris-favorits\/","title":{"rendered":"\u0136erma\u0146a masieris Favorits"},"content":{"rendered":"<div id=\"tw-target-text-container\">\n<pre id=\"tw-target-text\" dir=\"ltr\">\u0136erme\u0146a mas\u0113t\u0101js Favorite Paredz\u0113ts lieto\u0161anai profilaktiskiem pas\u0101kumiem, kuru m\u0113r\u0137is ir uztur\u0113t vitalit\u0101ti ambulatoros, k\u0101 ar\u012b patst\u0101v\u012bgi m\u0101j\u0101s, lai uztur\u0113tu augstu \u0137erme\u0146a funkcion\u0101l\u0101 st\u0101vok\u013ca l\u012bmeni, nov\u0113rstu slim\u012bbas, uzlabotu st\u0101ju. Mas\u0101\u017eas elementi no\u0101rda tauku nogulsnes, kas pal\u012bdz mazin\u0101t celul\u012btu.<\/pre>\n<\/div>\n<div id=\"tw-target-rmn-container\">\n<div id=\"tw-target-text-container\">\n<pre id=\"tw-target-text\" dir=\"ltr\">Mas\u0113t\u0101js izmantojams k\u0101 pal\u012bgl\u012bdzeklis visu veidu mas\u0101\u017eai: klasiskajai, segment\u0101lajai, pretcelul\u012bta un sporta mas\u0101\u017eai. - P\u0101rslodze - bezmiegs - paaugstin\u0101ta uzbudin\u0101m\u012bba - muguras s\u0101pes - galvass\u0101pes - asinsrites trauc\u0113jumi<\/pre>\n<\/div>\n<div id=\"tw-target-rmn-container\">\n<pre id=\"tw-target-rmn\" dir=\"ltr\"><\/pre>\n<\/div>\n<\/div>\n","protected":false},"excerpt":{"rendered":"<p>\u0136erme\u0146a mas\u0113t\u0101js Favorite Paredz\u0113ts lieto\u0161anai profilaktiskiem pas\u0101kumiem, kuru m\u0113r\u0137is ir uztur\u0113t vitalit\u0101ti ambulatoros, k\u0101 ar\u012b patst\u0101v\u012bgi m\u0101j\u0101s, lai uztur\u0113tu augstu<\/p>\n","protected":false},"featured_media":37928,"template":"","meta":[],"product_brand":[],"product_cat":[2231,2235],"product_tag":[],"class_list":{"0":"post-37929","1":"product","2":"type-product","3":"status-publish","4":"has-post-thumbnail","6":"product_cat-atveselojosas-preces-lv","7":"product_cat-kermenim-lv","9":"first","10":"instock","11":"taxable","12":"shipping-taxable","13":"purchasable","14":"product-type-simple"},"yoast_head":"<!-- This site is optimized with the Yoast SEO Premium plugin v27.0 (Yoast SEO v27.0) - https:\/\/yoast.com\/product\/yoast-seo-premium-wordpress\/ -->\n<title>\u0136erma\u0146a masieris Favorits - cosmetic.lv<\/title>\n<meta name=\"robots\" content=\"index, follow, max-snippet:-1, max-image-preview:large, max-video-preview:-1\" \/>\n<link rel=\"canonical\" href=\"https:\/\/cosmetic.lv\/lv\/product\/kermana-masieris-favorits\/\" \/>\n<meta property=\"og:locale\" content=\"lv_LV\" \/>\n<meta property=\"og:type\" content=\"article\" \/>\n<meta property=\"og:title\" content=\"\u0136erma\u0146a masieris Favorits\" \/>\n<meta property=\"og:description\" content=\"\u0136erme\u0146a mas\u0113t\u0101js Favorite Paredz\u0113ts lieto\u0161anai profilaktiskiem pas\u0101kumiem, kuru m\u0113r\u0137is ir uztur\u0113t vitalit\u0101ti ambulatoros, k\u0101 ar\u012b patst\u0101v\u012bgi m\u0101j\u0101s, lai uztur\u0113tu augstu\" \/>\n<meta property=\"og:url\" content=\"https:\/\/cosmetic.lv\/lv\/product\/kermana-masieris-favorits\/\" \/>\n<meta property=\"og:site_name\" content=\"cosmetic.lv\" \/>\n<meta property=\"article:publisher\" content=\"https:\/\/www.facebook.com\/cosmetic.lv\/\" \/>\n<meta property=\"article:modified_time\" content=\"2022-01-16T15:28:28+00:00\" \/>\n<meta property=\"og:image\" content=\"https:\/\/cosmetic.lv\/wp-content\/uploads\/2022\/01\/34479157-1.jpg\" \/>\n\t<meta property=\"og:image:width\" content=\"900\" \/>\n\t<meta property=\"og:image:height\" content=\"1200\" \/>\n\t<meta property=\"og:image:type\" content=\"image\/jpeg\" \/>\n<meta name=\"twitter:card\" content=\"summary_large_image\" \/>\n<script type=\"application\/ld+json\" class=\"yoast-schema-graph\">{\"@context\":\"https:\/\/schema.org\",\"@graph\":[{\"@type\":\"WebPage\",\"@id\":\"https:\/\/cosmetic.lv\/lv\/product\/kermana-masieris-favorits\/\",\"url\":\"https:\/\/cosmetic.lv\/lv\/product\/kermana-masieris-favorits\/\",\"name\":\"\u0136erma\u0146a masieris Favorits - cosmetic.lv\",\"isPartOf\":{\"@id\":\"https:\/\/cosmetic.lv\/lv\/#website\"},\"primaryImageOfPage\":{\"@id\":\"https:\/\/cosmetic.lv\/lv\/product\/kermana-masieris-favorits\/#primaryimage\"},\"image\":{\"@id\":\"https:\/\/cosmetic.lv\/lv\/product\/kermana-masieris-favorits\/#primaryimage\"},\"thumbnailUrl\":\"https:\/\/cosmetic.lv\/wp-content\/uploads\/2022\/01\/34479157-1.jpg\",\"datePublished\":\"2022-01-16T15:28:27+00:00\",\"dateModified\":\"2022-01-16T15:28:28+00:00\",\"breadcrumb\":{\"@id\":\"https:\/\/cosmetic.lv\/lv\/product\/kermana-masieris-favorits\/#breadcrumb\"},\"inLanguage\":\"lv-LV\",\"potentialAction\":[{\"@type\":\"ReadAction\",\"target\":[\"https:\/\/cosmetic.lv\/lv\/product\/kermana-masieris-favorits\/\"]}]},{\"@type\":\"ImageObject\",\"inLanguage\":\"lv-LV\",\"@id\":\"https:\/\/cosmetic.lv\/lv\/product\/kermana-masieris-favorits\/#primaryimage\",\"url\":\"https:\/\/cosmetic.lv\/wp-content\/uploads\/2022\/01\/34479157-1.jpg\",\"contentUrl\":\"https:\/\/cosmetic.lv\/wp-content\/uploads\/2022\/01\/34479157-1.jpg\",\"width\":900,\"height\":1200},{\"@type\":\"BreadcrumbList\",\"@id\":\"https:\/\/cosmetic.lv\/lv\/product\/kermana-masieris-favorits\/#breadcrumb\",\"itemListElement\":[{\"@type\":\"ListItem\",\"position\":1,\"name\":\"Home\",\"item\":\"https:\/\/cosmetic.lv\/lv\/\"},{\"@type\":\"ListItem\",\"position\":2,\"name\":\"Veikals\",\"item\":\"https:\/\/cosmetic.lv\/lv\/veiklas\/\"},{\"@type\":\"ListItem\",\"position\":3,\"name\":\"\u0136erma\u0146a masieris Favorits\"}]},{\"@type\":\"WebSite\",\"@id\":\"https:\/\/cosmetic.lv\/lv\/#website\",\"url\":\"https:\/\/cosmetic.lv\/lv\/\",\"name\":\"cosmetic.lv\",\"description\":\"Profesion\u0101la kosm\u0113tika - Maria Galland, Keune, Arkadija, GMT, Guam, Magiray\",\"publisher\":{\"@id\":\"https:\/\/cosmetic.lv\/lv\/#organization\"},\"potentialAction\":[{\"@type\":\"SearchAction\",\"target\":{\"@type\":\"EntryPoint\",\"urlTemplate\":\"https:\/\/cosmetic.lv\/lv\/?s={search_term_string}\"},\"query-input\":{\"@type\":\"PropertyValueSpecification\",\"valueRequired\":true,\"valueName\":\"search_term_string\"}}],\"inLanguage\":\"lv-LV\"},{\"@type\":\"Organization\",\"@id\":\"https:\/\/cosmetic.lv\/lv\/#organization\",\"name\":\"COSMETIC.LV\",\"url\":\"https:\/\/cosmetic.lv\/lv\/\",\"logo\":{\"@type\":\"ImageObject\",\"inLanguage\":\"lv-LV\",\"@id\":\"https:\/\/cosmetic.lv\/lv\/#\/schema\/logo\/image\/\",\"url\":\"https:\/\/cosmetic.lv\/wp-content\/uploads\/2021\/02\/cosmetic.lv_logo.jpg\",\"contentUrl\":\"https:\/\/cosmetic.lv\/wp-content\/uploads\/2021\/02\/cosmetic.lv_logo.jpg\",\"width\":596,\"height\":196,\"caption\":\"COSMETIC.LV\"},\"image\":{\"@id\":\"https:\/\/cosmetic.lv\/lv\/#\/schema\/logo\/image\/\"},\"sameAs\":[\"https:\/\/www.facebook.com\/cosmetic.lv\/\"]}]}<\/script>\n<meta property=\"product:price:amount\" content=\"20.00\" \/>\n<meta property=\"product:price:currency\" content=\"EUR\" \/>\n<meta property=\"og:availability\" content=\"instock\" \/>\n<meta property=\"product:availability\" content=\"instock\" \/>\n<meta property=\"product:retailer_item_id\" content=\"mugmas\" \/>\n<meta property=\"product:condition\" content=\"new\" \/>\n<!-- \/ Yoast SEO Premium plugin. -->","yoast_head_json":{"title":"\u0136erma\u0146a masieris Favorits - cosmetic.lv","robots":{"index":"index","follow":"follow","max-snippet":"max-snippet:-1","max-image-preview":"max-image-preview:large","max-video-preview":"max-video-preview:-1"},"canonical":"https:\/\/cosmetic.lv\/lv\/product\/kermana-masieris-favorits\/","og_locale":"lv_LV","og_type":"article","og_title":"\u0136erma\u0146a masieris Favorits","og_description":"\u0136erme\u0146a mas\u0113t\u0101js Favorite Paredz\u0113ts lieto\u0161anai profilaktiskiem pas\u0101kumiem, kuru m\u0113r\u0137is ir uztur\u0113t vitalit\u0101ti ambulatoros, k\u0101 ar\u012b patst\u0101v\u012bgi m\u0101j\u0101s, lai uztur\u0113tu augstu","og_url":"https:\/\/cosmetic.lv\/lv\/product\/kermana-masieris-favorits\/","og_site_name":"cosmetic.lv","article_publisher":"https:\/\/www.facebook.com\/cosmetic.lv\/","article_modified_time":"2022-01-16T15:28:28+00:00","og_image":[{"width":900,"height":1200,"url":"https:\/\/cosmetic.lv\/wp-content\/uploads\/2022\/01\/34479157-1.jpg","type":"image\/jpeg"}],"twitter_card":"summary_large_image","schema":{"@context":"https:\/\/schema.org","@graph":[{"@type":"WebPage","@id":"https:\/\/cosmetic.lv\/lv\/product\/kermana-masieris-favorits\/","url":"https:\/\/cosmetic.lv\/lv\/product\/kermana-masieris-favorits\/","name":"\u0136erma\u0146a masieris Favorits - cosmetic.lv","isPartOf":{"@id":"https:\/\/cosmetic.lv\/lv\/#website"},"primaryImageOfPage":{"@id":"https:\/\/cosmetic.lv\/lv\/product\/kermana-masieris-favorits\/#primaryimage"},"image":{"@id":"https:\/\/cosmetic.lv\/lv\/product\/kermana-masieris-favorits\/#primaryimage"},"thumbnailUrl":"https:\/\/cosmetic.lv\/wp-content\/uploads\/2022\/01\/34479157-1.jpg","datePublished":"2022-01-16T15:28:27+00:00","dateModified":"2022-01-16T15:28:28+00:00","breadcrumb":{"@id":"https:\/\/cosmetic.lv\/lv\/product\/kermana-masieris-favorits\/#breadcrumb"},"inLanguage":"lv-LV","potentialAction":[{"@type":"ReadAction","target":["https:\/\/cosmetic.lv\/lv\/product\/kermana-masieris-favorits\/"]}]},{"@type":"ImageObject","inLanguage":"lv-LV","@id":"https:\/\/cosmetic.lv\/lv\/product\/kermana-masieris-favorits\/#primaryimage","url":"https:\/\/cosmetic.lv\/wp-content\/uploads\/2022\/01\/34479157-1.jpg","contentUrl":"https:\/\/cosmetic.lv\/wp-content\/uploads\/2022\/01\/34479157-1.jpg","width":900,"height":1200},{"@type":"BreadcrumbList","@id":"https:\/\/cosmetic.lv\/lv\/product\/kermana-masieris-favorits\/#breadcrumb","itemListElement":[{"@type":"ListItem","position":1,"name":"Home","item":"https:\/\/cosmetic.lv\/lv\/"},{"@type":"ListItem","position":2,"name":"Veikals","item":"https:\/\/cosmetic.lv\/lv\/veiklas\/"},{"@type":"ListItem","position":3,"name":"\u0136erma\u0146a masieris Favorits"}]},{"@type":"WebSite","@id":"https:\/\/cosmetic.lv\/lv\/#website","url":"https:\/\/cosmetic.lv\/lv\/","name":"cosmetic.lv","description":"Profesion\u0101la kosm\u0113tika - Maria Galland, Keune, Arkadija, GMT, Guam, Magiray","publisher":{"@id":"https:\/\/cosmetic.lv\/lv\/#organization"},"potentialAction":[{"@type":"SearchAction","target":{"@type":"EntryPoint","urlTemplate":"https:\/\/cosmetic.lv\/lv\/?s={search_term_string}"},"query-input":{"@type":"PropertyValueSpecification","valueRequired":true,"valueName":"search_term_string"}}],"inLanguage":"lv-LV"},{"@type":"Organization","@id":"https:\/\/cosmetic.lv\/lv\/#organization","name":"COSMETIC.LV","url":"https:\/\/cosmetic.lv\/lv\/","logo":{"@type":"ImageObject","inLanguage":"lv-LV","@id":"https:\/\/cosmetic.lv\/lv\/#\/schema\/logo\/image\/","url":"https:\/\/cosmetic.lv\/wp-content\/uploads\/2021\/02\/cosmetic.lv_logo.jpg","contentUrl":"https:\/\/cosmetic.lv\/wp-content\/uploads\/2021\/02\/cosmetic.lv_logo.jpg","width":596,"height":196,"caption":"COSMETIC.LV"},"image":{"@id":"https:\/\/cosmetic.lv\/lv\/#\/schema\/logo\/image\/"},"sameAs":["https:\/\/www.facebook.com\/cosmetic.lv\/"]}]},"product_price_amount":"20.00","product_price_currency":"EUR","og_availability":"instock","product_availability":"instock","product_retailer_item_id":"mugmas","product_condition":"new"},"_links":{"self":[{"href":"https:\/\/cosmetic.lv\/lv\/wp-json\/wp\/v2\/product\/37929","targetHints":{"allow":["GET"]}}],"collection":[{"href":"https:\/\/cosmetic.lv\/lv\/wp-json\/wp\/v2\/product"}],"about":[{"href":"https:\/\/cosmetic.lv\/lv\/wp-json\/wp\/v2\/types\/product"}],"wp:featuredmedia":[{"embeddable":true,"href":"https:\/\/cosmetic.lv\/lv\/wp-json\/wp\/v2\/media\/37928"}],"wp:attachment":[{"href":"https:\/\/cosmetic.lv\/lv\/wp-json\/wp\/v2\/media?parent=37929"}],"wp:term":[{"taxonomy":"product_brand","embeddable":true,"href":"https:\/\/cosmetic.lv\/lv\/wp-json\/wp\/v2\/product_brand?post=37929"},{"taxonomy":"product_cat","embeddable":true,"href":"https:\/\/cosmetic.lv\/lv\/wp-json\/wp\/v2\/product_cat?post=37929"},{"taxonomy":"product_tag","embeddable":true,"href":"https:\/\/cosmetic.lv\/lv\/wp-json\/wp\/v2\/product_tag?post=37929"}],"curies":[{"name":"wp","href":"https:\/\/api.w.org\/{rel}","templated":true}]}}