{"id":37934,"date":"2022-01-16T17:30:56","date_gmt":"2022-01-16T15:31:50","guid":{"rendered":"https:\/\/cosmetic.lv\/?post_type=product&#038;p=37934"},"modified":"2022-01-16T17:33:00","modified_gmt":"2022-01-16T15:33:00","slug":"krems-moroznik-pret-anticelulita-125ml","status":"publish","type":"product","link":"https:\/\/cosmetic.lv\/lv\/product\/krems-moroznik-pret-anticelulita-125ml\/","title":{"rendered":"Kr\u0113ms Moroznik pret anticelul\u012bta 125ml"},"content":{"rendered":"<div id=\"tw-target-text-container\">\n<pre id=\"tw-target-text\" dir=\"ltr\">Kr\u0113mu \"Moroznik\" p\u0113c ori\u0123in\u0101l\u0101s receptes rad\u012bja Krievijas kosmetologi, ilgsto\u0161i veicot p\u0113t\u012bjumus og\u013chidr\u0101tu-tauku metabolisma bio\u0137\u012bmijas jom\u0101 cilv\u0113ka audos. Jaun\u0101k\u0101s paaudzes kr\u0113ms-gels \u013cauj \u0101tri un efekt\u012bvi nov\u0113rst probl\u0113mzonas m\u0101jas apst\u0101k\u013cos, samazin\u0101t zem\u0101das tauku apjomu, likvid\u0113t t\u016bsku un rezult\u0101t\u0101 pan\u0101kt redzamu \u0137erme\u0146a silueta uzlabojumu.<\/pre>\n<\/div>\n<div id=\"tw-target-rmn-container\">\n<pre id=\"tw-target-rmn\" dir=\"ltr\"><\/pre>\n<\/div>\n<div id=\"tw-target-rmn-container\"><\/div>\n<div>125 ml<\/div>\n","protected":false},"excerpt":{"rendered":"<p>Kr\u0113mu &#8220;Moroznik&#8221; p\u0113c ori\u0123in\u0101l\u0101s receptes rad\u012bja Krievijas kosmetologi, ilgsto\u0161i veicot p\u0113t\u012bjumus og\u013chidr\u0101tu-tauku metabolisma bio\u0137\u012bmijas jom\u0101 cilv\u0113ka audos. Jaun\u0101k\u0101s paaudzes kr\u0113ms-gels<\/p>\n","protected":false},"featured_media":37933,"template":"","meta":[],"product_brand":[],"product_cat":[2200,2214,2218],"product_tag":[],"class_list":{"0":"post-37934","1":"product","2":"type-product","3":"status-publish","4":"has-post-thumbnail","6":"product_cat-skaistums-un-veseliba-lv","7":"product_cat-problematiska-lv","8":"product_cat-viss-kermenis-lv","10":"first","11":"outofstock","12":"taxable","13":"shipping-taxable","14":"purchasable","15":"product-type-simple"},"yoast_head":"<!-- This site is optimized with the Yoast SEO Premium plugin v27.0 (Yoast SEO v27.0) - https:\/\/yoast.com\/product\/yoast-seo-premium-wordpress\/ -->\n<title>Kr\u0113ms Moroznik pret anticelul\u012bta 125ml - cosmetic.lv<\/title>\n<meta name=\"robots\" content=\"index, follow, max-snippet:-1, max-image-preview:large, max-video-preview:-1\" \/>\n<link rel=\"canonical\" href=\"https:\/\/cosmetic.lv\/lv\/product\/krems-moroznik-pret-anticelulita-125ml\/\" \/>\n<meta property=\"og:locale\" content=\"lv_LV\" \/>\n<meta property=\"og:type\" content=\"article\" \/>\n<meta property=\"og:title\" content=\"Kr\u0113ms Moroznik pret anticelul\u012bta 125ml\" \/>\n<meta property=\"og:description\" content=\"Kr\u0113mu &quot;Moroznik&quot; p\u0113c ori\u0123in\u0101l\u0101s receptes rad\u012bja Krievijas kosmetologi, ilgsto\u0161i veicot p\u0113t\u012bjumus og\u013chidr\u0101tu-tauku metabolisma bio\u0137\u012bmijas jom\u0101 cilv\u0113ka audos. Jaun\u0101k\u0101s paaudzes kr\u0113ms-gels\" \/>\n<meta property=\"og:url\" content=\"https:\/\/cosmetic.lv\/lv\/product\/krems-moroznik-pret-anticelulita-125ml\/\" \/>\n<meta property=\"og:site_name\" content=\"cosmetic.lv\" \/>\n<meta property=\"article:publisher\" content=\"https:\/\/www.facebook.com\/cosmetic.lv\/\" \/>\n<meta property=\"article:modified_time\" content=\"2022-01-16T15:33:00+00:00\" \/>\n<meta property=\"og:image\" content=\"https:\/\/cosmetic.lv\/wp-content\/uploads\/2022\/01\/krem-dlya-pohudeniya-moroznik.jpg\" \/>\n\t<meta property=\"og:image:width\" content=\"290\" \/>\n\t<meta property=\"og:image:height\" content=\"435\" \/>\n\t<meta property=\"og:image:type\" content=\"image\/jpeg\" \/>\n<meta name=\"twitter:card\" content=\"summary_large_image\" \/>\n<script type=\"application\/ld+json\" class=\"yoast-schema-graph\">{\"@context\":\"https:\/\/schema.org\",\"@graph\":[{\"@type\":\"WebPage\",\"@id\":\"https:\/\/cosmetic.lv\/lv\/product\/krems-moroznik-pret-anticelulita-125ml\/\",\"url\":\"https:\/\/cosmetic.lv\/lv\/product\/krems-moroznik-pret-anticelulita-125ml\/\",\"name\":\"Kr\u0113ms Moroznik pret anticelul\u012bta 125ml - cosmetic.lv\",\"isPartOf\":{\"@id\":\"https:\/\/cosmetic.lv\/lv\/#website\"},\"primaryImageOfPage\":{\"@id\":\"https:\/\/cosmetic.lv\/lv\/product\/krems-moroznik-pret-anticelulita-125ml\/#primaryimage\"},\"image\":{\"@id\":\"https:\/\/cosmetic.lv\/lv\/product\/krems-moroznik-pret-anticelulita-125ml\/#primaryimage\"},\"thumbnailUrl\":\"https:\/\/cosmetic.lv\/wp-content\/uploads\/2022\/01\/krem-dlya-pohudeniya-moroznik.jpg\",\"datePublished\":\"2022-01-16T15:31:50+00:00\",\"dateModified\":\"2022-01-16T15:33:00+00:00\",\"breadcrumb\":{\"@id\":\"https:\/\/cosmetic.lv\/lv\/product\/krems-moroznik-pret-anticelulita-125ml\/#breadcrumb\"},\"inLanguage\":\"lv-LV\",\"potentialAction\":[{\"@type\":\"ReadAction\",\"target\":[\"https:\/\/cosmetic.lv\/lv\/product\/krems-moroznik-pret-anticelulita-125ml\/\"]}]},{\"@type\":\"ImageObject\",\"inLanguage\":\"lv-LV\",\"@id\":\"https:\/\/cosmetic.lv\/lv\/product\/krems-moroznik-pret-anticelulita-125ml\/#primaryimage\",\"url\":\"https:\/\/cosmetic.lv\/wp-content\/uploads\/2022\/01\/krem-dlya-pohudeniya-moroznik.jpg\",\"contentUrl\":\"https:\/\/cosmetic.lv\/wp-content\/uploads\/2022\/01\/krem-dlya-pohudeniya-moroznik.jpg\",\"width\":290,\"height\":435},{\"@type\":\"BreadcrumbList\",\"@id\":\"https:\/\/cosmetic.lv\/lv\/product\/krems-moroznik-pret-anticelulita-125ml\/#breadcrumb\",\"itemListElement\":[{\"@type\":\"ListItem\",\"position\":1,\"name\":\"Home\",\"item\":\"https:\/\/cosmetic.lv\/lv\/\"},{\"@type\":\"ListItem\",\"position\":2,\"name\":\"Veikals\",\"item\":\"https:\/\/cosmetic.lv\/lv\/veiklas\/\"},{\"@type\":\"ListItem\",\"position\":3,\"name\":\"Kr\u0113ms Moroznik pret anticelul\u012bta 125ml\"}]},{\"@type\":\"WebSite\",\"@id\":\"https:\/\/cosmetic.lv\/lv\/#website\",\"url\":\"https:\/\/cosmetic.lv\/lv\/\",\"name\":\"cosmetic.lv\",\"description\":\"Profesion\u0101la kosm\u0113tika - Maria Galland, Keune, Arkadija, GMT, Guam, Magiray\",\"publisher\":{\"@id\":\"https:\/\/cosmetic.lv\/lv\/#organization\"},\"potentialAction\":[{\"@type\":\"SearchAction\",\"target\":{\"@type\":\"EntryPoint\",\"urlTemplate\":\"https:\/\/cosmetic.lv\/lv\/?s={search_term_string}\"},\"query-input\":{\"@type\":\"PropertyValueSpecification\",\"valueRequired\":true,\"valueName\":\"search_term_string\"}}],\"inLanguage\":\"lv-LV\"},{\"@type\":\"Organization\",\"@id\":\"https:\/\/cosmetic.lv\/lv\/#organization\",\"name\":\"COSMETIC.LV\",\"url\":\"https:\/\/cosmetic.lv\/lv\/\",\"logo\":{\"@type\":\"ImageObject\",\"inLanguage\":\"lv-LV\",\"@id\":\"https:\/\/cosmetic.lv\/lv\/#\/schema\/logo\/image\/\",\"url\":\"https:\/\/cosmetic.lv\/wp-content\/uploads\/2021\/02\/cosmetic.lv_logo.jpg\",\"contentUrl\":\"https:\/\/cosmetic.lv\/wp-content\/uploads\/2021\/02\/cosmetic.lv_logo.jpg\",\"width\":596,\"height\":196,\"caption\":\"COSMETIC.LV\"},\"image\":{\"@id\":\"https:\/\/cosmetic.lv\/lv\/#\/schema\/logo\/image\/\"},\"sameAs\":[\"https:\/\/www.facebook.com\/cosmetic.lv\/\"]}]}<\/script>\n<meta property=\"product:price:amount\" content=\"6.00\" \/>\n<meta property=\"product:price:currency\" content=\"EUR\" \/>\n<meta property=\"og:availability\" content=\"out of stock\" \/>\n<meta property=\"product:availability\" content=\"out of stock\" \/>\n<meta property=\"product:retailer_item_id\" content=\"moroz\" \/>\n<meta property=\"product:condition\" content=\"new\" \/>\n<!-- \/ Yoast SEO Premium plugin. -->","yoast_head_json":{"title":"Kr\u0113ms Moroznik pret anticelul\u012bta 125ml - cosmetic.lv","robots":{"index":"index","follow":"follow","max-snippet":"max-snippet:-1","max-image-preview":"max-image-preview:large","max-video-preview":"max-video-preview:-1"},"canonical":"https:\/\/cosmetic.lv\/lv\/product\/krems-moroznik-pret-anticelulita-125ml\/","og_locale":"lv_LV","og_type":"article","og_title":"Kr\u0113ms Moroznik pret anticelul\u012bta 125ml","og_description":"Kr\u0113mu \"Moroznik\" p\u0113c ori\u0123in\u0101l\u0101s receptes rad\u012bja Krievijas kosmetologi, ilgsto\u0161i veicot p\u0113t\u012bjumus og\u013chidr\u0101tu-tauku metabolisma bio\u0137\u012bmijas jom\u0101 cilv\u0113ka audos. Jaun\u0101k\u0101s paaudzes kr\u0113ms-gels","og_url":"https:\/\/cosmetic.lv\/lv\/product\/krems-moroznik-pret-anticelulita-125ml\/","og_site_name":"cosmetic.lv","article_publisher":"https:\/\/www.facebook.com\/cosmetic.lv\/","article_modified_time":"2022-01-16T15:33:00+00:00","og_image":[{"width":290,"height":435,"url":"https:\/\/cosmetic.lv\/wp-content\/uploads\/2022\/01\/krem-dlya-pohudeniya-moroznik.jpg","type":"image\/jpeg"}],"twitter_card":"summary_large_image","schema":{"@context":"https:\/\/schema.org","@graph":[{"@type":"WebPage","@id":"https:\/\/cosmetic.lv\/lv\/product\/krems-moroznik-pret-anticelulita-125ml\/","url":"https:\/\/cosmetic.lv\/lv\/product\/krems-moroznik-pret-anticelulita-125ml\/","name":"Kr\u0113ms Moroznik pret anticelul\u012bta 125ml - cosmetic.lv","isPartOf":{"@id":"https:\/\/cosmetic.lv\/lv\/#website"},"primaryImageOfPage":{"@id":"https:\/\/cosmetic.lv\/lv\/product\/krems-moroznik-pret-anticelulita-125ml\/#primaryimage"},"image":{"@id":"https:\/\/cosmetic.lv\/lv\/product\/krems-moroznik-pret-anticelulita-125ml\/#primaryimage"},"thumbnailUrl":"https:\/\/cosmetic.lv\/wp-content\/uploads\/2022\/01\/krem-dlya-pohudeniya-moroznik.jpg","datePublished":"2022-01-16T15:31:50+00:00","dateModified":"2022-01-16T15:33:00+00:00","breadcrumb":{"@id":"https:\/\/cosmetic.lv\/lv\/product\/krems-moroznik-pret-anticelulita-125ml\/#breadcrumb"},"inLanguage":"lv-LV","potentialAction":[{"@type":"ReadAction","target":["https:\/\/cosmetic.lv\/lv\/product\/krems-moroznik-pret-anticelulita-125ml\/"]}]},{"@type":"ImageObject","inLanguage":"lv-LV","@id":"https:\/\/cosmetic.lv\/lv\/product\/krems-moroznik-pret-anticelulita-125ml\/#primaryimage","url":"https:\/\/cosmetic.lv\/wp-content\/uploads\/2022\/01\/krem-dlya-pohudeniya-moroznik.jpg","contentUrl":"https:\/\/cosmetic.lv\/wp-content\/uploads\/2022\/01\/krem-dlya-pohudeniya-moroznik.jpg","width":290,"height":435},{"@type":"BreadcrumbList","@id":"https:\/\/cosmetic.lv\/lv\/product\/krems-moroznik-pret-anticelulita-125ml\/#breadcrumb","itemListElement":[{"@type":"ListItem","position":1,"name":"Home","item":"https:\/\/cosmetic.lv\/lv\/"},{"@type":"ListItem","position":2,"name":"Veikals","item":"https:\/\/cosmetic.lv\/lv\/veiklas\/"},{"@type":"ListItem","position":3,"name":"Kr\u0113ms Moroznik pret anticelul\u012bta 125ml"}]},{"@type":"WebSite","@id":"https:\/\/cosmetic.lv\/lv\/#website","url":"https:\/\/cosmetic.lv\/lv\/","name":"cosmetic.lv","description":"Profesion\u0101la kosm\u0113tika - Maria Galland, Keune, Arkadija, GMT, Guam, Magiray","publisher":{"@id":"https:\/\/cosmetic.lv\/lv\/#organization"},"potentialAction":[{"@type":"SearchAction","target":{"@type":"EntryPoint","urlTemplate":"https:\/\/cosmetic.lv\/lv\/?s={search_term_string}"},"query-input":{"@type":"PropertyValueSpecification","valueRequired":true,"valueName":"search_term_string"}}],"inLanguage":"lv-LV"},{"@type":"Organization","@id":"https:\/\/cosmetic.lv\/lv\/#organization","name":"COSMETIC.LV","url":"https:\/\/cosmetic.lv\/lv\/","logo":{"@type":"ImageObject","inLanguage":"lv-LV","@id":"https:\/\/cosmetic.lv\/lv\/#\/schema\/logo\/image\/","url":"https:\/\/cosmetic.lv\/wp-content\/uploads\/2021\/02\/cosmetic.lv_logo.jpg","contentUrl":"https:\/\/cosmetic.lv\/wp-content\/uploads\/2021\/02\/cosmetic.lv_logo.jpg","width":596,"height":196,"caption":"COSMETIC.LV"},"image":{"@id":"https:\/\/cosmetic.lv\/lv\/#\/schema\/logo\/image\/"},"sameAs":["https:\/\/www.facebook.com\/cosmetic.lv\/"]}]},"product_price_amount":"6.00","product_price_currency":"EUR","og_availability":"out of stock","product_availability":"out of stock","product_retailer_item_id":"moroz","product_condition":"new"},"_links":{"self":[{"href":"https:\/\/cosmetic.lv\/lv\/wp-json\/wp\/v2\/product\/37934","targetHints":{"allow":["GET"]}}],"collection":[{"href":"https:\/\/cosmetic.lv\/lv\/wp-json\/wp\/v2\/product"}],"about":[{"href":"https:\/\/cosmetic.lv\/lv\/wp-json\/wp\/v2\/types\/product"}],"wp:featuredmedia":[{"embeddable":true,"href":"https:\/\/cosmetic.lv\/lv\/wp-json\/wp\/v2\/media\/37933"}],"wp:attachment":[{"href":"https:\/\/cosmetic.lv\/lv\/wp-json\/wp\/v2\/media?parent=37934"}],"wp:term":[{"taxonomy":"product_brand","embeddable":true,"href":"https:\/\/cosmetic.lv\/lv\/wp-json\/wp\/v2\/product_brand?post=37934"},{"taxonomy":"product_cat","embeddable":true,"href":"https:\/\/cosmetic.lv\/lv\/wp-json\/wp\/v2\/product_cat?post=37934"},{"taxonomy":"product_tag","embeddable":true,"href":"https:\/\/cosmetic.lv\/lv\/wp-json\/wp\/v2\/product_tag?post=37934"}],"curies":[{"name":"wp","href":"https:\/\/api.w.org\/{rel}","templated":true}]}}