{"id":38070,"date":"2022-03-16T23:47:50","date_gmt":"2022-03-16T21:48:36","guid":{"rendered":"https:\/\/cosmetic.lv\/?post_type=product&#038;p=38070"},"modified":"2023-07-26T14:56:51","modified_gmt":"2023-07-26T11:56:51","slug":"satavari-seviesu-veselibai-shatavari-herbals-diet-120-tab","status":"publish","type":"product","link":"https:\/\/cosmetic.lv\/lv\/product\/satavari-seviesu-veselibai-shatavari-herbals-diet-120-tab\/","title":{"rendered":"\u0160atavari sevie\u0161u vesel\u012bbai SHATAVARI HERBALS DIET 120 tab"},"content":{"rendered":"<p>Shatavari Herbals Diet Uztura bag\u0101tin\u0101t\u0101js\u200b. \u0160atavari ar z\u012bmolu Herbals Diet\u2122 &#8211; augstas kvalit\u0101tes prepar\u0101ts no spar\u0123e\u013ca saknes, 100% dab\u012bgs l\u012bdzeklis. Iepakojums: 120 tabletes pa 550mg Izcelsmes valsts: Indija Ra\u017eots: EU, Tirdzniec\u012bbas z\u012bmes Herbals Diet \u012bpa\u0161nieks: Elfarm Herbalshop \u0160atavari pal\u012bdz regul\u0113t sievietes hormon\u0101lo sist\u0113mu, atjaunot menstru\u0101ciju ciklu, izvad\u012bt no organisma lieko \u016bdeni, mazin\u0101t menstru\u0101ciju s\u0101pes, menopauzes period\u0101 un neaugl\u012bbas gad\u012bjum\u0101. HERBALS DIET \/ AUGU DI\u0112TA Herbals Diet produktu l\u012bnijas priek\u0161roc\u012bbas: \u2022 100% dab\u012bgs produkts Produktus iepako pulver\u012b\u0161u veid\u0101 vai pres\u0113t\u0101s tablet\u0113s, kas dod iesp\u0113ju nepievienot papildus vielas, ko satur kapsulas \u2013 \u017eelant\u012bns utt. \u2022 Tablet\u0113s ir tikai augi pulver\u012b\u0161u veid\u0101 un dabas konservants \u2013 ak\u0101cijas sve\u0137i \u2022 Katr\u0101 tablet\u0113 ir 500mg akt\u012bv\u0101s vielas, kas ir var\u0101k nek\u0101 jebkur\u0101 cit\u0101 analo\u0123isk\u0101 produkt\u0101 \u2022 Produktu izgatavo\u0161anai tiek izmantoti augst\u0101k\u0101s kvalit\u0101tes tikko iev\u0101kti augi \u2022 Vien\u0101 iepakojum\u0101 ir 120 tabletes \u2013 prec\u012bzi pietiekami vienam aj\u016brv\u0113das kursam \u2022 Iepakojums ir no tum\u0161a stikla veidota burci\u0146a, kas visveiksm\u012bg\u0101k saglab\u0101 produkta \u012bpa\u0161\u012bbas Sast\u0101vs (1 tablete) \u2022 500mg spar\u0123e\u013cu (Asparagus racemosus) sakne;<\/p>\n<p>\u2022 50mg ak\u0101cijas sve\u0137i.<\/p>\n<p>Lieto\u0161ana 2 tabletes 2 reizes dien\u0101 20 min\u016btes pirms \u0113\u0161anas, uzdzerot \u016bdeni.<\/p>\n","protected":false},"excerpt":{"rendered":"<p>Shatavari Herbals Diet Uztura bag\u0101tin\u0101t\u0101js\u200b. \u0160atavari ar z\u012bmolu Herbals Diet\u2122 &#8211; augstas kvalit\u0101tes prepar\u0101ts no spar\u0123e\u013ca saknes, 100% dab\u012bgs l\u012bdzeklis.<\/p>\n","protected":false},"featured_media":38078,"template":"","meta":[],"product_brand":[],"product_cat":[2239,2240,2250],"product_tag":[],"class_list":{"0":"post-38070","1":"product","2":"type-product","3":"status-publish","4":"has-post-thumbnail","6":"product_cat-uztura-bagatinataji-lv","7":"product_cat-ajurveda-veselibai-lv","8":"product_cat-visparnostiprinosi-lidzekli-lv","10":"first","11":"outofstock","12":"taxable","13":"shipping-taxable","14":"purchasable","15":"product-type-simple"},"yoast_head":"<!-- This site is optimized with the Yoast SEO Premium plugin v27.0 (Yoast SEO v27.0) - https:\/\/yoast.com\/product\/yoast-seo-premium-wordpress\/ -->\n<title>\u0160atavari sevie\u0161u vesel\u012bbai SHATAVARI HERBALS DIET 120 tab - cosmetic.lv<\/title>\n<meta name=\"robots\" content=\"index, follow, max-snippet:-1, max-image-preview:large, max-video-preview:-1\" \/>\n<link rel=\"canonical\" href=\"https:\/\/cosmetic.lv\/lv\/product\/satavari-seviesu-veselibai-shatavari-herbals-diet-120-tab\/\" \/>\n<meta property=\"og:locale\" content=\"lv_LV\" \/>\n<meta property=\"og:type\" content=\"article\" \/>\n<meta property=\"og:title\" content=\"\u0160atavari sevie\u0161u vesel\u012bbai SHATAVARI HERBALS DIET 120 tab\" \/>\n<meta property=\"og:description\" content=\"Shatavari Herbals Diet Uztura bag\u0101tin\u0101t\u0101js\u200b. \u0160atavari ar z\u012bmolu Herbals Diet\u2122 &#8211; augstas kvalit\u0101tes prepar\u0101ts no spar\u0123e\u013ca saknes, 100% dab\u012bgs l\u012bdzeklis.\" \/>\n<meta property=\"og:url\" content=\"https:\/\/cosmetic.lv\/lv\/product\/satavari-seviesu-veselibai-shatavari-herbals-diet-120-tab\/\" \/>\n<meta property=\"og:site_name\" content=\"cosmetic.lv\" \/>\n<meta property=\"article:publisher\" content=\"https:\/\/www.facebook.com\/cosmetic.lv\/\" \/>\n<meta property=\"article:modified_time\" content=\"2023-07-26T11:56:51+00:00\" \/>\n<meta property=\"og:image\" content=\"https:\/\/cosmetic.lv\/wp-content\/uploads\/2022\/03\/20220315_192635-2-rotated.jpg\" \/>\n\t<meta property=\"og:image:width\" content=\"1960\" \/>\n\t<meta property=\"og:image:height\" content=\"4032\" \/>\n\t<meta property=\"og:image:type\" content=\"image\/jpeg\" \/>\n<meta name=\"twitter:card\" content=\"summary_large_image\" \/>\n<script type=\"application\/ld+json\" class=\"yoast-schema-graph\">{\"@context\":\"https:\/\/schema.org\",\"@graph\":[{\"@type\":\"WebPage\",\"@id\":\"https:\/\/cosmetic.lv\/lv\/product\/satavari-seviesu-veselibai-shatavari-herbals-diet-120-tab\/\",\"url\":\"https:\/\/cosmetic.lv\/lv\/product\/satavari-seviesu-veselibai-shatavari-herbals-diet-120-tab\/\",\"name\":\"\u0160atavari sevie\u0161u vesel\u012bbai SHATAVARI HERBALS DIET 120 tab - cosmetic.lv\",\"isPartOf\":{\"@id\":\"https:\/\/cosmetic.lv\/lv\/#website\"},\"primaryImageOfPage\":{\"@id\":\"https:\/\/cosmetic.lv\/lv\/product\/satavari-seviesu-veselibai-shatavari-herbals-diet-120-tab\/#primaryimage\"},\"image\":{\"@id\":\"https:\/\/cosmetic.lv\/lv\/product\/satavari-seviesu-veselibai-shatavari-herbals-diet-120-tab\/#primaryimage\"},\"thumbnailUrl\":\"https:\/\/cosmetic.lv\/wp-content\/uploads\/2022\/03\/20220315_192635-2-rotated-scaled.jpg\",\"datePublished\":\"2022-03-16T21:48:36+00:00\",\"dateModified\":\"2023-07-26T11:56:51+00:00\",\"breadcrumb\":{\"@id\":\"https:\/\/cosmetic.lv\/lv\/product\/satavari-seviesu-veselibai-shatavari-herbals-diet-120-tab\/#breadcrumb\"},\"inLanguage\":\"lv-LV\",\"potentialAction\":[{\"@type\":\"ReadAction\",\"target\":[\"https:\/\/cosmetic.lv\/lv\/product\/satavari-seviesu-veselibai-shatavari-herbals-diet-120-tab\/\"]}]},{\"@type\":\"ImageObject\",\"inLanguage\":\"lv-LV\",\"@id\":\"https:\/\/cosmetic.lv\/lv\/product\/satavari-seviesu-veselibai-shatavari-herbals-diet-120-tab\/#primaryimage\",\"url\":\"https:\/\/cosmetic.lv\/wp-content\/uploads\/2022\/03\/20220315_192635-2-rotated-scaled.jpg\",\"contentUrl\":\"https:\/\/cosmetic.lv\/wp-content\/uploads\/2022\/03\/20220315_192635-2-rotated-scaled.jpg\",\"width\":778,\"height\":1600},{\"@type\":\"BreadcrumbList\",\"@id\":\"https:\/\/cosmetic.lv\/lv\/product\/satavari-seviesu-veselibai-shatavari-herbals-diet-120-tab\/#breadcrumb\",\"itemListElement\":[{\"@type\":\"ListItem\",\"position\":1,\"name\":\"Home\",\"item\":\"https:\/\/cosmetic.lv\/lv\/\"},{\"@type\":\"ListItem\",\"position\":2,\"name\":\"Veikals\",\"item\":\"https:\/\/cosmetic.lv\/lv\/veiklas\/\"},{\"@type\":\"ListItem\",\"position\":3,\"name\":\"\u0160atavari sevie\u0161u vesel\u012bbai SHATAVARI HERBALS DIET 120 tab\"}]},{\"@type\":\"WebSite\",\"@id\":\"https:\/\/cosmetic.lv\/lv\/#website\",\"url\":\"https:\/\/cosmetic.lv\/lv\/\",\"name\":\"cosmetic.lv\",\"description\":\"Profesion\u0101la kosm\u0113tika - Maria Galland, Keune, Arkadija, GMT, Guam, Magiray\",\"publisher\":{\"@id\":\"https:\/\/cosmetic.lv\/lv\/#organization\"},\"potentialAction\":[{\"@type\":\"SearchAction\",\"target\":{\"@type\":\"EntryPoint\",\"urlTemplate\":\"https:\/\/cosmetic.lv\/lv\/?s={search_term_string}\"},\"query-input\":{\"@type\":\"PropertyValueSpecification\",\"valueRequired\":true,\"valueName\":\"search_term_string\"}}],\"inLanguage\":\"lv-LV\"},{\"@type\":\"Organization\",\"@id\":\"https:\/\/cosmetic.lv\/lv\/#organization\",\"name\":\"COSMETIC.LV\",\"url\":\"https:\/\/cosmetic.lv\/lv\/\",\"logo\":{\"@type\":\"ImageObject\",\"inLanguage\":\"lv-LV\",\"@id\":\"https:\/\/cosmetic.lv\/lv\/#\/schema\/logo\/image\/\",\"url\":\"https:\/\/cosmetic.lv\/wp-content\/uploads\/2021\/02\/cosmetic.lv_logo.jpg\",\"contentUrl\":\"https:\/\/cosmetic.lv\/wp-content\/uploads\/2021\/02\/cosmetic.lv_logo.jpg\",\"width\":596,\"height\":196,\"caption\":\"COSMETIC.LV\"},\"image\":{\"@id\":\"https:\/\/cosmetic.lv\/lv\/#\/schema\/logo\/image\/\"},\"sameAs\":[\"https:\/\/www.facebook.com\/cosmetic.lv\/\"]}]}<\/script>\n<meta property=\"product:price:amount\" content=\"14.50\" \/>\n<meta property=\"product:price:currency\" content=\"EUR\" \/>\n<meta property=\"og:availability\" content=\"out of stock\" \/>\n<meta property=\"product:availability\" content=\"out of stock\" \/>\n<meta property=\"product:retailer_item_id\" content=\"shat\" \/>\n<meta property=\"product:condition\" content=\"new\" \/>\n<!-- \/ Yoast SEO Premium plugin. -->","yoast_head_json":{"title":"\u0160atavari sevie\u0161u vesel\u012bbai SHATAVARI HERBALS DIET 120 tab - cosmetic.lv","robots":{"index":"index","follow":"follow","max-snippet":"max-snippet:-1","max-image-preview":"max-image-preview:large","max-video-preview":"max-video-preview:-1"},"canonical":"https:\/\/cosmetic.lv\/lv\/product\/satavari-seviesu-veselibai-shatavari-herbals-diet-120-tab\/","og_locale":"lv_LV","og_type":"article","og_title":"\u0160atavari sevie\u0161u vesel\u012bbai SHATAVARI HERBALS DIET 120 tab","og_description":"Shatavari Herbals Diet Uztura bag\u0101tin\u0101t\u0101js\u200b. \u0160atavari ar z\u012bmolu Herbals Diet\u2122 &#8211; augstas kvalit\u0101tes prepar\u0101ts no spar\u0123e\u013ca saknes, 100% dab\u012bgs l\u012bdzeklis.","og_url":"https:\/\/cosmetic.lv\/lv\/product\/satavari-seviesu-veselibai-shatavari-herbals-diet-120-tab\/","og_site_name":"cosmetic.lv","article_publisher":"https:\/\/www.facebook.com\/cosmetic.lv\/","article_modified_time":"2023-07-26T11:56:51+00:00","og_image":[{"width":1960,"height":4032,"url":"https:\/\/cosmetic.lv\/wp-content\/uploads\/2022\/03\/20220315_192635-2-rotated.jpg","type":"image\/jpeg"}],"twitter_card":"summary_large_image","schema":{"@context":"https:\/\/schema.org","@graph":[{"@type":"WebPage","@id":"https:\/\/cosmetic.lv\/lv\/product\/satavari-seviesu-veselibai-shatavari-herbals-diet-120-tab\/","url":"https:\/\/cosmetic.lv\/lv\/product\/satavari-seviesu-veselibai-shatavari-herbals-diet-120-tab\/","name":"\u0160atavari sevie\u0161u vesel\u012bbai SHATAVARI HERBALS DIET 120 tab - cosmetic.lv","isPartOf":{"@id":"https:\/\/cosmetic.lv\/lv\/#website"},"primaryImageOfPage":{"@id":"https:\/\/cosmetic.lv\/lv\/product\/satavari-seviesu-veselibai-shatavari-herbals-diet-120-tab\/#primaryimage"},"image":{"@id":"https:\/\/cosmetic.lv\/lv\/product\/satavari-seviesu-veselibai-shatavari-herbals-diet-120-tab\/#primaryimage"},"thumbnailUrl":"https:\/\/cosmetic.lv\/wp-content\/uploads\/2022\/03\/20220315_192635-2-rotated-scaled.jpg","datePublished":"2022-03-16T21:48:36+00:00","dateModified":"2023-07-26T11:56:51+00:00","breadcrumb":{"@id":"https:\/\/cosmetic.lv\/lv\/product\/satavari-seviesu-veselibai-shatavari-herbals-diet-120-tab\/#breadcrumb"},"inLanguage":"lv-LV","potentialAction":[{"@type":"ReadAction","target":["https:\/\/cosmetic.lv\/lv\/product\/satavari-seviesu-veselibai-shatavari-herbals-diet-120-tab\/"]}]},{"@type":"ImageObject","inLanguage":"lv-LV","@id":"https:\/\/cosmetic.lv\/lv\/product\/satavari-seviesu-veselibai-shatavari-herbals-diet-120-tab\/#primaryimage","url":"https:\/\/cosmetic.lv\/wp-content\/uploads\/2022\/03\/20220315_192635-2-rotated-scaled.jpg","contentUrl":"https:\/\/cosmetic.lv\/wp-content\/uploads\/2022\/03\/20220315_192635-2-rotated-scaled.jpg","width":778,"height":1600},{"@type":"BreadcrumbList","@id":"https:\/\/cosmetic.lv\/lv\/product\/satavari-seviesu-veselibai-shatavari-herbals-diet-120-tab\/#breadcrumb","itemListElement":[{"@type":"ListItem","position":1,"name":"Home","item":"https:\/\/cosmetic.lv\/lv\/"},{"@type":"ListItem","position":2,"name":"Veikals","item":"https:\/\/cosmetic.lv\/lv\/veiklas\/"},{"@type":"ListItem","position":3,"name":"\u0160atavari sevie\u0161u vesel\u012bbai SHATAVARI HERBALS DIET 120 tab"}]},{"@type":"WebSite","@id":"https:\/\/cosmetic.lv\/lv\/#website","url":"https:\/\/cosmetic.lv\/lv\/","name":"cosmetic.lv","description":"Profesion\u0101la kosm\u0113tika - Maria Galland, Keune, Arkadija, GMT, Guam, Magiray","publisher":{"@id":"https:\/\/cosmetic.lv\/lv\/#organization"},"potentialAction":[{"@type":"SearchAction","target":{"@type":"EntryPoint","urlTemplate":"https:\/\/cosmetic.lv\/lv\/?s={search_term_string}"},"query-input":{"@type":"PropertyValueSpecification","valueRequired":true,"valueName":"search_term_string"}}],"inLanguage":"lv-LV"},{"@type":"Organization","@id":"https:\/\/cosmetic.lv\/lv\/#organization","name":"COSMETIC.LV","url":"https:\/\/cosmetic.lv\/lv\/","logo":{"@type":"ImageObject","inLanguage":"lv-LV","@id":"https:\/\/cosmetic.lv\/lv\/#\/schema\/logo\/image\/","url":"https:\/\/cosmetic.lv\/wp-content\/uploads\/2021\/02\/cosmetic.lv_logo.jpg","contentUrl":"https:\/\/cosmetic.lv\/wp-content\/uploads\/2021\/02\/cosmetic.lv_logo.jpg","width":596,"height":196,"caption":"COSMETIC.LV"},"image":{"@id":"https:\/\/cosmetic.lv\/lv\/#\/schema\/logo\/image\/"},"sameAs":["https:\/\/www.facebook.com\/cosmetic.lv\/"]}]},"product_price_amount":"14.50","product_price_currency":"EUR","og_availability":"out of stock","product_availability":"out of stock","product_retailer_item_id":"shat","product_condition":"new"},"_links":{"self":[{"href":"https:\/\/cosmetic.lv\/lv\/wp-json\/wp\/v2\/product\/38070","targetHints":{"allow":["GET"]}}],"collection":[{"href":"https:\/\/cosmetic.lv\/lv\/wp-json\/wp\/v2\/product"}],"about":[{"href":"https:\/\/cosmetic.lv\/lv\/wp-json\/wp\/v2\/types\/product"}],"wp:featuredmedia":[{"embeddable":true,"href":"https:\/\/cosmetic.lv\/lv\/wp-json\/wp\/v2\/media\/38078"}],"wp:attachment":[{"href":"https:\/\/cosmetic.lv\/lv\/wp-json\/wp\/v2\/media?parent=38070"}],"wp:term":[{"taxonomy":"product_brand","embeddable":true,"href":"https:\/\/cosmetic.lv\/lv\/wp-json\/wp\/v2\/product_brand?post=38070"},{"taxonomy":"product_cat","embeddable":true,"href":"https:\/\/cosmetic.lv\/lv\/wp-json\/wp\/v2\/product_cat?post=38070"},{"taxonomy":"product_tag","embeddable":true,"href":"https:\/\/cosmetic.lv\/lv\/wp-json\/wp\/v2\/product_tag?post=38070"}],"curies":[{"name":"wp","href":"https:\/\/api.w.org\/{rel}","templated":true}]}}