{"id":38130,"date":"2022-04-02T19:43:31","date_gmt":"2022-04-02T16:45:20","guid":{"rendered":"https:\/\/cosmetic.lv\/?post_type=product&#038;p=38130"},"modified":"2022-04-02T19:45:21","modified_gmt":"2022-04-02T16:45:21","slug":"merit-drazejas-svara-samazinasanai-21-gab","status":"publish","type":"product","link":"https:\/\/cosmetic.lv\/lv\/product\/merit-drazejas-svara-samazinasanai-21-gab\/","title":{"rendered":"Merit dra\u017eejas svara samazin\u0101\u0161anai, 21 gab."},"content":{"rendered":"<p>Merit dra\u017eejas, 21 gab. Merit ir uztura dab\u012bgs bag\u0101tin\u0101t\u0101js. Austrumu formula svara samazin\u0101\u0161anai un kontrolei. Efekt\u012bvs prepar\u0101ts notiev\u0113\u0161anai un organisma att\u012br\u012b\u0161anai. Nov\u0113r\u0161 stagn\u0101cijas par\u0101d\u012bbas ku\u0146\u0123a un zarnu trakt\u0101, saist\u012btas ar izmai\u0146\u0101m uztur\u0101, dz\u012bvesveid\u0101, p\u0101r\u0113\u0161anos, stresu utt. Laik\u0101, kad lietojiet Merit ieteicams \u0113st maz\u0101k taukus un og\u013chidr\u0101tus saturo\u0161u p\u0101rtiku. Pal\u012bdziet \u201eMERIT&#8221; izvad\u012bt to, ko esat jau uzkr\u0101ju\u0161i, nevis aizsarg\u0101t J\u016bs no p\u0101rm\u0113r\u012bgi kolor\u012bta ikdienas uztura. Kontrol\u0113 \u0137erme\u0146a svaru un uzlabo ku\u0146\u0123a un zarnu trakta evakuatoro funkciju, nov\u0113r\u0161 aizciet\u0113jumus. Sekm\u0113 svara samazin\u0101\u0161anu, tauku \u0161\u0137el\u0161anu un izvad\u012b\u0161anu, organisma att\u012br\u012b\u0161anu no toks\u012bniem, vielmai\u0146as procesu normaliz\u0113\u0161anu. Uztura bag\u0101tin\u0101t\u0101js notiev\u0113\u0161anai, kura sast\u0101v no 100% dab\u012bgiem augiem bez dz\u012bvnieku valsts izcelsmes sast\u0101vda\u013c\u0101m un kait\u012bg\u0101m viel\u0101m. Prepar\u0101ts aktiviz\u0113 tauku \u0161\u0137el\u0161anos un to izvad\u012b\u0161anu no organisma.<\/p>\n","protected":false},"excerpt":{"rendered":"<p>Merit dra\u017eejas, 21 gab. Merit ir uztura dab\u012bgs bag\u0101tin\u0101t\u0101js. Austrumu formula svara samazin\u0101\u0161anai un kontrolei. Efekt\u012bvs prepar\u0101ts notiev\u0113\u0161anai un organisma<\/p>\n","protected":false},"featured_media":38132,"template":"","meta":[],"product_brand":[],"product_cat":[2378,2239],"product_tag":[],"class_list":{"0":"post-38130","1":"product","2":"type-product","3":"status-publish","4":"has-post-thumbnail","6":"product_cat-caurejas-lidzekli-lv","7":"product_cat-uztura-bagatinataji-lv","9":"first","10":"instock","11":"taxable","12":"shipping-taxable","13":"purchasable","14":"product-type-simple"},"yoast_head":"<!-- This site is optimized with the Yoast SEO Premium plugin v27.0 (Yoast SEO v27.0) - https:\/\/yoast.com\/product\/yoast-seo-premium-wordpress\/ -->\n<title>Merit dra\u017eejas svara samazin\u0101\u0161anai, 21 gab. - cosmetic.lv<\/title>\n<meta name=\"robots\" content=\"index, follow, max-snippet:-1, max-image-preview:large, max-video-preview:-1\" \/>\n<link rel=\"canonical\" href=\"https:\/\/cosmetic.lv\/lv\/product\/merit-drazejas-svara-samazinasanai-21-gab\/\" \/>\n<meta property=\"og:locale\" content=\"lv_LV\" \/>\n<meta property=\"og:type\" content=\"article\" \/>\n<meta property=\"og:title\" content=\"Merit dra\u017eejas svara samazin\u0101\u0161anai, 21 gab.\" \/>\n<meta property=\"og:description\" content=\"Merit dra\u017eejas, 21 gab. Merit ir uztura dab\u012bgs bag\u0101tin\u0101t\u0101js. Austrumu formula svara samazin\u0101\u0161anai un kontrolei. Efekt\u012bvs prepar\u0101ts notiev\u0113\u0161anai un organisma\" \/>\n<meta property=\"og:url\" content=\"https:\/\/cosmetic.lv\/lv\/product\/merit-drazejas-svara-samazinasanai-21-gab\/\" \/>\n<meta property=\"og:site_name\" content=\"cosmetic.lv\" \/>\n<meta property=\"article:publisher\" content=\"https:\/\/www.facebook.com\/cosmetic.lv\/\" \/>\n<meta property=\"article:modified_time\" content=\"2022-04-02T16:45:21+00:00\" \/>\n<meta name=\"twitter:card\" content=\"summary_large_image\" \/>\n<script type=\"application\/ld+json\" class=\"yoast-schema-graph\">{\"@context\":\"https:\/\/schema.org\",\"@graph\":[{\"@type\":\"WebPage\",\"@id\":\"https:\/\/cosmetic.lv\/lv\/product\/merit-drazejas-svara-samazinasanai-21-gab\/\",\"url\":\"https:\/\/cosmetic.lv\/lv\/product\/merit-drazejas-svara-samazinasanai-21-gab\/\",\"name\":\"Merit dra\u017eejas svara samazin\u0101\u0161anai, 21 gab. - cosmetic.lv\",\"isPartOf\":{\"@id\":\"https:\/\/cosmetic.lv\/lv\/#website\"},\"primaryImageOfPage\":{\"@id\":\"https:\/\/cosmetic.lv\/lv\/product\/merit-drazejas-svara-samazinasanai-21-gab\/#primaryimage\"},\"image\":{\"@id\":\"https:\/\/cosmetic.lv\/lv\/product\/merit-drazejas-svara-samazinasanai-21-gab\/#primaryimage\"},\"thumbnailUrl\":\"https:\/\/cosmetic.lv\/wp-content\/uploads\/2022\/04\/3899.1620816042merit-1.jpg\",\"datePublished\":\"2022-04-02T16:45:20+00:00\",\"dateModified\":\"2022-04-02T16:45:21+00:00\",\"breadcrumb\":{\"@id\":\"https:\/\/cosmetic.lv\/lv\/product\/merit-drazejas-svara-samazinasanai-21-gab\/#breadcrumb\"},\"inLanguage\":\"lv-LV\",\"potentialAction\":[{\"@type\":\"ReadAction\",\"target\":[\"https:\/\/cosmetic.lv\/lv\/product\/merit-drazejas-svara-samazinasanai-21-gab\/\"]}]},{\"@type\":\"ImageObject\",\"inLanguage\":\"lv-LV\",\"@id\":\"https:\/\/cosmetic.lv\/lv\/product\/merit-drazejas-svara-samazinasanai-21-gab\/#primaryimage\",\"url\":\"https:\/\/cosmetic.lv\/wp-content\/uploads\/2022\/04\/3899.1620816042merit-1.jpg\",\"contentUrl\":\"https:\/\/cosmetic.lv\/wp-content\/uploads\/2022\/04\/3899.1620816042merit-1.jpg\",\"width\":500,\"height\":500},{\"@type\":\"BreadcrumbList\",\"@id\":\"https:\/\/cosmetic.lv\/lv\/product\/merit-drazejas-svara-samazinasanai-21-gab\/#breadcrumb\",\"itemListElement\":[{\"@type\":\"ListItem\",\"position\":1,\"name\":\"Home\",\"item\":\"https:\/\/cosmetic.lv\/lv\/\"},{\"@type\":\"ListItem\",\"position\":2,\"name\":\"Veikals\",\"item\":\"https:\/\/cosmetic.lv\/lv\/veiklas\/\"},{\"@type\":\"ListItem\",\"position\":3,\"name\":\"Merit dra\u017eejas svara samazin\u0101\u0161anai, 21 gab.\"}]},{\"@type\":\"WebSite\",\"@id\":\"https:\/\/cosmetic.lv\/lv\/#website\",\"url\":\"https:\/\/cosmetic.lv\/lv\/\",\"name\":\"cosmetic.lv\",\"description\":\"Profesion\u0101la kosm\u0113tika - Maria Galland, Keune, Arkadija, GMT, Guam, Magiray\",\"publisher\":{\"@id\":\"https:\/\/cosmetic.lv\/lv\/#organization\"},\"potentialAction\":[{\"@type\":\"SearchAction\",\"target\":{\"@type\":\"EntryPoint\",\"urlTemplate\":\"https:\/\/cosmetic.lv\/lv\/?s={search_term_string}\"},\"query-input\":{\"@type\":\"PropertyValueSpecification\",\"valueRequired\":true,\"valueName\":\"search_term_string\"}}],\"inLanguage\":\"lv-LV\"},{\"@type\":\"Organization\",\"@id\":\"https:\/\/cosmetic.lv\/lv\/#organization\",\"name\":\"COSMETIC.LV\",\"url\":\"https:\/\/cosmetic.lv\/lv\/\",\"logo\":{\"@type\":\"ImageObject\",\"inLanguage\":\"lv-LV\",\"@id\":\"https:\/\/cosmetic.lv\/lv\/#\/schema\/logo\/image\/\",\"url\":\"https:\/\/cosmetic.lv\/wp-content\/uploads\/2021\/02\/cosmetic.lv_logo.jpg\",\"contentUrl\":\"https:\/\/cosmetic.lv\/wp-content\/uploads\/2021\/02\/cosmetic.lv_logo.jpg\",\"width\":596,\"height\":196,\"caption\":\"COSMETIC.LV\"},\"image\":{\"@id\":\"https:\/\/cosmetic.lv\/lv\/#\/schema\/logo\/image\/\"},\"sameAs\":[\"https:\/\/www.facebook.com\/cosmetic.lv\/\"]}]}<\/script>\n<meta property=\"product:price:amount\" content=\"6.50\" \/>\n<meta property=\"product:price:currency\" content=\"EUR\" \/>\n<meta property=\"og:availability\" content=\"instock\" \/>\n<meta property=\"product:availability\" content=\"instock\" \/>\n<meta property=\"product:retailer_item_id\" content=\"merit\" \/>\n<meta property=\"product:condition\" content=\"new\" \/>\n<!-- \/ Yoast SEO Premium plugin. -->","yoast_head_json":{"title":"Merit dra\u017eejas svara samazin\u0101\u0161anai, 21 gab. - cosmetic.lv","robots":{"index":"index","follow":"follow","max-snippet":"max-snippet:-1","max-image-preview":"max-image-preview:large","max-video-preview":"max-video-preview:-1"},"canonical":"https:\/\/cosmetic.lv\/lv\/product\/merit-drazejas-svara-samazinasanai-21-gab\/","og_locale":"lv_LV","og_type":"article","og_title":"Merit dra\u017eejas svara samazin\u0101\u0161anai, 21 gab.","og_description":"Merit dra\u017eejas, 21 gab. Merit ir uztura dab\u012bgs bag\u0101tin\u0101t\u0101js. Austrumu formula svara samazin\u0101\u0161anai un kontrolei. Efekt\u012bvs prepar\u0101ts notiev\u0113\u0161anai un organisma","og_url":"https:\/\/cosmetic.lv\/lv\/product\/merit-drazejas-svara-samazinasanai-21-gab\/","og_site_name":"cosmetic.lv","article_publisher":"https:\/\/www.facebook.com\/cosmetic.lv\/","article_modified_time":"2022-04-02T16:45:21+00:00","twitter_card":"summary_large_image","schema":{"@context":"https:\/\/schema.org","@graph":[{"@type":"WebPage","@id":"https:\/\/cosmetic.lv\/lv\/product\/merit-drazejas-svara-samazinasanai-21-gab\/","url":"https:\/\/cosmetic.lv\/lv\/product\/merit-drazejas-svara-samazinasanai-21-gab\/","name":"Merit dra\u017eejas svara samazin\u0101\u0161anai, 21 gab. - cosmetic.lv","isPartOf":{"@id":"https:\/\/cosmetic.lv\/lv\/#website"},"primaryImageOfPage":{"@id":"https:\/\/cosmetic.lv\/lv\/product\/merit-drazejas-svara-samazinasanai-21-gab\/#primaryimage"},"image":{"@id":"https:\/\/cosmetic.lv\/lv\/product\/merit-drazejas-svara-samazinasanai-21-gab\/#primaryimage"},"thumbnailUrl":"https:\/\/cosmetic.lv\/wp-content\/uploads\/2022\/04\/3899.1620816042merit-1.jpg","datePublished":"2022-04-02T16:45:20+00:00","dateModified":"2022-04-02T16:45:21+00:00","breadcrumb":{"@id":"https:\/\/cosmetic.lv\/lv\/product\/merit-drazejas-svara-samazinasanai-21-gab\/#breadcrumb"},"inLanguage":"lv-LV","potentialAction":[{"@type":"ReadAction","target":["https:\/\/cosmetic.lv\/lv\/product\/merit-drazejas-svara-samazinasanai-21-gab\/"]}]},{"@type":"ImageObject","inLanguage":"lv-LV","@id":"https:\/\/cosmetic.lv\/lv\/product\/merit-drazejas-svara-samazinasanai-21-gab\/#primaryimage","url":"https:\/\/cosmetic.lv\/wp-content\/uploads\/2022\/04\/3899.1620816042merit-1.jpg","contentUrl":"https:\/\/cosmetic.lv\/wp-content\/uploads\/2022\/04\/3899.1620816042merit-1.jpg","width":500,"height":500},{"@type":"BreadcrumbList","@id":"https:\/\/cosmetic.lv\/lv\/product\/merit-drazejas-svara-samazinasanai-21-gab\/#breadcrumb","itemListElement":[{"@type":"ListItem","position":1,"name":"Home","item":"https:\/\/cosmetic.lv\/lv\/"},{"@type":"ListItem","position":2,"name":"Veikals","item":"https:\/\/cosmetic.lv\/lv\/veiklas\/"},{"@type":"ListItem","position":3,"name":"Merit dra\u017eejas svara samazin\u0101\u0161anai, 21 gab."}]},{"@type":"WebSite","@id":"https:\/\/cosmetic.lv\/lv\/#website","url":"https:\/\/cosmetic.lv\/lv\/","name":"cosmetic.lv","description":"Profesion\u0101la kosm\u0113tika - Maria Galland, Keune, Arkadija, GMT, Guam, Magiray","publisher":{"@id":"https:\/\/cosmetic.lv\/lv\/#organization"},"potentialAction":[{"@type":"SearchAction","target":{"@type":"EntryPoint","urlTemplate":"https:\/\/cosmetic.lv\/lv\/?s={search_term_string}"},"query-input":{"@type":"PropertyValueSpecification","valueRequired":true,"valueName":"search_term_string"}}],"inLanguage":"lv-LV"},{"@type":"Organization","@id":"https:\/\/cosmetic.lv\/lv\/#organization","name":"COSMETIC.LV","url":"https:\/\/cosmetic.lv\/lv\/","logo":{"@type":"ImageObject","inLanguage":"lv-LV","@id":"https:\/\/cosmetic.lv\/lv\/#\/schema\/logo\/image\/","url":"https:\/\/cosmetic.lv\/wp-content\/uploads\/2021\/02\/cosmetic.lv_logo.jpg","contentUrl":"https:\/\/cosmetic.lv\/wp-content\/uploads\/2021\/02\/cosmetic.lv_logo.jpg","width":596,"height":196,"caption":"COSMETIC.LV"},"image":{"@id":"https:\/\/cosmetic.lv\/lv\/#\/schema\/logo\/image\/"},"sameAs":["https:\/\/www.facebook.com\/cosmetic.lv\/"]}]},"product_price_amount":"6.50","product_price_currency":"EUR","og_availability":"instock","product_availability":"instock","product_retailer_item_id":"merit","product_condition":"new"},"_links":{"self":[{"href":"https:\/\/cosmetic.lv\/lv\/wp-json\/wp\/v2\/product\/38130","targetHints":{"allow":["GET"]}}],"collection":[{"href":"https:\/\/cosmetic.lv\/lv\/wp-json\/wp\/v2\/product"}],"about":[{"href":"https:\/\/cosmetic.lv\/lv\/wp-json\/wp\/v2\/types\/product"}],"wp:featuredmedia":[{"embeddable":true,"href":"https:\/\/cosmetic.lv\/lv\/wp-json\/wp\/v2\/media\/38132"}],"wp:attachment":[{"href":"https:\/\/cosmetic.lv\/lv\/wp-json\/wp\/v2\/media?parent=38130"}],"wp:term":[{"taxonomy":"product_brand","embeddable":true,"href":"https:\/\/cosmetic.lv\/lv\/wp-json\/wp\/v2\/product_brand?post=38130"},{"taxonomy":"product_cat","embeddable":true,"href":"https:\/\/cosmetic.lv\/lv\/wp-json\/wp\/v2\/product_cat?post=38130"},{"taxonomy":"product_tag","embeddable":true,"href":"https:\/\/cosmetic.lv\/lv\/wp-json\/wp\/v2\/product_tag?post=38130"}],"curies":[{"name":"wp","href":"https:\/\/api.w.org\/{rel}","templated":true}]}}