{"id":38156,"date":"2022-04-03T21:54:24","date_gmt":"2022-04-03T18:55:43","guid":{"rendered":"https:\/\/cosmetic.lv\/?post_type=product&#038;p=38156"},"modified":"2023-07-26T14:35:20","modified_gmt":"2023-07-26T11:35:20","slug":"detox-teja-organisma-attirisanai","status":"publish","type":"product","link":"https:\/\/cosmetic.lv\/lv\/product\/detox-teja-organisma-attirisanai\/","title":{"rendered":"DETOX (T\u0113ja organisma att\u012br\u012b\u0161anai)"},"content":{"rendered":"<p>Dz\u012bvo\u0161ana pies\u0101r\u0146ot\u0101 vid\u0113 saind\u0113 un l\u012bdzsvaro m\u016bsu \u0137ermeni, kas liek mums justies noguru\u0161am vai izsmeltam. Yogi Tea Detox Organic Tea ir maigs un vienk\u0101r\u0161s veids, k\u0101 pal\u012bdz\u0113t organismam att\u012br\u012bt divus galvenos \u201cfiltrus\u201d \u2013 aknas un nieres.<\/p>\n<p>Sast\u0101v\u0101 ir pienenes, dadzis akn\u0101m, kadi\u0137ogas nieru funkcionalit\u0101tes uzlabo\u0161anai.<\/p>\n<p>Tradicion\u0101lais \u0101jurv\u0113das att\u012bro\u0161o augu mais\u012bjums, ko sauc par \u201ctrikatu\u201d (ingvers, melnie pipari, garie pipari), veicina asinsriti, savuk\u0101rt Indijas sarsaparilla pie\u0161\u0137ir pikantu gar\u0161u. Kop\u0101 ar di\u0113tu un vesel\u012bgu dz\u012bvesveidu Detox t\u0113ja pal\u012bdz atjaunot vesel\u012bgu iek\u0161\u0113jo l\u012bdzsvaru.<\/p>\n<p>T\u0113jas pagatavo\u0161ana: Piepildi t\u0113jas maisi\u0146u ar tikko uzv\u0101r\u012btu \u016bdeni, turi 4-6 min\u016btes (vai ilg\u0101k, ja v\u0113lies intens\u012bv\u0101ku gar\u0161u), viegli piespied t\u0113jas maisi\u0146u, lai t\u0113jas tas\u012bt\u0113 paliek visas labv\u0113l\u012bg\u0101s vielas.<\/p>\n<p>* &#8211; sertific\u0113ts ekolo\u0123isks produkts.<br \/>\nIepakojums sast\u0101v no: 17 paci\u0146\u0101m (30,6 g).<\/p>\n","protected":false},"excerpt":{"rendered":"<p>Dz\u012bvo\u0161ana pies\u0101r\u0146ot\u0101 vid\u0113 saind\u0113 un l\u012bdzsvaro m\u016bsu \u0137ermeni, kas liek mums justies noguru\u0161am vai izsmeltam. Yogi Tea Detox Organic Tea<\/p>\n","protected":false},"featured_media":38154,"template":"","meta":[],"product_brand":[],"product_cat":[2239,2254],"product_tag":[],"class_list":{"0":"post-38156","1":"product","2":"type-product","3":"status-publish","4":"has-post-thumbnail","6":"product_cat-uztura-bagatinataji-lv","7":"product_cat-tejas-ajurveda-tejas-lv","9":"first","10":"instock","11":"taxable","12":"shipping-taxable","13":"purchasable","14":"product-type-simple"},"yoast_head":"<!-- This site is optimized with the Yoast SEO Premium plugin v27.0 (Yoast SEO v27.0) - https:\/\/yoast.com\/product\/yoast-seo-premium-wordpress\/ -->\n<title>DETOX (T\u0113ja organisma att\u012br\u012b\u0161anai) - cosmetic.lv<\/title>\n<meta name=\"robots\" content=\"index, follow, max-snippet:-1, max-image-preview:large, max-video-preview:-1\" \/>\n<link rel=\"canonical\" href=\"https:\/\/cosmetic.lv\/lv\/product\/detox-teja-organisma-attirisanai\/\" \/>\n<meta property=\"og:locale\" content=\"lv_LV\" \/>\n<meta property=\"og:type\" content=\"article\" \/>\n<meta property=\"og:title\" content=\"DETOX (T\u0113ja organisma att\u012br\u012b\u0161anai)\" \/>\n<meta property=\"og:description\" content=\"Dz\u012bvo\u0161ana pies\u0101r\u0146ot\u0101 vid\u0113 saind\u0113 un l\u012bdzsvaro m\u016bsu \u0137ermeni, kas liek mums justies noguru\u0161am vai izsmeltam. Yogi Tea Detox Organic Tea\" \/>\n<meta property=\"og:url\" content=\"https:\/\/cosmetic.lv\/lv\/product\/detox-teja-organisma-attirisanai\/\" \/>\n<meta property=\"og:site_name\" content=\"cosmetic.lv\" \/>\n<meta property=\"article:publisher\" content=\"https:\/\/www.facebook.com\/cosmetic.lv\/\" \/>\n<meta property=\"article:modified_time\" content=\"2023-07-26T11:35:20+00:00\" \/>\n<meta property=\"og:image\" content=\"https:\/\/cosmetic.lv\/wp-content\/uploads\/2022\/04\/imp-15426yogitea_detox_1297_pirkumins.jpg\" \/>\n\t<meta property=\"og:image:width\" content=\"400\" \/>\n\t<meta property=\"og:image:height\" content=\"600\" \/>\n\t<meta property=\"og:image:type\" content=\"image\/jpeg\" \/>\n<meta name=\"twitter:card\" content=\"summary_large_image\" \/>\n<script type=\"application\/ld+json\" class=\"yoast-schema-graph\">{\"@context\":\"https:\/\/schema.org\",\"@graph\":[{\"@type\":\"WebPage\",\"@id\":\"https:\/\/cosmetic.lv\/lv\/product\/detox-teja-organisma-attirisanai\/\",\"url\":\"https:\/\/cosmetic.lv\/lv\/product\/detox-teja-organisma-attirisanai\/\",\"name\":\"DETOX (T\u0113ja organisma att\u012br\u012b\u0161anai) - cosmetic.lv\",\"isPartOf\":{\"@id\":\"https:\/\/cosmetic.lv\/lv\/#website\"},\"primaryImageOfPage\":{\"@id\":\"https:\/\/cosmetic.lv\/lv\/product\/detox-teja-organisma-attirisanai\/#primaryimage\"},\"image\":{\"@id\":\"https:\/\/cosmetic.lv\/lv\/product\/detox-teja-organisma-attirisanai\/#primaryimage\"},\"thumbnailUrl\":\"https:\/\/cosmetic.lv\/wp-content\/uploads\/2022\/04\/imp-15426yogitea_detox_1297_pirkumins.jpg\",\"datePublished\":\"2022-04-03T18:55:43+00:00\",\"dateModified\":\"2023-07-26T11:35:20+00:00\",\"breadcrumb\":{\"@id\":\"https:\/\/cosmetic.lv\/lv\/product\/detox-teja-organisma-attirisanai\/#breadcrumb\"},\"inLanguage\":\"lv-LV\",\"potentialAction\":[{\"@type\":\"ReadAction\",\"target\":[\"https:\/\/cosmetic.lv\/lv\/product\/detox-teja-organisma-attirisanai\/\"]}]},{\"@type\":\"ImageObject\",\"inLanguage\":\"lv-LV\",\"@id\":\"https:\/\/cosmetic.lv\/lv\/product\/detox-teja-organisma-attirisanai\/#primaryimage\",\"url\":\"https:\/\/cosmetic.lv\/wp-content\/uploads\/2022\/04\/imp-15426yogitea_detox_1297_pirkumins.jpg\",\"contentUrl\":\"https:\/\/cosmetic.lv\/wp-content\/uploads\/2022\/04\/imp-15426yogitea_detox_1297_pirkumins.jpg\",\"width\":400,\"height\":600},{\"@type\":\"BreadcrumbList\",\"@id\":\"https:\/\/cosmetic.lv\/lv\/product\/detox-teja-organisma-attirisanai\/#breadcrumb\",\"itemListElement\":[{\"@type\":\"ListItem\",\"position\":1,\"name\":\"Home\",\"item\":\"https:\/\/cosmetic.lv\/lv\/\"},{\"@type\":\"ListItem\",\"position\":2,\"name\":\"Veikals\",\"item\":\"https:\/\/cosmetic.lv\/lv\/veiklas\/\"},{\"@type\":\"ListItem\",\"position\":3,\"name\":\"DETOX (T\u0113ja organisma att\u012br\u012b\u0161anai)\"}]},{\"@type\":\"WebSite\",\"@id\":\"https:\/\/cosmetic.lv\/lv\/#website\",\"url\":\"https:\/\/cosmetic.lv\/lv\/\",\"name\":\"cosmetic.lv\",\"description\":\"Profesion\u0101la kosm\u0113tika - Maria Galland, Keune, Arkadija, GMT, Guam, Magiray\",\"publisher\":{\"@id\":\"https:\/\/cosmetic.lv\/lv\/#organization\"},\"potentialAction\":[{\"@type\":\"SearchAction\",\"target\":{\"@type\":\"EntryPoint\",\"urlTemplate\":\"https:\/\/cosmetic.lv\/lv\/?s={search_term_string}\"},\"query-input\":{\"@type\":\"PropertyValueSpecification\",\"valueRequired\":true,\"valueName\":\"search_term_string\"}}],\"inLanguage\":\"lv-LV\"},{\"@type\":\"Organization\",\"@id\":\"https:\/\/cosmetic.lv\/lv\/#organization\",\"name\":\"COSMETIC.LV\",\"url\":\"https:\/\/cosmetic.lv\/lv\/\",\"logo\":{\"@type\":\"ImageObject\",\"inLanguage\":\"lv-LV\",\"@id\":\"https:\/\/cosmetic.lv\/lv\/#\/schema\/logo\/image\/\",\"url\":\"https:\/\/cosmetic.lv\/wp-content\/uploads\/2021\/02\/cosmetic.lv_logo.jpg\",\"contentUrl\":\"https:\/\/cosmetic.lv\/wp-content\/uploads\/2021\/02\/cosmetic.lv_logo.jpg\",\"width\":596,\"height\":196,\"caption\":\"COSMETIC.LV\"},\"image\":{\"@id\":\"https:\/\/cosmetic.lv\/lv\/#\/schema\/logo\/image\/\"},\"sameAs\":[\"https:\/\/www.facebook.com\/cosmetic.lv\/\"]}]}<\/script>\n<meta property=\"product:price:amount\" content=\"4.00\" \/>\n<meta property=\"product:price:currency\" content=\"EUR\" \/>\n<meta property=\"og:availability\" content=\"instock\" \/>\n<meta property=\"product:availability\" content=\"instock\" \/>\n<meta property=\"product:retailer_item_id\" content=\"det\" \/>\n<meta property=\"product:condition\" content=\"new\" \/>\n<!-- \/ Yoast SEO Premium plugin. -->","yoast_head_json":{"title":"DETOX (T\u0113ja organisma att\u012br\u012b\u0161anai) - cosmetic.lv","robots":{"index":"index","follow":"follow","max-snippet":"max-snippet:-1","max-image-preview":"max-image-preview:large","max-video-preview":"max-video-preview:-1"},"canonical":"https:\/\/cosmetic.lv\/lv\/product\/detox-teja-organisma-attirisanai\/","og_locale":"lv_LV","og_type":"article","og_title":"DETOX (T\u0113ja organisma att\u012br\u012b\u0161anai)","og_description":"Dz\u012bvo\u0161ana pies\u0101r\u0146ot\u0101 vid\u0113 saind\u0113 un l\u012bdzsvaro m\u016bsu \u0137ermeni, kas liek mums justies noguru\u0161am vai izsmeltam. Yogi Tea Detox Organic Tea","og_url":"https:\/\/cosmetic.lv\/lv\/product\/detox-teja-organisma-attirisanai\/","og_site_name":"cosmetic.lv","article_publisher":"https:\/\/www.facebook.com\/cosmetic.lv\/","article_modified_time":"2023-07-26T11:35:20+00:00","og_image":[{"width":400,"height":600,"url":"https:\/\/cosmetic.lv\/wp-content\/uploads\/2022\/04\/imp-15426yogitea_detox_1297_pirkumins.jpg","type":"image\/jpeg"}],"twitter_card":"summary_large_image","schema":{"@context":"https:\/\/schema.org","@graph":[{"@type":"WebPage","@id":"https:\/\/cosmetic.lv\/lv\/product\/detox-teja-organisma-attirisanai\/","url":"https:\/\/cosmetic.lv\/lv\/product\/detox-teja-organisma-attirisanai\/","name":"DETOX (T\u0113ja organisma att\u012br\u012b\u0161anai) - cosmetic.lv","isPartOf":{"@id":"https:\/\/cosmetic.lv\/lv\/#website"},"primaryImageOfPage":{"@id":"https:\/\/cosmetic.lv\/lv\/product\/detox-teja-organisma-attirisanai\/#primaryimage"},"image":{"@id":"https:\/\/cosmetic.lv\/lv\/product\/detox-teja-organisma-attirisanai\/#primaryimage"},"thumbnailUrl":"https:\/\/cosmetic.lv\/wp-content\/uploads\/2022\/04\/imp-15426yogitea_detox_1297_pirkumins.jpg","datePublished":"2022-04-03T18:55:43+00:00","dateModified":"2023-07-26T11:35:20+00:00","breadcrumb":{"@id":"https:\/\/cosmetic.lv\/lv\/product\/detox-teja-organisma-attirisanai\/#breadcrumb"},"inLanguage":"lv-LV","potentialAction":[{"@type":"ReadAction","target":["https:\/\/cosmetic.lv\/lv\/product\/detox-teja-organisma-attirisanai\/"]}]},{"@type":"ImageObject","inLanguage":"lv-LV","@id":"https:\/\/cosmetic.lv\/lv\/product\/detox-teja-organisma-attirisanai\/#primaryimage","url":"https:\/\/cosmetic.lv\/wp-content\/uploads\/2022\/04\/imp-15426yogitea_detox_1297_pirkumins.jpg","contentUrl":"https:\/\/cosmetic.lv\/wp-content\/uploads\/2022\/04\/imp-15426yogitea_detox_1297_pirkumins.jpg","width":400,"height":600},{"@type":"BreadcrumbList","@id":"https:\/\/cosmetic.lv\/lv\/product\/detox-teja-organisma-attirisanai\/#breadcrumb","itemListElement":[{"@type":"ListItem","position":1,"name":"Home","item":"https:\/\/cosmetic.lv\/lv\/"},{"@type":"ListItem","position":2,"name":"Veikals","item":"https:\/\/cosmetic.lv\/lv\/veiklas\/"},{"@type":"ListItem","position":3,"name":"DETOX (T\u0113ja organisma att\u012br\u012b\u0161anai)"}]},{"@type":"WebSite","@id":"https:\/\/cosmetic.lv\/lv\/#website","url":"https:\/\/cosmetic.lv\/lv\/","name":"cosmetic.lv","description":"Profesion\u0101la kosm\u0113tika - Maria Galland, Keune, Arkadija, GMT, Guam, Magiray","publisher":{"@id":"https:\/\/cosmetic.lv\/lv\/#organization"},"potentialAction":[{"@type":"SearchAction","target":{"@type":"EntryPoint","urlTemplate":"https:\/\/cosmetic.lv\/lv\/?s={search_term_string}"},"query-input":{"@type":"PropertyValueSpecification","valueRequired":true,"valueName":"search_term_string"}}],"inLanguage":"lv-LV"},{"@type":"Organization","@id":"https:\/\/cosmetic.lv\/lv\/#organization","name":"COSMETIC.LV","url":"https:\/\/cosmetic.lv\/lv\/","logo":{"@type":"ImageObject","inLanguage":"lv-LV","@id":"https:\/\/cosmetic.lv\/lv\/#\/schema\/logo\/image\/","url":"https:\/\/cosmetic.lv\/wp-content\/uploads\/2021\/02\/cosmetic.lv_logo.jpg","contentUrl":"https:\/\/cosmetic.lv\/wp-content\/uploads\/2021\/02\/cosmetic.lv_logo.jpg","width":596,"height":196,"caption":"COSMETIC.LV"},"image":{"@id":"https:\/\/cosmetic.lv\/lv\/#\/schema\/logo\/image\/"},"sameAs":["https:\/\/www.facebook.com\/cosmetic.lv\/"]}]},"product_price_amount":"4.00","product_price_currency":"EUR","og_availability":"instock","product_availability":"instock","product_retailer_item_id":"det","product_condition":"new"},"_links":{"self":[{"href":"https:\/\/cosmetic.lv\/lv\/wp-json\/wp\/v2\/product\/38156","targetHints":{"allow":["GET"]}}],"collection":[{"href":"https:\/\/cosmetic.lv\/lv\/wp-json\/wp\/v2\/product"}],"about":[{"href":"https:\/\/cosmetic.lv\/lv\/wp-json\/wp\/v2\/types\/product"}],"wp:featuredmedia":[{"embeddable":true,"href":"https:\/\/cosmetic.lv\/lv\/wp-json\/wp\/v2\/media\/38154"}],"wp:attachment":[{"href":"https:\/\/cosmetic.lv\/lv\/wp-json\/wp\/v2\/media?parent=38156"}],"wp:term":[{"taxonomy":"product_brand","embeddable":true,"href":"https:\/\/cosmetic.lv\/lv\/wp-json\/wp\/v2\/product_brand?post=38156"},{"taxonomy":"product_cat","embeddable":true,"href":"https:\/\/cosmetic.lv\/lv\/wp-json\/wp\/v2\/product_cat?post=38156"},{"taxonomy":"product_tag","embeddable":true,"href":"https:\/\/cosmetic.lv\/lv\/wp-json\/wp\/v2\/product_tag?post=38156"}],"curies":[{"name":"wp","href":"https:\/\/api.w.org\/{rel}","templated":true}]}}