{"id":39055,"date":"2023-02-11T00:07:07","date_gmt":"2023-07-26T11:49:34","guid":{"rendered":"https:\/\/cosmetic.lv\/?post_type=product&#038;p=39055"},"modified":"2023-07-26T14:49:35","modified_gmt":"2023-07-26T11:49:35","slug":"maria-galland-5b-nutrivital-rich-intensive-cream-50ml","status":"publish","type":"product","link":"https:\/\/cosmetic.lv\/lv\/product\/maria-galland-5b-nutrivital-rich-intensive-cream-50ml\/","title":{"rendered":"MARIA GALLAND 5B NUTRI&#8217;VITAL RICH INTENSIVE CREAM 50ml"},"content":{"rendered":"<p>\u012apa\u0161i atjaunojo\u0161\u0101 kr\u0113ma bag\u0101t\u012bg\u0101s tekst\u016bras formulas pamat\u0101 ir v\u0113rt\u012bgas atdz\u012bvino\u0161as un aizsarg\u0101jo\u0161as akt\u012bv\u0101s vielas (alanto\u012bns, kumel\u012b\u0161u un zirgkasta\u0146as ekstrakts, bi\u0161u vasks, fitosterolu un lazdu riekstu e\u013c\u013cas komplekss), kas nodro\u0161ina maksim\u0101lu atjauno\u0161anu. T\u0101s pal\u012bdz uzlabot sausas, boj\u0101tas \u0101das pa\u0161aizsardz\u012bbas meh\u0101nismus, kas radu\u0161ies, saskaroties ar \u0101r\u0113jiem stresa faktoriem, pasarg\u0101jot no jauniem t\u0101s barjerfunkcijas trauc\u0113jumiem.<\/p>\n","protected":false},"excerpt":{"rendered":"<p>\u012apa\u0161i atjaunojo\u0161\u0101 kr\u0113ma bag\u0101t\u012bg\u0101s tekst\u016bras formulas pamat\u0101 ir v\u0113rt\u012bgas atdz\u012bvino\u0161as un aizsarg\u0101jo\u0161as akt\u012bv\u0101s vielas (alanto\u012bns, kumel\u012b\u0161u un zirgkasta\u0146as ekstrakts, bi\u0161u<\/p>\n","protected":false},"featured_media":38665,"template":"","meta":[],"product_brand":[],"product_cat":[2277],"product_tag":[],"class_list":{"0":"post-39055","1":"product","2":"type-product","3":"status-publish","4":"has-post-thumbnail","6":"product_cat-maria-galland-francija-lv","8":"first","9":"instock","10":"sale","11":"taxable","12":"shipping-taxable","13":"purchasable","14":"product-type-simple"},"yoast_head":"<!-- This site is optimized with the Yoast SEO Premium plugin v27.0 (Yoast SEO v27.0) - https:\/\/yoast.com\/product\/yoast-seo-premium-wordpress\/ -->\n<title>MARIA GALLAND 5B NUTRI&#039;VITAL RICH INTENSIVE CREAM 50ml - cosmetic.lv<\/title>\n<meta name=\"robots\" content=\"index, follow, max-snippet:-1, max-image-preview:large, max-video-preview:-1\" \/>\n<link rel=\"canonical\" href=\"https:\/\/cosmetic.lv\/lv\/product\/maria-galland-5b-nutrivital-rich-intensive-cream-50ml\/\" \/>\n<meta property=\"og:locale\" content=\"lv_LV\" \/>\n<meta property=\"og:type\" content=\"article\" \/>\n<meta property=\"og:title\" content=\"MARIA GALLAND 5B NUTRI&#039;VITAL RICH INTENSIVE CREAM 50ml\" \/>\n<meta property=\"og:description\" content=\"\u012apa\u0161i atjaunojo\u0161\u0101 kr\u0113ma bag\u0101t\u012bg\u0101s tekst\u016bras formulas pamat\u0101 ir v\u0113rt\u012bgas atdz\u012bvino\u0161as un aizsarg\u0101jo\u0161as akt\u012bv\u0101s vielas (alanto\u012bns, kumel\u012b\u0161u un zirgkasta\u0146as ekstrakts, bi\u0161u\" \/>\n<meta property=\"og:url\" content=\"https:\/\/cosmetic.lv\/lv\/product\/maria-galland-5b-nutrivital-rich-intensive-cream-50ml\/\" \/>\n<meta property=\"og:site_name\" content=\"cosmetic.lv\" \/>\n<meta property=\"article:publisher\" content=\"https:\/\/www.facebook.com\/cosmetic.lv\/\" \/>\n<meta property=\"article:modified_time\" content=\"2023-07-26T11:49:35+00:00\" \/>\n<meta property=\"og:image\" content=\"https:\/\/cosmetic.lv\/wp-content\/uploads\/2023\/02\/5b_nutrivital.png\" \/>\n\t<meta property=\"og:image:width\" content=\"600\" \/>\n\t<meta property=\"og:image:height\" content=\"600\" \/>\n\t<meta property=\"og:image:type\" content=\"image\/png\" \/>\n<meta name=\"twitter:card\" content=\"summary_large_image\" \/>\n<script type=\"application\/ld+json\" class=\"yoast-schema-graph\">{\"@context\":\"https:\/\/schema.org\",\"@graph\":[{\"@type\":\"WebPage\",\"@id\":\"https:\/\/cosmetic.lv\/lv\/product\/maria-galland-5b-nutrivital-rich-intensive-cream-50ml\/\",\"url\":\"https:\/\/cosmetic.lv\/lv\/product\/maria-galland-5b-nutrivital-rich-intensive-cream-50ml\/\",\"name\":\"MARIA GALLAND 5B NUTRI'VITAL RICH INTENSIVE CREAM 50ml - cosmetic.lv\",\"isPartOf\":{\"@id\":\"https:\/\/cosmetic.lv\/lv\/#website\"},\"primaryImageOfPage\":{\"@id\":\"https:\/\/cosmetic.lv\/lv\/product\/maria-galland-5b-nutrivital-rich-intensive-cream-50ml\/#primaryimage\"},\"image\":{\"@id\":\"https:\/\/cosmetic.lv\/lv\/product\/maria-galland-5b-nutrivital-rich-intensive-cream-50ml\/#primaryimage\"},\"thumbnailUrl\":\"https:\/\/cosmetic.lv\/wp-content\/uploads\/2023\/02\/5b_nutrivital.png\",\"datePublished\":\"2023-07-26T11:49:34+00:00\",\"dateModified\":\"2023-07-26T11:49:35+00:00\",\"breadcrumb\":{\"@id\":\"https:\/\/cosmetic.lv\/lv\/product\/maria-galland-5b-nutrivital-rich-intensive-cream-50ml\/#breadcrumb\"},\"inLanguage\":\"lv-LV\",\"potentialAction\":[{\"@type\":\"ReadAction\",\"target\":[\"https:\/\/cosmetic.lv\/lv\/product\/maria-galland-5b-nutrivital-rich-intensive-cream-50ml\/\"]}]},{\"@type\":\"ImageObject\",\"inLanguage\":\"lv-LV\",\"@id\":\"https:\/\/cosmetic.lv\/lv\/product\/maria-galland-5b-nutrivital-rich-intensive-cream-50ml\/#primaryimage\",\"url\":\"https:\/\/cosmetic.lv\/wp-content\/uploads\/2023\/02\/5b_nutrivital.png\",\"contentUrl\":\"https:\/\/cosmetic.lv\/wp-content\/uploads\/2023\/02\/5b_nutrivital.png\",\"width\":600,\"height\":600},{\"@type\":\"BreadcrumbList\",\"@id\":\"https:\/\/cosmetic.lv\/lv\/product\/maria-galland-5b-nutrivital-rich-intensive-cream-50ml\/#breadcrumb\",\"itemListElement\":[{\"@type\":\"ListItem\",\"position\":1,\"name\":\"Home\",\"item\":\"https:\/\/cosmetic.lv\/lv\/\"},{\"@type\":\"ListItem\",\"position\":2,\"name\":\"Veikals\",\"item\":\"https:\/\/cosmetic.lv\/lv\/veiklas\/\"},{\"@type\":\"ListItem\",\"position\":3,\"name\":\"MARIA GALLAND 5B NUTRI&#8217;VITAL RICH INTENSIVE CREAM 50ml\"}]},{\"@type\":\"WebSite\",\"@id\":\"https:\/\/cosmetic.lv\/lv\/#website\",\"url\":\"https:\/\/cosmetic.lv\/lv\/\",\"name\":\"cosmetic.lv\",\"description\":\"Profesion\u0101la kosm\u0113tika - Maria Galland, Keune, Arkadija, GMT, Guam, Magiray\",\"publisher\":{\"@id\":\"https:\/\/cosmetic.lv\/lv\/#organization\"},\"potentialAction\":[{\"@type\":\"SearchAction\",\"target\":{\"@type\":\"EntryPoint\",\"urlTemplate\":\"https:\/\/cosmetic.lv\/lv\/?s={search_term_string}\"},\"query-input\":{\"@type\":\"PropertyValueSpecification\",\"valueRequired\":true,\"valueName\":\"search_term_string\"}}],\"inLanguage\":\"lv-LV\"},{\"@type\":\"Organization\",\"@id\":\"https:\/\/cosmetic.lv\/lv\/#organization\",\"name\":\"COSMETIC.LV\",\"url\":\"https:\/\/cosmetic.lv\/lv\/\",\"logo\":{\"@type\":\"ImageObject\",\"inLanguage\":\"lv-LV\",\"@id\":\"https:\/\/cosmetic.lv\/lv\/#\/schema\/logo\/image\/\",\"url\":\"https:\/\/cosmetic.lv\/wp-content\/uploads\/2021\/02\/cosmetic.lv_logo.jpg\",\"contentUrl\":\"https:\/\/cosmetic.lv\/wp-content\/uploads\/2021\/02\/cosmetic.lv_logo.jpg\",\"width\":596,\"height\":196,\"caption\":\"COSMETIC.LV\"},\"image\":{\"@id\":\"https:\/\/cosmetic.lv\/lv\/#\/schema\/logo\/image\/\"},\"sameAs\":[\"https:\/\/www.facebook.com\/cosmetic.lv\/\"]}]}<\/script>\n<meta property=\"product:price:amount\" content=\"89.00\" \/>\n<meta property=\"product:price:currency\" content=\"EUR\" \/>\n<meta property=\"og:availability\" content=\"instock\" \/>\n<meta property=\"product:availability\" content=\"instock\" \/>\n<meta property=\"product:retailer_item_id\" content=\"mg5b\" \/>\n<meta property=\"product:condition\" content=\"new\" \/>\n<!-- \/ Yoast SEO Premium plugin. -->","yoast_head_json":{"title":"MARIA GALLAND 5B NUTRI'VITAL RICH INTENSIVE CREAM 50ml - cosmetic.lv","robots":{"index":"index","follow":"follow","max-snippet":"max-snippet:-1","max-image-preview":"max-image-preview:large","max-video-preview":"max-video-preview:-1"},"canonical":"https:\/\/cosmetic.lv\/lv\/product\/maria-galland-5b-nutrivital-rich-intensive-cream-50ml\/","og_locale":"lv_LV","og_type":"article","og_title":"MARIA GALLAND 5B NUTRI'VITAL RICH INTENSIVE CREAM 50ml","og_description":"\u012apa\u0161i atjaunojo\u0161\u0101 kr\u0113ma bag\u0101t\u012bg\u0101s tekst\u016bras formulas pamat\u0101 ir v\u0113rt\u012bgas atdz\u012bvino\u0161as un aizsarg\u0101jo\u0161as akt\u012bv\u0101s vielas (alanto\u012bns, kumel\u012b\u0161u un zirgkasta\u0146as ekstrakts, bi\u0161u","og_url":"https:\/\/cosmetic.lv\/lv\/product\/maria-galland-5b-nutrivital-rich-intensive-cream-50ml\/","og_site_name":"cosmetic.lv","article_publisher":"https:\/\/www.facebook.com\/cosmetic.lv\/","article_modified_time":"2023-07-26T11:49:35+00:00","og_image":[{"width":600,"height":600,"url":"https:\/\/cosmetic.lv\/wp-content\/uploads\/2023\/02\/5b_nutrivital.png","type":"image\/png"}],"twitter_card":"summary_large_image","schema":{"@context":"https:\/\/schema.org","@graph":[{"@type":"WebPage","@id":"https:\/\/cosmetic.lv\/lv\/product\/maria-galland-5b-nutrivital-rich-intensive-cream-50ml\/","url":"https:\/\/cosmetic.lv\/lv\/product\/maria-galland-5b-nutrivital-rich-intensive-cream-50ml\/","name":"MARIA GALLAND 5B NUTRI'VITAL RICH INTENSIVE CREAM 50ml - cosmetic.lv","isPartOf":{"@id":"https:\/\/cosmetic.lv\/lv\/#website"},"primaryImageOfPage":{"@id":"https:\/\/cosmetic.lv\/lv\/product\/maria-galland-5b-nutrivital-rich-intensive-cream-50ml\/#primaryimage"},"image":{"@id":"https:\/\/cosmetic.lv\/lv\/product\/maria-galland-5b-nutrivital-rich-intensive-cream-50ml\/#primaryimage"},"thumbnailUrl":"https:\/\/cosmetic.lv\/wp-content\/uploads\/2023\/02\/5b_nutrivital.png","datePublished":"2023-07-26T11:49:34+00:00","dateModified":"2023-07-26T11:49:35+00:00","breadcrumb":{"@id":"https:\/\/cosmetic.lv\/lv\/product\/maria-galland-5b-nutrivital-rich-intensive-cream-50ml\/#breadcrumb"},"inLanguage":"lv-LV","potentialAction":[{"@type":"ReadAction","target":["https:\/\/cosmetic.lv\/lv\/product\/maria-galland-5b-nutrivital-rich-intensive-cream-50ml\/"]}]},{"@type":"ImageObject","inLanguage":"lv-LV","@id":"https:\/\/cosmetic.lv\/lv\/product\/maria-galland-5b-nutrivital-rich-intensive-cream-50ml\/#primaryimage","url":"https:\/\/cosmetic.lv\/wp-content\/uploads\/2023\/02\/5b_nutrivital.png","contentUrl":"https:\/\/cosmetic.lv\/wp-content\/uploads\/2023\/02\/5b_nutrivital.png","width":600,"height":600},{"@type":"BreadcrumbList","@id":"https:\/\/cosmetic.lv\/lv\/product\/maria-galland-5b-nutrivital-rich-intensive-cream-50ml\/#breadcrumb","itemListElement":[{"@type":"ListItem","position":1,"name":"Home","item":"https:\/\/cosmetic.lv\/lv\/"},{"@type":"ListItem","position":2,"name":"Veikals","item":"https:\/\/cosmetic.lv\/lv\/veiklas\/"},{"@type":"ListItem","position":3,"name":"MARIA GALLAND 5B NUTRI&#8217;VITAL RICH INTENSIVE CREAM 50ml"}]},{"@type":"WebSite","@id":"https:\/\/cosmetic.lv\/lv\/#website","url":"https:\/\/cosmetic.lv\/lv\/","name":"cosmetic.lv","description":"Profesion\u0101la kosm\u0113tika - Maria Galland, Keune, Arkadija, GMT, Guam, Magiray","publisher":{"@id":"https:\/\/cosmetic.lv\/lv\/#organization"},"potentialAction":[{"@type":"SearchAction","target":{"@type":"EntryPoint","urlTemplate":"https:\/\/cosmetic.lv\/lv\/?s={search_term_string}"},"query-input":{"@type":"PropertyValueSpecification","valueRequired":true,"valueName":"search_term_string"}}],"inLanguage":"lv-LV"},{"@type":"Organization","@id":"https:\/\/cosmetic.lv\/lv\/#organization","name":"COSMETIC.LV","url":"https:\/\/cosmetic.lv\/lv\/","logo":{"@type":"ImageObject","inLanguage":"lv-LV","@id":"https:\/\/cosmetic.lv\/lv\/#\/schema\/logo\/image\/","url":"https:\/\/cosmetic.lv\/wp-content\/uploads\/2021\/02\/cosmetic.lv_logo.jpg","contentUrl":"https:\/\/cosmetic.lv\/wp-content\/uploads\/2021\/02\/cosmetic.lv_logo.jpg","width":596,"height":196,"caption":"COSMETIC.LV"},"image":{"@id":"https:\/\/cosmetic.lv\/lv\/#\/schema\/logo\/image\/"},"sameAs":["https:\/\/www.facebook.com\/cosmetic.lv\/"]}]},"product_price_amount":"89.00","product_price_currency":"EUR","og_availability":"instock","product_availability":"instock","product_retailer_item_id":"mg5b","product_condition":"new"},"_links":{"self":[{"href":"https:\/\/cosmetic.lv\/lv\/wp-json\/wp\/v2\/product\/39055","targetHints":{"allow":["GET"]}}],"collection":[{"href":"https:\/\/cosmetic.lv\/lv\/wp-json\/wp\/v2\/product"}],"about":[{"href":"https:\/\/cosmetic.lv\/lv\/wp-json\/wp\/v2\/types\/product"}],"wp:featuredmedia":[{"embeddable":true,"href":"https:\/\/cosmetic.lv\/lv\/wp-json\/wp\/v2\/media\/38665"}],"wp:attachment":[{"href":"https:\/\/cosmetic.lv\/lv\/wp-json\/wp\/v2\/media?parent=39055"}],"wp:term":[{"taxonomy":"product_brand","embeddable":true,"href":"https:\/\/cosmetic.lv\/lv\/wp-json\/wp\/v2\/product_brand?post=39055"},{"taxonomy":"product_cat","embeddable":true,"href":"https:\/\/cosmetic.lv\/lv\/wp-json\/wp\/v2\/product_cat?post=39055"},{"taxonomy":"product_tag","embeddable":true,"href":"https:\/\/cosmetic.lv\/lv\/wp-json\/wp\/v2\/product_tag?post=39055"}],"curies":[{"name":"wp","href":"https:\/\/api.w.org\/{rel}","templated":true}]}}