{"id":39299,"date":"2023-11-11T15:33:11","date_gmt":"2023-11-11T13:34:57","guid":{"rendered":"https:\/\/cosmetic.lv\/?post_type=product&#038;p=39299"},"modified":"2023-11-11T15:34:58","modified_gmt":"2023-11-11T13:34:58","slug":"sals-epsoma-aromatika-anglu-sals-magnija-sulfats","status":"publish","type":"product","link":"https:\/\/cosmetic.lv\/lv\/product\/sals-epsoma-aromatika-anglu-sals-magnija-sulfats\/","title":{"rendered":"S\u0101ls Epsoma Aromatika (anglu s\u0101ls) Magnija Sulfats"},"content":{"rendered":"<div id=\"tw-target-text-container\">\n<pre id=\"tw-target-text\" dir=\"ltr\">M\u0113r\u0137is: vanno\u0161anai, \u0101das, matu un nagu kop\u0161anai.\r\n\r\nDarb\u012bba: m\u012bkstin\u0101\u0161ana, detoksik\u0101cija, re\u0123ener\u0101cija, att\u012br\u012b\u0161ana, uzturs, atjauno\u0161ana, atjauno\u0161ana, relaks\u0101cija.\r\n\r\nEpsomas s\u0101ls izcelsme\r\n\r\nEpsom s\u0101ls paties\u012bb\u0101 nav s\u0101ls. Tas ir miner\u0101ls, kas sast\u0101v no magnija, s\u0113ra, \u016bdens un sk\u0101bek\u013ca. \u0100r\u0113ji tas atg\u0101dina galda s\u0101li, tam ir ar\u012b mazu caursp\u012bd\u012bgu krist\u0101lu izskats. M\u016bsdien\u0101s magnija sulf\u0101ts galvenok\u0101rt rodas \u0137\u012bmisku reakciju rezult\u0101t\u0101\r\n\r\n1 kg<\/pre>\n<\/div>\n<pre id=\"tw-target-rmn\" dir=\"ltr\"><\/pre>\n","protected":false},"excerpt":{"rendered":"<p>M\u0113r\u0137is: vanno\u0161anai, \u0101das, matu un nagu kop\u0161anai. Darb\u012bba: m\u012bkstin\u0101\u0161ana, detoksik\u0101cija, re\u0123ener\u0101cija, att\u012br\u012b\u0161ana, uzturs, atjauno\u0161ana, atjauno\u0161ana, relaks\u0101cija. Epsomas s\u0101ls izcelsme Epsom<\/p>\n","protected":false},"featured_media":39298,"template":"","meta":[],"product_brand":[],"product_cat":[2200,2207,2218],"product_tag":[],"class_list":{"0":"post-39299","1":"product","2":"type-product","3":"status-publish","4":"has-post-thumbnail","6":"product_cat-skaistums-un-veseliba-lv","7":"product_cat-veselibai-lv","8":"product_cat-viss-kermenis-lv","10":"first","11":"instock","12":"taxable","13":"shipping-taxable","14":"purchasable","15":"product-type-simple"},"yoast_head":"<!-- This site is optimized with the Yoast SEO Premium plugin v27.0 (Yoast SEO v27.0) - https:\/\/yoast.com\/product\/yoast-seo-premium-wordpress\/ -->\n<title>S\u0101ls Epsoma Aromatika (anglu s\u0101ls) Magnija Sulfats - cosmetic.lv<\/title>\n<meta name=\"robots\" content=\"index, follow, max-snippet:-1, max-image-preview:large, max-video-preview:-1\" \/>\n<link rel=\"canonical\" href=\"https:\/\/cosmetic.lv\/lv\/product\/sals-epsoma-aromatika-anglu-sals-magnija-sulfats\/\" \/>\n<meta property=\"og:locale\" content=\"lv_LV\" \/>\n<meta property=\"og:type\" content=\"article\" \/>\n<meta property=\"og:title\" content=\"S\u0101ls Epsoma Aromatika (anglu s\u0101ls) Magnija Sulfats\" \/>\n<meta property=\"og:description\" content=\"M\u0113r\u0137is: vanno\u0161anai, \u0101das, matu un nagu kop\u0161anai. Darb\u012bba: m\u012bkstin\u0101\u0161ana, detoksik\u0101cija, re\u0123ener\u0101cija, att\u012br\u012b\u0161ana, uzturs, atjauno\u0161ana, atjauno\u0161ana, relaks\u0101cija. Epsomas s\u0101ls izcelsme Epsom\" \/>\n<meta property=\"og:url\" content=\"https:\/\/cosmetic.lv\/lv\/product\/sals-epsoma-aromatika-anglu-sals-magnija-sulfats\/\" \/>\n<meta property=\"og:site_name\" content=\"cosmetic.lv\" \/>\n<meta property=\"article:publisher\" content=\"https:\/\/www.facebook.com\/cosmetic.lv\/\" \/>\n<meta property=\"article:modified_time\" content=\"2023-11-11T13:34:58+00:00\" \/>\n<meta property=\"og:image\" content=\"https:\/\/cosmetic.lv\/wp-content\/uploads\/2023\/11\/sil-epsoma-angliyska-aromatika-1-kg-12265343919726.jpg\" \/>\n\t<meta property=\"og:image:width\" content=\"1076\" \/>\n\t<meta property=\"og:image:height\" content=\"1500\" \/>\n\t<meta property=\"og:image:type\" content=\"image\/jpeg\" \/>\n<meta name=\"twitter:card\" content=\"summary_large_image\" \/>\n<script type=\"application\/ld+json\" class=\"yoast-schema-graph\">{\"@context\":\"https:\/\/schema.org\",\"@graph\":[{\"@type\":\"WebPage\",\"@id\":\"https:\/\/cosmetic.lv\/lv\/product\/sals-epsoma-aromatika-anglu-sals-magnija-sulfats\/\",\"url\":\"https:\/\/cosmetic.lv\/lv\/product\/sals-epsoma-aromatika-anglu-sals-magnija-sulfats\/\",\"name\":\"S\u0101ls Epsoma Aromatika (anglu s\u0101ls) Magnija Sulfats - cosmetic.lv\",\"isPartOf\":{\"@id\":\"https:\/\/cosmetic.lv\/lv\/#website\"},\"primaryImageOfPage\":{\"@id\":\"https:\/\/cosmetic.lv\/lv\/product\/sals-epsoma-aromatika-anglu-sals-magnija-sulfats\/#primaryimage\"},\"image\":{\"@id\":\"https:\/\/cosmetic.lv\/lv\/product\/sals-epsoma-aromatika-anglu-sals-magnija-sulfats\/#primaryimage\"},\"thumbnailUrl\":\"https:\/\/cosmetic.lv\/wp-content\/uploads\/2023\/11\/sil-epsoma-angliyska-aromatika-1-kg-12265343919726.jpg\",\"datePublished\":\"2023-11-11T13:34:57+00:00\",\"dateModified\":\"2023-11-11T13:34:58+00:00\",\"breadcrumb\":{\"@id\":\"https:\/\/cosmetic.lv\/lv\/product\/sals-epsoma-aromatika-anglu-sals-magnija-sulfats\/#breadcrumb\"},\"inLanguage\":\"lv-LV\",\"potentialAction\":[{\"@type\":\"ReadAction\",\"target\":[\"https:\/\/cosmetic.lv\/lv\/product\/sals-epsoma-aromatika-anglu-sals-magnija-sulfats\/\"]}]},{\"@type\":\"ImageObject\",\"inLanguage\":\"lv-LV\",\"@id\":\"https:\/\/cosmetic.lv\/lv\/product\/sals-epsoma-aromatika-anglu-sals-magnija-sulfats\/#primaryimage\",\"url\":\"https:\/\/cosmetic.lv\/wp-content\/uploads\/2023\/11\/sil-epsoma-angliyska-aromatika-1-kg-12265343919726.jpg\",\"contentUrl\":\"https:\/\/cosmetic.lv\/wp-content\/uploads\/2023\/11\/sil-epsoma-angliyska-aromatika-1-kg-12265343919726.jpg\",\"width\":1076,\"height\":1500},{\"@type\":\"BreadcrumbList\",\"@id\":\"https:\/\/cosmetic.lv\/lv\/product\/sals-epsoma-aromatika-anglu-sals-magnija-sulfats\/#breadcrumb\",\"itemListElement\":[{\"@type\":\"ListItem\",\"position\":1,\"name\":\"Home\",\"item\":\"https:\/\/cosmetic.lv\/lv\/\"},{\"@type\":\"ListItem\",\"position\":2,\"name\":\"Veikals\",\"item\":\"https:\/\/cosmetic.lv\/lv\/veiklas\/\"},{\"@type\":\"ListItem\",\"position\":3,\"name\":\"S\u0101ls Epsoma Aromatika (anglu s\u0101ls) Magnija Sulfats\"}]},{\"@type\":\"WebSite\",\"@id\":\"https:\/\/cosmetic.lv\/lv\/#website\",\"url\":\"https:\/\/cosmetic.lv\/lv\/\",\"name\":\"cosmetic.lv\",\"description\":\"Profesion\u0101la kosm\u0113tika - Maria Galland, Keune, Arkadija, GMT, Guam, Magiray\",\"publisher\":{\"@id\":\"https:\/\/cosmetic.lv\/lv\/#organization\"},\"potentialAction\":[{\"@type\":\"SearchAction\",\"target\":{\"@type\":\"EntryPoint\",\"urlTemplate\":\"https:\/\/cosmetic.lv\/lv\/?s={search_term_string}\"},\"query-input\":{\"@type\":\"PropertyValueSpecification\",\"valueRequired\":true,\"valueName\":\"search_term_string\"}}],\"inLanguage\":\"lv-LV\"},{\"@type\":\"Organization\",\"@id\":\"https:\/\/cosmetic.lv\/lv\/#organization\",\"name\":\"COSMETIC.LV\",\"url\":\"https:\/\/cosmetic.lv\/lv\/\",\"logo\":{\"@type\":\"ImageObject\",\"inLanguage\":\"lv-LV\",\"@id\":\"https:\/\/cosmetic.lv\/lv\/#\/schema\/logo\/image\/\",\"url\":\"https:\/\/cosmetic.lv\/wp-content\/uploads\/2021\/02\/cosmetic.lv_logo.jpg\",\"contentUrl\":\"https:\/\/cosmetic.lv\/wp-content\/uploads\/2021\/02\/cosmetic.lv_logo.jpg\",\"width\":596,\"height\":196,\"caption\":\"COSMETIC.LV\"},\"image\":{\"@id\":\"https:\/\/cosmetic.lv\/lv\/#\/schema\/logo\/image\/\"},\"sameAs\":[\"https:\/\/www.facebook.com\/cosmetic.lv\/\"]}]}<\/script>\n<meta property=\"product:price:amount\" content=\"12.70\" \/>\n<meta property=\"product:price:currency\" content=\"EUR\" \/>\n<meta property=\"og:availability\" content=\"instock\" \/>\n<meta property=\"product:availability\" content=\"instock\" \/>\n<meta property=\"product:retailer_item_id\" content=\"1\" \/>\n<meta property=\"product:condition\" content=\"new\" \/>\n<!-- \/ Yoast SEO Premium plugin. -->","yoast_head_json":{"title":"S\u0101ls Epsoma Aromatika (anglu s\u0101ls) Magnija Sulfats - cosmetic.lv","robots":{"index":"index","follow":"follow","max-snippet":"max-snippet:-1","max-image-preview":"max-image-preview:large","max-video-preview":"max-video-preview:-1"},"canonical":"https:\/\/cosmetic.lv\/lv\/product\/sals-epsoma-aromatika-anglu-sals-magnija-sulfats\/","og_locale":"lv_LV","og_type":"article","og_title":"S\u0101ls Epsoma Aromatika (anglu s\u0101ls) Magnija Sulfats","og_description":"M\u0113r\u0137is: vanno\u0161anai, \u0101das, matu un nagu kop\u0161anai. Darb\u012bba: m\u012bkstin\u0101\u0161ana, detoksik\u0101cija, re\u0123ener\u0101cija, att\u012br\u012b\u0161ana, uzturs, atjauno\u0161ana, atjauno\u0161ana, relaks\u0101cija. Epsomas s\u0101ls izcelsme Epsom","og_url":"https:\/\/cosmetic.lv\/lv\/product\/sals-epsoma-aromatika-anglu-sals-magnija-sulfats\/","og_site_name":"cosmetic.lv","article_publisher":"https:\/\/www.facebook.com\/cosmetic.lv\/","article_modified_time":"2023-11-11T13:34:58+00:00","og_image":[{"width":1076,"height":1500,"url":"https:\/\/cosmetic.lv\/wp-content\/uploads\/2023\/11\/sil-epsoma-angliyska-aromatika-1-kg-12265343919726.jpg","type":"image\/jpeg"}],"twitter_card":"summary_large_image","schema":{"@context":"https:\/\/schema.org","@graph":[{"@type":"WebPage","@id":"https:\/\/cosmetic.lv\/lv\/product\/sals-epsoma-aromatika-anglu-sals-magnija-sulfats\/","url":"https:\/\/cosmetic.lv\/lv\/product\/sals-epsoma-aromatika-anglu-sals-magnija-sulfats\/","name":"S\u0101ls Epsoma Aromatika (anglu s\u0101ls) Magnija Sulfats - cosmetic.lv","isPartOf":{"@id":"https:\/\/cosmetic.lv\/lv\/#website"},"primaryImageOfPage":{"@id":"https:\/\/cosmetic.lv\/lv\/product\/sals-epsoma-aromatika-anglu-sals-magnija-sulfats\/#primaryimage"},"image":{"@id":"https:\/\/cosmetic.lv\/lv\/product\/sals-epsoma-aromatika-anglu-sals-magnija-sulfats\/#primaryimage"},"thumbnailUrl":"https:\/\/cosmetic.lv\/wp-content\/uploads\/2023\/11\/sil-epsoma-angliyska-aromatika-1-kg-12265343919726.jpg","datePublished":"2023-11-11T13:34:57+00:00","dateModified":"2023-11-11T13:34:58+00:00","breadcrumb":{"@id":"https:\/\/cosmetic.lv\/lv\/product\/sals-epsoma-aromatika-anglu-sals-magnija-sulfats\/#breadcrumb"},"inLanguage":"lv-LV","potentialAction":[{"@type":"ReadAction","target":["https:\/\/cosmetic.lv\/lv\/product\/sals-epsoma-aromatika-anglu-sals-magnija-sulfats\/"]}]},{"@type":"ImageObject","inLanguage":"lv-LV","@id":"https:\/\/cosmetic.lv\/lv\/product\/sals-epsoma-aromatika-anglu-sals-magnija-sulfats\/#primaryimage","url":"https:\/\/cosmetic.lv\/wp-content\/uploads\/2023\/11\/sil-epsoma-angliyska-aromatika-1-kg-12265343919726.jpg","contentUrl":"https:\/\/cosmetic.lv\/wp-content\/uploads\/2023\/11\/sil-epsoma-angliyska-aromatika-1-kg-12265343919726.jpg","width":1076,"height":1500},{"@type":"BreadcrumbList","@id":"https:\/\/cosmetic.lv\/lv\/product\/sals-epsoma-aromatika-anglu-sals-magnija-sulfats\/#breadcrumb","itemListElement":[{"@type":"ListItem","position":1,"name":"Home","item":"https:\/\/cosmetic.lv\/lv\/"},{"@type":"ListItem","position":2,"name":"Veikals","item":"https:\/\/cosmetic.lv\/lv\/veiklas\/"},{"@type":"ListItem","position":3,"name":"S\u0101ls Epsoma Aromatika (anglu s\u0101ls) Magnija Sulfats"}]},{"@type":"WebSite","@id":"https:\/\/cosmetic.lv\/lv\/#website","url":"https:\/\/cosmetic.lv\/lv\/","name":"cosmetic.lv","description":"Profesion\u0101la kosm\u0113tika - Maria Galland, Keune, Arkadija, GMT, Guam, Magiray","publisher":{"@id":"https:\/\/cosmetic.lv\/lv\/#organization"},"potentialAction":[{"@type":"SearchAction","target":{"@type":"EntryPoint","urlTemplate":"https:\/\/cosmetic.lv\/lv\/?s={search_term_string}"},"query-input":{"@type":"PropertyValueSpecification","valueRequired":true,"valueName":"search_term_string"}}],"inLanguage":"lv-LV"},{"@type":"Organization","@id":"https:\/\/cosmetic.lv\/lv\/#organization","name":"COSMETIC.LV","url":"https:\/\/cosmetic.lv\/lv\/","logo":{"@type":"ImageObject","inLanguage":"lv-LV","@id":"https:\/\/cosmetic.lv\/lv\/#\/schema\/logo\/image\/","url":"https:\/\/cosmetic.lv\/wp-content\/uploads\/2021\/02\/cosmetic.lv_logo.jpg","contentUrl":"https:\/\/cosmetic.lv\/wp-content\/uploads\/2021\/02\/cosmetic.lv_logo.jpg","width":596,"height":196,"caption":"COSMETIC.LV"},"image":{"@id":"https:\/\/cosmetic.lv\/lv\/#\/schema\/logo\/image\/"},"sameAs":["https:\/\/www.facebook.com\/cosmetic.lv\/"]}]},"product_price_amount":"12.70","product_price_currency":"EUR","og_availability":"instock","product_availability":"instock","product_retailer_item_id":"1","product_condition":"new"},"_links":{"self":[{"href":"https:\/\/cosmetic.lv\/lv\/wp-json\/wp\/v2\/product\/39299","targetHints":{"allow":["GET"]}}],"collection":[{"href":"https:\/\/cosmetic.lv\/lv\/wp-json\/wp\/v2\/product"}],"about":[{"href":"https:\/\/cosmetic.lv\/lv\/wp-json\/wp\/v2\/types\/product"}],"wp:featuredmedia":[{"embeddable":true,"href":"https:\/\/cosmetic.lv\/lv\/wp-json\/wp\/v2\/media\/39298"}],"wp:attachment":[{"href":"https:\/\/cosmetic.lv\/lv\/wp-json\/wp\/v2\/media?parent=39299"}],"wp:term":[{"taxonomy":"product_brand","embeddable":true,"href":"https:\/\/cosmetic.lv\/lv\/wp-json\/wp\/v2\/product_brand?post=39299"},{"taxonomy":"product_cat","embeddable":true,"href":"https:\/\/cosmetic.lv\/lv\/wp-json\/wp\/v2\/product_cat?post=39299"},{"taxonomy":"product_tag","embeddable":true,"href":"https:\/\/cosmetic.lv\/lv\/wp-json\/wp\/v2\/product_tag?post=39299"}],"curies":[{"name":"wp","href":"https:\/\/api.w.org\/{rel}","templated":true}]}}