{"id":39305,"date":"2023-11-11T15:48:06","date_gmt":"2023-11-11T13:49:23","guid":{"rendered":"https:\/\/cosmetic.lv\/?post_type=product&#038;p=39305"},"modified":"2023-11-11T15:49:24","modified_gmt":"2023-11-11T13:49:24","slug":"malahits-higienisks-lidzeklis-30ml","status":"publish","type":"product","link":"https:\/\/cosmetic.lv\/lv\/product\/malahits-higienisks-lidzeklis-30ml\/","title":{"rendered":"&#8220;Malah\u012bts&#8221; &#8211; higi\u0113nisks l\u012bdzeklis. 30ml"},"content":{"rendered":"<p><b>&#8220;Malah\u012bts&#8221; <\/b><b>&#8211; higi\u0113nisks l\u012bdzeklis. 30ml<br \/>\n<\/b>Produkts ir paredz\u0113ts tikai \u0101r\u0113jai lieto\u0161anai. Ieteicams ikdienas sejas un \u0137erme\u0146a \u0101das att\u012br\u012b\u0161anai un higi\u0113niskai kop\u0161anai; Produkts tiek izmantots \u0101r\u0113jo dzimumorg\u0101nu un int\u012bm\u0101s zonas \u0101das higi\u0113niskai kop\u0161anai. Produkts tiek izmantots mutes dobuma higi\u0113nai, lai pie\u0161\u0137irtu elpai svaigumu un nov\u0113rstu nepat\u012bkamas smakas;<br \/>\n<b>Sast\u0101vs<\/b>: Att\u012br\u012bts \u016bdens, PEG-40 hidrogen\u0113ta r\u012bcine\u013c\u013ca, glicer\u012bns, piensk\u0101be, vara sulf\u0101ts, vara karbon\u0101ts, ksant\u0101na sve\u0137i, b\u0113rza pumpuru ekstrakts, prie\u017eu pumpuru ekstrakts, ozola mizas ekstrakts, \u010dagas ekstrakts, pienenes ekstrakts, alantes\u00a0 ekstrakts, kli\u0146\u0123er\u012b\u0161u ekstrakts, pela\u0161\u0137u ekstrakts, piparm\u0113tru ekstrakts, timi\u0101na ekstrakts, m\u0101ll\u0113pes ekstrakts, kumel\u012b\u0161u ekstrakts, kalmju ekstrakts, salvijas ekstrakts, dzeltenas salmenes ekstrakts, ehin\u0101cijas ekstrakts, ce\u013cmallapu ekstrakts, strutene ekstrakts, ciedra sve\u0137i, mumiyo, akmens e\u013c\u013ca, n\u0101trija benzo\u0101ts, k\u0101lija sorb\u0101ts.<br \/>\nLieto\u0161ana: pirms lieto\u0161anas sakratiet. \u0100das apr\u016bpe &#8211; samitriniet vates tamponu ar higi\u0113nas l\u012bdzekli Malah\u012bts un noslaukiet \u0101du. Ieteicams ikdienas lieto\u0161anai, nav nepiecie\u0161ama skalo\u0161ana; R\u016bpes par int\u012bmo zonu &#8211; samitriniet vates spilventi\u0146u ar higi\u0113nas l\u012bdzekli Malah\u012bts \u016bdens \u0161\u0137\u012bdumu veid\u0101 at\u0161\u0137aid\u012bjum\u0101 1:20 vai vair\u0101k (individu\u0101la pieeja) un p\u0113c vajadz\u012bbas noslaukiet int\u012bm\u0101s zonas \u0101du un g\u013cot\u0101das. Ieteicams ikdienas lieto\u0161anai, nav nepiecie\u0161ama skalo\u0161ana. Mutes kop\u0161ana &#8211; 10 pilienus Malah\u012bta higi\u0113nas l\u012bdzek\u013ca at\u0161\u0137aida 200 ml t\u012bra \u016bdens, lietot mutes skalo\u0161anai 2-4 reizes dien\u0101 p\u0113c \u0113\u0161anas un zobu t\u012br\u012b\u0161anas; Piesardz\u012bbas pas\u0101kumi: Individu\u0101la nepatika pret produkta sast\u0101vda\u013c\u0101m. Izvairieties no saskares ar ac\u012bm. Saskares gad\u012bjum\u0101 r\u016bp\u012bgi noskalojiet ar \u016bdeni. Produktu nedr\u012bkst lietot gr\u016btnieces vai sievietes z\u012bd\u012b\u0161anas laik\u0101. Glab\u0101jiet Malah\u012bta higi\u0113nas l\u012bdzekli b\u0113rniem nepieejam\u0101 viet\u0101. temperat\u016br\u0101 no +5\u00b0C l\u012bdz +25\u00b0C un sarg\u0101t no tie\u0161iem saules stariem. Higi\u0113nas l\u012bdzek\u013ca der\u012bguma termi\u0146\u0161 ir 24 m\u0113ne\u0161i. P\u0113c pudeles atv\u0113r\u0161anas \u2013 6 m\u0113ne\u0161i. Ja esat sagatavojis at\u0161\u0137aid\u012btu medikamentu, ieteicams to izlietot 24 stundu laik\u0101.<br \/>\n<i>Produkts neatjaunina, nekori\u0123\u0113 un nemodific\u0113 fiziolo\u0123iskas funkcijas.\u00a0\u00a0 Nav medikaments.<\/i><i><br \/>\n<\/i>Ra\u017eot\u0101js: TOV Elixir, Ukraina, D\u0146epra, Panikaha iela 2\/12.<\/p>\n<p>&nbsp;<\/p>\n<p>&nbsp;<\/p>\n","protected":false},"excerpt":{"rendered":"<p>&#8220;Malah\u012bts&#8221; &#8211; higi\u0113nisks l\u012bdzeklis. 30ml Produkts ir paredz\u0113ts tikai \u0101r\u0113jai lieto\u0161anai. Ieteicams ikdienas sejas un \u0137erme\u0146a \u0101das att\u012br\u012b\u0161anai un higi\u0113niskai<\/p>\n","protected":false},"featured_media":39304,"template":"","meta":[],"product_brand":[],"product_cat":[2200,2216,2218],"product_tag":[],"class_list":{"0":"post-39305","1":"product","2":"type-product","3":"status-publish","4":"has-post-thumbnail","6":"product_cat-skaistums-un-veseliba-lv","7":"product_cat-kermena-kopsana-lv","8":"product_cat-viss-kermenis-lv","10":"first","11":"instock","12":"taxable","13":"shipping-taxable","14":"purchasable","15":"product-type-simple"},"yoast_head":"<!-- This site is optimized with the Yoast SEO Premium plugin v27.0 (Yoast SEO v27.0) - https:\/\/yoast.com\/product\/yoast-seo-premium-wordpress\/ -->\n<title>&quot;Malah\u012bts&quot; - higi\u0113nisks l\u012bdzeklis. 30ml - cosmetic.lv<\/title>\n<meta name=\"robots\" content=\"index, follow, max-snippet:-1, max-image-preview:large, max-video-preview:-1\" \/>\n<link rel=\"canonical\" href=\"https:\/\/cosmetic.lv\/lv\/product\/malahits-higienisks-lidzeklis-30ml\/\" \/>\n<meta property=\"og:locale\" content=\"lv_LV\" \/>\n<meta property=\"og:type\" content=\"article\" \/>\n<meta property=\"og:title\" content=\"&quot;Malah\u012bts&quot; - higi\u0113nisks l\u012bdzeklis. 30ml\" \/>\n<meta property=\"og:description\" content=\"&#8220;Malah\u012bts&#8221; &#8211; higi\u0113nisks l\u012bdzeklis. 30ml Produkts ir paredz\u0113ts tikai \u0101r\u0113jai lieto\u0161anai. Ieteicams ikdienas sejas un \u0137erme\u0146a \u0101das att\u012br\u012b\u0161anai un higi\u0113niskai\" \/>\n<meta property=\"og:url\" content=\"https:\/\/cosmetic.lv\/lv\/product\/malahits-higienisks-lidzeklis-30ml\/\" \/>\n<meta property=\"og:site_name\" content=\"cosmetic.lv\" \/>\n<meta property=\"article:publisher\" content=\"https:\/\/www.facebook.com\/cosmetic.lv\/\" \/>\n<meta property=\"article:modified_time\" content=\"2023-11-11T13:49:24+00:00\" \/>\n<meta property=\"og:image\" content=\"https:\/\/cosmetic.lv\/wp-content\/uploads\/2023\/11\/33523-3376-small-300x300-2b72.jpg\" \/>\n\t<meta property=\"og:image:width\" content=\"300\" \/>\n\t<meta property=\"og:image:height\" content=\"300\" \/>\n\t<meta property=\"og:image:type\" content=\"image\/jpeg\" \/>\n<meta name=\"twitter:card\" content=\"summary_large_image\" \/>\n<script type=\"application\/ld+json\" class=\"yoast-schema-graph\">{\"@context\":\"https:\/\/schema.org\",\"@graph\":[{\"@type\":\"WebPage\",\"@id\":\"https:\/\/cosmetic.lv\/lv\/product\/malahits-higienisks-lidzeklis-30ml\/\",\"url\":\"https:\/\/cosmetic.lv\/lv\/product\/malahits-higienisks-lidzeklis-30ml\/\",\"name\":\"\\\"Malah\u012bts\\\" - higi\u0113nisks l\u012bdzeklis. 30ml - cosmetic.lv\",\"isPartOf\":{\"@id\":\"https:\/\/cosmetic.lv\/lv\/#website\"},\"primaryImageOfPage\":{\"@id\":\"https:\/\/cosmetic.lv\/lv\/product\/malahits-higienisks-lidzeklis-30ml\/#primaryimage\"},\"image\":{\"@id\":\"https:\/\/cosmetic.lv\/lv\/product\/malahits-higienisks-lidzeklis-30ml\/#primaryimage\"},\"thumbnailUrl\":\"https:\/\/cosmetic.lv\/wp-content\/uploads\/2023\/11\/33523-3376-small-300x300-2b72.jpg\",\"datePublished\":\"2023-11-11T13:49:23+00:00\",\"dateModified\":\"2023-11-11T13:49:24+00:00\",\"breadcrumb\":{\"@id\":\"https:\/\/cosmetic.lv\/lv\/product\/malahits-higienisks-lidzeklis-30ml\/#breadcrumb\"},\"inLanguage\":\"lv-LV\",\"potentialAction\":[{\"@type\":\"ReadAction\",\"target\":[\"https:\/\/cosmetic.lv\/lv\/product\/malahits-higienisks-lidzeklis-30ml\/\"]}]},{\"@type\":\"ImageObject\",\"inLanguage\":\"lv-LV\",\"@id\":\"https:\/\/cosmetic.lv\/lv\/product\/malahits-higienisks-lidzeklis-30ml\/#primaryimage\",\"url\":\"https:\/\/cosmetic.lv\/wp-content\/uploads\/2023\/11\/33523-3376-small-300x300-2b72.jpg\",\"contentUrl\":\"https:\/\/cosmetic.lv\/wp-content\/uploads\/2023\/11\/33523-3376-small-300x300-2b72.jpg\",\"width\":300,\"height\":300},{\"@type\":\"BreadcrumbList\",\"@id\":\"https:\/\/cosmetic.lv\/lv\/product\/malahits-higienisks-lidzeklis-30ml\/#breadcrumb\",\"itemListElement\":[{\"@type\":\"ListItem\",\"position\":1,\"name\":\"Home\",\"item\":\"https:\/\/cosmetic.lv\/lv\/\"},{\"@type\":\"ListItem\",\"position\":2,\"name\":\"Veikals\",\"item\":\"https:\/\/cosmetic.lv\/lv\/veiklas\/\"},{\"@type\":\"ListItem\",\"position\":3,\"name\":\"&#171;Malah\u012bts&#187; &#8212; higi\u0113nisks l\u012bdzeklis. 30ml\"}]},{\"@type\":\"WebSite\",\"@id\":\"https:\/\/cosmetic.lv\/lv\/#website\",\"url\":\"https:\/\/cosmetic.lv\/lv\/\",\"name\":\"cosmetic.lv\",\"description\":\"Profesion\u0101la kosm\u0113tika - Maria Galland, Keune, Arkadija, GMT, Guam, Magiray\",\"publisher\":{\"@id\":\"https:\/\/cosmetic.lv\/lv\/#organization\"},\"potentialAction\":[{\"@type\":\"SearchAction\",\"target\":{\"@type\":\"EntryPoint\",\"urlTemplate\":\"https:\/\/cosmetic.lv\/lv\/?s={search_term_string}\"},\"query-input\":{\"@type\":\"PropertyValueSpecification\",\"valueRequired\":true,\"valueName\":\"search_term_string\"}}],\"inLanguage\":\"lv-LV\"},{\"@type\":\"Organization\",\"@id\":\"https:\/\/cosmetic.lv\/lv\/#organization\",\"name\":\"COSMETIC.LV\",\"url\":\"https:\/\/cosmetic.lv\/lv\/\",\"logo\":{\"@type\":\"ImageObject\",\"inLanguage\":\"lv-LV\",\"@id\":\"https:\/\/cosmetic.lv\/lv\/#\/schema\/logo\/image\/\",\"url\":\"https:\/\/cosmetic.lv\/wp-content\/uploads\/2021\/02\/cosmetic.lv_logo.jpg\",\"contentUrl\":\"https:\/\/cosmetic.lv\/wp-content\/uploads\/2021\/02\/cosmetic.lv_logo.jpg\",\"width\":596,\"height\":196,\"caption\":\"COSMETIC.LV\"},\"image\":{\"@id\":\"https:\/\/cosmetic.lv\/lv\/#\/schema\/logo\/image\/\"},\"sameAs\":[\"https:\/\/www.facebook.com\/cosmetic.lv\/\"]}]}<\/script>\n<meta property=\"product:price:amount\" content=\"8.50\" \/>\n<meta property=\"product:price:currency\" content=\"EUR\" \/>\n<meta property=\"og:availability\" content=\"instock\" \/>\n<meta property=\"product:availability\" content=\"instock\" \/>\n<meta property=\"product:retailer_item_id\" content=\"23mxt\" \/>\n<meta property=\"product:condition\" content=\"new\" \/>\n<!-- \/ Yoast SEO Premium plugin. -->","yoast_head_json":{"title":"\"Malah\u012bts\" - higi\u0113nisks l\u012bdzeklis. 30ml - cosmetic.lv","robots":{"index":"index","follow":"follow","max-snippet":"max-snippet:-1","max-image-preview":"max-image-preview:large","max-video-preview":"max-video-preview:-1"},"canonical":"https:\/\/cosmetic.lv\/lv\/product\/malahits-higienisks-lidzeklis-30ml\/","og_locale":"lv_LV","og_type":"article","og_title":"\"Malah\u012bts\" - higi\u0113nisks l\u012bdzeklis. 30ml","og_description":"&#8220;Malah\u012bts&#8221; &#8211; higi\u0113nisks l\u012bdzeklis. 30ml Produkts ir paredz\u0113ts tikai \u0101r\u0113jai lieto\u0161anai. Ieteicams ikdienas sejas un \u0137erme\u0146a \u0101das att\u012br\u012b\u0161anai un higi\u0113niskai","og_url":"https:\/\/cosmetic.lv\/lv\/product\/malahits-higienisks-lidzeklis-30ml\/","og_site_name":"cosmetic.lv","article_publisher":"https:\/\/www.facebook.com\/cosmetic.lv\/","article_modified_time":"2023-11-11T13:49:24+00:00","og_image":[{"width":300,"height":300,"url":"https:\/\/cosmetic.lv\/wp-content\/uploads\/2023\/11\/33523-3376-small-300x300-2b72.jpg","type":"image\/jpeg"}],"twitter_card":"summary_large_image","schema":{"@context":"https:\/\/schema.org","@graph":[{"@type":"WebPage","@id":"https:\/\/cosmetic.lv\/lv\/product\/malahits-higienisks-lidzeklis-30ml\/","url":"https:\/\/cosmetic.lv\/lv\/product\/malahits-higienisks-lidzeklis-30ml\/","name":"\"Malah\u012bts\" - higi\u0113nisks l\u012bdzeklis. 30ml - cosmetic.lv","isPartOf":{"@id":"https:\/\/cosmetic.lv\/lv\/#website"},"primaryImageOfPage":{"@id":"https:\/\/cosmetic.lv\/lv\/product\/malahits-higienisks-lidzeklis-30ml\/#primaryimage"},"image":{"@id":"https:\/\/cosmetic.lv\/lv\/product\/malahits-higienisks-lidzeklis-30ml\/#primaryimage"},"thumbnailUrl":"https:\/\/cosmetic.lv\/wp-content\/uploads\/2023\/11\/33523-3376-small-300x300-2b72.jpg","datePublished":"2023-11-11T13:49:23+00:00","dateModified":"2023-11-11T13:49:24+00:00","breadcrumb":{"@id":"https:\/\/cosmetic.lv\/lv\/product\/malahits-higienisks-lidzeklis-30ml\/#breadcrumb"},"inLanguage":"lv-LV","potentialAction":[{"@type":"ReadAction","target":["https:\/\/cosmetic.lv\/lv\/product\/malahits-higienisks-lidzeklis-30ml\/"]}]},{"@type":"ImageObject","inLanguage":"lv-LV","@id":"https:\/\/cosmetic.lv\/lv\/product\/malahits-higienisks-lidzeklis-30ml\/#primaryimage","url":"https:\/\/cosmetic.lv\/wp-content\/uploads\/2023\/11\/33523-3376-small-300x300-2b72.jpg","contentUrl":"https:\/\/cosmetic.lv\/wp-content\/uploads\/2023\/11\/33523-3376-small-300x300-2b72.jpg","width":300,"height":300},{"@type":"BreadcrumbList","@id":"https:\/\/cosmetic.lv\/lv\/product\/malahits-higienisks-lidzeklis-30ml\/#breadcrumb","itemListElement":[{"@type":"ListItem","position":1,"name":"Home","item":"https:\/\/cosmetic.lv\/lv\/"},{"@type":"ListItem","position":2,"name":"Veikals","item":"https:\/\/cosmetic.lv\/lv\/veiklas\/"},{"@type":"ListItem","position":3,"name":"&#171;Malah\u012bts&#187; &#8212; higi\u0113nisks l\u012bdzeklis. 30ml"}]},{"@type":"WebSite","@id":"https:\/\/cosmetic.lv\/lv\/#website","url":"https:\/\/cosmetic.lv\/lv\/","name":"cosmetic.lv","description":"Profesion\u0101la kosm\u0113tika - Maria Galland, Keune, Arkadija, GMT, Guam, Magiray","publisher":{"@id":"https:\/\/cosmetic.lv\/lv\/#organization"},"potentialAction":[{"@type":"SearchAction","target":{"@type":"EntryPoint","urlTemplate":"https:\/\/cosmetic.lv\/lv\/?s={search_term_string}"},"query-input":{"@type":"PropertyValueSpecification","valueRequired":true,"valueName":"search_term_string"}}],"inLanguage":"lv-LV"},{"@type":"Organization","@id":"https:\/\/cosmetic.lv\/lv\/#organization","name":"COSMETIC.LV","url":"https:\/\/cosmetic.lv\/lv\/","logo":{"@type":"ImageObject","inLanguage":"lv-LV","@id":"https:\/\/cosmetic.lv\/lv\/#\/schema\/logo\/image\/","url":"https:\/\/cosmetic.lv\/wp-content\/uploads\/2021\/02\/cosmetic.lv_logo.jpg","contentUrl":"https:\/\/cosmetic.lv\/wp-content\/uploads\/2021\/02\/cosmetic.lv_logo.jpg","width":596,"height":196,"caption":"COSMETIC.LV"},"image":{"@id":"https:\/\/cosmetic.lv\/lv\/#\/schema\/logo\/image\/"},"sameAs":["https:\/\/www.facebook.com\/cosmetic.lv\/"]}]},"product_price_amount":"8.50","product_price_currency":"EUR","og_availability":"instock","product_availability":"instock","product_retailer_item_id":"23mxt","product_condition":"new"},"_links":{"self":[{"href":"https:\/\/cosmetic.lv\/lv\/wp-json\/wp\/v2\/product\/39305","targetHints":{"allow":["GET"]}}],"collection":[{"href":"https:\/\/cosmetic.lv\/lv\/wp-json\/wp\/v2\/product"}],"about":[{"href":"https:\/\/cosmetic.lv\/lv\/wp-json\/wp\/v2\/types\/product"}],"wp:featuredmedia":[{"embeddable":true,"href":"https:\/\/cosmetic.lv\/lv\/wp-json\/wp\/v2\/media\/39304"}],"wp:attachment":[{"href":"https:\/\/cosmetic.lv\/lv\/wp-json\/wp\/v2\/media?parent=39305"}],"wp:term":[{"taxonomy":"product_brand","embeddable":true,"href":"https:\/\/cosmetic.lv\/lv\/wp-json\/wp\/v2\/product_brand?post=39305"},{"taxonomy":"product_cat","embeddable":true,"href":"https:\/\/cosmetic.lv\/lv\/wp-json\/wp\/v2\/product_cat?post=39305"},{"taxonomy":"product_tag","embeddable":true,"href":"https:\/\/cosmetic.lv\/lv\/wp-json\/wp\/v2\/product_tag?post=39305"}],"curies":[{"name":"wp","href":"https:\/\/api.w.org\/{rel}","templated":true}]}}