{"id":39314,"date":"2023-11-11T19:35:02","date_gmt":"2023-11-11T17:36:31","guid":{"rendered":"https:\/\/cosmetic.lv\/?post_type=product&#038;p=39314"},"modified":"2023-11-11T19:36:32","modified_gmt":"2023-11-11T17:36:32","slug":"badjaga-kosmetiska-5g","status":"publish","type":"product","link":"https:\/\/cosmetic.lv\/lv\/product\/badjaga-kosmetiska-5g\/","title":{"rendered":"Badjaga kosm\u0113tisk\u0101 5g"},"content":{"rendered":"<div id=\"tw-target-text-container\">\n<pre id=\"tw-target-text\" dir=\"ltr\">Badyaga (Spongilla lacustris) ir s\u016bk\u013cu (Spongia) tipa p\u0101rst\u0101vis un pieder pie sil\u012bcija s\u016bk\u013cu grupas (Cornacuspongia, Spongillidae dzimta). Tradicion\u0101li tiek izmantots samalta s\u016bk\u013ca pulvera veid\u0101, sil\u012bcija dioks\u012bdu saturo\u0161as adati\u0146as, kas iek\u013c\u016bst epidermas aug\u0161\u0113j\u0101 sl\u0101n\u012b, izraisot lok\u0101lu \u0101das kairin\u0101jumu, zem\u0101das kapil\u0101ru un dzi\u013c\u0101k gu\u013co\u0161o asinsvadu papla\u0161in\u0101\u0161anos.Tas pal\u012bdz aktiviz\u0113t virspus\u0113jo asinsapg\u0101di, atvieglot lok\u0101lo. s\u0101pes, un nodro\u0161in\u0101t skarto zonu rezorbciju.zonas.<\/pre>\n<\/div>\n<pre id=\"tw-target-rmn\" dir=\"ltr\">5g<\/pre>\n","protected":false},"excerpt":{"rendered":"<p>Badyaga (Spongilla lacustris) ir s\u016bk\u013cu (Spongia) tipa p\u0101rst\u0101vis un pieder pie sil\u012bcija s\u016bk\u013cu grupas (Cornacuspongia, Spongillidae dzimta). Tradicion\u0101li tiek izmantots<\/p>\n","protected":false},"featured_media":39313,"template":"","meta":[],"product_brand":[],"product_cat":[2200,2207,2218,2221],"product_tag":[],"class_list":{"0":"post-39314","1":"product","2":"type-product","3":"status-publish","4":"has-post-thumbnail","6":"product_cat-skaistums-un-veseliba-lv","7":"product_cat-veselibai-lv","8":"product_cat-viss-kermenis-lv","9":"product_cat-problemvietas-lv","11":"first","12":"instock","13":"taxable","14":"shipping-taxable","15":"purchasable","16":"product-type-simple"},"yoast_head":"<!-- This site is optimized with the Yoast SEO Premium plugin v27.0 (Yoast SEO v27.0) - https:\/\/yoast.com\/product\/yoast-seo-premium-wordpress\/ -->\n<title>Badjaga kosm\u0113tisk\u0101 5g - cosmetic.lv<\/title>\n<meta name=\"robots\" content=\"index, follow, max-snippet:-1, max-image-preview:large, max-video-preview:-1\" \/>\n<link rel=\"canonical\" href=\"https:\/\/cosmetic.lv\/lv\/product\/badjaga-kosmetiska-5g\/\" \/>\n<meta property=\"og:locale\" content=\"lv_LV\" \/>\n<meta property=\"og:type\" content=\"article\" \/>\n<meta property=\"og:title\" content=\"Badjaga kosm\u0113tisk\u0101 5g\" \/>\n<meta property=\"og:description\" content=\"Badyaga (Spongilla lacustris) ir s\u016bk\u013cu (Spongia) tipa p\u0101rst\u0101vis un pieder pie sil\u012bcija s\u016bk\u013cu grupas (Cornacuspongia, Spongillidae dzimta). Tradicion\u0101li tiek izmantots\" \/>\n<meta property=\"og:url\" content=\"https:\/\/cosmetic.lv\/lv\/product\/badjaga-kosmetiska-5g\/\" \/>\n<meta property=\"og:site_name\" content=\"cosmetic.lv\" \/>\n<meta property=\"article:publisher\" content=\"https:\/\/www.facebook.com\/cosmetic.lv\/\" \/>\n<meta property=\"article:modified_time\" content=\"2023-11-11T17:36:32+00:00\" \/>\n<meta property=\"og:image\" content=\"https:\/\/cosmetic.lv\/wp-content\/uploads\/2023\/11\/nn_enl-450x450.jpg.pagespeed.ce_._tpgsunyvy.jpg\" \/>\n\t<meta property=\"og:image:width\" content=\"450\" \/>\n\t<meta property=\"og:image:height\" content=\"450\" \/>\n\t<meta property=\"og:image:type\" content=\"image\/jpeg\" \/>\n<meta name=\"twitter:card\" content=\"summary_large_image\" \/>\n<script type=\"application\/ld+json\" class=\"yoast-schema-graph\">{\"@context\":\"https:\/\/schema.org\",\"@graph\":[{\"@type\":\"WebPage\",\"@id\":\"https:\/\/cosmetic.lv\/lv\/product\/badjaga-kosmetiska-5g\/\",\"url\":\"https:\/\/cosmetic.lv\/lv\/product\/badjaga-kosmetiska-5g\/\",\"name\":\"Badjaga kosm\u0113tisk\u0101 5g - cosmetic.lv\",\"isPartOf\":{\"@id\":\"https:\/\/cosmetic.lv\/lv\/#website\"},\"primaryImageOfPage\":{\"@id\":\"https:\/\/cosmetic.lv\/lv\/product\/badjaga-kosmetiska-5g\/#primaryimage\"},\"image\":{\"@id\":\"https:\/\/cosmetic.lv\/lv\/product\/badjaga-kosmetiska-5g\/#primaryimage\"},\"thumbnailUrl\":\"https:\/\/cosmetic.lv\/wp-content\/uploads\/2023\/11\/nn_enl-450x450.jpg.pagespeed.ce_._tpgsunyvy.jpg\",\"datePublished\":\"2023-11-11T17:36:31+00:00\",\"dateModified\":\"2023-11-11T17:36:32+00:00\",\"breadcrumb\":{\"@id\":\"https:\/\/cosmetic.lv\/lv\/product\/badjaga-kosmetiska-5g\/#breadcrumb\"},\"inLanguage\":\"lv-LV\",\"potentialAction\":[{\"@type\":\"ReadAction\",\"target\":[\"https:\/\/cosmetic.lv\/lv\/product\/badjaga-kosmetiska-5g\/\"]}]},{\"@type\":\"ImageObject\",\"inLanguage\":\"lv-LV\",\"@id\":\"https:\/\/cosmetic.lv\/lv\/product\/badjaga-kosmetiska-5g\/#primaryimage\",\"url\":\"https:\/\/cosmetic.lv\/wp-content\/uploads\/2023\/11\/nn_enl-450x450.jpg.pagespeed.ce_._tpgsunyvy.jpg\",\"contentUrl\":\"https:\/\/cosmetic.lv\/wp-content\/uploads\/2023\/11\/nn_enl-450x450.jpg.pagespeed.ce_._tpgsunyvy.jpg\",\"width\":450,\"height\":450},{\"@type\":\"BreadcrumbList\",\"@id\":\"https:\/\/cosmetic.lv\/lv\/product\/badjaga-kosmetiska-5g\/#breadcrumb\",\"itemListElement\":[{\"@type\":\"ListItem\",\"position\":1,\"name\":\"Home\",\"item\":\"https:\/\/cosmetic.lv\/lv\/\"},{\"@type\":\"ListItem\",\"position\":2,\"name\":\"Veikals\",\"item\":\"https:\/\/cosmetic.lv\/lv\/veiklas\/\"},{\"@type\":\"ListItem\",\"position\":3,\"name\":\"Badjaga kosm\u0113tisk\u0101 5g\"}]},{\"@type\":\"WebSite\",\"@id\":\"https:\/\/cosmetic.lv\/lv\/#website\",\"url\":\"https:\/\/cosmetic.lv\/lv\/\",\"name\":\"cosmetic.lv\",\"description\":\"Profesion\u0101la kosm\u0113tika - Maria Galland, Keune, Arkadija, GMT, Guam, Magiray\",\"publisher\":{\"@id\":\"https:\/\/cosmetic.lv\/lv\/#organization\"},\"potentialAction\":[{\"@type\":\"SearchAction\",\"target\":{\"@type\":\"EntryPoint\",\"urlTemplate\":\"https:\/\/cosmetic.lv\/lv\/?s={search_term_string}\"},\"query-input\":{\"@type\":\"PropertyValueSpecification\",\"valueRequired\":true,\"valueName\":\"search_term_string\"}}],\"inLanguage\":\"lv-LV\"},{\"@type\":\"Organization\",\"@id\":\"https:\/\/cosmetic.lv\/lv\/#organization\",\"name\":\"COSMETIC.LV\",\"url\":\"https:\/\/cosmetic.lv\/lv\/\",\"logo\":{\"@type\":\"ImageObject\",\"inLanguage\":\"lv-LV\",\"@id\":\"https:\/\/cosmetic.lv\/lv\/#\/schema\/logo\/image\/\",\"url\":\"https:\/\/cosmetic.lv\/wp-content\/uploads\/2021\/02\/cosmetic.lv_logo.jpg\",\"contentUrl\":\"https:\/\/cosmetic.lv\/wp-content\/uploads\/2021\/02\/cosmetic.lv_logo.jpg\",\"width\":596,\"height\":196,\"caption\":\"COSMETIC.LV\"},\"image\":{\"@id\":\"https:\/\/cosmetic.lv\/lv\/#\/schema\/logo\/image\/\"},\"sameAs\":[\"https:\/\/www.facebook.com\/cosmetic.lv\/\"]}]}<\/script>\n<meta property=\"product:price:amount\" content=\"1.70\" \/>\n<meta property=\"product:price:currency\" content=\"EUR\" \/>\n<meta property=\"og:availability\" content=\"instock\" \/>\n<meta property=\"product:availability\" content=\"instock\" \/>\n<meta property=\"product:retailer_item_id\" content=\"badjaga\" \/>\n<meta property=\"product:condition\" content=\"new\" \/>\n<!-- \/ Yoast SEO Premium plugin. -->","yoast_head_json":{"title":"Badjaga kosm\u0113tisk\u0101 5g - cosmetic.lv","robots":{"index":"index","follow":"follow","max-snippet":"max-snippet:-1","max-image-preview":"max-image-preview:large","max-video-preview":"max-video-preview:-1"},"canonical":"https:\/\/cosmetic.lv\/lv\/product\/badjaga-kosmetiska-5g\/","og_locale":"lv_LV","og_type":"article","og_title":"Badjaga kosm\u0113tisk\u0101 5g","og_description":"Badyaga (Spongilla lacustris) ir s\u016bk\u013cu (Spongia) tipa p\u0101rst\u0101vis un pieder pie sil\u012bcija s\u016bk\u013cu grupas (Cornacuspongia, Spongillidae dzimta). Tradicion\u0101li tiek izmantots","og_url":"https:\/\/cosmetic.lv\/lv\/product\/badjaga-kosmetiska-5g\/","og_site_name":"cosmetic.lv","article_publisher":"https:\/\/www.facebook.com\/cosmetic.lv\/","article_modified_time":"2023-11-11T17:36:32+00:00","og_image":[{"width":450,"height":450,"url":"https:\/\/cosmetic.lv\/wp-content\/uploads\/2023\/11\/nn_enl-450x450.jpg.pagespeed.ce_._tpgsunyvy.jpg","type":"image\/jpeg"}],"twitter_card":"summary_large_image","schema":{"@context":"https:\/\/schema.org","@graph":[{"@type":"WebPage","@id":"https:\/\/cosmetic.lv\/lv\/product\/badjaga-kosmetiska-5g\/","url":"https:\/\/cosmetic.lv\/lv\/product\/badjaga-kosmetiska-5g\/","name":"Badjaga kosm\u0113tisk\u0101 5g - cosmetic.lv","isPartOf":{"@id":"https:\/\/cosmetic.lv\/lv\/#website"},"primaryImageOfPage":{"@id":"https:\/\/cosmetic.lv\/lv\/product\/badjaga-kosmetiska-5g\/#primaryimage"},"image":{"@id":"https:\/\/cosmetic.lv\/lv\/product\/badjaga-kosmetiska-5g\/#primaryimage"},"thumbnailUrl":"https:\/\/cosmetic.lv\/wp-content\/uploads\/2023\/11\/nn_enl-450x450.jpg.pagespeed.ce_._tpgsunyvy.jpg","datePublished":"2023-11-11T17:36:31+00:00","dateModified":"2023-11-11T17:36:32+00:00","breadcrumb":{"@id":"https:\/\/cosmetic.lv\/lv\/product\/badjaga-kosmetiska-5g\/#breadcrumb"},"inLanguage":"lv-LV","potentialAction":[{"@type":"ReadAction","target":["https:\/\/cosmetic.lv\/lv\/product\/badjaga-kosmetiska-5g\/"]}]},{"@type":"ImageObject","inLanguage":"lv-LV","@id":"https:\/\/cosmetic.lv\/lv\/product\/badjaga-kosmetiska-5g\/#primaryimage","url":"https:\/\/cosmetic.lv\/wp-content\/uploads\/2023\/11\/nn_enl-450x450.jpg.pagespeed.ce_._tpgsunyvy.jpg","contentUrl":"https:\/\/cosmetic.lv\/wp-content\/uploads\/2023\/11\/nn_enl-450x450.jpg.pagespeed.ce_._tpgsunyvy.jpg","width":450,"height":450},{"@type":"BreadcrumbList","@id":"https:\/\/cosmetic.lv\/lv\/product\/badjaga-kosmetiska-5g\/#breadcrumb","itemListElement":[{"@type":"ListItem","position":1,"name":"Home","item":"https:\/\/cosmetic.lv\/lv\/"},{"@type":"ListItem","position":2,"name":"Veikals","item":"https:\/\/cosmetic.lv\/lv\/veiklas\/"},{"@type":"ListItem","position":3,"name":"Badjaga kosm\u0113tisk\u0101 5g"}]},{"@type":"WebSite","@id":"https:\/\/cosmetic.lv\/lv\/#website","url":"https:\/\/cosmetic.lv\/lv\/","name":"cosmetic.lv","description":"Profesion\u0101la kosm\u0113tika - Maria Galland, Keune, Arkadija, GMT, Guam, Magiray","publisher":{"@id":"https:\/\/cosmetic.lv\/lv\/#organization"},"potentialAction":[{"@type":"SearchAction","target":{"@type":"EntryPoint","urlTemplate":"https:\/\/cosmetic.lv\/lv\/?s={search_term_string}"},"query-input":{"@type":"PropertyValueSpecification","valueRequired":true,"valueName":"search_term_string"}}],"inLanguage":"lv-LV"},{"@type":"Organization","@id":"https:\/\/cosmetic.lv\/lv\/#organization","name":"COSMETIC.LV","url":"https:\/\/cosmetic.lv\/lv\/","logo":{"@type":"ImageObject","inLanguage":"lv-LV","@id":"https:\/\/cosmetic.lv\/lv\/#\/schema\/logo\/image\/","url":"https:\/\/cosmetic.lv\/wp-content\/uploads\/2021\/02\/cosmetic.lv_logo.jpg","contentUrl":"https:\/\/cosmetic.lv\/wp-content\/uploads\/2021\/02\/cosmetic.lv_logo.jpg","width":596,"height":196,"caption":"COSMETIC.LV"},"image":{"@id":"https:\/\/cosmetic.lv\/lv\/#\/schema\/logo\/image\/"},"sameAs":["https:\/\/www.facebook.com\/cosmetic.lv\/"]}]},"product_price_amount":"1.70","product_price_currency":"EUR","og_availability":"instock","product_availability":"instock","product_retailer_item_id":"badjaga","product_condition":"new"},"_links":{"self":[{"href":"https:\/\/cosmetic.lv\/lv\/wp-json\/wp\/v2\/product\/39314","targetHints":{"allow":["GET"]}}],"collection":[{"href":"https:\/\/cosmetic.lv\/lv\/wp-json\/wp\/v2\/product"}],"about":[{"href":"https:\/\/cosmetic.lv\/lv\/wp-json\/wp\/v2\/types\/product"}],"wp:featuredmedia":[{"embeddable":true,"href":"https:\/\/cosmetic.lv\/lv\/wp-json\/wp\/v2\/media\/39313"}],"wp:attachment":[{"href":"https:\/\/cosmetic.lv\/lv\/wp-json\/wp\/v2\/media?parent=39314"}],"wp:term":[{"taxonomy":"product_brand","embeddable":true,"href":"https:\/\/cosmetic.lv\/lv\/wp-json\/wp\/v2\/product_brand?post=39314"},{"taxonomy":"product_cat","embeddable":true,"href":"https:\/\/cosmetic.lv\/lv\/wp-json\/wp\/v2\/product_cat?post=39314"},{"taxonomy":"product_tag","embeddable":true,"href":"https:\/\/cosmetic.lv\/lv\/wp-json\/wp\/v2\/product_tag?post=39314"}],"curies":[{"name":"wp","href":"https:\/\/api.w.org\/{rel}","templated":true}]}}