{"id":39330,"date":"2023-11-11T20:11:00","date_gmt":"2023-11-11T18:15:25","guid":{"rendered":"https:\/\/cosmetic.lv\/?post_type=product&#038;p=39330"},"modified":"2023-11-11T20:15:27","modified_gmt":"2023-11-11T18:15:27","slug":"masazas-ella-pret-anticelulita-aromatika-100ml","status":"publish","type":"product","link":"https:\/\/cosmetic.lv\/lv\/product\/masazas-ella-pret-anticelulita-aromatika-100ml\/","title":{"rendered":"Mas\u0101\u017eas e\u013c\u013ca pret anticelul\u012bta Aromatika 100ml"},"content":{"rendered":"<div id=\"tw-target-text-container\">\n<pre id=\"tw-target-text\" dir=\"ltr\">Aromatika mas\u0101\u017eas e\u013c\u013cas nesatur \u0137\u012bmiskus konservantus vai sint\u0113tiskas kr\u0101svielas, un to tikai dab\u012bg\u0101 sast\u0101va d\u0113\u013c t\u0101s labi uztver \u0101da. Tajos eso\u0161\u0101s biolo\u0123iski akt\u012bv\u0101s vielas iek\u013c\u016bst \u0101d\u0101 organism\u0101 un t\u0101m ir dziedino\u0161s efekts. Arom\u0101tisko mas\u0101\u017eas e\u013c\u013cu izmanto\u0161ana iev\u0113rojami palielina mas\u0101\u017eas labv\u0113l\u012bgo ietekmi uz \u0137ermeni.<\/pre>\n<\/div>\n<pre id=\"tw-target-rmn\" dir=\"ltr\">100ml<\/pre>\n","protected":false},"excerpt":{"rendered":"<p>Aromatika mas\u0101\u017eas e\u013c\u013cas nesatur \u0137\u012bmiskus konservantus vai sint\u0113tiskas kr\u0101svielas, un to tikai dab\u012bg\u0101 sast\u0101va d\u0113\u013c t\u0101s labi uztver \u0101da. Tajos<\/p>\n","protected":false},"featured_media":39340,"template":"","meta":[],"product_brand":[],"product_cat":[2200,2207,2214,2218,2221],"product_tag":[],"class_list":{"0":"post-39330","1":"product","2":"type-product","3":"status-publish","4":"has-post-thumbnail","6":"product_cat-skaistums-un-veseliba-lv","7":"product_cat-veselibai-lv","8":"product_cat-problematiska-lv","9":"product_cat-viss-kermenis-lv","10":"product_cat-problemvietas-lv","12":"first","13":"instock","14":"taxable","15":"shipping-taxable","16":"purchasable","17":"product-type-simple"},"yoast_head":"<!-- This site is optimized with the Yoast SEO Premium plugin v27.0 (Yoast SEO v27.0) - https:\/\/yoast.com\/product\/yoast-seo-premium-wordpress\/ -->\n<title>Mas\u0101\u017eas e\u013c\u013ca pret anticelul\u012bta Aromatika 100ml - cosmetic.lv<\/title>\n<meta name=\"robots\" content=\"index, follow, max-snippet:-1, max-image-preview:large, max-video-preview:-1\" \/>\n<link rel=\"canonical\" href=\"https:\/\/cosmetic.lv\/lv\/product\/masazas-ella-pret-anticelulita-aromatika-100ml\/\" \/>\n<meta property=\"og:locale\" content=\"lv_LV\" \/>\n<meta property=\"og:type\" content=\"article\" \/>\n<meta property=\"og:title\" content=\"Mas\u0101\u017eas e\u013c\u013ca pret anticelul\u012bta Aromatika 100ml\" \/>\n<meta property=\"og:description\" content=\"Aromatika mas\u0101\u017eas e\u013c\u013cas nesatur \u0137\u012bmiskus konservantus vai sint\u0113tiskas kr\u0101svielas, un to tikai dab\u012bg\u0101 sast\u0101va d\u0113\u013c t\u0101s labi uztver \u0101da. Tajos\" \/>\n<meta property=\"og:url\" content=\"https:\/\/cosmetic.lv\/lv\/product\/masazas-ella-pret-anticelulita-aromatika-100ml\/\" \/>\n<meta property=\"og:site_name\" content=\"cosmetic.lv\" \/>\n<meta property=\"article:publisher\" content=\"https:\/\/www.facebook.com\/cosmetic.lv\/\" \/>\n<meta property=\"article:modified_time\" content=\"2023-11-11T18:15:27+00:00\" \/>\n<meta property=\"og:image\" content=\"https:\/\/cosmetic.lv\/wp-content\/uploads\/2023\/11\/218749329.webp\" \/>\n\t<meta property=\"og:image:width\" content=\"268\" \/>\n\t<meta property=\"og:image:height\" content=\"350\" \/>\n\t<meta property=\"og:image:type\" content=\"image\/webp\" \/>\n<meta name=\"twitter:card\" content=\"summary_large_image\" \/>\n<script type=\"application\/ld+json\" class=\"yoast-schema-graph\">{\"@context\":\"https:\/\/schema.org\",\"@graph\":[{\"@type\":\"WebPage\",\"@id\":\"https:\/\/cosmetic.lv\/lv\/product\/masazas-ella-pret-anticelulita-aromatika-100ml\/\",\"url\":\"https:\/\/cosmetic.lv\/lv\/product\/masazas-ella-pret-anticelulita-aromatika-100ml\/\",\"name\":\"Mas\u0101\u017eas e\u013c\u013ca pret anticelul\u012bta Aromatika 100ml - cosmetic.lv\",\"isPartOf\":{\"@id\":\"https:\/\/cosmetic.lv\/lv\/#website\"},\"primaryImageOfPage\":{\"@id\":\"https:\/\/cosmetic.lv\/lv\/product\/masazas-ella-pret-anticelulita-aromatika-100ml\/#primaryimage\"},\"image\":{\"@id\":\"https:\/\/cosmetic.lv\/lv\/product\/masazas-ella-pret-anticelulita-aromatika-100ml\/#primaryimage\"},\"thumbnailUrl\":\"https:\/\/cosmetic.lv\/wp-content\/uploads\/2023\/11\/100026222824b0.jpg\",\"datePublished\":\"2023-11-11T18:15:25+00:00\",\"dateModified\":\"2023-11-11T18:15:27+00:00\",\"breadcrumb\":{\"@id\":\"https:\/\/cosmetic.lv\/lv\/product\/masazas-ella-pret-anticelulita-aromatika-100ml\/#breadcrumb\"},\"inLanguage\":\"lv-LV\",\"potentialAction\":[{\"@type\":\"ReadAction\",\"target\":[\"https:\/\/cosmetic.lv\/lv\/product\/masazas-ella-pret-anticelulita-aromatika-100ml\/\"]}]},{\"@type\":\"ImageObject\",\"inLanguage\":\"lv-LV\",\"@id\":\"https:\/\/cosmetic.lv\/lv\/product\/masazas-ella-pret-anticelulita-aromatika-100ml\/#primaryimage\",\"url\":\"https:\/\/cosmetic.lv\/wp-content\/uploads\/2023\/11\/100026222824b0.jpg\",\"contentUrl\":\"https:\/\/cosmetic.lv\/wp-content\/uploads\/2023\/11\/100026222824b0.jpg\",\"width\":470,\"height\":600},{\"@type\":\"BreadcrumbList\",\"@id\":\"https:\/\/cosmetic.lv\/lv\/product\/masazas-ella-pret-anticelulita-aromatika-100ml\/#breadcrumb\",\"itemListElement\":[{\"@type\":\"ListItem\",\"position\":1,\"name\":\"Home\",\"item\":\"https:\/\/cosmetic.lv\/lv\/\"},{\"@type\":\"ListItem\",\"position\":2,\"name\":\"Veikals\",\"item\":\"https:\/\/cosmetic.lv\/lv\/veiklas\/\"},{\"@type\":\"ListItem\",\"position\":3,\"name\":\"Mas\u0101\u017eas e\u013c\u013ca pret anticelul\u012bta Aromatika 100ml\"}]},{\"@type\":\"WebSite\",\"@id\":\"https:\/\/cosmetic.lv\/lv\/#website\",\"url\":\"https:\/\/cosmetic.lv\/lv\/\",\"name\":\"cosmetic.lv\",\"description\":\"Profesion\u0101la kosm\u0113tika - Maria Galland, Keune, Arkadija, GMT, Guam, Magiray\",\"publisher\":{\"@id\":\"https:\/\/cosmetic.lv\/lv\/#organization\"},\"potentialAction\":[{\"@type\":\"SearchAction\",\"target\":{\"@type\":\"EntryPoint\",\"urlTemplate\":\"https:\/\/cosmetic.lv\/lv\/?s={search_term_string}\"},\"query-input\":{\"@type\":\"PropertyValueSpecification\",\"valueRequired\":true,\"valueName\":\"search_term_string\"}}],\"inLanguage\":\"lv-LV\"},{\"@type\":\"Organization\",\"@id\":\"https:\/\/cosmetic.lv\/lv\/#organization\",\"name\":\"COSMETIC.LV\",\"url\":\"https:\/\/cosmetic.lv\/lv\/\",\"logo\":{\"@type\":\"ImageObject\",\"inLanguage\":\"lv-LV\",\"@id\":\"https:\/\/cosmetic.lv\/lv\/#\/schema\/logo\/image\/\",\"url\":\"https:\/\/cosmetic.lv\/wp-content\/uploads\/2021\/02\/cosmetic.lv_logo.jpg\",\"contentUrl\":\"https:\/\/cosmetic.lv\/wp-content\/uploads\/2021\/02\/cosmetic.lv_logo.jpg\",\"width\":596,\"height\":196,\"caption\":\"COSMETIC.LV\"},\"image\":{\"@id\":\"https:\/\/cosmetic.lv\/lv\/#\/schema\/logo\/image\/\"},\"sameAs\":[\"https:\/\/www.facebook.com\/cosmetic.lv\/\"]}]}<\/script>\n<meta property=\"product:price:amount\" content=\"7.80\" \/>\n<meta property=\"product:price:currency\" content=\"EUR\" \/>\n<meta property=\"og:availability\" content=\"instock\" \/>\n<meta property=\"product:availability\" content=\"instock\" \/>\n<meta property=\"product:retailer_item_id\" content=\"masalla\" \/>\n<meta property=\"product:condition\" content=\"new\" \/>\n<!-- \/ Yoast SEO Premium plugin. -->","yoast_head_json":{"title":"Mas\u0101\u017eas e\u013c\u013ca pret anticelul\u012bta Aromatika 100ml - cosmetic.lv","robots":{"index":"index","follow":"follow","max-snippet":"max-snippet:-1","max-image-preview":"max-image-preview:large","max-video-preview":"max-video-preview:-1"},"canonical":"https:\/\/cosmetic.lv\/lv\/product\/masazas-ella-pret-anticelulita-aromatika-100ml\/","og_locale":"lv_LV","og_type":"article","og_title":"Mas\u0101\u017eas e\u013c\u013ca pret anticelul\u012bta Aromatika 100ml","og_description":"Aromatika mas\u0101\u017eas e\u013c\u013cas nesatur \u0137\u012bmiskus konservantus vai sint\u0113tiskas kr\u0101svielas, un to tikai dab\u012bg\u0101 sast\u0101va d\u0113\u013c t\u0101s labi uztver \u0101da. Tajos","og_url":"https:\/\/cosmetic.lv\/lv\/product\/masazas-ella-pret-anticelulita-aromatika-100ml\/","og_site_name":"cosmetic.lv","article_publisher":"https:\/\/www.facebook.com\/cosmetic.lv\/","article_modified_time":"2023-11-11T18:15:27+00:00","og_image":[{"width":268,"height":350,"url":"https:\/\/cosmetic.lv\/wp-content\/uploads\/2023\/11\/218749329.webp","type":"image\/webp"}],"twitter_card":"summary_large_image","schema":{"@context":"https:\/\/schema.org","@graph":[{"@type":"WebPage","@id":"https:\/\/cosmetic.lv\/lv\/product\/masazas-ella-pret-anticelulita-aromatika-100ml\/","url":"https:\/\/cosmetic.lv\/lv\/product\/masazas-ella-pret-anticelulita-aromatika-100ml\/","name":"Mas\u0101\u017eas e\u013c\u013ca pret anticelul\u012bta Aromatika 100ml - cosmetic.lv","isPartOf":{"@id":"https:\/\/cosmetic.lv\/lv\/#website"},"primaryImageOfPage":{"@id":"https:\/\/cosmetic.lv\/lv\/product\/masazas-ella-pret-anticelulita-aromatika-100ml\/#primaryimage"},"image":{"@id":"https:\/\/cosmetic.lv\/lv\/product\/masazas-ella-pret-anticelulita-aromatika-100ml\/#primaryimage"},"thumbnailUrl":"https:\/\/cosmetic.lv\/wp-content\/uploads\/2023\/11\/100026222824b0.jpg","datePublished":"2023-11-11T18:15:25+00:00","dateModified":"2023-11-11T18:15:27+00:00","breadcrumb":{"@id":"https:\/\/cosmetic.lv\/lv\/product\/masazas-ella-pret-anticelulita-aromatika-100ml\/#breadcrumb"},"inLanguage":"lv-LV","potentialAction":[{"@type":"ReadAction","target":["https:\/\/cosmetic.lv\/lv\/product\/masazas-ella-pret-anticelulita-aromatika-100ml\/"]}]},{"@type":"ImageObject","inLanguage":"lv-LV","@id":"https:\/\/cosmetic.lv\/lv\/product\/masazas-ella-pret-anticelulita-aromatika-100ml\/#primaryimage","url":"https:\/\/cosmetic.lv\/wp-content\/uploads\/2023\/11\/100026222824b0.jpg","contentUrl":"https:\/\/cosmetic.lv\/wp-content\/uploads\/2023\/11\/100026222824b0.jpg","width":470,"height":600},{"@type":"BreadcrumbList","@id":"https:\/\/cosmetic.lv\/lv\/product\/masazas-ella-pret-anticelulita-aromatika-100ml\/#breadcrumb","itemListElement":[{"@type":"ListItem","position":1,"name":"Home","item":"https:\/\/cosmetic.lv\/lv\/"},{"@type":"ListItem","position":2,"name":"Veikals","item":"https:\/\/cosmetic.lv\/lv\/veiklas\/"},{"@type":"ListItem","position":3,"name":"Mas\u0101\u017eas e\u013c\u013ca pret anticelul\u012bta Aromatika 100ml"}]},{"@type":"WebSite","@id":"https:\/\/cosmetic.lv\/lv\/#website","url":"https:\/\/cosmetic.lv\/lv\/","name":"cosmetic.lv","description":"Profesion\u0101la kosm\u0113tika - Maria Galland, Keune, Arkadija, GMT, Guam, Magiray","publisher":{"@id":"https:\/\/cosmetic.lv\/lv\/#organization"},"potentialAction":[{"@type":"SearchAction","target":{"@type":"EntryPoint","urlTemplate":"https:\/\/cosmetic.lv\/lv\/?s={search_term_string}"},"query-input":{"@type":"PropertyValueSpecification","valueRequired":true,"valueName":"search_term_string"}}],"inLanguage":"lv-LV"},{"@type":"Organization","@id":"https:\/\/cosmetic.lv\/lv\/#organization","name":"COSMETIC.LV","url":"https:\/\/cosmetic.lv\/lv\/","logo":{"@type":"ImageObject","inLanguage":"lv-LV","@id":"https:\/\/cosmetic.lv\/lv\/#\/schema\/logo\/image\/","url":"https:\/\/cosmetic.lv\/wp-content\/uploads\/2021\/02\/cosmetic.lv_logo.jpg","contentUrl":"https:\/\/cosmetic.lv\/wp-content\/uploads\/2021\/02\/cosmetic.lv_logo.jpg","width":596,"height":196,"caption":"COSMETIC.LV"},"image":{"@id":"https:\/\/cosmetic.lv\/lv\/#\/schema\/logo\/image\/"},"sameAs":["https:\/\/www.facebook.com\/cosmetic.lv\/"]}]},"product_price_amount":"7.80","product_price_currency":"EUR","og_availability":"instock","product_availability":"instock","product_retailer_item_id":"masalla","product_condition":"new"},"_links":{"self":[{"href":"https:\/\/cosmetic.lv\/lv\/wp-json\/wp\/v2\/product\/39330","targetHints":{"allow":["GET"]}}],"collection":[{"href":"https:\/\/cosmetic.lv\/lv\/wp-json\/wp\/v2\/product"}],"about":[{"href":"https:\/\/cosmetic.lv\/lv\/wp-json\/wp\/v2\/types\/product"}],"wp:featuredmedia":[{"embeddable":true,"href":"https:\/\/cosmetic.lv\/lv\/wp-json\/wp\/v2\/media\/39340"}],"wp:attachment":[{"href":"https:\/\/cosmetic.lv\/lv\/wp-json\/wp\/v2\/media?parent=39330"}],"wp:term":[{"taxonomy":"product_brand","embeddable":true,"href":"https:\/\/cosmetic.lv\/lv\/wp-json\/wp\/v2\/product_brand?post=39330"},{"taxonomy":"product_cat","embeddable":true,"href":"https:\/\/cosmetic.lv\/lv\/wp-json\/wp\/v2\/product_cat?post=39330"},{"taxonomy":"product_tag","embeddable":true,"href":"https:\/\/cosmetic.lv\/lv\/wp-json\/wp\/v2\/product_tag?post=39330"}],"curies":[{"name":"wp","href":"https:\/\/api.w.org\/{rel}","templated":true}]}}