{"id":39362,"date":"2023-11-17T20:20:39","date_gmt":"2023-11-17T18:21:42","guid":{"rendered":"https:\/\/cosmetic.lv\/?post_type=product&#038;p=39362"},"modified":"2023-11-17T20:21:43","modified_gmt":"2023-11-17T18:21:43","slug":"masazas-bumba-ir-erti-lietojams-masieris-kas-var-palidzet-dazadu-uzdevumu-veiksana-ezisa-bumba-ipasi-noderiga-berniem-kas-rotaliga-veida-veicina-smalkas-motorikas-attistibu-veicina-berna-fizisko-a","status":"publish","type":"product","link":"https:\/\/cosmetic.lv\/lv\/product\/masazas-bumba-ir-erti-lietojams-masieris-kas-var-palidzet-dazadu-uzdevumu-veiksana-ezisa-bumba-ipasi-noderiga-berniem-kas-rotaliga-veida-veicina-smalkas-motorikas-attistibu-veicina-berna-fizisko-a\/","title":{"rendered":"Mas\u0101\u017eas bumba ir \u0113rti lietojams masieris, kas var pal\u012bdz\u0113t da\u017e\u0101du uzdevumu veik\u0161an\u0101. Ez\u012b\u0161a bumba \u012bpa\u0161i noder\u012bga b\u0113rniem, kas rota\u013c\u012bg\u0101 veid\u0101 veicina smalk\u0101s motorikas att\u012bst\u012bbu, veicina b\u0113rna fizisko aktivit\u0101ti, labv\u0113l\u012bgi ietekm\u0113 kust\u012bbu koordin\u0101ciju, veicina akt\u012bvu musku\u013cu darbu, k\u0101 rezult\u0101t\u0101 \u0101tr\u0101ku atslogo\u0161anu. fiziolo\u0123iska hipertoniskums.   (diametrs 83mm zils un 58mm dzeltens)"},"content":{"rendered":"<pre id=\"tw-target-text\" dir=\"ltr\">Mas\u0101\u017eas bumba ir \u0113rti lietojams masieris, kas var pal\u012bdz\u0113t da\u017e\u0101du uzdevumu veik\u0161an\u0101. Ez\u012b\u0161a bumba \u012bpa\u0161i noder\u012bga b\u0113rniem, kas rota\u013c\u012bg\u0101 veid\u0101 veicina smalk\u0101s motorikas att\u012bst\u012bbu, veicina b\u0113rna fizisko aktivit\u0101ti, labv\u0113l\u012bgi ietekm\u0113 kust\u012bbu koordin\u0101ciju, veicina akt\u012bvu musku\u013cu darbu, k\u0101 rezult\u0101t\u0101 \u0101tr\u0101ku atslogo\u0161anu. fiziolo\u0123iska hipertoniskums.\r\n\r\n\r\n(diametrs 83mm zils un 58mm dzeltens)<\/pre>\n","protected":false},"excerpt":{"rendered":"<p>Mas\u0101\u017eas bumba ir \u0113rti lietojams masieris, kas var pal\u012bdz\u0113t da\u017e\u0101du uzdevumu veik\u0161an\u0101. Ez\u012b\u0161a bumba \u012bpa\u0161i noder\u012bga b\u0113rniem, kas rota\u013c\u012bg\u0101 veid\u0101<\/p>\n","protected":false},"featured_media":39361,"template":"","meta":[],"product_brand":[],"product_cat":[2231,2232,2233,2234,2235,2236],"product_tag":[],"class_list":{"0":"post-39362","1":"product","2":"type-product","3":"status-publish","4":"has-post-thumbnail","6":"product_cat-atveselojosas-preces-lv","7":"product_cat-sejai-galvai-lv","8":"product_cat-kajam-lv","9":"product_cat-rokam-lv","10":"product_cat-kermenim-lv","11":"product_cat-kaklam-lv","13":"first","14":"instock","15":"taxable","16":"shipping-taxable","17":"purchasable","18":"product-type-simple"},"yoast_head":"<!-- This site is optimized with the Yoast SEO Premium plugin v27.0 (Yoast SEO v27.0) - https:\/\/yoast.com\/product\/yoast-seo-premium-wordpress\/ -->\n<title>Mas\u0101\u017eas bumba ir \u0113rti lietojams masieris, kas var pal\u012bdz\u0113t da\u017e\u0101du uzdevumu veik\u0161an\u0101. Ez\u012b\u0161a bumba \u012bpa\u0161i noder\u012bga b\u0113rniem, kas rota\u013c\u012bg\u0101 veid\u0101 veicina smalk\u0101s motorikas att\u012bst\u012bbu, veicina b\u0113rna fizisko aktivit\u0101ti, labv\u0113l\u012bgi ietekm\u0113 kust\u012bbu koordin\u0101ciju, veicina akt\u012bvu musku\u013cu darbu, k\u0101 rezult\u0101t\u0101 \u0101tr\u0101ku atslogo\u0161anu. fiziolo\u0123iska hipertoniskums.  (diametrs 83mm zils un 58mm dzeltens) - cosmetic.lv<\/title>\n<meta name=\"robots\" content=\"index, follow, max-snippet:-1, max-image-preview:large, max-video-preview:-1\" \/>\n<link rel=\"canonical\" href=\"https:\/\/cosmetic.lv\/lv\/product\/masazas-bumba-ir-erti-lietojams-masieris-kas-var-palidzet-dazadu-uzdevumu-veiksana-ezisa-bumba-ipasi-noderiga-berniem-kas-rotaliga-veida-veicina-smalkas-motorikas-attistibu-veicina-berna-fizisko-a\/\" \/>\n<meta property=\"og:locale\" content=\"lv_LV\" \/>\n<meta property=\"og:type\" content=\"article\" \/>\n<meta property=\"og:title\" content=\"Mas\u0101\u017eas bumba ir \u0113rti lietojams masieris, kas var pal\u012bdz\u0113t da\u017e\u0101du uzdevumu veik\u0161an\u0101. Ez\u012b\u0161a bumba \u012bpa\u0161i noder\u012bga b\u0113rniem, kas rota\u013c\u012bg\u0101 veid\u0101 veicina smalk\u0101s motorikas att\u012bst\u012bbu, veicina b\u0113rna fizisko aktivit\u0101ti, labv\u0113l\u012bgi ietekm\u0113 kust\u012bbu koordin\u0101ciju, veicina akt\u012bvu musku\u013cu darbu, k\u0101 rezult\u0101t\u0101 \u0101tr\u0101ku atslogo\u0161anu. fiziolo\u0123iska hipertoniskums.  (diametrs 83mm zils un 58mm dzeltens)\" \/>\n<meta property=\"og:description\" content=\"Mas\u0101\u017eas bumba ir \u0113rti lietojams masieris, kas var pal\u012bdz\u0113t da\u017e\u0101du uzdevumu veik\u0161an\u0101. Ez\u012b\u0161a bumba \u012bpa\u0161i noder\u012bga b\u0113rniem, kas rota\u013c\u012bg\u0101 veid\u0101\" \/>\n<meta property=\"og:url\" content=\"https:\/\/cosmetic.lv\/lv\/product\/masazas-bumba-ir-erti-lietojams-masieris-kas-var-palidzet-dazadu-uzdevumu-veiksana-ezisa-bumba-ipasi-noderiga-berniem-kas-rotaliga-veida-veicina-smalkas-motorikas-attistibu-veicina-berna-fizisko-a\/\" \/>\n<meta property=\"og:site_name\" content=\"cosmetic.lv\" \/>\n<meta property=\"article:publisher\" content=\"https:\/\/www.facebook.com\/cosmetic.lv\/\" \/>\n<meta property=\"article:modified_time\" content=\"2023-11-17T18:21:43+00:00\" \/>\n<meta property=\"og:image\" content=\"https:\/\/cosmetic.lv\/wp-content\/uploads\/2023\/11\/20231117_194411.jpg\" \/>\n\t<meta property=\"og:image:width\" content=\"360\" \/>\n\t<meta property=\"og:image:height\" content=\"203\" \/>\n\t<meta property=\"og:image:type\" content=\"image\/jpeg\" \/>\n<meta name=\"twitter:card\" content=\"summary_large_image\" \/>\n<script type=\"application\/ld+json\" class=\"yoast-schema-graph\">{\"@context\":\"https:\/\/schema.org\",\"@graph\":[{\"@type\":\"WebPage\",\"@id\":\"https:\/\/cosmetic.lv\/lv\/product\/masazas-bumba-ir-erti-lietojams-masieris-kas-var-palidzet-dazadu-uzdevumu-veiksana-ezisa-bumba-ipasi-noderiga-berniem-kas-rotaliga-veida-veicina-smalkas-motorikas-attistibu-veicina-berna-fizisko-a\/\",\"url\":\"https:\/\/cosmetic.lv\/lv\/product\/masazas-bumba-ir-erti-lietojams-masieris-kas-var-palidzet-dazadu-uzdevumu-veiksana-ezisa-bumba-ipasi-noderiga-berniem-kas-rotaliga-veida-veicina-smalkas-motorikas-attistibu-veicina-berna-fizisko-a\/\",\"name\":\"Mas\u0101\u017eas bumba ir \u0113rti lietojams masieris, kas var pal\u012bdz\u0113t da\u017e\u0101du uzdevumu veik\u0161an\u0101. Ez\u012b\u0161a bumba \u012bpa\u0161i noder\u012bga b\u0113rniem, kas rota\u013c\u012bg\u0101 veid\u0101 veicina smalk\u0101s motorikas att\u012bst\u012bbu, veicina b\u0113rna fizisko aktivit\u0101ti, labv\u0113l\u012bgi ietekm\u0113 kust\u012bbu koordin\u0101ciju, veicina akt\u012bvu musku\u013cu darbu, k\u0101 rezult\u0101t\u0101 \u0101tr\u0101ku atslogo\u0161anu. fiziolo\u0123iska hipertoniskums. (diametrs 83mm zils un 58mm dzeltens) - cosmetic.lv\",\"isPartOf\":{\"@id\":\"https:\/\/cosmetic.lv\/lv\/#website\"},\"primaryImageOfPage\":{\"@id\":\"https:\/\/cosmetic.lv\/lv\/product\/masazas-bumba-ir-erti-lietojams-masieris-kas-var-palidzet-dazadu-uzdevumu-veiksana-ezisa-bumba-ipasi-noderiga-berniem-kas-rotaliga-veida-veicina-smalkas-motorikas-attistibu-veicina-berna-fizisko-a\/#primaryimage\"},\"image\":{\"@id\":\"https:\/\/cosmetic.lv\/lv\/product\/masazas-bumba-ir-erti-lietojams-masieris-kas-var-palidzet-dazadu-uzdevumu-veiksana-ezisa-bumba-ipasi-noderiga-berniem-kas-rotaliga-veida-veicina-smalkas-motorikas-attistibu-veicina-berna-fizisko-a\/#primaryimage\"},\"thumbnailUrl\":\"https:\/\/cosmetic.lv\/wp-content\/uploads\/2023\/11\/20231117_194411.jpg\",\"datePublished\":\"2023-11-17T18:21:42+00:00\",\"dateModified\":\"2023-11-17T18:21:43+00:00\",\"breadcrumb\":{\"@id\":\"https:\/\/cosmetic.lv\/lv\/product\/masazas-bumba-ir-erti-lietojams-masieris-kas-var-palidzet-dazadu-uzdevumu-veiksana-ezisa-bumba-ipasi-noderiga-berniem-kas-rotaliga-veida-veicina-smalkas-motorikas-attistibu-veicina-berna-fizisko-a\/#breadcrumb\"},\"inLanguage\":\"lv-LV\",\"potentialAction\":[{\"@type\":\"ReadAction\",\"target\":[\"https:\/\/cosmetic.lv\/lv\/product\/masazas-bumba-ir-erti-lietojams-masieris-kas-var-palidzet-dazadu-uzdevumu-veiksana-ezisa-bumba-ipasi-noderiga-berniem-kas-rotaliga-veida-veicina-smalkas-motorikas-attistibu-veicina-berna-fizisko-a\/\"]}]},{\"@type\":\"ImageObject\",\"inLanguage\":\"lv-LV\",\"@id\":\"https:\/\/cosmetic.lv\/lv\/product\/masazas-bumba-ir-erti-lietojams-masieris-kas-var-palidzet-dazadu-uzdevumu-veiksana-ezisa-bumba-ipasi-noderiga-berniem-kas-rotaliga-veida-veicina-smalkas-motorikas-attistibu-veicina-berna-fizisko-a\/#primaryimage\",\"url\":\"https:\/\/cosmetic.lv\/wp-content\/uploads\/2023\/11\/20231117_194411.jpg\",\"contentUrl\":\"https:\/\/cosmetic.lv\/wp-content\/uploads\/2023\/11\/20231117_194411.jpg\",\"width\":360,\"height\":203},{\"@type\":\"BreadcrumbList\",\"@id\":\"https:\/\/cosmetic.lv\/lv\/product\/masazas-bumba-ir-erti-lietojams-masieris-kas-var-palidzet-dazadu-uzdevumu-veiksana-ezisa-bumba-ipasi-noderiga-berniem-kas-rotaliga-veida-veicina-smalkas-motorikas-attistibu-veicina-berna-fizisko-a\/#breadcrumb\",\"itemListElement\":[{\"@type\":\"ListItem\",\"position\":1,\"name\":\"Home\",\"item\":\"https:\/\/cosmetic.lv\/lv\/\"},{\"@type\":\"ListItem\",\"position\":2,\"name\":\"Veikals\",\"item\":\"https:\/\/cosmetic.lv\/lv\/veiklas\/\"},{\"@type\":\"ListItem\",\"position\":3,\"name\":\"Mas\u0101\u017eas bumba ir \u0113rti lietojams masieris, kas var pal\u012bdz\u0113t da\u017e\u0101du uzdevumu veik\u0161an\u0101. Ez\u012b\u0161a bumba \u012bpa\u0161i noder\u012bga b\u0113rniem, kas rota\u013c\u012bg\u0101 veid\u0101 veicina smalk\u0101s motorikas att\u012bst\u012bbu, veicina b\u0113rna fizisko aktivit\u0101ti, labv\u0113l\u012bgi ietekm\u0113 kust\u012bbu koordin\u0101ciju, veicina akt\u012bvu musku\u013cu darbu, k\u0101 rezult\u0101t\u0101 \u0101tr\u0101ku atslogo\u0161anu. fiziolo\u0123iska hipertoniskums. (diametrs 83mm zils un 58mm dzeltens)\"}]},{\"@type\":\"WebSite\",\"@id\":\"https:\/\/cosmetic.lv\/lv\/#website\",\"url\":\"https:\/\/cosmetic.lv\/lv\/\",\"name\":\"cosmetic.lv\",\"description\":\"Profesion\u0101la kosm\u0113tika - Maria Galland, Keune, Arkadija, GMT, Guam, Magiray\",\"publisher\":{\"@id\":\"https:\/\/cosmetic.lv\/lv\/#organization\"},\"potentialAction\":[{\"@type\":\"SearchAction\",\"target\":{\"@type\":\"EntryPoint\",\"urlTemplate\":\"https:\/\/cosmetic.lv\/lv\/?s={search_term_string}\"},\"query-input\":{\"@type\":\"PropertyValueSpecification\",\"valueRequired\":true,\"valueName\":\"search_term_string\"}}],\"inLanguage\":\"lv-LV\"},{\"@type\":\"Organization\",\"@id\":\"https:\/\/cosmetic.lv\/lv\/#organization\",\"name\":\"COSMETIC.LV\",\"url\":\"https:\/\/cosmetic.lv\/lv\/\",\"logo\":{\"@type\":\"ImageObject\",\"inLanguage\":\"lv-LV\",\"@id\":\"https:\/\/cosmetic.lv\/lv\/#\/schema\/logo\/image\/\",\"url\":\"https:\/\/cosmetic.lv\/wp-content\/uploads\/2021\/02\/cosmetic.lv_logo.jpg\",\"contentUrl\":\"https:\/\/cosmetic.lv\/wp-content\/uploads\/2021\/02\/cosmetic.lv_logo.jpg\",\"width\":596,\"height\":196,\"caption\":\"COSMETIC.LV\"},\"image\":{\"@id\":\"https:\/\/cosmetic.lv\/lv\/#\/schema\/logo\/image\/\"},\"sameAs\":[\"https:\/\/www.facebook.com\/cosmetic.lv\/\"]}]}<\/script>\n<meta property=\"product:price:amount\" content=\"7.90\" \/>\n<meta property=\"product:price:currency\" content=\"EUR\" \/>\n<meta property=\"og:availability\" content=\"instock\" \/>\n<meta property=\"product:availability\" content=\"instock\" \/>\n<meta property=\"product:retailer_item_id\" content=\"bum\" \/>\n<meta property=\"product:condition\" content=\"new\" \/>\n<!-- \/ Yoast SEO Premium plugin. -->","yoast_head_json":{"title":"Mas\u0101\u017eas bumba ir \u0113rti lietojams masieris, kas var pal\u012bdz\u0113t da\u017e\u0101du uzdevumu veik\u0161an\u0101. Ez\u012b\u0161a bumba \u012bpa\u0161i noder\u012bga b\u0113rniem, kas rota\u013c\u012bg\u0101 veid\u0101 veicina smalk\u0101s motorikas att\u012bst\u012bbu, veicina b\u0113rna fizisko aktivit\u0101ti, labv\u0113l\u012bgi ietekm\u0113 kust\u012bbu koordin\u0101ciju, veicina akt\u012bvu musku\u013cu darbu, k\u0101 rezult\u0101t\u0101 \u0101tr\u0101ku atslogo\u0161anu. fiziolo\u0123iska hipertoniskums.  (diametrs 83mm zils un 58mm dzeltens) - cosmetic.lv","robots":{"index":"index","follow":"follow","max-snippet":"max-snippet:-1","max-image-preview":"max-image-preview:large","max-video-preview":"max-video-preview:-1"},"canonical":"https:\/\/cosmetic.lv\/lv\/product\/masazas-bumba-ir-erti-lietojams-masieris-kas-var-palidzet-dazadu-uzdevumu-veiksana-ezisa-bumba-ipasi-noderiga-berniem-kas-rotaliga-veida-veicina-smalkas-motorikas-attistibu-veicina-berna-fizisko-a\/","og_locale":"lv_LV","og_type":"article","og_title":"Mas\u0101\u017eas bumba ir \u0113rti lietojams masieris, kas var pal\u012bdz\u0113t da\u017e\u0101du uzdevumu veik\u0161an\u0101. Ez\u012b\u0161a bumba \u012bpa\u0161i noder\u012bga b\u0113rniem, kas rota\u013c\u012bg\u0101 veid\u0101 veicina smalk\u0101s motorikas att\u012bst\u012bbu, veicina b\u0113rna fizisko aktivit\u0101ti, labv\u0113l\u012bgi ietekm\u0113 kust\u012bbu koordin\u0101ciju, veicina akt\u012bvu musku\u013cu darbu, k\u0101 rezult\u0101t\u0101 \u0101tr\u0101ku atslogo\u0161anu. fiziolo\u0123iska hipertoniskums.  (diametrs 83mm zils un 58mm dzeltens)","og_description":"Mas\u0101\u017eas bumba ir \u0113rti lietojams masieris, kas var pal\u012bdz\u0113t da\u017e\u0101du uzdevumu veik\u0161an\u0101. Ez\u012b\u0161a bumba \u012bpa\u0161i noder\u012bga b\u0113rniem, kas rota\u013c\u012bg\u0101 veid\u0101","og_url":"https:\/\/cosmetic.lv\/lv\/product\/masazas-bumba-ir-erti-lietojams-masieris-kas-var-palidzet-dazadu-uzdevumu-veiksana-ezisa-bumba-ipasi-noderiga-berniem-kas-rotaliga-veida-veicina-smalkas-motorikas-attistibu-veicina-berna-fizisko-a\/","og_site_name":"cosmetic.lv","article_publisher":"https:\/\/www.facebook.com\/cosmetic.lv\/","article_modified_time":"2023-11-17T18:21:43+00:00","og_image":[{"width":360,"height":203,"url":"https:\/\/cosmetic.lv\/wp-content\/uploads\/2023\/11\/20231117_194411.jpg","type":"image\/jpeg"}],"twitter_card":"summary_large_image","schema":{"@context":"https:\/\/schema.org","@graph":[{"@type":"WebPage","@id":"https:\/\/cosmetic.lv\/lv\/product\/masazas-bumba-ir-erti-lietojams-masieris-kas-var-palidzet-dazadu-uzdevumu-veiksana-ezisa-bumba-ipasi-noderiga-berniem-kas-rotaliga-veida-veicina-smalkas-motorikas-attistibu-veicina-berna-fizisko-a\/","url":"https:\/\/cosmetic.lv\/lv\/product\/masazas-bumba-ir-erti-lietojams-masieris-kas-var-palidzet-dazadu-uzdevumu-veiksana-ezisa-bumba-ipasi-noderiga-berniem-kas-rotaliga-veida-veicina-smalkas-motorikas-attistibu-veicina-berna-fizisko-a\/","name":"Mas\u0101\u017eas bumba ir \u0113rti lietojams masieris, kas var pal\u012bdz\u0113t da\u017e\u0101du uzdevumu veik\u0161an\u0101. Ez\u012b\u0161a bumba \u012bpa\u0161i noder\u012bga b\u0113rniem, kas rota\u013c\u012bg\u0101 veid\u0101 veicina smalk\u0101s motorikas att\u012bst\u012bbu, veicina b\u0113rna fizisko aktivit\u0101ti, labv\u0113l\u012bgi ietekm\u0113 kust\u012bbu koordin\u0101ciju, veicina akt\u012bvu musku\u013cu darbu, k\u0101 rezult\u0101t\u0101 \u0101tr\u0101ku atslogo\u0161anu. fiziolo\u0123iska hipertoniskums. (diametrs 83mm zils un 58mm dzeltens) - cosmetic.lv","isPartOf":{"@id":"https:\/\/cosmetic.lv\/lv\/#website"},"primaryImageOfPage":{"@id":"https:\/\/cosmetic.lv\/lv\/product\/masazas-bumba-ir-erti-lietojams-masieris-kas-var-palidzet-dazadu-uzdevumu-veiksana-ezisa-bumba-ipasi-noderiga-berniem-kas-rotaliga-veida-veicina-smalkas-motorikas-attistibu-veicina-berna-fizisko-a\/#primaryimage"},"image":{"@id":"https:\/\/cosmetic.lv\/lv\/product\/masazas-bumba-ir-erti-lietojams-masieris-kas-var-palidzet-dazadu-uzdevumu-veiksana-ezisa-bumba-ipasi-noderiga-berniem-kas-rotaliga-veida-veicina-smalkas-motorikas-attistibu-veicina-berna-fizisko-a\/#primaryimage"},"thumbnailUrl":"https:\/\/cosmetic.lv\/wp-content\/uploads\/2023\/11\/20231117_194411.jpg","datePublished":"2023-11-17T18:21:42+00:00","dateModified":"2023-11-17T18:21:43+00:00","breadcrumb":{"@id":"https:\/\/cosmetic.lv\/lv\/product\/masazas-bumba-ir-erti-lietojams-masieris-kas-var-palidzet-dazadu-uzdevumu-veiksana-ezisa-bumba-ipasi-noderiga-berniem-kas-rotaliga-veida-veicina-smalkas-motorikas-attistibu-veicina-berna-fizisko-a\/#breadcrumb"},"inLanguage":"lv-LV","potentialAction":[{"@type":"ReadAction","target":["https:\/\/cosmetic.lv\/lv\/product\/masazas-bumba-ir-erti-lietojams-masieris-kas-var-palidzet-dazadu-uzdevumu-veiksana-ezisa-bumba-ipasi-noderiga-berniem-kas-rotaliga-veida-veicina-smalkas-motorikas-attistibu-veicina-berna-fizisko-a\/"]}]},{"@type":"ImageObject","inLanguage":"lv-LV","@id":"https:\/\/cosmetic.lv\/lv\/product\/masazas-bumba-ir-erti-lietojams-masieris-kas-var-palidzet-dazadu-uzdevumu-veiksana-ezisa-bumba-ipasi-noderiga-berniem-kas-rotaliga-veida-veicina-smalkas-motorikas-attistibu-veicina-berna-fizisko-a\/#primaryimage","url":"https:\/\/cosmetic.lv\/wp-content\/uploads\/2023\/11\/20231117_194411.jpg","contentUrl":"https:\/\/cosmetic.lv\/wp-content\/uploads\/2023\/11\/20231117_194411.jpg","width":360,"height":203},{"@type":"BreadcrumbList","@id":"https:\/\/cosmetic.lv\/lv\/product\/masazas-bumba-ir-erti-lietojams-masieris-kas-var-palidzet-dazadu-uzdevumu-veiksana-ezisa-bumba-ipasi-noderiga-berniem-kas-rotaliga-veida-veicina-smalkas-motorikas-attistibu-veicina-berna-fizisko-a\/#breadcrumb","itemListElement":[{"@type":"ListItem","position":1,"name":"Home","item":"https:\/\/cosmetic.lv\/lv\/"},{"@type":"ListItem","position":2,"name":"Veikals","item":"https:\/\/cosmetic.lv\/lv\/veiklas\/"},{"@type":"ListItem","position":3,"name":"Mas\u0101\u017eas bumba ir \u0113rti lietojams masieris, kas var pal\u012bdz\u0113t da\u017e\u0101du uzdevumu veik\u0161an\u0101. Ez\u012b\u0161a bumba \u012bpa\u0161i noder\u012bga b\u0113rniem, kas rota\u013c\u012bg\u0101 veid\u0101 veicina smalk\u0101s motorikas att\u012bst\u012bbu, veicina b\u0113rna fizisko aktivit\u0101ti, labv\u0113l\u012bgi ietekm\u0113 kust\u012bbu koordin\u0101ciju, veicina akt\u012bvu musku\u013cu darbu, k\u0101 rezult\u0101t\u0101 \u0101tr\u0101ku atslogo\u0161anu. fiziolo\u0123iska hipertoniskums. (diametrs 83mm zils un 58mm dzeltens)"}]},{"@type":"WebSite","@id":"https:\/\/cosmetic.lv\/lv\/#website","url":"https:\/\/cosmetic.lv\/lv\/","name":"cosmetic.lv","description":"Profesion\u0101la kosm\u0113tika - Maria Galland, Keune, Arkadija, GMT, Guam, Magiray","publisher":{"@id":"https:\/\/cosmetic.lv\/lv\/#organization"},"potentialAction":[{"@type":"SearchAction","target":{"@type":"EntryPoint","urlTemplate":"https:\/\/cosmetic.lv\/lv\/?s={search_term_string}"},"query-input":{"@type":"PropertyValueSpecification","valueRequired":true,"valueName":"search_term_string"}}],"inLanguage":"lv-LV"},{"@type":"Organization","@id":"https:\/\/cosmetic.lv\/lv\/#organization","name":"COSMETIC.LV","url":"https:\/\/cosmetic.lv\/lv\/","logo":{"@type":"ImageObject","inLanguage":"lv-LV","@id":"https:\/\/cosmetic.lv\/lv\/#\/schema\/logo\/image\/","url":"https:\/\/cosmetic.lv\/wp-content\/uploads\/2021\/02\/cosmetic.lv_logo.jpg","contentUrl":"https:\/\/cosmetic.lv\/wp-content\/uploads\/2021\/02\/cosmetic.lv_logo.jpg","width":596,"height":196,"caption":"COSMETIC.LV"},"image":{"@id":"https:\/\/cosmetic.lv\/lv\/#\/schema\/logo\/image\/"},"sameAs":["https:\/\/www.facebook.com\/cosmetic.lv\/"]}]},"product_price_amount":"7.90","product_price_currency":"EUR","og_availability":"instock","product_availability":"instock","product_retailer_item_id":"bum","product_condition":"new"},"_links":{"self":[{"href":"https:\/\/cosmetic.lv\/lv\/wp-json\/wp\/v2\/product\/39362","targetHints":{"allow":["GET"]}}],"collection":[{"href":"https:\/\/cosmetic.lv\/lv\/wp-json\/wp\/v2\/product"}],"about":[{"href":"https:\/\/cosmetic.lv\/lv\/wp-json\/wp\/v2\/types\/product"}],"wp:featuredmedia":[{"embeddable":true,"href":"https:\/\/cosmetic.lv\/lv\/wp-json\/wp\/v2\/media\/39361"}],"wp:attachment":[{"href":"https:\/\/cosmetic.lv\/lv\/wp-json\/wp\/v2\/media?parent=39362"}],"wp:term":[{"taxonomy":"product_brand","embeddable":true,"href":"https:\/\/cosmetic.lv\/lv\/wp-json\/wp\/v2\/product_brand?post=39362"},{"taxonomy":"product_cat","embeddable":true,"href":"https:\/\/cosmetic.lv\/lv\/wp-json\/wp\/v2\/product_cat?post=39362"},{"taxonomy":"product_tag","embeddable":true,"href":"https:\/\/cosmetic.lv\/lv\/wp-json\/wp\/v2\/product_tag?post=39362"}],"curies":[{"name":"wp","href":"https:\/\/api.w.org\/{rel}","templated":true}]}}