{"id":39370,"date":"2023-11-17T20:47:18","date_gmt":"2023-11-17T18:48:45","guid":{"rendered":"https:\/\/cosmetic.lv\/?post_type=product&#038;p=39370"},"modified":"2023-11-17T20:48:46","modified_gmt":"2023-11-17T18:48:46","slug":"masazas-bumba-bumba-mfr-bumba-fitnesam-joga-mehaniskais-masetajs","status":"publish","type":"product","link":"https:\/\/cosmetic.lv\/lv\/product\/masazas-bumba-bumba-mfr-bumba-fitnesam-joga-mehaniskais-masetajs\/","title":{"rendered":"Mas\u0101\u017eas bumba, Bumba MFR, Bumba fitnesam, joga, Meh\u0101niskais mas\u0113t\u0101js"},"content":{"rendered":"<p>Mas\u0101\u017eas bumba ir \u0113rti lietojams masieris, kas var pal\u012bdz\u0113t da\u017e\u0101du uzdevumu veik\u0161an\u0101. MFR uzdevums ir ar aparat\u016bras pal\u012bdz\u012bbu tren\u0113t da\u017e\u0101dus musku\u013cu un fasciju sl\u0101\u0146us, uzlabot asinsriti un audu uzturu, mazin\u0101t spazmas, k\u0101 ar\u012b palielin\u0101t loc\u012btavu kust\u012bgumu un elast\u012bbu. Spazmotisko musku\u013cu un fasciju atbr\u012bvo\u0161an\u0101s notiek, ietekm\u0113jot s\u0101pju vietas, t\u0101 sauktos \u201ctr\u012bgera punktus\u201d.<\/p>\n","protected":false},"excerpt":{"rendered":"<p>Mas\u0101\u017eas bumba ir \u0113rti lietojams masieris, kas var pal\u012bdz\u0113t da\u017e\u0101du uzdevumu veik\u0161an\u0101. MFR uzdevums ir ar aparat\u016bras pal\u012bdz\u012bbu tren\u0113t da\u017e\u0101dus<\/p>\n","protected":false},"featured_media":39369,"template":"","meta":[],"product_brand":[],"product_cat":[2231,2232,2233,2234,2235,2236],"product_tag":[],"class_list":{"0":"post-39370","1":"product","2":"type-product","3":"status-publish","4":"has-post-thumbnail","6":"product_cat-atveselojosas-preces-lv","7":"product_cat-sejai-galvai-lv","8":"product_cat-kajam-lv","9":"product_cat-rokam-lv","10":"product_cat-kermenim-lv","11":"product_cat-kaklam-lv","13":"first","14":"instock","15":"taxable","16":"shipping-taxable","17":"purchasable","18":"product-type-simple"},"yoast_head":"<!-- This site is optimized with the Yoast SEO Premium plugin v27.0 (Yoast SEO v27.0) - https:\/\/yoast.com\/product\/yoast-seo-premium-wordpress\/ -->\n<title>Mas\u0101\u017eas bumba, Bumba MFR, Bumba fitnesam, joga, Meh\u0101niskais mas\u0113t\u0101js - cosmetic.lv<\/title>\n<meta name=\"robots\" content=\"index, follow, max-snippet:-1, max-image-preview:large, max-video-preview:-1\" \/>\n<link rel=\"canonical\" href=\"https:\/\/cosmetic.lv\/lv\/product\/masazas-bumba-bumba-mfr-bumba-fitnesam-joga-mehaniskais-masetajs\/\" \/>\n<meta property=\"og:locale\" content=\"lv_LV\" \/>\n<meta property=\"og:type\" content=\"article\" \/>\n<meta property=\"og:title\" content=\"Mas\u0101\u017eas bumba, Bumba MFR, Bumba fitnesam, joga, Meh\u0101niskais mas\u0113t\u0101js\" \/>\n<meta property=\"og:description\" content=\"Mas\u0101\u017eas bumba ir \u0113rti lietojams masieris, kas var pal\u012bdz\u0113t da\u017e\u0101du uzdevumu veik\u0161an\u0101. MFR uzdevums ir ar aparat\u016bras pal\u012bdz\u012bbu tren\u0113t da\u017e\u0101dus\" \/>\n<meta property=\"og:url\" content=\"https:\/\/cosmetic.lv\/lv\/product\/masazas-bumba-bumba-mfr-bumba-fitnesam-joga-mehaniskais-masetajs\/\" \/>\n<meta property=\"og:site_name\" content=\"cosmetic.lv\" \/>\n<meta property=\"article:publisher\" content=\"https:\/\/www.facebook.com\/cosmetic.lv\/\" \/>\n<meta property=\"article:modified_time\" content=\"2023-11-17T18:48:46+00:00\" \/>\n<meta property=\"og:image\" content=\"https:\/\/cosmetic.lv\/wp-content\/uploads\/2023\/11\/20231117_194425-rotated.jpg\" \/>\n\t<meta property=\"og:image:width\" content=\"2252\" \/>\n\t<meta property=\"og:image:height\" content=\"4000\" \/>\n\t<meta property=\"og:image:type\" content=\"image\/jpeg\" \/>\n<meta name=\"twitter:card\" content=\"summary_large_image\" \/>\n<script type=\"application\/ld+json\" class=\"yoast-schema-graph\">{\"@context\":\"https:\/\/schema.org\",\"@graph\":[{\"@type\":\"WebPage\",\"@id\":\"https:\/\/cosmetic.lv\/lv\/product\/masazas-bumba-bumba-mfr-bumba-fitnesam-joga-mehaniskais-masetajs\/\",\"url\":\"https:\/\/cosmetic.lv\/lv\/product\/masazas-bumba-bumba-mfr-bumba-fitnesam-joga-mehaniskais-masetajs\/\",\"name\":\"Mas\u0101\u017eas bumba, Bumba MFR, Bumba fitnesam, joga, Meh\u0101niskais mas\u0113t\u0101js - cosmetic.lv\",\"isPartOf\":{\"@id\":\"https:\/\/cosmetic.lv\/lv\/#website\"},\"primaryImageOfPage\":{\"@id\":\"https:\/\/cosmetic.lv\/lv\/product\/masazas-bumba-bumba-mfr-bumba-fitnesam-joga-mehaniskais-masetajs\/#primaryimage\"},\"image\":{\"@id\":\"https:\/\/cosmetic.lv\/lv\/product\/masazas-bumba-bumba-mfr-bumba-fitnesam-joga-mehaniskais-masetajs\/#primaryimage\"},\"thumbnailUrl\":\"https:\/\/cosmetic.lv\/wp-content\/uploads\/2023\/11\/20231117_194425-rotated-scaled.jpg\",\"datePublished\":\"2023-11-17T18:48:45+00:00\",\"dateModified\":\"2023-11-17T18:48:46+00:00\",\"breadcrumb\":{\"@id\":\"https:\/\/cosmetic.lv\/lv\/product\/masazas-bumba-bumba-mfr-bumba-fitnesam-joga-mehaniskais-masetajs\/#breadcrumb\"},\"inLanguage\":\"lv-LV\",\"potentialAction\":[{\"@type\":\"ReadAction\",\"target\":[\"https:\/\/cosmetic.lv\/lv\/product\/masazas-bumba-bumba-mfr-bumba-fitnesam-joga-mehaniskais-masetajs\/\"]}]},{\"@type\":\"ImageObject\",\"inLanguage\":\"lv-LV\",\"@id\":\"https:\/\/cosmetic.lv\/lv\/product\/masazas-bumba-bumba-mfr-bumba-fitnesam-joga-mehaniskais-masetajs\/#primaryimage\",\"url\":\"https:\/\/cosmetic.lv\/wp-content\/uploads\/2023\/11\/20231117_194425-rotated-scaled.jpg\",\"contentUrl\":\"https:\/\/cosmetic.lv\/wp-content\/uploads\/2023\/11\/20231117_194425-rotated-scaled.jpg\",\"width\":1441,\"height\":2560},{\"@type\":\"BreadcrumbList\",\"@id\":\"https:\/\/cosmetic.lv\/lv\/product\/masazas-bumba-bumba-mfr-bumba-fitnesam-joga-mehaniskais-masetajs\/#breadcrumb\",\"itemListElement\":[{\"@type\":\"ListItem\",\"position\":1,\"name\":\"Home\",\"item\":\"https:\/\/cosmetic.lv\/lv\/\"},{\"@type\":\"ListItem\",\"position\":2,\"name\":\"Veikals\",\"item\":\"https:\/\/cosmetic.lv\/lv\/veiklas\/\"},{\"@type\":\"ListItem\",\"position\":3,\"name\":\"Mas\u0101\u017eas bumba, Bumba MFR, Bumba fitnesam, joga, Meh\u0101niskais mas\u0113t\u0101js\"}]},{\"@type\":\"WebSite\",\"@id\":\"https:\/\/cosmetic.lv\/lv\/#website\",\"url\":\"https:\/\/cosmetic.lv\/lv\/\",\"name\":\"cosmetic.lv\",\"description\":\"Profesion\u0101la kosm\u0113tika - Maria Galland, Keune, Arkadija, GMT, Guam, Magiray\",\"publisher\":{\"@id\":\"https:\/\/cosmetic.lv\/lv\/#organization\"},\"potentialAction\":[{\"@type\":\"SearchAction\",\"target\":{\"@type\":\"EntryPoint\",\"urlTemplate\":\"https:\/\/cosmetic.lv\/lv\/?s={search_term_string}\"},\"query-input\":{\"@type\":\"PropertyValueSpecification\",\"valueRequired\":true,\"valueName\":\"search_term_string\"}}],\"inLanguage\":\"lv-LV\"},{\"@type\":\"Organization\",\"@id\":\"https:\/\/cosmetic.lv\/lv\/#organization\",\"name\":\"COSMETIC.LV\",\"url\":\"https:\/\/cosmetic.lv\/lv\/\",\"logo\":{\"@type\":\"ImageObject\",\"inLanguage\":\"lv-LV\",\"@id\":\"https:\/\/cosmetic.lv\/lv\/#\/schema\/logo\/image\/\",\"url\":\"https:\/\/cosmetic.lv\/wp-content\/uploads\/2021\/02\/cosmetic.lv_logo.jpg\",\"contentUrl\":\"https:\/\/cosmetic.lv\/wp-content\/uploads\/2021\/02\/cosmetic.lv_logo.jpg\",\"width\":596,\"height\":196,\"caption\":\"COSMETIC.LV\"},\"image\":{\"@id\":\"https:\/\/cosmetic.lv\/lv\/#\/schema\/logo\/image\/\"},\"sameAs\":[\"https:\/\/www.facebook.com\/cosmetic.lv\/\"]}]}<\/script>\n<meta property=\"product:price:amount\" content=\"5.90\" \/>\n<meta property=\"product:price:currency\" content=\"EUR\" \/>\n<meta property=\"og:availability\" content=\"instock\" \/>\n<meta property=\"product:availability\" content=\"instock\" \/>\n<meta property=\"product:retailer_item_id\" content=\"bumb1\" \/>\n<meta property=\"product:condition\" content=\"new\" \/>\n<!-- \/ Yoast SEO Premium plugin. -->","yoast_head_json":{"title":"Mas\u0101\u017eas bumba, Bumba MFR, Bumba fitnesam, joga, Meh\u0101niskais mas\u0113t\u0101js - cosmetic.lv","robots":{"index":"index","follow":"follow","max-snippet":"max-snippet:-1","max-image-preview":"max-image-preview:large","max-video-preview":"max-video-preview:-1"},"canonical":"https:\/\/cosmetic.lv\/lv\/product\/masazas-bumba-bumba-mfr-bumba-fitnesam-joga-mehaniskais-masetajs\/","og_locale":"lv_LV","og_type":"article","og_title":"Mas\u0101\u017eas bumba, Bumba MFR, Bumba fitnesam, joga, Meh\u0101niskais mas\u0113t\u0101js","og_description":"Mas\u0101\u017eas bumba ir \u0113rti lietojams masieris, kas var pal\u012bdz\u0113t da\u017e\u0101du uzdevumu veik\u0161an\u0101. MFR uzdevums ir ar aparat\u016bras pal\u012bdz\u012bbu tren\u0113t da\u017e\u0101dus","og_url":"https:\/\/cosmetic.lv\/lv\/product\/masazas-bumba-bumba-mfr-bumba-fitnesam-joga-mehaniskais-masetajs\/","og_site_name":"cosmetic.lv","article_publisher":"https:\/\/www.facebook.com\/cosmetic.lv\/","article_modified_time":"2023-11-17T18:48:46+00:00","og_image":[{"width":2252,"height":4000,"url":"https:\/\/cosmetic.lv\/wp-content\/uploads\/2023\/11\/20231117_194425-rotated.jpg","type":"image\/jpeg"}],"twitter_card":"summary_large_image","schema":{"@context":"https:\/\/schema.org","@graph":[{"@type":"WebPage","@id":"https:\/\/cosmetic.lv\/lv\/product\/masazas-bumba-bumba-mfr-bumba-fitnesam-joga-mehaniskais-masetajs\/","url":"https:\/\/cosmetic.lv\/lv\/product\/masazas-bumba-bumba-mfr-bumba-fitnesam-joga-mehaniskais-masetajs\/","name":"Mas\u0101\u017eas bumba, Bumba MFR, Bumba fitnesam, joga, Meh\u0101niskais mas\u0113t\u0101js - cosmetic.lv","isPartOf":{"@id":"https:\/\/cosmetic.lv\/lv\/#website"},"primaryImageOfPage":{"@id":"https:\/\/cosmetic.lv\/lv\/product\/masazas-bumba-bumba-mfr-bumba-fitnesam-joga-mehaniskais-masetajs\/#primaryimage"},"image":{"@id":"https:\/\/cosmetic.lv\/lv\/product\/masazas-bumba-bumba-mfr-bumba-fitnesam-joga-mehaniskais-masetajs\/#primaryimage"},"thumbnailUrl":"https:\/\/cosmetic.lv\/wp-content\/uploads\/2023\/11\/20231117_194425-rotated-scaled.jpg","datePublished":"2023-11-17T18:48:45+00:00","dateModified":"2023-11-17T18:48:46+00:00","breadcrumb":{"@id":"https:\/\/cosmetic.lv\/lv\/product\/masazas-bumba-bumba-mfr-bumba-fitnesam-joga-mehaniskais-masetajs\/#breadcrumb"},"inLanguage":"lv-LV","potentialAction":[{"@type":"ReadAction","target":["https:\/\/cosmetic.lv\/lv\/product\/masazas-bumba-bumba-mfr-bumba-fitnesam-joga-mehaniskais-masetajs\/"]}]},{"@type":"ImageObject","inLanguage":"lv-LV","@id":"https:\/\/cosmetic.lv\/lv\/product\/masazas-bumba-bumba-mfr-bumba-fitnesam-joga-mehaniskais-masetajs\/#primaryimage","url":"https:\/\/cosmetic.lv\/wp-content\/uploads\/2023\/11\/20231117_194425-rotated-scaled.jpg","contentUrl":"https:\/\/cosmetic.lv\/wp-content\/uploads\/2023\/11\/20231117_194425-rotated-scaled.jpg","width":1441,"height":2560},{"@type":"BreadcrumbList","@id":"https:\/\/cosmetic.lv\/lv\/product\/masazas-bumba-bumba-mfr-bumba-fitnesam-joga-mehaniskais-masetajs\/#breadcrumb","itemListElement":[{"@type":"ListItem","position":1,"name":"Home","item":"https:\/\/cosmetic.lv\/lv\/"},{"@type":"ListItem","position":2,"name":"Veikals","item":"https:\/\/cosmetic.lv\/lv\/veiklas\/"},{"@type":"ListItem","position":3,"name":"Mas\u0101\u017eas bumba, Bumba MFR, Bumba fitnesam, joga, Meh\u0101niskais mas\u0113t\u0101js"}]},{"@type":"WebSite","@id":"https:\/\/cosmetic.lv\/lv\/#website","url":"https:\/\/cosmetic.lv\/lv\/","name":"cosmetic.lv","description":"Profesion\u0101la kosm\u0113tika - Maria Galland, Keune, Arkadija, GMT, Guam, Magiray","publisher":{"@id":"https:\/\/cosmetic.lv\/lv\/#organization"},"potentialAction":[{"@type":"SearchAction","target":{"@type":"EntryPoint","urlTemplate":"https:\/\/cosmetic.lv\/lv\/?s={search_term_string}"},"query-input":{"@type":"PropertyValueSpecification","valueRequired":true,"valueName":"search_term_string"}}],"inLanguage":"lv-LV"},{"@type":"Organization","@id":"https:\/\/cosmetic.lv\/lv\/#organization","name":"COSMETIC.LV","url":"https:\/\/cosmetic.lv\/lv\/","logo":{"@type":"ImageObject","inLanguage":"lv-LV","@id":"https:\/\/cosmetic.lv\/lv\/#\/schema\/logo\/image\/","url":"https:\/\/cosmetic.lv\/wp-content\/uploads\/2021\/02\/cosmetic.lv_logo.jpg","contentUrl":"https:\/\/cosmetic.lv\/wp-content\/uploads\/2021\/02\/cosmetic.lv_logo.jpg","width":596,"height":196,"caption":"COSMETIC.LV"},"image":{"@id":"https:\/\/cosmetic.lv\/lv\/#\/schema\/logo\/image\/"},"sameAs":["https:\/\/www.facebook.com\/cosmetic.lv\/"]}]},"product_price_amount":"5.90","product_price_currency":"EUR","og_availability":"instock","product_availability":"instock","product_retailer_item_id":"bumb1","product_condition":"new"},"_links":{"self":[{"href":"https:\/\/cosmetic.lv\/lv\/wp-json\/wp\/v2\/product\/39370","targetHints":{"allow":["GET"]}}],"collection":[{"href":"https:\/\/cosmetic.lv\/lv\/wp-json\/wp\/v2\/product"}],"about":[{"href":"https:\/\/cosmetic.lv\/lv\/wp-json\/wp\/v2\/types\/product"}],"wp:featuredmedia":[{"embeddable":true,"href":"https:\/\/cosmetic.lv\/lv\/wp-json\/wp\/v2\/media\/39369"}],"wp:attachment":[{"href":"https:\/\/cosmetic.lv\/lv\/wp-json\/wp\/v2\/media?parent=39370"}],"wp:term":[{"taxonomy":"product_brand","embeddable":true,"href":"https:\/\/cosmetic.lv\/lv\/wp-json\/wp\/v2\/product_brand?post=39370"},{"taxonomy":"product_cat","embeddable":true,"href":"https:\/\/cosmetic.lv\/lv\/wp-json\/wp\/v2\/product_cat?post=39370"},{"taxonomy":"product_tag","embeddable":true,"href":"https:\/\/cosmetic.lv\/lv\/wp-json\/wp\/v2\/product_tag?post=39370"}],"curies":[{"name":"wp","href":"https:\/\/api.w.org\/{rel}","templated":true}]}}