{"id":39389,"date":"2023-11-17T23:42:19","date_gmt":"2023-11-17T21:43:38","guid":{"rendered":"https:\/\/cosmetic.lv\/?post_type=product&#038;p=39389"},"modified":"2023-11-17T23:43:39","modified_gmt":"2023-11-17T21:43:39","slug":"vakuuma-masazas-bankas-chudesnik-videjas-2-gab","status":"publish","type":"product","link":"https:\/\/cosmetic.lv\/lv\/product\/vakuuma-masazas-bankas-chudesnik-videjas-2-gab\/","title":{"rendered":"Vakuuma mas\u0101\u017eas bankas Chudesnik  &#8211; vid\u0113jas 2 gab"},"content":{"rendered":"<div id=\"tw-target-text-container\">\n<pre id=\"tw-target-text\" dir=\"ltr\">Vakuuma mas\u0101\u017eas kr\u016bzes ir efekt\u012bvs l\u012bdzeklis c\u012b\u0146\u0101 pret celul\u012btu un lieko svaru. \u013bauj \u0101tri un m\u0101j\u0101s ieg\u016bt aparat\u016bras vakuummas\u0101\u017eas efektu. \u0160\u012b mas\u0101\u017ea uzlabo asinsriti, limfas atteci, uzlabo mikrocirkul\u0101ciju, pie\u0161\u0137ir \u0101dai gludumu un elast\u012bbu.<\/pre>\n<\/div>\n<pre id=\"tw-target-rmn\" dir=\"ltr\">2 gab, 50mm<\/pre>\n","protected":false},"excerpt":{"rendered":"<p>Vakuuma mas\u0101\u017eas kr\u016bzes ir efekt\u012bvs l\u012bdzeklis c\u012b\u0146\u0101 pret celul\u012btu un lieko svaru. \u013bauj \u0101tri un m\u0101j\u0101s ieg\u016bt aparat\u016bras vakuummas\u0101\u017eas efektu.<\/p>\n","protected":false},"featured_media":39388,"template":"","meta":[],"product_brand":[],"product_cat":[2225,2231,2233,2234,2235],"product_tag":[],"class_list":{"0":"post-39389","1":"product","2":"type-product","3":"status-publish","4":"has-post-thumbnail","6":"product_cat-masazas-lidzekli-lv","7":"product_cat-atveselojosas-preces-lv","8":"product_cat-kajam-lv","9":"product_cat-rokam-lv","10":"product_cat-kermenim-lv","12":"first","13":"instock","14":"taxable","15":"shipping-taxable","16":"purchasable","17":"product-type-simple"},"yoast_head":"<!-- This site is optimized with the Yoast SEO Premium plugin v27.0 (Yoast SEO v27.0) - https:\/\/yoast.com\/product\/yoast-seo-premium-wordpress\/ -->\n<title>Vakuuma mas\u0101\u017eas bankas Chudesnik - vid\u0113jas 2 gab - cosmetic.lv<\/title>\n<meta name=\"robots\" content=\"index, follow, max-snippet:-1, max-image-preview:large, max-video-preview:-1\" \/>\n<link rel=\"canonical\" href=\"https:\/\/cosmetic.lv\/lv\/product\/vakuuma-masazas-bankas-chudesnik-videjas-2-gab\/\" \/>\n<meta property=\"og:locale\" content=\"lv_LV\" \/>\n<meta property=\"og:type\" content=\"article\" \/>\n<meta property=\"og:title\" content=\"Vakuuma mas\u0101\u017eas bankas Chudesnik - vid\u0113jas 2 gab\" \/>\n<meta property=\"og:description\" content=\"Vakuuma mas\u0101\u017eas kr\u016bzes ir efekt\u012bvs l\u012bdzeklis c\u012b\u0146\u0101 pret celul\u012btu un lieko svaru. \u013bauj \u0101tri un m\u0101j\u0101s ieg\u016bt aparat\u016bras vakuummas\u0101\u017eas efektu.\" \/>\n<meta property=\"og:url\" content=\"https:\/\/cosmetic.lv\/lv\/product\/vakuuma-masazas-bankas-chudesnik-videjas-2-gab\/\" \/>\n<meta property=\"og:site_name\" content=\"cosmetic.lv\" \/>\n<meta property=\"article:publisher\" content=\"https:\/\/www.facebook.com\/cosmetic.lv\/\" \/>\n<meta property=\"article:modified_time\" content=\"2023-11-17T21:43:39+00:00\" \/>\n<meta property=\"og:image\" content=\"https:\/\/cosmetic.lv\/wp-content\/uploads\/2023\/11\/vakum-50.jpeg\" \/>\n\t<meta property=\"og:image:width\" content=\"225\" \/>\n\t<meta property=\"og:image:height\" content=\"225\" \/>\n\t<meta property=\"og:image:type\" content=\"image\/jpeg\" \/>\n<meta name=\"twitter:card\" content=\"summary_large_image\" \/>\n<script type=\"application\/ld+json\" class=\"yoast-schema-graph\">{\"@context\":\"https:\/\/schema.org\",\"@graph\":[{\"@type\":\"WebPage\",\"@id\":\"https:\/\/cosmetic.lv\/lv\/product\/vakuuma-masazas-bankas-chudesnik-videjas-2-gab\/\",\"url\":\"https:\/\/cosmetic.lv\/lv\/product\/vakuuma-masazas-bankas-chudesnik-videjas-2-gab\/\",\"name\":\"Vakuuma mas\u0101\u017eas bankas Chudesnik - vid\u0113jas 2 gab - cosmetic.lv\",\"isPartOf\":{\"@id\":\"https:\/\/cosmetic.lv\/lv\/#website\"},\"primaryImageOfPage\":{\"@id\":\"https:\/\/cosmetic.lv\/lv\/product\/vakuuma-masazas-bankas-chudesnik-videjas-2-gab\/#primaryimage\"},\"image\":{\"@id\":\"https:\/\/cosmetic.lv\/lv\/product\/vakuuma-masazas-bankas-chudesnik-videjas-2-gab\/#primaryimage\"},\"thumbnailUrl\":\"https:\/\/cosmetic.lv\/wp-content\/uploads\/2023\/11\/vakum-50.jpeg\",\"datePublished\":\"2023-11-17T21:43:38+00:00\",\"dateModified\":\"2023-11-17T21:43:39+00:00\",\"breadcrumb\":{\"@id\":\"https:\/\/cosmetic.lv\/lv\/product\/vakuuma-masazas-bankas-chudesnik-videjas-2-gab\/#breadcrumb\"},\"inLanguage\":\"lv-LV\",\"potentialAction\":[{\"@type\":\"ReadAction\",\"target\":[\"https:\/\/cosmetic.lv\/lv\/product\/vakuuma-masazas-bankas-chudesnik-videjas-2-gab\/\"]}]},{\"@type\":\"ImageObject\",\"inLanguage\":\"lv-LV\",\"@id\":\"https:\/\/cosmetic.lv\/lv\/product\/vakuuma-masazas-bankas-chudesnik-videjas-2-gab\/#primaryimage\",\"url\":\"https:\/\/cosmetic.lv\/wp-content\/uploads\/2023\/11\/vakum-50.jpeg\",\"contentUrl\":\"https:\/\/cosmetic.lv\/wp-content\/uploads\/2023\/11\/vakum-50.jpeg\",\"width\":225,\"height\":225},{\"@type\":\"BreadcrumbList\",\"@id\":\"https:\/\/cosmetic.lv\/lv\/product\/vakuuma-masazas-bankas-chudesnik-videjas-2-gab\/#breadcrumb\",\"itemListElement\":[{\"@type\":\"ListItem\",\"position\":1,\"name\":\"Home\",\"item\":\"https:\/\/cosmetic.lv\/lv\/\"},{\"@type\":\"ListItem\",\"position\":2,\"name\":\"Veikals\",\"item\":\"https:\/\/cosmetic.lv\/lv\/veiklas\/\"},{\"@type\":\"ListItem\",\"position\":3,\"name\":\"Vakuuma mas\u0101\u017eas bankas Chudesnik &#8212; vid\u0113jas 2 gab\"}]},{\"@type\":\"WebSite\",\"@id\":\"https:\/\/cosmetic.lv\/lv\/#website\",\"url\":\"https:\/\/cosmetic.lv\/lv\/\",\"name\":\"cosmetic.lv\",\"description\":\"Profesion\u0101la kosm\u0113tika - Maria Galland, Keune, Arkadija, GMT, Guam, Magiray\",\"publisher\":{\"@id\":\"https:\/\/cosmetic.lv\/lv\/#organization\"},\"potentialAction\":[{\"@type\":\"SearchAction\",\"target\":{\"@type\":\"EntryPoint\",\"urlTemplate\":\"https:\/\/cosmetic.lv\/lv\/?s={search_term_string}\"},\"query-input\":{\"@type\":\"PropertyValueSpecification\",\"valueRequired\":true,\"valueName\":\"search_term_string\"}}],\"inLanguage\":\"lv-LV\"},{\"@type\":\"Organization\",\"@id\":\"https:\/\/cosmetic.lv\/lv\/#organization\",\"name\":\"COSMETIC.LV\",\"url\":\"https:\/\/cosmetic.lv\/lv\/\",\"logo\":{\"@type\":\"ImageObject\",\"inLanguage\":\"lv-LV\",\"@id\":\"https:\/\/cosmetic.lv\/lv\/#\/schema\/logo\/image\/\",\"url\":\"https:\/\/cosmetic.lv\/wp-content\/uploads\/2021\/02\/cosmetic.lv_logo.jpg\",\"contentUrl\":\"https:\/\/cosmetic.lv\/wp-content\/uploads\/2021\/02\/cosmetic.lv_logo.jpg\",\"width\":596,\"height\":196,\"caption\":\"COSMETIC.LV\"},\"image\":{\"@id\":\"https:\/\/cosmetic.lv\/lv\/#\/schema\/logo\/image\/\"},\"sameAs\":[\"https:\/\/www.facebook.com\/cosmetic.lv\/\"]}]}<\/script>\n<meta property=\"product:price:amount\" content=\"7.80\" \/>\n<meta property=\"product:price:currency\" content=\"EUR\" \/>\n<meta property=\"og:availability\" content=\"instock\" \/>\n<meta property=\"product:availability\" content=\"instock\" \/>\n<meta property=\"product:retailer_item_id\" content=\"vak n\" \/>\n<meta property=\"product:condition\" content=\"new\" \/>\n<!-- \/ Yoast SEO Premium plugin. -->","yoast_head_json":{"title":"Vakuuma mas\u0101\u017eas bankas Chudesnik - vid\u0113jas 2 gab - cosmetic.lv","robots":{"index":"index","follow":"follow","max-snippet":"max-snippet:-1","max-image-preview":"max-image-preview:large","max-video-preview":"max-video-preview:-1"},"canonical":"https:\/\/cosmetic.lv\/lv\/product\/vakuuma-masazas-bankas-chudesnik-videjas-2-gab\/","og_locale":"lv_LV","og_type":"article","og_title":"Vakuuma mas\u0101\u017eas bankas Chudesnik - vid\u0113jas 2 gab","og_description":"Vakuuma mas\u0101\u017eas kr\u016bzes ir efekt\u012bvs l\u012bdzeklis c\u012b\u0146\u0101 pret celul\u012btu un lieko svaru. \u013bauj \u0101tri un m\u0101j\u0101s ieg\u016bt aparat\u016bras vakuummas\u0101\u017eas efektu.","og_url":"https:\/\/cosmetic.lv\/lv\/product\/vakuuma-masazas-bankas-chudesnik-videjas-2-gab\/","og_site_name":"cosmetic.lv","article_publisher":"https:\/\/www.facebook.com\/cosmetic.lv\/","article_modified_time":"2023-11-17T21:43:39+00:00","og_image":[{"width":225,"height":225,"url":"https:\/\/cosmetic.lv\/wp-content\/uploads\/2023\/11\/vakum-50.jpeg","type":"image\/jpeg"}],"twitter_card":"summary_large_image","schema":{"@context":"https:\/\/schema.org","@graph":[{"@type":"WebPage","@id":"https:\/\/cosmetic.lv\/lv\/product\/vakuuma-masazas-bankas-chudesnik-videjas-2-gab\/","url":"https:\/\/cosmetic.lv\/lv\/product\/vakuuma-masazas-bankas-chudesnik-videjas-2-gab\/","name":"Vakuuma mas\u0101\u017eas bankas Chudesnik - vid\u0113jas 2 gab - cosmetic.lv","isPartOf":{"@id":"https:\/\/cosmetic.lv\/lv\/#website"},"primaryImageOfPage":{"@id":"https:\/\/cosmetic.lv\/lv\/product\/vakuuma-masazas-bankas-chudesnik-videjas-2-gab\/#primaryimage"},"image":{"@id":"https:\/\/cosmetic.lv\/lv\/product\/vakuuma-masazas-bankas-chudesnik-videjas-2-gab\/#primaryimage"},"thumbnailUrl":"https:\/\/cosmetic.lv\/wp-content\/uploads\/2023\/11\/vakum-50.jpeg","datePublished":"2023-11-17T21:43:38+00:00","dateModified":"2023-11-17T21:43:39+00:00","breadcrumb":{"@id":"https:\/\/cosmetic.lv\/lv\/product\/vakuuma-masazas-bankas-chudesnik-videjas-2-gab\/#breadcrumb"},"inLanguage":"lv-LV","potentialAction":[{"@type":"ReadAction","target":["https:\/\/cosmetic.lv\/lv\/product\/vakuuma-masazas-bankas-chudesnik-videjas-2-gab\/"]}]},{"@type":"ImageObject","inLanguage":"lv-LV","@id":"https:\/\/cosmetic.lv\/lv\/product\/vakuuma-masazas-bankas-chudesnik-videjas-2-gab\/#primaryimage","url":"https:\/\/cosmetic.lv\/wp-content\/uploads\/2023\/11\/vakum-50.jpeg","contentUrl":"https:\/\/cosmetic.lv\/wp-content\/uploads\/2023\/11\/vakum-50.jpeg","width":225,"height":225},{"@type":"BreadcrumbList","@id":"https:\/\/cosmetic.lv\/lv\/product\/vakuuma-masazas-bankas-chudesnik-videjas-2-gab\/#breadcrumb","itemListElement":[{"@type":"ListItem","position":1,"name":"Home","item":"https:\/\/cosmetic.lv\/lv\/"},{"@type":"ListItem","position":2,"name":"Veikals","item":"https:\/\/cosmetic.lv\/lv\/veiklas\/"},{"@type":"ListItem","position":3,"name":"Vakuuma mas\u0101\u017eas bankas Chudesnik &#8212; vid\u0113jas 2 gab"}]},{"@type":"WebSite","@id":"https:\/\/cosmetic.lv\/lv\/#website","url":"https:\/\/cosmetic.lv\/lv\/","name":"cosmetic.lv","description":"Profesion\u0101la kosm\u0113tika - Maria Galland, Keune, Arkadija, GMT, Guam, Magiray","publisher":{"@id":"https:\/\/cosmetic.lv\/lv\/#organization"},"potentialAction":[{"@type":"SearchAction","target":{"@type":"EntryPoint","urlTemplate":"https:\/\/cosmetic.lv\/lv\/?s={search_term_string}"},"query-input":{"@type":"PropertyValueSpecification","valueRequired":true,"valueName":"search_term_string"}}],"inLanguage":"lv-LV"},{"@type":"Organization","@id":"https:\/\/cosmetic.lv\/lv\/#organization","name":"COSMETIC.LV","url":"https:\/\/cosmetic.lv\/lv\/","logo":{"@type":"ImageObject","inLanguage":"lv-LV","@id":"https:\/\/cosmetic.lv\/lv\/#\/schema\/logo\/image\/","url":"https:\/\/cosmetic.lv\/wp-content\/uploads\/2021\/02\/cosmetic.lv_logo.jpg","contentUrl":"https:\/\/cosmetic.lv\/wp-content\/uploads\/2021\/02\/cosmetic.lv_logo.jpg","width":596,"height":196,"caption":"COSMETIC.LV"},"image":{"@id":"https:\/\/cosmetic.lv\/lv\/#\/schema\/logo\/image\/"},"sameAs":["https:\/\/www.facebook.com\/cosmetic.lv\/"]}]},"product_price_amount":"7.80","product_price_currency":"EUR","og_availability":"instock","product_availability":"instock","product_retailer_item_id":"vak n","product_condition":"new"},"_links":{"self":[{"href":"https:\/\/cosmetic.lv\/lv\/wp-json\/wp\/v2\/product\/39389","targetHints":{"allow":["GET"]}}],"collection":[{"href":"https:\/\/cosmetic.lv\/lv\/wp-json\/wp\/v2\/product"}],"about":[{"href":"https:\/\/cosmetic.lv\/lv\/wp-json\/wp\/v2\/types\/product"}],"wp:featuredmedia":[{"embeddable":true,"href":"https:\/\/cosmetic.lv\/lv\/wp-json\/wp\/v2\/media\/39388"}],"wp:attachment":[{"href":"https:\/\/cosmetic.lv\/lv\/wp-json\/wp\/v2\/media?parent=39389"}],"wp:term":[{"taxonomy":"product_brand","embeddable":true,"href":"https:\/\/cosmetic.lv\/lv\/wp-json\/wp\/v2\/product_brand?post=39389"},{"taxonomy":"product_cat","embeddable":true,"href":"https:\/\/cosmetic.lv\/lv\/wp-json\/wp\/v2\/product_cat?post=39389"},{"taxonomy":"product_tag","embeddable":true,"href":"https:\/\/cosmetic.lv\/lv\/wp-json\/wp\/v2\/product_tag?post=39389"}],"curies":[{"name":"wp","href":"https:\/\/api.w.org\/{rel}","templated":true}]}}