{"id":39394,"date":"2023-11-17T23:52:40","date_gmt":"2023-11-17T21:55:17","guid":{"rendered":"https:\/\/cosmetic.lv\/?post_type=product&#038;p=39394"},"modified":"2023-11-17T23:55:19","modified_gmt":"2023-11-17T21:55:19","slug":"vakuuma-masazas-kruzes-kermena-masazai-chudesnik-chudesnik-bmpn-4-kermenis-gurni-lupas-plakstini-silikons-4-gab","status":"publish","type":"product","link":"https:\/\/cosmetic.lv\/lv\/product\/vakuuma-masazas-kruzes-kermena-masazai-chudesnik-chudesnik-bmpn-4-kermenis-gurni-lupas-plakstini-silikons-4-gab\/","title":{"rendered":"Vakuuma mas\u0101\u017eas kr\u016bzes \u0137erme\u0146a mas\u0101\u017eai Chudesnik (CHUDESNIK) BMPN-4 (\u0137ermenis, gurni, l\u016bpas, plaksti\u0146i) silikons 4 gab."},"content":{"rendered":"<pre id=\"tw-target-text\" dir=\"ltr\">Apraksts Mas\u0101\u017eas kr\u016bz\u012b\u0161u komplekts BMP N-4 vakuums, silikons (komplekt\u0101 4 gab.) CHUDESNIK (Chudesnik)\r\nKausu mas\u0101\u017ea ir efekt\u012bva metode c\u012b\u0146\u0101 pret celul\u012btu un liekajiem kilogramiem, kas savelk \u0101du, padarot to gludu un elast\u012bgu. Pateicoties mas\u0101\u017eai, izmantojot ukrai\u0146u z\u012bmola Chudesnik vakuuma silikona mas\u0101\u017eas burci\u0146as BMP N-4, poras tiek sa\u0161aurin\u0101tas, sejas kr\u0101sa ir izl\u012bdzin\u0101ta, \u0101da k\u013c\u016bst maiga un samtaina, maz\u0101k paman\u0101mas smalk\u0101s krunci\u0146as, skaidr\u0101ka \u017eok\u013ca l\u012bnija un piet\u016bkums. samazin\u0101ts.<\/pre>\n","protected":false},"excerpt":{"rendered":"<p>Apraksts Mas\u0101\u017eas kr\u016bz\u012b\u0161u komplekts BMP N-4 vakuums, silikons (komplekt\u0101 4 gab.) CHUDESNIK (Chudesnik) Kausu mas\u0101\u017ea ir efekt\u012bva metode c\u012b\u0146\u0101 pret<\/p>\n","protected":false},"featured_media":39393,"template":"","meta":[],"product_brand":[],"product_cat":[2225,2231,2232,2233,2234,2235,2236],"product_tag":[],"class_list":{"0":"post-39394","1":"product","2":"type-product","3":"status-publish","4":"has-post-thumbnail","6":"product_cat-masazas-lidzekli-lv","7":"product_cat-atveselojosas-preces-lv","8":"product_cat-sejai-galvai-lv","9":"product_cat-kajam-lv","10":"product_cat-rokam-lv","11":"product_cat-kermenim-lv","12":"product_cat-kaklam-lv","14":"first","15":"instock","16":"taxable","17":"shipping-taxable","18":"purchasable","19":"product-type-simple"},"yoast_head":"<!-- This site is optimized with the Yoast SEO Premium plugin v27.0 (Yoast SEO v27.0) - https:\/\/yoast.com\/product\/yoast-seo-premium-wordpress\/ -->\n<title>Vakuuma mas\u0101\u017eas kr\u016bzes \u0137erme\u0146a mas\u0101\u017eai Chudesnik (CHUDESNIK) BMPN-4 (\u0137ermenis, gurni, l\u016bpas, plaksti\u0146i) silikons 4 gab. - cosmetic.lv<\/title>\n<meta name=\"robots\" content=\"index, follow, max-snippet:-1, max-image-preview:large, max-video-preview:-1\" \/>\n<link rel=\"canonical\" href=\"https:\/\/cosmetic.lv\/lv\/product\/vakuuma-masazas-kruzes-kermena-masazai-chudesnik-chudesnik-bmpn-4-kermenis-gurni-lupas-plakstini-silikons-4-gab\/\" \/>\n<meta property=\"og:locale\" content=\"lv_LV\" \/>\n<meta property=\"og:type\" content=\"article\" \/>\n<meta property=\"og:title\" content=\"Vakuuma mas\u0101\u017eas kr\u016bzes \u0137erme\u0146a mas\u0101\u017eai Chudesnik (CHUDESNIK) BMPN-4 (\u0137ermenis, gurni, l\u016bpas, plaksti\u0146i) silikons 4 gab.\" \/>\n<meta property=\"og:description\" content=\"Apraksts Mas\u0101\u017eas kr\u016bz\u012b\u0161u komplekts BMP N-4 vakuums, silikons (komplekt\u0101 4 gab.) CHUDESNIK (Chudesnik) Kausu mas\u0101\u017ea ir efekt\u012bva metode c\u012b\u0146\u0101 pret\" \/>\n<meta property=\"og:url\" content=\"https:\/\/cosmetic.lv\/lv\/product\/vakuuma-masazas-kruzes-kermena-masazai-chudesnik-chudesnik-bmpn-4-kermenis-gurni-lupas-plakstini-silikons-4-gab\/\" \/>\n<meta property=\"og:site_name\" content=\"cosmetic.lv\" \/>\n<meta property=\"article:publisher\" content=\"https:\/\/www.facebook.com\/cosmetic.lv\/\" \/>\n<meta property=\"article:modified_time\" content=\"2023-11-17T21:55:19+00:00\" \/>\n<meta property=\"og:image\" content=\"https:\/\/cosmetic.lv\/wp-content\/uploads\/2023\/11\/chudesnik-chudesnik.jpg\" \/>\n\t<meta property=\"og:image:width\" content=\"400\" \/>\n\t<meta property=\"og:image:height\" content=\"400\" \/>\n\t<meta property=\"og:image:type\" content=\"image\/jpeg\" \/>\n<meta name=\"twitter:card\" content=\"summary_large_image\" \/>\n<script type=\"application\/ld+json\" class=\"yoast-schema-graph\">{\"@context\":\"https:\/\/schema.org\",\"@graph\":[{\"@type\":\"WebPage\",\"@id\":\"https:\/\/cosmetic.lv\/lv\/product\/vakuuma-masazas-kruzes-kermena-masazai-chudesnik-chudesnik-bmpn-4-kermenis-gurni-lupas-plakstini-silikons-4-gab\/\",\"url\":\"https:\/\/cosmetic.lv\/lv\/product\/vakuuma-masazas-kruzes-kermena-masazai-chudesnik-chudesnik-bmpn-4-kermenis-gurni-lupas-plakstini-silikons-4-gab\/\",\"name\":\"Vakuuma mas\u0101\u017eas kr\u016bzes \u0137erme\u0146a mas\u0101\u017eai Chudesnik (CHUDESNIK) BMPN-4 (\u0137ermenis, gurni, l\u016bpas, plaksti\u0146i) silikons 4 gab. - cosmetic.lv\",\"isPartOf\":{\"@id\":\"https:\/\/cosmetic.lv\/lv\/#website\"},\"primaryImageOfPage\":{\"@id\":\"https:\/\/cosmetic.lv\/lv\/product\/vakuuma-masazas-kruzes-kermena-masazai-chudesnik-chudesnik-bmpn-4-kermenis-gurni-lupas-plakstini-silikons-4-gab\/#primaryimage\"},\"image\":{\"@id\":\"https:\/\/cosmetic.lv\/lv\/product\/vakuuma-masazas-kruzes-kermena-masazai-chudesnik-chudesnik-bmpn-4-kermenis-gurni-lupas-plakstini-silikons-4-gab\/#primaryimage\"},\"thumbnailUrl\":\"https:\/\/cosmetic.lv\/wp-content\/uploads\/2023\/11\/chudesnik-chudesnik.jpg\",\"datePublished\":\"2023-11-17T21:55:17+00:00\",\"dateModified\":\"2023-11-17T21:55:19+00:00\",\"breadcrumb\":{\"@id\":\"https:\/\/cosmetic.lv\/lv\/product\/vakuuma-masazas-kruzes-kermena-masazai-chudesnik-chudesnik-bmpn-4-kermenis-gurni-lupas-plakstini-silikons-4-gab\/#breadcrumb\"},\"inLanguage\":\"lv-LV\",\"potentialAction\":[{\"@type\":\"ReadAction\",\"target\":[\"https:\/\/cosmetic.lv\/lv\/product\/vakuuma-masazas-kruzes-kermena-masazai-chudesnik-chudesnik-bmpn-4-kermenis-gurni-lupas-plakstini-silikons-4-gab\/\"]}]},{\"@type\":\"ImageObject\",\"inLanguage\":\"lv-LV\",\"@id\":\"https:\/\/cosmetic.lv\/lv\/product\/vakuuma-masazas-kruzes-kermena-masazai-chudesnik-chudesnik-bmpn-4-kermenis-gurni-lupas-plakstini-silikons-4-gab\/#primaryimage\",\"url\":\"https:\/\/cosmetic.lv\/wp-content\/uploads\/2023\/11\/chudesnik-chudesnik.jpg\",\"contentUrl\":\"https:\/\/cosmetic.lv\/wp-content\/uploads\/2023\/11\/chudesnik-chudesnik.jpg\",\"width\":400,\"height\":400},{\"@type\":\"BreadcrumbList\",\"@id\":\"https:\/\/cosmetic.lv\/lv\/product\/vakuuma-masazas-kruzes-kermena-masazai-chudesnik-chudesnik-bmpn-4-kermenis-gurni-lupas-plakstini-silikons-4-gab\/#breadcrumb\",\"itemListElement\":[{\"@type\":\"ListItem\",\"position\":1,\"name\":\"Home\",\"item\":\"https:\/\/cosmetic.lv\/lv\/\"},{\"@type\":\"ListItem\",\"position\":2,\"name\":\"Veikals\",\"item\":\"https:\/\/cosmetic.lv\/lv\/veiklas\/\"},{\"@type\":\"ListItem\",\"position\":3,\"name\":\"Vakuuma mas\u0101\u017eas kr\u016bzes \u0137erme\u0146a mas\u0101\u017eai Chudesnik (CHUDESNIK) BMPN-4 (\u0137ermenis, gurni, l\u016bpas, plaksti\u0146i) silikons 4 gab.\"}]},{\"@type\":\"WebSite\",\"@id\":\"https:\/\/cosmetic.lv\/lv\/#website\",\"url\":\"https:\/\/cosmetic.lv\/lv\/\",\"name\":\"cosmetic.lv\",\"description\":\"Profesion\u0101la kosm\u0113tika - Maria Galland, Keune, Arkadija, GMT, Guam, Magiray\",\"publisher\":{\"@id\":\"https:\/\/cosmetic.lv\/lv\/#organization\"},\"potentialAction\":[{\"@type\":\"SearchAction\",\"target\":{\"@type\":\"EntryPoint\",\"urlTemplate\":\"https:\/\/cosmetic.lv\/lv\/?s={search_term_string}\"},\"query-input\":{\"@type\":\"PropertyValueSpecification\",\"valueRequired\":true,\"valueName\":\"search_term_string\"}}],\"inLanguage\":\"lv-LV\"},{\"@type\":\"Organization\",\"@id\":\"https:\/\/cosmetic.lv\/lv\/#organization\",\"name\":\"COSMETIC.LV\",\"url\":\"https:\/\/cosmetic.lv\/lv\/\",\"logo\":{\"@type\":\"ImageObject\",\"inLanguage\":\"lv-LV\",\"@id\":\"https:\/\/cosmetic.lv\/lv\/#\/schema\/logo\/image\/\",\"url\":\"https:\/\/cosmetic.lv\/wp-content\/uploads\/2021\/02\/cosmetic.lv_logo.jpg\",\"contentUrl\":\"https:\/\/cosmetic.lv\/wp-content\/uploads\/2021\/02\/cosmetic.lv_logo.jpg\",\"width\":596,\"height\":196,\"caption\":\"COSMETIC.LV\"},\"image\":{\"@id\":\"https:\/\/cosmetic.lv\/lv\/#\/schema\/logo\/image\/\"},\"sameAs\":[\"https:\/\/www.facebook.com\/cosmetic.lv\/\"]}]}<\/script>\n<meta property=\"product:price:amount\" content=\"10.90\" \/>\n<meta property=\"product:price:currency\" content=\"EUR\" \/>\n<meta property=\"og:availability\" content=\"instock\" \/>\n<meta property=\"product:availability\" content=\"instock\" \/>\n<meta property=\"product:retailer_item_id\" content=\"banmk4\" \/>\n<meta property=\"product:condition\" content=\"new\" \/>\n<!-- \/ Yoast SEO Premium plugin. -->","yoast_head_json":{"title":"Vakuuma mas\u0101\u017eas kr\u016bzes \u0137erme\u0146a mas\u0101\u017eai Chudesnik (CHUDESNIK) BMPN-4 (\u0137ermenis, gurni, l\u016bpas, plaksti\u0146i) silikons 4 gab. - cosmetic.lv","robots":{"index":"index","follow":"follow","max-snippet":"max-snippet:-1","max-image-preview":"max-image-preview:large","max-video-preview":"max-video-preview:-1"},"canonical":"https:\/\/cosmetic.lv\/lv\/product\/vakuuma-masazas-kruzes-kermena-masazai-chudesnik-chudesnik-bmpn-4-kermenis-gurni-lupas-plakstini-silikons-4-gab\/","og_locale":"lv_LV","og_type":"article","og_title":"Vakuuma mas\u0101\u017eas kr\u016bzes \u0137erme\u0146a mas\u0101\u017eai Chudesnik (CHUDESNIK) BMPN-4 (\u0137ermenis, gurni, l\u016bpas, plaksti\u0146i) silikons 4 gab.","og_description":"Apraksts Mas\u0101\u017eas kr\u016bz\u012b\u0161u komplekts BMP N-4 vakuums, silikons (komplekt\u0101 4 gab.) CHUDESNIK (Chudesnik) Kausu mas\u0101\u017ea ir efekt\u012bva metode c\u012b\u0146\u0101 pret","og_url":"https:\/\/cosmetic.lv\/lv\/product\/vakuuma-masazas-kruzes-kermena-masazai-chudesnik-chudesnik-bmpn-4-kermenis-gurni-lupas-plakstini-silikons-4-gab\/","og_site_name":"cosmetic.lv","article_publisher":"https:\/\/www.facebook.com\/cosmetic.lv\/","article_modified_time":"2023-11-17T21:55:19+00:00","og_image":[{"width":400,"height":400,"url":"https:\/\/cosmetic.lv\/wp-content\/uploads\/2023\/11\/chudesnik-chudesnik.jpg","type":"image\/jpeg"}],"twitter_card":"summary_large_image","schema":{"@context":"https:\/\/schema.org","@graph":[{"@type":"WebPage","@id":"https:\/\/cosmetic.lv\/lv\/product\/vakuuma-masazas-kruzes-kermena-masazai-chudesnik-chudesnik-bmpn-4-kermenis-gurni-lupas-plakstini-silikons-4-gab\/","url":"https:\/\/cosmetic.lv\/lv\/product\/vakuuma-masazas-kruzes-kermena-masazai-chudesnik-chudesnik-bmpn-4-kermenis-gurni-lupas-plakstini-silikons-4-gab\/","name":"Vakuuma mas\u0101\u017eas kr\u016bzes \u0137erme\u0146a mas\u0101\u017eai Chudesnik (CHUDESNIK) BMPN-4 (\u0137ermenis, gurni, l\u016bpas, plaksti\u0146i) silikons 4 gab. - cosmetic.lv","isPartOf":{"@id":"https:\/\/cosmetic.lv\/lv\/#website"},"primaryImageOfPage":{"@id":"https:\/\/cosmetic.lv\/lv\/product\/vakuuma-masazas-kruzes-kermena-masazai-chudesnik-chudesnik-bmpn-4-kermenis-gurni-lupas-plakstini-silikons-4-gab\/#primaryimage"},"image":{"@id":"https:\/\/cosmetic.lv\/lv\/product\/vakuuma-masazas-kruzes-kermena-masazai-chudesnik-chudesnik-bmpn-4-kermenis-gurni-lupas-plakstini-silikons-4-gab\/#primaryimage"},"thumbnailUrl":"https:\/\/cosmetic.lv\/wp-content\/uploads\/2023\/11\/chudesnik-chudesnik.jpg","datePublished":"2023-11-17T21:55:17+00:00","dateModified":"2023-11-17T21:55:19+00:00","breadcrumb":{"@id":"https:\/\/cosmetic.lv\/lv\/product\/vakuuma-masazas-kruzes-kermena-masazai-chudesnik-chudesnik-bmpn-4-kermenis-gurni-lupas-plakstini-silikons-4-gab\/#breadcrumb"},"inLanguage":"lv-LV","potentialAction":[{"@type":"ReadAction","target":["https:\/\/cosmetic.lv\/lv\/product\/vakuuma-masazas-kruzes-kermena-masazai-chudesnik-chudesnik-bmpn-4-kermenis-gurni-lupas-plakstini-silikons-4-gab\/"]}]},{"@type":"ImageObject","inLanguage":"lv-LV","@id":"https:\/\/cosmetic.lv\/lv\/product\/vakuuma-masazas-kruzes-kermena-masazai-chudesnik-chudesnik-bmpn-4-kermenis-gurni-lupas-plakstini-silikons-4-gab\/#primaryimage","url":"https:\/\/cosmetic.lv\/wp-content\/uploads\/2023\/11\/chudesnik-chudesnik.jpg","contentUrl":"https:\/\/cosmetic.lv\/wp-content\/uploads\/2023\/11\/chudesnik-chudesnik.jpg","width":400,"height":400},{"@type":"BreadcrumbList","@id":"https:\/\/cosmetic.lv\/lv\/product\/vakuuma-masazas-kruzes-kermena-masazai-chudesnik-chudesnik-bmpn-4-kermenis-gurni-lupas-plakstini-silikons-4-gab\/#breadcrumb","itemListElement":[{"@type":"ListItem","position":1,"name":"Home","item":"https:\/\/cosmetic.lv\/lv\/"},{"@type":"ListItem","position":2,"name":"Veikals","item":"https:\/\/cosmetic.lv\/lv\/veiklas\/"},{"@type":"ListItem","position":3,"name":"Vakuuma mas\u0101\u017eas kr\u016bzes \u0137erme\u0146a mas\u0101\u017eai Chudesnik (CHUDESNIK) BMPN-4 (\u0137ermenis, gurni, l\u016bpas, plaksti\u0146i) silikons 4 gab."}]},{"@type":"WebSite","@id":"https:\/\/cosmetic.lv\/lv\/#website","url":"https:\/\/cosmetic.lv\/lv\/","name":"cosmetic.lv","description":"Profesion\u0101la kosm\u0113tika - Maria Galland, Keune, Arkadija, GMT, Guam, Magiray","publisher":{"@id":"https:\/\/cosmetic.lv\/lv\/#organization"},"potentialAction":[{"@type":"SearchAction","target":{"@type":"EntryPoint","urlTemplate":"https:\/\/cosmetic.lv\/lv\/?s={search_term_string}"},"query-input":{"@type":"PropertyValueSpecification","valueRequired":true,"valueName":"search_term_string"}}],"inLanguage":"lv-LV"},{"@type":"Organization","@id":"https:\/\/cosmetic.lv\/lv\/#organization","name":"COSMETIC.LV","url":"https:\/\/cosmetic.lv\/lv\/","logo":{"@type":"ImageObject","inLanguage":"lv-LV","@id":"https:\/\/cosmetic.lv\/lv\/#\/schema\/logo\/image\/","url":"https:\/\/cosmetic.lv\/wp-content\/uploads\/2021\/02\/cosmetic.lv_logo.jpg","contentUrl":"https:\/\/cosmetic.lv\/wp-content\/uploads\/2021\/02\/cosmetic.lv_logo.jpg","width":596,"height":196,"caption":"COSMETIC.LV"},"image":{"@id":"https:\/\/cosmetic.lv\/lv\/#\/schema\/logo\/image\/"},"sameAs":["https:\/\/www.facebook.com\/cosmetic.lv\/"]}]},"product_price_amount":"10.90","product_price_currency":"EUR","og_availability":"instock","product_availability":"instock","product_retailer_item_id":"banmk4","product_condition":"new"},"_links":{"self":[{"href":"https:\/\/cosmetic.lv\/lv\/wp-json\/wp\/v2\/product\/39394","targetHints":{"allow":["GET"]}}],"collection":[{"href":"https:\/\/cosmetic.lv\/lv\/wp-json\/wp\/v2\/product"}],"about":[{"href":"https:\/\/cosmetic.lv\/lv\/wp-json\/wp\/v2\/types\/product"}],"wp:featuredmedia":[{"embeddable":true,"href":"https:\/\/cosmetic.lv\/lv\/wp-json\/wp\/v2\/media\/39393"}],"wp:attachment":[{"href":"https:\/\/cosmetic.lv\/lv\/wp-json\/wp\/v2\/media?parent=39394"}],"wp:term":[{"taxonomy":"product_brand","embeddable":true,"href":"https:\/\/cosmetic.lv\/lv\/wp-json\/wp\/v2\/product_brand?post=39394"},{"taxonomy":"product_cat","embeddable":true,"href":"https:\/\/cosmetic.lv\/lv\/wp-json\/wp\/v2\/product_cat?post=39394"},{"taxonomy":"product_tag","embeddable":true,"href":"https:\/\/cosmetic.lv\/lv\/wp-json\/wp\/v2\/product_tag?post=39394"}],"curies":[{"name":"wp","href":"https:\/\/api.w.org\/{rel}","templated":true}]}}